{"id":9142,"date":"2022-06-20T00:13:42","date_gmt":"2022-06-19T16:13:42","guid":{"rendered":"https:\/\/mairsturnstile.com\/product\/schwenkbare-schranke-drehkreuztor-mt341"},"modified":"2024-05-27T20:35:27","modified_gmt":"2024-05-27T12:35:27","slug":"drehschranke-drehkreuz","status":"publish","type":"product","link":"https:\/\/mairsturnstile.com\/de\/produkt\/drehschranke-drehkreuz","title":{"rendered":"SCHWENKBARE SCHRANKE DREHKREUZTOR MT341"},"content":{"rendered":"<h2>Das Drehkreuztor f\u00fcr Drehsperren mit Drehsperre MT341 bietet 2 Jahre Garantie und dauerhafte Wartungs- und Reparaturunterst\u00fctzung.<\/h2>\n<p>Wir k\u00f6nnen OEM- und ODM-Dienstleistungen erbringen. Wir haben erfahrene Designer, die eine tiefgreifende Anpassung an Ihre Bed\u00fcrfnisse vornehmen k\u00f6nnen. Wir werden so bald wie m\u00f6glich eine Reihe von Materialien wie 3D-Renderings, Ma\u00dfzeichnungen usw. zur Verf\u00fcgung stellen. Wir bieten auch biometrische Ger\u00e4te wie IC\/ID-Kartenleser, Fingerabdruckscanner, QR-Code-Scanner, Gesichtserkennungskameras und so weiter. Wenn Sie diese Ger\u00e4te in das Drehkreuz in voller H\u00f6he integrieren m\u00fcssen oder Fragen haben, <a href=\"https:\/\/mairsturnstile.com\/contact\">kontaktieren Sie uns<\/a> bitte<\/p>\n<p><strong>Das Drehkreuz mit Drehsperre ist eines der am h\u00e4ufigsten verwendeten Drehkreuztore f\u00fcr die Fu\u00dfg\u00e4ngerzugangskontrolle, bei dem es sich um ein verbessertes Produkt eines intelligenten Dreibein-Drehkreuztors handelt. Es handelt sich um ein Hightech-Produkt, das haupts\u00e4chlich f\u00fcr die intelligente Verwaltung der <a class=\"rank-math-link\" href=\"https:\/\/en.wikipedia.org\/wiki\/Access_control\" target=\"_blank\" rel=\"noopener noreferrer\">Zugangskontrolle<\/a> von Personen eingesetzt wird.<\/strong> Die Durchgangsspur wird durch die Logik der Sensoren gesteuert. Erst wenn das Drehkreuz der optischen Drehsperre das \u00d6ffnungssignal bekommt, ist der Durchgang frei. Wenn nicht, l\u00f6st der Sensor den Alarm aus.<\/p>\n<p>Ein Schwenkbarriere-Drehkreuz kann das Auffahren effektiv verhindern. Wenn jemand mit einer g\u00fcltigen Karte zugreift, alarmiert der Alarm die Sicherheitsleute. Ein Schwenkbarriere-Drehkreuz ist eine perfekte Option, wenn Sie m\u00f6chten, dass Ihr Raum einen offenen Blick hat. Es kann den Eingabeprozess beschleunigen. Sie k\u00f6nnen in beide Richtungen ausgef\u00fchrt werden.<\/p>\n<p>Der \u00fcblicherweise von den optischen Drehkreuzen verwendete Sensor ist ein gegen\u00fcberliegender photoelektrischer Sensor, der den menschlichen K\u00f6rper genauer erfassen kann. Ein Drehkreuztor mit Drehsperre ist mit mehreren Gruppen von Strahlungssensoren ausgestattet, um die Ein- und Ausgangserkennung von Personen zu realisieren. Es handelt sich haupts\u00e4chlich um die Toreinfahrt, den Sektor der Fl\u00fcgelstange und die Torausfahrt. F\u00fcr eine genaue Erfassung installieren einige optische Drehkreuztore Sensoren in unterschiedlichen H\u00f6hen jedes Teils.<\/p>\n<p>Dieses <strong>optische Drehkreuz<\/strong> ist ein schlankes Schwenktor mit Drehkreuz. Das Standardrelais und die RS485-Schnittstelle machen es mit allen Zugangskontrollsystemen kompatibel, wie z. B. dem RFID-Kartensystem, <a href=\"https:\/\/en.wikipedia.org\/wiki\/Facial_recognition\" target=\"_blank\" rel=\"noopener\">der Gesichtserkennung<\/a>, dem Temperaturpr\u00fcfsystem, dem m\u00fcnzbetriebenen System, dem Strichcodesystem und der ESD-Tester-Zugangskontrolle. Das <a href=\"https:\/\/mairsturnstile.com\/category\/swing-turnstile-gate\">Schwenktor mit Drehkreuz<\/a> ist eine kompakte und kosteng\u00fcnstige Eingangsl\u00f6sung.<\/p>\n<p>Alle Modelle von Schwenksperren-Drehkreuzen und Speed Gates k\u00f6nnen an Ihre tats\u00e4chlichen Anforderungen angepasst werden. Einige Modelle von Drehkreuztoren und <a href=\"https:\/\/mairsturnstile.com\/product\/sliding-turnstile\">Schiebetordrehkreuzen<\/a> k\u00f6nnen auch eine Durchgangsbreite von 900 mm haben. <span style=\"font-style: inherit; font-weight: inherit;\">Zugangskontrolle<\/span> Fu\u00dfg\u00e4ngersicherheit Drehkreuztore Optische Drehkreuze aus Glas Speed Gate.<\/p>\n<p>Wir k\u00f6nnen auch innerhalb weniger Minuten ein Rendering f\u00fcr Sie erstellen, das auf Ihrem aktuellen Szenario basiert. Wir liefern auch detaillierte Layouts und Zeichnungen sowie Installationszeichnungen.<\/p>\n<ul>\n<li>Unterbrechen Sie im Notfall die Stromversorgung, das Drehkreuz Slim Swing Barrier \u00f6ffnet sich automatisch, um einen freien Durchgang zu erm\u00f6glichen, der den Brandschutzanforderungen entspricht. Aber es muss ein Akku dabei sein. Da beim Export die Batterie empfindlich ist, k\u00f6nnen wir den Kondensator ersetzen<\/li>\n<li>Zuverl\u00e4ssigkeit des Mechanismus: 3 Millionen-5 Millionen, kein Fehler<\/li>\n<li>Der Anti-Hit-Mechanismus wird automatisch zur\u00fcckgesetzt, wenn ein Krafteinschlag auftritt<\/li>\n<li>LED-Licht an den Armen ist optional<\/li>\n<li>LED-Sideboard<\/li>\n<li>Arbeitsrichtung: Bidirektional\/Einseitig gerichtet<\/li>\n<li>Notsituation: automatisch \u00f6ffnen, wenn der Strom mit einem Kondensator unterbrochen wird<\/li>\n<li>Luftfeuchtigkeit: \u226490\uff05<\/li>\n<li>Gewicht: 70 kg\/Stk<\/li>\n<li>Arbeitstemperatur: -20\u2103\uff5e60\u2103<\/li>\n<li>Kommunikationsreichweite: \u22641200 m<\/li>\n<li>Kommunikationsschnittstelle: RS485<\/li>\n<li>Feature: IC\/ID-Leser, Barcode-Leser, Gesichtserkennung, Fingerabdruck, andere Zugangskontrollger\u00e4te, USV usw<\/li>\n<li>Die zum \u00d6ffnen ben\u00f6tigte Zeit: 0,2 s<\/li>\n<li>Anwendungsbereich: Gemeinde, Fabrik, B\u00fcrogeb\u00e4ude, Schule, Erholungsort usw<\/li>\n<li>Arbeitsumgebung: Innen<\/li>\n<li>Optische Drehkreuze eignen sich f\u00fcr Luxus- und High-End-Eingangsl\u00f6sungen.<\/li>\n<li>Geh\u00e4usematerial: Edelstahl 304 und schwarzes Acryl<\/li>\n<li>Das gesamte System l\u00e4uft reibungslos, ger\u00e4uscharm und mit hoher Geschwindigkeit.<\/li>\n<li>Alarmfunktion, wenn es ein illegales Eindringen und ein umgekehrtes Eindringen gibt, alarmiert das Tor und die T\u00fcr wird verriegelt.<\/li>\n<li>Es gibt insgesamt 5 Paar Infrarotsensoren. Der mittlere Sensor soll verhindern, dass Fu\u00dfg\u00e4nger eingeklemmt werden.<\/li>\n<li>Anti-Tailing-Funktion, eine Person kann gleichzeitig passieren. Wenn jemand den Vorderleuten hinterherl\u00e4uft, schl\u00e4gt das Tor Alarm<\/li>\n<li>LED-Anzeige. Rotes Kreuz und gr\u00fcner Pfeil. Es gibt auch LED-Anzeigen am vorderen Pfosten. Das LED-Licht kann den Armen hinzugef\u00fcgt werden.<\/li>\n<li>Der bidirektionale Zugriff reduziert den Bedarf an weiteren Gates. Es ist rollstuhlgerecht, Einkaufskinderwagen erh\u00f6ht die \u00dcberholeffizienz.<\/li>\n<li>Automatische Reset-Funktion. Wenn die Personen nicht innerhalb der voreingestellten Zeit (Standardzeit ist 5 Sekunden) vorbeigekommen sind, wird das System die Berechtigung des Benutzers aufheben und automatisch schlie\u00dfen<\/li>\n<li>Anti-Bump, Anti-Clamp, Die optischen Drehkreuze sind mit einem b\u00fcrstenlosen Motor ausgestattet. Wenn w\u00e4hrend des Betriebs jemand auf den Arm schl\u00e4gt, wird das Tor automatisch zur\u00fcckgesetzt. Diese Funktion verhindert effektiv, dass Fu\u00dfg\u00e4nger, insbesondere Kinder, ansto\u00dfen, kollidieren, schlagen usw.<\/li>\n<\/ul>\n<p>Wir k\u00f6nnen die gesamte L\u00f6sung f\u00fcr die Sicherheitskontrolle anbieten. Wenn Sie ein eigenes Zugangskontrollsystem haben, k\u00f6nnen Sie unser Drehkreuz direkt verwenden. Falls Sie noch keine haben, bieten wir auch eine komplette L\u00f6sung f\u00fcr die Zugangskontrolle an. Einzelheiten entnehmen Sie bitte dem unten stehenden Video.<\/p>\n<p><iframe title=\"YouTube-Videoplayer\" src=\"https:\/\/www.youtube.com\/embed\/n6MbKy14gAk?si=8Hpjc7eZoEyfKi1F\" width=\"1150\" height=\"650\" frameborder=\"0\" allowfullscreen=\"allowfullscreen\"><span data-mce-type=\"bookmark\" style=\"display: inline-block; width: 0px; overflow: hidden; line-height: 0;\" class=\"mce_SELRES_start\"><\/span><\/iframe><\/p>\n","protected":false},"excerpt":{"rendered":"<p>1. Gr\u00f6\u00dfe: 1310 * 200 * 1000 mm (kann angepasst werden)<\/p>\n<p>2. Spurbreite: 600 mm (Standard) 900 mm (behindert)<\/p>\n<p>3. Armmaterial: 10 mm Acryl<\/p>\n<p>4. Durchgangsgeschwindigkeit: 35 Personen\/min<\/p>\n<p>5. Stromversorgung: 110 V\/220 V 50\/60 Hz<\/p>\n<p>6. Mechanismus: DC Brushless-Motormechanismus<\/p>\n<p>7. Antriebsmotor: 24 V<\/p>\n<p>8. Tor-offen-Signal: Potenzialfreier Kontakt\/Relais<\/p>\n<p>9. Mit 5 Paar Sensoren<\/p>\n<p><strong><a title=\"Mairs CE-zertifiziertes Drehkreuztor mit Drehkreuz\" href=\"http:\/\/mairsturnstile.com\/wp-content\/uploads\/2022\/09\/Mairs-CE-Certificate-Swing-Turnstile-Gate.pdf\" target=\"_blank\" rel=\"noopener noreferrer\">CE-zertifiziert,<\/a> <a title=\"Mairs ISO9001-Zertifikat\" href=\"http:\/\/mairsturnstile.com\/wp-content\/uploads\/2022\/09\/Mairs-Registration-Certificate-ISO9001.pdf\" target=\"_blank\" rel=\"noopener noreferrer\">ISO9001-zertifiziert.<\/a><\/strong><\/p>\n<p><a title=\"Drehkreuz-Brosch\u00fcre f\u00fcr Drehsperren\" href=\"http:\/\/mairsturnstile.com\/wp-content\/uploads\/2023\/12\/MT341-brochure.pdf\" target=\"_blank\" rel=\"noopener noreferrer\"><img decoding=\"async\" class=\"alignnone size-full wp-image-11034\" src=\"http:\/\/mairsturnstile.com\/wp-content\/uploads\/2022\/09\/pdf-MairsTurnstile.png\" alt=\"\" width=\"32\" height=\"32\"><span style=\"color: #0000ff;\"><strong>MT341 Schwenkbarrieren-Drehkreuz-Brosch\u00fcre<\/strong><\/span><\/a><\/p>\n","protected":false},"featured_media":59413,"comment_status":"closed","ping_status":"closed","template":"","meta":{"neve_meta_sidebar":"","neve_meta_container":"","neve_meta_enable_content_width":"off","neve_meta_content_width":0,"neve_meta_title_alignment":"","neve_meta_author_avatar":"","neve_post_elements_order":"","neve_meta_disable_header":"","neve_meta_disable_footer":"","neve_meta_disable_title":"","_ti_tpc_template_sync":false,"_ti_tpc_template_id":""},"product_cat":[427,429],"product_tag":[444,443,1517,459],"class_list":["post-9142","product","type-product","status-publish","has-post-thumbnail","hentry","product_cat-schwenkbares-drehkreuztor","product_cat-sicherheits-drehkreuze","product_tag-optische-drehkreuze","product_tag-optisches-drehkreuz","product_tag-optisches-drehkreuztor","product_tag-schwenkdrehkreuz"],"_links":{"self":[{"href":"https:\/\/mairsturnstile.com\/de\/wp-json\/wp\/v2\/product\/9142","targetHints":{"allow":["GET"]}}],"collection":[{"href":"https:\/\/mairsturnstile.com\/de\/wp-json\/wp\/v2\/product"}],"about":[{"href":"https:\/\/mairsturnstile.com\/de\/wp-json\/wp\/v2\/types\/product"}],"replies":[{"embeddable":true,"href":"https:\/\/mairsturnstile.com\/de\/wp-json\/wp\/v2\/comments?post=9142"}],"version-history":[{"count":0,"href":"https:\/\/mairsturnstile.com\/de\/wp-json\/wp\/v2\/product\/9142\/revisions"}],"wp:featuredmedia":[{"embeddable":true,"href":"https:\/\/mairsturnstile.com\/de\/wp-json\/wp\/v2\/media\/59413"}],"wp:attachment":[{"href":"https:\/\/mairsturnstile.com\/de\/wp-json\/wp\/v2\/media?parent=9142"}],"wp:term":[{"taxonomy":"product_cat","embeddable":true,"href":"https:\/\/mairsturnstile.com\/de\/wp-json\/wp\/v2\/product_cat?post=9142"},{"taxonomy":"product_tag","embeddable":true,"href":"https:\/\/mairsturnstile.com\/de\/wp-json\/wp\/v2\/product_tag?post=9142"}],"curies":[{"name":"wp","href":"https:\/\/api.w.org\/{rel}","templated":true}]}}