{"id":9145,"date":"2022-06-19T23:32:14","date_gmt":"2022-06-19T15:32:14","guid":{"rendered":"https:\/\/mairsturnstile.com\/product\/volle-hoehe-schiebetor-drehkreuz-mt224-p"},"modified":"2024-10-31T16:54:33","modified_gmt":"2024-10-31T08:54:33","slug":"drehkreuzlieferant-in-den-vae","status":"publish","type":"product","link":"https:\/\/mairsturnstile.com\/de\/produkt\/drehkreuzlieferant-in-den-vae","title":{"rendered":"VOLLE H\u00d6HE DREHKREUZ-SCHIEBET\u00dcR MT224-P"},"content":{"rendered":"        <!-- 3D Model html -->\r\n        <div class=\"bp_grand wrapper_58588\">   \r\n        <div class=\"bp_model_parent\">\r\n            <model-viewer class=\"model\" id=\"bp_model_id_58588\" src=\"http:\/\/mairsturnstile.com\/wp-content\/uploads\/2024\/10\/MT224p.glb\" alt=\"MT224p\" camera-controls  loading=\"auto\" auto-rotate                        >\r\n            <\/model-viewer>\r\n        \r\n            <!-- Button -->\r\n            <svg id=\"openBtn\" width=\"30px\" height=\"30px\" viewBox=\"0 0 16 16\" xmlns=\"http:\/\/www.w3.org\/2000\/svg\" fill=\"#f2f2f2\" class=\"bi bi-arrows-fullscreen model-icon\">\r\n                <path fill-rule=\"evenodd\" d=\"M5.828 10.172a.5.5 0 0 0-.707 0l-4.096 4.096V11.5a.5.5 0 0 0-1 0v3.975a.5.5 0 0 0 .5.5H4.5a.5.5 0 0 0 0-1H1.732l4.096-4.096a.5.5 0 0 0 0-.707zm4.344 0a.5.5 0 0 1 .707 0l4.096 4.096V11.5a.5.5 0 1 1 1 0v3.975a.5.5 0 0 1-.5.5H11.5a.5.5 0 0 1 0-1h2.768l-4.096-4.096a.5.5 0 0 1 0-.707zm0-4.344a.5.5 0 0 0 .707 0l4.096-4.096V4.5a.5.5 0 1 0 1 0V.525a.5.5 0 0 0-.5-.5H11.5a.5.5 0 0 0 0 1h2.768l-4.096 4.096a.5.5 0 0 0 0 .707zm-4.344 0a.5.5 0 0 1-.707 0L1.025 1.732V4.5a.5.5 0 0 1-1 0V.525a.5.5 0 0 1 .5-.5H4.5a.5.5 0 0 1 0 1H1.732l4.096 4.096a.5.5 0 0 1 0 .707z\"\/>\r\n            <\/svg>\r\n        \r\n            <svg id=\"closeBtn\" class=\"model-icon\" width=\"34px\" height=\"34px\" viewBox=\"0 0 24 24\" xmlns=\"http:\/\/www.w3.org\/2000\/svg\">\r\n                <path fill=\"none\" stroke=\"#f2f2f2\" stroke-width=\"2\" d=\"M7,7 L17,17 M7,17 L17,7\"\/>\r\n            <\/svg>\r\n        \r\n        <\/div>\r\n        <\/div> \r\n\r\n        <!-- Model Viewer Style -->\r\n        <style>\r\n            \r\n            .wrapper_58588 .bp_model_parent, #bp_model_id_58588 {\r\n                width: 1150px;\r\n                max-width: 100%;\r\n                                            }\r\n            #bp_model_id_58588 {\r\n                height:700px;\r\n                background-color: #f9f9f9;\r\n            }\r\n            .fullscreen #bp_model_id_58588{\r\n            height: 100%;\r\n            width: 100%;\r\n            }\r\n            .wrapper_58588 .bp_model_parent{\r\n                justify-content: start            }\r\n            model-viewer.model {\r\n                --poster-color: transparent;\r\n            }\r\n        <\/style>\r\n        \r\n        \n<h4>VOLLE H\u00d6HE SCHIEBET\u00dcR-DREHKREUZ MT224-P hat eine 2-Jahres-Garantie und dauerhafte Wartungs- und Reparaturunterst\u00fctzung.<\/h4>\n<p>.Professioneller Lieferant von Drehkreuztoren in den Vereinigten Arabischen Emiraten Hersteller von Drehkreuztoren &#8211; MairsTurnstile exportiert das qualitativ hochwertigste Sicherheits-Drehkreuztor nach Dubai, Vereinigte Arabische Emirate Wenn Sie nach einem Sicherheits-Drehkreuztor f\u00fcr Ihr Projekt suchen, wenn Sie einen professionellen und zuverl\u00e4ssigen Lieferanten von Drehkreuztoren in den Vereinigten Arabischen Emiraten suchen, wenden Sie sich bitte an MairsTurnstile. Wir \u00fcbernehmen die volle Verantwortung f\u00fcr die Sicherheits-Drehkreuztore, die Sie von unserer Fabrik nach Dubai ben\u00f6tigen. Gleichzeitig bieten wir den VAE wettbewerbsf\u00e4hige Preise und den besten Service.<\/p>\n<p>Wir k\u00f6nnen OEM- und ODM-Dienstleistungen erbringen. Wir bieten auch biometrische Ger\u00e4te wie IC\/ID-Kartenleser, Fingerabdruckscanner, QR-Code-Scanner, Gesichtserkennungskameras und so weiter.<\/p>\n<p>Wir bieten auch andere Arten von Drehkreuzen an. Zum Beispiel haben wir <a href=\"https:\/\/mairsturnstile.com\/product\/outdoor-turnstile\">Au\u00dfendrehkreuze<\/a> und <a href=\"https:\/\/mairsturnstile.com\/category\/full-height-turnstiles\">Drehkreuze in voller H\u00f6he<\/a>, die speziell f\u00fcr raue Au\u00dfenumgebungen hergestellt wurden. Die Materialien dieser Drehkreuztore k\u00f6nnen auch nach Ihren W\u00fcnschen angepasst werden. Wir haben Kunden, die speziell Drehkreuztore aus 316-Material in voller H\u00f6he herstellen, um sich an spezielle Umgebungen anzupassen. Als professioneller Anbieter von Drehkreuztoren in den Vereinigten Arabischen Emiraten sind wir f\u00fcr die Bereitstellung hochwertiger Drehkreuze und Dienstleistungen zur Zufriedenheit unserer Kunden verantwortlich.<\/p>\n<h4>SCHIEBETOR-DREHKREUZ MIT VOLLER H\u00d6HE MIT RFID-<span style=\"font-style: inherit; font-weight: inherit;\">Zugangskontrollsystem<\/span> f\u00fcr Vergn\u00fcgungsparks.<\/h4>\n<p>VOLLE H\u00d6HE SCHIEBET\u00dcR-DREHKREUZ MT224-P bietet eine zuverl\u00e4ssige und effiziente Methode, um sicherzustellen, dass nur autorisierten Benutzern Zugang zu jedem Bereich eines Geb\u00e4udes gew\u00e4hrt wird. Ein Fahrtrichtungsanzeiger zeigte an, dass Fu\u00dfg\u00e4nger Zugang zum aktuellen Status haben, und f\u00fchrte Fu\u00dfg\u00e4nger durch korrekte und reibungslose Passage. Das <a href=\"https:\/\/mairsturnstile.com\/what-is-flap-barrier.html\">Klappenschrankentor<\/a> eines Lieferanten von Drehkreuztoren in den Vereinigten Arabischen Emiraten ist hochintegriert f\u00fcr jedes Zutrittskontrollsystem, wie z. B. Gesichtserkennung mit Temperaturpr\u00fcfger\u00e4ten, Fingerabdr\u00fccken, <a href=\"https:\/\/en.wikipedia.org\/wiki\/QR_code\" target=\"_blank\" rel=\"noopener\">QR-Code<\/a>-Leseger\u00e4ten, RFID-Systemen usw.<\/p>\n<p>Wir k\u00f6nnen auch innerhalb weniger Minuten ein Rendering f\u00fcr Sie erstellen, das auf Ihrem aktuellen Szenario basiert. Wir liefern auch detaillierte Layouts und Zeichnungen sowie Installationszeichnungen.<\/p>\n\n        \t\n\t<style type=\"text\/css\">\n\t\t.slider-info-58587.bafg-slider-info .bafg-slider-title {\n\t\t\t\t\t\tfont-size: 22px;\n\t\t\t\t\t\t\n\t\t\t\n\t\t\t\t\t}\n\n\t\t.slider-info-58587.bafg-slider-info .bafg-slider-description {\n\t\t\t\n\t\t\t\n\t\t\t\t\t}\n\n\t\t.slider-info-58587.bafg-slider-info .bafg_slider_readmore_button {\n\t\t\t\n\t\t\t\n\t\t\t\n\t\t\t\n\t\t\t\n\t\t\ttext-align: center;\n\n\t\t\t\n\t\t\t\n\t\t\t\n\t\t\t\n\t\t\t\n\t\t\t\n\t\t\t\t\t}\n\n\t\t.slider-info-58587.bafg-slider-info .bafg_slider_readmore_button:hover {\n\n\t\t\t\n\t\t\t\n\t\t\t\t\t}\n\n\t<\/style>\n\t\n        <div class=\"bafg-twentytwenty-container slider-58587 \" bafg-orientation=\"horizontal\" bafg-default-offset=\"0.5\" bafg-before-label=\"Before\" bafg-after-label=\"After\" bafg-overlay=\"yes\" bafg-move-slider-on-hover=\"yes\" bafg-click-to-move=\"no\">\n              \n            <img decoding=\"async\" class=\"skip-lazy\" src=\"http:\/\/mairsturnstile.com\/wp-content\/uploads\/2024\/10\/sliding-turnstile-7.jpg\" alt=\"sliding turnstile\" data-skip-lazy title=\"\">\n            <img decoding=\"async\" class=\"skip-lazy\" src=\"http:\/\/mairsturnstile.com\/wp-content\/uploads\/2022\/06\/turnstile-gate-supplier-in-uae-5.jpg\" alt=\"turnstile gate supplier in uae\" data-skip-lazy title=\"\">\n           \n        <\/div>\n\n        \t<div class=\"bafg-slider-info-wraper\">\n\t\t<div style=\"\" class=\"slider-info-58587 bafg-slider-info\">\n\t\t\t\t\t<\/div>\n\t<\/div>\n\t\n        <style type=\"text\/css\">\n            \n        <\/style>\n        \n<ul>\n<li>Das Drehkreuz mit Klappensperre ist so konstruiert, dass es Personen kontrolliert, die den eingeschr\u00e4nkten Bereich betreten oder verlassen. Es wird normalerweise an Orten mit hohem Fu\u00dfg\u00e4ngerverkehr in beide Richtungen verwendet.<\/li>\n<li>Geh\u00e4usematerial: Edelstahl 304 und schwarzes Acryl<\/li>\n<li>Zuverl\u00e4ssigkeit des Mechanismus: 3 Millionen-5 Millionen, kein Fehler<\/li>\n<li>Bahnbreite: 900 mm kann angepasst werden<\/li>\n<li>Gewicht: 70 kg\/Stk<\/li>\n<li>Arbeitsrichtung: Bidirektional\/Einseitig gerichtet<\/li>\n<li>Professioneller Lieferant von Drehkreuztoren in den Vereinigten Arabischen Emiraten<\/li>\n<li>Notfall: \u00d6ffnet sich automatisch, wenn der Strom ausf\u00e4llt, mit einem Kondensator<\/li>\n<li>Lieferant f\u00fcr Drehkreuze in den Vereinigten Arabischen Emiraten Luftfeuchtigkeit: \u226490%<\/li>\n<li>Armmaterial: 10 mm Acryl (Option geh\u00e4rtetes Glas)<\/li>\n<li>Mit 6 Sensorpaaren<\/li>\n<li>Arbeitstemperatur: -20\u2103\uff5e60\u2103<\/li>\n<li>Kommunikationsreichweite: \u22641200 m<\/li>\n<li>Kommunikationsschnittstelle: RS485<\/li>\n<li>Feature: IC\/ID-Leser, Barcode-Leser, Gesichtserkennung, Fingerabdruck, andere Zugangskontrollger\u00e4te, USV usw<\/li>\n<li>Die zum \u00d6ffnen ben\u00f6tigte Zeit: 0,2 s<\/li>\n<li>Arbeitsumgebung: Innen<\/li>\n<li>Anwendungsbereich: Gemeinde, B\u00fcrogeb\u00e4ude, Schule, Erholungsort, Regierungsgeb\u00e4ude usw<\/li>\n<li>Zuverl\u00e4ssiger Lieferant von Drehkreuztoren in den Vereinigten Arabischen Emiraten<\/li>\n<li>Dieses Schiebetor-Drehkreuzgeh\u00e4use mit Klappenbarriere besteht aus geb\u00fcrstetem Edelstahl 304, der ein nahtloses und sch\u00f6nes Eingangssystem schafft, das sich in die meisten Innenr\u00e4ume einf\u00fcgt.<\/li>\n<li>Es kann in alle Zutrittskontrollsysteme von Drittanbietern integriert werden (z. B.: RFID-Zutrittssystem, Push the Button, Fingerabdruck- und Gesichtserkennung mit Temperaturpr\u00fcfung).<\/li>\n<li>Im Notfall \u00f6ffnet sich der FlapTurnstile-Arm automatisch und verbindet sich mit der Batterie oder dem Kondensator, um freien Durchgang zu erm\u00f6glichen.<\/li>\n<li>Optische Klappensperren-Drehkreuze eignen sich f\u00fcr luxuri\u00f6se und elegante Eingangsl\u00f6sungen.<\/li>\n<li>Das Klappendrehkreuz zeichnet sich durch hohe Geschwindigkeit, lange Lebensdauer, hohe Leistung und hohe Betriebssicherheit aus<\/li>\n<li>Alarmfunktion f\u00fcr den Fall eines illegalen Eindringens und eines umgekehrten Eindringens.<\/li>\n<li>Der Infrarotsensor l\u00f6st einen Alarm aus und das LED-Licht blinkt, um zu verhindern, dass Fu\u00dfg\u00e4nger eingeklemmt werden.<\/li>\n<li>Automatische Reset-Funktion: Klappenarme schlie\u00dfen automatisch innerhalb von 5 Sekunden (einstellbar), wenn ein Passagier zu sp\u00e4t kommt<\/li>\n<li>Das Klappendrehkreuz bleibt im Schloss, wenn jemand hereinst\u00fcrmen m\u00f6chte, ohne die RFID-Karte zu ziehen.<\/li>\n<li>Die LED-Richtungsanzeige am oberen und vorderen Pfosten.<\/li>\n<li>Bester Lieferant von Drehkreuztoren in den Vereinigten Arabischen Emiraten<\/li>\n<li>R\u00fcckfahrsperre, das Drehkreuz alarmiert, wenn jemand in umgekehrter Richtung eintreten m\u00f6chte.<\/li>\n<li>Bi-Richtungs- oder Einzelrichtungslauf sind Optionen<\/li>\n<\/ul>\n<p>Wir k\u00f6nnen die gesamte L\u00f6sung f\u00fcr die Sicherheitskontrolle anbieten. Wenn Sie ein eigenes Zugangskontrollsystem haben, k\u00f6nnen Sie unser Drehkreuz direkt verwenden. Falls Sie noch keine haben, bieten wir auch eine komplette L\u00f6sung f\u00fcr die Zugangskontrolle an. Einzelheiten entnehmen Sie bitte dem unten stehenden Video.<\/p>\n<p><iframe title=\"Schiebe-Drehkreuz, Schiebe-Drehkreuz, Super-Must-Drehkreuz in voller H\u00f6he \u2013 MairsTurnstile\" src=\"https:\/\/www.youtube.com\/embed\/NWiaz1Su7BI\" width=\"1150\" height=\"650\" frameborder=\"0\" allowfullscreen=\"allowfullscreen\"><\/iframe><\/p>\n","protected":false},"excerpt":{"rendered":"<p>1. Gr\u00f6\u00dfe: 1000 * 300 * 1000 mm (kann angepasst werden)<\/p>\n<p>2. Spurbreite: 550 mm (Standard) Kundenspezifisch 900 mm (behindert)<\/p>\n<p>3. Durchgangsgeschwindigkeit: 35 Personen\/min<\/p>\n<p>4. Stromversorgung: 110 V\/220 V 50\/60 Hz<\/p>\n<p>5. Antriebsmotor: 90W<\/p>\n<p>6. Eingang: 12-V-Trockenkontaktrelais<\/p>\n<p>7. Antriebsmotor: DC24V<\/p>\n<p>8. Mechanismus: DC-B\u00fcrstenmotormechanismus<\/p>\n<p>9. Armh\u00f6he vom Boden: Standard 1500 mm (max. 1800 mm)<\/p>\n<p><span style=\"color: #0000ff;\"><strong><a style=\"color: #0000ff;\" title=\"Mairs CE-zertifiziertes Drehkreuz mit Klappsperre\" href=\"http:\/\/mairsturnstile.com\/wp-content\/uploads\/2022\/09\/Mairs-CE-Certificate-Flap-Barrier-Turnstile.pdf\" target=\"_blank\" rel=\"noopener noreferrer\">CE-zertifiziert,<\/a> <a style=\"color: #0000ff;\" title=\"Mairs ISO9001-Zertifikat\" href=\"http:\/\/mairsturnstile.com\/wp-content\/uploads\/2022\/09\/Mairs-Registration-Certificate-ISO9001.pdf\" target=\"_blank\" rel=\"noopener noreferrer\">ISO9001-zertifiziert.<\/a><\/strong><\/span><\/p>\n","protected":false},"featured_media":58507,"comment_status":"closed","ping_status":"closed","template":"","meta":{"neve_meta_sidebar":"","neve_meta_container":"","neve_meta_enable_content_width":"off","neve_meta_content_width":0,"neve_meta_title_alignment":"","neve_meta_author_avatar":"","neve_post_elements_order":"","neve_meta_disable_header":"","neve_meta_disable_footer":"","neve_meta_disable_title":"","_ti_tpc_template_sync":false,"_ti_tpc_template_id":""},"product_cat":[1740,429],"product_tag":[1527,1466,1505,1526,1525,1524,1501],"class_list":["post-9145","product","type-product","status-publish","has-post-thumbnail","hentry","product_cat-schiebe-drehkreuz","product_cat-sicherheits-drehkreuze","product_tag-drehkreuz-tor-vae","product_tag-drehkreuz-schrankenanlage","product_tag-drehkreuze-im-fitnessstudio","product_tag-drehkreuztore-dubai","product_tag-lieferant-von-drehkreuzen-in-den-vae","product_tag-lieferant-von-drehkreuztoren-in-den-vereinigten-arabischen-emiraten","product_tag-schiebedrehkreuz-in-voller-hohe"],"_links":{"self":[{"href":"https:\/\/mairsturnstile.com\/de\/wp-json\/wp\/v2\/product\/9145","targetHints":{"allow":["GET"]}}],"collection":[{"href":"https:\/\/mairsturnstile.com\/de\/wp-json\/wp\/v2\/product"}],"about":[{"href":"https:\/\/mairsturnstile.com\/de\/wp-json\/wp\/v2\/types\/product"}],"replies":[{"embeddable":true,"href":"https:\/\/mairsturnstile.com\/de\/wp-json\/wp\/v2\/comments?post=9145"}],"version-history":[{"count":0,"href":"https:\/\/mairsturnstile.com\/de\/wp-json\/wp\/v2\/product\/9145\/revisions"}],"wp:featuredmedia":[{"embeddable":true,"href":"https:\/\/mairsturnstile.com\/de\/wp-json\/wp\/v2\/media\/58507"}],"wp:attachment":[{"href":"https:\/\/mairsturnstile.com\/de\/wp-json\/wp\/v2\/media?parent=9145"}],"wp:term":[{"taxonomy":"product_cat","embeddable":true,"href":"https:\/\/mairsturnstile.com\/de\/wp-json\/wp\/v2\/product_cat?post=9145"},{"taxonomy":"product_tag","embeddable":true,"href":"https:\/\/mairsturnstile.com\/de\/wp-json\/wp\/v2\/product_tag?post=9145"}],"curies":[{"name":"wp","href":"https:\/\/api.w.org\/{rel}","templated":true}]}}