{"id":9146,"date":"2022-06-19T23:13:57","date_gmt":"2022-06-19T15:13:57","guid":{"rendered":"https:\/\/mairsturnstile.com\/product\/neues-klappen-sperrklappe-drehkreuz-mt216"},"modified":"2024-05-27T20:36:55","modified_gmt":"2024-05-27T12:36:55","slug":"drehkreuz-tore-saudi-arabien","status":"publish","type":"product","link":"https:\/\/mairsturnstile.com\/de\/produkt\/drehkreuz-tore-saudi-arabien","title":{"rendered":"NEUES KLAPPE-BARRIERE-KLAPPE-DREHkreuz MT237"},"content":{"rendered":"        <!-- 3D Model html -->\r\n        <div class=\"bp_grand wrapper_37727\">   \r\n        <div class=\"bp_model_parent\">\r\n            <model-viewer class=\"model\" id=\"bp_model_id_37727\" src=\"http:\/\/mairsturnstile.com\/wp-content\/uploads\/2023\/11\/MT237.glb\" alt=\"MT237\" camera-controls  loading=\"auto\" auto-rotate                        >\r\n            <\/model-viewer>\r\n        \r\n            <!-- Button -->\r\n            <svg id=\"openBtn\" width=\"30px\" height=\"30px\" viewBox=\"0 0 16 16\" xmlns=\"http:\/\/www.w3.org\/2000\/svg\" fill=\"#f2f2f2\" class=\"bi bi-arrows-fullscreen model-icon\">\r\n                <path fill-rule=\"evenodd\" d=\"M5.828 10.172a.5.5 0 0 0-.707 0l-4.096 4.096V11.5a.5.5 0 0 0-1 0v3.975a.5.5 0 0 0 .5.5H4.5a.5.5 0 0 0 0-1H1.732l4.096-4.096a.5.5 0 0 0 0-.707zm4.344 0a.5.5 0 0 1 .707 0l4.096 4.096V11.5a.5.5 0 1 1 1 0v3.975a.5.5 0 0 1-.5.5H11.5a.5.5 0 0 1 0-1h2.768l-4.096-4.096a.5.5 0 0 1 0-.707zm0-4.344a.5.5 0 0 0 .707 0l4.096-4.096V4.5a.5.5 0 1 0 1 0V.525a.5.5 0 0 0-.5-.5H11.5a.5.5 0 0 0 0 1h2.768l-4.096 4.096a.5.5 0 0 0 0 .707zm-4.344 0a.5.5 0 0 1-.707 0L1.025 1.732V4.5a.5.5 0 0 1-1 0V.525a.5.5 0 0 1 .5-.5H4.5a.5.5 0 0 1 0 1H1.732l4.096 4.096a.5.5 0 0 1 0 .707z\"\/>\r\n            <\/svg>\r\n        \r\n            <svg id=\"closeBtn\" class=\"model-icon\" width=\"34px\" height=\"34px\" viewBox=\"0 0 24 24\" xmlns=\"http:\/\/www.w3.org\/2000\/svg\">\r\n                <path fill=\"none\" stroke=\"#f2f2f2\" stroke-width=\"2\" d=\"M7,7 L17,17 M7,17 L17,7\"\/>\r\n            <\/svg>\r\n        \r\n        <\/div>\r\n        <\/div> \r\n\r\n        <!-- Model Viewer Style -->\r\n        <style>\r\n            \r\n            .wrapper_37727 .bp_model_parent, #bp_model_id_37727 {\r\n                width: 1150px;\r\n                max-width: 100%;\r\n                                            }\r\n            #bp_model_id_37727 {\r\n                height:700px;\r\n                background-color: #f9f9f9;\r\n            }\r\n            .fullscreen #bp_model_id_37727{\r\n            height: 100%;\r\n            width: 100%;\r\n            }\r\n            .wrapper_37727 .bp_model_parent{\r\n                justify-content: start            }\r\n            model-viewer.model {\r\n                --poster-color: transparent;\r\n            }\r\n        <\/style>\r\n        \r\n        \n<h4>TURNSTILE GATES SAUDI ARABIA FLAP TURNSTILE MT216 bietet 2 Jahre Garantie und dauerhafte Wartungs- und Reparaturunterst\u00fctzung.<\/h4>\n<p>Professioneller Lieferant von Drehkreuztoren in Saudi-Arabien Hersteller von Drehkreuztoren &#8211; MairsTurnstile exportiert die qualitativ hochwertigsten Sicherheits-Drehkreuztore nach Saudi-Arabien. Wenn Sie nach einem Sicherheits-Drehkreuztor in Saudi-Arabien f\u00fcr Ihr Projekt suchen, wenn Sie nach einem professionellen und zuverl\u00e4ssigen Lieferanten von Drehkreuz-Toren in Saudi-Arabien suchen, wenden Sie sich bitte an MairsTurnstile. Wir \u00fcbernehmen die volle Verantwortung f\u00fcr die von Ihnen ben\u00f6tigten Sicherheits-Drehkreuztore aus unserer Fabrik nach Riad, Dammam, Jeddah, Mekka und Medina, Saudi-Arabien, gleichzeitig bieten wir Drehkreuztore Saudi-Arabien mit wettbewerbsf\u00e4higen Preisen und dem besten Service.<\/p>\n<p>Wir k\u00f6nnen OEM- und ODM-Dienstleistungen erbringen. Wir haben erfahrene Designer, die eine tiefgreifende Anpassung an Ihre Bed\u00fcrfnisse vornehmen k\u00f6nnen. Wir werden so bald wie m\u00f6glich eine Reihe von Materialien wie 3D-Renderings, Ma\u00dfzeichnungen usw. zur Verf\u00fcgung stellen. Wir bieten auch biometrische Ger\u00e4te wie IC\/ID-Kartenleser, Fingerabdruckscanner, QR-Code-Scanner, Gesichtserkennungskameras und so weiter.<\/p>\n<h4 style=\"font-weight: 400;\"><span style=\"font-style: inherit; font-weight: inherit;\">Klappensperrklappen-Drehkreuztore Saudi-Arabien Zugangskontrollsystem f\u00fcr Vergn\u00fcgungspark. Wenn Sie andere Arten von Drehkreuzen w\u00fcnschen, k\u00f6nnen Sie auch unsere Produktseite f\u00fcr Sicherheitsdrehkreuze besuchen. Wir haben Drehkreuze f\u00fcr <a href=\"https:\/\/mairsturnstile.com\/product\/outdoor-turnstile\" target=\"_blank\" rel=\"noopener\">den Au\u00dfenbereich<\/a> und <a href=\"https:\/\/mairsturnstile.com\/full-height-turnstiles.html\" target=\"_blank\" rel=\"noopener\">Drehkreuze in voller H\u00f6he<\/a>, die speziell f\u00fcr raue Au\u00dfenumgebungen hergestellt wurden. Sie k\u00f6nnen die Drehkreuztore, die Ihren Anforderungen entsprechen, an Ihre spezifischen Bed\u00fcrfnisse anpassen. Wir haben Kunden, die speziell Drehkreuztore aus 316-Material in voller H\u00f6he herstellen, um sich an spezielle Umgebungen anzupassen. Als professioneller Anbieter von Drehkreuztoren in Saudi-Arabien sind wir f\u00fcr die Bereitstellung hochwertiger Drehkreuze und Dienstleistungen zur Zufriedenheit unserer Kunden verantwortlich.<\/span><\/h4>\n<p>Das Drehkreuztor MT244 mit Klappe bietet eine zuverl\u00e4ssige und effiziente Methode, um sicherzustellen, dass nur autorisierte Benutzer Zugang zu jedem Bereich eines Geb\u00e4udes erhalten. Ein Richtungsanzeiger zeigte den Fu\u00dfg\u00e4ngerzugang auf den aktuellen Status an und f\u00fchrte den Fu\u00dfg\u00e4nger korrekt und reibungslos durch. Das <a href=\"https:\/\/mairsturnstile.com\/what-is-flap-barrier.html\" target=\"_blank\" rel=\"noopener\">Klappenschrankentor<\/a> ist hochintegriert f\u00fcr jedes Zutrittskontrollsystem, wie z. B. Gesichtserkennung mit Temperaturpr\u00fcfger\u00e4ten, Fingerabdr\u00fccken, <a href=\"https:\/\/en.wikipedia.org\/wiki\/QR_code\" target=\"_blank\" rel=\"noopener\">QR-Code<\/a>-Leseger\u00e4ten, RFID-Systemen usw.<\/p>\n<p>Wir k\u00f6nnen auch innerhalb weniger Minuten ein Rendering f\u00fcr Sie erstellen, das auf Ihrem aktuellen Szenario basiert. Wir liefern auch detaillierte Layouts und Zeichnungen sowie Installationszeichnungen.<\/p>\n\n        \t\n\t<style type=\"text\/css\">\n\t\t.slider-info-37737.bafg-slider-info .bafg-slider-title {\n\t\t\t\t\t\tfont-size: 22px;\n\t\t\t\t\t\t\n\t\t\t\n\t\t\t\t\t}\n\n\t\t.slider-info-37737.bafg-slider-info .bafg-slider-description {\n\t\t\t\n\t\t\t\n\t\t\t\t\t}\n\n\t\t.slider-info-37737.bafg-slider-info .bafg_slider_readmore_button {\n\t\t\t\n\t\t\t\n\t\t\t\n\t\t\t\n\t\t\t\n\t\t\ttext-align: center;\n\n\t\t\t\n\t\t\t\n\t\t\t\n\t\t\t\n\t\t\t\n\t\t\t\n\t\t\t\t\t}\n\n\t\t.slider-info-37737.bafg-slider-info .bafg_slider_readmore_button:hover {\n\n\t\t\t\n\t\t\t\n\t\t\t\t\t}\n\n\t<\/style>\n\t\n        <div class=\"bafg-twentytwenty-container slider-37737 \" bafg-orientation=\"horizontal\" bafg-default-offset=\"0.5\" bafg-before-label=\"Before\" bafg-after-label=\"After\" bafg-overlay=\"yes\" bafg-move-slider-on-hover=\"yes\" bafg-click-to-move=\"no\">\n              \n            <img decoding=\"async\" class=\"skip-lazy\" src=\"http:\/\/mairsturnstile.com\/wp-content\/uploads\/2022\/06\/turnstile-gates-saudi-arabia-11.jpg\" alt=\"turnstile gates saudi arabia\" data-skip-lazy title=\"\">\n            <img decoding=\"async\" class=\"skip-lazy\" src=\"http:\/\/mairsturnstile.com\/wp-content\/uploads\/2022\/06\/turnstile-gates-saudi-arabia-12.jpg\" alt=\"turnstile gates saudi arabia\" data-skip-lazy title=\"\">\n           \n        <\/div>\n\n        \t<div class=\"bafg-slider-info-wraper\">\n\t\t<div style=\"\" class=\"slider-info-37737 bafg-slider-info\">\n\t\t\t\t\t<\/div>\n\t<\/div>\n\t\n        <style type=\"text\/css\">\n            \n        <\/style>\n        \n<ul>\n<li>Klappensperrtor-Drehkreuze werden konstruiert, um Personen zu kontrollieren, die den Sperrbereich betreten oder verlassen. Es wird normalerweise an Orten mit hohem Fu\u00dfg\u00e4ngerverkehr in beide Richtungen verwendet.<\/li>\n<li>Das Geh\u00e4use der Klappenbarriere besteht aus geb\u00fcrstetem Edelstahl 304, wodurch ein nahtloses und sch\u00f6nes Eingangssystem entsteht, das sich in die meisten Innenr\u00e4ume einf\u00fcgt.<\/li>\n<li>Es kann in alle Zutrittskontrollsysteme von Drittanbietern integriert werden (z. B.: RFID-Zutrittssystem, Push the Button, Fingerabdruck- und Gesichtserkennung mit Temperaturpr\u00fcfung).<\/li>\n<li>Im Notfall \u00f6ffnet sich der FlapTurnstile-Arm automatisch und verbindet sich mit der Batterie oder dem Kondensator, um freien Durchgang zu erm\u00f6glichen.<\/li>\n<li>Optische Klappendrehkreuze eignen sich f\u00fcr luxuri\u00f6se und elegante Eingangsl\u00f6sungen.<\/li>\n<li>Das Klappendrehkreuz zeichnet sich durch hohe Geschwindigkeit, lange Lebensdauer, hohe Leistung und hohe Betriebssicherheit aus<\/li>\n<li> Alarmfunktion bei illegalem Eindringen und umgekehrtem Eindringen.<\/li>\n<li>Beste Drehkreuztore Saudi-Arabien.<\/li>\n<li>Der Infrarotsensor l\u00f6st einen Alarm aus und das LED-Licht blinkt, um zu verhindern, dass Fu\u00dfg\u00e4nger eingeklemmt werden.<\/li>\n<li>Automatische Reset-Funktion: Klappenarme schlie\u00dfen automatisch innerhalb von 5 Sekunden (einstellbar), wenn der Passagier zu sp\u00e4t kommt<\/li>\n<li>Das Klappendrehkreuz bleibt im Schloss, wenn jemand hereinst\u00fcrmen m\u00f6chte, ohne die RFID-Karte zu ziehen.<\/li>\n<li>LED-Richtungsanzeiger am oberen und vorderen Pfosten<\/li>\n<li>R\u00fcckfahrsperre, das Drehkreuz alarmiert, wenn jemand in umgekehrter Richtung eintreten m\u00f6chte.<\/li>\n<li>Bi-Richtungs- oder Einzelrichtungslauf sind Optionen<\/li>\n<li>Feature: IC\/ID-Leser, Barcode-Leser, Gesichtserkennung, Fingerabdruck, andere Zugangskontrollger\u00e4te, USV usw<\/li>\n<li>Arbeitsrichtung: Bidirektional\/Einseitig gerichtet<\/li>\n<li>Notsituation: automatisch \u00f6ffnen, wenn der Strom mit einem Kondensator unterbrochen wird<\/li>\n<li>Luftfeuchtigkeit: \u226490\uff05<\/li>\n<li>Stabiler Mechanismus in voller H\u00f6he<\/li>\n<li>LED-Leuchten an den Armen sind verf\u00fcgbar<\/li>\n<li>Arbeitstemperatur: -20\u2103\uff5e60\u2103<\/li>\n<li>Kommunikationsreichweite: \u22641200 m<\/li>\n<li>Kommunikationsschnittstelle: RS485<\/li>\n<li>Qualit\u00e4ts-Drehkreuztore Saudi-Arabien<\/li>\n<li>Die zum \u00d6ffnen ben\u00f6tigte Zeit: 0,2 s<\/li>\n<li>Arbeitsumgebung: Innen<\/li>\n<li>Anwendungsbereich: Gemeinde, Fabrik, Baustelle, Schule, Erholungsort usw<\/li>\n<\/ul>\n<p>Wir k\u00f6nnen die gesamte L\u00f6sung f\u00fcr die Sicherheitskontrolle anbieten. Wenn Sie ein eigenes Zugangskontrollsystem haben, k\u00f6nnen Sie unser Drehkreuz direkt verwenden. Falls Sie noch keine haben, bieten wir auch eine komplette L\u00f6sung f\u00fcr die Zugangskontrolle an. Einzelheiten entnehmen Sie bitte dem unten stehenden Video.<\/p>\n<p><iframe title=\"YouTube-Videoplayer\" src=\"https:\/\/www.youtube.com\/embed\/7qleZzh1P8U?si=fWTiJ9fE10uW_7Oz\" width=\"1150\" height=\"650\" frameborder=\"0\" allowfullscreen=\"allowfullscreen\"><span data-mce-type=\"bookmark\" style=\"display: inline-block; width: 0px; overflow: hidden; line-height: 0;\" class=\"mce_SELRES_start\"><\/span><\/iframe><\/p>\n","protected":false},"excerpt":{"rendered":"<p>1. Gr\u00f6\u00dfe: 1000 * 300 * 980 mm (kann angepasst werden)<\/p>\n<p>2. Bahnbreite: 550 mm (kann angepasst werden)<\/p>\n<p>3. Durchgangsgeschwindigkeit: 30 Personen\/min<\/p>\n<p>4. Stromversorgung: 110 V\/220 V 50\/60 Hz<\/p>\n<p>5. DC-B\u00fcrstenantriebsmotor<\/p>\n<p>6. Antriebsmotor: DC24V<\/p>\n<p>7. Tor-offen-Signal: Potentialfreier Kontakt\/Relais<\/p>\n<p>8. Mit 6 Paar Sensoren<\/p>\n<p>9. Material: 1,2 mm Edelstahl 304 und Eisen mit Pulverbeschichtung<\/p>\n<p><span style=\"color: #0000ff;\"><strong><a style=\"color: #0000ff;\" title=\"Mairs CE-zertifiziertes Drehkreuz mit Klappsperre\" href=\"http:\/\/mairsturnstile.com\/wp-content\/uploads\/2022\/09\/Mairs-CE-Certificate-Flap-Barrier-Turnstile.pdf\" target=\"_blank\" rel=\"noopener noreferrer\">CE-zertifiziert,<\/a> <a style=\"color: #0000ff;\" title=\"Mairs ISO9001-Zertifikat\" href=\"http:\/\/mairsturnstile.com\/wp-content\/uploads\/2022\/09\/Mairs-Registration-Certificate-ISO9001.pdf\" target=\"_blank\" rel=\"noopener noreferrer\">ISO9001-zertifiziert.<\/a><\/strong><\/span><\/p>\n","protected":false},"featured_media":37648,"comment_status":"closed","ping_status":"closed","template":"","meta":{"neve_meta_sidebar":"","neve_meta_container":"","neve_meta_enable_content_width":"off","neve_meta_content_width":0,"neve_meta_title_alignment":"","neve_meta_author_avatar":"","neve_post_elements_order":"","neve_meta_disable_header":"","neve_meta_disable_footer":"","neve_meta_disable_title":"","_ti_tpc_template_sync":false,"_ti_tpc_template_id":""},"product_cat":[434,429],"product_tag":[1372,1466,1505,1528,1503,1529,1530],"class_list":["post-9146","product","type-product","status-publish","has-post-thumbnail","hentry","product_cat-klappe-barriere","product_cat-sicherheits-drehkreuze","product_tag-ausgangsdrehkreuz","product_tag-drehkreuz-schrankenanlage","product_tag-drehkreuze-im-fitnessstudio","product_tag-drehkreuztore-saudi-arabien","product_tag-klappschranken-drehkreuz","product_tag-lieferant-von-drehkreuzen-in-saudi-arabien","product_tag-lieferant-von-drehkreuztoren-in-saudi-arabien"],"_links":{"self":[{"href":"https:\/\/mairsturnstile.com\/de\/wp-json\/wp\/v2\/product\/9146","targetHints":{"allow":["GET"]}}],"collection":[{"href":"https:\/\/mairsturnstile.com\/de\/wp-json\/wp\/v2\/product"}],"about":[{"href":"https:\/\/mairsturnstile.com\/de\/wp-json\/wp\/v2\/types\/product"}],"replies":[{"embeddable":true,"href":"https:\/\/mairsturnstile.com\/de\/wp-json\/wp\/v2\/comments?post=9146"}],"version-history":[{"count":0,"href":"https:\/\/mairsturnstile.com\/de\/wp-json\/wp\/v2\/product\/9146\/revisions"}],"wp:featuredmedia":[{"embeddable":true,"href":"https:\/\/mairsturnstile.com\/de\/wp-json\/wp\/v2\/media\/37648"}],"wp:attachment":[{"href":"https:\/\/mairsturnstile.com\/de\/wp-json\/wp\/v2\/media?parent=9146"}],"wp:term":[{"taxonomy":"product_cat","embeddable":true,"href":"https:\/\/mairsturnstile.com\/de\/wp-json\/wp\/v2\/product_cat?post=9146"},{"taxonomy":"product_tag","embeddable":true,"href":"https:\/\/mairsturnstile.com\/de\/wp-json\/wp\/v2\/product_tag?post=9146"}],"curies":[{"name":"wp","href":"https:\/\/api.w.org\/{rel}","templated":true}]}}