{"id":9147,"date":"2022-05-13T17:25:20","date_gmt":"2022-05-13T09:25:20","guid":{"rendered":"https:\/\/mairsturnstile.com\/product\/lobby-drehkreuze-speed-gate-drehkreuz-mt353"},"modified":"2024-05-27T20:38:28","modified_gmt":"2024-05-27T12:38:28","slug":"lobby-drehkreuze","status":"publish","type":"product","link":"https:\/\/mairsturnstile.com\/de\/produkt\/lobby-drehkreuze","title":{"rendered":"FOYER-DREHKREUZE SPEEDGATE-DREHKREUZ MT381"},"content":{"rendered":"        <!-- 3D Model html -->\r\n        <div class=\"bp_grand wrapper_25606\">   \r\n        <div class=\"bp_model_parent\">\r\n            <model-viewer class=\"model\" id=\"bp_model_id_25606\" src=\"http:\/\/mairsturnstile.com\/wp-content\/uploads\/2024\/11\/MT382.glb\" alt=\"MT382\" camera-controls  loading=\"auto\" auto-rotate                        >\r\n            <\/model-viewer>\r\n        \r\n            <!-- Button -->\r\n            <svg id=\"openBtn\" width=\"30px\" height=\"30px\" viewBox=\"0 0 16 16\" xmlns=\"http:\/\/www.w3.org\/2000\/svg\" fill=\"#f2f2f2\" class=\"bi bi-arrows-fullscreen model-icon\">\r\n                <path fill-rule=\"evenodd\" d=\"M5.828 10.172a.5.5 0 0 0-.707 0l-4.096 4.096V11.5a.5.5 0 0 0-1 0v3.975a.5.5 0 0 0 .5.5H4.5a.5.5 0 0 0 0-1H1.732l4.096-4.096a.5.5 0 0 0 0-.707zm4.344 0a.5.5 0 0 1 .707 0l4.096 4.096V11.5a.5.5 0 1 1 1 0v3.975a.5.5 0 0 1-.5.5H11.5a.5.5 0 0 1 0-1h2.768l-4.096-4.096a.5.5 0 0 1 0-.707zm0-4.344a.5.5 0 0 0 .707 0l4.096-4.096V4.5a.5.5 0 1 0 1 0V.525a.5.5 0 0 0-.5-.5H11.5a.5.5 0 0 0 0 1h2.768l-4.096 4.096a.5.5 0 0 0 0 .707zm-4.344 0a.5.5 0 0 1-.707 0L1.025 1.732V4.5a.5.5 0 0 1-1 0V.525a.5.5 0 0 1 .5-.5H4.5a.5.5 0 0 1 0 1H1.732l4.096 4.096a.5.5 0 0 1 0 .707z\"\/>\r\n            <\/svg>\r\n        \r\n            <svg id=\"closeBtn\" class=\"model-icon\" width=\"34px\" height=\"34px\" viewBox=\"0 0 24 24\" xmlns=\"http:\/\/www.w3.org\/2000\/svg\">\r\n                <path fill=\"none\" stroke=\"#f2f2f2\" stroke-width=\"2\" d=\"M7,7 L17,17 M7,17 L17,7\"\/>\r\n            <\/svg>\r\n        \r\n        <\/div>\r\n        <\/div> \r\n\r\n        <!-- Model Viewer Style -->\r\n        <style>\r\n            \r\n            .wrapper_25606 .bp_model_parent, #bp_model_id_25606 {\r\n                width: 1150px;\r\n                max-width: 100%;\r\n                                            }\r\n            #bp_model_id_25606 {\r\n                height:700px;\r\n                background-color: #f9f9f9;\r\n            }\r\n            .fullscreen #bp_model_id_25606{\r\n            height: 100%;\r\n            width: 100%;\r\n            }\r\n            .wrapper_25606 .bp_model_parent{\r\n                justify-content: start            }\r\n            model-viewer.model {\r\n                --poster-color: transparent;\r\n            }\r\n        <\/style>\r\n        \r\n        \n<h4>LOBBY DREHKREUZE SPEED GATE TURNSTILE MT353 bietet eine 2-j\u00e4hrige Garantie und dauerhafte Wartungs- und Reparaturunterst\u00fctzung.<\/h4>\n<p>Wir k\u00f6nnen OEM- und ODM-Dienstleistungen erbringen. Wir haben erfahrene Designer, die eine tiefgreifende Anpassung an Ihre Bed\u00fcrfnisse vornehmen k\u00f6nnen. Wir werden so bald wie m\u00f6glich eine Reihe von Materialien wie 3D-Renderings, Ma\u00dfzeichnungen usw. zur Verf\u00fcgung stellen. Wir bieten auch biometrische Ger\u00e4te wie IC\/ID-Kartenleser, Fingerabdruckscanner, QR-Code-Scanner, Gesichtserkennungskameras und so weiter. Wenn Sie diese Ger\u00e4te in das Sicherheitsdrehkreuz in der Lobby integrieren m\u00fcssen oder Fragen haben, <a href=\"https:\/\/mairsturnstile.com\/contact\">kontaktieren Sie uns<\/a> bitte<\/p>\n<p><strong>Lobby-Drehkreuze sind eine Art Fu\u00dfg\u00e4nger-Drehkreuztor, das f\u00fcr Lobbys verschiedener Geb\u00e4ude verwendet wird, um den Zugang von Personal zu kontrollieren und zu verwalten.<\/strong> Die Verwendung des Lobby-Drehkreuzes hat die \u00dcberpr\u00fcfungseffizienz und Verkehrseffizienz der Geb\u00e4udehalle erheblich verbessert. Im Allgemeinen sind Schnellschleusen und Schwenkdrehkreuze die am h\u00e4ufigsten verwendeten Drehkreuze in Lobbys, und einige Kunden w\u00e4hlen <a href=\"https:\/\/mairsturnstile.com\/what-is-flap-barrier.html\">Drehkreuze mit Klappsperre<\/a> entsprechend ihren tats\u00e4chlichen Anforderungen als Drehkreuze in Lobbys.<\/p>\n<p>F\u00fcr B\u00fcrogeb\u00e4ude mit vielen Mitarbeitern und vielen Ein- und Ausg\u00e4ngen bietet <a href=\"https:\/\/mairsturnstile.com\/swing-turnstile-gate.html\">sich neben Pendeldrehkreuz<\/a> und <a href=\"https:\/\/mairsturnstile.com\/speed-gates.html\">Speedgate<\/a> nat\u00fcrlich auch die Installation eines intelligenten Klappensperr-Drehkreuzes in der Lobby oder im B\u00fcro an.<\/p>\n<p>F\u00fcr einige Regierungsbeh\u00f6rden und -einheiten oder Orte mit strengen Vertraulichkeits- und Hochsicherheitsanforderungen kann das Schiebedrehkreuz als Hauptzugangskontrollsystem gew\u00e4hlt werden, das eine strengere Zugangsverwaltung und st\u00e4rkere Sicherheitsma\u00dfnahmen bietet. Die Sicherheitsma\u00dfnahmen spiegeln sich haupts\u00e4chlich in seinem Design wider. Der Gleitarm ist relativ hoch, um Bohren und Klettern zu verhindern, und das Hauptmaterial ist Acrylglas. Die Vision dieses Kanals wird nicht eingeschr\u00e4nkt. Es ist in der Halle des B\u00fcrogeb\u00e4udes platziert, und das Ganze ist immer noch transparent und hell.<\/p>\n<p>Lobby-Drehkreuze k\u00f6nnen nicht nur die Personalverwaltung des Geb\u00e4udezugangs effektiv realisieren und die Personalverwaltungskosten des Grundst\u00fccks oder Geb\u00e4udes senken, sondern auch die Sch\u00f6nheit der Geb\u00e4udelobby steigern und die gesamte Lobby gehobener aussehen lassen.<\/p>\n<p>Wir k\u00f6nnen auch innerhalb weniger Minuten ein Rendering f\u00fcr Sie erstellen, das auf Ihrem aktuellen Szenario basiert. Wir liefern auch detaillierte Layouts und Zeichnungen sowie Installationszeichnungen.<\/p>\n\n        \t\n\t<style type=\"text\/css\">\n\t\t.slider-info-25641.bafg-slider-info .bafg-slider-title {\n\t\t\t\t\t\tfont-size: 22px;\n\t\t\t\t\t\t\n\t\t\t\n\t\t\t\t\t}\n\n\t\t.slider-info-25641.bafg-slider-info .bafg-slider-description {\n\t\t\t\n\t\t\t\n\t\t\t\t\t}\n\n\t\t.slider-info-25641.bafg-slider-info .bafg_slider_readmore_button {\n\t\t\t\n\t\t\t\n\t\t\t\n\t\t\t\n\t\t\t\n\t\t\ttext-align: center;\n\n\t\t\t\n\t\t\t\n\t\t\t\n\t\t\t\n\t\t\t\n\t\t\t\n\t\t\t\t\t}\n\n\t\t.slider-info-25641.bafg-slider-info .bafg_slider_readmore_button:hover {\n\n\t\t\t\n\t\t\t\n\t\t\t\t\t}\n\n\t<\/style>\n\t\n        <div class=\"bafg-twentytwenty-container slider-25641 \" bafg-orientation=\"horizontal\" bafg-default-offset=\"0.5\" bafg-before-label=\"Before\" bafg-after-label=\"After\" bafg-overlay=\"yes\" bafg-move-slider-on-hover=\"yes\" bafg-click-to-move=\"no\">\n              \n            <img decoding=\"async\" class=\"skip-lazy\" src=\"http:\/\/mairsturnstile.com\/wp-content\/uploads\/2020\/09\/turnstile-gates-egypt-6.jpg\" alt=\"turnstile gates egypt\" data-skip-lazy title=\"\">\n            <img decoding=\"async\" class=\"skip-lazy\" src=\"http:\/\/mairsturnstile.com\/wp-content\/uploads\/2024\/11\/lobby-turnstiles.jpg\" alt=\"lobby turnstiles\" data-skip-lazy title=\"\">\n           \n        <\/div>\n\n        \t<div class=\"bafg-slider-info-wraper\">\n\t\t<div style=\"\" class=\"slider-info-25641 bafg-slider-info\">\n\t\t\t\t\t<\/div>\n\t<\/div>\n\t\n        <style type=\"text\/css\">\n            \n        <\/style>\n        \n<p>Fastlane Lobby-Drehkreuze sind ein intelligentes Sicherheitssystem f\u00fcr die Zugangskontrolle. Es kann in jede Art von Zugangskontrollsystem wie Gesichtsfingerabdruckerkennung, RFID-Systeme, Fingerabdr\u00fccke, <a href=\"https:\/\/en.wikipedia.org\/wiki\/QR_code\" target=\"_blank\" rel=\"noopener\">QR-Code<\/a> usw. integriert werden.<\/p>\n<p>Der Hochgeschwindigkeitsmechanismus und das elegante Erscheinungsbild machen es zur idealen Wahl f\u00fcr ein B\u00fcrogeb\u00e4ude, eine Universit\u00e4t, einen Vergn\u00fcgungspark usw. Ein Drehkreuztor mit Drehkreuz ist ein hocheffizientes Drehkreuztor, das problemlos mit hohem Volumen und missbr\u00e4uchlichen Bedingungen umgehen kann.<\/p>\n<ul>\n<li>Im Notfall wird der Strom abgeschaltet und die Fastlane-Drehkreuze in der Lobby \u00f6ffnen sich automatisch, um den freien Durchgang zu erm\u00f6glichen, was den Brandschutzanforderungen entspricht. Aber es muss ein Akku dabei sein. Da beim Export die Batterie empfindlich ist, k\u00f6nnen wir den Kondensator ersetzen<\/li>\n<li>Lobby-Drehkreuze eignen sich f\u00fcr Luxus- und High-End-Eingangsl\u00f6sungen.<\/li>\n<li>Das gesamte System l\u00e4uft reibungslos, ger\u00e4uscharm und mit hoher Geschwindigkeit.<\/li>\n<li>Alarmfunktion, wenn ein illegales Eindringen oder ein umgekehrtes Eindringen vorliegt, alarmiert das Tor und die T\u00fcr wird verriegelt.<\/li>\n<li>Es gibt insgesamt 6 Paare von Infrarotsensoren. Der mittlere Sensor soll verhindern, dass Fu\u00dfg\u00e4nger eingeklemmt werden.<\/li>\n<li>Anti-Tailing-Funktion, eine Person kann gleichzeitig passieren. Wenn jemand den Vorderleuten hinterherl\u00e4uft, schl\u00e4gt das Tor Alarm<\/li>\n<li>LED-Anzeige. Rotes Kreuz und gr\u00fcner Pfeil. Es gibt auch LED-Anzeigen am vorderen Pfosten. Das LED-Licht kann den Armen hinzugef\u00fcgt werden.<\/li>\n<li>Der bidirektionale Zugriff reduziert den Bedarf an weiteren Gates. Es ist rollstuhlgerecht, Einkaufskinderwagen erh\u00f6ht die \u00dcberholeffizienz.<\/li>\n<li>Automatische Reset-Funktion. Wenn die Personen nicht innerhalb der voreingestellten Zeit (Standardzeit ist 5 Sekunden) vorbeigekommen sind, wird das System die Berechtigung des Benutzers aufheben und automatisch schlie\u00dfen<\/li>\n<li>Anti-Bump, Anti-Clamp, Die Tore sind mit einem b\u00fcrstenlosen Motor ausgestattet. Wenn w\u00e4hrend des Betriebs jemand auf den Arm schl\u00e4gt, wird das Tor automatisch zur\u00fcckgesetzt. Diese Funktion verhindert effektiv, dass Fu\u00dfg\u00e4nger, insbesondere Kinder, ansto\u00dfen, klemmen, aufschlagen usw.<\/li>\n<li>Der Anti-Hit-Mechanismus wird automatisch zur\u00fcckgesetzt, wenn ein Krafteinschlag auftritt<\/li>\n<li>Geh\u00e4usematerial der Lobby-Drehkreuze: Edelstahl 304 und pulverbeschichtet<\/li>\n<li>Zuverl\u00e4ssigkeit des Mechanismus: 5 Millionen, kein Fehler<\/li>\n<li>Hall Switch Locating arm, more precise<\/li>\n<li>Arbeitsrichtung: Bidirektional\/Einseitig gerichtet<\/li>\n<li>Notsituation: automatisch \u00f6ffnen, wenn der Strom mit einem Kondensator unterbrochen wird<\/li>\n<li>Luftfeuchtigkeit: \u226490\uff05<\/li>\n<li>LED-Leuchten an den Armen sind verf\u00fcgbar<\/li>\n<li>Arm Acrylst\u00e4rke: 10 mm<\/li>\n<li>Arbeitstemperatur: -20\u2103\uff5e60\u2103<\/li>\n<li>Kommunikationsreichweite: \u22641200 m<\/li>\n<li>Kommunikationsschnittstelle: RS485<\/li>\n<li>Feature: IC\/ID-Leser, Barcode-Leser, Gesichtserkennung, Fingerabdruck, andere Zugangskontrollger\u00e4te, USV usw<\/li>\n<li>Die zum \u00d6ffnen ben\u00f6tigte Zeit: 0,2 s<\/li>\n<li>Arbeitsumgebung: Innen<\/li>\n<li>Anwendungsbereich: Gemeinde, Fabrik, Baustelle, Schule, Erholungsort usw<\/li>\n<\/ul>\n<p>Wir k\u00f6nnen die gesamte L\u00f6sung f\u00fcr die Sicherheitskontrolle anbieten. Wenn Sie ein eigenes Zugangskontrollsystem haben, k\u00f6nnen Sie unser Drehkreuz direkt verwenden. Falls Sie noch keine haben, bieten wir auch eine komplette L\u00f6sung f\u00fcr die Zugangskontrolle an. Einzelheiten entnehmen Sie bitte dem unten stehenden Video.<\/p>\n<p><iframe title=\"Drehkreuz MT352, Lobby-Drehkreuze, B\u00fcro-Drehkreuze, Optische Drehkreuze - MairsTurnstile\" src=\"https:\/\/www.youtube.com\/embed\/IjOCC-mTXwk\" width=\"1150\" height=\"650\" frameborder=\"0\" allowfullscreen=\"allowfullscreen\"><\/iframe><\/p>\n","protected":false},"excerpt":{"rendered":"<p>1. Gr\u00f6\u00dfe: 1400*150*1000 mm (kann angepasst werden)<\/p>\n<p>2. Spurbreite: 600 mm (Standard) 900 mm (behindert)<\/p>\n<p>3. Armmaterial: Acryl<\/p>\n<p>4. Durchgangsgeschwindigkeit: 40 Personen\/min<\/p>\n<p>5. Stromversorgung: 110 V\/220 V 50\/60 Hz<\/p>\n<p>6. B\u00fcrstenloser Motor: 40 W<\/p>\n<p>7. Tor-offen-Signal: Potentialfreier Kontakt\/Relais<\/p>\n<p>8. Antriebsmotor: 24 V<\/p>\n<p>9. Gewicht: 70 kg\/Stk<\/p>\n<p><span style=\"color: #0000ff;\"><strong><a style=\"color: #0000ff;\" title=\"Mairs CE-zertifiziertes Speed Gate-Drehkreuz\" href=\"http:\/\/mairsturnstile.com\/wp-content\/uploads\/2022\/09\/Mairs-CE-Certificate-Speed-Gate-Turnstile.pdf\" target=\"_blank\" rel=\"noopener noreferrer\">CE-zertifiziert,<\/a> <a style=\"color: #0000ff;\" title=\"Mairs ISO9001-Zertifikat\" href=\"http:\/\/mairsturnstile.com\/wp-content\/uploads\/2022\/09\/Mairs-Registration-Certificate-ISO9001.pdf\" target=\"_blank\" rel=\"noopener noreferrer\">ISO9001-zertifiziert.<\/a><\/strong><\/span><\/p>\n<p><a title=\"Brosch\u00fcre \u00fcber Speed Gates Lobby-Drehkreuze\" href=\"http:\/\/mairsturnstile.com\/wp-content\/uploads\/2023\/12\/MT381-brochure.pdf\" target=\"_blank\" rel=\"noopener noreferrer\"><img decoding=\"async\" class=\"alignnone size-full wp-image-11034\" src=\"http:\/\/mairsturnstile.com\/wp-content\/uploads\/2022\/09\/pdf-MairsTurnstile.png\" alt=\"\" width=\"32\" height=\"32\"><strong><span style=\"color: #0000ff;\">MT381 Speed Gates Lobby-Drehkreuz Brosch\u00fcre<\/span><\/strong><\/a><\/p>\n","protected":false},"featured_media":25228,"comment_status":"closed","ping_status":"closed","template":"","meta":{"neve_meta_sidebar":"","neve_meta_container":"","neve_meta_enable_content_width":"off","neve_meta_content_width":0,"neve_meta_title_alignment":"","neve_meta_author_avatar":"","neve_post_elements_order":"","neve_meta_disable_header":"","neve_meta_disable_footer":"","neve_meta_disable_title":"","_ti_tpc_template_sync":false,"_ti_tpc_template_id":""},"product_cat":[428,429],"product_tag":[1490,1467,450,451],"class_list":["post-9147","product","type-product","status-publish","has-post-thumbnail","hentry","product_cat-geschwindigkeitstore-2","product_cat-sicherheits-drehkreuze","product_tag-drehkreuze-bauen","product_tag-eingangstore-mit-drehkreuz","product_tag-lobby-drehkreuze","product_tag-sicherheitsdrehkreuze-in-der-lobby"],"_links":{"self":[{"href":"https:\/\/mairsturnstile.com\/de\/wp-json\/wp\/v2\/product\/9147","targetHints":{"allow":["GET"]}}],"collection":[{"href":"https:\/\/mairsturnstile.com\/de\/wp-json\/wp\/v2\/product"}],"about":[{"href":"https:\/\/mairsturnstile.com\/de\/wp-json\/wp\/v2\/types\/product"}],"replies":[{"embeddable":true,"href":"https:\/\/mairsturnstile.com\/de\/wp-json\/wp\/v2\/comments?post=9147"}],"version-history":[{"count":0,"href":"https:\/\/mairsturnstile.com\/de\/wp-json\/wp\/v2\/product\/9147\/revisions"}],"wp:featuredmedia":[{"embeddable":true,"href":"https:\/\/mairsturnstile.com\/de\/wp-json\/wp\/v2\/media\/25228"}],"wp:attachment":[{"href":"https:\/\/mairsturnstile.com\/de\/wp-json\/wp\/v2\/media?parent=9147"}],"wp:term":[{"taxonomy":"product_cat","embeddable":true,"href":"https:\/\/mairsturnstile.com\/de\/wp-json\/wp\/v2\/product_cat?post=9147"},{"taxonomy":"product_tag","embeddable":true,"href":"https:\/\/mairsturnstile.com\/de\/wp-json\/wp\/v2\/product_tag?post=9147"}],"curies":[{"name":"wp","href":"https:\/\/api.w.org\/{rel}","templated":true}]}}