{"id":9148,"date":"2022-05-12T18:22:10","date_gmt":"2022-05-12T10:22:10","guid":{"rendered":"https:\/\/mairsturnstile.com\/product\/automatisches-drehkreuz-led-automatisches-dreibein-drehkreuz-mt124"},"modified":"2024-05-27T20:39:15","modified_gmt":"2024-05-27T12:39:15","slug":"automatisches-drehkreuz","status":"publish","type":"product","link":"https:\/\/mairsturnstile.com\/de\/produkt\/automatisches-drehkreuz","title":{"rendered":"Automatisches Drehkreuz LED Automatisches Dreibein-Drehkreuz MT124"},"content":{"rendered":"        <!-- 3D Model html -->\r\n        <div class=\"bp_grand wrapper_20727\">   \r\n        <div class=\"bp_model_parent\">\r\n            <model-viewer class=\"model\" id=\"bp_model_id_20727\" src=\"http:\/\/mairsturnstile.com\/wp-content\/uploads\/2023\/06\/MT124.glb\" alt=\"MT124\" camera-controls  loading=\"auto\" auto-rotate                        >\r\n            <\/model-viewer>\r\n        \r\n            <!-- Button -->\r\n            <svg id=\"openBtn\" width=\"30px\" height=\"30px\" viewBox=\"0 0 16 16\" xmlns=\"http:\/\/www.w3.org\/2000\/svg\" fill=\"#f2f2f2\" class=\"bi bi-arrows-fullscreen model-icon\">\r\n                <path fill-rule=\"evenodd\" d=\"M5.828 10.172a.5.5 0 0 0-.707 0l-4.096 4.096V11.5a.5.5 0 0 0-1 0v3.975a.5.5 0 0 0 .5.5H4.5a.5.5 0 0 0 0-1H1.732l4.096-4.096a.5.5 0 0 0 0-.707zm4.344 0a.5.5 0 0 1 .707 0l4.096 4.096V11.5a.5.5 0 1 1 1 0v3.975a.5.5 0 0 1-.5.5H11.5a.5.5 0 0 1 0-1h2.768l-4.096-4.096a.5.5 0 0 1 0-.707zm0-4.344a.5.5 0 0 0 .707 0l4.096-4.096V4.5a.5.5 0 1 0 1 0V.525a.5.5 0 0 0-.5-.5H11.5a.5.5 0 0 0 0 1h2.768l-4.096 4.096a.5.5 0 0 0 0 .707zm-4.344 0a.5.5 0 0 1-.707 0L1.025 1.732V4.5a.5.5 0 0 1-1 0V.525a.5.5 0 0 1 .5-.5H4.5a.5.5 0 0 1 0 1H1.732l4.096 4.096a.5.5 0 0 1 0 .707z\"\/>\r\n            <\/svg>\r\n        \r\n            <svg id=\"closeBtn\" class=\"model-icon\" width=\"34px\" height=\"34px\" viewBox=\"0 0 24 24\" xmlns=\"http:\/\/www.w3.org\/2000\/svg\">\r\n                <path fill=\"none\" stroke=\"#f2f2f2\" stroke-width=\"2\" d=\"M7,7 L17,17 M7,17 L17,7\"\/>\r\n            <\/svg>\r\n        \r\n        <\/div>\r\n        <\/div> \r\n\r\n        <!-- Model Viewer Style -->\r\n        <style>\r\n            \r\n            .wrapper_20727 .bp_model_parent, #bp_model_id_20727 {\r\n                width: 1150px;\r\n                max-width: 100%;\r\n                                            }\r\n            #bp_model_id_20727 {\r\n                height:700px;\r\n                background-color: #f2f2f2;\r\n            }\r\n            .fullscreen #bp_model_id_20727{\r\n            height: 100%;\r\n            width: 100%;\r\n            }\r\n            .wrapper_20727 .bp_model_parent{\r\n                justify-content: start            }\r\n            model-viewer.model {\r\n                --poster-color: transparent;\r\n            }\r\n        <\/style>\r\n        \r\n        \n<h4>Automatisches Drehkreuz Das automatische Drehkreuz mit LED-Stativ MT124 bietet eine 2-j\u00e4hrige Garantie und dauerhafte Wartungs- und Reparaturunterst\u00fctzung.<\/h4>\n<p>Wir k\u00f6nnen OEM- und ODM-Dienstleistungen erbringen. Wir haben erfahrene Designer, die eine tiefgreifende Anpassung an Ihre Bed\u00fcrfnisse vornehmen k\u00f6nnen. Wir werden so bald wie m\u00f6glich eine Reihe von Materialien wie 3D-Renderings, Ma\u00dfzeichnungen usw. zur Verf\u00fcgung stellen. Wir bieten auch biometrische Ger\u00e4te wie IC\/ID-Kartenleser, Fingerabdruckscanner, QR-Code-Scanner, Gesichtserkennungskameras und so weiter. Wenn Sie diese Ger\u00e4te in das Drehkreuz in voller H\u00f6he integrieren m\u00fcssen oder Fragen haben, <a href=\"https:\/\/mairsturnstile.com\/contact\">kontaktieren Sie uns<\/a> bitte<\/p>\n<p><strong><b>Automatisch<\/b><\/strong><strong><b> <\/b><\/strong><strong><b>Drehkreuz ist eine Art<\/b><\/strong> <strong><b>Fu\u00dfg\u00e4nger<\/b><\/strong>&#8211;<strong><b>Drehkreuztor, das mit einem vollautomatischen<\/b><\/strong> <a href=\"https:\/\/mairsturnstile.com\/turnstile-mechanism.html\"><u>Drehkreuzmechanismus<\/u><\/a> ausgestattet ist<strong><b>, in dem alle Operationen der Drehkreuzmaschine durch den b\u00fcrstenlosen Motor abgeschlossen werden. Die Automatik<\/b><\/strong><strong><b> <\/b><\/strong><strong><b>Das Drehkreuztor kann beim Einschalten automatisch selbst \u00fcberpr\u00fcft werden. Im Alterungstestmodus \u00f6ffnet und schlie\u00dft es sich ebenfalls automatisch. Sobald im Kartenmodus ein \u00d6ffnungssignal vorhanden ist, \u00f6ffnet es sich um 15 Grad und dr\u00fcckt leicht auf den Arm, und die Tore \u00f6ffnen sich automatisch vollst\u00e4ndig.<\/b><\/strong><\/p>\n<p>Dies ist ein automatisches Dreibein-Drehkreuz. Wenn Sie mehr Details \u00fcber das automatische Dreibein-Drehkreuz erfahren m\u00f6chten, lesen Sie bitte unseren Artikel: <a href=\"https:\/\/mairsturnstile.com\/tripod-turnstile.html\">Was ist ein Dreibein-Drehkreuz<\/a>? Derzeit sind die meisten auf dem Markt erh\u00e4ltlichen Dreibein-Drehkreuze halbautomatische Dreibein-Drehkreuze. Wenn Sie vollautomatische Dreibein-Drehkreuztore ben\u00f6tigen, kontaktieren Sie uns bitte. Wir k\u00f6nnen das vollautomatische Dreibein-Drehkreuz auch an Ihre tats\u00e4chlichen Bed\u00fcrfnisse anpassen. Das Folgende ist ein Video unseres ma\u00dfgefertigten vollautomatischen Dreibein-Drehkreuzes. \u00dcberpr\u00fcfen Sie bitte das.<\/p>\n<p>Auch bekannt als elektrisches Dreibein-Drehkreuztor, ist es mit einem Motor ausgestattet. Der gesamte Betrieb des automatischen Drehkreuztors wird vom Motor angetrieben. Gleichzeitig treibt der Motor die Blockierstange an, sich w\u00e4hrend des Einschaltens zu drehen, um ein automatisches Einschalten zu realisieren, was sehr bequem zu bedienen ist.<\/p>\n<p>Automatisches Drehkreuz Dreibein-Drehkreuz bietet eine zuverl\u00e4ssige und effiziente Methode, um sicherzustellen, dass nur autorisierten Benutzern Zugang zu jedem Bereich eines Geb\u00e4udes gew\u00e4hrt wird. Dieses automatische <strong>Dreibein-Drehkreuz<\/strong> ist hocheffizient und kann problemlos mit hohem Verkehrsaufkommen und schrecklichen Bedingungen umgehen. Dreibein-Sicherheitstore Drehkreuz in bester Qualit\u00e4t zum g\u00fcnstigen Preis.<\/p>\n<p>Wir k\u00f6nnen auch innerhalb weniger Minuten ein Rendering f\u00fcr Sie erstellen, das auf Ihrem aktuellen Szenario basiert. Wir liefern auch detaillierte Layouts und Zeichnungen sowie Installationszeichnungen.<\/p>\n\n        \t\n\t<style type=\"text\/css\">\n\t\t.slider-info-20752.bafg-slider-info .bafg-slider-title {\n\t\t\t\t\t\tfont-size: 22px;\n\t\t\t\t\t\t\n\t\t\t\n\t\t\t\t\t}\n\n\t\t.slider-info-20752.bafg-slider-info .bafg-slider-description {\n\t\t\t\n\t\t\t\n\t\t\t\t\t}\n\n\t\t.slider-info-20752.bafg-slider-info .bafg_slider_readmore_button {\n\t\t\t\n\t\t\t\n\t\t\t\n\t\t\t\n\t\t\t\n\t\t\ttext-align: center;\n\n\t\t\t\n\t\t\t\n\t\t\t\n\t\t\t\n\t\t\t\n\t\t\t\n\t\t\t\t\t}\n\n\t\t.slider-info-20752.bafg-slider-info .bafg_slider_readmore_button:hover {\n\n\t\t\t\n\t\t\t\n\t\t\t\t\t}\n\n\t<\/style>\n\t\n        <div class=\"bafg-twentytwenty-container slider-20752 \" bafg-orientation=\"horizontal\" bafg-default-offset=\"0.5\" bafg-before-label=\"Before\" bafg-after-label=\"After\" bafg-overlay=\"yes\" bafg-move-slider-on-hover=\"yes\" bafg-click-to-move=\"no\">\n              \n            <img decoding=\"async\" class=\"skip-lazy\" src=\"http:\/\/mairsturnstile.com\/wp-content\/uploads\/2023\/06\/automatic-turnstile_4.jpg\" alt=\"\" data-skip-lazy title=\"\">\n            <img decoding=\"async\" class=\"skip-lazy\" src=\"http:\/\/mairsturnstile.com\/wp-content\/uploads\/2023\/06\/automatic-turnstile_5.jpg\" alt=\"\" data-skip-lazy title=\"\">\n           \n        <\/div>\n\n        \t<div class=\"bafg-slider-info-wraper\">\n\t\t<div style=\"\" class=\"slider-info-20752 bafg-slider-info\">\n\t\t\t\t\t<\/div>\n\t<\/div>\n\t\n        <style type=\"text\/css\">\n            \n        <\/style>\n        \n<ul>\n<li>Ein automatisches Drehkreuz ist eine kompakte und kosteng\u00fcnstige Eingangsl\u00f6sung.<\/li>\n<li>Das Dreibein-Sicherheitstor-Drehkreuz hat ein vollst\u00e4ndig regendichtes Geh\u00e4use aus Edelstahl 304, <a href=\"https:\/\/en.wikipedia.org\/wiki\/Stainless_steel\" target=\"_blank\" rel=\"noopener\">das rostbest\u00e4ndig<\/a>, solide und langlebig ist.<\/li>\n<li>Automatische Drehkreuze k\u00f6nnen sowohl im Innen- als auch im Au\u00dfenbereich montiert werden. Die IP-Rate betr\u00e4gt 54<\/li>\n<li>Es verf\u00fcgt \u00fcber einen internationalen Standard-Relaisausgang, der problemlos in alle Arten von Zutrittskontrollsystemen von Drittanbietern (z. B. RFID, Fingerabdruck, Gesichtserkennung, Barcode, IR-Thermometer) integriert werden kann.<\/li>\n<li>Die Tripod-Sicherheitstore sind halbautomatisch. Sie m\u00fcssen den Arm leicht dr\u00fccken, um das Tor zu \u00f6ffnen, wenn der Zugang gew\u00e4hrt wird.<\/li>\n<li>Das vern\u00fcnftige Design und die hohe Leistung sollen sicherstellen, dass sich die Tore schnell und genau, stabil und leise bewegen k\u00f6nnen. mit geringem Stromverbrauch, Energieeinsparung und Umweltschutz.<\/li>\n<li>Langlebiger, korrosionsbest\u00e4ndiger Hochleistungs-Formmechanismus f\u00fcr l\u00e4ngere Lebensdauer<\/li>\n<li>Der Mechanismus ist Formdesign. Alle Komponenten sind pr\u00e4zise. Es sorgt daf\u00fcr, dass das Torsystem reibungslos und ger\u00e4uscharm arbeitet. Ein hydraulischer D\u00e4mpfer kann hinzugef\u00fcgt werden.<\/li>\n<li>Das Design des Dreibein-Drehkreuzes l\u00e4sst nur eine Person gleichzeitig passieren.<\/li>\n<li>Einseitig oder bidirektional ist eine Option.<\/li>\n<li>LED-Blinklicht oben<\/li>\n<li>Automatische Uhrfunktion: Wenn ein \u00d6ffnungssignal empfangen wird, aber der Besucher das Tor nicht innerhalb einer bestimmten Zeit (Standard 5s) passiert, wird der Drehkreuzarm automatisch verriegelt.<\/li>\n<li>Arml\u00e4nge: 510 mm<\/li>\n<li>Die Drehrichtung: Bidirektional\/Einzelrichtung<\/li>\n<li>Notfall: Der Arm senkt sich automatisch, wenn der Strom abgeschaltet wird.<\/li>\n<li>Betriebsspannung: DC 24V \u00b15%<\/li>\n<li>Die Spannung der Kontrollleuchte: DC12V \u00b15% (Standard)<\/li>\n<li>Arbeitstemperatur: -30\u2103\uff5e60\u2103<\/li>\n<li>Luftfeuchtigkeit: 5 % ~ 90 %<\/li>\n<li>Wasserdicht: IP43<\/li>\n<li>Zuverl\u00e4ssigkeit des Mechanismus: 3 Millionen, kein Fehler<\/li>\n<li>Magnetventil: DC24V \u00b15%<\/li>\n<li>Automatischer Selbsttest nach dem Einschalten<\/li>\n<li>Feature: IC\/ID-Leser, Barcode-Leser, Gesichtserkennung, Fingerabdruck, andere Zugangskontrollger\u00e4te, USV usw<\/li>\n<li>Die zum \u00d6ffnen ben\u00f6tigte Zeit: 0,2 s<\/li>\n<li>Arbeitsumgebung: Innen<\/li>\n<li>Anwendungsbereich: Gemeinde, Fabrik, Baustelle, Schule, Erholungsort usw<\/li>\n<li>Wenn der Strom abgeschaltet ist, werden die Drehkreuzarme des Stativs automatisch heruntergelassen, um freien Durchgang zu erm\u00f6glichen, was den Brandschutzanforderungen entspricht.<\/li>\n<\/ul>\n<p><iframe title=\"Automatisches Drehkreuz, Automatisches Dreifu\u00df-Drehkreuz, Vollautomatisches Drehkreuz - MairsTurnstile\" src=\"https:\/\/www.youtube.com\/embed\/bGvTqKlYJV4\" width=\"1150\" height=\"650\" frameborder=\"0\" allowfullscreen=\"allowfullscreen\"><\/iframe><\/p>\n","protected":false},"excerpt":{"rendered":"<p>1. Gr\u00f6\u00dfe: 1400*270*980 mm (kann angepasst werden)<\/p>\n<p>2. Bahnbreite: 550 mm<\/p>\n<p>3. Durchgangsgeschwindigkeit: 35 Personen\/min<\/p>\n<p>4. Stromversorgung: 110 V\/220 V 50\/60 Hz<\/p>\n<p>5. Gewicht: 35 kg<\/p>\n<p>6. Eingang: Potenzialfreier Kontakt\/Relais<\/p>\n<p>7. B\u00fcrstenloser Motormechanismus<\/p>\n<p>8. Geh\u00e4usematerial: Edelstahl 304<\/p>\n<p>9. Betriebsweise: automatisch<\/p>\n<p><strong><a title=\"Mairs CE-zertifiziertes Dreibein-Drehkreuz\" href=\"http:\/\/mairsturnstile.com\/wp-content\/uploads\/2022\/09\/Mairs-CE-Certificate-Tripod-Turnstile.pdf\" target=\"_blank\" rel=\"noopener noreferrer\">CE-zertifiziert,<\/a> <a title=\"Mairs ISO9001-Zertifikat\" href=\"http:\/\/mairsturnstile.com\/wp-content\/uploads\/2022\/09\/Mairs-Registration-Certificate-ISO9001.pdf\" target=\"_blank\" rel=\"noopener noreferrer\">ISO9001-zertifiziert.<\/a><\/strong><\/p>\n<p><a title=\"Brosch\u00fcre Automatische Drehkreuze Tripod\" href=\"http:\/\/mairsturnstile.com\/wp-content\/uploads\/2023\/12\/MT124-brochure.pdf\" target=\"_blank\" rel=\"noopener noreferrer\"><img decoding=\"async\" class=\"alignnone size-full wp-image-11034\" src=\"http:\/\/mairsturnstile.com\/wp-content\/uploads\/2022\/09\/pdf-MairsTurnstile.png\" alt=\"\" width=\"32\" height=\"32\"><span style=\"color: #0000ff;\"><strong>MT124 Dreibein-Drehsperre Brosch\u00fcre<\/strong><\/span><\/a><\/p>\n","protected":false},"featured_media":20125,"comment_status":"closed","ping_status":"closed","template":"","meta":{"neve_meta_sidebar":"","neve_meta_container":"","neve_meta_enable_content_width":"off","neve_meta_content_width":0,"neve_meta_title_alignment":"","neve_meta_author_avatar":"","neve_post_elements_order":"","neve_meta_disable_header":"","neve_meta_disable_footer":"","neve_meta_disable_title":"","_ti_tpc_template_sync":false,"_ti_tpc_template_id":""},"product_cat":[426,429],"product_tag":[452,453,1531,456],"class_list":["post-9148","product","type-product","status-publish","has-post-thumbnail","hentry","product_cat-dreibein-drehkreuz","product_cat-sicherheits-drehkreuze","product_tag-automatisches-drehkreuz","product_tag-automatisches-drehkreuztor","product_tag-automatisches-dreibein-drehkreuz","product_tag-dreibein-drehkreuz"],"_links":{"self":[{"href":"https:\/\/mairsturnstile.com\/de\/wp-json\/wp\/v2\/product\/9148","targetHints":{"allow":["GET"]}}],"collection":[{"href":"https:\/\/mairsturnstile.com\/de\/wp-json\/wp\/v2\/product"}],"about":[{"href":"https:\/\/mairsturnstile.com\/de\/wp-json\/wp\/v2\/types\/product"}],"replies":[{"embeddable":true,"href":"https:\/\/mairsturnstile.com\/de\/wp-json\/wp\/v2\/comments?post=9148"}],"version-history":[{"count":0,"href":"https:\/\/mairsturnstile.com\/de\/wp-json\/wp\/v2\/product\/9148\/revisions"}],"wp:featuredmedia":[{"embeddable":true,"href":"https:\/\/mairsturnstile.com\/de\/wp-json\/wp\/v2\/media\/20125"}],"wp:attachment":[{"href":"https:\/\/mairsturnstile.com\/de\/wp-json\/wp\/v2\/media?parent=9148"}],"wp:term":[{"taxonomy":"product_cat","embeddable":true,"href":"https:\/\/mairsturnstile.com\/de\/wp-json\/wp\/v2\/product_cat?post=9148"},{"taxonomy":"product_tag","embeddable":true,"href":"https:\/\/mairsturnstile.com\/de\/wp-json\/wp\/v2\/product_tag?post=9148"}],"curies":[{"name":"wp","href":"https:\/\/api.w.org\/{rel}","templated":true}]}}