{"id":9149,"date":"2022-05-02T11:50:56","date_gmt":"2022-05-02T03:50:56","guid":{"rendered":"https:\/\/mairsturnstile.com\/product\/fahrraddrehkreuz-drehkreuz-in-voller-hoehe-mit-fahrradtor-mt451-z"},"modified":"2026-04-30T15:38:48","modified_gmt":"2026-04-30T07:38:48","slug":"fahrrad-drehkreuz","status":"publish","type":"product","link":"https:\/\/mairsturnstile.com\/de\/produkt\/fahrrad-drehkreuz","title":{"rendered":"Fahrrad-Drehkreuz in voller H\u00f6he mit Fahrrad-Tor"},"content":{"rendered":"        <!-- 3D Model html -->\r\n        <div class=\"bp_grand wrapper_51813\">   \r\n        <div class=\"bp_model_parent\">\r\n            <model-viewer class=\"model\" id=\"bp_model_id_51813\" src=\"http:\/\/mairsturnstile.com\/wp-content\/uploads\/2024\/09\/MT-LX402-Z.glb\" alt=\"MT-LX402-Z\" camera-controls  loading=\"auto\" auto-rotate                        >\r\n            <\/model-viewer>\r\n        \r\n            <!-- Button -->\r\n            <svg id=\"openBtn\" width=\"30px\" height=\"30px\" viewBox=\"0 0 16 16\" xmlns=\"http:\/\/www.w3.org\/2000\/svg\" fill=\"#f2f2f2\" class=\"bi bi-arrows-fullscreen model-icon\">\r\n                <path fill-rule=\"evenodd\" d=\"M5.828 10.172a.5.5 0 0 0-.707 0l-4.096 4.096V11.5a.5.5 0 0 0-1 0v3.975a.5.5 0 0 0 .5.5H4.5a.5.5 0 0 0 0-1H1.732l4.096-4.096a.5.5 0 0 0 0-.707zm4.344 0a.5.5 0 0 1 .707 0l4.096 4.096V11.5a.5.5 0 1 1 1 0v3.975a.5.5 0 0 1-.5.5H11.5a.5.5 0 0 1 0-1h2.768l-4.096-4.096a.5.5 0 0 1 0-.707zm0-4.344a.5.5 0 0 0 .707 0l4.096-4.096V4.5a.5.5 0 1 0 1 0V.525a.5.5 0 0 0-.5-.5H11.5a.5.5 0 0 0 0 1h2.768l-4.096 4.096a.5.5 0 0 0 0 .707zm-4.344 0a.5.5 0 0 1-.707 0L1.025 1.732V4.5a.5.5 0 0 1-1 0V.525a.5.5 0 0 1 .5-.5H4.5a.5.5 0 0 1 0 1H1.732l4.096 4.096a.5.5 0 0 1 0 .707z\"\/>\r\n            <\/svg>\r\n        \r\n            <svg id=\"closeBtn\" class=\"model-icon\" width=\"34px\" height=\"34px\" viewBox=\"0 0 24 24\" xmlns=\"http:\/\/www.w3.org\/2000\/svg\">\r\n                <path fill=\"none\" stroke=\"#f2f2f2\" stroke-width=\"2\" d=\"M7,7 L17,17 M7,17 L17,7\"\/>\r\n            <\/svg>\r\n        \r\n        <\/div>\r\n        <\/div> \r\n\r\n        <!-- Model Viewer Style -->\r\n        <style>\r\n            \r\n            .wrapper_51813 .bp_model_parent, #bp_model_id_51813 {\r\n                width: 1150px;\r\n                max-width: 100%;\r\n                                            }\r\n            #bp_model_id_51813 {\r\n                height:700px;\r\n                background-color: #f9f9f9;\r\n            }\r\n            .fullscreen #bp_model_id_51813{\r\n            height: 100%;\r\n            width: 100%;\r\n            }\r\n            .wrapper_51813 .bp_model_parent{\r\n                justify-content: start            }\r\n            model-viewer.model {\r\n                --poster-color: transparent;\r\n            }\r\n        <\/style>\r\n        \r\n        \n<h3>Fahrrad-Drehkreuz in voller H\u00f6he Fahrrad-Drehkreuz mit Fahrrad-Tor 2 Jahre Garantie und dauerhafter Wartungs- und Reparatursupport.<\/h3>\n<p>Fahrraddrehkreuz in voller H\u00f6he, unbemanntes Sicherheitstor: Sichern Sie Ihr Gel\u00e4nde mit unserem Fahrraddrehkreuz in voller H\u00f6he. Das einzigartige Design erm\u00f6glicht eine unbemannte, rund um die Uhr verf\u00fcgbare Hochsicherheit f\u00fcr Fu\u00dfg\u00e4nger und Fahrr\u00e4der. Individuelles Fahrraddrehkreuz, einzigartiges Tor in voller H\u00f6he: Gestalten Sie Ihr individuelles Fahrraddrehkreuz gemeinsam mit unseren Designexperten. Einzigartige Drehkreuze in voller H\u00f6he mit individuellen Oberfl\u00e4chen, die zu Ihrer Marken\u00e4sthetik passen. Profitieren Sie von einem hochwertigen Fahrraddrehkreuz in voller H\u00f6he mit erstklassigem Design zum besten Preis. Einzigartiges Aussehen zu einem erschwinglichen Preis. Sichere Zugangskontrolle f\u00fcr Fahrr\u00e4der.      <\/p>\n<p>Wir k\u00f6nnen OEM- und ODM-Dienstleistungen erbringen. Wir bieten auch biometrische Ger\u00e4te wie IC\/ID-Kartenleser, Fingerabdruckscanner, <a href=\"https:\/\/en.wikipedia.org\/wiki\/QR_code\" target=\"_blank\" rel=\"noopener\">QR-Code<\/a>-Scanner, Gesichtserkennungskameras und so weiter. Wir haben auch eine neue Serie von Drehkreuzen in voller H\u00f6he mit stilvollem Aussehen und robuster Struktur auf den Markt gebracht. Bitte \u00fcberpr\u00fcfen Sie: <span style=\"color: #0000ff;\"><a style=\"color: #0000ff;\" href=\"https:\/\/mairsturnstile.com\/full-height-series-turnstile\" target=\"_blank\" rel=\"noopener\">Drehkreuzserie in voller H\u00f6he<\/a><\/span> <\/p>\n<p>Ein mannshohes Fahrrad-Drehkreuz ist so konzipiert, dass Radfahrer es passieren k\u00f6nnen, ohne vom Fahrrad abzusteigen; gleichzeitig bietet es dieselbe Sicherheit gegen unbefugtes Nachfolgen und \u00dcberklettern wie ein <a href=\"https:\/\/mairsturnstile.com\/full-height-turnstiles.html\" target=\"_blank\" rel=\"noopener\">herk\u00f6mmliches mannshohes Drehkreuz<\/a>. Auch Fu\u00dfg\u00e4nger k\u00f6nnen es einzeln passieren. Es integriert die Fu\u00dfg\u00e4ngerpassage und die Fahrradpassage. Nachdem der Fu\u00dfg\u00e4nger das legale T\u00fcr\u00f6ffnungssignal gegeben hat, dreht sich die Sperrstange des Fu\u00dfg\u00e4nger-Drehkreuzes um einen bestimmten Winkel zur T\u00fcr\u00f6ffnungsrichtung, um den Fu\u00dfg\u00e4nger zum Passieren aufzufordern. Die Sperrstange f\u00fcr den Fahrraddurchgang dreht sich um 120 Grad, um ge\u00f6ffnet zu werden. Nachdem der Fu\u00dfg\u00e4nger den Fu\u00dfg\u00e4ngerdurchgangssperrstab sanft dr\u00fcckt, dreht sich der Fu\u00dfg\u00e4ngerdurchgangssperrstab automatisch in die T\u00fcr\u00f6ffnungsrichtung. Das Chassis und die rotierende Blockierstange nehmen eine abnehmbare Struktur an, die f\u00fcr die Installation und den Transport bequem ist.<\/p>\n<p>Das Fahrraddrehkreuz hat eine starke wasserdichte und staubdichte F\u00e4higkeit, einen gro\u00dfen Sperrbereich und kann nicht \u00fcberqueren oder klettern. Es eignet sich f\u00fcr Innen- und Au\u00dfenbereiche mit hohen Sicherheitsanforderungen, wie z. B. Milit\u00e4rst\u00fctzpunkte, staatliche Geheimdienste, Gef\u00e4ngnisse, Fabriken, Wohngemeinschaften usw. Erwerben Sie ein vielseitiges Fahrrad-Drehkreuz mit separatem Durchgang f\u00fcr Fu\u00dfg\u00e4nger und Fahrr\u00e4der. Einzigartiges, mannshohes Drehkreuz-Design f\u00fcr gemischten Verkehrsfluss. Ein Fahrrad-Drehkreuz mit h\u00f6chster Sicherheit. Entdecken Sie robuste Fahrrad-Drehkreuze f\u00fcr den Au\u00dfenbereich \u2013 im eleganten, modernen Design. Ein langlebiges, mannhohes Drehkreuz f\u00fcr jede Witterung. Ein hochsicheres Fahrradtor. Entdecken Sie industrietaugliche, extrem belastbare Fahrrad-Drehkreuze mit einzigartig robustem Design. Mannhohes Drehkreuz aus wetterfestem Edelstahl. Fordern Sie noch heute ein Angebot an.        <\/p>\n<p>Das Fahrraddrehkreuz verf\u00fcgt \u00fcber ein mechanisches Anti-Tailing-Design, um jeweils nur eine Person effektiv zu kontrollieren.<\/p>\n<p>Wenn ein legales T\u00fcr\u00f6ffnungssignal in einer Richtung innerhalb der zul\u00e4ssigen Durchgangszeit empfangen wird, werden Fu\u00dfg\u00e4nger, die den Durchgang aus der entgegengesetzten Richtung betreten und die Drehkreuzstange dr\u00fccken, als Gegenpassage betrachtet, und die Drehkreuzstange in dieser Richtung wird gesperrt, um dies zu verhindern Fu\u00dfg\u00e4nger aus der Gegenpassage.<\/p>\n<p>Das R\u00fcckkopplungssteuersystem mit geschlossenem Regelkreis wird verwendet, um den Bewegungszustand der Bremsstange zu \u00fcberwachen, die Verhaltensweisen, die die Sicherheit des Kanals bedrohen, wie illegale Stangenkollision und R\u00fcckw\u00e4rtsdurchgang, empfindlich erkennen und dann Warnungen in Form von Ton aussenden kann und Licht und kann auch mit anderen Sicherheitssystemen verkn\u00fcpft werden.<\/p>\n<p>Das Fahrraddrehkreuz nimmt eine fortschrittliche Drehkreuzmechanismusstruktur an und ist mit einem hochwertigen importierten b\u00fcrstenlosen Gleichstrommotor (Bewegungskern) ausgestattet, so dass die Lebensdauer des Drehkreuzes in voller H\u00f6he super lang und die Leistung stabil und wartungsfrei ist .<\/p>\n<p>Fortschrittliche Motorsteuerungstechnologie: Das fortschrittliche Servosteuerungssystem und die DSP + Armmotorsteuerungstechnologie werden \u00fcbernommen, und der Motorsteuerungsalgorithmus wird kombiniert, um die genaue Steuerung und Positionierung der Barriere zu realisieren.<\/p>\n<p>Wir k\u00f6nnen auch innerhalb weniger Minuten ein Rendering f\u00fcr Sie erstellen, das auf Ihrem aktuellen Szenario basiert. Wir liefern auch detaillierte Layouts und Zeichnungen sowie Installationszeichnungen.<\/p>\n\n        \t\n\t<style type=\"text\/css\">\n\t\t.slider-info-52231.bafg-slider-info .bafg-slider-title {\n\t\t\t\t\t\tfont-size: 22px;\n\t\t\t\t\t\t\n\t\t\t\n\t\t\t\t\t}\n\n\t\t.slider-info-52231.bafg-slider-info .bafg-slider-description {\n\t\t\t\n\t\t\t\n\t\t\t\t\t}\n\n\t\t.slider-info-52231.bafg-slider-info .bafg_slider_readmore_button {\n\t\t\t\n\t\t\t\n\t\t\t\n\t\t\t\n\t\t\t\n\t\t\ttext-align: center;\n\n\t\t\t\n\t\t\t\n\t\t\t\n\t\t\t\n\t\t\t\n\t\t\t\n\t\t\t\t\t}\n\n\t\t.slider-info-52231.bafg-slider-info .bafg_slider_readmore_button:hover {\n\n\t\t\t\n\t\t\t\n\t\t\t\t\t}\n\n\t<\/style>\n\t\n        <div class=\"bafg-twentytwenty-container slider-52231 \" bafg-orientation=\"horizontal\" bafg-default-offset=\"0.5\" bafg-before-label=\"Before\" bafg-after-label=\"After\" bafg-overlay=\"yes\" bafg-move-slider-on-hover=\"yes\" bafg-click-to-move=\"no\">\n              \n            <img decoding=\"async\" class=\"skip-lazy\" src=\"http:\/\/mairsturnstile.com\/wp-content\/uploads\/2024\/10\/full-height-bicycle-turnstile-1.jpg\" alt=\"full height bicycle turnstile\" data-skip-lazy title=\"\">\n            <img decoding=\"async\" class=\"skip-lazy\" src=\"http:\/\/mairsturnstile.com\/wp-content\/uploads\/2024\/10\/full-height-bicycle-turnstile.jpg\" alt=\"full height bicycle turnstile\" data-skip-lazy title=\"\">\n           \n        <\/div>\n\n        \t<div class=\"bafg-slider-info-wraper\">\n\t\t<div style=\"\" class=\"slider-info-52231 bafg-slider-info\">\n\t\t\t\t\t<\/div>\n\t<\/div>\n\t\n        <style type=\"text\/css\">\n            \n        <\/style>\n        \n<p>Ausschalten und T\u00fcr\u00f6ffnung: Das Fahrraddrehkreuz nimmt eine fortschrittliche mechanische Struktur an. Wenn der Strom ausgeschaltet ist, wird die Sperrstange automatisch entriegelt und kann frei geschoben werden, was f\u00fcr die Evakuierung von Personen praktisch ist. Das hei\u00dft, schalten Sie die T\u00fcr aus und \u00f6ffnen Sie sie, um einen Rundum-Personenschutz f\u00fcr vorbeigehendes Personal zu bieten<\/p>\n<p>Not\u00f6ffnung der T\u00fcr: Ausgestattet mit einem Notausgangssteuerger\u00e4t, um die Drehkreuzstange automatisch zu entriegeln und frei zu schieben, um die Evakuierung von Personen zu erleichtern.<\/p>\n<p>Stromschlagschutz: Alle elektrischen Module nehmen eine Sicherheitsspannung unter 24 V an und sind mit einem Fehlerstromschutz ausgestattet, um zu verhindern, dass Fu\u00dfg\u00e4nger durch Stromschlag verletzt werden.<\/p>\n<p>Mechanismus: Das Fahrraddrehkreuz ist automatisch mit einem b\u00fcrstenlosen Motor<\/p>\n<p>Halbautomatische volle H\u00f6he f\u00fcr Personenzugang (automatisch optional)<\/p>\n<p>Zuverl\u00e4ssigkeit des Mechanismus: 5 Millionen, kein Fehler<\/p>\n<p>Mechanismus mit hydraulischem D\u00e4mpfer zur Sto\u00dfd\u00e4mpfung<\/p>\n<p>Die Drehrichtung: Bidirektional\/Einzelrichtung<\/p>\n<p>Notfallsituation: Im Notfall oder bei Unterbrechung der Stromversorgung kann die Dreht\u00fcr auf Fail-Safe, d.h. frei drehbar, oder Fail-Lock konfiguriert werden<\/p>\n<p>Luftfeuchtigkeit des Fahrraddrehkreuzes: \u226495\uff05<\/p>\n<p>Arbeitstemperatur: -25\u2103\uff5e60\u2103<\/p>\n<p>Optionale Funktionen: IC\/ID-Leseger\u00e4t, Barcode-Leseger\u00e4t, Gesichtserkennung, Fingerabdruck, andere Zugangskontrollger\u00e4te, USV usw<\/p>\n<p>Kommunikationsreichweite: \u22641200 m<\/p>\n<p>Kommunikationsschnittstelle: RS485<\/p>\n<p>Gr\u00f6\u00dfe kann angepasst werden<\/p>\n<p>Die zum \u00d6ffnen ben\u00f6tigte Zeit: 0,2 s<\/p>\n<p>Arbeitsumgebung: Innen oder au\u00dfen<\/p>\n<p>Anwendungsbereich: Gemeinde, Fabrik, Baustelle, Schule, Ort des Resorts, Regierungseinrichtung usw<\/p>\n<p>Wir k\u00f6nnen die gesamte L\u00f6sung f\u00fcr die Sicherheitskontrolle anbieten. Wenn Sie ein eigenes Zugangskontrollsystem haben, k\u00f6nnen Sie unser Drehkreuz direkt verwenden. Falls Sie noch keine haben, bieten wir auch eine komplette L\u00f6sung f\u00fcr die Zugangskontrolle an. Einzelheiten entnehmen Sie bitte dem unten stehenden Video.<\/p>\n<p><iframe title=\"YouTube-Videoplayer\" src=\"https:\/\/www.youtube.com\/embed\/nosC8-KSZ-8?si=W3hodTXwckF6EEJr\" width=\"1150\" height=\"650\" frameborder=\"0\" allowfullscreen=\"allowfullscreen\"><span data-mce-type=\"bookmark\" style=\"display: inline-block; width: 0px; overflow: hidden; line-height: 0;\" class=\"mce_SELRES_start\"><\/span><\/iframe><\/p>\n","protected":false},"excerpt":{"rendered":"<p>1. Gr\u00f6\u00dfe: 2630*1500*2350 mm (kann angepasst werden)<\/p>\n<p>2. Spurbreite f\u00fcr: 650 mm (Rotor) 900 mm (Fahrrad)<\/p>\n<p>3. Material: Edelstahl 304 oder Edelstahl 316<\/p>\n<p>4. Durchgangsgeschwindigkeit: 25 Personen\/min<\/p>\n<p>5. Stromversorgung: 110 V\/220 V 50\/60 Hz<\/p>\n<p>6. Antrieb: Halbautomatischer Betrieb<\/p>\n<p>7. Magnetventil: DC24V<\/p>\n<p>8. Tor-offen-Signal: Potenzialfreier Kontakt\/Relais<\/p>\n<p>9. Antrieb: Halbautomatischer Betrieb<\/p>\n<p><span style=\"color: #000000;\"><strong><a style=\"color: #000000;\" title=\"Mairs CE-zertifiziertes Drehkreuz in voller H\u00f6he\" href=\"http:\/\/mairsturnstile.com\/wp-content\/uploads\/2022\/09\/Mairs-CE-Certificate-Full-Height-Turnstile.pdf\" target=\"_blank\" rel=\"noopener noreferrer\">CE-zertifiziert,<\/a> <a style=\"color: #000000;\" title=\"Mairs ISO9001-Zertifikat\" href=\"http:\/\/mairsturnstile.com\/wp-content\/uploads\/2022\/09\/Mairs-Registration-Certificate-ISO9001.pdf\" target=\"_blank\" rel=\"noopener noreferrer\">ISO9001-zertifiziert.<\/a><\/strong><\/span><\/p>\n<p><a title=\"Full Hegiht Bicycle Turnstile Brochure\" href=\"https:\/\/mairsturnstile-online.com\/flipbook\/lx-series-full-height-turnstile\" target=\"_blank\" rel=\"noopener noreferrer\"><span style=\"color: #fcaf3b;\"><strong>Download Full Hegiht Bicycle Turnstile Brochure<\/strong><\/span><\/a><\/p>\n<p><a title=\"Installationshandbuch f\u00fcr Drehkreuze in voller H\u00f6he\" href=\"http:\/\/mairsturnstile.com\/wp-content\/uploads\/2023\/09\/Full-height-turnstile-installation-manual.pdf\" target=\"_blank\" rel=\"noopener noreferrer\"><strong><span style=\"color: #fcaf3b;\">Download Full Height Turnstile User &amp; Installation Manual<\/span><\/strong><\/a><\/p>\n","protected":false},"featured_media":56984,"comment_status":"closed","ping_status":"closed","template":"","meta":{"neve_meta_sidebar":"","neve_meta_container":"","neve_meta_enable_content_width":"off","neve_meta_content_width":0,"neve_meta_title_alignment":"","neve_meta_author_avatar":"","neve_post_elements_order":"","neve_meta_disable_header":"","neve_meta_disable_footer":"","neve_meta_disable_title":"","_ti_tpc_template_sync":false,"_ti_tpc_template_id":""},"product_cat":[433,429],"product_tag":[524,532,454,1474],"class_list":["post-9149","product","type-product","status-publish","has-post-thumbnail","hentry","product_cat-drehkreuze-in-voller-hohe","product_cat-sicherheits-drehkreuze","product_tag-drehkreuze-in-voller-hohe","product_tag-drehkreuztor-in-voller-hohe","product_tag-fahrrad-drehkreuz","product_tag-tor-im-drehstil"],"_links":{"self":[{"href":"https:\/\/mairsturnstile.com\/de\/wp-json\/wp\/v2\/product\/9149","targetHints":{"allow":["GET"]}}],"collection":[{"href":"https:\/\/mairsturnstile.com\/de\/wp-json\/wp\/v2\/product"}],"about":[{"href":"https:\/\/mairsturnstile.com\/de\/wp-json\/wp\/v2\/types\/product"}],"replies":[{"embeddable":true,"href":"https:\/\/mairsturnstile.com\/de\/wp-json\/wp\/v2\/comments?post=9149"}],"version-history":[{"count":1,"href":"https:\/\/mairsturnstile.com\/de\/wp-json\/wp\/v2\/product\/9149\/revisions"}],"predecessor-version":[{"id":72534,"href":"https:\/\/mairsturnstile.com\/de\/wp-json\/wp\/v2\/product\/9149\/revisions\/72534"}],"wp:featuredmedia":[{"embeddable":true,"href":"https:\/\/mairsturnstile.com\/de\/wp-json\/wp\/v2\/media\/56984"}],"wp:attachment":[{"href":"https:\/\/mairsturnstile.com\/de\/wp-json\/wp\/v2\/media?parent=9149"}],"wp:term":[{"taxonomy":"product_cat","embeddable":true,"href":"https:\/\/mairsturnstile.com\/de\/wp-json\/wp\/v2\/product_cat?post=9149"},{"taxonomy":"product_tag","embeddable":true,"href":"https:\/\/mairsturnstile.com\/de\/wp-json\/wp\/v2\/product_tag?post=9149"}],"curies":[{"name":"wp","href":"https:\/\/api.w.org\/{rel}","templated":true}]}}