{"id":9153,"date":"2022-02-17T19:22:11","date_gmt":"2022-02-17T11:22:11","guid":{"rendered":"https:\/\/mairsturnstile.com\/product\/kundenspezifisches-schwenkdrehkreuz-drehkreuz-fuer-flughaefen-mt371l"},"modified":"2024-05-27T20:42:25","modified_gmt":"2024-05-27T12:42:25","slug":"flughafen-drehkreuz","status":"publish","type":"product","link":"https:\/\/mairsturnstile.com\/de\/produkt\/flughafen-drehkreuz","title":{"rendered":"Kundenspezifisches Schwenkdrehkreuz Drehkreuz f\u00fcr Flugh\u00e4fen MT371L"},"content":{"rendered":"<h4>Auf dieses Flughafendrehkreuz erhalten Sie 2 Jahre Garantie und dauerhafte Wartungs- und Reparaturunterst\u00fctzung.<\/h4>\n<p>Wir k\u00f6nnen OEM- und ODM-Dienstleistungen erbringen. Wir haben erfahrene Designer, die eine tiefgreifende Anpassung an Ihre Bed\u00fcrfnisse vornehmen k\u00f6nnen. Wir werden so bald wie m\u00f6glich eine Reihe von Materialien wie 3D-Renderings, Ma\u00dfzeichnungen usw. zur Verf\u00fcgung stellen. Wir bieten auch biometrische Ger\u00e4te wie IC\/ID-Kartenleser, Fingerabdruckscanner, QR-Code-Scanner, Gesichtserkennungskameras und so weiter.<\/p>\n<p><strong>Das Flughafendrehkreuz ist eine Art Drehkreuztor f\u00fcr die Fu\u00dfg\u00e4ngerzugangskontrolle, das am Ein- und Ausgang des Flughafens verwendet wird, um Passagiere in Kombination mit einem Flughafen-Ticketkontrollsystem ein- und auszuchecken.<\/strong><\/p>\n<p>Auswahl des Flughafen-Drehkreuztors: <a href=\"https:\/\/mairsturnstile.com\/category\/swing-turnstile-gate\">Drehkreuztor mit Drehkreuz<\/a>, <a href=\"https:\/\/mairsturnstile.com\/what-is-flap-barrier.html\">Klappensperrtor<\/a>, <a href=\"https:\/\/mairsturnstile.com\/speed-gates.html\">Geschwindigkeitstore<\/a>, <a href=\"https:\/\/mairsturnstile.com\/product\/face-recognition-turnstile\">Drehkreuz mit Gesichtserkennung<\/a>.<\/p>\n<p>Warum das Drehkreuz am Flughafen benutzen? Der Flughafenfluss ist sehr gro\u00df, st\u00fctzt sich nur auf manuelle Verwaltung, sehr schwierig, insbesondere die Verwaltung von Ein- und Ausg\u00e4ngen. Wenn das intelligente QR-Code-Drehkreuz und das Gesichtserkennungs-Drehkreuz am Flughafen installiert sind, kann es nicht nur die Ein- und Ausgangsverwaltung vereinfachen, sondern auch die Verwaltungsebene verbessern.<\/p>\n<p><span style=\"font-weight: 400;\"><span style=\"font-style: inherit; font-weight: inherit;\">Unser SUS 304-<a href=\"https:\/\/en.wikipedia.org\/wiki\/Stainless_steel\" target=\"_blank\" rel=\"noopener\">Edelstahl<\/a>-Sicherheitsdrehkreuz mit Drehkreuz f\u00fcr Flugh\u00e4fen bietet eine Fahrspur von bis zu 1100 mm f\u00fcr Fahrr\u00e4der, Rollst\u00fchle, Motorr\u00e4der, Trolleys, Gep\u00e4ck usw. <\/span><\/span><span style=\"font-style: inherit; font-weight: inherit;\">Wasserdichtes Drehkreuz aus Edelstahl SUS 304 f\u00fcr den Wohnungseingang. Es wird haupts\u00e4chlich am Tor von Unternehmenseinheiten, Industrieanlagen und gehobenen Wohngebieten eingesetzt.<\/span><\/p>\n<p>Wir k\u00f6nnen auch innerhalb weniger Minuten ein Rendering f\u00fcr Sie erstellen, das auf Ihrem aktuellen Szenario basiert. Wir liefern auch detaillierte Layouts und Zeichnungen sowie Installationszeichnungen.<\/p>\n<ul>\n<li>Flughafen-Drehkreuztor mit hoher Verkehrsgeschwindigkeit, das normalerweise an Standorten mit hohem Verkehrsaufkommen im bidirektionalen Betrieb eingesetzt wird.<\/li>\n<li>Das Geh\u00e4use besteht aus Edelstahl 304 mit Haarstruktur, der einen nahtlosen und eleganten Zugangspunkt schafft, der zu den meisten Innenumgebungen passt.<\/li>\n<li>Dieses Flughafendrehkreuz ist mit dem internationalen Standard RS485 und Relais ausgestattet, was es weitgehend kompatibel mit der gesamten in der Branche vorhandenen Software und fast allen Zugangskontrollen wie RFID-Systemen, Barcode-Systemen, Gesichtserkennungssystemen, Fingerabdrucksystemen usw. macht.<\/li>\n<li>Unterbrechen Sie im Notfall den Strom. Das Slim-Drehkreuztor \u00f6ffnet sich automatisch und erm\u00f6glicht den freien Durchgang, was den Brandschutzanforderungen entspricht. Aber es muss ein Akku dabei sein. Da beim Export die Batterie empfindlich ist, k\u00f6nnen wir den Kondensator ersetzen<\/li>\n<li>Das Flughafendrehkreuz eignet sich f\u00fcr luxuri\u00f6se und hochwertige Eingangsl\u00f6sungen.<\/li>\n<li>Das gesamte System l\u00e4uft reibungslos, ger\u00e4uscharm und mit hoher Geschwindigkeit.<\/li>\n<li>Alarmfunktion, wenn es sich um ein illegales Eindringen oder ein umgekehrtes Eindringen handelt, alarmiert das Tor und die T\u00fcr wird verriegelt.<\/li>\n<li>Es gibt insgesamt 5 Paar Infrarotsensoren. Die mittleren Sensoren sollen verhindern, dass Fu\u00dfg\u00e4nger eingeklemmt werden.<\/li>\n<li>Anti-Tailing-Funktion, eine Person kann gleichzeitig passieren. Wenn jemand den Vorderleuten hinterherl\u00e4uft, schl\u00e4gt das Tor Alarm<\/li>\n<li>LED-Anzeige. Rotes Kreuz und gr\u00fcner Pfeil. Es gibt auch LED-Anzeigen am vorderen Pfosten. Das LED-Licht kann den Armen hinzugef\u00fcgt werden.<\/li>\n<li>Der bidirektionale Zugriff reduziert den Bedarf an weiteren Gates. Es ist f\u00fcr Rollst\u00fchle und Einkaufskinderwagen geeignet, wodurch die Effizienz des Passierens erh\u00f6ht wird.<\/li>\n<li>Automatische Reset-Funktion. Wenn die Personen innerhalb der voreingestellten Zeit (die Standardzeit ist 5 Sekunden) vorbeigegangen sind, hebt das System die Berechtigung des Benutzers auf und schlie\u00dft sich automatisch.<\/li>\n<li>Anti-Sto\u00df, Anti-Klemmung, das \u00e4u\u00dfere Drehkreuztor ist b\u00fcrstenlos. Wenn jemand w\u00e4hrend des Betriebs gegen den Arm schl\u00e4gt, wird das \u00e4u\u00dfere Drehkreuztor automatisch zur\u00fcckgesetzt. Diese Funktion verhindert effektiv, dass Fu\u00dfg\u00e4nger, insbesondere Kinder, ansto\u00dfen, kollidieren, schlagen usw.<\/li>\n<li>Gr\u00f6\u00dfe und Materialst\u00e4rke k\u00f6nnen angepasst werden<\/li>\n<li>Geh\u00e4usematerial: Edelstahl 304<\/li>\n<li> Zuverl\u00e4ssigkeit des Mechanismus: 3 Millionen-5 Millionen, kein Fehler<\/li>\n<li>LED-Leuchten an den Armen sind optional<\/li>\n<li>LED auf dem Sideboard ist optional<\/li>\n<li>Schwingenst\u00e4rke: 10 mm<\/li>\n<li>Arbeitsrichtung: Bidirektional\/Einseitig gerichtet<\/li>\n<li>Notsituation: automatisch \u00f6ffnen, wenn der Strom mit einem Kondensator unterbrochen wird<\/li>\n<li>Luftfeuchtigkeit: \u226490\uff05<\/li>\n<li>Arbeitstemperatur: -20\u2103\uff5e60\u2103<\/li>\n<li>Kommunikationsreichweite: \u22641200 m<\/li>\n<li>Kommunikationsschnittstelle: RS485<\/li>\n<li>Feature: IC\/ID-Leser, Barcode-Leser, Gesichtserkennung, Fingerabdruck, andere Zugangskontrollger\u00e4te, USV usw<\/li>\n<li>Die zum \u00d6ffnen ben\u00f6tigte Zeit: 0,2 s<\/li>\n<li>Arbeitsumgebung: Innen<\/li>\n<li>Anwendungsbereich: Gemeinde, Fabrik, Baustelle, Schule, Erholungsort usw<\/li>\n<\/ul>\n<p>Wir k\u00f6nnen die gesamte L\u00f6sung f\u00fcr die Sicherheitskontrolle anbieten. Wenn Sie ein eigenes Zugangskontrollsystem haben, k\u00f6nnen Sie unser Drehkreuz direkt verwenden. Falls Sie noch keine haben, bieten wir auch eine komplette L\u00f6sung f\u00fcr die Zugangskontrolle an. Einzelheiten entnehmen Sie bitte dem unten stehenden Video.<\/p>\n<p><iframe title=\"YouTube-Videoplayer\" src=\"https:\/\/www.youtube.com\/embed\/rR_US2dIKU8?si=E0N9uSYd9J7L-F0r\" width=\"1150\" height=\"650\" frameborder=\"0\" allowfullscreen=\"allowfullscreen\"><span data-mce-type=\"bookmark\" style=\"display: inline-block; width: 0px; overflow: hidden; line-height: 0;\" class=\"mce_SELRES_start\"><\/span><\/iframe><\/p>\n","protected":false},"excerpt":{"rendered":"<p>1. Gr\u00f6\u00dfe: 2200 * 200 * 1440 mm (kann angepasst werden)<\/p>\n<p>2. Fahrbahnbreite: 600 mm (Standard)<\/p>\n<p>3. Waffenmaterial: Acryl<\/p>\n<p>4. Durchgangsgeschwindigkeit: 40 Personen\/min<\/p>\n<p>5. Stromversorgung: 110 V\/220 V 50\/60 Hz<\/p>\n<p>6. B\u00fcrstenloser Motor<\/p>\n<p>7. Tor-offen-Signal: Potentialfreier Kontakt\/Relais<\/p>\n<p>8. Antriebsmotor: 24 V<\/p>\n<p>9. Gewicht: 90 kg\/Stk<\/p>\n<p><strong><a title=\"Mairs CE-zertifiziertes Drehkreuztor mit Drehkreuz\" href=\"http:\/\/mairsturnstile.com\/wp-content\/uploads\/2022\/09\/Mairs-CE-Certificate-Swing-Turnstile-Gate.pdf\" target=\"_blank\" rel=\"noopener noreferrer\">CE-zertifiziert,<\/a> <a title=\"Mairs ISO9001-Zertifikat\" href=\"http:\/\/mairsturnstile.com\/wp-content\/uploads\/2022\/09\/Mairs-Registration-Certificate-ISO9001.pdf\" target=\"_blank\" rel=\"noopener noreferrer\">ISO9001-zertifiziert.<\/a><\/strong><\/p>\n","protected":false},"featured_media":65818,"comment_status":"closed","ping_status":"closed","template":"","meta":{"neve_meta_sidebar":"","neve_meta_container":"","neve_meta_enable_content_width":"off","neve_meta_content_width":0,"neve_meta_title_alignment":"","neve_meta_author_avatar":"","neve_post_elements_order":"","neve_meta_disable_header":"","neve_meta_disable_footer":"","neve_meta_disable_title":"","_ti_tpc_template_sync":false,"_ti_tpc_template_id":""},"product_cat":[427,429],"product_tag":[460,459],"class_list":["post-9153","product","type-product","status-publish","has-post-thumbnail","hentry","product_cat-schwenkbares-drehkreuztor","product_cat-sicherheits-drehkreuze","product_tag-drehkreuz-am-flughafen","product_tag-schwenkdrehkreuz"],"_links":{"self":[{"href":"https:\/\/mairsturnstile.com\/de\/wp-json\/wp\/v2\/product\/9153","targetHints":{"allow":["GET"]}}],"collection":[{"href":"https:\/\/mairsturnstile.com\/de\/wp-json\/wp\/v2\/product"}],"about":[{"href":"https:\/\/mairsturnstile.com\/de\/wp-json\/wp\/v2\/types\/product"}],"replies":[{"embeddable":true,"href":"https:\/\/mairsturnstile.com\/de\/wp-json\/wp\/v2\/comments?post=9153"}],"version-history":[{"count":0,"href":"https:\/\/mairsturnstile.com\/de\/wp-json\/wp\/v2\/product\/9153\/revisions"}],"wp:featuredmedia":[{"embeddable":true,"href":"https:\/\/mairsturnstile.com\/de\/wp-json\/wp\/v2\/media\/65818"}],"wp:attachment":[{"href":"https:\/\/mairsturnstile.com\/de\/wp-json\/wp\/v2\/media?parent=9153"}],"wp:term":[{"taxonomy":"product_cat","embeddable":true,"href":"https:\/\/mairsturnstile.com\/de\/wp-json\/wp\/v2\/product_cat?post=9153"},{"taxonomy":"product_tag","embeddable":true,"href":"https:\/\/mairsturnstile.com\/de\/wp-json\/wp\/v2\/product_tag?post=9153"}],"curies":[{"name":"wp","href":"https:\/\/api.w.org\/{rel}","templated":true}]}}