{"id":9154,"date":"2022-02-17T18:25:21","date_gmt":"2022-02-17T10:25:21","guid":{"rendered":"https:\/\/mairsturnstile.com\/product\/sicherheitsdrehkreuze-aus-aluminiumlegierung-speed-gates-mt-l363"},"modified":"2026-05-12T15:14:06","modified_gmt":"2026-05-12T07:14:06","slug":"sicherheits-drehkreuze","status":"publish","type":"product","link":"https:\/\/mairsturnstile.com\/de\/produkt\/sicherheits-drehkreuze","title":{"rendered":"Sicherheitsdrehkreuze Beschichtung Geschwindigkeitsschleusen MT-A301"},"content":{"rendered":"        <!-- 3D Model html -->\r\n        <div class=\"bp_grand wrapper_42595\">   \r\n        <div class=\"bp_model_parent\">\r\n            <model-viewer class=\"model\" id=\"bp_model_id_42595\" src=\"http:\/\/mairsturnstile.com\/wp-content\/uploads\/2022\/02\/A309.glb\" alt=\"A309\" camera-controls  loading=\"auto\" auto-rotate                        >\r\n            <\/model-viewer>\r\n        \r\n            <!-- Button -->\r\n            <svg id=\"openBtn\" width=\"30px\" height=\"30px\" viewBox=\"0 0 16 16\" xmlns=\"http:\/\/www.w3.org\/2000\/svg\" fill=\"#f2f2f2\" class=\"bi bi-arrows-fullscreen model-icon\">\r\n                <path fill-rule=\"evenodd\" d=\"M5.828 10.172a.5.5 0 0 0-.707 0l-4.096 4.096V11.5a.5.5 0 0 0-1 0v3.975a.5.5 0 0 0 .5.5H4.5a.5.5 0 0 0 0-1H1.732l4.096-4.096a.5.5 0 0 0 0-.707zm4.344 0a.5.5 0 0 1 .707 0l4.096 4.096V11.5a.5.5 0 1 1 1 0v3.975a.5.5 0 0 1-.5.5H11.5a.5.5 0 0 1 0-1h2.768l-4.096-4.096a.5.5 0 0 1 0-.707zm0-4.344a.5.5 0 0 0 .707 0l4.096-4.096V4.5a.5.5 0 1 0 1 0V.525a.5.5 0 0 0-.5-.5H11.5a.5.5 0 0 0 0 1h2.768l-4.096 4.096a.5.5 0 0 0 0 .707zm-4.344 0a.5.5 0 0 1-.707 0L1.025 1.732V4.5a.5.5 0 0 1-1 0V.525a.5.5 0 0 1 .5-.5H4.5a.5.5 0 0 1 0 1H1.732l4.096 4.096a.5.5 0 0 1 0 .707z\"\/>\r\n            <\/svg>\r\n        \r\n            <svg id=\"closeBtn\" class=\"model-icon\" width=\"34px\" height=\"34px\" viewBox=\"0 0 24 24\" xmlns=\"http:\/\/www.w3.org\/2000\/svg\">\r\n                <path fill=\"none\" stroke=\"#f2f2f2\" stroke-width=\"2\" d=\"M7,7 L17,17 M7,17 L17,7\"\/>\r\n            <\/svg>\r\n        \r\n        <\/div>\r\n        <\/div> \r\n\r\n        <!-- Model Viewer Style -->\r\n        <style>\r\n            \r\n            .wrapper_42595 .bp_model_parent, #bp_model_id_42595 {\r\n                width: 1150px;\r\n                max-width: 100%;\r\n                                            }\r\n            #bp_model_id_42595 {\r\n                height:700px;\r\n                background-color: #f9f9f9;\r\n            }\r\n            .fullscreen #bp_model_id_42595{\r\n            height: 100%;\r\n            width: 100%;\r\n            }\r\n            .wrapper_42595 .bp_model_parent{\r\n                justify-content: start            }\r\n            model-viewer.model {\r\n                --poster-color: transparent;\r\n            }\r\n        <\/style>\r\n        \r\n        \n<p>Die Sicherheitsdrehkreuze Plating Speed Gates A301 haben eine 2-Jahres-Garantie und einen dauerhaften Wartungs- und Reparaturservice. Sicherheitsturnstiles \u2013 Einzigartig gestaltete Speed \u200b\u200bGates mit erstklassigem Schutz. Entdecken Sie unsere einzigartig gestalteten Sicherheitsturnstiles \u2013 hochwertige Speed \u200b\u200bGates, die elegantes architektonisches Design mit robuster Sicherheit auf Industrieniveau verbinden. Zu den Leistungsmerkmalen z\u00e4hlen eine \u00d6ffnungsgeschwindigkeit von nur 0,3 Sekunden, ein Personendurchsatz von 40 bis 60 Personen pro Minute sowie ein b\u00fcrstenloser DC-Servomotor. Mit fortschrittlicher Erkennung von unbefugtem Nachfolgen (Tailgating). Zertifiziert nach EN 13637 f\u00fcr den Einsatz als Notausgang. OEM-Anpassungen verf\u00fcgbar.    <\/p>\n<p>Wir k\u00f6nnen OEM- und ODM-Dienstleistungen erbringen. Ma\u00dfgeschneidertes Speed-Gate-Design mit markenspezifischen Sicherheitsl\u00f6sungen: Ben\u00f6tigen Sie Hochsicherheitsturnstiles, die Ihre Markenidentit\u00e4t widerspiegeln? Unser Service f\u00fcr ma\u00dfgeschneidertes Design bietet individuell anpassbare Oberfl\u00e4chen, Farben, Materialien (SUS304-Edelstahl, geh\u00e4rtetes Glas, pulverbeschichtete RAL-Farben) sowie Logo-Integration. Mit fortschrittlicher Tailgating-Erkennung, elektromechanischer Verriegelung und biometrischer Integration. OEM\/ODM-Anfragen sind willkommen. \u201eSicherheit ohne Kompromisse beim Stil.\u201c Wir bieten zudem eine Reihe biometrischer Ger\u00e4te an \u2013 darunter IC\/ID-Kartenleser, Fingerabdruckscanner, QR-Code-Scanner, Kameras zur Gesichtserkennung und vieles mehr. Sollten Sie diese Ger\u00e4te in die Sicherheitsturnstiles Ihres Eingangsbereichs integrieren wollen oder Fragen dazu haben, kontaktieren <a href=\"https:\/\/mairsturnstile.com\/contact\">Sie uns bitte<\/a>. Fortschrittliche Tailgating-Erkennung trifft auf architektonische Exzellenz: Erleben Sie branchenf\u00fchrende Sicherheit mit unseren optischen Sicherheitsturnstiles. Ausgestattet mit einer hochaufl\u00f6senden Infrarot-Lichtschrankenmatrix und dynamischen, pr\u00e4diktiven Algorithmen zur zuverl\u00e4ssigen Erkennung von unbefugtem Nachfolgen (Tailgating). Mit einer Durchlasskapazit\u00e4t von 40\u201360 Personen pro Minute, elektromechanischer Verriegelung und 1800 mm hohen Glasbarrieren, die ein \u00dcbersteigen verhindern. Ein einzigartiges \u00e4sthetisches Design, das keinerlei Abstriche bei der Sicherheit macht. CE\/EN13637-zertifiziert.         <\/p>\n<p><strong>Sicherheitsdrehkreuze sind eine Art <a href=\"https:\/\/en.wikipedia.org\/wiki\/Access_control\" target=\"_blank\" rel=\"noopener\">Sicherheitszugangskontrollger\u00e4t<\/a> f\u00fcr Fu\u00dfg\u00e4nger, das h\u00e4ufig an Orten eingesetzt wird, an denen der Ein- und Ausgang des Personals kontrolliert werden muss. Sicherheitsdrehkreuze verbessern die Sicherheitsleistung von Fu\u00dfg\u00e4ngerpassagen und der Umwelt erheblich und erh\u00f6hen das Sicherheitsgef\u00fchl von Fu\u00dfg\u00e4ngern.<\/strong> Hochsicherheits-Drehkreuze f\u00fcr Unternehmenslobbys \u2013 Optische Speed \u200b\u200bGates f\u00fcr Rechenzentren &#038; Banken. Steigern Sie die Sicherheit Ihres Unternehmens mit unseren Hochsicherheits-Drehkreuzen. Sie bestechen durch ein einzigartiges \u00e4sthetisches Design, eine Oberfl\u00e4che aus SUS304-Edelstahl sowie einen fl\u00fcsterleisen, b\u00fcrstenlosen Gleichstrommotor. Dank fortschrittlicher Tailgating-Erkennung mit einer Pr\u00e4zision von unter 6 mm (1\/4 Zoll) und einer elektromechanischen Verriegelung, die gewaltsamen Zutrittsversuchen standh\u00e4lt, bieten sie maximalen Schutz. Eine nahtlose Integration in biometrische und RFID-Systeme ist problemlos m\u00f6glich. Die ideale L\u00f6sung f\u00fcr Unternehmenszentralen, Rechenzentren und Finanzinstitute.    <\/p>\n<p>Die Hauptfunktion der Sicherheitsdrehkreuze besteht darin, die Fu\u00dfg\u00e4nger geordnet durch den Durchgang flie\u00dfen zu lassen, um die Sicherheit der Fu\u00dfg\u00e4nger und der Umwelt zu gew\u00e4hrleisten. Maximize floor space without compromising security. Our compact security turnstiles (\u2264180mm wide) fit narrow receptacles. Built for daily crowds. These heavy\u2011duty security turnstiles handle 45+ persons\/min with brushless motor. For stadiums &#038; transport hubs. Maximize secure pedestrian flow with our high-throughput security turnstiles. Achieves up to 60 persons per minute throughput with 0.3s-0.5s opening speed. Unique aesthetic design, 1\/4-inch tailgating detection accuracy &#038; durable SUS304 construction. Up to 10 million cycles MCBF. Perfect for airports, metro stations, sports stadiums &#038; convention centers.         <\/p>\n<p>Sicherheitsdrehkreuze werden in der <a href=\"https:\/\/mairsturnstile.com\/category\/tripod-turnstile\">Regel unterteilt in Drehkreuz<\/a>, <a href=\"https:\/\/mairsturnstile.com\/swing-turnstile-gate.html\">Schwingendrehkreuz<\/a>, <a href=\"https:\/\/mairsturnstile.com\/what-is-flap-barrier.html\">Klappensperre<\/a>, <a href=\"https:\/\/mairsturnstile.com\/full-height-turnstiles.html\">Drehkreuz in voller H\u00f6he<\/a>, <a href=\"https:\/\/mairsturnstile.com\/product\/sliding-turnstile\">Schiebedrehkreuz<\/a>, <a href=\"https:\/\/mairsturnstile.com\/speed-gates.html\">Speed-Gates<\/a>, wenn Sie mehr Details erfahren m\u00f6chten, lesen Sie bitte unseren Artikel: <a href=\"https:\/\/mairsturnstile.com\/types-of-turnstiles.html\">Arten von Drehkreuzen.<\/a><\/p>\n<p>Sicherheitsdrehkreuze Speed Gates MT-L363 ist auch eine Art Speed Gate. Speed Gates sind eine Art Drehkreuztor f\u00fcr die Fu\u00dfg\u00e4ngerzugangskontrolle, das eine h\u00f6here Verkehrsgeschwindigkeit, Laufgeschwindigkeit, genauere Positionierungsfunktion und einen stabileren Betrieb als das Drehkreuztor mit Drehkreuz aufweist. Es kann als verbessertes Produkt des Drehkreuztors betrachtet werden. Speed Gates verwenden einen besseren integrierten Mechanismus mit b\u00fcrstenlosem Gleichstrom oder Servomotor. Es handelt sich um ein hochintelligentes Ger\u00e4t zur Verwaltung des Zugangs f\u00fcr Fu\u00dfg\u00e4nger, das das Passieren des menschlichen K\u00f6rpers vollst\u00e4ndig erkennen kann, sodass es sicher, zuverl\u00e4ssig, schnell und effizient ist.<\/p>\n<p>Das Speed Gate-Sicherheitsdrehkreuz hat eine hohe Kostenleistung. Weit verbreitet in kommerziellen High-End-Anl\u00e4ssen, in der Lobby von Geb\u00e4uden, Bahnh\u00f6fen, U-Bahn-Stationen, Aussichtspunkten usw.<\/p>\n<p>Das Speed Gate-Sicherheitsdrehkreuz hat eine schnelle Reaktionsgeschwindigkeit, Super-Stummschaltung, modisches Erscheinungsbild, Kollisionsschutz, automatisches Zur\u00fccksetzen, Speicherfunktion, Fernbedienung, Sprachaufforderungsfunktion usw.<\/p>\n<p>Dieses Speed Gate-Drehkreuz kann mit IC-Karten, ID-Karten, Barcode-Karten, Fingerabdruck-Kartenlesern, Gesichtserkennungskameras und anderen biometrischen Ger\u00e4ten kompatibel sein und bietet dem Personal einen zivilisierten und geordneten Zugang. Effektive Verwaltung der Zugriffsrechte von Mitarbeitern. Es kann in Lobbys von Geb\u00e4uden, Bahnh\u00f6fen, Kais, U-Bahnen, Fabriken, B\u00fcrogeb\u00e4uden, Hotels, Clubs, intelligenten Gemeinschaften, Unternehmen und anderen Orten eingesetzt werden, die eine intelligente Verwaltung der Zugangskontrolle ben\u00f6tigen.<\/p>\n<p>Wir k\u00f6nnen auch innerhalb weniger Minuten ein Rendering f\u00fcr Sie erstellen, das auf Ihrem aktuellen Szenario basiert. Wir liefern auch detaillierte Layouts und Zeichnungen sowie Installationszeichnungen.<\/p>\n\n        \t\n\t<style type=\"text\/css\">\n\t\t.slider-info-42596.bafg-slider-info .bafg-slider-title {\n\t\t\t\t\t\tfont-size: 22px;\n\t\t\t\t\t\t\n\t\t\t\n\t\t\t\t\t}\n\n\t\t.slider-info-42596.bafg-slider-info .bafg-slider-description {\n\t\t\t\n\t\t\t\n\t\t\t\t\t}\n\n\t\t.slider-info-42596.bafg-slider-info .bafg_slider_readmore_button {\n\t\t\t\n\t\t\t\n\t\t\t\n\t\t\t\n\t\t\t\n\t\t\ttext-align: center;\n\n\t\t\t\n\t\t\t\n\t\t\t\n\t\t\t\n\t\t\t\n\t\t\t\n\t\t\t\t\t}\n\n\t\t.slider-info-42596.bafg-slider-info .bafg_slider_readmore_button:hover {\n\n\t\t\t\n\t\t\t\n\t\t\t\t\t}\n\n\t<\/style>\n\t\n        <div class=\"bafg-twentytwenty-container slider-42596 \" bafg-orientation=\"horizontal\" bafg-default-offset=\"0.5\" bafg-before-label=\"Before\" bafg-after-label=\"After\" bafg-overlay=\"yes\" bafg-move-slider-on-hover=\"yes\" bafg-click-to-move=\"no\">\n              \n            <img decoding=\"async\" class=\"skip-lazy\" src=\"http:\/\/mairsturnstile.com\/wp-content\/uploads\/2022\/02\/security-turnstiles-4-1.jpg\" alt=\"security turnstiles\" data-skip-lazy title=\"\">\n            <img decoding=\"async\" class=\"skip-lazy\" src=\"http:\/\/mairsturnstile.com\/wp-content\/uploads\/2022\/02\/security-turnstiles-5-1.jpg\" alt=\"security turnstiles\" data-skip-lazy title=\"\">\n           \n        <\/div>\n\n        \t<div class=\"bafg-slider-info-wraper\">\n\t\t<div style=\"\" class=\"slider-info-42596 bafg-slider-info\">\n\t\t\t\t\t<\/div>\n\t<\/div>\n\t\n        <style type=\"text\/css\">\n            \n        <\/style>\n        \n<h4><strong>Technische Parameter:<\/strong><\/h4>\n<p>Gr\u00f6\u00dfe und Materialst\u00e4rke k\u00f6nnen angepasst werden<\/p>\n<p>Geh\u00e4usematerial: Kaltgewalztes Blech und Aluminiumlegierung;<\/p>\n<p>Aluminiumlegierungen k\u00f6nnen in verschiedene Farben oxidiert werden<\/p>\n<p>Zuverl\u00e4ssigkeit des Mechanismus: 3 Millionen-5 Millionen, kein Fehler<\/p>\n<p>Arbeitsrichtung: Bidirektional\/Einseitig gerichtet<\/p>\n<p>Notsituation: automatisch \u00f6ffnen, wenn der Strom mit einem Kondensator unterbrochen wird<\/p>\n<p>Luftfeuchtigkeit: \u226490\uff05Keine Kondensation<\/p>\n<p>Arbeitstemperatur: -25\u2103\uff5e70\u2103<\/p>\n<p>Kommunikationsreichweite: \u22641200 m<\/p>\n<p>Kommunikationsschnittstelle: RS485<\/p>\n<p>Feature: IC\/ID-Leser, Barcode-Leser, Gesichtserkennung, Fingerabdruck, andere Zugangskontrollger\u00e4te, USV usw<\/p>\n<p>Die zum \u00d6ffnen ben\u00f6tigte Zeit: 0,2 s<\/p>\n<p>Arbeitsumgebung: Innen<\/p>\n<p>Anwendungsbereich: Gemeinde, B\u00fcrogeb\u00e4ude, Schule, Erholungsort usw<\/p>\n","protected":false},"excerpt":{"rendered":"<p>1. Gr\u00f6\u00dfe: 1500 * 120 * 1000 mm (kann angepasst werden)<\/p>\n<p>2. Bahnbreite: 600 mm (Standard) 1000 mm (max.)<\/p>\n<p>3. Armmaterial: 10 mm Acryl<\/p>\n<p>4. Durchgangsgeschwindigkeit: 40 Personen\/min<\/p>\n<p>5. Stromversorgung: 110 V\/220 V 50\/60 Hz<\/p>\n<p>6. Mechanismus: B\u00fcrstenloser Motor<\/p>\n<p>7. Tor\u00f6ffnungssignal: 12-V-Trockenkontakt<\/p>\n<p>8. Antriebsmotor: 24 V<\/p>\n<p>9. Gewicht: 90 kg\/Stk<\/p>\n<p><span style=\"color: #000000;\"><strong><a style=\"color: #000000;\" title=\"Mairs CE-zertifiziertes Speed Gate-Drehkreuz\" href=\"http:\/\/mairsturnstile.com\/wp-content\/uploads\/2022\/09\/Mairs-CE-Certificate-Speed-Gate-Turnstile.pdf\" target=\"_blank\" rel=\"noopener noreferrer\">CE-zertifiziert,<\/a> <a style=\"color: #000000;\" title=\"Mairs ISO9001-Zertifikat\" href=\"http:\/\/mairsturnstile.com\/wp-content\/uploads\/2022\/09\/Mairs-Registration-Certificate-ISO9001.pdf\" target=\"_blank\" rel=\"noopener noreferrer\">ISO9001-zertifiziert.<\/a><\/strong><\/span><\/p>\n<p><a title=\"Security Turnstiles Brochure\" href=\"https:\/\/mairsturnstile-online.com\/flipbook\/mt-a301-speed-gate-turnstile-brochure\" target=\"_blank\" rel=\"noopener noreferrer\"><strong><span style=\"color: #fcaf3b;\">Download MT-A301 Security Turnstile Brochure<\/span><\/strong><\/a><\/p>\n","protected":false},"featured_media":59462,"comment_status":"closed","ping_status":"closed","template":"","meta":{"neve_meta_sidebar":"","neve_meta_container":"","neve_meta_enable_content_width":"off","neve_meta_content_width":0,"neve_meta_title_alignment":"","neve_meta_author_avatar":"","neve_post_elements_order":"","neve_meta_disable_header":"","neve_meta_disable_footer":"","neve_meta_disable_title":"","_ti_tpc_template_sync":false,"_ti_tpc_template_id":""},"product_cat":[428,429],"product_tag":[1467,1491,461,1495,463],"class_list":["post-9154","product","type-product","status-publish","has-post-thumbnail","hentry","product_cat-geschwindigkeitstore-2","product_cat-sicherheits-drehkreuze","product_tag-eingangstore-mit-drehkreuz","product_tag-sicherheits-drehkreuztor","product_tag-sicherheitsdrehkreuze","product_tag-speed-gate-drehkreuz","product_tag-speed-gates-de"],"_links":{"self":[{"href":"https:\/\/mairsturnstile.com\/de\/wp-json\/wp\/v2\/product\/9154","targetHints":{"allow":["GET"]}}],"collection":[{"href":"https:\/\/mairsturnstile.com\/de\/wp-json\/wp\/v2\/product"}],"about":[{"href":"https:\/\/mairsturnstile.com\/de\/wp-json\/wp\/v2\/types\/product"}],"replies":[{"embeddable":true,"href":"https:\/\/mairsturnstile.com\/de\/wp-json\/wp\/v2\/comments?post=9154"}],"version-history":[{"count":1,"href":"https:\/\/mairsturnstile.com\/de\/wp-json\/wp\/v2\/product\/9154\/revisions"}],"predecessor-version":[{"id":73092,"href":"https:\/\/mairsturnstile.com\/de\/wp-json\/wp\/v2\/product\/9154\/revisions\/73092"}],"wp:featuredmedia":[{"embeddable":true,"href":"https:\/\/mairsturnstile.com\/de\/wp-json\/wp\/v2\/media\/59462"}],"wp:attachment":[{"href":"https:\/\/mairsturnstile.com\/de\/wp-json\/wp\/v2\/media?parent=9154"}],"wp:term":[{"taxonomy":"product_cat","embeddable":true,"href":"https:\/\/mairsturnstile.com\/de\/wp-json\/wp\/v2\/product_cat?post=9154"},{"taxonomy":"product_tag","embeddable":true,"href":"https:\/\/mairsturnstile.com\/de\/wp-json\/wp\/v2\/product_tag?post=9154"}],"curies":[{"name":"wp","href":"https:\/\/api.w.org\/{rel}","templated":true}]}}