{"id":9156,"date":"2022-01-29T21:47:23","date_gmt":"2022-01-29T13:47:23","guid":{"rendered":"https:\/\/mairsturnstile.com\/product\/anti-terror-hochleistungs-strassensperre-mt831"},"modified":"2023-01-16T17:36:00","modified_gmt":"2023-01-16T09:36:00","slug":"automatic-road-blocker","status":"publish","type":"product","link":"https:\/\/mairsturnstile.com\/de\/produkt\/automatic-road-blocker","title":{"rendered":"Anti-Terror-Hochleistungs-Stra\u00dfensperre MT831"},"content":{"rendered":"<h3>Der automatische Stra\u00dfenblocker bietet 2 Jahre Garantie und dauerhafte Wartungs- und Reparaturunterst\u00fctzung.<\/h3>\n<p>Wir k\u00f6nnen OEM- und ODM-Dienstleistungen erbringen. Diese automatische Stra\u00dfensperre kann mit einem Kartenleser ausgestattet werden, der das Anheben der hydraulischen Hebepoller durch Durchziehen der Karte automatisch steuern kann. Es kann auch mit einem Park-Drehkreuz oder einer <a href=\"https:\/\/en.wikipedia.org\/wiki\/Access_control\" target=\"_blank\" rel=\"noopener\">Zugangskontrolle<\/a> ausgestattet werden. Es kann auch mit dem Managementsystem und dem Ladesystem verbunden und vom Computer gesteuert werden. Sie k\u00f6nnen die LED-Blinkfunktion auch so anpassen, dass sie w\u00e4hrend der S\u00e4ulenaktivit\u00e4t eine Blinkwarnung und nachts eine Lichtwarnung ausgibt. Sie k\u00f6nnen auch den akustischen Alarm und den intermittierenden Alarm anpassen. Wenn Sie einen hydraulisch ansteigenden Poller anfertigen lassen m\u00f6chten, <a href=\"https:\/\/mairsturnstile.com\/contact\">kontaktieren Sie uns<\/a> bitte.<\/p>\n<p>Automatische Stra\u00dfensperre ist eine Art Verkehrssicherheitsausr\u00fcstung mit guten Eigenschaften (wie Antikollision, Antiterrorismus, Antirost, Korrosionsbest\u00e4ndigkeit, lange Lebensdauer usw.), die verwendet wird, um zu verhindern, dass unbefugte Fahrzeuge gewaltsam einfahren, und hat eine hohe Praktikabilit\u00e4t, Zuverl\u00e4ssigkeit und Sicherheit.<\/p>\n<p>Automatische Stra\u00dfensperren werden h\u00e4ufig in Autobahnmautstellen, Kontrollpunkten, Gef\u00e4ngnissen, Flugh\u00e4fen, Regierungsbeh\u00f6rden, Botschaften, Milit\u00e4rst\u00fctzpunkten, Zoll, Banken, Industrie- und Bergbauunternehmen, H\u00e4fen, Lagerh\u00e4usern, Parkpl\u00e4tzen und allen Orten eingesetzt, an denen der Fahrzeugverkehr eingeschr\u00e4nkt ist.<\/p>\n<p>Die automatische Stra\u00dfensperre ist eines der h\u00f6chstsicheren Fahrzeugzugangskontrollsysteme, in das ein Fahrzeug ohne Genehmigung nicht einfahren kann. Reifen des unerlaubten Fahrzeugs platzen sofort auf, daher bewegt sich das Fahrzeug nur noch wenige Meter und wird gestoppt. Die Backen des Reifenkillers bewegen sich alle zusammen. Die Elektroantriebseinheit wird an einem Ende des Reifenkillers platziert, sie steht \u00fcber dem Boden und ist eine komplette Baugruppe mit der Karosserie. Auf diese Weise werden sowohl eine gleichm\u00e4\u00dfige Bewegungs\u00fcbertragung als auch eine minimale Beeinflussung durch \u00e4u\u00dfere Faktoren erreicht.<\/p>\n<p>Parameter des automatischen Stra\u00dfenblockers:<\/p>\n<p>Gewicht: 1,5 t<\/p>\n<p>IP-Schutz: IP68<\/p>\n<p>Die Stra\u00dfensperre hat eine Pufferfunktion<\/p>\n<p>Pufferzeit: 0,2-0,5 s<\/p>\n<p>LED-Licht mit verschiedenen Farboptionen<\/p>\n<p>Ampel, BaumschrankeLink-Steuerungsschnittstelle<\/p>\n<p>Im Falle eines Stromausfalls k\u00f6nnen die Stra\u00dfensperren manuell angehoben und abgesenkt werden<\/p>\n<p>Zuverl\u00e4ssige Struktur, schwere Belastung, reibungslose Aktion, geringe Ger\u00e4uschentwicklung.<\/p>\n<p>Reichweite der Fernbedienung: 50-100 m (je nach Umgebung)<\/p>\n<p>Beim Heben und Senken ist ein reversibler Betrieb vorhanden.<\/p>\n<p>Das Laufger\u00e4usch des Ger\u00e4ts ist \u2264 60 Dezibel<\/p>\n<p>Der Hydraulikzylinder ist doppelt abgedichtet, um eine Wasserdichtigkeit zu gew\u00e4hrleisten<\/p>\n<p>Der hydraulische Antrieb ist mit einer hydraulischen Verriegelung ausgestattet<\/p>\n<p>Stahlzylinder schwei\u00dfen<\/p>\n<p>SPS-Programmierbefehlssteuerung<\/p>\n<p>Steuermagnetventil 24V<\/p>\n<p>Hubmagnetventil 24V<\/p>\n<p>Das Steuerfeld zeigt einstellbaren Text an (Aufw\u00e4rts-, Abw\u00e4rts-, Aktions- und Zeitsteuerung einstellbar)<\/p>\n<p>Textanzeige mit Chinesisch und Englisch zweisprachig<\/p>\n<p>SPS eingebautes Verschl\u00fcsselungssystem<\/p>\n<p>Text-LCD-Display, pr\u00e4zise Startzeiteinstellung<\/p>\n<p>Hochleistungs-Hydraulikzylinder: HOB63-200CA+I Stroke200 Heavy-Duty Industrial Level<\/p>\n<p>Doppelte dynamische Doppel\u00f6lpumpe 2,3 ml\/Zeit<\/p>\n<p>\u00d6lbeh\u00e4lter: 60 Liter<\/p>\n<p>Hydraulik\u00f6lschlauch: PT internationale Schnittstelle, 1\/2 Doppeldraht-Hochdruckschlauch<\/p>\n<p>Gr\u00f6\u00dfe des Stra\u00dfenblockers: Die Standardl\u00e4nge betr\u00e4gt 3 Meter oder 5 Meter<\/p>\n<p>L2000 (cm) * W1000 (cm) * H760 (cm), Steigh\u00f6he: 500 (kundenspezifisch)<\/p>\n<p>L2500 (cm) * W1000 (cm) * H760 (cm), Steigh\u00f6he: 500 (kundenspezifisch)<\/p>\n<p>L3000 (cm) * W1000 (cm) * H760 (cm), Steigh\u00f6he: 500 (kundenspezifisch)<\/p>\n<p>L3500 (cm) * W1000 (cm) * H760 (cm), Steigh\u00f6he: 500 (kundenspezifisch)<\/p>\n<p>L4000 (cm) * W1000 (cm) * H760 (cm), Steigh\u00f6he: 500 (kundenspezifisch)<\/p>\n<p>L4500 (cm) * W1000 (cm) * H760 (cm), Steigh\u00f6he: 500 (kundenspezifisch)<\/p>\n<p>L5000 (cm) * W1000 (cm) * H760 (cm), Steigh\u00f6he: 500 (kundenspezifisch)<\/p>\n<p>L5500 (cm) * W1000 (cm) * H760 (cm), Steigh\u00f6he: 500 (kundenspezifisch)<\/p>\n<p>L6000 (cm) * W1000 (cm) * H760 (cm), Steigh\u00f6he: 500 (kundenspezifisch)<\/p>\n<p><img fetchpriority=\"high\" decoding=\"async\" class=\"size-full wp-image-12616\" src=\"http:\/\/mairsturnstile.com\/wp-content\/uploads\/2022\/11\/dimension-of-road-blocker.jpg\" alt=\"Dimension der Stra\u00dfensperre\" width=\"1024\" height=\"500\" title=\"\" srcset=\"https:\/\/mairsturnstile.com\/wp-content\/uploads\/2022\/11\/dimension-of-road-blocker.jpg 1024w, https:\/\/mairsturnstile.com\/wp-content\/uploads\/2022\/11\/dimension-of-road-blocker-300x146.jpg 300w, https:\/\/mairsturnstile.com\/wp-content\/uploads\/2022\/11\/dimension-of-road-blocker-768x375.jpg 768w, https:\/\/mairsturnstile.com\/wp-content\/uploads\/2022\/11\/dimension-of-road-blocker-800x391.jpg 800w\" sizes=\"(max-width: 1024px) 100vw, 1024px\" \/><\/p>\n<p><img decoding=\"async\" class=\"size-full wp-image-12540\" src=\"http:\/\/mairsturnstile.com\/wp-content\/uploads\/2022\/11\/road-blocker.jpg\" alt=\"Stra\u00dfenblockierer\" width=\"1024\" height=\"1100\" title=\"\" srcset=\"https:\/\/mairsturnstile.com\/wp-content\/uploads\/2022\/11\/road-blocker.jpg 1024w, https:\/\/mairsturnstile.com\/wp-content\/uploads\/2022\/11\/road-blocker-279x300.jpg 279w, https:\/\/mairsturnstile.com\/wp-content\/uploads\/2022\/11\/road-blocker-953x1024.jpg 953w, https:\/\/mairsturnstile.com\/wp-content\/uploads\/2022\/11\/road-blocker-768x825.jpg 768w, https:\/\/mairsturnstile.com\/wp-content\/uploads\/2022\/11\/road-blocker-800x859.jpg 800w\" sizes=\"(max-width: 1024px) 100vw, 1024px\" \/><\/p>\n","protected":false},"excerpt":{"rendered":"<p>1. System: Hydraulischer Druckantrieb<\/p>\n<p>2. Durchgangsdruck\uff1a120 Tonnen von Container-LKW<\/p>\n<p>3. Spannung: 3pahses 380(Steuerspannung 24V)<\/p>\n<p>4. System Dynamische Leistung (w): 3.75KW\/5.5KW<\/p>\n<p>5. Anstiegszeit: \u22641-3S(Einstellbar)<\/p>\n<p>6. Absenkzeit: \u22641-3S(Einstellbar)<\/p>\n<p>7. Arbeitstemperatur: -35\u2103~75\u2103(geeignet)<\/p>\n<p>8. Materialst\u00e4rke: 16 mm (Standard)<\/p>\n<p>9. Material: A3-Stahl mit Rostschutzfarbe<\/p>\n<p>10. Farbe: Optional<\/p>\n","protected":false},"featured_media":12742,"comment_status":"closed","ping_status":"closed","template":"","meta":{"neve_meta_sidebar":"","neve_meta_container":"","neve_meta_enable_content_width":"off","neve_meta_content_width":0,"neve_meta_title_alignment":"","neve_meta_author_avatar":"","neve_post_elements_order":"","neve_meta_disable_header":"","neve_meta_disable_footer":"","neve_meta_disable_title":"","_ti_tpc_template_sync":false,"_ti_tpc_template_id":""},"product_cat":[431,430],"product_tag":[466,464],"class_list":["post-9156","product","type-product","status-publish","has-post-thumbnail","hentry","product_cat-strasenbarriere","product_cat-strasenblockierer","product_tag-automatische-strasensperre","product_tag-strasenblockierer"],"_links":{"self":[{"href":"https:\/\/mairsturnstile.com\/de\/wp-json\/wp\/v2\/product\/9156","targetHints":{"allow":["GET"]}}],"collection":[{"href":"https:\/\/mairsturnstile.com\/de\/wp-json\/wp\/v2\/product"}],"about":[{"href":"https:\/\/mairsturnstile.com\/de\/wp-json\/wp\/v2\/types\/product"}],"replies":[{"embeddable":true,"href":"https:\/\/mairsturnstile.com\/de\/wp-json\/wp\/v2\/comments?post=9156"}],"version-history":[{"count":0,"href":"https:\/\/mairsturnstile.com\/de\/wp-json\/wp\/v2\/product\/9156\/revisions"}],"wp:featuredmedia":[{"embeddable":true,"href":"https:\/\/mairsturnstile.com\/de\/wp-json\/wp\/v2\/media\/12742"}],"wp:attachment":[{"href":"https:\/\/mairsturnstile.com\/de\/wp-json\/wp\/v2\/media?parent=9156"}],"wp:term":[{"taxonomy":"product_cat","embeddable":true,"href":"https:\/\/mairsturnstile.com\/de\/wp-json\/wp\/v2\/product_cat?post=9156"},{"taxonomy":"product_tag","embeddable":true,"href":"https:\/\/mairsturnstile.com\/de\/wp-json\/wp\/v2\/product_tag?post=9156"}],"curies":[{"name":"wp","href":"https:\/\/api.w.org\/{rel}","templated":true}]}}