{"id":9157,"date":"2022-01-25T00:32:30","date_gmt":"2022-01-24T16:32:30","guid":{"rendered":"https:\/\/mairsturnstile.com\/product\/elektrischer-automatischer-reifenvernichter-zu-verkaufen"},"modified":"2023-03-06T14:55:43","modified_gmt":"2023-03-06T06:55:43","slug":"reifenkiller-preis","status":"publish","type":"product","link":"https:\/\/mairsturnstile.com\/de\/produkt\/reifenkiller-preis","title":{"rendered":"Oberfl\u00e4chenmontierter Reifenvernichter Elektrischer automatischer Reifenvernichter MT632-S"},"content":{"rendered":"<h3><strong><b>Reifenkillerpreis Traffic Spike<\/b><\/strong> bietet 2 Jahre Garantie und dauerhafte Wartungs- und Reparaturunterst\u00fctzung.<\/h3>\n<p>Wir k\u00f6nnen OEM- und ODM-Dienstleistungen erbringen. Mairs bietet Reifenkiller von bester Qualit\u00e4t zum g\u00fcnstigsten Preis, erschwinglichen Reifenkillerpreis zum Verkauf an. Wenn Sie einen Reifenkiller kaufen m\u00f6chten, <a href=\"https:\/\/mairsturnstile.com\/contact\">kontaktieren Sie uns<\/a> bitte<\/p>\n<p>Traffic Spikes Tire Killer ist eines der h\u00f6chstsicheren Fahrzeugzugangskontrollsysteme, in das ein Fahrzeug ohne Genehmigung nicht einfahren kann. Reifen des unerlaubten Fahrzeugs platzen sofort auf, daher bewegt sich das Fahrzeug nur noch wenige Meter und wird gestoppt. Die Backen des Reifenkillers bewegen sich alle zusammen. Die Elektroantriebseinheit wird an einem Ende des Reifenkillers platziert, sie steht \u00fcber dem Boden und ist eine komplette Baugruppe mit der Karosserie. Auf diese Weise werden sowohl eine gleichm\u00e4\u00dfige Bewegungs\u00fcbertragung als auch eine minimale Beeinflussung durch \u00e4u\u00dfere Faktoren erreicht.<\/p>\n<p>Der Reifenkiller geh\u00f6rt zur Ausr\u00fcstung zur Kontrolle der Durchfahrt von Stra\u00dfenfahrzeugen. Es kann mit einem Fahrzeugdetektor, einer Bodeninduktionsspule und einer Infrarotinduktion ausgestattet werden. Es kann zusammen mit dem <a href=\"https:\/\/en.wikipedia.org\/wiki\/Access_control\" target=\"_blank\" rel=\"noopener noreferrer\">Zugangskontroll<\/a>system f\u00fcr das Parkschrankentor oder alleine verwendet werden.<\/p>\n<p>Anwendungsorte: Kan\u00e4le f\u00fcr Fahrzeuge, die an besonderen Orten wie Zoll, Grenzkontrolle, Logistik, H\u00e4fen und Docks, Gef\u00e4ngnisse, Schatzkammern, Atomkraftwerke, Milit\u00e4rst\u00fctzpunkte, wichtige Regierungsabteilungen, Flugh\u00e4fen usw. kontrolliert werden m\u00fcssen; Der Zweck, Fahrzeuge effektiv daran zu hindern, Karten gewaltsam zu lochen.<\/p>\n<p>Anwendungsbereich: Kreuzungssicherer Schutz im Hauptbereich<br \/>\nSpitzenh\u00f6he: 150 mm<\/p>\n<p>Spike-Dicke: 10mm<\/p>\n<p>Antriebsart: Elektro-mechanisch<br \/>\nArbeitsumgebung: -40\u2103\uff5e+70\u2103<br \/>\nSteuerungsmodus: Drahtlose Kurzstrecken-Fernbedienung\/Drive-by-Wire<br \/>\nKontrollabstand: \u2264100M<br \/>\nEntfernung der Fernbedienung: bis zu 50 m<br \/>\nAmpel-Schnittstelle<br \/>\nVerkn\u00fcpfungssteuerung mit Parkschranke und Ampel<br \/>\nBoden Materialst\u00e4rke: 12mm<br \/>\nDie gesamte Platte, die das Biegen bildet, ohne Schwei\u00dfen<br \/>\nSystem: 220V Elektroantrieb<br \/>\nPassierdruck: Max. 80T Container-LKW<\/p>\n<p>Erschwinglicher Reifenkiller-Preis<br \/>\nDynamische Systemleistung (w): 180W<br \/>\nAnstiegszeit: \u22641-2S<br \/>\nAbsenkungszeit: \u22641-2S<br \/>\nArbeitstemperatur: -35\u2103~75\u2103<br \/>\nLagerumgebung: -10\u2103~65\u2103<br \/>\nMaterial: A3 Stahl, mit Rostschutzfarbe<br \/>\nFarbe: verschiedene Optionen<br \/>\nGewicht: 250kg<br \/>\nGeh\u00e4usegr\u00f6\u00dfe: Standardgeh\u00e4use (kann angepasst werden)<\/p>\n<p>L3000 (cm) * W550 (cm) * H85 (cm), Steigl\u00e4nge: 150 (cm)<\/p>\n<p>L3500 (cm) * W550 (cm) * H85 (cm), Steigl\u00e4nge: 150 (cm)<\/p>\n<p>L4000 (cm) * W550 (cm) * H85 (cm), Steigl\u00e4nge: 150 (cm)<\/p>\n<p>L4500 (cm) * W550 (cm) * H85 (cm), Steigl\u00e4nge: 150 (cm)<\/p>\n<p>L5000 (cm) * W550 (cm) * H85 (cm), Steigl\u00e4nge: 150 (cm)<\/p>\n<p>L5500 (cm) * W550 (cm) * H85 (cm), Steigl\u00e4nge: 150 (cm)<\/p>\n<p>L6000 (cm) * W550 (cm) * H85 (cm), Steigl\u00e4nge: 150 (cm)<\/p>\n<p><img fetchpriority=\"high\" decoding=\"async\" class=\"wp-image-12601 size-full\" src=\"http:\/\/mairsturnstile.com\/wp-content\/uploads\/2022\/11\/dimension-of-tyre-killer-632s.jpg\" alt=\"Dimension des Reifenkillers\" width=\"1024\" height=\"450\" title=\"\" srcset=\"https:\/\/mairsturnstile.com\/wp-content\/uploads\/2022\/11\/dimension-of-tyre-killer-632s.jpg 1024w, https:\/\/mairsturnstile.com\/wp-content\/uploads\/2022\/11\/dimension-of-tyre-killer-632s-300x132.jpg 300w, https:\/\/mairsturnstile.com\/wp-content\/uploads\/2022\/11\/dimension-of-tyre-killer-632s-768x338.jpg 768w, https:\/\/mairsturnstile.com\/wp-content\/uploads\/2022\/11\/dimension-of-tyre-killer-632s-800x352.jpg 800w\" sizes=\"(max-width: 1024px) 100vw, 1024px\" \/><\/p>\n<p><img decoding=\"async\" class=\"size-full wp-image-12530\" src=\"http:\/\/mairsturnstile.com\/wp-content\/uploads\/2022\/11\/tyre-killer.jpg\" alt=\"Reifenkiller\" width=\"1024\" height=\"1100\" title=\"\"><\/p>\n","protected":false},"excerpt":{"rendered":"<p>1. Werkstoff: A3 Stahl<\/p>\n<p>2. Oberfl\u00e4chenbehandlung: Farbe mit Reflexionsstreifen<\/p>\n<p>3. IP-Schutz: IP67<\/p>\n<p>4. Spezifizierte Farbe: Schwarz und gelb<\/p>\n<p>5. L\u00e4nge: max. 6 m<\/p>\n<p>6, Breite: 550 mm<\/p>\n<p>7. H\u00f6he: 85 mm<\/p>\n<p>8. Maximales Ladegewicht: 80T<\/p>\n","protected":false},"featured_media":12834,"comment_status":"closed","ping_status":"closed","template":"","meta":{"neve_meta_sidebar":"","neve_meta_container":"","neve_meta_enable_content_width":"off","neve_meta_content_width":0,"neve_meta_title_alignment":"","neve_meta_author_avatar":"","neve_post_elements_order":"","neve_meta_disable_header":"","neve_meta_disable_footer":"","neve_meta_disable_title":"","_ti_tpc_template_sync":false,"_ti_tpc_template_id":""},"product_cat":[436,431],"product_tag":[468,467],"class_list":["post-9157","product","type-product","status-publish","has-post-thumbnail","hentry","product_cat-reifenkiller","product_cat-strasenbarriere","product_tag-reifenkiller-preis","product_tag-reifenkiller-preis-in-pakistan"],"_links":{"self":[{"href":"https:\/\/mairsturnstile.com\/de\/wp-json\/wp\/v2\/product\/9157","targetHints":{"allow":["GET"]}}],"collection":[{"href":"https:\/\/mairsturnstile.com\/de\/wp-json\/wp\/v2\/product"}],"about":[{"href":"https:\/\/mairsturnstile.com\/de\/wp-json\/wp\/v2\/types\/product"}],"replies":[{"embeddable":true,"href":"https:\/\/mairsturnstile.com\/de\/wp-json\/wp\/v2\/comments?post=9157"}],"version-history":[{"count":0,"href":"https:\/\/mairsturnstile.com\/de\/wp-json\/wp\/v2\/product\/9157\/revisions"}],"wp:featuredmedia":[{"embeddable":true,"href":"https:\/\/mairsturnstile.com\/de\/wp-json\/wp\/v2\/media\/12834"}],"wp:attachment":[{"href":"https:\/\/mairsturnstile.com\/de\/wp-json\/wp\/v2\/media?parent=9157"}],"wp:term":[{"taxonomy":"product_cat","embeddable":true,"href":"https:\/\/mairsturnstile.com\/de\/wp-json\/wp\/v2\/product_cat?post=9157"},{"taxonomy":"product_tag","embeddable":true,"href":"https:\/\/mairsturnstile.com\/de\/wp-json\/wp\/v2\/product_tag?post=9157"}],"curies":[{"name":"wp","href":"https:\/\/api.w.org\/{rel}","templated":true}]}}