{"id":9160,"date":"2021-11-25T18:23:24","date_gmt":"2021-11-25T10:23:24","guid":{"rendered":"https:\/\/mairsturnstile.com\/product\/taillenhohe-drehkreuze-dreibein-drehkreuze-mt125"},"modified":"2024-05-27T20:44:15","modified_gmt":"2024-05-27T12:44:15","slug":"hufthoch-drehkreuze","status":"publish","type":"product","link":"https:\/\/mairsturnstile.com\/de\/produkt\/hufthoch-drehkreuze","title":{"rendered":"Taillenhohe Drehkreuze Dreibein-Drehkreuze MT125"},"content":{"rendered":"        <!-- 3D Model html -->\r\n        <div class=\"bp_grand wrapper_20728\">   \r\n        <div class=\"bp_model_parent\">\r\n            <model-viewer class=\"model\" id=\"bp_model_id_20728\" src=\"http:\/\/mairsturnstile.com\/wp-content\/uploads\/2023\/06\/MT125.glb\" alt=\"MT125\" camera-controls  loading=\"auto\" auto-rotate                        >\r\n            <\/model-viewer>\r\n        \r\n            <!-- Button -->\r\n            <svg id=\"openBtn\" width=\"30px\" height=\"30px\" viewBox=\"0 0 16 16\" xmlns=\"http:\/\/www.w3.org\/2000\/svg\" fill=\"#f2f2f2\" class=\"bi bi-arrows-fullscreen model-icon\">\r\n                <path fill-rule=\"evenodd\" d=\"M5.828 10.172a.5.5 0 0 0-.707 0l-4.096 4.096V11.5a.5.5 0 0 0-1 0v3.975a.5.5 0 0 0 .5.5H4.5a.5.5 0 0 0 0-1H1.732l4.096-4.096a.5.5 0 0 0 0-.707zm4.344 0a.5.5 0 0 1 .707 0l4.096 4.096V11.5a.5.5 0 1 1 1 0v3.975a.5.5 0 0 1-.5.5H11.5a.5.5 0 0 1 0-1h2.768l-4.096-4.096a.5.5 0 0 1 0-.707zm0-4.344a.5.5 0 0 0 .707 0l4.096-4.096V4.5a.5.5 0 1 0 1 0V.525a.5.5 0 0 0-.5-.5H11.5a.5.5 0 0 0 0 1h2.768l-4.096 4.096a.5.5 0 0 0 0 .707zm-4.344 0a.5.5 0 0 1-.707 0L1.025 1.732V4.5a.5.5 0 0 1-1 0V.525a.5.5 0 0 1 .5-.5H4.5a.5.5 0 0 1 0 1H1.732l4.096 4.096a.5.5 0 0 1 0 .707z\"\/>\r\n            <\/svg>\r\n        \r\n            <svg id=\"closeBtn\" class=\"model-icon\" width=\"34px\" height=\"34px\" viewBox=\"0 0 24 24\" xmlns=\"http:\/\/www.w3.org\/2000\/svg\">\r\n                <path fill=\"none\" stroke=\"#f2f2f2\" stroke-width=\"2\" d=\"M7,7 L17,17 M7,17 L17,7\"\/>\r\n            <\/svg>\r\n        \r\n        <\/div>\r\n        <\/div> \r\n\r\n        <!-- Model Viewer Style -->\r\n        <style>\r\n            \r\n            .wrapper_20728 .bp_model_parent, #bp_model_id_20728 {\r\n                width: 1150px;\r\n                max-width: 100%;\r\n                                            }\r\n            #bp_model_id_20728 {\r\n                height:700px;\r\n                background-color: #f2f2f2;\r\n            }\r\n            .fullscreen #bp_model_id_20728{\r\n            height: 100%;\r\n            width: 100%;\r\n            }\r\n            .wrapper_20728 .bp_model_parent{\r\n                justify-content: start            }\r\n            model-viewer.model {\r\n                --poster-color: transparent;\r\n            }\r\n        <\/style>\r\n        \r\n        \n<h3>Die h\u00fcfthohen Drehkreuze MT125 haben eine 2-j\u00e4hrige Garantie und dauerhafte Wartungs- und Reparaturunterst\u00fctzung.<\/h3>\n<p>Wir k\u00f6nnen OEM- und ODM-Dienstleistungen erbringen. Wir haben erfahrene Designer, die eine tiefgreifende Anpassung an Ihre Bed\u00fcrfnisse vornehmen k\u00f6nnen. Wir werden so bald wie m\u00f6glich eine Reihe von Materialien wie 3D-Renderings, Ma\u00dfzeichnungen usw. zur Verf\u00fcgung stellen. Wir bieten auch biometrische Ger\u00e4te wie IC\/ID-Kartenleser, Fingerabdruckscanner, QR-Code-Scanner, Gesichtserkennungskameras und so weiter. Wenn Sie diese Ger\u00e4te in das Drehkreuz in voller H\u00f6he integrieren m\u00fcssen oder Fragen haben, <a href=\"https:\/\/mairsturnstile.com\/contact\">kontaktieren Sie uns<\/a> bitte<\/p>\n<p><strong><a href=\"https:\/\/mairsturnstile.com\/product\/tripod-security-gate\">Taillenhohe Drehkreuze<\/a> sind eine Art Fu\u00dfg\u00e4nger-Stativ-Drehkreuztor, dessen H\u00f6he die H\u00fcfth\u00f6he normaler Menschen erreicht. Sie k\u00f6nnen auch verstehen, dass es dem Dreibein-Drehkreuztor entspricht. Es hat verschiedene Eigenschaften eines Dreibein-Drehkreuztors. Taillenhohe Drehkreuze bestehen aus Edelstahl 304 oder 316, der langlebig und nicht leicht zu verformen ist. Das Blockieren und Freigeben erfolgt durch Rotation.<\/strong><\/p>\n<p>Wenn dieses h\u00fcfthohe Drehkreuz nicht das ist, was Sie brauchen, k\u00f6nnen Sie auf unsere Seite mit dreibeinigen Drehkreuzen klicken, um weitere Stile eines h\u00fcfthohen Drehkreuzes auszuw\u00e4hlen. Nat\u00fcrlich haben wir mehr und besser aussehende h\u00fcfthohe Drehkreuze, die sicherlich Ihren Anforderungen entsprechen k\u00f6nnen. Wir k\u00f6nnen auch Produkte mit speziellen Gr\u00f6\u00dfen und Aussehen nach Ihren tats\u00e4chlichen Bed\u00fcrfnissen anpassen.<\/p>\n<p>H\u00fcfthohe Drehkreuze k\u00f6nnen auch an die tats\u00e4chliche Situation und Breite Ihres Baustellenkanals angepasst werden. Wenn Ihr Standortkanal ein so spezielles, ma\u00dfgeschneidertes h\u00fcfthohes Drehkreuz ben\u00f6tigt oder Sie nicht wissen, wie Sie ein h\u00fcfthohes Drehkreuz ausw\u00e4hlen sollen, z\u00f6gern Sie bitte nicht, uns zu kontaktieren, und wir werden Ihnen das hochwertige h\u00fcfthohe Drehkreuz zur Verf\u00fcgung stellen. hohes Drehkreuz und die am besten geeignete Sicherheitsdrehkreuzl\u00f6sung, um Ihre Kosten zu sparen.<\/p>\n<p>Taillenhohe Drehkreuze k\u00f6nnen mit Smartcards, Fingerabdr\u00fccken, Strichcodes und anderen Ger\u00e4ten f\u00fcr Identifikationssysteme kombiniert werden, um ein intelligentes Zugangskontrollsystem zu bilden; Es wird mit einem Computer, Zugangskontrolle, Anwesenheit, Geb\u00fchrenmanagement, Ticketsystem und anderer Software kombiniert, um ein intelligentes Zugangskontroll-Managementsystem zu bilden, das die Funktionen Zugangskontrolle, Anwesenheit, Verbrauch, Ticketverkauf, Strombeschr\u00e4nkung usw. realisieren kann an.<\/p>\n<p>Nat\u00fcrlich entsprechen h\u00fcfthohe Drehkreuze den <a href=\"https:\/\/mairsturnstile.com\/full-height-turnstiles.html\">Drehkreuzen in voller H\u00f6he<\/a>, was sich haupts\u00e4chlich auf die H\u00f6he des Fu\u00dfg\u00e4ngerdrehkreuzes bezieht. Im Allgemeinen wird ein h\u00fcfthohes Drehkreuz h\u00e4ufig f\u00fcr die Verwaltung von Gemeinschaftseigentum verwendet, und ein Drehkreuztor in voller H\u00f6he wird h\u00e4ufig f\u00fcr Baustellen, Gef\u00e4ngnisse, Unternehmen, Institutionen, Bahnh\u00f6fe, Bushaltestellen, Flugh\u00e4fen und andere Orte mit hohen Sicherheitsanforderungen verwendet Gelegenheiten.<\/p>\n<p>Die Form der h\u00fcfthohen Drehkreuze besteht aus einer 304 <a class=\"rank-math-link\" href=\"https:\/\/en.wikipedia.org\/wiki\/Stainless_steel\" target=\"_blank\" rel=\"noopener noreferrer\">Edelstahlplatte<\/a>, die sch\u00f6n und gro\u00dfz\u00fcgig, rostfrei und langlebig ist und Sch\u00e4den durch \u00e4u\u00dfere Gewalt widerstehen kann.<\/p>\n<p>Wir k\u00f6nnen auch innerhalb weniger Minuten ein Rendering f\u00fcr Sie erstellen, das auf Ihrem aktuellen Szenario basiert. Wir liefern auch detaillierte Layouts und Zeichnungen sowie Installationszeichnungen.<\/p>\n\n        \t\n\t<style type=\"text\/css\">\n\t\t.slider-info-20741.bafg-slider-info .bafg-slider-title {\n\t\t\t\t\t\tfont-size: 22px;\n\t\t\t\t\t\t\n\t\t\t\n\t\t\t\t\t}\n\n\t\t.slider-info-20741.bafg-slider-info .bafg-slider-description {\n\t\t\t\n\t\t\t\n\t\t\t\t\t}\n\n\t\t.slider-info-20741.bafg-slider-info .bafg_slider_readmore_button {\n\t\t\t\n\t\t\t\n\t\t\t\n\t\t\t\n\t\t\t\n\t\t\ttext-align: center;\n\n\t\t\t\n\t\t\t\n\t\t\t\n\t\t\t\n\t\t\t\n\t\t\t\n\t\t\t\t\t}\n\n\t\t.slider-info-20741.bafg-slider-info .bafg_slider_readmore_button:hover {\n\n\t\t\t\n\t\t\t\n\t\t\t\t\t}\n\n\t<\/style>\n\t\n        <div class=\"bafg-twentytwenty-container slider-20741 \" bafg-orientation=\"horizontal\" bafg-default-offset=\"0.5\" bafg-before-label=\"Before\" bafg-after-label=\"After\" bafg-overlay=\"yes\" bafg-move-slider-on-hover=\"yes\" bafg-click-to-move=\"no\">\n              \n            <img decoding=\"async\" class=\"skip-lazy\" src=\"http:\/\/mairsturnstile.com\/wp-content\/uploads\/2023\/06\/waist-high-turnstiles_4.jpg\" alt=\"\" data-skip-lazy title=\"\">\n            <img decoding=\"async\" class=\"skip-lazy\" src=\"http:\/\/mairsturnstile.com\/wp-content\/uploads\/2023\/06\/waist-high-turnstiles_5.jpg\" alt=\"\" data-skip-lazy title=\"\">\n           \n        <\/div>\n\n        \t<div class=\"bafg-slider-info-wraper\">\n\t\t<div style=\"\" class=\"slider-info-20741 bafg-slider-info\">\n\t\t\t\t\t<\/div>\n\t<\/div>\n\t\n        <style type=\"text\/css\">\n            \n        <\/style>\n        \n<p>Magnetventil: DC24V \u00b15%<br \/>\nArml\u00e4nge: 510 mm<br \/>\nDie Drehrichtung: Bidirektional\/Einzelrichtung<br \/>\nNotfall: Der Arm senkt sich automatisch, wenn der Strom abgeschaltet wird.<br \/>\nBetriebsspannung: DC 24V \u00b15%<br \/>\nDie Spannung der Kontrollleuchte: DC12V \u00b15% (Standard)<br \/>\nZuverl\u00e4ssigkeit des Mechanismus: 3 Millionen, kein Fehler<br \/>\nArbeitstemperatur: -30\u2103\uff5e60\u2103<br \/>\nLuftfeuchtigkeit: 5 % ~ 90 %<br \/>\nWasserdicht: IP56<br \/>\nFeature: IC\/ID-Leser, Barcode-Leser, Gesichtserkennung, Fingerabdruck, andere Zugangskontrollger\u00e4te, USV usw<br \/>\nDie zum \u00d6ffnen ben\u00f6tigte Zeit: 0,2 s<br \/>\nArbeitsumgebung: Innen oder au\u00dfen<br \/>\nAnwendungsbereich: Gemeinde, Fabrik, Baustelle, Schule, Erholungsort usw<\/p>\n<p><iframe title=\"Automatisches Drehkreuz, Automatisches Dreifu\u00df-Drehkreuz, Vollautomatisches Drehkreuz - MairsTurnstile\" src=\"https:\/\/www.youtube.com\/embed\/bGvTqKlYJV4\" width=\"1150\" height=\"650\" frameborder=\"0\" allowfullscreen=\"allowfullscreen\"><\/iframe><\/p>\n","protected":false},"excerpt":{"rendered":"<p>1. Gr\u00f6\u00dfe: 1400 * 280 * 980 mm (kann angepasst werden)<\/p>\n<p>2. Bahnbreite: 550 mm (kann angepasst werden)<\/p>\n<p>3. Durchgangsgeschwindigkeit: 35 Personen\/min<\/p>\n<p>4. Stromversorgung: 110 V\/220 V 50\/60 Hz<\/p>\n<p>5. Gewicht: 45 kg<\/p>\n<p>6. Eingang: Trockenkontaktrelais<\/p>\n<p>7. 24-V-Magnet<\/p>\n<p>8. Geh\u00e4usematerial: Edelstahl 304 und obere Abdeckung aus Acryl<\/p>\n<p>9. Betriebsweise: halbautomatisch<\/p>\n<p><strong><a title=\"Mairs CE-zertifiziertes Dreibein-Drehkreuz\" href=\"http:\/\/mairsturnstile.com\/wp-content\/uploads\/2022\/09\/Mairs-CE-Certificate-Tripod-Turnstile.pdf\" target=\"_blank\" rel=\"noopener noreferrer\">CE-zertifiziert,<\/a> <a title=\"Mairs ISO9001-Zertifikat\" href=\"http:\/\/mairsturnstile.com\/wp-content\/uploads\/2022\/09\/Mairs-Registration-Certificate-ISO9001.pdf\" target=\"_blank\" rel=\"noopener noreferrer\">ISO9001-zertifiziert.<\/a><\/strong><\/p>\n<p><a title=\"Brosch\u00fcre Taillenhohe Drehkreuze\" href=\"http:\/\/mairsturnstile.com\/wp-content\/uploads\/2023\/12\/MT125-brochure.pdf\" target=\"_blank\" rel=\"noopener noreferrer\"><img decoding=\"async\" class=\"alignnone size-full wp-image-11034\" src=\"http:\/\/mairsturnstile.com\/wp-content\/uploads\/2022\/09\/pdf-MairsTurnstile.png\" alt=\"\" width=\"32\" height=\"32\"><span style=\"color: #0000ff;\"><strong>MT125 Taillenhohe Drehkreuze Brosch\u00fcre<\/strong><\/span><\/a><\/p>\n","protected":false},"featured_media":25548,"comment_status":"closed","ping_status":"closed","template":"","meta":{"neve_meta_sidebar":"","neve_meta_container":"","neve_meta_enable_content_width":"off","neve_meta_content_width":0,"neve_meta_title_alignment":"","neve_meta_author_avatar":"","neve_post_elements_order":"","neve_meta_disable_header":"","neve_meta_disable_footer":"","neve_meta_disable_title":"","_ti_tpc_template_sync":false,"_ti_tpc_template_id":""},"product_cat":[426,429],"product_tag":[1479,456,485,470,469,1522,1478],"class_list":["post-9160","product","type-product","status-publish","has-post-thumbnail","hentry","product_cat-dreibein-drehkreuz","product_cat-sicherheits-drehkreuze","product_tag-drehkreuz-kosten","product_tag-dreibein-drehkreuz","product_tag-dreibein-drehkreuztor","product_tag-hufthohe-drehkreuze","product_tag-hufthohe-drehkreuze-preis","product_tag-hufthohes-drehkreuz-de","product_tag-was-kostet-ein-drehkreuz"],"_links":{"self":[{"href":"https:\/\/mairsturnstile.com\/de\/wp-json\/wp\/v2\/product\/9160","targetHints":{"allow":["GET"]}}],"collection":[{"href":"https:\/\/mairsturnstile.com\/de\/wp-json\/wp\/v2\/product"}],"about":[{"href":"https:\/\/mairsturnstile.com\/de\/wp-json\/wp\/v2\/types\/product"}],"replies":[{"embeddable":true,"href":"https:\/\/mairsturnstile.com\/de\/wp-json\/wp\/v2\/comments?post=9160"}],"version-history":[{"count":0,"href":"https:\/\/mairsturnstile.com\/de\/wp-json\/wp\/v2\/product\/9160\/revisions"}],"wp:featuredmedia":[{"embeddable":true,"href":"https:\/\/mairsturnstile.com\/de\/wp-json\/wp\/v2\/media\/25548"}],"wp:attachment":[{"href":"https:\/\/mairsturnstile.com\/de\/wp-json\/wp\/v2\/media?parent=9160"}],"wp:term":[{"taxonomy":"product_cat","embeddable":true,"href":"https:\/\/mairsturnstile.com\/de\/wp-json\/wp\/v2\/product_cat?post=9160"},{"taxonomy":"product_tag","embeddable":true,"href":"https:\/\/mairsturnstile.com\/de\/wp-json\/wp\/v2\/product_tag?post=9160"}],"curies":[{"name":"wp","href":"https:\/\/api.w.org\/{rel}","templated":true}]}}