{"id":9161,"date":"2021-04-27T15:44:16","date_gmt":"2021-04-27T07:44:16","guid":{"rendered":"https:\/\/mairsturnstile.com\/product\/dreibeiniger-drehkreuz-mechanismus-zu-verkaufen-mt143"},"modified":"2023-11-14T09:16:37","modified_gmt":"2023-11-14T01:16:37","slug":"stativ-drehkreuz-mechanismus","status":"publish","type":"product","link":"https:\/\/mairsturnstile.com\/de\/produkt\/stativ-drehkreuz-mechanismus","title":{"rendered":"STATIV-DREHKREUZMECHANISMUS ZU VERKAUFEN MT146"},"content":{"rendered":"<h2><strong>Dreibein-Drehkreuzmechanismus, automatischer Dreibein-Drehkreuzmechanismus<\/strong><\/h2>\n<h3>Langlebiger, ma\u00dfgeschneiderter automatischer <strong>Dreibein-Drehkreuz-Tormechanismus<\/strong><\/h3>\n<p>In der Fertigungslinie der Polyketid-Synthase wurde ein Drehkreuzmechanismus zur gleichzeitigen Verarbeitung von Zwischenprodukten bestimmt. Die Kettendehnung bewirkt, dass sich das Modul schlie\u00dft und die Kette sich zum n\u00e4chsten Modul verschiebt, um das Drehkreuz wieder zu \u00f6ffnen.<\/p>\n<p>Der <strong>Dreibein-<a href=\"https:\/\/mairsturnstile.com\/turnstile-mechanism.html\" target=\"_blank\" rel=\"noopener\">Drehkreuzmechanismus<\/a><\/strong> ist eine der Kernkomponenten des <a href=\"https:\/\/mairsturnstile.com\/product\/tripod-security-gate\">Dreibein-Drehkreuztors<\/a>, und der Drehkreuzmechanismus steuert das Dreibein-Drehkreuztor, indem er die Schwingung des Fl\u00fcgelarms steuert. Die Betriebsqualit\u00e4t des Tripod-Drehkreuzmechanismus bestimmt die Qualit\u00e4t des Tripod-Drehkreuztors, aber der Ausfall des Tripod-Drehkreuztors h\u00e4ngt auch mit dem Tripod-Drehkreuzmechanismus zusammen.<\/p>\n<p><strong>Merkmale:<\/strong><\/p>\n<ol>\n<li>Die Schale besteht <a href=\"https:\/\/en.wikipedia.org\/wiki\/Stainless_steel\" target=\"_blank\" rel=\"noopener\">aus Edelstahl<\/a> 304 mit einer Dicke von 1,5 mm;<\/li>\n<li>Mechatronik-Strukturdesign, Spezialprozess-Drehteller, stabiler und zuverl\u00e4ssiger mechanischer Selbsthemmungsmechanismus<\/li>\n<li>Zwei-Wege-Zugriff (bidirektionaler Arm)<\/li>\n<li>Wenn das T\u00fcr\u00f6ffnungssignal nach dem Senden nicht innerhalb von 5 Sekunden passiert, wird es wieder verriegelt<\/li>\n<li>Wenn die Stromversorgung automatisch unterbrochen wird, senkt sich der Arm (mit Arm-Fallfunktion). Beim Einschalten ist es erforderlich, den Hebel manuell zu l\u00f6sen und den Schwenkarm zur\u00fcckzusetzen (optional).<\/li>\n<li>Kann an den externen Zwei-Wege-Durchflussz\u00e4hler angeschlossen werden, um die Anzahl der in dieser Richtung passierenden Personen anzuzeigen. Beim Passieren von Personen gibt der entsprechende Z\u00e4hlport ein Impulsbreitensignal von etwa 200 Breiten aus. Wenn das Personal das Tor nicht passiert, gibt der entsprechende Z\u00e4hlport nicht innerhalb von 200 ms aus.<\/li>\n<li>Anti-Umkehr-Personal (verhindern, dass andere folgen)<\/li>\n<li>Elektromechanischer DC12V-Motor, positiver Verriegelungsvorgang durch jeweils eine Person; Umkehr verhindern.<\/li>\n<li>Notfallzeit und Stromausfallzeit: Der Arm senkt sich automatisch, um den Evakuierungsweg frei zu halten.<\/li>\n<li>Es kann f\u00fcr die Schnittstelle der Zugangskontrollsysteme verwendet werden, wie z. B. biometrische Kartenleser, RFID-Kartenleser, Scan-Kartenleser, Tasten usw.<\/li>\n<li>Die Statuslichtanzeige ist verf\u00fcgbar.<\/li>\n<li>Es gibt einen Fahrgastschalter.<\/li>\n<\/ol>\n<p>&nbsp;<\/p>\n","protected":false},"excerpt":{"rendered":"<p>1. Leistung: AC220C \u00b1 10 V, 50 Hz<\/p>\n<p>2. Betrieb: Temperatur -15\u2103-60\u2103<\/p>\n<p>3. Relative Luftfeuchtigkeit: \u226495%, keine Empfindung<\/p>\n<p>4. Zugangsbreite: \u2264600 mm<\/p>\n<p>5. \u00dcberholgeschwindigkeit: 30 Personen \/ min (IC-Karte)<\/p>\n<p>6. Eingangsanschluss: +12 V Pegelsignal oder Impulsbreite &gt;100 ms DC12 V<\/p>\n<p>7. Kommunikationsverbindung: RS485-Kommunikationsmodulstandard.<\/p>\n<p>8. Material: SUS304, Dicke nicht weniger als 1,5 mm<\/p>\n<p>9. Schutzart: IP54<\/p>\n","protected":false},"featured_media":35641,"comment_status":"closed","ping_status":"closed","template":"","meta":{"neve_meta_sidebar":"","neve_meta_container":"","neve_meta_enable_content_width":"on","neve_meta_content_width":100,"neve_meta_title_alignment":"","neve_meta_author_avatar":"","neve_post_elements_order":"","neve_meta_disable_header":"","neve_meta_disable_footer":"","neve_meta_disable_title":"","_ti_tpc_template_sync":false,"_ti_tpc_template_id":""},"product_cat":[426,429],"product_tag":[1507,1506,472,473,471],"class_list":["post-9161","product","type-product","status-publish","has-post-thumbnail","hentry","product_cat-dreibein-drehkreuz","product_cat-sicherheits-drehkreuze","product_tag-drehkreuzkomponenten","product_tag-drehkreuzmechanismus-de","product_tag-dreibein-drehkreuz-tormechanismus","product_tag-dreibein-drehkreuzmechanismus-zu-verkaufen","product_tag-dreifach-drehkreuz-mechanismus"],"_links":{"self":[{"href":"https:\/\/mairsturnstile.com\/de\/wp-json\/wp\/v2\/product\/9161","targetHints":{"allow":["GET"]}}],"collection":[{"href":"https:\/\/mairsturnstile.com\/de\/wp-json\/wp\/v2\/product"}],"about":[{"href":"https:\/\/mairsturnstile.com\/de\/wp-json\/wp\/v2\/types\/product"}],"replies":[{"embeddable":true,"href":"https:\/\/mairsturnstile.com\/de\/wp-json\/wp\/v2\/comments?post=9161"}],"version-history":[{"count":0,"href":"https:\/\/mairsturnstile.com\/de\/wp-json\/wp\/v2\/product\/9161\/revisions"}],"wp:featuredmedia":[{"embeddable":true,"href":"https:\/\/mairsturnstile.com\/de\/wp-json\/wp\/v2\/media\/35641"}],"wp:attachment":[{"href":"https:\/\/mairsturnstile.com\/de\/wp-json\/wp\/v2\/media?parent=9161"}],"wp:term":[{"taxonomy":"product_cat","embeddable":true,"href":"https:\/\/mairsturnstile.com\/de\/wp-json\/wp\/v2\/product_cat?post=9161"},{"taxonomy":"product_tag","embeddable":true,"href":"https:\/\/mairsturnstile.com\/de\/wp-json\/wp\/v2\/product_tag?post=9161"}],"curies":[{"name":"wp","href":"https:\/\/api.w.org\/{rel}","templated":true}]}}