{"id":9165,"date":"2020-09-13T17:53:39","date_gmt":"2020-09-13T09:53:39","guid":{"rendered":"https:\/\/mairsturnstile.com\/product\/esd-drehkreuz-stativ-zugangskontrolle-drehkreuz-mt121-s"},"modified":"2023-10-31T17:41:24","modified_gmt":"2023-10-31T09:41:24","slug":"esd-drehkreuz","status":"publish","type":"product","link":"https:\/\/mairsturnstile.com\/de\/produkt\/esd-drehkreuz","title":{"rendered":"ESD-DREHkreuz, STATIV, ZUGANGSKONTROLLE, DREHkreuz MT156-ESD"},"content":{"rendered":"        <!-- 3D Model html -->\r\n        <div class=\"bp_grand wrapper_36237\">   \r\n        <div class=\"bp_model_parent\">\r\n            <model-viewer class=\"model\" id=\"bp_model_id_36237\" src=\"http:\/\/mairsturnstile.com\/wp-content\/uploads\/2023\/10\/esd-turnstile.glb\" alt=\"esd turnstile\" camera-controls  loading=\"auto\" auto-rotate                        >\r\n            <\/model-viewer>\r\n        \r\n            <!-- Button -->\r\n            <svg id=\"openBtn\" width=\"30px\" height=\"30px\" viewBox=\"0 0 16 16\" xmlns=\"http:\/\/www.w3.org\/2000\/svg\" fill=\"#f2f2f2\" class=\"bi bi-arrows-fullscreen model-icon\">\r\n                <path fill-rule=\"evenodd\" d=\"M5.828 10.172a.5.5 0 0 0-.707 0l-4.096 4.096V11.5a.5.5 0 0 0-1 0v3.975a.5.5 0 0 0 .5.5H4.5a.5.5 0 0 0 0-1H1.732l4.096-4.096a.5.5 0 0 0 0-.707zm4.344 0a.5.5 0 0 1 .707 0l4.096 4.096V11.5a.5.5 0 1 1 1 0v3.975a.5.5 0 0 1-.5.5H11.5a.5.5 0 0 1 0-1h2.768l-4.096-4.096a.5.5 0 0 1 0-.707zm0-4.344a.5.5 0 0 0 .707 0l4.096-4.096V4.5a.5.5 0 1 0 1 0V.525a.5.5 0 0 0-.5-.5H11.5a.5.5 0 0 0 0 1h2.768l-4.096 4.096a.5.5 0 0 0 0 .707zm-4.344 0a.5.5 0 0 1-.707 0L1.025 1.732V4.5a.5.5 0 0 1-1 0V.525a.5.5 0 0 1 .5-.5H4.5a.5.5 0 0 1 0 1H1.732l4.096 4.096a.5.5 0 0 1 0 .707z\"\/>\r\n            <\/svg>\r\n        \r\n            <svg id=\"closeBtn\" class=\"model-icon\" width=\"34px\" height=\"34px\" viewBox=\"0 0 24 24\" xmlns=\"http:\/\/www.w3.org\/2000\/svg\">\r\n                <path fill=\"none\" stroke=\"#f2f2f2\" stroke-width=\"2\" d=\"M7,7 L17,17 M7,17 L17,7\"\/>\r\n            <\/svg>\r\n        \r\n        <\/div>\r\n        <\/div> \r\n\r\n        <!-- Model Viewer Style -->\r\n        <style>\r\n            \r\n            .wrapper_36237 .bp_model_parent, #bp_model_id_36237 {\r\n                width: 1150px;\r\n                max-width: 100%;\r\n                                            }\r\n            #bp_model_id_36237 {\r\n                height:700px;\r\n                background-color: #f9f9f9;\r\n            }\r\n            .fullscreen #bp_model_id_36237{\r\n            height: 100%;\r\n            width: 100%;\r\n            }\r\n            .wrapper_36237 .bp_model_parent{\r\n                justify-content: start            }\r\n            model-viewer.model {\r\n                --poster-color: transparent;\r\n            }\r\n        <\/style>\r\n        \r\n        \n<h2>ESD-Drehkreuz Dreibein-Zugangskontrolle Drehkreuz tr\u00e4gt eine 2 Jahre Garantie und dauerhafte Wartung und Reparatur zu unterst\u00fctzen.<\/h2>\n<p><strong>ESD-Drehkreuz ist eine Art Drehkreuztor, das in menschliche elektrostatische Testger\u00e4te (ESD-Tester, ESD-Armband, ESD-Armband, ESD-Schuhe) integriert werden kann, um das Sicherheitsmanagement einer speziellen Zugangskontrolle f\u00fcr Fu\u00dfg\u00e4nger zu realisieren.<\/strong> Nat\u00fcrlich k\u00f6nnen wir diese menschlichen elektrostatischen Testger\u00e4te in unser Drehkreuztor integrieren. Wenn Sie diese ESD-Drehkreuze ben\u00f6tigen, fragen <a href=\"https:\/\/mairsturnstile.com\/contact\" target=\"_blank\" rel=\"noopener\">Sie uns bitte an<\/a><\/p>\n<p>Wir k\u00f6nnen OEM- und ODM-Dienstleistungen erbringen. Wenn Sie mehr \u00fcber die Spezifikationen von ESD-Drehkreuzen erfahren m\u00f6chten, lesen Sie bitte unseren Artikel <a href=\"https:\/\/mairsturnstile.com\/esd-turnstile-gate-system.html\" target=\"_blank\" rel=\"noopener\">ESD-Drehkreuz-Torsystem<\/a>.<\/p>\n<p><strong>Alle Arten von <a href=\"https:\/\/mairsturnstile.com\/product\/tripod-security-gate\" target=\"_blank\" rel=\"noopener\">Dreibein-Drehkreuzen<\/a> und <a href=\"https:\/\/mairsturnstile.com\/category\/flap-barrier-turnstile\" target=\"_blank\" rel=\"noopener\">Klappensperr-Drehkreuzen<\/a> k\u00f6nnen zu ESD-Drehkreuzen verarbeitet werden.<\/strong> Normalerweise entscheiden sich die meisten Kunden f\u00fcr Dreibein-Drehkreuze und Klappensperr-Drehkreuze. Nat\u00fcrlich k\u00f6nnen einige Modelle von <a href=\"https:\/\/mairsturnstile.com\/category\/swing-turnstile-gate\" target=\"_blank\" rel=\"noopener\">Drehkreuztoren<\/a> und <a href=\"https:\/\/mairsturnstile.com\/category\/speed-gates\" target=\"_blank\" rel=\"noopener\">Geschwindigkeitstoren<\/a> auch in ESD-Drehkreuze umgewandelt werden. Wenn Sie ein Drehkreuz mit ESD-Klappensperre anpassen m\u00fcssen, sehen Sie sich bitte unsere <a href=\"https:\/\/mairsturnstile.com\/category\/flap-barrier-turnstile\" target=\"_blank\" rel=\"noopener\">Produktseite mit Klappensperre an<\/a>. F\u00fcr die tats\u00e4chlichen Projektf\u00e4lle des ESD-Klappensperrdrehkreuzes und des ESD-Stativdrehkreuzes k\u00f6nnen Sie die folgenden Fallbilder sehen.<\/p>\n<p>Als professioneller Hersteller von Drehkreuztoren f\u00fcr die Fu\u00dfg\u00e4ngerzugangskontrolle. Mairs bietet das beste ESD-Drehkreuz-Drehkreuztor zu einem erschwinglichen Preis.<br \/>\nWir k\u00f6nnen auch innerhalb weniger Minuten ein Rendering f\u00fcr Sie erstellen, das auf Ihrem aktuellen Szenario basiert. Wir liefern auch detaillierte Layouts und Zeichnungen sowie Installationszeichnungen.<\/p>\n\n        \t\n\t<style type=\"text\/css\">\n\t\t.slider-info-36238.bafg-slider-info .bafg-slider-title {\n\t\t\t\t\t\tfont-size: 22px;\n\t\t\t\t\t\t\n\t\t\t\n\t\t\t\t\t}\n\n\t\t.slider-info-36238.bafg-slider-info .bafg-slider-description {\n\t\t\t\n\t\t\t\n\t\t\t\t\t}\n\n\t\t.slider-info-36238.bafg-slider-info .bafg_slider_readmore_button {\n\t\t\t\n\t\t\t\n\t\t\t\n\t\t\t\n\t\t\t\n\t\t\ttext-align: center;\n\n\t\t\t\n\t\t\t\n\t\t\t\n\t\t\t\n\t\t\t\n\t\t\t\n\t\t\t\t\t}\n\n\t\t.slider-info-36238.bafg-slider-info .bafg_slider_readmore_button:hover {\n\n\t\t\t\n\t\t\t\n\t\t\t\t\t}\n\n\t<\/style>\n\t\n        <div class=\"bafg-twentytwenty-container slider-36238 \" bafg-orientation=\"horizontal\" bafg-default-offset=\"0.5\" bafg-before-label=\"Before\" bafg-after-label=\"After\" bafg-overlay=\"yes\" bafg-move-slider-on-hover=\"yes\" bafg-click-to-move=\"no\">\n              \n            <img decoding=\"async\" class=\"skip-lazy\" src=\"http:\/\/mairsturnstile.com\/wp-content\/uploads\/2023\/10\/esd-turnstile-4.jpg\" alt=\"\" data-skip-lazy title=\"\">\n            <img decoding=\"async\" class=\"skip-lazy\" src=\"http:\/\/mairsturnstile.com\/wp-content\/uploads\/2023\/10\/esd-turnstile-5.jpg\" alt=\"\" data-skip-lazy title=\"\">\n           \n        <\/div>\n\n        \t<div class=\"bafg-slider-info-wraper\">\n\t\t<div style=\"\" class=\"slider-info-36238 bafg-slider-info\">\n\t\t\t\t\t<\/div>\n\t<\/div>\n\t\n        <style type=\"text\/css\">\n            \n        <\/style>\n        \n<p>Das Tripod-Drehkreuz bietet eine abschreckende automatisierte Zugangskontrolle f\u00fcr Standorte mit starker Nutzung. Gut gebaut f\u00fcr erh\u00f6hte Haltbarkeit, steuert es effizient hohen Durchsatz. Da es innerhalb oder au\u00dferhalb der Geb\u00e4ude installiert werden kann, bietet es Kontrolle \u00fcber gelegentlichen Benutzermissbrauch. Dies ist eine einfache, langlebige und wirtschaftliche Ausr\u00fcstung.<\/p>\n<ul>\n<li>Das ESD-Drehkreuz-Stativ-Drehkreuztor ist eine kompakte und kosteng\u00fcnstige Eingangsl\u00f6sung.<\/li>\n<li>Das ESD-Stativ-Drehkreuz hat ein vollst\u00e4ndig regendichtes Geh\u00e4use <a href=\"https:\/\/en.wikipedia.org\/wiki\/Stainless_steel\" target=\"_blank\" rel=\"noopener\">aus Edelstahl<\/a> 304, das rostbest\u00e4ndig, solide und langlebig ist.<\/li>\n<li>Dreibein-Drehkreuze k\u00f6nnen sowohl im Innen- als auch im Au\u00dfenbereich montiert werden. Die IP-Rate betr\u00e4gt 54<\/li>\n<li>Es verf\u00fcgt \u00fcber einen Relaisausgang nach internationalem Standard, der problemlos in alle Arten von Zugangskontrollsystemen von Drittanbietern integriert werden kann (z. B. RFID, Fingerabdruck, Gesichtserkennung, Barcode, IR-Thermometer).<\/li>\n<li>Das Tor ist ein halbautomatisches Drehkreuz. Sie m\u00fcssen den Arm leicht dr\u00fccken, um das Tor zu \u00f6ffnen, wenn der Zugang gew\u00e4hrt wird.<\/li>\n<li>Das vern\u00fcnftige Design und die hohe Leistung sollen sicherstellen, dass sich die Tore schnell und genau, stabil und leise bewegen k\u00f6nnen. mit geringem Stromverbrauch, Energieeinsparung und Umweltschutz.<\/li>\n<li>Langlebiger, korrosionsbest\u00e4ndiger Hochleistungs-Formmechanismus f\u00fcr l\u00e4ngere Lebensdauer<\/li>\n<li>Der Mechanismus ist Formdesign. Alle Komponenten sind pr\u00e4zise. Es sorgt daf\u00fcr, dass das Torsystem reibungslos und ger\u00e4uscharm arbeitet. Ein hydraulischer D\u00e4mpfer kann hinzugef\u00fcgt werden.<\/li>\n<li>Das Design des Dreibein-Drehkreuzes l\u00e4sst nur eine Person gleichzeitig passieren.<\/li>\n<li>Einseitig oder bidirektional ist eine Option.<\/li>\n<li>LED-Richtungsanzeiger auf der Oberseite.<\/li>\n<li>Automatische Uhrfunktion: Wenn ein \u00d6ffnungssignal empfangen wird, aber der Besucher das Tor nicht innerhalb einer bestimmten Zeit (Standard 5s) passiert, wird der Drehkreuzarm automatisch verriegelt.<\/li>\n<li>Beim Ausschalten der Stromversorgung senken sich die Stativdrehkreuzarme automatisch ab, um freien Durchgang zu erm\u00f6glichen, was den Brandschutzanforderungen entspricht.<\/li>\n<\/ul>\n<p>Wir k\u00f6nnen die gesamte L\u00f6sung f\u00fcr die Sicherheitskontrolle anbieten. Wenn Sie ein eigenes Zugangskontrollsystem haben, k\u00f6nnen Sie unser Drehkreuz direkt verwenden. Falls Sie noch keine haben, bieten wir auch eine komplette L\u00f6sung f\u00fcr die Zugangskontrolle an. Einzelheiten entnehmen Sie bitte dem unten stehenden Video.<\/p>\n","protected":false},"excerpt":{"rendered":"<p>1. Gr\u00f6\u00dfe: 1400 * 280 * 980 mm (kann angepasst werden)<\/p>\n<p>2. Bahnbreite: 550 mm (kann angepasst werden)<\/p>\n<p>3. Durchgangsgeschwindigkeit: 35 Personen\/min<\/p>\n<p>4. Stromversorgung: 110 V\/220 V 50\/60 Hz<\/p>\n<p>5. Gewicht: 50 kg<\/p>\n<p>6. Tor\u00f6ffnungssignal: Potenzialfreier Kontakt\/Relais<\/p>\n<p>7. Seitendichtungsplatte und Bodenplatte k\u00f6nnen hinzugef\u00fcgt werden<\/p>\n<p>8. Zuverl\u00e4ssigkeit des Mechanismus: 3 Millionen, kein Fehler<\/p>\n<p>9. Betriebsweise: halbautomatisch<\/p>\n<p><strong><a title=\"Mairs CE-zertifiziertes Dreibein-Drehkreuz\" href=\"http:\/\/mairsturnstile.com\/wp-content\/uploads\/2022\/09\/Mairs-CE-Certificate-Tripod-Turnstile.pdf\" target=\"_blank\" rel=\"noopener noreferrer\">CE-zertifiziert,<\/a> <a title=\"Mairs ISO9001-Zertifikat\" href=\"http:\/\/mairsturnstile.com\/wp-content\/uploads\/2022\/09\/Mairs-Registration-Certificate-ISO9001.pdf\" target=\"_blank\" rel=\"noopener noreferrer\">ISO9001-zertifiziert.<\/a><\/strong><\/p>\n","protected":false},"featured_media":36230,"comment_status":"closed","ping_status":"closed","template":"","meta":{"neve_meta_sidebar":"","neve_meta_container":"","neve_meta_enable_content_width":"off","neve_meta_content_width":0,"neve_meta_title_alignment":"","neve_meta_author_avatar":"","neve_post_elements_order":"","neve_meta_disable_header":"","neve_meta_disable_footer":"","neve_meta_disable_title":"","_ti_tpc_template_sync":false,"_ti_tpc_template_id":""},"product_cat":[426,429],"product_tag":[482,480,483,1513,1511,484,481,1512],"class_list":["post-9165","product","type-product","status-publish","has-post-thumbnail","hentry","product_cat-dreibein-drehkreuz","product_cat-sicherheits-drehkreuze","product_tag-esd-tester-drehkreuz","product_tag-esd-drehkreuz","product_tag-esd-drehkreuz-torsystem","product_tag-esd-drehkreuz-zugangskontrollsystem","product_tag-esd-drehkreuze","product_tag-esd-drehkreuzspezifikationen","product_tag-esd-drehkreuztor","product_tag-esd-zugangskontrollsystem"],"_links":{"self":[{"href":"https:\/\/mairsturnstile.com\/de\/wp-json\/wp\/v2\/product\/9165","targetHints":{"allow":["GET"]}}],"collection":[{"href":"https:\/\/mairsturnstile.com\/de\/wp-json\/wp\/v2\/product"}],"about":[{"href":"https:\/\/mairsturnstile.com\/de\/wp-json\/wp\/v2\/types\/product"}],"replies":[{"embeddable":true,"href":"https:\/\/mairsturnstile.com\/de\/wp-json\/wp\/v2\/comments?post=9165"}],"version-history":[{"count":0,"href":"https:\/\/mairsturnstile.com\/de\/wp-json\/wp\/v2\/product\/9165\/revisions"}],"wp:featuredmedia":[{"embeddable":true,"href":"https:\/\/mairsturnstile.com\/de\/wp-json\/wp\/v2\/media\/36230"}],"wp:attachment":[{"href":"https:\/\/mairsturnstile.com\/de\/wp-json\/wp\/v2\/media?parent=9165"}],"wp:term":[{"taxonomy":"product_cat","embeddable":true,"href":"https:\/\/mairsturnstile.com\/de\/wp-json\/wp\/v2\/product_cat?post=9165"},{"taxonomy":"product_tag","embeddable":true,"href":"https:\/\/mairsturnstile.com\/de\/wp-json\/wp\/v2\/product_tag?post=9165"}],"curies":[{"name":"wp","href":"https:\/\/api.w.org\/{rel}","templated":true}]}}