{"id":9166,"date":"2020-09-13T17:52:29","date_gmt":"2020-09-13T09:52:29","guid":{"rendered":"https:\/\/mairsturnstile.com\/product\/bestes-rfid-drehkreuz-stativ-drehkreuzgate-mt122"},"modified":"2023-10-31T17:26:53","modified_gmt":"2023-10-31T09:26:53","slug":"rfid-drehkreuz","status":"publish","type":"product","link":"https:\/\/mairsturnstile.com\/de\/produkt\/rfid-drehkreuz","title":{"rendered":"BESTES RFID DREHKREUZ DREIBEINIGES DREHKREUZ GATE MT115"},"content":{"rendered":"        <!-- 3D Model html -->\r\n        <div class=\"bp_grand wrapper_20740\">   \r\n        <div class=\"bp_model_parent\">\r\n            <model-viewer class=\"model\" id=\"bp_model_id_20740\" src=\"http:\/\/mairsturnstile.com\/wp-content\/uploads\/2023\/07\/MT155.glb\" alt=\"MT155\" camera-controls  loading=\"auto\" auto-rotate                        >\r\n            <\/model-viewer>\r\n        \r\n            <!-- Button -->\r\n            <svg id=\"openBtn\" width=\"30px\" height=\"30px\" viewBox=\"0 0 16 16\" xmlns=\"http:\/\/www.w3.org\/2000\/svg\" fill=\"#f2f2f2\" class=\"bi bi-arrows-fullscreen model-icon\">\r\n                <path fill-rule=\"evenodd\" d=\"M5.828 10.172a.5.5 0 0 0-.707 0l-4.096 4.096V11.5a.5.5 0 0 0-1 0v3.975a.5.5 0 0 0 .5.5H4.5a.5.5 0 0 0 0-1H1.732l4.096-4.096a.5.5 0 0 0 0-.707zm4.344 0a.5.5 0 0 1 .707 0l4.096 4.096V11.5a.5.5 0 1 1 1 0v3.975a.5.5 0 0 1-.5.5H11.5a.5.5 0 0 1 0-1h2.768l-4.096-4.096a.5.5 0 0 1 0-.707zm0-4.344a.5.5 0 0 0 .707 0l4.096-4.096V4.5a.5.5 0 1 0 1 0V.525a.5.5 0 0 0-.5-.5H11.5a.5.5 0 0 0 0 1h2.768l-4.096 4.096a.5.5 0 0 0 0 .707zm-4.344 0a.5.5 0 0 1-.707 0L1.025 1.732V4.5a.5.5 0 0 1-1 0V.525a.5.5 0 0 1 .5-.5H4.5a.5.5 0 0 1 0 1H1.732l4.096 4.096a.5.5 0 0 1 0 .707z\"\/>\r\n            <\/svg>\r\n        \r\n            <svg id=\"closeBtn\" class=\"model-icon\" width=\"34px\" height=\"34px\" viewBox=\"0 0 24 24\" xmlns=\"http:\/\/www.w3.org\/2000\/svg\">\r\n                <path fill=\"none\" stroke=\"#f2f2f2\" stroke-width=\"2\" d=\"M7,7 L17,17 M7,17 L17,7\"\/>\r\n            <\/svg>\r\n        \r\n        <\/div>\r\n        <\/div> \r\n\r\n        <!-- Model Viewer Style -->\r\n        <style>\r\n            \r\n            .wrapper_20740 .bp_model_parent, #bp_model_id_20740 {\r\n                width: 1150px;\r\n                max-width: 100%;\r\n                                            }\r\n            #bp_model_id_20740 {\r\n                height:700px;\r\n                background-color: #f2f2f2;\r\n            }\r\n            .fullscreen #bp_model_id_20740{\r\n            height: 100%;\r\n            width: 100%;\r\n            }\r\n            .wrapper_20740 .bp_model_parent{\r\n                justify-content: start            }\r\n            model-viewer.model {\r\n                --poster-color: transparent;\r\n            }\r\n        <\/style>\r\n        \r\n        \n<h2>Das Dreibein-Drehkreuz f\u00fcr RFID-Drehkreuze hat eine Garantie von 2 Jahren und eine dauerhafte Wartungs- und Reparaturunterst\u00fctzung.<\/h2>\n<p><strong>Das RFID-Drehkreuz ist eine Art Drehkreuz, das mit einem RFID-Kartenleser ausgestattet ist, um die Anforderungen der Zugangskontrolle f\u00fcr Fu\u00dfg\u00e4nger zu erf\u00fcllen.<\/strong> Selbstverst\u00e4ndlich k\u00f6nnen wir diese RFID-Kartenleser mit einer TCP\/IP-Kommunikationsschnittstelle in unser Drehkreuztor integrieren. Wir bieten auch biometrische Ger\u00e4te wie IC\/ID-Kartenleser, Fingerabdruckscanner, QR-Code-Scanner, Gesichtserkennungskameras und so weiter. Wenn Sie diese Ger\u00e4te am Drehkreuztor integrieren m\u00fcssen oder Fragen haben, wenden Sie sich <a href=\"https:\/\/mairsturnstile.com\/contact\">bitte an uns<\/a>, wenn Sie diese RFID-Drehkreuze ben\u00f6tigen<\/p>\n<p>Wir k\u00f6nnen OEM- und ODM-Dienstleistungen erbringen. Wir haben erfahrene Designer, die eine tiefgreifende Anpassung an Ihre Bed\u00fcrfnisse vornehmen k\u00f6nnen. Wir werden so bald wie m\u00f6glich eine Reihe von Materialien wie 3D-Renderings, Ma\u00dfzeichnungen usw. zur Verf\u00fcgung stellen. Grunds\u00e4tzlich k\u00f6nnen alle unsere Drehkreuztorprodukte mit RFID-Kartenlesern integriert werden, und wir k\u00f6nnen das RFID-Drehkreuz auch an Ihre Bed\u00fcrfnisse anpassen. Das mit einem RFID-Kartenleser integrierte Drehkreuzprodukt ist die am weitesten verbreitete und am weitesten verbreitete Technologie.<\/p>\n<p>Wenn Sie ein solches RFID-Produkt kaufen m\u00fcssen, kontaktieren Sie uns bitte oder klicken Sie direkt auf die Online-Chat-Schaltfl\u00e4che in der unteren linken Ecke, um direkt mit uns zu sprechen. Unser Kundenservice ist grunds\u00e4tzlich online. Wenn nicht, werden wir Ihre Nachricht so schnell wie m\u00f6glich beantworten.<\/p>\n<p>Sie m\u00fcssen uns nur Ihre Bed\u00fcrfnisse mitteilen, z. B. wo das Drehkreuz verwendet werden soll, wie breit der Durchgang ist, welche Funktionen implementiert werden sollen und ob es andere spezielle Bed\u00fcrfnisse gibt. Diese Grundanforderungen m\u00fcssen vor dem Kauf klar kommuniziert werden. Unsere Vertriebsexperten pr\u00e4sentieren Ihnen eine zufriedenstellende L\u00f6sung nach Ihren Bed\u00fcrfnissen. Es ist unsere Verantwortung und Motivation, Sie zufrieden zu stellen.<\/p>\n<p>Auch auf den Philippinen sind unsere Personendrehkreuze sehr beliebt. Mehrere unserer Kunden auf den Philippinen haben dieses Drehkreuztor individuell angepasst. Wenn Sie dieses RFID-Drehkreuz Philippinen kaufen m\u00f6chten, z\u00f6gern Sie bitte nicht, uns zu kontaktieren.<\/p>\n<p><a href=\"https:\/\/mairsturnstile.com\/category\/tripod-turnstile\">Das Dreibein-Drehkreuz<\/a> bietet eine zuverl\u00e4ssige und effiziente Methode, um sicherzustellen, dass nur autorisierten Benutzern Zugang zu jedem Bereich eines Geb\u00e4udes gew\u00e4hrt wird. Diese dreibeinigen Drehkreuz-Sicherheitstore f\u00fcr die <a href=\"https:\/\/en.wikipedia.org\/wiki\/Access_control\" target=\"_blank\" rel=\"noopener\">Zugangskontrolle<\/a> sind hocheffizient und k\u00f6nnen mit hohem Verkehrsaufkommen und schrecklichen Bedingungen problemlos umgegangen werden. Mairs bietet das beste Dreibein-Drehkreuz mit RFID-Drehkreuz zum Verkauf zu einem erschwinglichen Preis an.<\/p>\n<p>Wir k\u00f6nnen auch innerhalb weniger Minuten ein Rendering f\u00fcr Sie erstellen, das auf Ihrem aktuellen Szenario basiert. Wir liefern auch detaillierte Layouts und Zeichnungen sowie Installationszeichnungen.<\/p>\n\n        \t\n\t<style type=\"text\/css\">\n\t\t.slider-info-20743.bafg-slider-info .bafg-slider-title {\n\t\t\t\t\t\tfont-size: 22px;\n\t\t\t\t\t\t\n\t\t\t\n\t\t\t\t\t}\n\n\t\t.slider-info-20743.bafg-slider-info .bafg-slider-description {\n\t\t\t\n\t\t\t\n\t\t\t\t\t}\n\n\t\t.slider-info-20743.bafg-slider-info .bafg_slider_readmore_button {\n\t\t\t\n\t\t\t\n\t\t\t\n\t\t\t\n\t\t\t\n\t\t\ttext-align: center;\n\n\t\t\t\n\t\t\t\n\t\t\t\n\t\t\t\n\t\t\t\n\t\t\t\n\t\t\t\t\t}\n\n\t\t.slider-info-20743.bafg-slider-info .bafg_slider_readmore_button:hover {\n\n\t\t\t\n\t\t\t\n\t\t\t\t\t}\n\n\t<\/style>\n\t\n        <div class=\"bafg-twentytwenty-container slider-20743 \" bafg-orientation=\"horizontal\" bafg-default-offset=\"0.5\" bafg-before-label=\"Before\" bafg-after-label=\"After\" bafg-overlay=\"yes\" bafg-move-slider-on-hover=\"yes\" bafg-click-to-move=\"no\">\n              \n            <img decoding=\"async\" class=\"skip-lazy\" src=\"http:\/\/mairsturnstile.com\/wp-content\/uploads\/2023\/06\/rfid-turnstile_4.jpg\" alt=\"\" data-skip-lazy title=\"\">\n            <img decoding=\"async\" class=\"skip-lazy\" src=\"http:\/\/mairsturnstile.com\/wp-content\/uploads\/2023\/06\/rfid-turnstile_5.jpg\" alt=\"\" data-skip-lazy title=\"\">\n           \n        <\/div>\n\n        \t<div class=\"bafg-slider-info-wraper\">\n\t\t<div style=\"\" class=\"slider-info-20743 bafg-slider-info\">\n\t\t\t\t\t<\/div>\n\t<\/div>\n\t\n        <style type=\"text\/css\">\n            \n        <\/style>\n        \n<ul>\n<li>Das RFID-Stativ-Drehkreuztor ist eine kompakte und kosteng\u00fcnstige Eingangsl\u00f6sung.<\/li>\n<li>Das RFID-Drehkreuz-Drehkreuztor f\u00fcr die Zugangskontrolle verf\u00fcgt \u00fcber ein vollst\u00e4ndig regendichtes Geh\u00e4use aus Edelstahl 304, das rostbest\u00e4ndig, solide und langlebig ist.<\/li>\n<li>RFID-Drehkreuz-Stativ-Drehkreuze k\u00f6nnen sowohl f\u00fcr Innen- als auch f\u00fcr Au\u00dfenstandorte montiert werden. Die IP-Rate betr\u00e4gt 54.<\/li>\n<li>Es verf\u00fcgt \u00fcber einen internationalen Standard-Relaisausgang, der problemlos in alle Arten von Zutrittskontrollsystemen von Drittanbietern (z. B. RFID, Fingerabdruck, Gesichtserkennung, Barcode, IR-Thermometer) integriert werden kann.<\/li>\n<li>Das RFID-Drehkreuz ist ein halbautomatisches. Sie m\u00fcssen den Arm leicht dr\u00fccken, um das Tor zu \u00f6ffnen, wenn der Zugang gew\u00e4hrt wird.<\/li>\n<li>Das vern\u00fcnftige Design und die hohe Leistung sollen sicherstellen, dass sich die Tore schnell und genau, stabil und leise bewegen k\u00f6nnen. mit geringem Stromverbrauch, Energieeinsparung und Umweltschutz.<\/li>\n<li>Langlebiger, korrosionsbest\u00e4ndiger Hochleistungs-Formmechanismus f\u00fcr l\u00e4ngere Lebensdauer<\/li>\n<li>Der Mechanismus ist Formdesign. Alle Komponenten sind pr\u00e4zise. Es sorgt daf\u00fcr, dass das Torsystem reibungslos und ger\u00e4uscharm arbeitet. Ein hydraulischer D\u00e4mpfer kann hinzugef\u00fcgt werden.<\/li>\n<li>Das Design des Dreibein-Drehkreuzes l\u00e4sst nur eine Person gleichzeitig passieren.<\/li>\n<li>Einseitig oder bidirektional ist eine Option.<\/li>\n<li>Dreibein-Drehkreuzpreis in Indien.<\/li>\n<li>LED-Richtungsanzeiger auf der Oberseite.<\/li>\n<li>Automatische Uhrfunktion: Wenn ein \u00d6ffnungssignal empfangen wird, aber der Besucher das Tor nicht innerhalb einer bestimmten Zeit (Standard 5s) passiert, wird der Drehkreuzarm automatisch verriegelt.<\/li>\n<li>Wenn der Strom abgeschaltet ist, werden die Drehkreuzarme des Stativs automatisch heruntergelassen, um freien Durchgang zu erm\u00f6glichen, was den Brandschutzanforderungen entspricht<\/li>\n<\/ul>\n<p>Wir k\u00f6nnen die gesamte L\u00f6sung f\u00fcr die Sicherheitskontrolle anbieten. Wenn Sie ein eigenes Zugangskontrollsystem haben, k\u00f6nnen Sie unser Drehkreuz direkt verwenden. Falls Sie noch keine haben, bieten wir auch eine komplette L\u00f6sung f\u00fcr die Zugangskontrolle an. Einzelheiten entnehmen Sie bitte dem unten stehenden Video.<\/p>\n<p><iframe title=\"Tripod-Sicherheitstore, Tripod-Drehkreuztor, Tripod-Drehkreuze - MairsTurnstile\" src=\"https:\/\/www.youtube.com\/embed\/XZxBoOfEqvE\" width=\"1150\" height=\"650\" frameborder=\"0\" allowfullscreen=\"allowfullscreen\"><\/iframe><\/p>\n","protected":false},"excerpt":{"rendered":"<p>1. Gr\u00f6\u00dfe: 480 * 280 * 980 mm (kann angepasst werden)<\/p>\n<p>2. Bahnbreite: 550 mm (kann angepasst werden)<\/p>\n<p>3. Durchgangsgeschwindigkeit: 35 Personen\/min<\/p>\n<p>4. Stromversorgung: 110 V\/220 V 50\/60 Hz<\/p>\n<p>5. Gewicht: 45 kg<\/p>\n<p>6. Eingang: Trockener Kontakt<\/p>\n<p>7. 24-V-Magnet<\/p>\n<p>8. Geh\u00e4usematerial: Edelstahl 304<\/p>\n<p>10. Betriebsweise: halbautomatisch<\/p>\n<p><strong><a title=\"Mairs CE-zertifiziertes Dreibein-Drehkreuz\" href=\"http:\/\/mairsturnstile.com\/wp-content\/uploads\/2022\/09\/Mairs-CE-Certificate-Tripod-Turnstile.pdf\" target=\"_blank\" rel=\"noopener noreferrer\">CE-zertifiziert,<\/a> <a title=\"Mairs ISO9001-Zertifikat\" href=\"http:\/\/mairsturnstile.com\/wp-content\/uploads\/2022\/09\/Mairs-Registration-Certificate-ISO9001.pdf\" target=\"_blank\" rel=\"noopener noreferrer\">ISO9001-zertifiziert.<\/a><\/strong><\/p>\n","protected":false},"featured_media":59312,"comment_status":"closed","ping_status":"closed","template":"","meta":{"neve_meta_sidebar":"","neve_meta_container":"","neve_meta_enable_content_width":"off","neve_meta_content_width":0,"neve_meta_title_alignment":"","neve_meta_author_avatar":"","neve_post_elements_order":"","neve_meta_disable_header":"","neve_meta_disable_footer":"","neve_meta_disable_title":"","_ti_tpc_template_sync":false,"_ti_tpc_template_id":""},"product_cat":[426,429],"product_tag":[1510,456,485,486,487],"class_list":["post-9166","product","type-product","status-publish","has-post-thumbnail","hentry","product_cat-dreibein-drehkreuz","product_cat-sicherheits-drehkreuze","product_tag-drehkreuz-zugangskontrolle","product_tag-dreibein-drehkreuz","product_tag-dreibein-drehkreuztor","product_tag-rfid-drehkreuz","product_tag-rfid-drehkreuz-schranke"],"_links":{"self":[{"href":"https:\/\/mairsturnstile.com\/de\/wp-json\/wp\/v2\/product\/9166","targetHints":{"allow":["GET"]}}],"collection":[{"href":"https:\/\/mairsturnstile.com\/de\/wp-json\/wp\/v2\/product"}],"about":[{"href":"https:\/\/mairsturnstile.com\/de\/wp-json\/wp\/v2\/types\/product"}],"replies":[{"embeddable":true,"href":"https:\/\/mairsturnstile.com\/de\/wp-json\/wp\/v2\/comments?post=9166"}],"version-history":[{"count":0,"href":"https:\/\/mairsturnstile.com\/de\/wp-json\/wp\/v2\/product\/9166\/revisions"}],"wp:featuredmedia":[{"embeddable":true,"href":"https:\/\/mairsturnstile.com\/de\/wp-json\/wp\/v2\/media\/59312"}],"wp:attachment":[{"href":"https:\/\/mairsturnstile.com\/de\/wp-json\/wp\/v2\/media?parent=9166"}],"wp:term":[{"taxonomy":"product_cat","embeddable":true,"href":"https:\/\/mairsturnstile.com\/de\/wp-json\/wp\/v2\/product_cat?post=9166"},{"taxonomy":"product_tag","embeddable":true,"href":"https:\/\/mairsturnstile.com\/de\/wp-json\/wp\/v2\/product_tag?post=9166"}],"curies":[{"name":"wp","href":"https:\/\/api.w.org\/{rel}","templated":true}]}}