{"id":9168,"date":"2020-09-13T17:48:58","date_gmt":"2020-09-13T09:48:58","guid":{"rendered":"https:\/\/mairsturnstile.com\/product\/vertikales-stativ-drehkreuz-mt113-3"},"modified":"2024-04-01T12:07:17","modified_gmt":"2024-04-01T04:07:17","slug":"vertikal-dreifus-drehkreuz","status":"publish","type":"product","link":"https:\/\/mairsturnstile.com\/de\/produkt\/vertikal-dreifus-drehkreuz","title":{"rendered":"NEUES DESIGN VERTIKALES DREIBEINIGES DREHKREUZ MT116"},"content":{"rendered":"        <!-- 3D Model html -->\r\n        <div class=\"bp_grand wrapper_20729\">   \r\n        <div class=\"bp_model_parent\">\r\n            <model-viewer class=\"model\" id=\"bp_model_id_20729\" src=\"http:\/\/mairsturnstile.com\/wp-content\/uploads\/2023\/07\/MT151.glb\" alt=\"MT151\" camera-controls  loading=\"auto\" auto-rotate                        >\r\n            <\/model-viewer>\r\n        \r\n            <!-- Button -->\r\n            <svg id=\"openBtn\" width=\"30px\" height=\"30px\" viewBox=\"0 0 16 16\" xmlns=\"http:\/\/www.w3.org\/2000\/svg\" fill=\"#f2f2f2\" class=\"bi bi-arrows-fullscreen model-icon\">\r\n                <path fill-rule=\"evenodd\" d=\"M5.828 10.172a.5.5 0 0 0-.707 0l-4.096 4.096V11.5a.5.5 0 0 0-1 0v3.975a.5.5 0 0 0 .5.5H4.5a.5.5 0 0 0 0-1H1.732l4.096-4.096a.5.5 0 0 0 0-.707zm4.344 0a.5.5 0 0 1 .707 0l4.096 4.096V11.5a.5.5 0 1 1 1 0v3.975a.5.5 0 0 1-.5.5H11.5a.5.5 0 0 1 0-1h2.768l-4.096-4.096a.5.5 0 0 1 0-.707zm0-4.344a.5.5 0 0 0 .707 0l4.096-4.096V4.5a.5.5 0 1 0 1 0V.525a.5.5 0 0 0-.5-.5H11.5a.5.5 0 0 0 0 1h2.768l-4.096 4.096a.5.5 0 0 0 0 .707zm-4.344 0a.5.5 0 0 1-.707 0L1.025 1.732V4.5a.5.5 0 0 1-1 0V.525a.5.5 0 0 1 .5-.5H4.5a.5.5 0 0 1 0 1H1.732l4.096 4.096a.5.5 0 0 1 0 .707z\"\/>\r\n            <\/svg>\r\n        \r\n            <svg id=\"closeBtn\" class=\"model-icon\" width=\"34px\" height=\"34px\" viewBox=\"0 0 24 24\" xmlns=\"http:\/\/www.w3.org\/2000\/svg\">\r\n                <path fill=\"none\" stroke=\"#f2f2f2\" stroke-width=\"2\" d=\"M7,7 L17,17 M7,17 L17,7\"\/>\r\n            <\/svg>\r\n        \r\n        <\/div>\r\n        <\/div> \r\n\r\n        <!-- Model Viewer Style -->\r\n        <style>\r\n            \r\n            .wrapper_20729 .bp_model_parent, #bp_model_id_20729 {\r\n                width: 1150px;\r\n                max-width: 100%;\r\n                                            }\r\n            #bp_model_id_20729 {\r\n                height:700px;\r\n                background-color: #f2f2f2;\r\n            }\r\n            .fullscreen #bp_model_id_20729{\r\n            height: 100%;\r\n            width: 100%;\r\n            }\r\n            .wrapper_20729 .bp_model_parent{\r\n                justify-content: start            }\r\n            model-viewer.model {\r\n                --poster-color: transparent;\r\n            }\r\n        <\/style>\r\n        \r\n        \n<h4>Das vertikale Dreibein-Drehkreuz hat eine Garantie von 2 Jahren und dauerhafte Wartungs- und Reparaturunterst\u00fctzung.<\/h4>\n<p>Wir k\u00f6nnen OEM- und ODM-Dienstleistungen erbringen. Wir haben erfahrene Designer, die eine tiefgreifende Anpassung an Ihre Bed\u00fcrfnisse vornehmen k\u00f6nnen. Wir werden so bald wie m\u00f6glich eine Reihe von Materialien wie 3D-Renderings, Ma\u00dfzeichnungen usw. zur Verf\u00fcgung stellen. Wir bieten auch biometrische Ger\u00e4te wie IC\/ID-Kartenleser, Fingerabdruckscanner, QR-Code-Scanner, Gesichtserkennungskameras und so weiter.<\/p>\n<p><strong>Vertikale Tripod-Drehkreuze<\/strong> werden in verschiedenen Anwendungen eingesetzt, z. B. in Sporthallen, Arenen, f\u00fcr die Au\u00dfen- und Innensicherung, in Freizeit- und Vergn\u00fcgungsparks usw. <a href=\"https:\/\/mairsturnstile.com\/tripod-turnstile.html\" target=\"_blank\" rel=\"noopener\">Das Drehkreuz<\/a> kann mit LCD-Display, Durchgangsz\u00e4hler, Kartenleser, Token-Betrieb und Alarmsystem gegen unbefugten Zutritt ausgestattet werden. Die einzigartige Arm-Drop-Funktion bietet eine Ausfallsicherheitsl\u00f6sung, die einen Ausstieg erm\u00f6glicht, falls eine Krisenevakuierung erforderlich ist, im Falle eines Notfalls oder Stromausfalls, und einen Ausstieg im Falle einer Krisenevakuierung erm\u00f6glicht.<\/p>\n<p>Wir k\u00f6nnen auch innerhalb weniger Minuten ein Rendering f\u00fcr Sie erstellen, das auf Ihrem aktuellen Szenario basiert. Wir liefern auch detaillierte Layouts und Zeichnungen sowie Installationszeichnungen.<\/p>\n\n        \t\n\t<style type=\"text\/css\">\n\t\t.slider-info-20747.bafg-slider-info .bafg-slider-title {\n\t\t\t\t\t\tfont-size: 22px;\n\t\t\t\t\t\t\n\t\t\t\n\t\t\t\t\t}\n\n\t\t.slider-info-20747.bafg-slider-info .bafg-slider-description {\n\t\t\t\n\t\t\t\n\t\t\t\t\t}\n\n\t\t.slider-info-20747.bafg-slider-info .bafg_slider_readmore_button {\n\t\t\t\n\t\t\t\n\t\t\t\n\t\t\t\n\t\t\t\n\t\t\ttext-align: center;\n\n\t\t\t\n\t\t\t\n\t\t\t\n\t\t\t\n\t\t\t\n\t\t\t\n\t\t\t\t\t}\n\n\t\t.slider-info-20747.bafg-slider-info .bafg_slider_readmore_button:hover {\n\n\t\t\t\n\t\t\t\n\t\t\t\t\t}\n\n\t<\/style>\n\t\n        <div class=\"bafg-twentytwenty-container slider-20747 \" bafg-orientation=\"horizontal\" bafg-default-offset=\"0.5\" bafg-before-label=\"Before\" bafg-after-label=\"After\" bafg-overlay=\"yes\" bafg-move-slider-on-hover=\"yes\" bafg-click-to-move=\"no\">\n              \n            <img decoding=\"async\" class=\"skip-lazy\" src=\"http:\/\/mairsturnstile.com\/wp-content\/uploads\/2023\/06\/vertical-tripod-turnstile_5.jpg\" alt=\"\" data-skip-lazy title=\"\">\n            <img decoding=\"async\" class=\"skip-lazy\" src=\"http:\/\/mairsturnstile.com\/wp-content\/uploads\/2023\/06\/vertical-tripod-turnstile_6.jpg\" alt=\"vertical tripod turnstile\" data-skip-lazy title=\"\">\n           \n        <\/div>\n\n        \t<div class=\"bafg-slider-info-wraper\">\n\t\t<div style=\"\" class=\"slider-info-20747 bafg-slider-info\">\n\t\t\t\t\t<\/div>\n\t<\/div>\n\t\n        <style type=\"text\/css\">\n            \n        <\/style>\n        \n<ul>\n<li>Das vertikale Dreibein-Drehkreuz ist eine kompakte und kosteng\u00fcnstige Eingangsl\u00f6sung.<\/li>\n<li>Das vertikale Dreibein-Drehkreuz hat ein vollst\u00e4ndig regendichtes Geh\u00e4use aus Edelstahl 304, das rostbest\u00e4ndig, solide und langlebig ist.<\/li>\n<li>Dreibein-Drehkreuze k\u00f6nnen sowohl im Innen- als auch im Au\u00dfenbereich montiert werden. Die IP-Rate betr\u00e4gt 54<\/li>\n<li>Es verf\u00fcgt \u00fcber einen internationalen Standard-Relaisausgang, der problemlos in alle Arten von Zutrittskontrollsystemen von Drittanbietern (z. B. RFID, <a href=\"https:\/\/en.wikipedia.org\/wiki\/Fingerprint\" target=\"_blank\" rel=\"noopener\">Fingerabdruck<\/a>, Gesichtserkennung, Barcode, IR-Thermometer) integriert werden kann.<\/li>\n<li>Das vertikale Dreibein-Drehkreuz ist ein halbautomatisches Drehkreuz. Sie m\u00fcssen den Arm leicht dr\u00fccken, um das Tor zu \u00f6ffnen, wenn der Zugang gew\u00e4hrt wird.<\/li>\n<li>Das vern\u00fcnftige Design und die hohe Leistung sollen sicherstellen, dass sich die Tore schnell und genau, stabil und leise bewegen k\u00f6nnen. mit geringem Stromverbrauch, Energieeinsparung und Umweltschutz.<\/li>\n<li>Langlebiger, korrosionsbest\u00e4ndiger Hochleistungs-Formmechanismus f\u00fcr l\u00e4ngere Lebensdauer<\/li>\n<li>Der Mechanismus ist Formdesign. Alle Komponenten sind pr\u00e4zise. Es sorgt daf\u00fcr, dass das Torsystem reibungslos und ger\u00e4uscharm arbeitet. Ein hydraulischer D\u00e4mpfer kann hinzugef\u00fcgt werden.<\/li>\n<li>Das vertikale Drehkreuz ist so konzipiert, dass immer nur eine Person gleichzeitig passieren kann.<\/li>\n<li>Einseitig oder bidirektional ist eine Option.<\/li>\n<li>LED-Blinklicht oben<\/li>\n<li>Automatische Uhrfunktion: Wenn ein \u00d6ffnungssignal empfangen wird, aber der Besucher das Tor nicht innerhalb einer bestimmten Zeit (Standard 5s) passiert, wird der Drehkreuzarm automatisch verriegelt.<\/li>\n<li>Wenn der Strom abgeschaltet ist, werden die Drehkreuzarme des Stativs automatisch heruntergelassen, um freien Durchgang zu erm\u00f6glichen, was den Brandschutzanforderungen entspricht.<\/li>\n<\/ul>\n<p>Wir k\u00f6nnen die gesamte L\u00f6sung f\u00fcr die Sicherheitskontrolle anbieten. Wenn Sie ein eigenes Zugangskontrollsystem haben, k\u00f6nnen Sie unser Drehkreuz direkt verwenden. Falls Sie noch keine haben, bieten wir auch eine komplette L\u00f6sung f\u00fcr die Zugangskontrolle an. Einzelheiten entnehmen Sie bitte dem unten stehenden Video.<\/p>\n<p><iframe title=\"YouTube-Videoplayer\" src=\"https:\/\/www.youtube.com\/embed\/OC_Ed4lxT_c?si=lbOBml0LSGllLEoV\" width=\"1150\" height=\"650\" frameborder=\"0\" allowfullscreen=\"allowfullscreen\"><span data-mce-type=\"bookmark\" style=\"display: inline-block; width: 0px; overflow: hidden; line-height: 0;\" class=\"mce_SELRES_start\"><\/span><\/iframe><\/p>\n","protected":false},"excerpt":{"rendered":"<p>1. Gr\u00f6\u00dfe: 600*250*980 mm (kann angepasst werden)<\/p>\n<p>2. Bahnbreite: 550 mm (kann angepasst werden)<\/p>\n<p>3. Durchgangsgeschwindigkeit: 35 Personen\/min<\/p>\n<p>4. Stromversorgung: 110 V\/220 V 50\/60 Hz<\/p>\n<p>5. Gewicht: 40 kg<\/p>\n<p>6. Tor\u00f6ffnungssignal: Potenzialfreier Kontakt\/Relais<\/p>\n<p>7. Betriebsweise: halbautomatisch<\/p>\n<p>8. Geh\u00e4usematerial: Edelstahl 304<\/p>\n<p>9. Zuverl\u00e4ssigkeit des Mechanismus: 3 Millionen, kein Fehler<\/p>\n<p><strong><a title=\"Mairs CE-zertifiziertes Dreibein-Drehkreuz\" href=\"http:\/\/mairsturnstile.com\/wp-content\/uploads\/2022\/09\/Mairs-CE-Certificate-Tripod-Turnstile.pdf\" target=\"_blank\" rel=\"noopener noreferrer\">CE-zertifiziert,<\/a> <a title=\"Mairs ISO9001-Zertifikat\" href=\"http:\/\/mairsturnstile.com\/wp-content\/uploads\/2022\/09\/Mairs-Registration-Certificate-ISO9001.pdf\" target=\"_blank\" rel=\"noopener noreferrer\">ISO9001-zertifiziert.<\/a><\/strong><\/p>\n<p><a title=\"Vertikale Dreibein-Drehkreuz-Brosch\u00fcre\" href=\"http:\/\/mairsturnstile.com\/wp-content\/uploads\/2023\/12\/MT116-brochure.pdf\" target=\"_blank\" rel=\"noopener noreferrer\"><img decoding=\"async\" class=\"alignnone size-full wp-image-11034\" src=\"http:\/\/mairsturnstile.com\/wp-content\/uploads\/2022\/09\/pdf-MairsTurnstile.png\" alt=\"\" width=\"32\" height=\"32\"><span style=\"color: #0000ff;\"><strong>Brosch\u00fcre zum vertikalen Drehkreuz MT116<\/strong><\/span><\/a><\/p>\n","protected":false},"featured_media":24984,"comment_status":"closed","ping_status":"closed","template":"","meta":{"neve_meta_sidebar":"","neve_meta_container":"","neve_meta_enable_content_width":"off","neve_meta_content_width":0,"neve_meta_title_alignment":"","neve_meta_author_avatar":"","neve_post_elements_order":"","neve_meta_disable_header":"","neve_meta_disable_footer":"","neve_meta_disable_title":"","_ti_tpc_template_sync":false,"_ti_tpc_template_id":""},"product_cat":[426,429],"product_tag":[456,485,1515,461,490],"class_list":["post-9168","product","type-product","status-publish","has-post-thumbnail","hentry","product_cat-dreibein-drehkreuz","product_cat-sicherheits-drehkreuze","product_tag-dreibein-drehkreuz","product_tag-dreibein-drehkreuztor","product_tag-hersteller-von-drehkreuzen-in-china","product_tag-sicherheitsdrehkreuze","product_tag-vertikales-dreibein-drehkreuz"],"_links":{"self":[{"href":"https:\/\/mairsturnstile.com\/de\/wp-json\/wp\/v2\/product\/9168","targetHints":{"allow":["GET"]}}],"collection":[{"href":"https:\/\/mairsturnstile.com\/de\/wp-json\/wp\/v2\/product"}],"about":[{"href":"https:\/\/mairsturnstile.com\/de\/wp-json\/wp\/v2\/types\/product"}],"replies":[{"embeddable":true,"href":"https:\/\/mairsturnstile.com\/de\/wp-json\/wp\/v2\/comments?post=9168"}],"version-history":[{"count":0,"href":"https:\/\/mairsturnstile.com\/de\/wp-json\/wp\/v2\/product\/9168\/revisions"}],"wp:featuredmedia":[{"embeddable":true,"href":"https:\/\/mairsturnstile.com\/de\/wp-json\/wp\/v2\/media\/24984"}],"wp:attachment":[{"href":"https:\/\/mairsturnstile.com\/de\/wp-json\/wp\/v2\/media?parent=9168"}],"wp:term":[{"taxonomy":"product_cat","embeddable":true,"href":"https:\/\/mairsturnstile.com\/de\/wp-json\/wp\/v2\/product_cat?post=9168"},{"taxonomy":"product_tag","embeddable":true,"href":"https:\/\/mairsturnstile.com\/de\/wp-json\/wp\/v2\/product_tag?post=9168"}],"curies":[{"name":"wp","href":"https:\/\/api.w.org\/{rel}","templated":true}]}}