{"id":9174,"date":"2022-01-24T21:56:16","date_gmt":"2022-01-24T13:56:16","guid":{"rendered":"https:\/\/mairsturnstile.com\/product\/elektrische-steigpoller-steigsicherheitspoller"},"modified":"2023-03-03T16:25:53","modified_gmt":"2023-03-03T08:25:53","slug":"elektrisch-steigende-poller","status":"publish","type":"product","link":"https:\/\/mairsturnstile.com\/de\/produkt\/elektrisch-steigende-poller","title":{"rendered":"Elektrische Steigpoller Steigsicherheitspoller"},"content":{"rendered":"<h3>Elektrisch steigende Poller haben eine 2-Jahres-Garantie und dauerhafte Wartungs- und Reparaturunterst\u00fctzung.<\/h3>\n<p>Wir k\u00f6nnen OEM- und ODM-Dienstleistungen erbringen. Diese elektrischen Hubpoller k\u00f6nnen mit einem Kartenleser ausgestattet werden, der das Anheben der hydraulischen Hubpoller durch Durchziehen der Karte automatisch steuern kann. Es kann auch mit einem Park-Drehkreuz oder einer <a href=\"https:\/\/en.wikipedia.org\/wiki\/Access_control\" target=\"_blank\" rel=\"noopener\">Zugangskontrolle<\/a> ausgestattet werden. Es kann auch mit dem Verwaltungssystem und dem Ladesystem verbunden und vom Computer gesteuert werden. Sie k\u00f6nnen die LED-Blinkfunktion auch so anpassen, dass sie w\u00e4hrend der S\u00e4ulenaktivit\u00e4t eine Blinkwarnung und nachts eine Lichtwarnung ausgibt. Sie k\u00f6nnen auch den akustischen Alarm und den intermittierenden Alarm anpassen. Wenn Sie einen hydraulisch ansteigenden Poller anfertigen lassen m\u00f6chten, <a href=\"https:\/\/mairsturnstile.com\/contact\">kontaktieren Sie uns<\/a> bitte.<\/p>\n<p>Elektrische aufsteigende Poller sind eine Art Ausr\u00fcstung zur Kontrolle der Durchfahrt von Stra\u00dfenfahrzeugen, die zusammen mit dem Steuersystem f\u00fcr das Parkschrankentor oder allein verwendet werden k\u00f6nnen; Es wurde speziell entworfen und entwickelt, um zu verhindern, dass unbefugte Fahrzeuge in sensible Bereiche eindringen, und weist eine hohe Praktikabilit\u00e4t, Zuverl\u00e4ssigkeit und Sicherheit auf. Es besteht aus einer unteren Basis, einer anhebenden Sperrs\u00e4ule, einer Kraft\u00fcbertragungsvorrichtung, einer Steuerung und anderen Teilen. Entsprechend den unterschiedlichen Anforderungen verschiedener Kunden stehen den Benutzern verschiedene Konfigurationsmodi zur Auswahl, die die funktionalen Anforderungen verschiedener Kunden erf\u00fcllen k\u00f6nnen.<\/p>\n<p>Eigenschaften der elektrisch steigenden Poller:<\/p>\n<p>Die schnellste Hubzeit von elektrisch steigenden Pollern kann 3 Sekunden erreichen, was viel l\u00e4nger ist als die pneumatische Hubs\u00e4ule der gleichen Spezifikation, was \u00e4u\u00dferst wertvoll ist. Da die hydraulische Antriebseinheit verwendet wird, ist die Aktion sanft und ruhig, wodurch das Problem des hohen Ger\u00e4uschpegels der herk\u00f6mmlichen pneumatischen Hubs\u00e4ule aufgrund der Luftpumpe gel\u00f6st wird.<\/p>\n<p>Die Steuereinheit der elektrisch steigenden Poller verwendet eine multifunktionale Logiksteuerung, die eine Vielzahl verschiedener Funktionsmodi modulieren kann, um die unterschiedlichen funktionalen Anforderungen verschiedener Benutzer zu erf\u00fcllen. Dar\u00fcber hinaus ist es erw\u00e4hnenswert, dass der Bewegungshub ein einstellbares Timing-Design ist und Benutzer die Hubh\u00f6he der S\u00e4ule frei steuern k\u00f6nnen, wodurch der Energieverbrauch effektiv gesenkt wird.<\/p>\n<p>Sein Kernst\u00fcck ist das Design der Hydraulikeinheit und des mechanischen Kraftmechanismus, die mechanische Energie effektiv auf die hydraulische Antriebseinheit \u00fcbertragen und effizient wirken k\u00f6nnen. Das einzigartige Design und die hervorragende Leistung der Hydraulikeinheiten zur Realisierung des Druckanstiegs sind auf demselben Gebiet im In- und Ausland selten.<\/p>\n<p>Bei einem Stromausfall und anderen Notf\u00e4llen kann der Notablassknopf manuell ge\u00f6ffnet werden, um die S\u00e4ule abzusenken, den Kanal zu \u00f6ffnen und das Fahrzeug freizugeben. Die oberen und unteren Teile des internen Befestigungsmechanismus sind jeweils mit Stromerfassungssensoren und elektromagnetischen Sensoren ausgestattet, um den \u00dcberstromschutz der Leistungseinheit und die effektive Begrenzung der S\u00e4ulenwirkung zu realisieren, und der Betrieb ist stabil und zuverl\u00e4ssig.<\/p>\n<p>Umweltschutz und Energieeinsparung, geringer Verbrauch, geringere Ausfallrate, l\u00e4ngere Lebensdauer und geringere Wartungskosten. Dar\u00fcber hinaus wird das nicht-traditionelle Design des F\u00fchrungsmechanismus f\u00fcr die Installation und Wartung \u00fcbernommen, was einfacher und schneller ist.<\/p>\n<p>Elektrisch steigende Poller werden h\u00e4ufig verwendet, um \u00f6ffentliches und privates Eigentum und einige Hochsicherheitsbereiche zu sichern. Es wirkt wie eine visuelle Barriere. Sie reichen von halbautomatischen einziehbaren Pollern bis hin zu vollautomatischen Crash-Rating-Pollern. Sie sind in einer Vielzahl von Gr\u00f6\u00dfen, Ausf\u00fchrungen und Materialien erh\u00e4ltlich. Poller und Sicherheitsstra\u00dfensperren k\u00f6nnen Menschen und Orte vor ungesicherten Problemen sch\u00fctzen.<\/p>\n<p><em class=\"op_dict3_highlight\">Parameter<\/em> f\u00fcr elektrisch aufsteigende Poller:<\/p>\n<p>Lagerumgebung: -10\u2103~65\u2103, wasserdicht, feuchtigkeitsbest\u00e4ndig, staubdicht.<br \/>\nSteigh\u00f6he: 600 mm (Standard) Max. 800 mm<br \/>\nStandarddicke: 6 (Standard) 8,10,25,30 mm (optional).<br \/>\nZylinderdurchmesser: 273<br \/>\nGeh\u00e4usegr\u00f6\u00dfe: 450 * 450 * 900 mm<br \/>\nStruktur: Mit tragender Stahltr\u00e4gers\u00e4ule, Antikollisions-Stahltr\u00e4gers\u00e4ule, 4 Navigationsstangen<br \/>\nIntegrierter elektrischer Mechanismus: Hub 600 mm, Zylinderau\u00dfendurchmesser 60 mm,<br \/>\nKolbenstangendurchmesser: 16mm<br \/>\nZylinder mit 6K-Spiegeloberfl\u00e4che<br \/>\nMit LED (Acryllichtkreis)<br \/>\nReflektierender Aufkleber: 2 Streifen<br \/>\nBei Stromausfall k\u00f6nnen die Poller durch Anschluss an eine Pufferbatterie manuell abgesenkt werden<br \/>\nIP-Rate: IP68-zertifiziert<\/p>\n<p>Gewicht: 150 \u00b1 KG<br \/>\nBeim Heben und Senken ist ein reversibler Betrieb vorhanden<br \/>\nEin Ger\u00e4t, das Ger\u00e4usche von \u226460 Dezibel laufen l\u00e4sst<br \/>\nDer hydraulische Mechanismus ist ein vollst\u00e4ndig versiegeltes Aluminiumgeh\u00e4use, um eine Wasserdichtigkeit zu gew\u00e4hrleisten<br \/>\nDer hydraulische Antrieb ist mit einer hydraulischen Verriegelung ausgestattet<br \/>\nSPS-Steuerkasten: 500 * 400 * 200 mm<br \/>\nSPS-Programmierbefehlssteuerung<br \/>\nMagnetventilspannung 24V<br \/>\nFernbedienungsentfernung 50M-100M (basierend auf der Umgebung)<br \/>\nDas Steuerfeld zeigt einstellbaren Text an (Aufw\u00e4rts, Abw\u00e4rts, Aktion, Zeitsteuerungseinstellung)<br \/>\nTextanzeige mit Chinesisch und Englisch zweisprachig<br \/>\nSPS eingebautes Verschl\u00fcsselungssystem<br \/>\nAPP- und PC-Fernbedienung (optional)<\/p>\n<p><img fetchpriority=\"high\" decoding=\"async\" class=\"wp-image-12606 size-full\" src=\"http:\/\/mairsturnstile.com\/wp-content\/uploads\/2022\/11\/dimension-of-automatic-bollards-273s.jpg\" alt=\"Abmessungen automatischer Poller\" width=\"1024\" height=\"820\" title=\"\" srcset=\"https:\/\/mairsturnstile.com\/wp-content\/uploads\/2022\/11\/dimension-of-automatic-bollards-273s.jpg 1024w, https:\/\/mairsturnstile.com\/wp-content\/uploads\/2022\/11\/dimension-of-automatic-bollards-273s-300x240.jpg 300w, https:\/\/mairsturnstile.com\/wp-content\/uploads\/2022\/11\/dimension-of-automatic-bollards-273s-768x615.jpg 768w, https:\/\/mairsturnstile.com\/wp-content\/uploads\/2022\/11\/dimension-of-automatic-bollards-273s-800x641.jpg 800w\" sizes=\"(max-width: 1024px) 100vw, 1024px\" \/><\/p>\n<p><img decoding=\"async\" class=\"size-full wp-image-12535\" src=\"http:\/\/mairsturnstile.com\/wp-content\/uploads\/2022\/11\/rising-bollards.jpg\" alt=\"steigende Poller\" width=\"1024\" height=\"1100\" title=\"\" srcset=\"https:\/\/mairsturnstile.com\/wp-content\/uploads\/2022\/11\/rising-bollards.jpg 1024w, https:\/\/mairsturnstile.com\/wp-content\/uploads\/2022\/11\/rising-bollards-279x300.jpg 279w, https:\/\/mairsturnstile.com\/wp-content\/uploads\/2022\/11\/rising-bollards-953x1024.jpg 953w, https:\/\/mairsturnstile.com\/wp-content\/uploads\/2022\/11\/rising-bollards-768x825.jpg 768w, https:\/\/mairsturnstile.com\/wp-content\/uploads\/2022\/11\/rising-bollards-800x859.jpg 800w\" sizes=\"(max-width: 1024px) 100vw, 1024px\" \/><\/p>\n","protected":false},"excerpt":{"rendered":"<p>1. System: Elektrohydraulisches System<\/p>\n<p>2. Maximaler Durchgangsdruck: 80-Tonnen-LKW<\/p>\n<p>3. Spannung: AC220V 50Hz integriert<\/p>\n<p>4. Leistung (W): 300 W integriert<\/p>\n<p>5. Betriebszeit: 4,5 s<\/p>\n<p>6. Ausfallzeit: 3S<\/p>\n<p>7. Arbeitstemperatur: -65\u2103~75\u2103<\/p>\n<p>8. Material: Edelstahl 304<\/p>\n","protected":false},"featured_media":12685,"comment_status":"closed","ping_status":"closed","template":"","meta":{"neve_meta_sidebar":"","neve_meta_container":"","neve_meta_enable_content_width":"off","neve_meta_content_width":0,"neve_meta_title_alignment":"","neve_meta_author_avatar":"","neve_post_elements_order":"","neve_meta_disable_header":"","neve_meta_disable_footer":"","neve_meta_disable_title":"","_ti_tpc_template_sync":false,"_ti_tpc_template_id":""},"product_cat":[432,431],"product_tag":[497,498],"class_list":["post-9174","product","type-product","status-publish","has-post-thumbnail","hentry","product_cat-steigende-poller","product_cat-strasenbarriere","product_tag-elektrisch-steigende-poller","product_tag-elektrische-poller"],"_links":{"self":[{"href":"https:\/\/mairsturnstile.com\/de\/wp-json\/wp\/v2\/product\/9174","targetHints":{"allow":["GET"]}}],"collection":[{"href":"https:\/\/mairsturnstile.com\/de\/wp-json\/wp\/v2\/product"}],"about":[{"href":"https:\/\/mairsturnstile.com\/de\/wp-json\/wp\/v2\/types\/product"}],"replies":[{"embeddable":true,"href":"https:\/\/mairsturnstile.com\/de\/wp-json\/wp\/v2\/comments?post=9174"}],"version-history":[{"count":0,"href":"https:\/\/mairsturnstile.com\/de\/wp-json\/wp\/v2\/product\/9174\/revisions"}],"wp:featuredmedia":[{"embeddable":true,"href":"https:\/\/mairsturnstile.com\/de\/wp-json\/wp\/v2\/media\/12685"}],"wp:attachment":[{"href":"https:\/\/mairsturnstile.com\/de\/wp-json\/wp\/v2\/media?parent=9174"}],"wp:term":[{"taxonomy":"product_cat","embeddable":true,"href":"https:\/\/mairsturnstile.com\/de\/wp-json\/wp\/v2\/product_cat?post=9174"},{"taxonomy":"product_tag","embeddable":true,"href":"https:\/\/mairsturnstile.com\/de\/wp-json\/wp\/v2\/product_tag?post=9174"}],"curies":[{"name":"wp","href":"https:\/\/api.w.org\/{rel}","templated":true}]}}