{"id":9176,"date":"2022-01-06T18:03:48","date_gmt":"2022-01-06T10:03:48","guid":{"rendered":"https:\/\/mairsturnstile.com\/product\/hochsicherheits-turnstyle-drehkreuztor-in-voller-hoehe-mt405"},"modified":"2026-05-05T17:06:59","modified_gmt":"2026-05-05T09:06:59","slug":"ganzkorper-drehkreuz","status":"publish","type":"product","link":"https:\/\/mairsturnstile.com\/de\/produkt\/ganzkorper-drehkreuz","title":{"rendered":"Hochsicherheits-Ganzk\u00f6rper-Drehkreuztor MT405"},"content":{"rendered":"        <!-- 3D Model html -->\r\n        <div class=\"bp_grand wrapper_19988\">   \r\n        <div class=\"bp_model_parent\">\r\n            <model-viewer class=\"model\" id=\"bp_model_id_19988\" src=\"http:\/\/mairsturnstile.com\/wp-content\/uploads\/2023\/06\/MT405.glb\" alt=\"MT405\" camera-controls  loading=\"auto\" auto-rotate                        >\r\n            <\/model-viewer>\r\n        \r\n            <!-- Button -->\r\n            <svg id=\"openBtn\" width=\"30px\" height=\"30px\" viewBox=\"0 0 16 16\" xmlns=\"http:\/\/www.w3.org\/2000\/svg\" fill=\"#f2f2f2\" class=\"bi bi-arrows-fullscreen model-icon\">\r\n                <path fill-rule=\"evenodd\" d=\"M5.828 10.172a.5.5 0 0 0-.707 0l-4.096 4.096V11.5a.5.5 0 0 0-1 0v3.975a.5.5 0 0 0 .5.5H4.5a.5.5 0 0 0 0-1H1.732l4.096-4.096a.5.5 0 0 0 0-.707zm4.344 0a.5.5 0 0 1 .707 0l4.096 4.096V11.5a.5.5 0 1 1 1 0v3.975a.5.5 0 0 1-.5.5H11.5a.5.5 0 0 1 0-1h2.768l-4.096-4.096a.5.5 0 0 1 0-.707zm0-4.344a.5.5 0 0 0 .707 0l4.096-4.096V4.5a.5.5 0 1 0 1 0V.525a.5.5 0 0 0-.5-.5H11.5a.5.5 0 0 0 0 1h2.768l-4.096 4.096a.5.5 0 0 0 0 .707zm-4.344 0a.5.5 0 0 1-.707 0L1.025 1.732V4.5a.5.5 0 0 1-1 0V.525a.5.5 0 0 1 .5-.5H4.5a.5.5 0 0 1 0 1H1.732l4.096 4.096a.5.5 0 0 1 0 .707z\"\/>\r\n            <\/svg>\r\n        \r\n            <svg id=\"closeBtn\" class=\"model-icon\" width=\"34px\" height=\"34px\" viewBox=\"0 0 24 24\" xmlns=\"http:\/\/www.w3.org\/2000\/svg\">\r\n                <path fill=\"none\" stroke=\"#f2f2f2\" stroke-width=\"2\" d=\"M7,7 L17,17 M7,17 L17,7\"\/>\r\n            <\/svg>\r\n        \r\n        <\/div>\r\n        <\/div> \r\n\r\n        <!-- Model Viewer Style -->\r\n        <style>\r\n            \r\n            .wrapper_19988 .bp_model_parent, #bp_model_id_19988 {\r\n                width: 1150px;\r\n                max-width: 100%;\r\n                                            }\r\n            #bp_model_id_19988 {\r\n                height:700px;\r\n                background-color: #f2f2f2;\r\n            }\r\n            .fullscreen #bp_model_id_19988{\r\n            height: 100%;\r\n            width: 100%;\r\n            }\r\n            .wrapper_19988 .bp_model_parent{\r\n                justify-content: start            }\r\n            model-viewer.model {\r\n                --poster-color: transparent;\r\n            }\r\n        <\/style>\r\n        \r\n        \n<h3>Hochsicherheits-Ganzk\u00f6rper-Drehkreuz Das runde Hochsicherheits-Ganzk\u00f6rper-Drehkreuz in voller H\u00f6he hat eine Garantie von 2 Jahren und dauerhafte Wartungs- und Reparaturunterst\u00fctzung.<\/h3>\n<p>Sicherheitssystem in voller H\u00f6he mit einzigartigem Design: Unser Ganzk\u00f6rperdrehkreuz verf\u00fcgt \u00fcber ein patentiertes, gebogenes Geh\u00e4use und ein Anti-Kletter-Gitter. 2,1 m hoch, aus hochwertigem Edelstahl 304 gefertigt und ger\u00e4uschlos. Ideal f\u00fcr Hochrisikobereiche. 15 Millionen Zyklen, wartungsfrei, f\u00fcr den 24\/7-Betrieb ausgelegt. Dieses Ganzk\u00f6rperdrehkreuz kombiniert ein einzigartiges, aerodynamisches Geh\u00e4use mit manipulationssicheren Schl\u00f6ssern. Schutzart IP66 f\u00fcr den Au\u00dfenbereich. Ganzk\u00f6rperdrehkreuz mit Anti-Tailgating-Funktion, 100 % physische Barriere, garantiert nur eine Person pro Eingang. Unser Ganzk\u00f6rperdrehkreuz zeichnet sich durch einzigartige, wellenf\u00f6rmige Gitter, biometrische Integration und CE-Zertifizierung aus. Katalog herunterladen.        <\/p>\n<p>Wir k\u00f6nnen OEM- und ODM-Dienstleistungen erbringen. Wir haben erfahrene Designer, die eine tiefgreifende Anpassung an Ihre Bed\u00fcrfnisse vornehmen k\u00f6nnen. Wir werden so bald wie m\u00f6glich eine Reihe von Materialien wie 3D-Renderings, Ma\u00dfzeichnungen usw. zur Verf\u00fcgung stellen. Wir bieten auch biometrische Ger\u00e4te wie IC\/ID-Kartenleser, Fingerabdruckscanner, <a href=\"https:\/\/en.wikipedia.org\/wiki\/QR_code\" target=\"_blank\" rel=\"noopener\">QR-Code<\/a>-Scanner, Gesichtserkennungskameras und so weiter. Wenn Sie diese Ger\u00e4te in das Ganzk\u00f6rper-Drehkreuz in voller H\u00f6he integrieren m\u00fcssen oder Fragen haben, wenden Sie <a href=\"https:\/\/mairsturnstile.com\/contact\" target=\"_blank\" rel=\"noopener\">sich bitte an uns<\/a><\/p>\n<p>Wir haben auch eine neue Serie von Drehkreuzen in voller H\u00f6he mit stilvollem Aussehen und robuster Struktur auf den Markt gebracht. Bitte \u00fcberpr\u00fcfen Sie: <span style=\"color: #0000ff;\"><a style=\"color: #0000ff;\" href=\"https:\/\/mairsturnstile.com\/full-height-series-turnstile\" target=\"_blank\" rel=\"noopener\">Drehkreuzserie in voller H\u00f6he<\/a><\/span> <\/p>\n<p><strong>Das Ganzk\u00f6rper-Drehkreuztor ist eine Art Drehkreuz-Sperrtor mit Sperrstange in voller Gr\u00f6\u00dfe und H\u00f6he, das die st\u00e4rkste Sicherheitsleistung aufweist.<\/strong> Je nach H\u00f6he des Sperrk\u00f6rpers gibt es noch ein <a href=\"https:\/\/mairsturnstile.com\/product\/half-height-turnstile\" target=\"_blank\" rel=\"noopener\">halbhohes Drehkreuz<\/a>.<\/p>\n<p>Dieses Ganzk\u00f6rper-Drehkreuz ist als Ganzes sch\u00f6n und langlebig. Es ist nicht leicht, nach einem Drahtziehen zu rosten. Im Allgemeinen k\u00f6nnen 20-35 Personen eine Minute auf einmal passieren, und im Falle einer Evakuierung k\u00f6nnen 60 Personen eine Minute passieren. Die Kommunikationsschnittstelle unterst\u00fctzt RS485 \/ RS232; TCP\/IP-Schnittstelle (anpassbar). Schlankes, modernes Design f\u00fcr Unternehmenscampusse: Heben Sie sich ab mit unserem mannshohen Drehkreuz \u2013 nicht blo\u00df eine Barriere, sondern ein Design-Statement. Patentierte abgerundete Ecken, Anti-Fingerprint-Beschichtung, individuelle RAL-Farben. <\/p>\n<p>Verglichen mit <a href=\"https:\/\/mairsturnstile.com\/category\/swing-turnstile-gate\" target=\"_blank\" rel=\"noopener\">Schwingdrehkreuztor<\/a> f\u00fcr den Innenbereich, <a href=\"https:\/\/mairsturnstile.com\/what-is-flap-barrier.html\" target=\"_blank\" rel=\"noopener\">Klappsperrentoren<\/a> und anderen Drehkreuzausr\u00fcstungen hat dieses Ganzk\u00f6rper-Drehkreuztor, das im Au\u00dfenbereich verwendet wird, gro\u00dfe Vorteile in Aussehen und Funktion. 2,1 m H\u00f6he mit markantem Gittermuster \u2013 verhindert wirksam das \u00dcberklettern. Unser Ganzk\u00f6rper-Drehkreuz verf\u00fcgt \u00fcber manipulationssichere Schrauben und ein einzigartiges Wellenmuster. Erh\u00e4ltlich in Edelstahl der G\u00fcteklasse 304 oder 316.  <\/p>\n<p>Ganzk\u00f6rper-Drehkreuze verhindern unbefugten Zutritt per Kartenleser oder Gesichtserkennung und sch\u00fctzen zudem vor Bohren und \u00dcberklettern. IP66-Wetterschutz f\u00fcr extreme Bedingungen.<br \/>Betriebstemperatur: -40 \u00b0C bis +70 \u00b0C. Unser Ganzk\u00f6rper-Drehkreuz besteht aus seewasserbest\u00e4ndigem Edelstahl 316 und verf\u00fcgt \u00fcber einen einzigartigen selbstreinigenden Rotor. Ideal f\u00fcr Stadien, Gef\u00e4ngnisse und Rechenzentren. Integriertes Kabelmanagement: Gesichts- und Fingerabdruckleser sind nahtlos integriert. Patentierte interne Kabelkan\u00e4le sorgen f\u00fcr ein sauberes, \u00e4sthetisches Erscheinungsbild. Direkt vom Hersteller.      <\/p>\n<p>Auf diese Weise l\u00e4sst sich das Sicherheitsmanagement der Wohnanlage st\u00e4rken, um die Sicherheit der Umgebung sowie der Bewohner und des Personals zu gew\u00e4hrleisten. Platzsparendes Ganzk\u00f6rper-Drehkreuz | Kompaktes, modulares Design f\u00fcr beengte Bereiche. Im Gegensatz zu sperrigen herk\u00f6mmlichen Anlagen besticht unser vollwertiges Drehkreuz durch eine einzigartig schlanke Bauweise und einen minimalen Platzbedarf. Kostenlose Vor-Ort-Analyse. <\/p>\n<p>Wir k\u00f6nnen auch innerhalb weniger Minuten ein Rendering f\u00fcr Sie erstellen, das auf Ihrem aktuellen Szenario basiert. Wir liefern auch detaillierte Layouts und Zeichnungen sowie Installationszeichnungen.<\/p>\n\n        \t\n\t<style type=\"text\/css\">\n\t\t.slider-info-21845.bafg-slider-info .bafg-slider-title {\n\t\t\t\t\t\tfont-size: 22px;\n\t\t\t\t\t\t\n\t\t\t\n\t\t\t\t\t}\n\n\t\t.slider-info-21845.bafg-slider-info .bafg-slider-description {\n\t\t\t\n\t\t\t\n\t\t\t\t\t}\n\n\t\t.slider-info-21845.bafg-slider-info .bafg_slider_readmore_button {\n\t\t\t\n\t\t\t\n\t\t\t\n\t\t\t\n\t\t\t\n\t\t\ttext-align: center;\n\n\t\t\t\n\t\t\t\n\t\t\t\n\t\t\t\n\t\t\t\n\t\t\t\n\t\t\t\t\t}\n\n\t\t.slider-info-21845.bafg-slider-info .bafg_slider_readmore_button:hover {\n\n\t\t\t\n\t\t\t\n\t\t\t\t\t}\n\n\t<\/style>\n\t\n        <div class=\"bafg-twentytwenty-container slider-21845 \" bafg-orientation=\"horizontal\" bafg-default-offset=\"0.5\" bafg-before-label=\"Before\" bafg-after-label=\"After\" bafg-overlay=\"yes\" bafg-move-slider-on-hover=\"yes\" bafg-click-to-move=\"no\">\n              \n            <img decoding=\"async\" class=\"skip-lazy\" src=\"http:\/\/mairsturnstile.com\/wp-content\/uploads\/2023\/06\/full-height-turnstiles_7.jpg\" alt=\"\" data-skip-lazy title=\"\">\n            <img decoding=\"async\" class=\"skip-lazy\" src=\"http:\/\/mairsturnstile.com\/wp-content\/uploads\/2023\/06\/full-body-turnstile.jpg\" alt=\"\" data-skip-lazy title=\"\">\n           \n        <\/div>\n\n        \t<div class=\"bafg-slider-info-wraper\">\n\t\t<div style=\"\" class=\"slider-info-21845 bafg-slider-info\">\n\t\t\t\t\t<\/div>\n\t<\/div>\n\t\n        <style type=\"text\/css\">\n            \n        <\/style>\n        \n<p>Zuverl\u00e4ssigkeit des Mechanismus: 5 Millionen Zyklen, st\u00f6rungsfrei<br \/>\nMechanismus mit Hydraulikd\u00e4mpfer zur Sto\u00dfabsorption<br \/>\nAntrieb: Halbautomatisch betrieben<br \/>\nArml\u00e4nge: 600 mm<br \/>\nDrehrichtung: Bidirektional<br \/>\nNotfallsituation: Im Notfall oder bei Unterbrechung der Stromversorgung kann die Dreht\u00fcr auf \u201eFail-Safe\u201c (d. h. freies Drehen) oder \u201eFail-Lock\u201c konfiguriert werden<br \/>\nLuftfeuchtigkeit: \u2264 95 %<\/p>\n<p>Working temperature:-25\u2103\uff5e60\u2103<br \/>\nOptional Feature: IC\/ID reader, Barcode Reader, Face recognition, Fingerprint, other access control equipment, UPS, etc<br \/>\nCommunication distance: \u22641200 m<br \/>\nCommunication interface: RS485<br \/>\nThe time needed for opening: 0.2 s<br \/>\nWorking environment: Indoors or outdoors<br \/>\nAnti tailgating: the turnstile will stay in the lock when open around 60degree(3arms) or 45degree(4 arms) so the gate cannot run in the reverse direction to prevent tail-gating<br \/>\nApplication range: Community, Factory, Construction site, School, Place of the resort, etc<\/p>\n<p>Wir k\u00f6nnen die gesamte L\u00f6sung f\u00fcr die Sicherheitskontrolle anbieten. Wenn Sie ein eigenes Zugangskontrollsystem haben, k\u00f6nnen Sie unser Drehkreuz direkt verwenden. Falls Sie noch keine haben, bieten wir auch eine komplette L\u00f6sung f\u00fcr die Zugangskontrolle an. Einzelheiten entnehmen Sie bitte dem unten stehenden Video.<\/p>\n<p><iframe title=\"YouTube-Videoplayer\" src=\"https:\/\/www.youtube.com\/embed\/v7QQMtt97e0?si=BNRilLDK3xC6Q5x-\" width=\"1150\" height=\"650\" frameborder=\"0\" allowfullscreen=\"allowfullscreen\"><span data-mce-type=\"bookmark\" style=\"display: inline-block; width: 0px; overflow: hidden; line-height: 0;\" class=\"mce_SELRES_start\"><\/span><\/iframe><\/p>\n","protected":false},"excerpt":{"rendered":"<p>1. Gr\u00f6\u00dfe: 1500 * 1500 * 2200 mm (kann angepasst werden)<\/p>\n<p>2. Spurbreite: ca. 650 mm (kann angepasst werden)<\/p>\n<p>3. Durchgangsgeschwindigkeit: 30 Personen\/min<\/p>\n<p>4. Stromversorgung: 110 V\/220 V 50\/60 Hz<\/p>\n<p>5. Solenoid: DC24V<\/p>\n<p>6. Tor\u00f6ffnungssignal: Potenzialfreier Kontakt\/Relais<\/p>\n<p>7. Logikspannung: DC24V<\/p>\n<p>8. Geh\u00e4usematerial: Edelstahl 304 oder Edelstahl 316<\/p>\n<p>9. Drehrichtung: Bidirektional<\/p>\n<p><span style=\"color: #000000;\"><strong><a style=\"color: #000000;\" title=\"Mairs CE-zertifiziertes Drehkreuz in voller H\u00f6he\" href=\"http:\/\/mairsturnstile.com\/wp-content\/uploads\/2022\/09\/Mairs-CE-Certificate-Full-Height-Turnstile.pdf\" target=\"_blank\" rel=\"noopener noreferrer\">CE-zertifiziert,<\/a> <a style=\"color: #000000;\" title=\"Mairs ISO9001-Zertifikat\" href=\"http:\/\/mairsturnstile.com\/wp-content\/uploads\/2022\/09\/Mairs-Registration-Certificate-ISO9001.pdf\" target=\"_blank\" rel=\"noopener noreferrer\">ISO9001-zertifiziert.<\/a><\/strong><\/span><\/p>\n<p><a title=\"Ganzk\u00f6rper-Drehkreuz-Brosch\u00fcre\" href=\"http:\/\/mairsturnstile.com\/wp-content\/uploads\/2023\/12\/MT405-brochure.pdf\" target=\"_blank\" rel=\"noopener noreferrer\"><span style=\"color: #fcaf3b;\"><strong>Download MT405 Full Body Turnstile Brochure<\/strong><\/span><\/a><\/p>\n<p><a title=\"Installationshandbuch f\u00fcr Drehkreuze in voller H\u00f6he\" href=\"http:\/\/mairsturnstile.com\/wp-content\/uploads\/2023\/09\/Full-height-turnstile-installation-manual.pdf\" target=\"_blank\" rel=\"noopener noreferrer\"><strong><span style=\"color: #fcaf3b;\">Download Full Height Turnstile User &#038; Installation Manual<\/span><\/strong><\/a><\/p>\n","protected":false},"featured_media":7343,"comment_status":"closed","ping_status":"closed","template":"","meta":{"neve_meta_sidebar":"","neve_meta_container":"","neve_meta_enable_content_width":"off","neve_meta_content_width":0,"neve_meta_title_alignment":"","neve_meta_author_avatar":"","neve_post_elements_order":"","neve_meta_disable_header":"","neve_meta_disable_footer":"","neve_meta_disable_title":"","_ti_tpc_template_sync":false,"_ti_tpc_template_id":""},"product_cat":[433],"product_tag":[1482,501,524,1523,1222,1468],"class_list":["post-9176","product","type-product","status-publish","has-post-thumbnail","hentry","product_cat-drehkreuze-in-voller-hohe","product_tag-drehkreuz-in-voller-hohe-mit-kartenleser","product_tag-drehkreuz-oder-drehkreuz","product_tag-drehkreuze-in-voller-hohe","product_tag-drehkreuztor-in-voller-hohe-in-china","product_tag-ganzkorper-drehkreuz","product_tag-sicherheitslosung-fur-drehkreuze"],"_links":{"self":[{"href":"https:\/\/mairsturnstile.com\/de\/wp-json\/wp\/v2\/product\/9176","targetHints":{"allow":["GET"]}}],"collection":[{"href":"https:\/\/mairsturnstile.com\/de\/wp-json\/wp\/v2\/product"}],"about":[{"href":"https:\/\/mairsturnstile.com\/de\/wp-json\/wp\/v2\/types\/product"}],"replies":[{"embeddable":true,"href":"https:\/\/mairsturnstile.com\/de\/wp-json\/wp\/v2\/comments?post=9176"}],"version-history":[{"count":2,"href":"https:\/\/mairsturnstile.com\/de\/wp-json\/wp\/v2\/product\/9176\/revisions"}],"predecessor-version":[{"id":72548,"href":"https:\/\/mairsturnstile.com\/de\/wp-json\/wp\/v2\/product\/9176\/revisions\/72548"}],"wp:featuredmedia":[{"embeddable":true,"href":"https:\/\/mairsturnstile.com\/de\/wp-json\/wp\/v2\/media\/7343"}],"wp:attachment":[{"href":"https:\/\/mairsturnstile.com\/de\/wp-json\/wp\/v2\/media?parent=9176"}],"wp:term":[{"taxonomy":"product_cat","embeddable":true,"href":"https:\/\/mairsturnstile.com\/de\/wp-json\/wp\/v2\/product_cat?post=9176"},{"taxonomy":"product_tag","embeddable":true,"href":"https:\/\/mairsturnstile.com\/de\/wp-json\/wp\/v2\/product_tag?post=9176"}],"curies":[{"name":"wp","href":"https:\/\/api.w.org\/{rel}","templated":true}]}}