{"id":9183,"date":"2021-11-24T02:36:46","date_gmt":"2021-11-23T18:36:46","guid":{"rendered":"https:\/\/mairsturnstile.com\/product\/tandem-drehkreuz-in-voller-hoehe-mt402-2-x"},"modified":"2024-10-29T18:02:23","modified_gmt":"2024-10-29T10:02:23","slug":"tandem-drehkreuz","status":"publish","type":"product","link":"https:\/\/mairsturnstile.com\/de\/produkt\/tandem-drehkreuz","title":{"rendered":"Tandem-Drehkreuz in voller H\u00f6he MT402-2-X"},"content":{"rendered":"        <!-- 3D Model html -->\r\n        <div class=\"bp_grand wrapper_19980\">   \r\n        <div class=\"bp_model_parent\">\r\n            <model-viewer class=\"model\" id=\"bp_model_id_19980\" src=\"http:\/\/mairsturnstile.com\/wp-content\/uploads\/2023\/06\/MT402-2-B.glb\" alt=\"MT402-2-B\" camera-controls  loading=\"auto\" auto-rotate                        >\r\n            <\/model-viewer>\r\n        \r\n            <!-- Button -->\r\n            <svg id=\"openBtn\" width=\"30px\" height=\"30px\" viewBox=\"0 0 16 16\" xmlns=\"http:\/\/www.w3.org\/2000\/svg\" fill=\"#f2f2f2\" class=\"bi bi-arrows-fullscreen model-icon\">\r\n                <path fill-rule=\"evenodd\" d=\"M5.828 10.172a.5.5 0 0 0-.707 0l-4.096 4.096V11.5a.5.5 0 0 0-1 0v3.975a.5.5 0 0 0 .5.5H4.5a.5.5 0 0 0 0-1H1.732l4.096-4.096a.5.5 0 0 0 0-.707zm4.344 0a.5.5 0 0 1 .707 0l4.096 4.096V11.5a.5.5 0 1 1 1 0v3.975a.5.5 0 0 1-.5.5H11.5a.5.5 0 0 1 0-1h2.768l-4.096-4.096a.5.5 0 0 1 0-.707zm0-4.344a.5.5 0 0 0 .707 0l4.096-4.096V4.5a.5.5 0 1 0 1 0V.525a.5.5 0 0 0-.5-.5H11.5a.5.5 0 0 0 0 1h2.768l-4.096 4.096a.5.5 0 0 0 0 .707zm-4.344 0a.5.5 0 0 1-.707 0L1.025 1.732V4.5a.5.5 0 0 1-1 0V.525a.5.5 0 0 1 .5-.5H4.5a.5.5 0 0 1 0 1H1.732l4.096 4.096a.5.5 0 0 1 0 .707z\"\/>\r\n            <\/svg>\r\n        \r\n            <svg id=\"closeBtn\" class=\"model-icon\" width=\"34px\" height=\"34px\" viewBox=\"0 0 24 24\" xmlns=\"http:\/\/www.w3.org\/2000\/svg\">\r\n                <path fill=\"none\" stroke=\"#f2f2f2\" stroke-width=\"2\" d=\"M7,7 L17,17 M7,17 L17,7\"\/>\r\n            <\/svg>\r\n        \r\n        <\/div>\r\n        <\/div> \r\n\r\n        <!-- Model Viewer Style -->\r\n        <style>\r\n            \r\n            .wrapper_19980 .bp_model_parent, #bp_model_id_19980 {\r\n                width: 1150px;\r\n                max-width: 100%;\r\n                                            }\r\n            #bp_model_id_19980 {\r\n                height:700px;\r\n                background-color: #f2f2f2;\r\n            }\r\n            .fullscreen #bp_model_id_19980{\r\n            height: 100%;\r\n            width: 100%;\r\n            }\r\n            .wrapper_19980 .bp_model_parent{\r\n                justify-content: start            }\r\n            model-viewer.model {\r\n                --poster-color: transparent;\r\n            }\r\n        <\/style>\r\n        \r\n        \n<h2>Das Tandem-Drehkreuz in voller H\u00f6he hat eine Garantie von 2 Jahren und dauerhafte Wartungs- und Reparaturunterst\u00fctzung.<\/h2>\n<p>Wir k\u00f6nnen OEM- und ODM-Dienstleistungen erbringen. Wir haben erfahrene Designer, die eine tiefgreifende Anpassung an Ihre Bed\u00fcrfnisse vornehmen k\u00f6nnen. Wir werden so bald wie m\u00f6glich eine Reihe von Materialien wie 3D-Renderings, Ma\u00dfzeichnungen usw. zur Verf\u00fcgung stellen. Wir haben auch eine neue Serie von Drehkreuzen in voller H\u00f6he mit stilvollem Aussehen und robuster Struktur auf den Markt gebracht. Bitte \u00fcberpr\u00fcfen Sie: <span style=\"\"><a style=\"\" href=\"\" target=\"\" rel=\"noopener\">Drehkreuzserie in voller H\u00f6he<\/a><\/span> <\/p>\n<p>Das Tandem-Drehkreuz ist ein zweispuriges Drehkreuz in voller H\u00f6he, das aus zwei Kan\u00e4len nebeneinander besteht, oder Drehkreuze in voller H\u00f6he mit mehreren Kan\u00e4len bestehen aus mehreren Drehkreuzmaschinen nebeneinander. Tandem-Drehkreuz mit der besten Sicherheitsleistung, das viel h\u00f6her und breiter ist als ein gew\u00f6hnliches Drehkreuztor und offensichtliche Sicherheitsvorteile bietet.<\/p>\n<p>Wir k\u00f6nnen OEM- und ODM-Services anbieten, einschlie\u00dflich Anpassung von Farbe, Stil, Material, Gr\u00f6\u00dfe usw. F\u00fcr eine spezielle Farbe muss der Kunde uns beispielsweise nur eine Pantone-Nummer mitteilen, und wir passen die Farbe entsprechend Pantone an nummerieren und Pulver in der gleichen Farbe spr\u00fchen. Wenn der Kunde ODM-Anforderungen hat, k\u00f6nnen wir auch ohne externen Verkauf einen Stil f\u00fcr diesen Kunden gem\u00e4\u00df dem Aussehen und den Gr\u00f6\u00dfenpr\u00e4ferenzen des Kunden entwerfen. Dies wird der einzige einzigartige Stil Ihres Unternehmens auf dem Markt sein.<\/p>\n<p>Wir bieten auch biometrische Ger\u00e4te wie IC\/ID-Kartenleser, Fingerabdruckscanner, QR-Code-Scanner, Gesichtserkennungskameras und so weiter. Wenn Sie diese Ger\u00e4te an der Drehsperre in voller H\u00f6he integrieren m\u00fcssen oder Fragen haben, wenden <a href=\"https:\/\/mairsturnstile.com\/contact\" target=\"_blank\" rel=\"noopener\">Sie sich bitte an uns<\/a><\/p>\n<p>Ein Tandem-Drehkreuz in voller H\u00f6he kann einen geschlossenen Durchgangsraum bilden, und das Personal geht geordnet vorbei, indem es Karten und andere Methoden durchzieht. Das Tandem-Drehkreuz in voller H\u00f6he kann unbeaufsichtigt sein und hat an einigen Orten mit strengen Sicherheitsma\u00dfnahmen einen hohen Anwendungswert. Das Tandem-Drehkreuz besteht aus einem Fahrgestell und 3 oder 4 Reihen drehbarer Stangen. Es ist auf der Basis eines Dreibein-Drehkreuztors entwickelt.<\/p>\n<p>Dies ist ein kundenspezifisches Tandem-Drehkreuz in voller H\u00f6he mit Spezialbehandlung. Das Grundmaterial ist eine 304 Edelstahl-Eisenplatte. Die Oberfl\u00e4che wird mit Ultrahochtemperatur-Einbrennfarbe behandelt. Die Farbe wird nach l\u00e4ngerem Gebrauch nicht abfallen. Es kann im Freien verwendet werden und die Farbe kann frei angepasst werden. Genau wie die Anpassung dieses Produkts k\u00f6nnen wir alle anderen Produkte an Ihre Bed\u00fcrfnisse anpassen, einschlie\u00dflich der Gr\u00f6\u00dfe.<\/p>\n<p><strong>Material des Drehkreuzes in voller H\u00f6he:<\/strong><\/p>\n<p>Das Tandem-Drehkreuz in voller H\u00f6he besteht aus Edelstahl SUS304. Es verwendet die fortschrittlichste Antriebssteuerungstechnologie, die das Design in einem gro\u00dfen Bereich \u00e4ndern kann, um die verschiedenen Anforderungen verschiedener Stile moderner Geb\u00e4ude f\u00fcr intelligente Fu\u00dfg\u00e4nger<a href=\"https:\/\/en.wikipedia.org\/wiki\/Access_control\" target=\"_blank\" rel=\"noopener\">zugangskontroll<\/a>systeme zu erf\u00fcllen.<\/p>\n<p><strong><b>Leistungsmerkmale:<\/b><\/strong><\/p>\n<ol>\n<li>Der Drehkreuzmechanismus in voller H\u00f6he nimmt eine einzigartige mechanische Struktur mit einem vern\u00fcnftigen und zuverl\u00e4ssigen Design, ger\u00e4uscharmem, stabilem Betrieb und langer Lebensdauer an.<\/li>\n<li>Es kann Tailing effektiv verhindern und die Verkehrsgeschwindigkeit von Menschen verbessern.<\/li>\n<li>Nach einem Stromausfall wird die T\u00fcr automatisch entriegelt, um einen mechanischen Modus zu bilden, und das Personal kann unter Einhaltung der Brandschutzanforderungen selbstst\u00e4ndig ein- und aussteigen.<\/li>\n<li>LED-Aufforderungslicht, das anzeigt, ob das Durchziehen der Karte wirksam ist.<\/li>\n<li>Es verf\u00fcgt \u00fcber eine automatische Reset-Funktion. Wenn das Personal das Tor nicht innerhalb der festgelegten Zeit nach Erhalt der Torfreigabeberechtigung passiert, hebt die T\u00fcr mit voller H\u00f6he die Berechtigung automatisch auf und kehrt in den Ausgangszustand zur\u00fcck.<\/li>\n<li>Wasserdicht, Sonnenschutz, k\u00e4lte- und hochtemperaturbest\u00e4ndig.<\/li>\n<li>Es verf\u00fcgt \u00fcber eine personalisierte Installationsschnittstelle und ist mit IC, ID-Karten und anderen Smartcards kompatibel.<\/li>\n<li>Es kann zu einem automatischen Identifikationssystem erweitert werden, um Zugangskontrolle, Anwesenheit, Abrechnung und andere Funktionen zu realisieren.<\/li>\n<li>Die Fernsteuerung und -verwaltung kann direkt \u00fcber den Verwaltungscomputer realisiert werden<\/li>\n<li>Zuverl\u00e4ssigkeit des Mechanismus: 5 Millionen, kein Fehler<\/li>\n<li>Mechanismus mit hydraulischem D\u00e4mpfer zur Sto\u00dfd\u00e4mpfung<\/li>\n<\/ol>\n<p>Wir k\u00f6nnen die gesamte L\u00f6sung f\u00fcr die Sicherheitskontrolle anbieten. Wenn Sie ein eigenes Zugangskontrollsystem haben, k\u00f6nnen Sie unser Drehkreuz direkt verwenden. Falls Sie noch keine haben, bieten wir auch eine komplette L\u00f6sung f\u00fcr die Zugangskontrolle an. Einzelheiten entnehmen Sie bitte dem unten stehenden Video.<\/p>\n<p><iframe title=\"YouTube-Videoplayer\" src=\"https:\/\/www.youtube.com\/embed\/XyxFKnS3Br0\" width=\"1150\" height=\"650\" frameborder=\"0\" allowfullscreen=\"allowfullscreen\"><span data-mce-type=\"bookmark\" style=\"display: inline-block; width: 0px; overflow: hidden; line-height: 0;\" class=\"mce_SELRES_start\"><\/span><\/iframe><\/p>\n","protected":false},"excerpt":{"rendered":"<p>1. Gr\u00f6\u00dfe: 2400 * 1500 * 2310 mm (kann angepasst werden)<\/p>\n<p>2. Spurbreite: 650 mm (kann angepasst werden)<\/p>\n<p>3. Material: Edelstahl 304 oder Edelstahl 316<\/p>\n<p>4. Durchgangsgeschwindigkeit: 30 Personen\/min<\/p>\n<p>5. Stromversorgung: 110 V\/220 V 50\/60 Hz<\/p>\n<p>6. Solenoid: DC24V<\/p>\n<p>7. Gate-Offen-Signal: Potenzialfreier Kontakt\/Relais<\/p>\n<p>8. Logikspannung: DC24V<\/p>\n<p>9. Antrieb: Halbautomatischer Betrieb<\/p>\n<p><strong><a title=\"Mairs CE-zertifiziertes Drehkreuz in voller H\u00f6he\" href=\"http:\/\/mairsturnstile.com\/wp-content\/uploads\/2022\/09\/Mairs-CE-Certificate-Full-Height-Turnstile.pdf\" target=\"_blank\" rel=\"noopener noreferrer\">CE-zertifiziert,<\/a> <a title=\"Mairs ISO9001-Zertifikat\" href=\"http:\/\/mairsturnstile.com\/wp-content\/uploads\/2022\/09\/Mairs-Registration-Certificate-ISO9001.pdf\" target=\"_blank\" rel=\"noopener noreferrer\">ISO9001-zertifiziert.<\/a><\/strong><\/p>\n<p><a title=\"Installationshandbuch f\u00fcr Drehkreuze in voller H\u00f6he\" href=\"http:\/\/mairsturnstile.com\/wp-content\/uploads\/2023\/09\/Full-height-turnstile-installation-manual.pdf\" target=\"_blank\" rel=\"noopener noreferrer\"><img decoding=\"async\" class=\"alignnone size-full wp-image-11034\" src=\"http:\/\/mairsturnstile.com\/wp-content\/uploads\/2022\/09\/pdf-MairsTurnstile.png\" alt=\"\" width=\"32\" height=\"32\"><strong><span style=\"color: #0000ff;\"> Benutzer- und Installationshandbuch f\u00fcr Drehkreuze in voller H\u00f6he<\/span><\/strong><\/a><\/p>\n","protected":false},"featured_media":59611,"comment_status":"closed","ping_status":"closed","template":"","meta":{"neve_meta_sidebar":"","neve_meta_container":"","neve_meta_enable_content_width":"off","neve_meta_content_width":0,"neve_meta_title_alignment":"","neve_meta_author_avatar":"","neve_post_elements_order":"","neve_meta_disable_header":"","neve_meta_disable_footer":"","neve_meta_disable_title":"","_ti_tpc_template_sync":false,"_ti_tpc_template_id":""},"product_cat":[433,429],"product_tag":[1480,1482,509,1521,510],"class_list":["post-9183","product","type-product","status-publish","has-post-thumbnail","hentry","product_cat-drehkreuze-in-voller-hohe","product_cat-sicherheits-drehkreuze","product_tag-drehkreuz-in-voller-hohe","product_tag-drehkreuz-in-voller-hohe-mit-kartenleser","product_tag-tandem-drehkreuz","product_tag-tandem-drehkreuztor","product_tag-tandemdrehkreuz-in-voller-hohe"],"_links":{"self":[{"href":"https:\/\/mairsturnstile.com\/de\/wp-json\/wp\/v2\/product\/9183","targetHints":{"allow":["GET"]}}],"collection":[{"href":"https:\/\/mairsturnstile.com\/de\/wp-json\/wp\/v2\/product"}],"about":[{"href":"https:\/\/mairsturnstile.com\/de\/wp-json\/wp\/v2\/types\/product"}],"replies":[{"embeddable":true,"href":"https:\/\/mairsturnstile.com\/de\/wp-json\/wp\/v2\/comments?post=9183"}],"version-history":[{"count":0,"href":"https:\/\/mairsturnstile.com\/de\/wp-json\/wp\/v2\/product\/9183\/revisions"}],"wp:featuredmedia":[{"embeddable":true,"href":"https:\/\/mairsturnstile.com\/de\/wp-json\/wp\/v2\/media\/59611"}],"wp:attachment":[{"href":"https:\/\/mairsturnstile.com\/de\/wp-json\/wp\/v2\/media?parent=9183"}],"wp:term":[{"taxonomy":"product_cat","embeddable":true,"href":"https:\/\/mairsturnstile.com\/de\/wp-json\/wp\/v2\/product_cat?post=9183"},{"taxonomy":"product_tag","embeddable":true,"href":"https:\/\/mairsturnstile.com\/de\/wp-json\/wp\/v2\/product_tag?post=9183"}],"curies":[{"name":"wp","href":"https:\/\/api.w.org\/{rel}","templated":true}]}}