{"id":9184,"date":"2021-11-24T02:16:16","date_gmt":"2021-11-23T18:16:16","guid":{"rendered":"https:\/\/mairsturnstile.com\/product\/drehstil-tuer-drehkreuz-in-voller-hoehe-mt406"},"modified":"2024-05-27T20:45:58","modified_gmt":"2024-05-27T12:45:58","slug":"drehflugeltur","status":"publish","type":"product","link":"https:\/\/mairsturnstile.com\/de\/produkt\/drehflugeltur","title":{"rendered":"Drehstil T\u00fcr Drehkreuz in voller H\u00f6he MT406"},"content":{"rendered":"        <!-- 3D Model html -->\r\n        <div class=\"bp_grand wrapper_21818\">   \r\n        <div class=\"bp_model_parent\">\r\n            <model-viewer class=\"model\" id=\"bp_model_id_21818\" src=\"http:\/\/mairsturnstile.com\/wp-content\/uploads\/2024\/10\/turnstyle-door.glb\" alt=\"turnstyle door\" camera-controls  loading=\"auto\" auto-rotate                        >\r\n            <\/model-viewer>\r\n        \r\n            <!-- Button -->\r\n            <svg id=\"openBtn\" width=\"30px\" height=\"30px\" viewBox=\"0 0 16 16\" xmlns=\"http:\/\/www.w3.org\/2000\/svg\" fill=\"#f2f2f2\" class=\"bi bi-arrows-fullscreen model-icon\">\r\n                <path fill-rule=\"evenodd\" d=\"M5.828 10.172a.5.5 0 0 0-.707 0l-4.096 4.096V11.5a.5.5 0 0 0-1 0v3.975a.5.5 0 0 0 .5.5H4.5a.5.5 0 0 0 0-1H1.732l4.096-4.096a.5.5 0 0 0 0-.707zm4.344 0a.5.5 0 0 1 .707 0l4.096 4.096V11.5a.5.5 0 1 1 1 0v3.975a.5.5 0 0 1-.5.5H11.5a.5.5 0 0 1 0-1h2.768l-4.096-4.096a.5.5 0 0 1 0-.707zm0-4.344a.5.5 0 0 0 .707 0l4.096-4.096V4.5a.5.5 0 1 0 1 0V.525a.5.5 0 0 0-.5-.5H11.5a.5.5 0 0 0 0 1h2.768l-4.096 4.096a.5.5 0 0 0 0 .707zm-4.344 0a.5.5 0 0 1-.707 0L1.025 1.732V4.5a.5.5 0 0 1-1 0V.525a.5.5 0 0 1 .5-.5H4.5a.5.5 0 0 1 0 1H1.732l4.096 4.096a.5.5 0 0 1 0 .707z\"\/>\r\n            <\/svg>\r\n        \r\n            <svg id=\"closeBtn\" class=\"model-icon\" width=\"34px\" height=\"34px\" viewBox=\"0 0 24 24\" xmlns=\"http:\/\/www.w3.org\/2000\/svg\">\r\n                <path fill=\"none\" stroke=\"#f2f2f2\" stroke-width=\"2\" d=\"M7,7 L17,17 M7,17 L17,7\"\/>\r\n            <\/svg>\r\n        \r\n        <\/div>\r\n        <\/div> \r\n\r\n        <!-- Model Viewer Style -->\r\n        <style>\r\n            \r\n            .wrapper_21818 .bp_model_parent, #bp_model_id_21818 {\r\n                width: 1150px;\r\n                max-width: 100%;\r\n                                            }\r\n            #bp_model_id_21818 {\r\n                height:700px;\r\n                background-color: #f2f2f2;\r\n            }\r\n            .fullscreen #bp_model_id_21818{\r\n            height: 100%;\r\n            width: 100%;\r\n            }\r\n            .wrapper_21818 .bp_model_parent{\r\n                justify-content: start            }\r\n            model-viewer.model {\r\n                --poster-color: transparent;\r\n            }\r\n        <\/style>\r\n        \r\n        \n<h2>Das Drehkreuz mit Drehkreuz in voller H\u00f6he im Turn-Stil bietet eine 2-j\u00e4hrige Garantie und dauerhafte Wartungs- und Reparaturunterst\u00fctzung.<\/h2>\n<p>Wir k\u00f6nnen OEM- und ODM-Dienstleistungen erbringen. Wir haben erfahrene Designer, die eine tiefgreifende Anpassung an Ihre Bed\u00fcrfnisse vornehmen k\u00f6nnen. Wir werden so bald wie m\u00f6glich eine Reihe von Materialien wie 3D-Renderings, Ma\u00dfzeichnungen usw. zur Verf\u00fcgung stellen. Wir bieten auch biometrische Ger\u00e4te wie IC\/ID-Kartenleser, Fingerabdruckscanner, QR-Code-Scanner, Gesichtserkennungskameras und so weiter. Wenn Sie diese Ger\u00e4te an der Drehsperre in voller H\u00f6he integrieren m\u00fcssen oder Fragen haben, wenden <a href=\"https:\/\/mairsturnstile.com\/contact\" target=\"_blank\" rel=\"noopener\">Sie sich bitte an uns<\/a><\/p>\n<p><strong>Die Dreht\u00fcr ist eine Art einzelnes Drehkreuz in voller H\u00f6he mit einer gro\u00dfen kreisf\u00f6rmigen Dreh- \/ Dreht\u00fcrform. Im Vergleich zu gew\u00f6hnlichen Drehkreuzen in voller H\u00f6he besteht der gr\u00f6\u00dfte Unterschied im Aussehen.<\/strong><\/p>\n<p><strong>Das Drehkreuz wurde aus dem Dreibein-Drehkreuztor entwickelt und zieht Lehren aus den Eigenschaften der Dreht\u00fcr. <\/strong>Es kann je nach H\u00f6he in Drehkreuze mit voller H\u00f6he und Drehkreuze mit halber H\u00f6he unterteilt werden. Dieses Drehkreuz geh\u00f6rt zu den Drehkreuzen in voller H\u00f6he. Wenn Sie ein halbhohes Drehkreuz ben\u00f6tigen, sehen Sie sich bitte unser anderes Produkt an: <a href=\"https:\/\/mairsturnstile.com\/product\/half-height-turnstile\" target=\"_blank\" rel=\"noopener\">halbhohes Drehkreuz<\/a><\/p>\n<p>Die gro\u00dfvolumige Box ist mit einem flexiblen Identifikationsmodus ausgestattet, der sie nicht sperrig macht, aber die beste Sicherheitsleistung bietet. Seine beiden Seiten sind nicht mehr <a href=\"https:\/\/en.wikipedia.org\/wiki\/Stainless_steel\" target=\"_blank\" rel=\"noopener\">Seitenleisten<\/a> aus Edelstahl 304, sondern aus dem speziellen Material PC-Platte (Polycarbonatplatte), das die Vorteile Hitzebest\u00e4ndigkeit, K\u00e4ltebest\u00e4ndigkeit, Flammschutz, Feuerbest\u00e4ndigkeit, Schlagfestigkeit, sehr gute Lichtdurchl\u00e4ssigkeit und hat mehrere Farben. Diese Zusammensetzung macht die gesamte Dreht\u00fcr sch\u00f6n und langlebig, leicht zu demontieren und bequem f\u00fcr Transport und Installation.<\/p>\n<p>T\u00fcr im Drehstil kann in allen Geb\u00e4udeumgebungen eingesetzt werden und kann alle Kontrollprobleme von Fu\u00dfg\u00e4ngerein- und -ausgangspassagen l\u00f6sen. Es kann jederzeit steuern, ob die Dreht\u00fcr ge\u00f6ffnet oder geschlossen ist, das Produkt verf\u00fcgt au\u00dferdem \u00fcber mehrere verschiedene Arten von Signalschnittstellen. Kunden k\u00f6nnen verschiedene Software von Drittanbietern oder biometrische Ger\u00e4te integrieren, um die erforderlichen Sonderfunktionen zu erweitern.<\/p>\n<p>Wir k\u00f6nnen auch innerhalb weniger Minuten ein Rendering f\u00fcr Sie erstellen, das auf Ihrem aktuellen Szenario basiert. Wir liefern auch detaillierte Layouts und Zeichnungen sowie Installationszeichnungen.<\/p>\n\n        \t\n\t<style type=\"text\/css\">\n\t\t.slider-info-21840.bafg-slider-info .bafg-slider-title {\n\t\t\t\t\t\tfont-size: 22px;\n\t\t\t\t\t\t\n\t\t\t\n\t\t\t\t\t}\n\n\t\t.slider-info-21840.bafg-slider-info .bafg-slider-description {\n\t\t\t\n\t\t\t\n\t\t\t\t\t}\n\n\t\t.slider-info-21840.bafg-slider-info .bafg_slider_readmore_button {\n\t\t\t\n\t\t\t\n\t\t\t\n\t\t\t\n\t\t\t\n\t\t\ttext-align: center;\n\n\t\t\t\n\t\t\t\n\t\t\t\n\t\t\t\n\t\t\t\n\t\t\t\n\t\t\t\t\t}\n\n\t\t.slider-info-21840.bafg-slider-info .bafg_slider_readmore_button:hover {\n\n\t\t\t\n\t\t\t\n\t\t\t\t\t}\n\n\t<\/style>\n\t\n        <div class=\"bafg-twentytwenty-container slider-21840 \" bafg-orientation=\"horizontal\" bafg-default-offset=\"0.5\" bafg-before-label=\"Before\" bafg-after-label=\"After\" bafg-overlay=\"yes\" bafg-move-slider-on-hover=\"yes\" bafg-click-to-move=\"no\">\n              \n            <img decoding=\"async\" class=\"skip-lazy\" src=\"http:\/\/mairsturnstile.com\/wp-content\/uploads\/2021\/11\/turn-style-door-3-1.jpg\" alt=\"turn style door\" data-skip-lazy title=\"\">\n            <img decoding=\"async\" class=\"skip-lazy\" src=\"http:\/\/mairsturnstile.com\/wp-content\/uploads\/2021\/11\/turn-style-door-4.jpg\" alt=\"turn style door\" data-skip-lazy title=\"\">\n           \n        <\/div>\n\n        \t<div class=\"bafg-slider-info-wraper\">\n\t\t<div style=\"\" class=\"slider-info-21840 bafg-slider-info\">\n\t\t\t\t\t<\/div>\n\t<\/div>\n\t\n        <style type=\"text\/css\">\n            \n        <\/style>\n        \n<p>Antrieb: Halbautomatisch betrieben<br \/>\nArml\u00e4nge: 600 mm<br \/>\nDie Drehrichtung: Bidirektional<br \/>\nZuverl\u00e4ssigkeit des Mechanismus: 5 Millionen, kein Fehler<br \/>\nNotfallsituation: Im Notfall oder bei Unterbrechung der Stromversorgung kann die Dreht\u00fcr auf Fail-Safe, d.h. frei drehbar, oder Fail-Lock konfiguriert werden<br \/>\nLuftfeuchtigkeit: \u226495\uff05<br \/>\nArbeitstemperatur: -25\u2103\uff5e60\u2103<br \/>\nOptionale Funktionen: IC\/ID-Leseger\u00e4t, Barcode-Leseger\u00e4t, Gesichtserkennung, Fingerabdruck, andere Zugangskontrollger\u00e4te, USV usw<br \/>\nKommunikationsreichweite: \u22641200 m<br \/>\nKommunikationsschnittstelle: RS485<br \/>\nGr\u00f6\u00dfe kann angepasst werden<\/p>\n<p>Die zum \u00d6ffnen ben\u00f6tigte Zeit: 0,2 s<br \/>\nArbeitsumgebung: Innen oder au\u00dfen<br \/>\nAnti-Tailgating: Das Drehkreuz bleibt im Schloss, wenn es um 60 Grad (3 Arme) oder 45 Grad (4 Arme) ge\u00f6ffnet ist, sodass das Tor nicht in die entgegengesetzte Richtung zum vorbeugenden Gating laufen kann<br \/>\nAnwendungsbereich: Gemeinde, Fabrik, Baustelle, Schule, Erholungsort usw<\/p>\n<p>Wir k\u00f6nnen die gesamte L\u00f6sung f\u00fcr die Sicherheitskontrolle anbieten. Wenn Sie ein eigenes Zugangskontrollsystem haben, k\u00f6nnen Sie unser Drehkreuz direkt verwenden. Falls Sie noch keine haben, bieten wir auch eine komplette L\u00f6sung f\u00fcr die Zugangskontrolle an. Einzelheiten entnehmen Sie bitte dem unten stehenden Video.<\/p>\n<p><iframe title=\"YouTube-Videoplayer\" src=\"https:\/\/www.youtube.com\/embed\/XyxFKnS3Br0\" width=\"1150\" height=\"650\" frameborder=\"0\" allowfullscreen=\"allowfullscreen\"><span data-mce-type=\"bookmark\" style=\"display: inline-block; width: 0px; overflow: hidden; line-height: 0;\" class=\"mce_SELRES_start\"><\/span><\/iframe><\/p>\n","protected":false},"excerpt":{"rendered":"<p>1. Gr\u00f6\u00dfe: 1520 * 1520 * 2300 mm (kann angepasst werden)<\/p>\n<p>2. Spurbreite: ca. 650 mm (kann angepasst werden)<\/p>\n<p>3. Durchgangsgeschwindigkeit: 30 Personen\/min<\/p>\n<p>4. Stromversorgung: 110 V\/220 V 50\/60 Hz<\/p>\n<p>5. Solenoid: DC24V<\/p>\n<p>6. Tor\u00f6ffnungssignal: Potenzialfreier Kontakt\/Relais<\/p>\n<p>7. Logikspannung: DC24V<\/p>\n<p>8. Geh\u00e4usematerial: Edelstahl 304 oder Edelstahl 316 und Leiterplatte<\/p>\n<p>9. Mechanismus mit hydraulischem D\u00e4mpfer zur Sto\u00dfd\u00e4mpfung<\/p>\n<p><strong><a title=\"Mairs CE-zertifiziertes Drehkreuz in voller H\u00f6he\" href=\"http:\/\/mairsturnstile.com\/wp-content\/uploads\/2022\/09\/Mairs-CE-Certificate-Full-Height-Turnstile.pdf\" target=\"_blank\" rel=\"noopener noreferrer\">CE-zertifiziert,<\/a> <a title=\"Mairs ISO9001-Zertifikat\" href=\"http:\/\/mairsturnstile.com\/wp-content\/uploads\/2022\/09\/Mairs-Registration-Certificate-ISO9001.pdf\" target=\"_blank\" rel=\"noopener noreferrer\">ISO9001-zertifiziert.<\/a><\/strong><\/p>\n<p><a title=\"Brosch\u00fcre \u00fcber Drehkreuze in voller H\u00f6he\" href=\"http:\/\/mairsturnstile.com\/wp-content\/uploads\/2023\/12\/MT406-brochure.pdf\" target=\"_blank\" rel=\"noopener noreferrer\"><img decoding=\"async\" class=\"alignnone size-full wp-image-11034\" src=\"http:\/\/mairsturnstile.com\/wp-content\/uploads\/2022\/09\/pdf-MairsTurnstile.png\" alt=\"\" width=\"32\" height=\"32\"><span style=\"color: #0000ff;\"><strong>Brosch\u00fcre zum Drehkreuz MT406 in voller H\u00f6he<\/strong><\/span><\/a><\/p>\n<p><a title=\"Installationshandbuch f\u00fcr Drehkreuze in voller H\u00f6he\" href=\"http:\/\/mairsturnstile.com\/wp-content\/uploads\/2023\/09\/Full-height-turnstile-installation-manual.pdf\" target=\"_blank\" rel=\"noopener noreferrer\"><img decoding=\"async\" class=\"alignnone size-full wp-image-11034\" src=\"http:\/\/mairsturnstile.com\/wp-content\/uploads\/2022\/09\/pdf-MairsTurnstile.png\" alt=\"\" width=\"32\" height=\"32\"><strong><span style=\"color: #0000ff;\"> Benutzer- und Installationshandbuch f\u00fcr Drehkreuze in voller H\u00f6he<\/span><\/strong><\/a><\/p>\n","protected":false},"featured_media":58364,"comment_status":"closed","ping_status":"closed","template":"","meta":{"neve_meta_sidebar":"","neve_meta_container":"","neve_meta_enable_content_width":"off","neve_meta_content_width":0,"neve_meta_title_alignment":"","neve_meta_author_avatar":"","neve_post_elements_order":"","neve_meta_disable_header":"","neve_meta_disable_footer":"","neve_meta_disable_title":"","_ti_tpc_template_sync":false,"_ti_tpc_template_id":""},"product_cat":[433,429],"product_tag":[799,501,1250,1492,1474,511],"class_list":["post-9184","product","type-product","status-publish","has-post-thumbnail","hentry","product_cat-drehkreuze-in-voller-hohe","product_cat-sicherheits-drehkreuze","product_tag-drehbares-drehkreuz","product_tag-drehkreuz-oder-drehkreuz","product_tag-drehkreuze-aus-glas","product_tag-drehkreuzturen-aus-glas","product_tag-tor-im-drehstil","product_tag-tur-im-drehstil"],"_links":{"self":[{"href":"https:\/\/mairsturnstile.com\/de\/wp-json\/wp\/v2\/product\/9184","targetHints":{"allow":["GET"]}}],"collection":[{"href":"https:\/\/mairsturnstile.com\/de\/wp-json\/wp\/v2\/product"}],"about":[{"href":"https:\/\/mairsturnstile.com\/de\/wp-json\/wp\/v2\/types\/product"}],"replies":[{"embeddable":true,"href":"https:\/\/mairsturnstile.com\/de\/wp-json\/wp\/v2\/comments?post=9184"}],"version-history":[{"count":0,"href":"https:\/\/mairsturnstile.com\/de\/wp-json\/wp\/v2\/product\/9184\/revisions"}],"wp:featuredmedia":[{"embeddable":true,"href":"https:\/\/mairsturnstile.com\/de\/wp-json\/wp\/v2\/media\/58364"}],"wp:attachment":[{"href":"https:\/\/mairsturnstile.com\/de\/wp-json\/wp\/v2\/media?parent=9184"}],"wp:term":[{"taxonomy":"product_cat","embeddable":true,"href":"https:\/\/mairsturnstile.com\/de\/wp-json\/wp\/v2\/product_cat?post=9184"},{"taxonomy":"product_tag","embeddable":true,"href":"https:\/\/mairsturnstile.com\/de\/wp-json\/wp\/v2\/product_tag?post=9184"}],"curies":[{"name":"wp","href":"https:\/\/api.w.org\/{rel}","templated":true}]}}