{"id":9185,"date":"2021-04-27T16:38:55","date_gmt":"2021-04-27T08:38:55","guid":{"rendered":"https:\/\/mairsturnstile.com\/product\/drehkreuzmechanismus-in-voller-hoehe-zu-verkaufen-mt601"},"modified":"2026-05-01T10:26:33","modified_gmt":"2026-05-01T02:26:33","slug":"drehkreuzmechanismus-in-voller-hohe","status":"publish","type":"product","link":"https:\/\/mairsturnstile.com\/de\/produkt\/drehkreuzmechanismus-in-voller-hohe","title":{"rendered":"DREHMECHANISMUS IN VOLLER H\u00d6HE MT601"},"content":{"rendered":"<p><iframe title=\"YouTube-Videoplayer\" src=\"https:\/\/www.youtube.com\/embed\/Su17joHCYgU\" width=\"560\" height=\"315\" frameborder=\"0\" allowfullscreen=\"allowfullscreen\"><\/iframe><\/p>\n<h2>Drehkreuzmechanismus in voller H\u00f6he, <strong><b>halbautomatischer Drehkreuzmechanismus in voller H\u00f6he<\/b><\/strong> <\/h2>\n<p>Der <a href=\"https:\/\/mairsturnstile.com\/turnstile-mechanism.html\" target=\"_blank\" rel=\"noopener\">Drehkreuzmechanismus<\/a> in voller H\u00f6he ist eine der Kernkomponenten des Drehkreuztors, und der Drehkreuzmechanismus in voller H\u00f6he steuert das Drehkreuztor, indem er die Schwingung des Fl\u00fcgelarms steuert. Dieser Drehkreuzmechanismus voller H\u00f6he ist f\u00fcr um 120 Grad oder 90 Grad drehbare Drehkreuze voller H\u00f6he vorgesehen.<\/p>\n<p>Der <a href=\"https:\/\/en.wikipedia.org\/wiki\/Mechanism\" target=\"_blank\" rel=\"noopener\">Mechanismus<\/a> des Drehkreuztors in voller H\u00f6he ist der Kern des gesamten Drehkreuztors in voller H\u00f6he.<\/p>\n<p>Die Betriebsqualit\u00e4t des Mechanismus bestimmt die Qualit\u00e4t des <a href=\"https:\/\/mairsturnstile.com\/product\/full-height-turnstile-gate-mt402-2-b\">Drehkreuztors in voller H\u00f6he<\/a>, aber der Ausfall des Drehkreuztors in voller H\u00f6he h\u00e4ngt auch mit dem Mechanismus zusammen. Nur die richtige Verwendung und die richtige Wartung sind der Schl\u00fcssel zur Gew\u00e4hrleistung der Lebensdauer des Drehkreuzes. Es ist auch eine Methode, um die Gesamtlebensdauer des Drehkreuzes zu verbessern. Mairs bietet den besten Qualit\u00e4tsmechanismus f\u00fcr ein Drehkreuz in voller H\u00f6he.<\/p>\n<p><strong>Merkmale:<\/strong><\/p>\n<ol>\n<li>Stabiler Betrieb, keine Ger\u00e4usche und mechanische Auswirkungen<\/li>\n<li>Die Anzahl der Passagiere kann eingestellt werden<\/li>\n<li>Mehrere Formverarbeitungsmethoden zur Auswahl<\/li>\n<li>Bidirektional, eine Richtung erlaubt, eine verboten, oder eine Richtung l\u00e4dt, eine frei. Alle Arbeitsformen werden \u00fcber Tasten auf der Hauptsteuertafel eingestellt<\/li>\n<li>Der Fallbalken und der H\u00e4ngebalken k\u00f6nnen \u00fcber eine gro\u00dfe Entfernung gesteuert werden, um den speziellen Anforderungen der Benutzer und den Anforderungen des Brandschutzes gerecht zu werden.<\/li>\n<li>Die Richtungsanzeige zeigt Ihnen die Richtung an, in die Sie auf dem Drehkreuz gehen m\u00fcssen<\/li>\n<li>Elektrische Standardschnittstelle, RS485-Kommunikationsschnittstelle, Relaisschnittstelle und Pegelschnittstelle, die mit verschiedenen Lese- und Schreibger\u00e4ten verbunden sind<\/li>\n<li>Alle Funktionen werden auf einem All-in-One-Computer realisiert, der von einem Computer ferngesteuert und verwaltet wird<\/li>\n<li>Es kann automatisch die Anzahl der Passanten z\u00e4hlen, LED-Anzeige<\/li>\n<li>Trennen Sie die Stromversorgung, um den Balken anzuheben. Wenn der Strom eingeschaltet ist, hebt sich der Arm automatisch und stoppt, wenn er auf Hindernisse trifft<\/li>\n<li>Die Funktion mit oder ohne Kartenleserspeicher kann nach Ihren Bed\u00fcrfnissen eingestellt werden.<\/li>\n<li>Betrieb Selbst\u00fcberpr\u00fcfung des Alarms<\/li>\n<\/ol>\n","protected":false},"excerpt":{"rendered":"<p>1. Leistung: AC220C \u00b1 10 V, 50\/60 Hz;<\/p>\n<p>2. Maschinenkern: Halbautomatisch<\/p>\n<p>3. Betriebstemperatur: -45\u2103-60\u2103<\/p>\n<p>4. \u00dcberholgeschwindigkeit: 30 Personen \/ min (IC-Karte)<\/p>\n<p>5. Relative Luftfeuchtigkeit: \u226495 %, keine Kondensation<\/p>\n<p>6. Durchgangsbreite: \u2264600mm<\/p>\n<p>7. Kommunikationsverbindung: RS485-Kommunikation<\/p>\n<p>8. Material: Edelstahl 304, Dicke nicht weniger als 1,3 mm<\/p>\n<p>9. Kommunikationsentfernung: 1200M<\/p>\n<p>10. Laufende Lebensdauer: 3 Millionen (kontinuierlicher \u00d6ffnungs- und Schlie\u00dfvorgang)<\/p>\n<p>11. Schutzstufe: IP54<\/p>\n","protected":false},"featured_media":35786,"comment_status":"closed","ping_status":"closed","template":"","meta":{"neve_meta_sidebar":"","neve_meta_container":"","neve_meta_enable_content_width":"off","neve_meta_content_width":0,"neve_meta_title_alignment":"","neve_meta_author_avatar":"","neve_post_elements_order":"","neve_meta_disable_header":"","neve_meta_disable_footer":"","neve_meta_disable_title":"","_ti_tpc_template_sync":false,"_ti_tpc_template_id":""},"product_cat":[433,429],"product_tag":[513,1507,1506,514,512],"class_list":["post-9185","product","type-product","status-publish","has-post-thumbnail","hentry","product_cat-drehkreuze-in-voller-hohe","product_cat-sicherheits-drehkreuze","product_tag-drehkreuz-tormechanismus-in-voller-hohe","product_tag-drehkreuzkomponenten","product_tag-drehkreuzmechanismus-de","product_tag-drehkreuzmechanismus","product_tag-drehkreuzmechanismus-in-voller-hohe"],"_links":{"self":[{"href":"https:\/\/mairsturnstile.com\/de\/wp-json\/wp\/v2\/product\/9185","targetHints":{"allow":["GET"]}}],"collection":[{"href":"https:\/\/mairsturnstile.com\/de\/wp-json\/wp\/v2\/product"}],"about":[{"href":"https:\/\/mairsturnstile.com\/de\/wp-json\/wp\/v2\/types\/product"}],"replies":[{"embeddable":true,"href":"https:\/\/mairsturnstile.com\/de\/wp-json\/wp\/v2\/comments?post=9185"}],"version-history":[{"count":1,"href":"https:\/\/mairsturnstile.com\/de\/wp-json\/wp\/v2\/product\/9185\/revisions"}],"predecessor-version":[{"id":72538,"href":"https:\/\/mairsturnstile.com\/de\/wp-json\/wp\/v2\/product\/9185\/revisions\/72538"}],"wp:featuredmedia":[{"embeddable":true,"href":"https:\/\/mairsturnstile.com\/de\/wp-json\/wp\/v2\/media\/35786"}],"wp:attachment":[{"href":"https:\/\/mairsturnstile.com\/de\/wp-json\/wp\/v2\/media?parent=9185"}],"wp:term":[{"taxonomy":"product_cat","embeddable":true,"href":"https:\/\/mairsturnstile.com\/de\/wp-json\/wp\/v2\/product_cat?post=9185"},{"taxonomy":"product_tag","embeddable":true,"href":"https:\/\/mairsturnstile.com\/de\/wp-json\/wp\/v2\/product_tag?post=9185"}],"curies":[{"name":"wp","href":"https:\/\/api.w.org\/{rel}","templated":true}]}}