{"id":9186,"date":"2021-03-08T18:33:54","date_gmt":"2021-03-08T10:33:54","guid":{"rendered":"https:\/\/mairsturnstile.com\/product\/volle-hoehe-drehkreuz-zu-verkaufen-mt401"},"modified":"2026-05-01T10:28:15","modified_gmt":"2026-05-01T02:28:15","slug":"preis-fur-drehkreuze-in-voller-hohe-in-pakistan","status":"publish","type":"product","link":"https:\/\/mairsturnstile.com\/de\/produkt\/preis-fur-drehkreuze-in-voller-hohe-in-pakistan","title":{"rendered":"DURCHGANGSDREHKREUZ IN VOLLER H\u00d6HE ZU VERKAUFEN"},"content":{"rendered":"        <!-- 3D Model html -->\r\n        <div class=\"bp_grand wrapper_21823\">   \r\n        <div class=\"bp_model_parent\">\r\n            <model-viewer class=\"model\" id=\"bp_model_id_21823\" src=\"http:\/\/mairsturnstile.com\/wp-content\/uploads\/2023\/07\/MT401.glb\" alt=\"MT401\" camera-controls  loading=\"auto\" auto-rotate                        >\r\n            <\/model-viewer>\r\n        \r\n            <!-- Button -->\r\n            <svg id=\"openBtn\" width=\"30px\" height=\"30px\" viewBox=\"0 0 16 16\" xmlns=\"http:\/\/www.w3.org\/2000\/svg\" fill=\"#f2f2f2\" class=\"bi bi-arrows-fullscreen model-icon\">\r\n                <path fill-rule=\"evenodd\" d=\"M5.828 10.172a.5.5 0 0 0-.707 0l-4.096 4.096V11.5a.5.5 0 0 0-1 0v3.975a.5.5 0 0 0 .5.5H4.5a.5.5 0 0 0 0-1H1.732l4.096-4.096a.5.5 0 0 0 0-.707zm4.344 0a.5.5 0 0 1 .707 0l4.096 4.096V11.5a.5.5 0 1 1 1 0v3.975a.5.5 0 0 1-.5.5H11.5a.5.5 0 0 1 0-1h2.768l-4.096-4.096a.5.5 0 0 1 0-.707zm0-4.344a.5.5 0 0 0 .707 0l4.096-4.096V4.5a.5.5 0 1 0 1 0V.525a.5.5 0 0 0-.5-.5H11.5a.5.5 0 0 0 0 1h2.768l-4.096 4.096a.5.5 0 0 0 0 .707zm-4.344 0a.5.5 0 0 1-.707 0L1.025 1.732V4.5a.5.5 0 0 1-1 0V.525a.5.5 0 0 1 .5-.5H4.5a.5.5 0 0 1 0 1H1.732l4.096 4.096a.5.5 0 0 1 0 .707z\"\/>\r\n            <\/svg>\r\n        \r\n            <svg id=\"closeBtn\" class=\"model-icon\" width=\"34px\" height=\"34px\" viewBox=\"0 0 24 24\" xmlns=\"http:\/\/www.w3.org\/2000\/svg\">\r\n                <path fill=\"none\" stroke=\"#f2f2f2\" stroke-width=\"2\" d=\"M7,7 L17,17 M7,17 L17,7\"\/>\r\n            <\/svg>\r\n        \r\n        <\/div>\r\n        <\/div> \r\n\r\n        <!-- Model Viewer Style -->\r\n        <style>\r\n            \r\n            .wrapper_21823 .bp_model_parent, #bp_model_id_21823 {\r\n                width: 1150px;\r\n                max-width: 100%;\r\n                                            }\r\n            #bp_model_id_21823 {\r\n                height:700px;\r\n                background-color: #f2f2f2;\r\n            }\r\n            .fullscreen #bp_model_id_21823{\r\n            height: 100%;\r\n            width: 100%;\r\n            }\r\n            .wrapper_21823 .bp_model_parent{\r\n                justify-content: start            }\r\n            model-viewer.model {\r\n                --poster-color: transparent;\r\n            }\r\n        <\/style>\r\n        \r\n        \n<h2>Preis f\u00fcr Drehkreuze in voller H\u00f6he in Pakistan. Dieses Modell bietet 2 Jahre Garantie und dauerhafte Wartungs- und Reparaturunterst\u00fctzung.<\/h2>\n<p> Preise f\u00fcr mannshohe Drehkreuze in Pakistan \u2013 Eine einzigartige Design-Alternative zu Dreibein-Drehkreuzen. Erfahren Sie die aktuellen Preise f\u00fcr mannshohe Drehkreuze in Pakistan. Unsere einzigartig gestalteten Dreibein-Drehkreuze bieten ein vergleichbares Sicherheitsniveau \u2013 verpackt in einem elegant geschwungenen Geh\u00e4use. Fordern Sie jetzt ein Angebot an.<br \/>\nWir bieten OEM- und ODM-Dienstleistungen an.   Wir bieten auch biometrische Ger\u00e4te wie IC\/ID-Kartenleser, Fingerabdruckscanner, QR-Code-Scanner, Gesichtserkennungskameras und so weiter. Wir haben auch eine neue Serie von Drehkreuzen in voller H\u00f6he mit stilvollem Aussehen und robuster Struktur auf den Markt gebracht. Bitte \u00fcberpr\u00fcfen Sie: <span style=\"color: #0000ff;\"><a style=\"color: #0000ff;\" href=\"https:\/\/mairsturnstile.com\/full-height-series-turnstile\" target=\"_blank\" rel=\"noopener\">Drehkreuzserie in voller H\u00f6he<\/a><\/span> <\/p>\n<p><strong>Dieses Drehkreuztor in voller H\u00f6he<\/strong> wurde entwickelt, um das Ein- und Aussteigen von Fu\u00dfg\u00e4ngern zu kontrollieren und ist f\u00fcr den Innen- und Au\u00dfenbereich geeignet. Der Preis f\u00fcr mannshohe Drehkreuze in Pakistan variiert je nach Ausf\u00fchrung. Suchen Sie nach Preisen f\u00fcr mannshohe Drehkreuze in Pakistan? Entscheiden Sie sich f\u00fcr unser einzigartig gestaltetes Dreibein-Drehkreuz \u2013 modernes Design, Edelstahl und bereit f\u00fcr biometrische Systeme. Gro\u00dfhandelspreise.    <\/p>\n<p>Das Drehkreuztor in voller H\u00f6he kann im Innen- und Au\u00dfenbereich eingesetzt werden. Mit dem besten Drehkreuzpreis in voller H\u00f6he in Pakistan.<\/p>\n<p>Dieses Drehkreuztor in voller H\u00f6he f\u00fcr Pakistan zu einem erschwinglichen Preis wird h\u00e4ufig f\u00fcr Bahnh\u00f6fe, Schulbibliotheken, Regierungseinrichtungen, Vergn\u00fcgungsparks, Gef\u00e4ngnisse, Fu\u00dfballstadien, Wohnungen, Museen und Fabriken usw. verwendet.<\/p>\n<p>Unter Verwendung der standardm\u00e4\u00dfigen elektrischen Schnittstelle, kompatibel mit ID\/IC-Karte, Fingerabdruck, Gesichtserkennung, einem Infrarotdetektor, Temperaturregler, Barcode\/<a href=\"https:\/\/en.wikipedia.org\/wiki\/QR_code\" target=\"_blank\" rel=\"noopener\">QR-Code<\/a>, Telefon-App, ESD-System, Besuchersystem usw. Hersteller von <a href=\"https:\/\/mairsturnstile.com\/full-height-turnstiles.html\" target=\"_blank\" rel=\"noopener\">Drehkreuzen in voller H\u00f6he<\/a> &#8211; Mairsturnstile bietet die g\u00fcnstigsten Preis f\u00fcr Drehkreuze in voller H\u00f6he in Pakistan.<\/p>\n<p>Das Drehkreuztor in voller H\u00f6he ist mit einem Mechanismus, einem elektrischen und einem Mikrocontroller sowie verschiedenen Arten von Identifikationstechnologien integriert, die mit IC, ID, Barcode, Fingerabdruckleser usw. kompatibel sind, um eine intelligente Steuerung und Verwaltung der Flusskontrolle bereitzustellen.<\/p>\n<p>Wir k\u00f6nnen auch innerhalb weniger Minuten ein Rendering f\u00fcr Sie erstellen, das auf Ihrem aktuellen Szenario basiert. Wir liefern auch detaillierte Layouts und Zeichnungen sowie Installationszeichnungen.<\/p>\n\n        \t\n\t<style type=\"text\/css\">\n\t\t.slider-info-21841.bafg-slider-info .bafg-slider-title {\n\t\t\t\t\t\tfont-size: 22px;\n\t\t\t\t\t\t\n\t\t\t\n\t\t\t\t\t}\n\n\t\t.slider-info-21841.bafg-slider-info .bafg-slider-description {\n\t\t\t\n\t\t\t\n\t\t\t\t\t}\n\n\t\t.slider-info-21841.bafg-slider-info .bafg_slider_readmore_button {\n\t\t\t\n\t\t\t\n\t\t\t\n\t\t\t\n\t\t\t\n\t\t\ttext-align: center;\n\n\t\t\t\n\t\t\t\n\t\t\t\n\t\t\t\n\t\t\t\n\t\t\t\n\t\t\t\t\t}\n\n\t\t.slider-info-21841.bafg-slider-info .bafg_slider_readmore_button:hover {\n\n\t\t\t\n\t\t\t\n\t\t\t\t\t}\n\n\t<\/style>\n\t\n        <div class=\"bafg-twentytwenty-container slider-21841 \" bafg-orientation=\"horizontal\" bafg-default-offset=\"0.5\" bafg-before-label=\"Before\" bafg-after-label=\"After\" bafg-overlay=\"yes\" bafg-move-slider-on-hover=\"yes\" bafg-click-to-move=\"no\">\n              \n            <img decoding=\"async\" class=\"skip-lazy\" src=\"http:\/\/mairsturnstile.com\/wp-content\/uploads\/2023\/07\/full-height-turnstile-price-in-pakistan_4.jpg\" alt=\"\" data-skip-lazy title=\"\">\n            <img decoding=\"async\" class=\"skip-lazy\" src=\"http:\/\/mairsturnstile.com\/wp-content\/uploads\/2023\/07\/full-height-turnstile-price-in-pakistan_5.jpg\" alt=\"\" data-skip-lazy title=\"\">\n           \n        <\/div>\n\n        \t<div class=\"bafg-slider-info-wraper\">\n\t\t<div style=\"\" class=\"slider-info-21841 bafg-slider-info\">\n\t\t\t\t\t<\/div>\n\t<\/div>\n\t\n        <style type=\"text\/css\">\n            \n        <\/style>\n        \n<ul>\n<li>Das Drehkreuztor in voller H\u00f6he wird h\u00e4ufig f\u00fcr hochsichere Zutrittskontrolll\u00f6sungen verwendet.<\/li>\n<li>Die Drehkreuztore bestehen aus Edelstahl 304, der rostfrei, robust und steif ist.<\/li>\n<li>Der Preis f\u00fcr Drehkreuze in voller H\u00f6he in Pakistan ist sowohl f\u00fcr den Innen- als auch f\u00fcr den Au\u00dfenbereich ideal.<\/li>\n<li>Es kann in jede Art von Zutrittskontrollsystem integriert werden (z. B.: RFID-Ger\u00e4t, Fingerabdruck und biometrisches Ger\u00e4t).<\/li>\n<li data-spm-anchor-id=\"a2700.details.pronpeci14.i0.58226f8fLZmm5D\">Das Drehkreuztor \u00f6ffnet sich automatisch, wenn der Strom ausgeschaltet ist. Es ist sehr sicher, um die Anforderungen an den Feuerleitdurchgang zu erf\u00fcllen.<\/li>\n<li>Preis f\u00fcr Drehkreuze in voller H\u00f6he in Pakistan mit R\u00fccklaufsperre, die die entgegengesetzte Richtung stoppt.<\/li>\n<li>Der Mechanismus ist mit einer automatisch geregelten hydraulischen Puffervorrichtung ausgestattet. Keine Ger\u00e4usche und St\u00f6\u00dfe beim Laufen.<\/li>\n<li>Selbstwiederherstellungsfunktion, wenn die Stromversorgung eingeschaltet ist, wird das System automatisch neu gestartet.<\/li>\n<li>Die doppelt gelagerte Vorrichtung h\u00e4lt das Tor im Gleichgewicht, wenn eine externe Kraft einwirkt.<\/li>\n<li>Einseitig oder bidirektional ist optional.<\/li>\n<li>Zuverl\u00e4ssigkeit des Mechanismus: 5 Millionen, kein Fehler<\/li>\n<li>Mit LED-Kontrollleuchte.<\/li>\n<li>Erschwinglicher Drehkreuzpreis in voller H\u00f6he in Pakistan.<\/li>\n<li>Kann an die unterschiedlichen Anforderungen verschiedener Orte angepasst werden.<\/li>\n<li>Die eingebaute kleine Tastatur der Steuerplatine mit programmierbaren Ger\u00e4ten zur Verwaltung des Betriebsstatus.<\/li>\n<\/ul>\n<p>Wir k\u00f6nnen die gesamte L\u00f6sung f\u00fcr die Sicherheitskontrolle anbieten. Wenn Sie ein eigenes Zugangskontrollsystem haben, k\u00f6nnen Sie unser Drehkreuz direkt verwenden. Falls Sie noch keine haben, bieten wir auch eine komplette L\u00f6sung f\u00fcr die Zugangskontrolle an. Einzelheiten entnehmen Sie bitte dem unten stehenden Video.<\/p>\n<p><iframe title=\"YouTube-Videoplayer\" src=\"https:\/\/www.youtube.com\/embed\/v7QQMtt97e0?si=BNRilLDK3xC6Q5x-\" width=\"1150\" height=\"650\" frameborder=\"0\" allowfullscreen=\"allowfullscreen\"><span data-mce-type=\"bookmark\" style=\"display: inline-block; width: 0px; overflow: hidden; line-height: 0;\" class=\"mce_SELRES_start\"><\/span><\/iframe><\/p>\n","protected":false},"excerpt":{"rendered":"<p>1. Gr\u00f6\u00dfe: 1400 * 1200 * 2230 mm (kann angepasst werden)<\/p>\n<p>2. Spurbreite: 650 mm (kann angepasst werden)<\/p>\n<p>3. Durchgangsgeschwindigkeit: 30 Personen\/min<\/p>\n<p>4. Stromversorgung: 110 V\/220 V 50\/60 Hz<\/p>\n<p>5. Solenoid: DC24V<\/p>\n<p>6. Gate Open-Eingang: Potenzialfreier Kontakt\/Relais<\/p>\n<p>7. Logikspannung: DC24V<\/p>\n<p>8. Geh\u00e4usematerial: Edelstahl 304 oder Edelstahl 316<\/p>\n<p>9. Der Mechanismus wird mit einem hydraulischen D\u00e4mpfer zur Sto\u00dfd\u00e4mpfung geliefert<\/p>\n<p><span style=\"color: #000000;\"><strong><a style=\"color: #000000;\" title=\"Mairs CE-zertifiziertes Drehkreuz in voller H\u00f6he\" href=\"http:\/\/mairsturnstile.com\/wp-content\/uploads\/2022\/09\/Mairs-CE-Certificate-Full-Height-Turnstile.pdf\" target=\"_blank\" rel=\"noopener noreferrer\">CE-zertifiziert,<\/a> <a style=\"color: #000000;\" title=\"Mairs ISO9001-Zertifikat\" href=\"http:\/\/mairsturnstile.com\/wp-content\/uploads\/2022\/09\/Mairs-Registration-Certificate-ISO9001.pdf\" target=\"_blank\" rel=\"noopener noreferrer\">ISO9001-zertifiziert.<\/a><\/strong><\/span><\/p>\n<p><a title=\"Brosch\u00fcre \u00fcber Drehkreuze in voller H\u00f6he\" href=\"https:\/\/mairsturnstile-online.com\/flipbook\/mt401-full-height-turnstile-brochure\" target=\"_blank\" rel=\"noopener noreferrer\"><strong><span style=\"color: #fcaf3b;\">Download MT401 Full Height Turnstile Brochure<\/span><\/strong><\/a><\/p>\n<p><a title=\"Installationshandbuch f\u00fcr Drehkreuze in voller H\u00f6he\" href=\"http:\/\/mairsturnstile.com\/wp-content\/uploads\/2023\/09\/Full-height-turnstile-installation-manual.pdf\" target=\"_blank\" rel=\"noopener noreferrer\"><strong><span style=\"color: #fcaf3b;\">Dpwnload Full Height Turnstile User &amp; Installation Manual<\/span><\/strong><\/a><\/p>\n","protected":false},"featured_media":26510,"comment_status":"closed","ping_status":"closed","template":"","meta":{"neve_meta_sidebar":"","neve_meta_container":"","neve_meta_enable_content_width":"off","neve_meta_content_width":0,"neve_meta_title_alignment":"","neve_meta_author_avatar":"","neve_post_elements_order":"","neve_meta_disable_header":"","neve_meta_disable_footer":"","neve_meta_disable_title":"","_ti_tpc_template_sync":false,"_ti_tpc_template_id":""},"product_cat":[433,429],"product_tag":[524,515,578,1483,1484],"class_list":["post-9186","product","type-product","status-publish","has-post-thumbnail","hentry","product_cat-drehkreuze-in-voller-hohe","product_cat-sicherheits-drehkreuze","product_tag-drehkreuze-in-voller-hohe","product_tag-drehkreuzpreis-in-voller-hohe-in-pakistan","product_tag-drehkreuztor-pakistan","product_tag-einzelnes-drehkreuz-in-voller-hohe","product_tag-qr-code-drehkreuz"],"_links":{"self":[{"href":"https:\/\/mairsturnstile.com\/de\/wp-json\/wp\/v2\/product\/9186","targetHints":{"allow":["GET"]}}],"collection":[{"href":"https:\/\/mairsturnstile.com\/de\/wp-json\/wp\/v2\/product"}],"about":[{"href":"https:\/\/mairsturnstile.com\/de\/wp-json\/wp\/v2\/types\/product"}],"replies":[{"embeddable":true,"href":"https:\/\/mairsturnstile.com\/de\/wp-json\/wp\/v2\/comments?post=9186"}],"version-history":[{"count":1,"href":"https:\/\/mairsturnstile.com\/de\/wp-json\/wp\/v2\/product\/9186\/revisions"}],"predecessor-version":[{"id":72539,"href":"https:\/\/mairsturnstile.com\/de\/wp-json\/wp\/v2\/product\/9186\/revisions\/72539"}],"wp:featuredmedia":[{"embeddable":true,"href":"https:\/\/mairsturnstile.com\/de\/wp-json\/wp\/v2\/media\/26510"}],"wp:attachment":[{"href":"https:\/\/mairsturnstile.com\/de\/wp-json\/wp\/v2\/media?parent=9186"}],"wp:term":[{"taxonomy":"product_cat","embeddable":true,"href":"https:\/\/mairsturnstile.com\/de\/wp-json\/wp\/v2\/product_cat?post=9186"},{"taxonomy":"product_tag","embeddable":true,"href":"https:\/\/mairsturnstile.com\/de\/wp-json\/wp\/v2\/product_tag?post=9186"}],"curies":[{"name":"wp","href":"https:\/\/api.w.org\/{rel}","templated":true}]}}