{"id":9187,"date":"2020-09-13T17:06:48","date_gmt":"2020-09-13T09:06:48","guid":{"rendered":"https:\/\/mairsturnstile.com\/product\/drehkreuz-mit-voller-hoehe-handicap-drehkreuz-mt451-c"},"modified":"2024-10-29T18:07:21","modified_gmt":"2024-10-29T10:07:21","slug":"handicap-drehkreuz","status":"publish","type":"product","link":"https:\/\/mairsturnstile.com\/de\/produkt\/handicap-drehkreuz","title":{"rendered":"DREHKREUZ F\u00dcR PERSONEN MIT EINGESCHR\u00c4NKTER BEWEGUNGSFREIHEIT"},"content":{"rendered":"        <!-- 3D Model html -->\r\n        <div class=\"bp_grand wrapper_51818\">   \r\n        <div class=\"bp_model_parent\">\r\n            <model-viewer class=\"model\" id=\"bp_model_id_51818\" src=\"http:\/\/mairsturnstile.com\/wp-content\/uploads\/2024\/09\/MT-XW400C.glb\" alt=\"MT-XW400C\" camera-controls  loading=\"auto\" auto-rotate                        >\r\n            <\/model-viewer>\r\n        \r\n            <!-- Button -->\r\n            <svg id=\"openBtn\" width=\"30px\" height=\"30px\" viewBox=\"0 0 16 16\" xmlns=\"http:\/\/www.w3.org\/2000\/svg\" fill=\"#f2f2f2\" class=\"bi bi-arrows-fullscreen model-icon\">\r\n                <path fill-rule=\"evenodd\" d=\"M5.828 10.172a.5.5 0 0 0-.707 0l-4.096 4.096V11.5a.5.5 0 0 0-1 0v3.975a.5.5 0 0 0 .5.5H4.5a.5.5 0 0 0 0-1H1.732l4.096-4.096a.5.5 0 0 0 0-.707zm4.344 0a.5.5 0 0 1 .707 0l4.096 4.096V11.5a.5.5 0 1 1 1 0v3.975a.5.5 0 0 1-.5.5H11.5a.5.5 0 0 1 0-1h2.768l-4.096-4.096a.5.5 0 0 1 0-.707zm0-4.344a.5.5 0 0 0 .707 0l4.096-4.096V4.5a.5.5 0 1 0 1 0V.525a.5.5 0 0 0-.5-.5H11.5a.5.5 0 0 0 0 1h2.768l-4.096 4.096a.5.5 0 0 0 0 .707zm-4.344 0a.5.5 0 0 1-.707 0L1.025 1.732V4.5a.5.5 0 0 1-1 0V.525a.5.5 0 0 1 .5-.5H4.5a.5.5 0 0 1 0 1H1.732l4.096 4.096a.5.5 0 0 1 0 .707z\"\/>\r\n            <\/svg>\r\n        \r\n            <svg id=\"closeBtn\" class=\"model-icon\" width=\"34px\" height=\"34px\" viewBox=\"0 0 24 24\" xmlns=\"http:\/\/www.w3.org\/2000\/svg\">\r\n                <path fill=\"none\" stroke=\"#f2f2f2\" stroke-width=\"2\" d=\"M7,7 L17,17 M7,17 L17,7\"\/>\r\n            <\/svg>\r\n        \r\n        <\/div>\r\n        <\/div> \r\n\r\n        <!-- Model Viewer Style -->\r\n        <style>\r\n            \r\n            .wrapper_51818 .bp_model_parent, #bp_model_id_51818 {\r\n                width: 1150px;\r\n                max-width: 100%;\r\n                                            }\r\n            #bp_model_id_51818 {\r\n                height:700px;\r\n                background-color: #f9f9f9;\r\n            }\r\n            .fullscreen #bp_model_id_51818{\r\n            height: 100%;\r\n            width: 100%;\r\n            }\r\n            .wrapper_51818 .bp_model_parent{\r\n                justify-content: start            }\r\n            model-viewer.model {\r\n                --poster-color: transparent;\r\n            }\r\n        <\/style>\r\n        \r\n        \n<h4>HANDICAP TURNSTILES GATE bietet 2 Jahre Garantie und dauerhafte Wartungs- und Reparaturunterst\u00fctzung.<\/h4>\n<p>Wir k\u00f6nnen OEM- und ODM-Dienstleistungen erbringen. Wir haben erfahrene Designer, die eine tiefgreifende Anpassung an Ihre Bed\u00fcrfnisse vornehmen k\u00f6nnen. Wir werden so bald wie m\u00f6glich eine Reihe von Materialien wie 3D-Renderings, Ma\u00dfzeichnungen usw. zur Verf\u00fcgung stellen. Wenn Sie spezielle Anforderungen haben und das Produkt anpassen m\u00fcssen, m\u00fcssen Sie nur relevante Bilder und Parameter bereitstellen. Wir bieten auch biometrische Ger\u00e4te wie IC\/ID-Kartenleser, Fingerabdruckscanner, QR-Code-Scanner, Gesichtserkennungskameras und so weiter.<\/p>\n<p>Wir haben auch eine neue Serie von Drehkreuzen in voller H\u00f6he mit stilvollem Aussehen und robuster Struktur auf den Markt gebracht. Bitte \u00fcberpr\u00fcfen Sie: <span style=\"\"><a style=\"\" href=\"\" target=\"\" rel=\"noopener\">Drehkreuzserie in voller H\u00f6he<\/a><\/span> <\/p>\n<p><strong>Das Handicap-Drehkreuz ist eine Art Fu\u00dfg\u00e4nger-Drehkreuztor, das f\u00fcr die Zugangskontrolle f\u00fcr behinderte Rollst\u00fchle verwendet wird, deren Fahrbahnbreite mindestens 900 mm betragen sollte. Handicap-Drehkreuze sind normalerweise f\u00fcr behinderte, behinderte Menschen konzipiert, was das Reisen von Behinderten erleichtert.<\/strong> Behinderte und Rollstuhlfahrer k\u00f6nnen problemlos passieren. Das Handicap-Drehkreuz unterscheidet sich vom herk\u00f6mmlichen Klappensperr-Drehkreuz und dem Stativ-Drehkreuz. Der Zugang wird nicht durch physische Wege wie Fl\u00fcgelplatte und Sperrstange eingeschr\u00e4nkt. Das Behindertendrehkreuz hat kein Bewegungsprinzip, nur eine induktive Erkennungsfunktion.<\/p>\n<p>Es gibt viele Arten von Behinderten-Drehkreuzen, die auch an Ihre tats\u00e4chlichen Bed\u00fcrfnisse angepasst werden k\u00f6nnen. Alle unsere Drehkreuztore und Geschwindigkeitstore k\u00f6nnen speziell f\u00fcr behinderte und behinderte Menschen entworfen werden. Alle Modelle von Drehkreuzen und Schnellschleusen k\u00f6nnen f\u00fcr behindertengerechten Zugang verwendet werden. Einige Modelle der doppelt einziehbaren Klappensperre und des Drehkreuzes mit Schiebetor k\u00f6nnen auch eine Durchgangsbreite von 900 mm haben. Es entspricht dem ADA (The Americans with Disabilities Act). Wenn Sie irgendwelche Arten von Behindertendrehkreuzen ben\u00f6tigen, <a href=\"https:\/\/mairsturnstile.com\/contact\">fragen Sie uns<\/a> bitte an<\/p>\n<p>Bei diesem ADA-Drehkreuz- oder Handicap-Drehkreuzprodukt ben\u00f6tigen viele Kunden aufgrund der Faktoren der Installationsumgebung vor Ort oder der Standort- und Standortzugangsanforderungen m\u00f6glicherweise nur die einfache Version des ADA-Drehkreuzes. Wenn Sie diesbez\u00fcglich irgendwelche Bed\u00fcrfnisse haben, k\u00f6nnen Sie uns auch kontaktieren, um es anzupassen. Beispielsweise werden die folgenden zwei einfachen Versionen des Drehkreuztors in voller H\u00f6he von unseren Kunden angepasst. Dieses Schwenkdrehkreuz in voller H\u00f6he l\u00f6st das Problem, dass Drehkreuze in voller H\u00f6he nicht durch Fahrr\u00e4der und Rollst\u00fchle hindurchfahren k\u00f6nnen. Die einfache Ausf\u00fchrung des Drehkreuztores ist komplett auf die Durchfahrt von Fahrr\u00e4dern oder Behinderten ausgelegt.<\/p>\n<p>Wir k\u00f6nnen auch innerhalb weniger Minuten ein Rendering f\u00fcr Sie erstellen, das auf Ihrem aktuellen Szenario basiert. Wir liefern auch detaillierte Layouts und Zeichnungen sowie Installationszeichnungen.<\/p>\n\n        \t\n\t<style type=\"text\/css\">\n\t\t.slider-info-53264.bafg-slider-info .bafg-slider-title {\n\t\t\t\t\t\tfont-size: 22px;\n\t\t\t\t\t\t\n\t\t\t\n\t\t\t\t\t}\n\n\t\t.slider-info-53264.bafg-slider-info .bafg-slider-description {\n\t\t\t\n\t\t\t\n\t\t\t\t\t}\n\n\t\t.slider-info-53264.bafg-slider-info .bafg_slider_readmore_button {\n\t\t\t\n\t\t\t\n\t\t\t\n\t\t\t\n\t\t\t\n\t\t\ttext-align: center;\n\n\t\t\t\n\t\t\t\n\t\t\t\n\t\t\t\n\t\t\t\n\t\t\t\n\t\t\t\t\t}\n\n\t\t.slider-info-53264.bafg-slider-info .bafg_slider_readmore_button:hover {\n\n\t\t\t\n\t\t\t\n\t\t\t\t\t}\n\n\t<\/style>\n\t\n        <div class=\"bafg-twentytwenty-container slider-53264 \" bafg-orientation=\"horizontal\" bafg-default-offset=\"0.5\" bafg-before-label=\"Before\" bafg-after-label=\"After\" bafg-overlay=\"yes\" bafg-move-slider-on-hover=\"yes\" bafg-click-to-move=\"no\">\n              \n            <img decoding=\"async\" class=\"skip-lazy\" src=\"http:\/\/mairsturnstile.com\/wp-content\/uploads\/2024\/09\/xw-series-full-height-handicap-turnstile-XW400-C.jpg\" alt=\"\" data-skip-lazy title=\"\">\n            <img decoding=\"async\" class=\"skip-lazy\" src=\"http:\/\/mairsturnstile.com\/wp-content\/uploads\/2024\/09\/xw-series-full-height-handicap-turnstile-XW400-C-1.jpg\" alt=\"\" data-skip-lazy title=\"\">\n           \n        <\/div>\n\n        \t<div class=\"bafg-slider-info-wraper\">\n\t\t<div style=\"\" class=\"slider-info-53264 bafg-slider-info\">\n\t\t\t\t\t<\/div>\n\t<\/div>\n\t\n        <style type=\"text\/css\">\n            \n        <\/style>\n        \n<p>Auf der oberen Abdeckung des Produkts befindet sich eine Ampel, und eine LED-Ampel wird nach Kundenwunsch hergestellt. Wir k\u00f6nnen die Anforderungen jedes OEM oder ODM erf\u00fcllen.<\/p>\n<p>Das Handicap-Drehkreuz kann die illegale Identit\u00e4t von Personal beim Passieren der Anlage schnell und genau beurteilen, Alarmsignale ausgeben und Fotos machen. Dar\u00fcber hinaus kann das Zutrittskontrollsystem Bildvergleichstechnologie verwenden, um verd\u00e4chtige Zutrittsaufzeichnungen oder verd\u00e4chtige Personalinformationen in sensiblen Zeitr\u00e4umen zu \u00fcberpr\u00fcfen.<\/p>\n<p>Das Handicap-Drehkreuz beurteilt mithilfe von RFID-Technologie und Infrarottechnologie, ob sich Personen und Waren in und aus dem Kanal befinden, beurteilt die Legitimit\u00e4t von Personen und Waren in und aus dem Kanal in Kombination mit drahtloser Datenerfassungstechnologie \u00fcber gro\u00dfe Entfernungen und erinnert sie daran durch akustische und optische Anzeige.<\/p>\n<p>Das Handicap-Drehkreuz zeichnet sich durch drahtlose Langstrecken-Datenerfassungstechnologie aus. Personal, das den Kanal betritt und verl\u00e4sst, muss seine Identit\u00e4tsdokumente nicht aktiv vorzeigen, sondern muss nur seine Identit\u00e4tsinformationen und Legitimation durch den Kanal kennen.<\/p>\n<p>Das Handicap-Drehkreuztor besteht aus einem Fahrgestell und einem elektrischen Steuermodul. Die Hauptplatine der Drehkreuztorsteuerung erkennt den Passierprozess von behinderten Personen durch einen Infrarotdetektor, und die behinderten \/ behinderten Personen k\u00f6nnen mit gesetzlicher Genehmigung passieren; Wenn ein Fu\u00dfg\u00e4nger die Passage unbefugt betritt, wird der akustische und visuelle Alarm aktiviert, um darauf hinzuweisen, dass der Fu\u00dfg\u00e4nger nicht unbefugt passieren darf.<\/p>\n<p style=\"font-weight: 400;\">Behinderten-Drehkreuz Zugangskontrolle Gesichtserkennung RFID-Drehkreuz f\u00fcr B\u00fcrogeb\u00e4ude. Standardsignaleingangsschnittstellen sind im Allgemeinen konfiguriert, wie z. B. RS485 \/ RS232 oder TCP \/ IP-Schnittstelle, die mit verschiedener Software von Drittanbietern, biometrischen Ger\u00e4ten und Zugangskontrollsteuerungen integriert werden k\u00f6nnen. Es eignet sich f\u00fcr verschiedene Anl\u00e4sse im Innenbereich wie Gesch\u00e4ftsgeb\u00e4ude, B\u00fcrogeb\u00e4ude, Ausstellungshallen usw.<\/p>\n<p>Das Handicap-Drehkreuz mit Drehkreuz in voller H\u00f6he kontrolliert die Personen, die den eingeschr\u00e4nkten Bereich betreten oder verlassen. Das Geh\u00e4use ist aus hochwertigem geb\u00fcrstetem Edelstahl 304. Der Mechanismus verwendet modernste Technologie, um die Gr\u00f6\u00dfe zu minimieren, gew\u00e4hrleistet aber eine hohe Leistung. Sie sind auch mit einem bekannten b\u00fcrstenlosen Gleichstrommotor und einem ausgekl\u00fcgelten Sensor ausgestattet. Das <a href=\"https:\/\/mairsturnstile.com\/swing-turnstile-gate.html\" target=\"_blank\" rel=\"noopener\">Schwenkdrehkreuz<\/a> verf\u00fcgt \u00fcber einen Standard-Relaisausgang, der problemlos in alle Arten von Zutrittskontrollsystemen von Drittanbietern (z. B. RFID, Fingerabdruck, Gesicht, Barcode, IR-<a href=\"https:\/\/en.wikipedia.org\/wiki\/Thermometer\" target=\"_blank\" rel=\"noopener\">Thermometer<\/a>) integriert werden kann. Es ist einfach, mehrere Bahnen einzurichten. Mairs bietet das beste Handicap-Drehkreuz zum g\u00fcnstigsten Preis online. Handicap-Drehkreuz f\u00fcr Behinderte, Behinderte und Behinderte.<\/p>\n<ul>\n<li style=\"list-style-type: none;\">\n<ul>\n<li>Unterbrechen Sie im Notfall die Stromversorgung, das Behinderten-Drehkreuz \u00f6ffnet sich automatisch, um freien Durchgang zu erm\u00f6glichen, was den Brandschutzanforderungen entspricht. Aber es muss ein Akku dabei sein. Was den Export betrifft, so ist die Batterie empfindlich, wir k\u00f6nnen den Kondensator verwenden, um sie zu ersetzen.<\/li>\n<li>Das Drehkreuztor in voller H\u00f6he f\u00fcr Behinderte eignet sich f\u00fcr Luxus- und High-End-Eingangsl\u00f6sungen.<\/li>\n<li>Das gesamte System l\u00e4uft reibungslos, ger\u00e4uscharm und mit hoher Geschwindigkeit.<\/li>\n<li>Alarmfunktion, wenn es ein illegales Eindringen und ein umgekehrtes Eindringen gibt, alarmiert das Tor und die T\u00fcr wird verriegelt.<\/li>\n<li>Es gibt insgesamt 6 Paar Infrarotsensoren. Der mittlere Sensor soll verhindern, dass Fu\u00dfg\u00e4nger eingeklemmt werden.<\/li>\n<li>Anti-Tailing-Funktion, eine Person kann gleichzeitig passieren. Wenn jemand den Vorderleuten hinterherl\u00e4uft, schl\u00e4gt das Tor Alarm<\/li>\n<li>LED-Anzeige. Rotes Kreuz und gr\u00fcner Pfeil. Es gibt auch LED-Anzeigen am vorderen Pfosten. Das LED-Licht kann den Armen hinzugef\u00fcgt werden.<\/li>\n<li>Der bidirektionale Zugriff reduziert den Bedarf an weiteren Gates. Es ist rollstuhlgerecht, Einkaufskinderwagen erh\u00f6ht die \u00dcberholeffizienz.<\/li>\n<li>Automatische Reset-Funktion. Wenn die Personen nicht innerhalb der voreingestellten Zeit (Standardzeit ist 5 Sekunden) vorbeigekommen sind, wird das System die Berechtigung des Benutzers aufheben und automatisch schlie\u00dfen<\/li>\n<li>Anti-Bump, Anti-Clamp, Die Tore sind mit einem b\u00fcrstenlosen Motor ausgestattet. Wenn w\u00e4hrend des Betriebs jemand auf den Arm schl\u00e4gt, wird das Tor automatisch zur\u00fcckgesetzt. Diese Funktion verhindert effektiv, dass Fu\u00dfg\u00e4nger, insbesondere Kinder, ansto\u00dfen, kollidieren, schlagen usw.<\/li>\n<li>Mechanismus: Das Behindertentor ist ein automatisches Tor mit einem b\u00fcrstenlosen Motor<\/li>\n<li> Halbautomatische volle H\u00f6he f\u00fcr regelm\u00e4\u00dfigen Zugriff (automatisch optional)<\/li>\n<li>Die Drehrichtung: Bidirektional\/Einzelrichtung<\/li>\n<li>Notfallsituation: Im Notfall oder bei Unterbrechung der Stromversorgung kann die Dreht\u00fcr auf Fail-Safe, d.h. frei drehbar, oder Fail-Lock konfiguriert werden<\/li>\n<li>Luftfeuchtigkeit: \u226495\uff05<\/li>\n<li>Antrieb: Halbautomatisch betrieben<\/li>\n<li>Arbeitstemperatur: -25\u2103\uff5e60\u2103<\/li>\n<li>Optionale Funktion: IC\/ID-Leseger\u00e4t, Barcode-Leseger\u00e4t, Gesichtserkennung, Fingerabdruck, andere Zugangskontrollger\u00e4te, USV usw<\/li>\n<li>Kommunikationsreichweite: \u22641200 m<\/li>\n<li>Kommunikationsschnittstelle: RS485<\/li>\n<li>Zeitbedarf zum \u00d6ffnen: 0,2 s<\/li>\n<li>Arbeitsumgebung: Innen oder au\u00dfen<\/li>\n<li>Anwendungsbereich: Gemeinde, Fabrik, Baustelle, Schule, Ort des Resorts, Regierungseinrichtung usw<\/li>\n<\/ul>\n<\/li>\n<\/ul>\n<p>Wir k\u00f6nnen die gesamte L\u00f6sung f\u00fcr die Sicherheitskontrolle anbieten. Wenn Sie ein eigenes Zugangskontrollsystem haben, k\u00f6nnen Sie unser Drehkreuz direkt verwenden. Falls Sie noch keine haben, bieten wir auch eine komplette L\u00f6sung f\u00fcr die Zugangskontrolle an. Einzelheiten entnehmen Sie bitte dem unten stehenden Video.<\/p>\n<p><iframe title=\"YouTube-Videoplayer\" src=\"https:\/\/www.youtube.com\/embed\/XyxFKnS3Br0\" width=\"1150\" height=\"650\" frameborder=\"0\" allowfullscreen=\"allowfullscreen\"><span data-mce-type=\"bookmark\" style=\"display: inline-block; width: 0px; overflow: hidden; line-height: 0;\" class=\"mce_SELRES_start\"><\/span><\/iframe><\/p>\n","protected":false},"excerpt":{"rendered":"<p>1. Gr\u00f6\u00dfe: 2650 * 1500 * 2200 mm (kann angepasst werden)<\/p>\n<p>2. Bahnbreite: 650 mm (Rotor) 900 mm (behindert)<\/p>\n<p>3. Material: Edelstahl 304 oder Edelstahl 316<\/p>\n<p>4. Durchgangsgeschwindigkeit: 25 Personen\/min<\/p>\n<p>5. Stromversorgung: 110 V\/220 V 50\/60 Hz<\/p>\n<p>6. Magnetventil: DC24V<\/p>\n<p>7. Tor-offen-Signal: Potentialfreier Kontakt\/Relais<\/p>\n<p>8. Zuverl\u00e4ssigkeit des Mechanismus: 5 Millionen, kein Fehler<\/p>\n<p>9. Mechanismus mit hydraulischem D\u00e4mpfer zur Sto\u00dfd\u00e4mpfung<\/p>\n<p><strong><a title=\"Mairs CE-zertifiziertes Drehkreuz in voller H\u00f6he\" href=\"http:\/\/mairsturnstile.com\/wp-content\/uploads\/2022\/09\/Mairs-CE-Certificate-Full-Height-Turnstile.pdf\" target=\"_blank\" rel=\"noopener noreferrer\">CE-zertifiziert,<\/a> <a title=\"Mairs ISO9001-Zertifikat\" href=\"http:\/\/mairsturnstile.com\/wp-content\/uploads\/2022\/09\/Mairs-Registration-Certificate-ISO9001.pdf\" target=\"_blank\" rel=\"noopener noreferrer\">ISO9001-zertifiziert.<\/a><\/strong><\/p>\n<p><a title=\"Installationshandbuch f\u00fcr Drehkreuze in voller H\u00f6he\" href=\"http:\/\/mairsturnstile.com\/wp-content\/uploads\/2023\/09\/Full-height-turnstile-installation-manual.pdf\" target=\"_blank\" rel=\"noopener noreferrer\"><img decoding=\"async\" class=\"alignnone size-full wp-image-11034\" src=\"http:\/\/mairsturnstile.com\/wp-content\/uploads\/2022\/09\/pdf-MairsTurnstile.png\" alt=\"\" width=\"32\" height=\"32\"><strong><span style=\"color: #0000ff;\"> Benutzer- und Installationshandbuch f\u00fcr Drehkreuze in voller H\u00f6he<\/span><\/strong><\/a><\/p>\n","protected":false},"featured_media":56874,"comment_status":"closed","ping_status":"closed","template":"","meta":{"neve_meta_sidebar":"","neve_meta_container":"","neve_meta_enable_content_width":"off","neve_meta_content_width":0,"neve_meta_title_alignment":"","neve_meta_author_avatar":"","neve_post_elements_order":"","neve_meta_disable_header":"","neve_meta_disable_footer":"","neve_meta_disable_title":"","_ti_tpc_template_sync":false,"_ti_tpc_template_id":""},"product_cat":[433,429],"product_tag":[517,1494,516,1493],"class_list":["post-9187","product","type-product","status-publish","has-post-thumbnail","hentry","product_cat-drehkreuze-in-voller-hohe","product_cat-sicherheits-drehkreuze","product_tag-behinderten-drehkreuztor","product_tag-deaktiviertes-drehkreuz","product_tag-drehkreuz-fur-behinderte","product_tag-ein-drehkreuz"],"_links":{"self":[{"href":"https:\/\/mairsturnstile.com\/de\/wp-json\/wp\/v2\/product\/9187","targetHints":{"allow":["GET"]}}],"collection":[{"href":"https:\/\/mairsturnstile.com\/de\/wp-json\/wp\/v2\/product"}],"about":[{"href":"https:\/\/mairsturnstile.com\/de\/wp-json\/wp\/v2\/types\/product"}],"replies":[{"embeddable":true,"href":"https:\/\/mairsturnstile.com\/de\/wp-json\/wp\/v2\/comments?post=9187"}],"version-history":[{"count":0,"href":"https:\/\/mairsturnstile.com\/de\/wp-json\/wp\/v2\/product\/9187\/revisions"}],"wp:featuredmedia":[{"embeddable":true,"href":"https:\/\/mairsturnstile.com\/de\/wp-json\/wp\/v2\/media\/56874"}],"wp:attachment":[{"href":"https:\/\/mairsturnstile.com\/de\/wp-json\/wp\/v2\/media?parent=9187"}],"wp:term":[{"taxonomy":"product_cat","embeddable":true,"href":"https:\/\/mairsturnstile.com\/de\/wp-json\/wp\/v2\/product_cat?post=9187"},{"taxonomy":"product_tag","embeddable":true,"href":"https:\/\/mairsturnstile.com\/de\/wp-json\/wp\/v2\/product_tag?post=9187"}],"curies":[{"name":"wp","href":"https:\/\/api.w.org\/{rel}","templated":true}]}}