{"id":9188,"date":"2020-09-12T18:52:50","date_gmt":"2020-09-12T10:52:50","guid":{"rendered":"https:\/\/mairsturnstile.com\/product\/halbhohes-drehkreuz-mt501"},"modified":"2024-10-29T18:08:05","modified_gmt":"2024-10-29T10:08:05","slug":"halbhohes-drehkreuz","status":"publish","type":"product","link":"https:\/\/mairsturnstile.com\/de\/produkt\/halbhohes-drehkreuz","title":{"rendered":"HALBHOHES DREHKREUZ MT501"},"content":{"rendered":"<h3>        <!-- 3D Model html -->\r\n        <div class=\"bp_grand wrapper_21822\">   \r\n        <div class=\"bp_model_parent\">\r\n            <model-viewer class=\"model\" id=\"bp_model_id_21822\" src=\"http:\/\/mairsturnstile.com\/wp-content\/uploads\/2023\/06\/MT501.glb\" alt=\"MT501\" camera-controls  loading=\"auto\" auto-rotate                        >\r\n            <\/model-viewer>\r\n        \r\n            <!-- Button -->\r\n            <svg id=\"openBtn\" width=\"30px\" height=\"30px\" viewBox=\"0 0 16 16\" xmlns=\"http:\/\/www.w3.org\/2000\/svg\" fill=\"#f2f2f2\" class=\"bi bi-arrows-fullscreen model-icon\">\r\n                <path fill-rule=\"evenodd\" d=\"M5.828 10.172a.5.5 0 0 0-.707 0l-4.096 4.096V11.5a.5.5 0 0 0-1 0v3.975a.5.5 0 0 0 .5.5H4.5a.5.5 0 0 0 0-1H1.732l4.096-4.096a.5.5 0 0 0 0-.707zm4.344 0a.5.5 0 0 1 .707 0l4.096 4.096V11.5a.5.5 0 1 1 1 0v3.975a.5.5 0 0 1-.5.5H11.5a.5.5 0 0 1 0-1h2.768l-4.096-4.096a.5.5 0 0 1 0-.707zm0-4.344a.5.5 0 0 0 .707 0l4.096-4.096V4.5a.5.5 0 1 0 1 0V.525a.5.5 0 0 0-.5-.5H11.5a.5.5 0 0 0 0 1h2.768l-4.096 4.096a.5.5 0 0 0 0 .707zm-4.344 0a.5.5 0 0 1-.707 0L1.025 1.732V4.5a.5.5 0 0 1-1 0V.525a.5.5 0 0 1 .5-.5H4.5a.5.5 0 0 1 0 1H1.732l4.096 4.096a.5.5 0 0 1 0 .707z\"\/>\r\n            <\/svg>\r\n        \r\n            <svg id=\"closeBtn\" class=\"model-icon\" width=\"34px\" height=\"34px\" viewBox=\"0 0 24 24\" xmlns=\"http:\/\/www.w3.org\/2000\/svg\">\r\n                <path fill=\"none\" stroke=\"#f2f2f2\" stroke-width=\"2\" d=\"M7,7 L17,17 M7,17 L17,7\"\/>\r\n            <\/svg>\r\n        \r\n        <\/div>\r\n        <\/div> \r\n\r\n        <!-- Model Viewer Style -->\r\n        <style>\r\n            \r\n            .wrapper_21822 .bp_model_parent, #bp_model_id_21822 {\r\n                width: 1150px;\r\n                max-width: 100%;\r\n                                            }\r\n            #bp_model_id_21822 {\r\n                height:700px;\r\n                background-color: #f9f9f9;\r\n            }\r\n            .fullscreen #bp_model_id_21822{\r\n            height: 100%;\r\n            width: 100%;\r\n            }\r\n            .wrapper_21822 .bp_model_parent{\r\n                justify-content: start            }\r\n            model-viewer.model {\r\n                --poster-color: transparent;\r\n            }\r\n        <\/style>\r\n        \r\n        <\/h3>\n<h3>Das <strong>halbhohe Drehkreuz<\/strong> hat 2 Jahre Garantie und dauerhafte Wartungs- und Reparaturunterst\u00fctzung.<\/h3>\n<p>Wir k\u00f6nnen OEM- und ODM-Dienstleistungen erbringen. Wir haben erfahrene Designer, die eine tiefgreifende Anpassung an Ihre Bed\u00fcrfnisse vornehmen k\u00f6nnen. Wir werden so bald wie m\u00f6glich eine Reihe von Materialien wie 3D-Renderings, Ma\u00dfzeichnungen usw. zur Verf\u00fcgung stellen. Mairs bietet halbhohe Drehkreuze in bester Qualit\u00e4t zu einem erschwinglichen Preis. Wir bieten auch biometrische Ger\u00e4te wie IC\/ID-Kartenleser, Fingerabdruckscanner, QR-Code-Scanner, Gesichtserkennungskameras und so weiter. Wenn Sie diese Ger\u00e4te in das Drehkreuz in voller H\u00f6he integrieren m\u00fcssen oder Fragen haben, <a href=\"https:\/\/mairsturnstile.com\/contact\">kontaktieren Sie uns<\/a> bitte<\/p>\n<p><strong>Das halbhohe Drehkreuz ist eine Art Fu\u00dfg\u00e4nger-Drehkreuztor mit nur halber H\u00f6he des Sperrk\u00f6rpers. Der Sperrk\u00f6rper des Drehkreuzes besteht in der Regel aus 3 oder 4 Metallst\u00e4ben.<\/strong> Entsprechend der H\u00f6he der Brockingstange wird das Drehkreuztor in ein <a href=\"https:\/\/mairsturnstile.com\/product\/full-height-pedestrian-turnstiles\">Drehkreuz mit voller<\/a> H\u00f6he und ein Drehkreuz mit halber H\u00f6he unterteilt, und das Drehkreuztor mit voller H\u00f6he wird h\u00e4ufiger verwendet. Das halbhohe Drehkreuz nimmt ein mechanisches Anti-Tailing-Design an, das den Einzelverkehr effektiv realisieren kann, was bedeutet, dass jeweils nur eine Person passieren kann. Verglichen mit dem <a href=\"https:\/\/mairsturnstile.com\/product\/tripod-security-gate\">Dreibein-Drehkreuztor<\/a> hat das halbhohe Drehkreuz eine h\u00f6here Sicherheit und Zuverl\u00e4ssigkeit.<\/p>\n<p>Strukturelles Design des halbhohen Drehkreuzes: Die Sperrstange \u00fcber dem halbhohen Drehkreuz nimmt ein abnehmbares strukturelles Design an, das einfach zu installieren und zu transportieren ist.<\/p>\n<p>Eigenschaften des halbhohen Drehkreuzes: starke Wasser- und Staubdichtigkeit und starke Anpassungsf\u00e4higkeit an die Umwelt.<\/p>\n<p>Anwendung des halbhohen Drehkreuzes: Das halbhohe Drehkreuz eignet sich f\u00fcr Anl\u00e4sse, die eine hohe Verkehrsordnung erfordern, wie Turnhallen, Gef\u00e4ngnisse usw. Es eignet sich auch f\u00fcr Wohngebiete, Aussichtspunkte, Fabriken, Ausstellungshallen und andere Anl\u00e4sse im Innen- und Au\u00dfenbereich.<\/p>\n<p>Das halbhohe Drehkreuz mit Leitplanke besteht aus <a href=\"https:\/\/en.wikipedia.org\/wiki\/Stainless_steel\" target=\"_blank\" rel=\"noopener\">Edelstahl<\/a> 304 mit sch\u00f6nem Aussehen, Rostschutz und Haltbarkeit. Es verwendet auch eine standardm\u00e4\u00dfige elektrische Schnittstelle, die QR-Codes, ID-Karten, IC-Karten und andere Kartenleser problemlos integrieren kann, um einen zivilisierten und geordneten Zugang f\u00fcr Personen zu erm\u00f6glichen und zu verhindern, dass illegale Personen ein- und ausgehen . Das halbhohe Drehkreuz kann lange verwendet werden, ist nicht leicht zu rosten und bietet die Vorteile einer intelligenten Bohrverhinderung, eines geordneten Verkehrs, einer Ein- und Zwei-Wege-Auswahl usw.<\/p>\n<h3>Vorteile des halbhohen Drehkreuzes:<\/h3>\n<p><strong>Fortschrittliches und intelligentes Design<\/strong><\/p>\n<p>Das halbhohe Drehkreuz verf\u00fcgt \u00fcber ein mechanisches Anti-Tailing-Design, um jeweils nur eine Person effektiv zu kontrollieren. Die vorger\u00fcckte mechanische Struktur wird angenommen. Im Standby-Modus ist die Sperrstange gesperrt, um den illegalen Durchgang von Fu\u00dfg\u00e4ngern zu verhindern. Wenn ein legales T\u00fcr\u00f6ffnungssignal in einer Richtung innerhalb der zul\u00e4ssigen Durchgangszeit empfangen wird, werden Fu\u00dfg\u00e4nger, die den Durchgang aus der entgegengesetzten Richtung betreten und die Stange des Tors dr\u00fccken, als R\u00fcckw\u00e4rtspassage betrachtet, und die Sperrstange in dieser Richtung wird gesperrt, um dies zu verhindern Fu\u00dfg\u00e4nger aus der Gegenpassage.<\/p>\n<p>Das R\u00fcckkopplungssteuersystem mit geschlossenem Regelkreis wird verwendet, um den Bewegungszustand der Bremsstange zu \u00fcberwachen, die Verhaltensweisen, die die Sicherheit des Kanals bedrohen, wie z kann auch mit anderen Sicherheitssystemen verkn\u00fcpft werden.<\/p>\n<p><strong>Stabiler und leistungsstarker Steuerkern<\/strong><\/p>\n<p>Lange Lebensdauer: Die Mechanismusstruktur ist fortschrittlich und mit einem hochwertigen importierten b\u00fcrstenlosen Gleichstrommotor und Elektromagneten ausgestattet, sodass das halbhohe Drehkreuz eine lange Lebensdauer und stabile Leistung aufweist. Fortschrittliche Motorsteuerungstechnologie: Das fortschrittliche Servosteuerungssystem und die DSP + Armmotorsteuerungstechnologie werden \u00fcbernommen, und der Motorsteuerungsalgorithmus wird kombiniert, um die genaue Steuerung und Positionierung der Barriere zu realisieren.<\/p>\n<p><strong>Umfassender Personenschutz<\/strong><\/p>\n<p>Ausschalten und T\u00fcr\u00f6ffnung: fortschrittliche mechanische Struktur. Wenn der Strom abgeschaltet ist, wird die Sperrstange automatisch entriegelt und kann frei geschoben werden, um die Evakuierung von Personen zu erleichtern. Not\u00f6ffnung der T\u00fcr: Ausgestattet mit einem Notausgangssteuerger\u00e4t zum automatischen Entriegeln der Torstange, und Fu\u00dfg\u00e4nger k\u00f6nnen sie frei in beide Richtungen dr\u00fccken, um die Evakuierung von Personen zu erleichtern. Fu\u00dfg\u00e4nger vor Stromschl\u00e4gen sch\u00fctzen: Das Ger\u00e4t verf\u00fcgt \u00fcber einen sicheren Spannungs- und Stromschutz, damit Fu\u00dfg\u00e4nger nicht durch Stromschl\u00e4ge verletzt werden.<\/p>\n<p>Wir k\u00f6nnen auch innerhalb weniger Minuten ein Rendering f\u00fcr Sie erstellen, das auf Ihrem aktuellen Szenario basiert. Wir liefern auch detaillierte Layouts und Zeichnungen sowie Installationszeichnungen.<\/p>\n\n        \t\n\t<style type=\"text\/css\">\n\t\t.slider-info-21844.bafg-slider-info .bafg-slider-title {\n\t\t\t\t\t\tfont-size: 22px;\n\t\t\t\t\t\t\n\t\t\t\n\t\t\t\t\t}\n\n\t\t.slider-info-21844.bafg-slider-info .bafg-slider-description {\n\t\t\t\n\t\t\t\n\t\t\t\t\t}\n\n\t\t.slider-info-21844.bafg-slider-info .bafg_slider_readmore_button {\n\t\t\t\n\t\t\t\n\t\t\t\n\t\t\t\n\t\t\t\n\t\t\ttext-align: center;\n\n\t\t\t\n\t\t\t\n\t\t\t\n\t\t\t\n\t\t\t\n\t\t\t\n\t\t\t\t\t}\n\n\t\t.slider-info-21844.bafg-slider-info .bafg_slider_readmore_button:hover {\n\n\t\t\t\n\t\t\t\n\t\t\t\t\t}\n\n\t<\/style>\n\t\n        <div class=\"bafg-twentytwenty-container slider-21844 \" bafg-orientation=\"horizontal\" bafg-default-offset=\"0.5\" bafg-before-label=\"Before\" bafg-after-label=\"After\" bafg-overlay=\"yes\" bafg-move-slider-on-hover=\"yes\" bafg-click-to-move=\"no\">\n              \n            <img decoding=\"async\" class=\"skip-lazy\" src=\"http:\/\/mairsturnstile.com\/wp-content\/uploads\/2023\/06\/half-height-turnstile_8.jpg\" alt=\"\" data-skip-lazy title=\"\">\n            <img decoding=\"async\" class=\"skip-lazy\" src=\"http:\/\/mairsturnstile.com\/wp-content\/uploads\/2023\/06\/half-height-turnstile_9.jpg\" alt=\"\" data-skip-lazy title=\"\">\n           \n        <\/div>\n\n        \t<div class=\"bafg-slider-info-wraper\">\n\t\t<div style=\"\" class=\"slider-info-21844 bafg-slider-info\">\n\t\t\t\t\t<\/div>\n\t<\/div>\n\t\n        <style type=\"text\/css\">\n            \n        <\/style>\n        \n<ul>\n<li><strong>Halbhohe Drehkreuze<\/strong> werden h\u00e4ufig f\u00fcr hochsichere Zugangskontrolll\u00f6sungen verwendet.<\/li>\n<li>Stoppen Sie mit der Anti-Reverse-Funktion die umgekehrte Richtung.<\/li>\n<li>Das <strong>halbhohe Drehkreuz<\/strong> kann sowohl f\u00fcr den Innen- als auch f\u00fcr den Au\u00dfenbereich verwendet werden.<\/li>\n<li>Dieses Drehkreuz kann in jedes Zutrittskontrollsystem von Drittanbietern integriert werden (z. B.: RFID-Ger\u00e4t, Fingerabdruck und biometrisches Ger\u00e4t).<\/li>\n<li>Um die Anforderungen der Notfallkontrolle zu erf\u00fcllen, \u00f6ffnet sich das Drehkreuztor automatisch, wenn der Strom ausgeschaltet ist.<\/li>\n<li>Das gesamte System l\u00e4uft sehr reibungslos, mit langer Lebensdauer und hoher Leistung, hoher Betriebszuverl\u00e4ssigkeit und schneller Reaktion.<\/li>\n<li>Der Mechanismus ist bei diesem Ger\u00e4t mit einem hochwertigen hydraulischen D\u00e4mpfer ausgestattet, der Lauf ist sehr ger\u00e4uscharm und ruhiger<\/li>\n<li>Selbsttestfunktion, das Tor wird automatisch wiederhergestellt, wenn die Stromversorgung eingeschaltet ist.<\/li>\n<li>Kann in einer Richtung oder in zwei Richtungen laufen<\/li>\n<li>Mit LED-Kontrollleuchte.<\/li>\n<li>Drehrichtung: Bidirektional<\/li>\n<li>Kann von einer Fernbedienung gesteuert und direkt vom Computer verwaltet werden.<\/li>\n<li>Bei Stromausfall ist die Drehkreuzspur frei zug\u00e4nglich und entspricht den Brandschutzanforderungen.<\/li>\n<li>Die Gr\u00f6\u00dfe\/das Design des Tors kann basierend auf der Zeichnung des Kunden angepasst werden<\/li>\n<li>Die Gr\u00f6\u00dfe kann angepasst werden, um den Anforderungen an verschiedenen Orten gerecht zu werden.<\/li>\n<\/ul>\n<p>Wir k\u00f6nnen die gesamte L\u00f6sung f\u00fcr die Sicherheitskontrolle anbieten. Wenn Sie ein eigenes Zugangskontrollsystem haben, k\u00f6nnen Sie unser Drehkreuz direkt verwenden. Falls Sie noch keine haben, bieten wir auch eine komplette L\u00f6sung f\u00fcr die Zugangskontrolle an. Einzelheiten entnehmen Sie bitte dem unten stehenden Video.<\/p>\n<p><iframe title=\"YouTube-Videoplayer\" src=\"https:\/\/www.youtube.com\/embed\/XyxFKnS3Br0\" width=\"1150\" height=\"650\" frameborder=\"0\" allowfullscreen=\"allowfullscreen\"><span data-mce-type=\"bookmark\" style=\"display: inline-block; width: 0px; overflow: hidden; line-height: 0;\" class=\"mce_SELRES_start\"><\/span><\/iframe><\/p>\n","protected":false},"excerpt":{"rendered":"<p>1. Gr\u00f6\u00dfe: 1400 * 1100 * 1150 mm (kann angepasst werden)<\/p>\n<p>2. Spurbreite: 650 mm (kann angepasst werden)<\/p>\n<p>3. Durchgangsgeschwindigkeit: 30 Personen\/min<\/p>\n<p>4. Stromversorgung: 110 V\/220 V 50\/60 Hz<\/p>\n<p>5. Solenoid f\u00fcr halbhohes Drehkreuz: DC24V<\/p>\n<p>6. Tor\u00f6ffnungssignal: Potenzialfreier Kontakt\/Relais<\/p>\n<p>7. Logikspannung: DC24V<\/p>\n<p>8. Material: Edelstahl 304 oder Edelstahl 316<\/p>\n<p>9. Bahnbreite: 600-660 mm<\/p>\n<p><strong><a title=\"Mairs CE-zertifiziertes Drehkreuz in voller H\u00f6he\" href=\"http:\/\/mairsturnstile.com\/wp-content\/uploads\/2022\/09\/Mairs-CE-Certificate-Full-Height-Turnstile.pdf\" target=\"_blank\" rel=\"noopener noreferrer\">CE-zertifiziert,<\/a> <a title=\"Mairs ISO9001-Zertifikat\" href=\"http:\/\/mairsturnstile.com\/wp-content\/uploads\/2022\/09\/Mairs-Registration-Certificate-ISO9001.pdf\" target=\"_blank\" rel=\"noopener noreferrer\">ISO9001-zertifiziert.<\/a><\/strong><\/p>\n","protected":false},"featured_media":21517,"comment_status":"closed","ping_status":"closed","template":"","meta":{"neve_meta_sidebar":"","neve_meta_container":"","neve_meta_enable_content_width":"off","neve_meta_content_width":0,"neve_meta_title_alignment":"","neve_meta_author_avatar":"","neve_post_elements_order":"","neve_meta_disable_header":"","neve_meta_disable_footer":"","neve_meta_disable_title":"","_ti_tpc_template_sync":false,"_ti_tpc_template_id":""},"product_cat":[433,429],"product_tag":[518,519,520],"class_list":["post-9188","product","type-product","status-publish","has-post-thumbnail","hentry","product_cat-drehkreuze-in-voller-hohe","product_cat-sicherheits-drehkreuze","product_tag-halbhohes-drehkreuz","product_tag-halbhohes-drehkreuztor","product_tag-preise-halbhohe-drehkreuze"],"_links":{"self":[{"href":"https:\/\/mairsturnstile.com\/de\/wp-json\/wp\/v2\/product\/9188","targetHints":{"allow":["GET"]}}],"collection":[{"href":"https:\/\/mairsturnstile.com\/de\/wp-json\/wp\/v2\/product"}],"about":[{"href":"https:\/\/mairsturnstile.com\/de\/wp-json\/wp\/v2\/types\/product"}],"replies":[{"embeddable":true,"href":"https:\/\/mairsturnstile.com\/de\/wp-json\/wp\/v2\/comments?post=9188"}],"version-history":[{"count":0,"href":"https:\/\/mairsturnstile.com\/de\/wp-json\/wp\/v2\/product\/9188\/revisions"}],"wp:featuredmedia":[{"embeddable":true,"href":"https:\/\/mairsturnstile.com\/de\/wp-json\/wp\/v2\/media\/21517"}],"wp:attachment":[{"href":"https:\/\/mairsturnstile.com\/de\/wp-json\/wp\/v2\/media?parent=9188"}],"wp:term":[{"taxonomy":"product_cat","embeddable":true,"href":"https:\/\/mairsturnstile.com\/de\/wp-json\/wp\/v2\/product_cat?post=9188"},{"taxonomy":"product_tag","embeddable":true,"href":"https:\/\/mairsturnstile.com\/de\/wp-json\/wp\/v2\/product_tag?post=9188"}],"curies":[{"name":"wp","href":"https:\/\/api.w.org\/{rel}","templated":true}]}}