{"id":9191,"date":"2020-09-12T18:47:33","date_gmt":"2020-09-12T10:47:33","guid":{"rendered":"https:\/\/mairsturnstile.com\/product\/bestes-doppeltes-drehkreuz-mit-voller-hoehe-mt403-1"},"modified":"2024-10-29T18:11:45","modified_gmt":"2024-10-29T10:11:45","slug":"zweispuriges-drehkreuz-in-voller-hohe","status":"publish","type":"product","link":"https:\/\/mairsturnstile.com\/de\/produkt\/zweispuriges-drehkreuz-in-voller-hohe","title":{"rendered":"DOPELSPURIGES DURCHGANGSDREHTOR IN VOLLER H\u00d6HE"},"content":{"rendered":"        <!-- 3D Model html -->\r\n        <div class=\"bp_grand wrapper_19985\">   \r\n        <div class=\"bp_model_parent\">\r\n            <model-viewer class=\"model\" id=\"bp_model_id_19985\" src=\"http:\/\/mairsturnstile.com\/wp-content\/uploads\/2024\/07\/\u53cc\u95e8\u95e8\u5168\u9ad8\u8f6c\u95f8\u5e95\u5ea7\u8f6e\u5b50.glb\" alt=\"\u53cc\u95e8\u95e8\u5168\u9ad8\u8f6c\u95f8+\u5e95\u5ea7+\u8f6e\u5b50\" camera-controls  loading=\"auto\" auto-rotate                        >\r\n            <\/model-viewer>\r\n        \r\n            <!-- Button -->\r\n            <svg id=\"openBtn\" width=\"30px\" height=\"30px\" viewBox=\"0 0 16 16\" xmlns=\"http:\/\/www.w3.org\/2000\/svg\" fill=\"#f2f2f2\" class=\"bi bi-arrows-fullscreen model-icon\">\r\n                <path fill-rule=\"evenodd\" d=\"M5.828 10.172a.5.5 0 0 0-.707 0l-4.096 4.096V11.5a.5.5 0 0 0-1 0v3.975a.5.5 0 0 0 .5.5H4.5a.5.5 0 0 0 0-1H1.732l4.096-4.096a.5.5 0 0 0 0-.707zm4.344 0a.5.5 0 0 1 .707 0l4.096 4.096V11.5a.5.5 0 1 1 1 0v3.975a.5.5 0 0 1-.5.5H11.5a.5.5 0 0 1 0-1h2.768l-4.096-4.096a.5.5 0 0 1 0-.707zm0-4.344a.5.5 0 0 0 .707 0l4.096-4.096V4.5a.5.5 0 1 0 1 0V.525a.5.5 0 0 0-.5-.5H11.5a.5.5 0 0 0 0 1h2.768l-4.096 4.096a.5.5 0 0 0 0 .707zm-4.344 0a.5.5 0 0 1-.707 0L1.025 1.732V4.5a.5.5 0 0 1-1 0V.525a.5.5 0 0 1 .5-.5H4.5a.5.5 0 0 1 0 1H1.732l4.096 4.096a.5.5 0 0 1 0 .707z\"\/>\r\n            <\/svg>\r\n        \r\n            <svg id=\"closeBtn\" class=\"model-icon\" width=\"34px\" height=\"34px\" viewBox=\"0 0 24 24\" xmlns=\"http:\/\/www.w3.org\/2000\/svg\">\r\n                <path fill=\"none\" stroke=\"#f2f2f2\" stroke-width=\"2\" d=\"M7,7 L17,17 M7,17 L17,7\"\/>\r\n            <\/svg>\r\n        \r\n        <\/div>\r\n        <\/div> \r\n\r\n        <!-- Model Viewer Style -->\r\n        <style>\r\n            \r\n            .wrapper_19985 .bp_model_parent, #bp_model_id_19985 {\r\n                width: 1150px;\r\n                max-width: 100%;\r\n                                            }\r\n            #bp_model_id_19985 {\r\n                height:700px;\r\n                background-color: #f2f2f2;\r\n            }\r\n            .fullscreen #bp_model_id_19985{\r\n            height: 100%;\r\n            width: 100%;\r\n            }\r\n            .wrapper_19985 .bp_model_parent{\r\n                justify-content: start            }\r\n            model-viewer.model {\r\n                --poster-color: transparent;\r\n            }\r\n        <\/style>\r\n        \r\n        \n<p>Wir k\u00f6nnen OEM- und ODM-Dienstleistungen erbringen. Wir k\u00f6nnen OEM- und ODM-Dienstleistungen erbringen. Wir haben erfahrene Designer, die eine tiefgreifende Anpassung an Ihre Bed\u00fcrfnisse vornehmen k\u00f6nnen. Wir haben auch eine neue Serie von Drehkreuzen in voller H\u00f6he mit stilvollem Aussehen und robuster Struktur auf den Markt gebracht. Bitte \u00fcberpr\u00fcfen Sie: <a href=\"\" target=\"\" rel=\"noopener\">Drehkreuzserie in voller H\u00f6he<\/a> <\/p>\n<h4>Das zweispurige Drehkreuz in voller H\u00f6he hat eine Garantie von 2 Jahren und dauerhafte Wartungs- und Reparaturunterst\u00fctzung.<\/h4>\n<p>Wir bieten auch biometrische Ger\u00e4te wie IC\/ID-Kartenleser, Fingerabdruckscanner, QR-Code-Scanner, Gesichtserkennungskameras und so weiter. Wenn Sie diese Ger\u00e4te in das Drehkreuz in voller H\u00f6he integrieren m\u00fcssen oder Fragen haben, <a href=\"https:\/\/mairsturnstile.com\/contact\" target=\"_blank\" rel=\"noopener\">kontaktieren Sie uns<\/a> bitte<\/p>\n<p style=\"font-weight: 400;\" data-spm-anchor-id=\"a2700.details.pronpeci14.i1.21073656hQew9t\"><span style=\"font-style: inherit; font-weight: inherit;\">Doppelspuriges Drehkreuz in voller H\u00f6he Drehkreuztor in voller H\u00f6he<\/span> Drehbare <a href=\"https:\/\/en.wikipedia.org\/wiki\/Access_control\" target=\"_blank\" rel=\"noopener\">Zugangskontrolle<\/a> f\u00fcr Fu\u00dfg\u00e4ngertore.<\/p>\n<p data-spm-anchor-id=\"a2700.details.pronpeci14.i1.21073656hQew9t\"><strong>Das zweispurige Drehkreuz in voller H\u00f6he ist eine Art Drehkreuztor in voller H\u00f6he mit 2 Kan\u00e4len oder 2 Fahrspuren. Das zweispurige Drehkreuz in voller H\u00f6he besteht aus dem Steuersystem mit doppeltem Mechanismus und zwei Gruppen von Edelstahl-Sperrstangen; Das mittlere Chassis ist ein Doppelmechanismusdesign, das den Durchgang von Personal im linken und rechten Kanal steuert.<\/strong> Verglichen mit einem einzelnen Drehkreuz in voller H\u00f6he ist der Preis eines doppelten Drehkreuzes in voller H\u00f6he h\u00f6her, fast doppelt so hoch wie der Preis eines einzelnen Drehkreuzes in voller H\u00f6he, da die verwendeten Materialien und die Kernkomponenten im Inneren im Grunde doppelt so hoch sind.<\/p>\n<p data-spm-anchor-id=\"a2700.details.pronpeci14.i1.21073656hQew9t\">Nat\u00fcrlich bieten wir auch ein einzelnes Drehkreuz in voller H\u00f6he an. Was ist ein einzelnes Drehkreuz in voller H\u00f6he? Es ist leicht zu verstehen, dass im Gegensatz zu einem doppelten Drehkreuz in voller H\u00f6he ein einzelnes Drehkreuz in voller H\u00f6he aus einem Steuermechanismus und einer Sperrstange aus Edelstahl besteht, die nur einen Durchgang oder Kanal hat. Ein einzelnes Drehkreuz in voller H\u00f6he ist nur f\u00fcr Orte geeignet, an denen ein einziger Durchgang oder Kanal erforderlich ist. <span style=\"font-weight: 400;\">Das zweispurige Drehkreuz in voller H\u00f6he eignet sich f\u00fcr eine robuste Zugangskontrolle und eignet sich gut f\u00fcr den Au\u00dfen- und Innenbereich in Fu\u00dfballstadien, Sportanlagen und Hochrisikogebieten. Die D<a href=\"https:\/\/mairsturnstile.com\/full-height-turnstiles.html\" target=\"_blank\" rel=\"noopener\">rehkreuze in voller H\u00f6he<\/a> <\/span>Das Produkt kann sowohl f\u00fcr die Zutrittskontrolle im Innen- als auch im Au\u00dfenbereich eingesetzt werden.<\/p>\n<p><span style=\"font-weight: 400;\">Unser Sortiment an doppelten Drehkreuzen in voller H\u00f6he verf\u00fcgt \u00fcber eine hochwertige korrosionsbest\u00e4ndige Oberfl\u00e4che und garantiert einen zuverl\u00e4ssigen Betrieb unter extremen Au\u00dfenbedingungen.<\/span><\/p>\n<p><span style=\"font-style: inherit; font-weight: inherit;\">Neben der Sicherheit des Eingangs und der Lobby ist auch die Sicherheit der Umgebung Ihres Geb\u00e4udes ein wichtiger Aspekt, den es zu ber\u00fccksichtigen gilt.<\/span><\/p>\n\n        \t\n\t<style type=\"text\/css\">\n\t\t.slider-info-19989.bafg-slider-info .bafg-slider-title {\n\t\t\t\t\t\tfont-size: 22px;\n\t\t\t\t\t\t\n\t\t\t\n\t\t\t\t\t}\n\n\t\t.slider-info-19989.bafg-slider-info .bafg-slider-description {\n\t\t\t\n\t\t\t\n\t\t\t\t\t}\n\n\t\t.slider-info-19989.bafg-slider-info .bafg_slider_readmore_button {\n\t\t\t\n\t\t\t\n\t\t\t\n\t\t\t\n\t\t\t\n\t\t\ttext-align: center;\n\n\t\t\t\n\t\t\t\n\t\t\t\n\t\t\t\n\t\t\t\n\t\t\t\n\t\t\t\t\t}\n\n\t\t.slider-info-19989.bafg-slider-info .bafg_slider_readmore_button:hover {\n\n\t\t\t\n\t\t\t\n\t\t\t\t\t}\n\n\t<\/style>\n\t\n        <div class=\"bafg-twentytwenty-container slider-19989 \" bafg-orientation=\"horizontal\" bafg-default-offset=\"0.5\" bafg-before-label=\"Before\" bafg-after-label=\"After\" bafg-overlay=\"yes\" bafg-move-slider-on-hover=\"yes\" bafg-click-to-move=\"no\">\n              \n            <img decoding=\"async\" class=\"skip-lazy\" src=\"http:\/\/mairsturnstile.com\/wp-content\/uploads\/2024\/10\/dual-lane-full-height-turnstile.jpg\" alt=\"dual lane full height turnstile\" data-skip-lazy title=\"\">\n            <img decoding=\"async\" class=\"skip-lazy\" src=\"http:\/\/mairsturnstile.com\/wp-content\/uploads\/2024\/10\/dual-lane-full-height-turnstile-1.jpg\" alt=\"dual lane full height turnstile\" data-skip-lazy title=\"\">\n           \n        <\/div>\n\n        \t<div class=\"bafg-slider-info-wraper\">\n\t\t<div style=\"\" class=\"slider-info-19989 bafg-slider-info\">\n\t\t\t\t\t<\/div>\n\t<\/div>\n\t\n        <style type=\"text\/css\">\n            \n        <\/style>\n        \n<p>Wir k\u00f6nnen auch innerhalb weniger Minuten ein Rendering f\u00fcr Sie erstellen, das auf Ihrem aktuellen Szenario basiert. Wir liefern auch detaillierte Layouts und Zeichnungen sowie Installationszeichnungen.<\/p>\n<p><span style=\"font-weight: 400;\"><span style=\"font-style: inherit; font-weight: inherit;\">Doppelte Drehkreuze in voller H\u00f6he f\u00fcr eine robuste Zugangskontrolle, gut geeignet f\u00fcr den Au\u00dfen- und Innenbereich in Fu\u00dfballstadien, Sportanlagen und Hochrisikogebieten. <\/span><\/span><\/p>\n<p><span style=\"font-style: inherit; font-weight: inherit;\">Erh\u00e4ltlich in Einzel-, Doppel- und Doppelverriegelungskonfigurationen mit optionalem Dachvordach.<\/span><\/p>\n<ul>\n<li>Zweispurige Drehkreuze in voller H\u00f6he werden h\u00e4ufig f\u00fcr hochsichere Zugangskontrolll\u00f6sungen verwendet.<\/li>\n<li>Das K\u00f6rpermaterial ist Edelstahl 304, der rostfrei und langlebig ist und eine hohe Widerstandsf\u00e4higkeit aufweist. Der Arm ist ein U-Typ.<\/li>\n<li>Das zweispurige Drehkreuz in voller H\u00f6he ist sowohl f\u00fcr den Innen- als auch f\u00fcr den Au\u00dfenbereich geeignet.<\/li>\n<li>Es kann in jede Art von Zutrittskontrollsystem integriert werden (z. B.: RFID-Ger\u00e4t, Fingerabdruck und biometrisches Ger\u00e4t).<\/li>\n<li>Um die Anforderungen der Notfallkontrolle zu erf\u00fcllen, \u00f6ffnet sich das Drehkreuztor automatisch, wenn der Strom ausgeschaltet ist.<\/li>\n<li>Kann eine Richtung oder eine Richtung sein. Was kostet ein Drehkreuz?<\/li>\n<li>Der Mechanismus ist mit einem hochwertigen hydraulischen D\u00e4mpfer ausgestattet. Mit diesem Ger\u00e4t l\u00e4uft es sehr ger\u00e4uscharm und ist ruhiger.<\/li>\n<li>Selbsttestfunktion, das Tor wird automatisch wiederhergestellt, wenn die Stromversorgung eingeschaltet ist.<\/li>\n<li>Kann direkt von einem Computer ferngesteuert und verwaltet werden.<\/li>\n<li>Einseitig oder bidirektional ist optional.<\/li>\n<li>Kommunikationsschnittstelle: RS485<\/li>\n<li>Zweispuriges Drehkreuz in voller H\u00f6he Mit LED-Anzeigeleuchte.<\/li>\n<li>Kann von einer Fernbedienung gesteuert und direkt von einem Computer verwaltet werden.<\/li>\n<li>Bei Stromausfall ist die Drehkreuzspur frei zug\u00e4nglich und entspricht den Brandschutzanforderungen.<\/li>\n<li>Die Gr\u00f6\u00dfe\/das Design des Tors kann basierend auf der Zeichnung des Kunden angepasst werden<\/li>\n<li>Die Gr\u00f6\u00dfe kann angepasst werden, um den Anforderungen an verschiedenen Orten gerecht zu werden.<\/li>\n<\/ul>\n<p>Wir k\u00f6nnen die gesamte L\u00f6sung f\u00fcr die Sicherheitskontrolle anbieten. Wenn Sie ein eigenes Zugangskontrollsystem haben, k\u00f6nnen Sie unser Drehkreuz direkt verwenden. Falls Sie noch keine haben, bieten wir auch eine komplette L\u00f6sung f\u00fcr die Zugangskontrolle an. Einzelheiten entnehmen Sie bitte dem unten stehenden Video.<\/p>\n<p><iframe title=\"YouTube-Videoplayer\" src=\"https:\/\/www.youtube.com\/embed\/XyxFKnS3Br0\" width=\"1150\" height=\"650\" frameborder=\"0\" allowfullscreen=\"allowfullscreen\"><span data-mce-type=\"bookmark\" style=\"display: inline-block; width: 0px; overflow: hidden; line-height: 0;\" class=\"mce_SELRES_start\"><\/span><\/iframe><\/p>\n","protected":false},"excerpt":{"rendered":"<p>1. Gr\u00f6\u00dfe: 2400 * 1500 * 2310 mm (kann angepasst werden)<\/p>\n<p>2. Spurbreite: 650 mm (kann angepasst werden)<\/p>\n<p>3. Durchgangsgeschwindigkeit: 30 Personen\/min<\/p>\n<p>4. Stromversorgung: 110 V\/220 V 50\/60 Hz<\/p>\n<p>5. Drehkreuze in voller H\u00f6he Solenoid: DC24V<\/p>\n<p>6. Tor\u00f6ffnungssignal: Potenzialfreier Kontakt\/Relais<\/p>\n<p>7. Logikspannung: DC24V<\/p>\n<p>8. Geh\u00e4usematerial: Edelstahl 304 oder Edelstahl 316<\/p>\n<p>9. Drehrichtung: Bidirektional<\/p>\n<p><strong><a title=\"Mairs CE-zertifiziertes Drehkreuz in voller H\u00f6he\" href=\"http:\/\/mairsturnstile.com\/wp-content\/uploads\/2022\/09\/Mairs-CE-Certificate-Full-Height-Turnstile.pdf\" target=\"_blank\" rel=\"noopener noreferrer\">CE-zertifiziert,<\/a> <a title=\"Mairs ISO9001-Zertifikat\" href=\"http:\/\/mairsturnstile.com\/wp-content\/uploads\/2022\/09\/Mairs-Registration-Certificate-ISO9001.pdf\" target=\"_blank\" rel=\"noopener noreferrer\">ISO9001-zertifiziert.<\/a><\/strong><\/p>\n<p><a title=\"Brosch\u00fcre \u00fcber zweispurige Drehkreuze in voller H\u00f6he\" href=\"http:\/\/mairsturnstile.com\/wp-content\/uploads\/2023\/12\/MT403-1-brochure.pdf\" target=\"_blank\" rel=\"noopener noreferrer\"><img decoding=\"async\" class=\"alignnone size-full wp-image-11034\" src=\"http:\/\/mairsturnstile.com\/wp-content\/uploads\/2022\/09\/pdf-MairsTurnstile.png\" alt=\"\" width=\"32\" height=\"32\"><span style=\"color: #0000ff;\"><strong>MT403-1 Brosch\u00fcre \u00fcber zweispurige Drehkreuze in voller H\u00f6he<\/strong><\/span><\/a><\/p>\n<p><a title=\"Installationshandbuch f\u00fcr Drehkreuze in voller H\u00f6he\" href=\"http:\/\/mairsturnstile.com\/wp-content\/uploads\/2023\/09\/Full-height-turnstile-installation-manual.pdf\" target=\"_blank\" rel=\"noopener noreferrer\"><img decoding=\"async\" class=\"alignnone size-full wp-image-11034\" src=\"http:\/\/mairsturnstile.com\/wp-content\/uploads\/2022\/09\/pdf-MairsTurnstile.png\" alt=\"\" width=\"32\" height=\"32\"><strong><span style=\"color: #0000ff;\"> Benutzer- und Installationshandbuch f\u00fcr Drehkreuze in voller H\u00f6he<\/span><\/strong><\/a><\/p>\n","protected":false},"featured_media":20949,"comment_status":"closed","ping_status":"closed","template":"","meta":{"neve_meta_sidebar":"","neve_meta_container":"","neve_meta_enable_content_width":"off","neve_meta_content_width":0,"neve_meta_title_alignment":"","neve_meta_author_avatar":"","neve_post_elements_order":"","neve_meta_disable_header":"","neve_meta_disable_footer":"","neve_meta_disable_title":"","_ti_tpc_template_sync":false,"_ti_tpc_template_id":""},"product_cat":[433,429],"product_tag":[527,528,1473,1207],"class_list":["post-9191","product","type-product","status-publish","has-post-thumbnail","hentry","product_cat-drehkreuze-in-voller-hohe","product_cat-sicherheits-drehkreuze","product_tag-doppeltes-drehkreuz-in-voller-hohe","product_tag-doppeltes-drehkreuz-in-voller-hohe-de","product_tag-industrielle-drehkreuze-in-voller-hohe","product_tag-zweispuriges-drehkreuz-in-voller-hohe"],"_links":{"self":[{"href":"https:\/\/mairsturnstile.com\/de\/wp-json\/wp\/v2\/product\/9191","targetHints":{"allow":["GET"]}}],"collection":[{"href":"https:\/\/mairsturnstile.com\/de\/wp-json\/wp\/v2\/product"}],"about":[{"href":"https:\/\/mairsturnstile.com\/de\/wp-json\/wp\/v2\/types\/product"}],"replies":[{"embeddable":true,"href":"https:\/\/mairsturnstile.com\/de\/wp-json\/wp\/v2\/comments?post=9191"}],"version-history":[{"count":0,"href":"https:\/\/mairsturnstile.com\/de\/wp-json\/wp\/v2\/product\/9191\/revisions"}],"wp:featuredmedia":[{"embeddable":true,"href":"https:\/\/mairsturnstile.com\/de\/wp-json\/wp\/v2\/media\/20949"}],"wp:attachment":[{"href":"https:\/\/mairsturnstile.com\/de\/wp-json\/wp\/v2\/media?parent=9191"}],"wp:term":[{"taxonomy":"product_cat","embeddable":true,"href":"https:\/\/mairsturnstile.com\/de\/wp-json\/wp\/v2\/product_cat?post=9191"},{"taxonomy":"product_tag","embeddable":true,"href":"https:\/\/mairsturnstile.com\/de\/wp-json\/wp\/v2\/product_tag?post=9191"}],"curies":[{"name":"wp","href":"https:\/\/api.w.org\/{rel}","templated":true}]}}