{"id":9193,"date":"2020-09-12T18:42:47","date_gmt":"2020-09-12T10:42:47","guid":{"rendered":"https:\/\/mairsturnstile.com\/product\/pulverbeschichtetes-drehkreuzgitter-in-voller-hoehe-mt402-2-b"},"modified":"2026-05-01T10:43:26","modified_gmt":"2026-05-01T02:43:26","slug":"drehkreuztor-in-voller-hohe-mt402-2-b","status":"publish","type":"product","link":"https:\/\/mairsturnstile.com\/de\/produkt\/drehkreuztor-in-voller-hohe-mt402-2-b","title":{"rendered":"NEUE DREHKREUZ-SCHLEUSENT\u00dcR IN VOLLER H\u00d6HE"},"content":{"rendered":"        <!-- 3D Model html -->\r\n        <div class=\"bp_grand wrapper_51811\">   \r\n        <div class=\"bp_model_parent\">\r\n            <model-viewer class=\"model\" id=\"bp_model_id_51811\" src=\"http:\/\/mairsturnstile.com\/wp-content\/uploads\/2024\/09\/MT-LX400-2.glb\" alt=\"MT-LX400-2\" camera-controls  loading=\"auto\" auto-rotate                        >\r\n            <\/model-viewer>\r\n        \r\n            <!-- Button -->\r\n            <svg id=\"openBtn\" width=\"30px\" height=\"30px\" viewBox=\"0 0 16 16\" xmlns=\"http:\/\/www.w3.org\/2000\/svg\" fill=\"#f2f2f2\" class=\"bi bi-arrows-fullscreen model-icon\">\r\n                <path fill-rule=\"evenodd\" d=\"M5.828 10.172a.5.5 0 0 0-.707 0l-4.096 4.096V11.5a.5.5 0 0 0-1 0v3.975a.5.5 0 0 0 .5.5H4.5a.5.5 0 0 0 0-1H1.732l4.096-4.096a.5.5 0 0 0 0-.707zm4.344 0a.5.5 0 0 1 .707 0l4.096 4.096V11.5a.5.5 0 1 1 1 0v3.975a.5.5 0 0 1-.5.5H11.5a.5.5 0 0 1 0-1h2.768l-4.096-4.096a.5.5 0 0 1 0-.707zm0-4.344a.5.5 0 0 0 .707 0l4.096-4.096V4.5a.5.5 0 1 0 1 0V.525a.5.5 0 0 0-.5-.5H11.5a.5.5 0 0 0 0 1h2.768l-4.096 4.096a.5.5 0 0 0 0 .707zm-4.344 0a.5.5 0 0 1-.707 0L1.025 1.732V4.5a.5.5 0 0 1-1 0V.525a.5.5 0 0 1 .5-.5H4.5a.5.5 0 0 1 0 1H1.732l4.096 4.096a.5.5 0 0 1 0 .707z\"\/>\r\n            <\/svg>\r\n        \r\n            <svg id=\"closeBtn\" class=\"model-icon\" width=\"34px\" height=\"34px\" viewBox=\"0 0 24 24\" xmlns=\"http:\/\/www.w3.org\/2000\/svg\">\r\n                <path fill=\"none\" stroke=\"#f2f2f2\" stroke-width=\"2\" d=\"M7,7 L17,17 M7,17 L17,7\"\/>\r\n            <\/svg>\r\n        \r\n        <\/div>\r\n        <\/div> \r\n\r\n        <!-- Model Viewer Style -->\r\n        <style>\r\n            \r\n            .wrapper_51811 .bp_model_parent, #bp_model_id_51811 {\r\n                width: 1150px;\r\n                max-width: 100%;\r\n                                            }\r\n            #bp_model_id_51811 {\r\n                height:700px;\r\n                background-color: #f9f9f9;\r\n            }\r\n            .fullscreen #bp_model_id_51811{\r\n            height: 100%;\r\n            width: 100%;\r\n            }\r\n            .wrapper_51811 .bp_model_parent{\r\n                justify-content: start            }\r\n            model-viewer.model {\r\n                --poster-color: transparent;\r\n            }\r\n        <\/style>\r\n        \r\n        \n<h2>Das Drehkreuztor in voller H\u00f6he hat eine Garantie von 2 Jahren und dauerhafte Wartungs- und Reparaturunterst\u00fctzung.<\/h2>\n<p>Biometric-Ready Full Height Turnstile Gate, Hidden Cable Management Design, Our full height turnstile gate integrates face\/fingerprint readers seamlessly. Patented internal cable channel preserves the clean, aesthetic look. Factory direct price. Anti-Climb Full Height Turnstile Gate, 2.1m Height with Distinctive Grille Pattern, Deter climbing effectively. Our full height turnstile gate features tamper-proof screws and a unique wave pattern. Custom RAL powder coating available.     <\/p>\n<p>Wir k\u00f6nnen OEM- und ODM-Services anbieten, einschlie\u00dflich Anpassung von Farbe, Stil, Material, Gr\u00f6\u00dfe usw. F\u00fcr eine spezielle Farbe muss der Kunde uns beispielsweise nur eine Pantone-Nummer mitteilen, und wir passen die Farbe entsprechend <a href=\"https:\/\/en.wikipedia.org\/wiki\/Pantone\" target=\"_blank\" rel=\"noopener\">Pantone<\/a> an nummerieren und Pulver in der gleichen Farbe spr\u00fchen. Wenn der Kunde ODM-Anforderungen hat, k\u00f6nnen wir auch ohne externen Verkauf einen Stil f\u00fcr diesen Kunden gem\u00e4\u00df dem Aussehen und den Gr\u00f6\u00dfenpr\u00e4ferenzen des Kunden entwerfen. Dieses spezielle Drehkreuz wird der einzige einzigartige Stil Ihres Unternehmens auf dem Markt sein. Vollst\u00e4ndig anpassbares, mannhohes Drehkreuz \u2013 inklusive OEM\/ODM-Designservices. W\u00e4hlen Sie zwischen Edelstahl 304\/316, pulverbeschichteten RAL-Farben sowie einem 90\u00b0- oder 120\u00b0-Rotor. Einzigartige Optik, ma\u00dfgeschneidert f\u00fcr Ihre Marke.  <\/p>\n<p>Wir haben auch eine neue Serie von Drehkreuzen in voller H\u00f6he mit stilvollem Aussehen und robuster Struktur auf den Markt gebracht. Bitte \u00fcberpr\u00fcfen Sie: <a href=\"https:\/\/mairsturnstile.com\/full-height-series-turnstile\" target=\"_blank\" rel=\"noopener\">Drehkreuzserie in voller H\u00f6he<\/a> <\/p>\n<p>Mairs verspricht, nur hochwertige Accessoires und Materialien zu verwenden, und jedes unserer Accessoires wird streng gepr\u00fcft und qualit\u00e4tskontrolliert. Nur so k\u00f6nnen wir ein Drehkreuz herstellen, das den Kunden wirklich zufrieden stellt. Jedes unserer Drehkreuze in voller H\u00f6he besteht aus Edelstahl 304 mit einer Gesamtst\u00e4rke von 1,0. Wenn Sie nat\u00fcrlich auch Edelstahl 316 oder Edelstahl mit einer Dicke von 1,2 anpassen k\u00f6nnen, wurde der Mechanismus unseres Drehkreuzes in voller H\u00f6he von uns unz\u00e4hlige Male getestet und verifiziert, was auch die grundlegendste Voraussetzung f\u00fcr uns ist, um Qualit\u00e4t zu gew\u00e4hrleisten.<\/p>\n<p>Jeder Teil unserer Drehkreuze in voller H\u00f6he entspricht den h\u00f6chsten Standards der Branche, und alle Teile und Materialien unserer Produkte k\u00f6nnen f\u00fcr Kunden separat angezeigt und getestet werden. Dies ist f\u00fcr uns auch eine Pr\u00e4misse, um Qualit\u00e4t und Service zu gew\u00e4hrleisten. Platzsparendes Drehkreuz in voller H\u00f6he \u2013 kompaktes, modulares Design f\u00fcr beengte Bereiche. Im Gegensatz zu sperrigen herk\u00f6mmlichen Anlagen besticht unser Drehkreuz durch eine einzigartig schlanke Bauweise und einen minimalen Platzbedarf. Kostenlose Vor-Ort-Analyse. Warum unser Drehkreuz die Konkurrenz \u00fcberdauert: Nahtlose Schwei\u00dfverbindungen und 316er-Edelstahl \u2013 keine Rostbildung, keine Schwachstellen. F\u00fcr unser Drehkreuz setzen wir auf ein propriet\u00e4res Laserschwei\u00dfverfahren sowie eine einzigartige Korrosionsschutzbehandlung.   <\/p>\n<p>Alle unsere Produkte haben eine 2-j\u00e4hrige Garantie und dauerhafte Wartungs- und Reparaturunterst\u00fctzung. Wir bieten auch biometrische Ger\u00e4te wie IC\/ID-Kartenleser, Fingerabdruckscanner, QR-Code-Scanner, Gesichtserkennungskameras und so weiter. Industrielles, mannshohes Drehkreuz \u2013 konzipiert f\u00fcr Bergbau- und Schwerindustriestandorte. Wetterfest nach IP56, Betriebstemperaturbereich von -30 \u00b0C bis +60 \u00b0C, korrosionsbest\u00e4ndige Oberfl\u00e4che. Zuverl\u00e4ssige Zutrittskontrolle f\u00fcr raue Umgebungen.  <\/p>\n<p>Drehkreuztor in voller H\u00f6he, RFID-Kartenleser, Sicherheitsdrehkreuz f\u00fcr das Fitnessstudio. Entdecken Sie unser architektonisches Drehkreuz in voller H\u00f6he \u2013 ein Meisterwerk einzigartigen \u00e4sthetischen Designs. Veredeln Sie den Eingang Ihrer Anlage mit einer beeindruckenden visuellen Wirkung und maximieren Sie gleichzeitig die Sicherheit. Dieses elegante, mannshohe Drehkreuz wurde speziell f\u00fcr exklusive Wohnanlagen konzipiert. Es vereint eine luxuri\u00f6se \u00c4sthetik mit zuverl\u00e4ssigem \u00dcbersteigschutz. Ma\u00dfgefertigte Designs f\u00fcgen sich nahtlos in Ihren architektonischen Stil ein.    <\/p>\n<p>Das Drehkreuztor in voller H\u00f6he ist ein kostenintensives Drehkreuztor f\u00fcr Fu\u00dfg\u00e4nger mit der derzeit besten Sicherheitsleistung. Es hat eine hohe Sicherheit und eine spezielle Struktur. Es wird im Allgemeinen an Orten mit hohem Sicherheitsniveau wie Gef\u00e4ngnissen und Bahnh\u00f6fen usw. verwendet. Ein Drehkreuztor in voller H\u00f6he kann in ein einspuriges Drehkreuz in voller H\u00f6he und ein zweispuriges Drehkreuz in voller H\u00f6he (auch Doppeldrehkreuz in voller H\u00f6he genannt) unterteilt werden. Drei Kan\u00e4le oder mehr sind ebenfalls m\u00f6glich, m\u00fcssen jedoch an die Anforderungen der Site angepasst werden.<\/p>\n<p>Diese 304-Edelstahl-<a href=\"https:\/\/mairsturnstile.com\/full-height-turnstiles.html\" target=\"_blank\" rel=\"noopener\">Drehkreuze in voller<\/a> H\u00f6he bieten eine stabile und effiziente M\u00f6glichkeit, um sicherzustellen, dass nur autorisierte Personen Zugang zu den einzelnen Bereichen eines Geb\u00e4udes haben. Hersteller von Drehkreuzen in voller H\u00f6he &#8211; Mairs bietet das beste Drehkreuz in voller H\u00f6he zum g\u00fcnstigsten Preis.<\/p>\n\n        \t\n\t<style type=\"text\/css\">\n\t\t.slider-info-52019.bafg-slider-info .bafg-slider-title {\n\t\t\t\t\t\tfont-size: 22px;\n\t\t\t\t\t\t\n\t\t\t\n\t\t\t\t\t}\n\n\t\t.slider-info-52019.bafg-slider-info .bafg-slider-description {\n\t\t\t\n\t\t\t\n\t\t\t\t\t}\n\n\t\t.slider-info-52019.bafg-slider-info .bafg_slider_readmore_button {\n\t\t\t\n\t\t\t\n\t\t\t\n\t\t\t\n\t\t\t\n\t\t\ttext-align: center;\n\n\t\t\t\n\t\t\t\n\t\t\t\n\t\t\t\n\t\t\t\n\t\t\t\n\t\t\t\t\t}\n\n\t\t.slider-info-52019.bafg-slider-info .bafg_slider_readmore_button:hover {\n\n\t\t\t\n\t\t\t\n\t\t\t\t\t}\n\n\t<\/style>\n\t\n        <div class=\"bafg-twentytwenty-container slider-52019 \" bafg-orientation=\"horizontal\" bafg-default-offset=\"0.5\" bafg-before-label=\"Before\" bafg-after-label=\"After\" bafg-overlay=\"yes\" bafg-move-slider-on-hover=\"yes\" bafg-click-to-move=\"no\">\n              \n            <img decoding=\"async\" class=\"skip-lazy\" src=\"http:\/\/mairsturnstile.com\/wp-content\/uploads\/2024\/09\/lx-series-full-height-double-turnstile-MT-LX402-6.jpg\" alt=\"\" data-skip-lazy title=\"\">\n            <img decoding=\"async\" class=\"skip-lazy\" src=\"http:\/\/mairsturnstile.com\/wp-content\/uploads\/2024\/09\/lx-series-full-height-double-turnstile-MT-LX402-5.jpg\" alt=\"\" data-skip-lazy title=\"\">\n           \n        <\/div>\n\n        \t<div class=\"bafg-slider-info-wraper\">\n\t\t<div style=\"\" class=\"slider-info-52019 bafg-slider-info\">\n\t\t\t\t\t<\/div>\n\t<\/div>\n\t\n        <style type=\"text\/css\">\n            \n        <\/style>\n        \n<p>Wir k\u00f6nnen auch innerhalb weniger Minuten ein Rendering f\u00fcr Sie erstellen, das auf Ihrem aktuellen Szenario basiert. Wir liefern auch detaillierte Layouts und Zeichnungen sowie Installationszeichnungen.<\/p>\n<p>Das Drehkreuztor in voller H\u00f6he kann die Schlupfl\u00f6cher in der Fu\u00dfg\u00e4ngerzugangskontrolle des Stativ-Drehkreuztors effektiv l\u00f6sen und verhindern, dass Personen unter der Stange bohren. Da die Schaltstange von Drehkreuzen in voller H\u00f6he relativ hoch ist, sind die Anti-Kletter- und Anti-Bohr-Effekte relativ gut.<\/p>\n<p>Aufgrund ihrer einzigartigen Vorteile werden Drehkreuze in voller H\u00f6he h\u00e4ufig in strengeren Kontrollbereichen eingesetzt. Drehkreuze in voller H\u00f6he werden haupts\u00e4chlich in Fabriken, Baustellen, Gef\u00e4ngnissen, Unternehmen, Institutionen, Bahnh\u00f6fen, Bushaltestellen, Flugh\u00e4fen und anderen Orten eingesetzt. Seine Anti-Tailing-Funktion ist besonders stark. Gleichzeitig ist sie sehr hoch. Die Leute k\u00f6nnen es nicht \u00fcberqueren. Das Drehkreuztor in voller H\u00f6he bietet gro\u00dfe Sicherheit. Die Gemeinde kann auch Drehkreuze in voller H\u00f6he verwenden, die relativ stabil sind.<\/p>\n<p>Dieses <strong>Drehkreuztor in voller H\u00f6he<\/strong> ist die Doppelspur, die entworfen wurde, um das Ein- und Aussteigen von Fu\u00dfg\u00e4ngern zu kontrollieren, und nimmt Eisen mit einer Oberfl\u00e4chenbehandlung mit schwarzer <a href=\"https:\/\/en.wikipedia.org\/wiki\/Powder_coating\" target=\"_blank\" rel=\"noopener\">Pulverbeschichtung<\/a> an. Es ist ein staubdichtes, rostfreies, regenfestes Design, das f\u00fcr den Innen- und Au\u00dfenbereich geeignet ist. Es ist einfach mit anderen Lese-\/Schreibger\u00e4ten zu integrieren und wird h\u00e4ufig f\u00fcr Anwendungen wie Veranstaltungsstadien, Wohnungen, Fitnessstudios, Museen, Bahnh\u00f6fe, Gemeinden und Fabriken usw. verwendet. Unter Verwendung der elektrischen Standardschnittstelle, kompatibel mit ID\/IC-Karte, Fingerabdruck, Gesichtserkennung, Infrarotdetektor, Temperaturregler, Barcode\/QR-Code, Telefon-App, ESD-System, Besuchersystem usw<\/p>\n<ul>\n<li><strong>Drehkreuztore in voller<\/strong> H\u00f6he werden h\u00e4ufig f\u00fcr hochsichere Zugangskontrolll\u00f6sungen verwendet.<\/li>\n<li>Das K\u00f6rpermaterial ist Edelstahl 304, der rostfrei und langlebig ist und eine hohe Widerstandsf\u00e4higkeit aufweist.<\/li>\n<li>Das Drehkreuztor in voller H\u00f6he ist sowohl f\u00fcr den Innen- als auch f\u00fcr den Au\u00dfenbereich geeignet.<\/li>\n<li>Stoppen Sie mit der Anti-Reverse-Funktion die umgekehrte Richtung.<\/li>\n<li>Um die Anforderungen der Notfallkontrolle zu erf\u00fcllen, \u00f6ffnet sich das Drehkreuztor automatisch, wenn der Strom ausgeschaltet ist.<\/li>\n<li>Das gesamte System l\u00e4uft reibungslos, mit langlebiger Leistung, hoher Betriebszuverl\u00e4ssigkeit und schneller Reaktion.<\/li>\n<li>Der Mechanismus ist mit einem hochwertigen hydraulischen D\u00e4mpfer ausgestattet. Mit diesem Ger\u00e4t l\u00e4uft es sehr ger\u00e4uscharm und ist ruhiger.<\/li>\n<li>Selbsttestfunktion, das Tor wird automatisch wiederhergestellt, wenn die Stromversorgung eingeschaltet ist.<\/li>\n<li>Drehrichtung: Bidirektional\/Einzelrichtung<\/li>\n<li>Kann eine Richtung oder eine Richtung sein.<\/li>\n<li>Einseitig oder bidirektional ist optional.<\/li>\n<li>Mit LED-Kontrollleuchte.<\/li>\n<li>Kommunikationsschnittstelle: RS485<\/li>\n<li>Kann von einer Fernbedienung gesteuert und direkt vom Computer verwaltet werden.<\/li>\n<li>Bei Stromausfall ist die Drehkreuzspur frei zug\u00e4nglich und entspricht den Brandschutzanforderungen.<\/li>\n<li>Die Gr\u00f6\u00dfe\/das Design des Tors kann basierend auf der Zeichnung des Kunden angepasst werden.<\/li>\n<li>Die Gr\u00f6\u00dfe kann angepasst werden, um den Anforderungen an verschiedenen Orten gerecht zu werden.<\/li>\n<\/ul>\n<p><iframe title=\"Neues Design: Drehkreuz der \u201eMeteor\u201c-Serie in voller H\u00f6he \u2013 robuster, h\u00f6her und sicherer.\" src=\"https:\/\/www.youtube.com\/embed\/AyBSFStUdhA\" width=\"1100\" height=\"650\" frameborder=\"0\" allowfullscreen=\"allowfullscreen\"><\/iframe><\/p>\n","protected":false},"excerpt":{"rendered":"<p>1. Gr\u00f6\u00dfe: 2400*1500*2350 mm (kann angepasst werden)<\/p>\n<p>2. Spurbreite: 650 mm (kann angepasst werden)<\/p>\n<p>3. Material: Edelstahl 304 oder Edelstahl 316<\/p>\n<p>4. Durchgangsgeschwindigkeit: 30 Personen\/min<\/p>\n<p>5. Stromversorgung: 110 V\/220 V 50\/60 Hz<\/p>\n<p>6. Drehkreuztor in voller H\u00f6he Solenoid: DC24V<\/p>\n<p>7. Gate-Offen-Signal: Potenzialfreier Kontakt\/Relais<\/p>\n<p>8. Logikspannung: DC24V<\/p>\n<p>9. Material: Eisen mit schwarzer Pulverbeschichtung<\/p>\n<p><span style=\"color: #000000;\"><strong><a style=\"color: #000000;\" title=\"Mairs CE-zertifiziertes Drehkreuz in voller H\u00f6he\" href=\"http:\/\/mairsturnstile.com\/wp-content\/uploads\/2022\/09\/Mairs-CE-Certificate-Full-Height-Turnstile.pdf\" target=\"_blank\" rel=\"noopener noreferrer\">CE-zertifiziert,<\/a> <a style=\"color: #000000;\" title=\"Mairs ISO9001-Zertifikat\" href=\"http:\/\/mairsturnstile.com\/wp-content\/uploads\/2022\/09\/Mairs-Registration-Certificate-ISO9001.pdf\" target=\"_blank\" rel=\"noopener noreferrer\">ISO9001-zertifiziert.<\/a><\/strong><\/span><\/p>\n<p><a title=\"Installationshandbuch f\u00fcr Drehkreuze in voller H\u00f6he\" href=\"http:\/\/mairsturnstile.com\/wp-content\/uploads\/2023\/09\/Full-height-turnstile-installation-manual.pdf\" target=\"_blank\" rel=\"noopener noreferrer\"><strong><span style=\"color: #fcaf3b;\">Download Full Height Turnstile User &amp; Installation Manual<\/span><\/strong><\/a><\/p>\n<p><a title=\"LX Series Full Height Turnstile Brochure\" href=\"https:\/\/mairsturnstile-online.com\/flipbook\/lx-series-full-height-turnstile\" target=\"_blank\" rel=\"noopener noreferrer\"><span style=\"color: #fcaf3b;\"><strong>Download LX Series Full Height Turnstile<\/strong><\/span><\/a><\/p>\n","protected":false},"featured_media":57365,"comment_status":"closed","ping_status":"closed","template":"","meta":{"neve_meta_sidebar":"","neve_meta_container":"","neve_meta_enable_content_width":"off","neve_meta_content_width":0,"neve_meta_title_alignment":"","neve_meta_author_avatar":"","neve_post_elements_order":"","neve_meta_disable_header":"","neve_meta_disable_footer":"","neve_meta_disable_title":"","_ti_tpc_template_sync":false,"_ti_tpc_template_id":""},"product_cat":[433,429],"product_tag":[1477,1479,1476,534,532,533,1478],"class_list":["post-9193","product","type-product","status-publish","has-post-thumbnail","hentry","product_cat-drehkreuze-in-voller-hohe","product_cat-sicherheits-drehkreuze","product_tag-drehkreuz-in-voller-hohe-zu-verkaufen","product_tag-drehkreuz-kosten","product_tag-drehkreuz-tor","product_tag-drehkreuzpreis-in-voller-hohe","product_tag-drehkreuztor-in-voller-hohe","product_tag-hersteller-von-drehkreuzen-in-voller-hohe","product_tag-was-kostet-ein-drehkreuz"],"_links":{"self":[{"href":"https:\/\/mairsturnstile.com\/de\/wp-json\/wp\/v2\/product\/9193","targetHints":{"allow":["GET"]}}],"collection":[{"href":"https:\/\/mairsturnstile.com\/de\/wp-json\/wp\/v2\/product"}],"about":[{"href":"https:\/\/mairsturnstile.com\/de\/wp-json\/wp\/v2\/types\/product"}],"replies":[{"embeddable":true,"href":"https:\/\/mairsturnstile.com\/de\/wp-json\/wp\/v2\/comments?post=9193"}],"version-history":[{"count":1,"href":"https:\/\/mairsturnstile.com\/de\/wp-json\/wp\/v2\/product\/9193\/revisions"}],"predecessor-version":[{"id":72546,"href":"https:\/\/mairsturnstile.com\/de\/wp-json\/wp\/v2\/product\/9193\/revisions\/72546"}],"wp:featuredmedia":[{"embeddable":true,"href":"https:\/\/mairsturnstile.com\/de\/wp-json\/wp\/v2\/media\/57365"}],"wp:attachment":[{"href":"https:\/\/mairsturnstile.com\/de\/wp-json\/wp\/v2\/media?parent=9193"}],"wp:term":[{"taxonomy":"product_cat","embeddable":true,"href":"https:\/\/mairsturnstile.com\/de\/wp-json\/wp\/v2\/product_cat?post=9193"},{"taxonomy":"product_tag","embeddable":true,"href":"https:\/\/mairsturnstile.com\/de\/wp-json\/wp\/v2\/product_tag?post=9193"}],"curies":[{"name":"wp","href":"https:\/\/api.w.org\/{rel}","templated":true}]}}