{"id":9194,"date":"2020-09-12T18:39:07","date_gmt":"2020-09-12T10:39:07","guid":{"rendered":"https:\/\/mairsturnstile.com\/product\/doppeltes-drehkreuz-mit-voller-hoehe-mt402-2"},"modified":"2024-10-29T18:20:25","modified_gmt":"2024-10-29T10:20:25","slug":"drehkreuz-in-voller-hohe-singapur","status":"publish","type":"product","link":"https:\/\/mairsturnstile.com\/de\/produkt\/drehkreuz-in-voller-hohe-singapur","title":{"rendered":"DOPPELDREHKREUZ IN VOLLER H\u00d6HE"},"content":{"rendered":"        <!-- 3D Model html -->\r\n        <div class=\"bp_grand wrapper_19979\">   \r\n        <div class=\"bp_model_parent\">\r\n            <model-viewer class=\"model\" id=\"bp_model_id_19979\" src=\"http:\/\/mairsturnstile.com\/wp-content\/uploads\/2023\/07\/MT402-2.glb\" alt=\"MT402-2\" camera-controls  loading=\"auto\" auto-rotate                        >\r\n            <\/model-viewer>\r\n        \r\n            <!-- Button -->\r\n            <svg id=\"openBtn\" width=\"30px\" height=\"30px\" viewBox=\"0 0 16 16\" xmlns=\"http:\/\/www.w3.org\/2000\/svg\" fill=\"#f2f2f2\" class=\"bi bi-arrows-fullscreen model-icon\">\r\n                <path fill-rule=\"evenodd\" d=\"M5.828 10.172a.5.5 0 0 0-.707 0l-4.096 4.096V11.5a.5.5 0 0 0-1 0v3.975a.5.5 0 0 0 .5.5H4.5a.5.5 0 0 0 0-1H1.732l4.096-4.096a.5.5 0 0 0 0-.707zm4.344 0a.5.5 0 0 1 .707 0l4.096 4.096V11.5a.5.5 0 1 1 1 0v3.975a.5.5 0 0 1-.5.5H11.5a.5.5 0 0 1 0-1h2.768l-4.096-4.096a.5.5 0 0 1 0-.707zm0-4.344a.5.5 0 0 0 .707 0l4.096-4.096V4.5a.5.5 0 1 0 1 0V.525a.5.5 0 0 0-.5-.5H11.5a.5.5 0 0 0 0 1h2.768l-4.096 4.096a.5.5 0 0 0 0 .707zm-4.344 0a.5.5 0 0 1-.707 0L1.025 1.732V4.5a.5.5 0 0 1-1 0V.525a.5.5 0 0 1 .5-.5H4.5a.5.5 0 0 1 0 1H1.732l4.096 4.096a.5.5 0 0 1 0 .707z\"\/>\r\n            <\/svg>\r\n        \r\n            <svg id=\"closeBtn\" class=\"model-icon\" width=\"34px\" height=\"34px\" viewBox=\"0 0 24 24\" xmlns=\"http:\/\/www.w3.org\/2000\/svg\">\r\n                <path fill=\"none\" stroke=\"#f2f2f2\" stroke-width=\"2\" d=\"M7,7 L17,17 M7,17 L17,7\"\/>\r\n            <\/svg>\r\n        \r\n        <\/div>\r\n        <\/div> \r\n\r\n        <!-- Model Viewer Style -->\r\n        <style>\r\n            \r\n            .wrapper_19979 .bp_model_parent, #bp_model_id_19979 {\r\n                width: 1150px;\r\n                max-width: 100%;\r\n                                            }\r\n            #bp_model_id_19979 {\r\n                height:700px;\r\n                background-color: #f2f2f2;\r\n            }\r\n            .fullscreen #bp_model_id_19979{\r\n            height: 100%;\r\n            width: 100%;\r\n            }\r\n            .wrapper_19979 .bp_model_parent{\r\n                justify-content: start            }\r\n            model-viewer.model {\r\n                --poster-color: transparent;\r\n            }\r\n        <\/style>\r\n        \r\n        \n<h2>Das Drehkreuz Singapur mit voller H\u00f6he bietet 2 Jahre Garantie und dauerhafte Wartungs- und Reparaturunterst\u00fctzung.<\/h2>\n<p>Wir k\u00f6nnen OEM- und ODM-Dienstleistungen erbringen. Wir haben erfahrene Designer, die eine tiefgreifende Anpassung an Ihre Bed\u00fcrfnisse vornehmen k\u00f6nnen. Wir werden so bald wie m\u00f6glich eine Reihe von Materialien wie 3D-Renderings, Ma\u00dfzeichnungen usw. zur Verf\u00fcgung stellen. Wir haben auch eine neue Serie von Drehkreuzen in voller H\u00f6he mit stilvollem Aussehen und robuster Struktur auf den Markt gebracht. Bitte \u00fcberpr\u00fcfen Sie: <a href=\"https:\/\/mairsturnstile.com\/full-height-series-turnstile\" target=\"_blank\" rel=\"noopener\">Drehkreuzserie in voller H\u00f6he<\/a> <\/p>\n<p>Wir bieten auch biometrische Ger\u00e4te wie IC\/ID-Kartenleser, Fingerabdruckscanner, QR-Code-Scanner, Gesichtserkennungskameras und so weiter. Wir exportieren Drehkreuztore in voller H\u00f6he zu einem erschwinglichen Preis nach Singapur. Wenn Sie diese Ger\u00e4te am Drehkreuztor integrieren m\u00fcssen oder Fragen haben, wenden Sie sich bitte an uns.<\/p>\n<p>Das Drehkreuz Singapur in voller H\u00f6he eignet sich f\u00fcr eine robuste <a href=\"https:\/\/en.wikipedia.org\/wiki\/Access_control\" target=\"_blank\" rel=\"noopener\">Zugangskontrolle<\/a> und eignet sich gut f\u00fcr den Au\u00dfen- und Innenbereich in Fu\u00dfballstadien, Sportanlagen und Hochrisikogebieten. Diese Produktlinie von Drehkreuztoren in voller H\u00f6he bietet Anwendungen f\u00fcr die Zugangskontrolle im Innen- und Au\u00dfenbereich. Mairs exportiert <a href=\"https:\/\/mairsturnstile.com\/full-height-turnstiles.html\" target=\"_blank\" rel=\"noopener\">Drehkreuze in voller<\/a> H\u00f6he zu einem erschwinglichen Preis nach Singapur.<\/p>\n<p>Unser Drehkreuztorsortiment verf\u00fcgt \u00fcber eine hochwertige Korrosionsschutzoberfl\u00e4che und garantiert einen zuverl\u00e4ssigen Betrieb unter extremen Au\u00dfenbedingungen.<\/p>\n\n        \t\n\t<style type=\"text\/css\">\n\t\t.slider-info-20004.bafg-slider-info .bafg-slider-title {\n\t\t\t\t\t\tfont-size: 22px;\n\t\t\t\t\t\t\n\t\t\t\n\t\t\t\t\t}\n\n\t\t.slider-info-20004.bafg-slider-info .bafg-slider-description {\n\t\t\t\n\t\t\t\n\t\t\t\t\t}\n\n\t\t.slider-info-20004.bafg-slider-info .bafg_slider_readmore_button {\n\t\t\t\n\t\t\t\n\t\t\t\n\t\t\t\n\t\t\t\n\t\t\ttext-align: center;\n\n\t\t\t\n\t\t\t\n\t\t\t\n\t\t\t\n\t\t\t\n\t\t\t\n\t\t\t\t\t}\n\n\t\t.slider-info-20004.bafg-slider-info .bafg_slider_readmore_button:hover {\n\n\t\t\t\n\t\t\t\n\t\t\t\t\t}\n\n\t<\/style>\n\t\n        <div class=\"bafg-twentytwenty-container slider-20004 \" bafg-orientation=\"horizontal\" bafg-default-offset=\"0.5\" bafg-before-label=\"Before\" bafg-after-label=\"After\" bafg-overlay=\"yes\" bafg-move-slider-on-hover=\"yes\" bafg-click-to-move=\"no\">\n              \n            <img decoding=\"async\" class=\"skip-lazy\" src=\"http:\/\/mairsturnstile.com\/wp-content\/uploads\/2024\/10\/full-height-turnstile-singapore-1.jpg\" alt=\"full height turnstile singapore\" data-skip-lazy title=\"\">\n            <img decoding=\"async\" class=\"skip-lazy\" src=\"http:\/\/mairsturnstile.com\/wp-content\/uploads\/2024\/10\/full-height-turnstile-singapore.jpg\" alt=\"full height turnstile singapore\" data-skip-lazy title=\"\">\n           \n        <\/div>\n\n        \t<div class=\"bafg-slider-info-wraper\">\n\t\t<div style=\"\" class=\"slider-info-20004 bafg-slider-info\">\n\t\t\t\t\t<\/div>\n\t<\/div>\n\t\n        <style type=\"text\/css\">\n            \n        <\/style>\n        \n<p>Wir k\u00f6nnen auch innerhalb weniger Minuten ein Rendering f\u00fcr Sie erstellen, das auf Ihrem aktuellen Szenario basiert. Wir liefern auch detaillierte Layouts und Zeichnungen sowie Installationszeichnungen.<\/p>\n<ul>\n<li>Das Drehkreuz Singapur in voller H\u00f6he wird h\u00e4ufig f\u00fcr hochsichere Zutrittskontrolll\u00f6sungen verwendet.<\/li>\n<li>Das Geh\u00e4use besteht aus hochwertigem Edelstahl 304, der robust, steif und rostfrei sowie langlebig ist.<\/li>\n<li>Das Drehkreuz Singapur in voller H\u00f6he kann im Innen- und Au\u00dfenbereich eingesetzt werden.<\/li>\n<li>Das Drehkreuztor in voller H\u00f6he ist die h\u00f6chste Sicherheitsl\u00f6sung im Vergleich zu anderen Drehkreuztoren<\/li>\n<li>Um die Anforderungen der Notfallkontrolle zu erf\u00fcllen, \u00f6ffnet sich das Drehkreuztor automatisch, wenn der Strom ausgeschaltet ist.<\/li>\n<li>Das gesamte System l\u00e4uft reibungslos, mit langlebiger Leistung, hoher Betriebszuverl\u00e4ssigkeit und schneller Reaktion.<\/li>\n<li>Der Mechanismus ist mit einem hochwertigen hydraulischen D\u00e4mpfer ausgestattet. Mit diesem Ger\u00e4t l\u00e4uft es sehr ger\u00e4uscharm und ist ruhiger.<\/li>\n<li>Selbsttestfunktion, das Tor wird automatisch wiederhergestellt, wenn die Stromversorgung eingeschaltet ist.<\/li>\n<li>Es verf\u00fcgt \u00fcber einen Standard-Relaisausgang, der problemlos in alle Arten von Zutrittskontrollsystemen von Drittanbietern (z. B. RFID, Fingerabdruck, Gesichtserkennung, Barcode, IR-Thermometer) integriert werden kann.<\/li>\n<li>Bestes Drehkreuz in voller H\u00f6he in Singapur zum Verkauf.<\/li>\n<li>Das vern\u00fcnftige Design und die hohe Konfiguration sollen sicherstellen, dass sich die Tore schnell und genau, stabil und leise bewegen k\u00f6nnen. mit geringem Stromverbrauch, Energieeinsparung und Umweltschutz.<\/li>\n<li>Doppellagervorrichtungen, die das Tor bei \u00e4u\u00dferer Kraft im Gleichgewicht halten.<\/li>\n<li>Das Design des Drehkreuzes in voller H\u00f6he l\u00e4sst nur eine Person gleichzeitig passieren.<\/li>\n<li>Zuverl\u00e4ssigkeit des Mechanismus: 5 Millionen, kein Fehler<\/li>\n<li>Das Drehkreuz in voller H\u00f6he eignet sich f\u00fcr Hochsicherheitsbereiche (z. B. Botschaft, Stadion, Bank, Gef\u00e4ngnis, \u00d6lfeld, Baustelle, Bahnhof)<\/li>\n<li>Kann von einer Fernbedienung gesteuert und direkt vom Computer verwaltet werden.<\/li>\n<li>Das Drehkreuz in voller H\u00f6he kann je nach Kundenwunsch in eine Richtung und in beide Richtungen arbeiten.<\/li>\n<li>Die Gr\u00f6\u00dfe\/das Design des Tors kann basierend auf der Zeichnung des Kunden angepasst werden.<\/li>\n<li>Die Gr\u00f6\u00dfe kann angepasst werden, um den Anforderungen an verschiedenen Orten gerecht zu werden.<\/li>\n<\/ul>\n<p><iframe title=\"YouTube-Videoplayer\" src=\"https:\/\/www.youtube.com\/embed\/XyxFKnS3Br0\" width=\"1150\" height=\"650\" frameborder=\"0\" allowfullscreen=\"allowfullscreen\"><span data-mce-type=\"bookmark\" style=\"display: inline-block; width: 0px; overflow: hidden; line-height: 0;\" class=\"mce_SELRES_start\"><\/span><\/iframe><\/p>\n","protected":false},"excerpt":{"rendered":"<p>1. Gr\u00f6\u00dfe: 2400 * 1500 * 2310 mm (kann angepasst werden)<\/p>\n<p>2. Spurbreite: 650 mm (kann angepasst werden)<\/p>\n<p>3. Geh\u00e4usematerial: Edelstahl 304 oder Edelstahl 316<\/p>\n<p>4. Durchgangsgeschwindigkeit: 30 Personen\/min<\/p>\n<p>5. Stromversorgung: 110 V\/220 V 50\/60 Hz<\/p>\n<p>6. Doppeltes Drehkreuz in voller H\u00f6he Solenoid: DC24V<\/p>\n<p>7. Gate-Offen-Signal: Potenzialfreier Kontakt\/Relais<\/p>\n<p>8. Logikspannung: DC24V<\/p>\n<p>9. Drehrichtung: Bidirektional\/Einzelrichtung<\/p>\n<p><strong><a title=\"Mairs CE-zertifiziertes Drehkreuz in voller H\u00f6he\" href=\"http:\/\/mairsturnstile.com\/wp-content\/uploads\/2022\/09\/Mairs-CE-Certificate-Full-Height-Turnstile.pdf\" target=\"_blank\" rel=\"noopener noreferrer\">CE-zertifiziert,<\/a> <a title=\"Mairs ISO9001-Zertifikat\" href=\"http:\/\/mairsturnstile.com\/wp-content\/uploads\/2022\/09\/Mairs-Registration-Certificate-ISO9001.pdf\" target=\"_blank\" rel=\"noopener noreferrer\">ISO9001-zertifiziert.<\/a><\/strong><\/p>\n<p><a title=\"Brosch\u00fcre \u00fcber doppelte Drehkreuze in voller H\u00f6he\" href=\"http:\/\/mairsturnstile.com\/wp-content\/uploads\/2023\/12\/MT402-2-brochure.pdf\" target=\"_blank\" rel=\"noopener noreferrer\"><img decoding=\"async\" class=\"alignnone size-full wp-image-11034\" src=\"http:\/\/mairsturnstile.com\/wp-content\/uploads\/2022\/09\/pdf-MairsTurnstile.png\" alt=\"\" width=\"32\" height=\"32\"><span style=\"color: #0000ff;\"><strong>MT402-2 Brosch\u00fcre \u00fcber doppelte Drehkreuze in voller H\u00f6he<\/strong><\/span><\/a><\/p>\n<p><a title=\"Installationshandbuch f\u00fcr Drehkreuze in voller H\u00f6he\" href=\"http:\/\/mairsturnstile.com\/wp-content\/uploads\/2023\/09\/Full-height-turnstile-installation-manual.pdf\" target=\"_blank\" rel=\"noopener noreferrer\"><img decoding=\"async\" class=\"alignnone size-full wp-image-11034\" src=\"http:\/\/mairsturnstile.com\/wp-content\/uploads\/2022\/09\/pdf-MairsTurnstile.png\" alt=\"\" width=\"32\" height=\"32\"><strong><span style=\"color: #0000ff;\"> Benutzer- und Installationshandbuch f\u00fcr Drehkreuze in voller H\u00f6he<\/span><\/strong><\/a><\/p>\n","protected":false},"featured_media":26558,"comment_status":"closed","ping_status":"closed","template":"","meta":{"neve_meta_sidebar":"","neve_meta_container":"","neve_meta_enable_content_width":"off","neve_meta_content_width":0,"neve_meta_title_alignment":"","neve_meta_author_avatar":"","neve_post_elements_order":"","neve_meta_disable_header":"","neve_meta_disable_footer":"","neve_meta_disable_title":"","_ti_tpc_template_sync":false,"_ti_tpc_template_id":""},"product_cat":[433,429],"product_tag":[528,1480,535,574,1475,1473],"class_list":["post-9194","product","type-product","status-publish","has-post-thumbnail","hentry","product_cat-drehkreuze-in-voller-hohe","product_cat-sicherheits-drehkreuze","product_tag-doppeltes-drehkreuz-in-voller-hohe-de","product_tag-drehkreuz-in-voller-hohe","product_tag-drehkreuz-in-voller-hohe-singapur","product_tag-drehkreuztor-singapur","product_tag-industrielle-drehkreuze","product_tag-industrielle-drehkreuze-in-voller-hohe"],"_links":{"self":[{"href":"https:\/\/mairsturnstile.com\/de\/wp-json\/wp\/v2\/product\/9194","targetHints":{"allow":["GET"]}}],"collection":[{"href":"https:\/\/mairsturnstile.com\/de\/wp-json\/wp\/v2\/product"}],"about":[{"href":"https:\/\/mairsturnstile.com\/de\/wp-json\/wp\/v2\/types\/product"}],"replies":[{"embeddable":true,"href":"https:\/\/mairsturnstile.com\/de\/wp-json\/wp\/v2\/comments?post=9194"}],"version-history":[{"count":0,"href":"https:\/\/mairsturnstile.com\/de\/wp-json\/wp\/v2\/product\/9194\/revisions"}],"wp:featuredmedia":[{"embeddable":true,"href":"https:\/\/mairsturnstile.com\/de\/wp-json\/wp\/v2\/media\/26558"}],"wp:attachment":[{"href":"https:\/\/mairsturnstile.com\/de\/wp-json\/wp\/v2\/media?parent=9194"}],"wp:term":[{"taxonomy":"product_cat","embeddable":true,"href":"https:\/\/mairsturnstile.com\/de\/wp-json\/wp\/v2\/product_cat?post=9194"},{"taxonomy":"product_tag","embeddable":true,"href":"https:\/\/mairsturnstile.com\/de\/wp-json\/wp\/v2\/product_tag?post=9194"}],"curies":[{"name":"wp","href":"https:\/\/api.w.org\/{rel}","templated":true}]}}