{"id":9195,"date":"2020-09-12T18:37:24","date_gmt":"2020-09-12T10:37:24","guid":{"rendered":"https:\/\/mairsturnstile.com\/product\/volle-hoehe-drehkreuz-tuer-mt404"},"modified":"2023-11-02T12:33:07","modified_gmt":"2023-11-02T04:33:07","slug":"drehkreuze-australien","status":"publish","type":"product","link":"https:\/\/mairsturnstile.com\/de\/produkt\/drehkreuze-australien","title":{"rendered":"VOLLE H\u00d6HE DREHKREUZ T\u00dcR MT404"},"content":{"rendered":"        <!-- 3D Model html -->\r\n        <div class=\"bp_grand wrapper_19986\">   \r\n        <div class=\"bp_model_parent\">\r\n            <model-viewer class=\"model\" id=\"bp_model_id_19986\" src=\"http:\/\/mairsturnstile.com\/wp-content\/uploads\/2023\/06\/MT404.glb\" alt=\"MT404\" camera-controls  loading=\"auto\" auto-rotate                        >\r\n            <\/model-viewer>\r\n        \r\n            <!-- Button -->\r\n            <svg id=\"openBtn\" width=\"30px\" height=\"30px\" viewBox=\"0 0 16 16\" xmlns=\"http:\/\/www.w3.org\/2000\/svg\" fill=\"#f2f2f2\" class=\"bi bi-arrows-fullscreen model-icon\">\r\n                <path fill-rule=\"evenodd\" d=\"M5.828 10.172a.5.5 0 0 0-.707 0l-4.096 4.096V11.5a.5.5 0 0 0-1 0v3.975a.5.5 0 0 0 .5.5H4.5a.5.5 0 0 0 0-1H1.732l4.096-4.096a.5.5 0 0 0 0-.707zm4.344 0a.5.5 0 0 1 .707 0l4.096 4.096V11.5a.5.5 0 1 1 1 0v3.975a.5.5 0 0 1-.5.5H11.5a.5.5 0 0 1 0-1h2.768l-4.096-4.096a.5.5 0 0 1 0-.707zm0-4.344a.5.5 0 0 0 .707 0l4.096-4.096V4.5a.5.5 0 1 0 1 0V.525a.5.5 0 0 0-.5-.5H11.5a.5.5 0 0 0 0 1h2.768l-4.096 4.096a.5.5 0 0 0 0 .707zm-4.344 0a.5.5 0 0 1-.707 0L1.025 1.732V4.5a.5.5 0 0 1-1 0V.525a.5.5 0 0 1 .5-.5H4.5a.5.5 0 0 1 0 1H1.732l4.096 4.096a.5.5 0 0 1 0 .707z\"\/>\r\n            <\/svg>\r\n        \r\n            <svg id=\"closeBtn\" class=\"model-icon\" width=\"34px\" height=\"34px\" viewBox=\"0 0 24 24\" xmlns=\"http:\/\/www.w3.org\/2000\/svg\">\r\n                <path fill=\"none\" stroke=\"#f2f2f2\" stroke-width=\"2\" d=\"M7,7 L17,17 M7,17 L17,7\"\/>\r\n            <\/svg>\r\n        \r\n        <\/div>\r\n        <\/div> \r\n\r\n        <!-- Model Viewer Style -->\r\n        <style>\r\n            \r\n            .wrapper_19986 .bp_model_parent, #bp_model_id_19986 {\r\n                width: 1150px;\r\n                max-width: 100%;\r\n                                            }\r\n            #bp_model_id_19986 {\r\n                height:700px;\r\n                background-color: #f2f2f2;\r\n            }\r\n            .fullscreen #bp_model_id_19986{\r\n            height: 100%;\r\n            width: 100%;\r\n            }\r\n            .wrapper_19986 .bp_model_parent{\r\n                justify-content: start            }\r\n            model-viewer.model {\r\n                --poster-color: transparent;\r\n            }\r\n        <\/style>\r\n        \r\n        \n<p>Wir haben erfahrene Designer, die eine tiefgreifende Anpassung an Ihre Bed\u00fcrfnisse vornehmen k\u00f6nnen. Wir werden so bald wie m\u00f6glich eine Reihe von Materialien wie 3D-Renderings, Ma\u00dfzeichnungen usw. zur Verf\u00fcgung stellen.<\/p>\n<h4>F\u00fcr Drehkreuze in voller H\u00f6he AUSTRALIEN MT404 gibt es eine zweij\u00e4hrige Garantie sowie dauerhaften Wartungs- und Reparatursupport.<\/h4>\n<p>Wir k\u00f6nnen OEM- und ODM-Dienstleistungen erbringen. Wir bieten auch biometrische Ger\u00e4te wie IC\/ID-Kartenleser, Fingerabdruckscanner, QR-Code-Scanner, Gesichtserkennungskameras und so weiter. Wenn Sie diese Ger\u00e4te in das Drehkreuz in voller H\u00f6he integrieren m\u00fcssen oder Fragen haben, <a href=\"https:\/\/mairsturnstile.com\/contact\">kontaktieren Sie uns<\/a> bitte<\/p>\n<p><strong>Die Drehkreuze in voller<\/strong> H\u00f6he sind eine Hochsicherheitsversion von Drehkreuzen. Es ist ein bidirektionales Sicherheitsdrehkreuz mit elektronischer Steuerung. Die 90\u00b0-\u00d6ffnungen erm\u00f6glichen eine reibungslose, einfache und sichere <a href=\"https:\/\/en.wikipedia.org\/wiki\/Access_control\" target=\"_blank\" rel=\"noopener\">Zugangskontrolle<\/a> f\u00fcr die Fu\u00dfg\u00e4nger. <a href=\"https:\/\/mairsturnstile.com\/full-height-turnstiles.html\">Drehkreuze in voller<\/a> H\u00f6he werden h\u00e4ufig f\u00fcr Anwendungen wie Beh\u00f6rden, Parks, Gef\u00e4ngnisse, Stadien, Wohnungen, Fitnessstudios, Museen, Bahnh\u00f6fe, Bibliotheken, Fabriken usw. Drehkreuze in voller H\u00f6he in Australien bieten eine zuverl\u00e4ssige und effiziente M\u00f6glichkeit, sicherzustellen, dass nur autorisierten Personen Zutritt zu jedem Bereich eines Geb\u00e4udes gew\u00e4hrt wird.<\/p>\n<p><span data-spm-anchor-id=\"a2700.details.pronpeci14.i2.7635dcd1UidUpx\">Diese Drehkreuze in voller H\u00f6he aus Australien sind problemlos in der Lage, gro\u00dfe Mengen und missbr\u00e4uchliche Bedingungen zu bew\u00e4ltigen. <\/span>Das Ger\u00e4t erleichtert den Aufbau einer mehrspurigen Anlage, w\u00e4hrend die einfache Farbgebung es Ihnen erm\u00f6glicht, dieses Drehkreuz perfekt an Ihren Standort anzupassen. Wir exportieren Drehkreuze in voller H\u00f6he zu einem erschwinglichen Preis nach Australien.<\/p>\n<p data-spm-anchor-id=\"a2700.details.pronpeci14.i0.54a03579UBfc8K\"><span data-spm-anchor-id=\"a2700.details.pronpeci14.i2.7635dcd1UidUpx\">Diese kartenlesenden Identifikationsger\u00e4te arbeiten gut mit IC-Karten, ID-Karten, Barcodes, Fingerabdr\u00fccken usw. zusammen, bieten Menschen einen zivilisierten und sequentiellen Durchgang und helfen Unternehmen, ihre Mitarbeiter effektiv zu verwalten.<\/span><\/p>\n<p data-spm-anchor-id=\"a2700.details.pronpeci14.i0.54a03579UBfc8K\">\n        \t\n\t<style type=\"text\/css\">\n\t\t.slider-info-19993.bafg-slider-info .bafg-slider-title {\n\t\t\t\t\t\tfont-size: 22px;\n\t\t\t\t\t\t\n\t\t\t\n\t\t\t\t\t}\n\n\t\t.slider-info-19993.bafg-slider-info .bafg-slider-description {\n\t\t\t\n\t\t\t\n\t\t\t\t\t}\n\n\t\t.slider-info-19993.bafg-slider-info .bafg_slider_readmore_button {\n\t\t\t\n\t\t\t\n\t\t\t\n\t\t\t\n\t\t\t\n\t\t\ttext-align: center;\n\n\t\t\t\n\t\t\t\n\t\t\t\n\t\t\t\n\t\t\t\n\t\t\t\n\t\t\t\t\t}\n\n\t\t.slider-info-19993.bafg-slider-info .bafg_slider_readmore_button:hover {\n\n\t\t\t\n\t\t\t\n\t\t\t\t\t}\n\n\t<\/style>\n\t\n        <div class=\"bafg-twentytwenty-container slider-19993 \" bafg-orientation=\"horizontal\" bafg-default-offset=\"0.5\" bafg-before-label=\"Before\" bafg-after-label=\"After\" bafg-overlay=\"yes\" bafg-move-slider-on-hover=\"yes\" bafg-click-to-move=\"no\">\n              \n            <img decoding=\"async\" class=\"skip-lazy\" src=\"http:\/\/mairsturnstile.com\/wp-content\/uploads\/2020\/09\/turnstile-gate-australia-6.jpg\" alt=\"turnstile gate australia\" data-skip-lazy title=\"\">\n            <img decoding=\"async\" class=\"skip-lazy\" src=\"http:\/\/mairsturnstile.com\/wp-content\/uploads\/2020\/09\/turnstile-gate-australia-5.jpg\" alt=\"turnstile gate australia\" data-skip-lazy title=\"\">\n           \n        <\/div>\n\n        \t<div class=\"bafg-slider-info-wraper\">\n\t\t<div style=\"\" class=\"slider-info-19993 bafg-slider-info\">\n\t\t\t\t\t<\/div>\n\t<\/div>\n\t\n        <style type=\"text\/css\">\n            \n        <\/style>\n        <\/p>\n<p>Wir k\u00f6nnen auch innerhalb weniger Minuten ein Rendering f\u00fcr Sie erstellen, das auf Ihrem aktuellen Szenario basiert. Wir liefern auch detaillierte Layouts und Zeichnungen sowie Installationszeichnungen.<\/p>\n<ul>\n<li>Drehkreuze in voller H\u00f6he werden in Australien h\u00e4ufig f\u00fcr hochsichere Zugangskontrolll\u00f6sungen verwendet.<\/li>\n<li>Der K\u00f6rper besteht aus geb\u00fcrstetem Edelstahl 304, der steif, rostfrei, robust und langlebig ist.<\/li>\n<li>Drehkreuze in voller H\u00f6he aus Australien eignen sich sowohl f\u00fcr den Innen- als auch f\u00fcr den Au\u00dfenbereich.<\/li>\n<li>Stoppen Sie mit der Anti-Reverse-Funktion die umgekehrte Richtung.<\/li>\n<li>Um die Anforderungen der Notfallkontrolle zu erf\u00fcllen, \u00f6ffnet sich das Drehkreuztor automatisch, wenn der Strom ausgeschaltet ist.<\/li>\n<li>Das gesamte System l\u00e4uft reibungslos, mit langlebiger Leistung, hoher Betriebszuverl\u00e4ssigkeit und schneller Reaktion.<\/li>\n<li>Es kann eine einfache Richtung oder eine doppelte Richtung sein.<\/li>\n<li>Zuverl\u00e4ssigkeit des Mechanismus: 5 Millionen, kein Fehler<\/li>\n<li>Selbsttestfunktion, wenn der Strom eingeschaltet ist, wird das System automatisch wiederhergestellt.<\/li>\n<li>Doppellagervorrichtungen halten das Tor im Gleichgewicht, wenn eine \u00e4u\u00dfere Kraft einwirkt.<\/li>\n<li>Einseitig oder bidirektional ist w\u00e4hlbar.<\/li>\n<li>Mit LED-Kontrollleuchte.<\/li>\n<li>Kann von einer Fernbedienung gesteuert und direkt vom Computer verwaltet werden.<\/li>\n<li>Wenn der Strom abgeschaltet ist, kann die Drehkreuzspur frei passieren, was den Brandschutzanforderungen entspricht.<\/li>\n<li>Die Gr\u00f6\u00dfe\/das Design des Mainframes kann angepasst werden.<\/li>\n<li>Die Gr\u00f6\u00dfe der Drehkreuze in Australien kann an die Anforderungen an verschiedenen Orten angepasst werden.<\/li>\n<\/ul>\n<p><iframe title=\"Biometrisches Drehkreuz in voller H\u00f6he, Drehkreuz in voller H\u00f6he mit Gesichtserkennung - MairsTurnstile\" src=\"https:\/\/www.youtube.com\/embed\/cy4ZzmrIfx0\" width=\"1150\" height=\"650\" frameborder=\"0\" allowfullscreen=\"allowfullscreen\"><\/iframe><\/p>\n","protected":false},"excerpt":{"rendered":"<p>1. Gr\u00f6\u00dfe: 1450 * 1450 * 2300 mm (kann angepasst werden)<\/p>\n<p>2. Spurbreite: 650 mm (kann angepasst werden)<\/p>\n<p>3. Geh\u00e4usematerial: Edelstahl 304 oder Edelstahl 316<\/p>\n<p>4. Durchgangsgeschwindigkeit: 30 Personen\/min<\/p>\n<p>5. Stromversorgung: 110 V\/220 V 50\/60 Hz<\/p>\n<p>6. Drehkreuztor in voller H\u00f6he Solenoid: DC24V<\/p>\n<p>7. Gate-Offen-Signal: Potenzialfreier Kontakt\/Relais<\/p>\n<p>8. Logikspannung: DC24V<\/p>\n<p>9. Antrieb: Halbautomatischer Betrieb<\/p>\n<p><strong><a title=\"Mairs CE-zertifiziertes Drehkreuz in voller H\u00f6he\" href=\"http:\/\/mairsturnstile.com\/wp-content\/uploads\/2022\/09\/Mairs-CE-Certificate-Full-Height-Turnstile.pdf\" target=\"_blank\" rel=\"noopener noreferrer\">CE-zertifiziert,<\/a> <a title=\"Mairs ISO9001-Zertifikat\" href=\"http:\/\/mairsturnstile.com\/wp-content\/uploads\/2022\/09\/Mairs-Registration-Certificate-ISO9001.pdf\" target=\"_blank\" rel=\"noopener noreferrer\">ISO9001-zertifiziert.<\/a><\/strong><\/p>\n<p><a title=\"Brosch\u00fcre Drehkreuze in voller H\u00f6he\" href=\"http:\/\/mairsturnstile.com\/wp-content\/uploads\/2022\/09\/MT404-Full-Height-Turnstiles-Brochure.pdf\" target=\"_blank\" rel=\"noopener noreferrer\"><img decoding=\"async\" class=\"alignnone size-full wp-image-11034\" src=\"http:\/\/mairsturnstile.com\/wp-content\/uploads\/2022\/09\/pdf-MairsTurnstile.png\" alt=\"\" width=\"32\" height=\"32\"><span style=\"color: #0000ff;\"><strong>Brosch\u00fcre \u00fcber MT404 Drehkreuze in voller H\u00f6he<\/strong><\/span><\/a><\/p>\n<p><a title=\"Installationshandbuch f\u00fcr Drehkreuze in voller H\u00f6he\" href=\"http:\/\/mairsturnstile.com\/wp-content\/uploads\/2023\/09\/Full-height-turnstile-installation-manual.pdf\" target=\"_blank\" rel=\"noopener noreferrer\"><img decoding=\"async\" class=\"alignnone size-full wp-image-11034\" src=\"http:\/\/mairsturnstile.com\/wp-content\/uploads\/2022\/09\/pdf-MairsTurnstile.png\" alt=\"\" width=\"32\" height=\"32\"><strong><span style=\"color: #0000ff;\"> Benutzer- und Installationshandbuch f\u00fcr Drehkreuze in voller H\u00f6he<\/span><\/strong><\/a><\/p>\n","protected":false},"featured_media":58227,"comment_status":"closed","ping_status":"closed","template":"","meta":{"neve_meta_sidebar":"","neve_meta_container":"","neve_meta_enable_content_width":"off","neve_meta_content_width":0,"neve_meta_title_alignment":"","neve_meta_author_avatar":"","neve_post_elements_order":"","neve_meta_disable_header":"","neve_meta_disable_footer":"","neve_meta_disable_title":"","_ti_tpc_template_sync":false,"_ti_tpc_template_id":""},"product_cat":[433,429],"product_tag":[1482,524,536,1481,532,1483],"class_list":["post-9195","product","type-product","status-publish","has-post-thumbnail","hentry","product_cat-drehkreuze-in-voller-hohe","product_cat-sicherheits-drehkreuze","product_tag-drehkreuz-in-voller-hohe-mit-kartenleser","product_tag-drehkreuze-in-voller-hohe","product_tag-drehkreuze-in-voller-hohe-australien","product_tag-drehkreuzhersteller-australien","product_tag-drehkreuztor-in-voller-hohe","product_tag-einzelnes-drehkreuz-in-voller-hohe"],"_links":{"self":[{"href":"https:\/\/mairsturnstile.com\/de\/wp-json\/wp\/v2\/product\/9195","targetHints":{"allow":["GET"]}}],"collection":[{"href":"https:\/\/mairsturnstile.com\/de\/wp-json\/wp\/v2\/product"}],"about":[{"href":"https:\/\/mairsturnstile.com\/de\/wp-json\/wp\/v2\/types\/product"}],"replies":[{"embeddable":true,"href":"https:\/\/mairsturnstile.com\/de\/wp-json\/wp\/v2\/comments?post=9195"}],"version-history":[{"count":0,"href":"https:\/\/mairsturnstile.com\/de\/wp-json\/wp\/v2\/product\/9195\/revisions"}],"wp:featuredmedia":[{"embeddable":true,"href":"https:\/\/mairsturnstile.com\/de\/wp-json\/wp\/v2\/media\/58227"}],"wp:attachment":[{"href":"https:\/\/mairsturnstile.com\/de\/wp-json\/wp\/v2\/media?parent=9195"}],"wp:term":[{"taxonomy":"product_cat","embeddable":true,"href":"https:\/\/mairsturnstile.com\/de\/wp-json\/wp\/v2\/product_cat?post=9195"},{"taxonomy":"product_tag","embeddable":true,"href":"https:\/\/mairsturnstile.com\/de\/wp-json\/wp\/v2\/product_tag?post=9195"}],"curies":[{"name":"wp","href":"https:\/\/api.w.org\/{rel}","templated":true}]}}