{"id":9196,"date":"2020-09-12T18:29:51","date_gmt":"2020-09-12T10:29:51","guid":{"rendered":"https:\/\/mairsturnstile.com\/product\/optische-drehkreuze-voller-hoehe-mt403"},"modified":"2023-11-02T12:33:41","modified_gmt":"2023-11-02T04:33:41","slug":"drehkreuz-in-voller-hohe-in-nigeria","status":"publish","type":"product","link":"https:\/\/mairsturnstile.com\/de\/produkt\/drehkreuz-in-voller-hohe-in-nigeria","title":{"rendered":"OPTISCHE DREHKREUZE VOLLER H\u00d6HE MT403"},"content":{"rendered":"        <!-- 3D Model html -->\r\n        <div class=\"bp_grand wrapper_19983\">   \r\n        <div class=\"bp_model_parent\">\r\n            <model-viewer class=\"model\" id=\"bp_model_id_19983\" src=\"http:\/\/mairsturnstile.com\/wp-content\/uploads\/2023\/06\/MT403.glb\" alt=\"MT403\" camera-controls  loading=\"auto\" auto-rotate                        >\r\n            <\/model-viewer>\r\n        \r\n            <!-- Button -->\r\n            <svg id=\"openBtn\" width=\"30px\" height=\"30px\" viewBox=\"0 0 16 16\" xmlns=\"http:\/\/www.w3.org\/2000\/svg\" fill=\"#f2f2f2\" class=\"bi bi-arrows-fullscreen model-icon\">\r\n                <path fill-rule=\"evenodd\" d=\"M5.828 10.172a.5.5 0 0 0-.707 0l-4.096 4.096V11.5a.5.5 0 0 0-1 0v3.975a.5.5 0 0 0 .5.5H4.5a.5.5 0 0 0 0-1H1.732l4.096-4.096a.5.5 0 0 0 0-.707zm4.344 0a.5.5 0 0 1 .707 0l4.096 4.096V11.5a.5.5 0 1 1 1 0v3.975a.5.5 0 0 1-.5.5H11.5a.5.5 0 0 1 0-1h2.768l-4.096-4.096a.5.5 0 0 1 0-.707zm0-4.344a.5.5 0 0 0 .707 0l4.096-4.096V4.5a.5.5 0 1 0 1 0V.525a.5.5 0 0 0-.5-.5H11.5a.5.5 0 0 0 0 1h2.768l-4.096 4.096a.5.5 0 0 0 0 .707zm-4.344 0a.5.5 0 0 1-.707 0L1.025 1.732V4.5a.5.5 0 0 1-1 0V.525a.5.5 0 0 1 .5-.5H4.5a.5.5 0 0 1 0 1H1.732l4.096 4.096a.5.5 0 0 1 0 .707z\"\/>\r\n            <\/svg>\r\n        \r\n            <svg id=\"closeBtn\" class=\"model-icon\" width=\"34px\" height=\"34px\" viewBox=\"0 0 24 24\" xmlns=\"http:\/\/www.w3.org\/2000\/svg\">\r\n                <path fill=\"none\" stroke=\"#f2f2f2\" stroke-width=\"2\" d=\"M7,7 L17,17 M7,17 L17,7\"\/>\r\n            <\/svg>\r\n        \r\n        <\/div>\r\n        <\/div> \r\n\r\n        <!-- Model Viewer Style -->\r\n        <style>\r\n            \r\n            .wrapper_19983 .bp_model_parent, #bp_model_id_19983 {\r\n                width: 1150px;\r\n                max-width: 100%;\r\n                                            }\r\n            #bp_model_id_19983 {\r\n                height:700px;\r\n                background-color: #f2f2f2;\r\n            }\r\n            .fullscreen #bp_model_id_19983{\r\n            height: 100%;\r\n            width: 100%;\r\n            }\r\n            .wrapper_19983 .bp_model_parent{\r\n                justify-content: start            }\r\n            model-viewer.model {\r\n                --poster-color: transparent;\r\n            }\r\n        <\/style>\r\n        \r\n        \n<p>Wir haben erfahrene Designer, die eine tiefgreifende Anpassung an Ihre Bed\u00fcrfnisse vornehmen k\u00f6nnen. Wir werden so bald wie m\u00f6glich eine Reihe von Materialien wie 3D-Renderings, Ma\u00dfzeichnungen usw. zur Verf\u00fcgung stellen.<\/p>\n<h2>Das Drehkreuz in voller H\u00f6he in Nigeria bietet 2 Jahre Garantie und dauerhafte Wartungs- und Reparaturunterst\u00fctzung.<\/h2>\n<p>Wir k\u00f6nnen OEM- und ODM-Dienstleistungen erbringen. Wir bieten auch biometrische Ger\u00e4te wie IC\/ID-Kartenleser, Fingerabdruckscanner, QR-Code-Scanner, Gesichtserkennungskameras und so weiter.<\/p>\n<p><a href=\"https:\/\/en.wikipedia.org\/wiki\/Optical_turnstile\" target=\"_blank\" rel=\"noopener\"><strong>Optische <\/strong><\/a><strong>Drehkreuze in voller<\/strong> H\u00f6he werden h\u00e4ufig f\u00fcr Anwendungen wie Beh\u00f6rden, Parks, Gef\u00e4ngnisse, Stadien, Wohnungen, Fitnessstudios, Museen, Bahnh\u00f6fe, Bibliotheken und Fabriken usw. verwendet.<\/p>\n<p><a href=\"https:\/\/mairsturnstile.com\/full-height-turnstiles.html\">Drehkreuze in voller<\/a> H\u00f6he bieten eine zuverl\u00e4ssige und effiziente Methode, um sicherzustellen, dass nur autorisierten Benutzern Zugang zu jedem Bereich eines Geb\u00e4udes gew\u00e4hrt wird.<\/p>\n<p><span data-spm-anchor-id=\"a2700.details.pronpeci14.i2.7635dcd1UidUpx\">Dieses Drehkreuztor in voller H\u00f6he ist problemlos in der Lage, hohes Volumen und missbr\u00e4uchliche Bedingungen zu bew\u00e4ltigen. <\/span><\/p>\n<p>Die Standardkonfiguration dieses Drehkreuzes in voller H\u00f6he in Nigeria ist ein bidirektionales Sicherheitsdrehkreuz.<\/p>\n<p>Es kommt mit elektronischer Zugangskontrolle. Die 90\u00b0-\u00d6ffnungen gew\u00e4hrleisten einen sicheren, bequemen und einfachen Zugang f\u00fcr die Personen.<\/p>\n<p>Wir k\u00f6nnen auch innerhalb weniger Minuten ein Rendering f\u00fcr Sie erstellen, das auf Ihrem aktuellen Szenario basiert. Wir liefern auch detaillierte Layouts und Zeichnungen sowie Installationszeichnungen.<\/p>\n\n        \t\n\t<style type=\"text\/css\">\n\t\t.slider-info-19994.bafg-slider-info .bafg-slider-title {\n\t\t\t\t\t\tfont-size: 22px;\n\t\t\t\t\t\t\n\t\t\t\n\t\t\t\t\t}\n\n\t\t.slider-info-19994.bafg-slider-info .bafg-slider-description {\n\t\t\t\n\t\t\t\n\t\t\t\t\t}\n\n\t\t.slider-info-19994.bafg-slider-info .bafg_slider_readmore_button {\n\t\t\t\n\t\t\t\n\t\t\t\n\t\t\t\n\t\t\t\n\t\t\ttext-align: center;\n\n\t\t\t\n\t\t\t\n\t\t\t\n\t\t\t\n\t\t\t\n\t\t\t\n\t\t\t\t\t}\n\n\t\t.slider-info-19994.bafg-slider-info .bafg_slider_readmore_button:hover {\n\n\t\t\t\n\t\t\t\n\t\t\t\t\t}\n\n\t<\/style>\n\t\n        <div class=\"bafg-twentytwenty-container slider-19994 \" bafg-orientation=\"horizontal\" bafg-default-offset=\"0.5\" bafg-before-label=\"Before\" bafg-after-label=\"After\" bafg-overlay=\"yes\" bafg-move-slider-on-hover=\"yes\" bafg-click-to-move=\"no\">\n              \n            <img decoding=\"async\" class=\"skip-lazy\" src=\"http:\/\/mairsturnstile.com\/wp-content\/uploads\/2023\/06\/full-height-turnstile-in-nigeria_7.jpg\" alt=\"\" data-skip-lazy title=\"\">\n            <img decoding=\"async\" class=\"skip-lazy\" src=\"http:\/\/mairsturnstile.com\/wp-content\/uploads\/2023\/06\/full-height-turnstile-in-nigeria_8.jpg\" alt=\"\" data-skip-lazy title=\"\">\n           \n        <\/div>\n\n        \t<div class=\"bafg-slider-info-wraper\">\n\t\t<div style=\"\" class=\"slider-info-19994 bafg-slider-info\">\n\t\t\t\t\t<\/div>\n\t<\/div>\n\t\n        <style type=\"text\/css\">\n            \n        <\/style>\n        \n<ul>\n<li><strong>Drehkreuze in voller H\u00f6he werden in Nigeria<\/strong> h\u00e4ufig f\u00fcr hochsichere Zutrittskontrolll\u00f6sungen verwendet.<\/li>\n<li>Das Tor besteht aus geb\u00fcrstetem Edelstahl 304, der hochbest\u00e4ndig, hochsicher, robust, rostfrei und langlebig ist.<\/li>\n<li>Das Drehkreuz in voller H\u00f6he in Nigeria ist die perfekte L\u00f6sung f\u00fcr den Innen- und Au\u00dfenbereich.<\/li>\n<li>Stoppen Sie mit der Anti-Reverse-Funktion die umgekehrte Richtung.<\/li>\n<li data-spm-anchor-id=\"a2700.details.pronpeci14.i0.58226f8fLZmm5D\">Es kann mit Zugangskontrollsystemen, elektronischen Ticketsystemen, Gesichtserkennungssystemen, statischen Testern und anderen Ger\u00e4ten verwendet werden.<\/li>\n<li>Die Gr\u00f6\u00dfe und das Design des Tors k\u00f6nnen den Anforderungen des Kunden angepasst werden.<\/li>\n<li>Kann von einer Fernbedienung gesteuert und direkt vom Computer verwaltet werden.<\/li>\n<li>Der Mechanismus ist mit einer automatisch geregelten hydraulischen Puffervorrichtung ausgestattet. Mit diesem Ger\u00e4t gibt es keine Ger\u00e4usche und St\u00f6\u00dfe beim Laufen.<\/li>\n<li>Selbsttestfunktion, wenn der Strom eingeschaltet ist, wird das System automatisch wiederhergestellt.<\/li>\n<li>Doppellagervorrichtungen halten das Tor im Gleichgewicht, wenn eine \u00e4u\u00dfere Kraft einwirkt.<\/li>\n<li>Einseitig oder bidirektional ist optional.<\/li>\n<li>Mit LED-Richtungsanzeiger.<\/li>\n<li>Zuverl\u00e4ssigkeit des Mechanismus: 5 Millionen, kein Fehler<\/li>\n<li>Die Gr\u00f6\u00dfe kann angepasst werden, um den Anforderungen an verschiedenen Orten gerecht zu werden.<\/li>\n<li>Es kann den Anforderungen an verschiedenen Orten angepasst werden.<\/li>\n<\/ul>\n<p>Wir k\u00f6nnen die gesamte L\u00f6sung f\u00fcr die Sicherheitskontrolle anbieten. Wenn Sie ein eigenes Zugangskontrollsystem haben, k\u00f6nnen Sie unser Drehkreuz direkt verwenden. Falls Sie noch keine haben, bieten wir auch eine komplette L\u00f6sung f\u00fcr die Zugangskontrolle an. Einzelheiten entnehmen Sie bitte dem unten stehenden Video.<\/p>\n<p><iframe title=\"Biometrisches Drehkreuz in voller H\u00f6he, Drehkreuz in voller H\u00f6he mit Gesichtserkennung - MairsTurnstile\" src=\"https:\/\/www.youtube.com\/embed\/cy4ZzmrIfx0\" width=\"1150\" height=\"650\" frameborder=\"0\" allowfullscreen=\"allowfullscreen\"><span data-mce-type=\"bookmark\" style=\"display: inline-block; width: 0px; overflow: hidden; line-height: 0;\" class=\"mce_SELRES_start\"><\/span><\/iframe><\/p>\n","protected":false},"excerpt":{"rendered":"<p>1. Gr\u00f6\u00dfe: 1630 * 1500 * 2310 mm (kann angepasst werden)<\/p>\n<p>2. Spurbreite: 650 mm (kann angepasst werden)<\/p>\n<p>3. Geh\u00e4usematerial: Edelstahl 304 oder Edelstahl 316<\/p>\n<p>4. Durchgangsgeschwindigkeit: 30 Personen\/min<\/p>\n<p>5. Stromversorgung: 110 V\/220 V<\/p>\n<p>6. Optische Drehkreuze in voller H\u00f6he Solenoid: DC24V<\/p>\n<p>7. Eingang: Potentialfreier Kontakt<\/p>\n<p>8. Logikspannung: DC24V<\/p>\n<p>9. Stromversorgung: AC220V \u00b110%, 50Hz<\/p>\n<p><strong><a title=\"Mairs CE-zertifiziertes Drehkreuz in voller H\u00f6he\" href=\"http:\/\/mairsturnstile.com\/wp-content\/uploads\/2022\/09\/Mairs-CE-Certificate-Full-Height-Turnstile.pdf\" target=\"_blank\" rel=\"noopener noreferrer\">CE-zertifiziert,<\/a> <a title=\"Mairs ISO9001-Zertifikat\" href=\"http:\/\/mairsturnstile.com\/wp-content\/uploads\/2022\/09\/Mairs-Registration-Certificate-ISO9001.pdf\" target=\"_blank\" rel=\"noopener noreferrer\">ISO9001-zertifiziert.<\/a><\/strong><\/p>\n<p><a title=\"Brosch\u00fcre \u00fcber ein einzelnes Drehkreuz in voller H\u00f6he\" href=\"http:\/\/mairsturnstile.com\/wp-content\/uploads\/2022\/09\/MT403-Single-Full-Height-Turnstile-Brochure.pdf\" target=\"_blank\" rel=\"noopener noreferrer\"><img decoding=\"async\" class=\"alignnone size-full wp-image-11034\" src=\"http:\/\/mairsturnstile.com\/wp-content\/uploads\/2022\/09\/pdf-MairsTurnstile.png\" alt=\"\" width=\"32\" height=\"32\"><span style=\"color: #0000ff;\"><strong>MT403 Single Full Height Drehkreuz Brosch\u00fcre<\/strong><\/span><\/a><\/p>\n<p><a title=\"Installationshandbuch f\u00fcr Drehkreuze in voller H\u00f6he\" href=\"http:\/\/mairsturnstile.com\/wp-content\/uploads\/2023\/09\/Full-height-turnstile-installation-manual.pdf\" target=\"_blank\" rel=\"noopener noreferrer\"><img decoding=\"async\" class=\"alignnone size-full wp-image-11034\" src=\"http:\/\/mairsturnstile.com\/wp-content\/uploads\/2022\/09\/pdf-MairsTurnstile.png\" alt=\"\" width=\"32\" height=\"32\"><strong><span style=\"color: #0000ff;\"> Benutzer- und Installationshandbuch f\u00fcr Drehkreuze in voller H\u00f6he<\/span><\/strong><\/a><\/p>\n","protected":false},"featured_media":21213,"comment_status":"closed","ping_status":"closed","template":"","meta":{"neve_meta_sidebar":"","neve_meta_container":"","neve_meta_enable_content_width":"off","neve_meta_content_width":0,"neve_meta_title_alignment":"","neve_meta_author_avatar":"","neve_post_elements_order":"","neve_meta_disable_header":"","neve_meta_disable_footer":"","neve_meta_disable_title":"","_ti_tpc_template_sync":false,"_ti_tpc_template_id":""},"product_cat":[433,429],"product_tag":[537,1482,524,532,1475,1484],"class_list":["post-9196","product","type-product","status-publish","has-post-thumbnail","hentry","product_cat-drehkreuze-in-voller-hohe","product_cat-sicherheits-drehkreuze","product_tag-drehkreuz-in-voller-hohe-in-nigeria","product_tag-drehkreuz-in-voller-hohe-mit-kartenleser","product_tag-drehkreuze-in-voller-hohe","product_tag-drehkreuztor-in-voller-hohe","product_tag-industrielle-drehkreuze","product_tag-qr-code-drehkreuz"],"_links":{"self":[{"href":"https:\/\/mairsturnstile.com\/de\/wp-json\/wp\/v2\/product\/9196","targetHints":{"allow":["GET"]}}],"collection":[{"href":"https:\/\/mairsturnstile.com\/de\/wp-json\/wp\/v2\/product"}],"about":[{"href":"https:\/\/mairsturnstile.com\/de\/wp-json\/wp\/v2\/types\/product"}],"replies":[{"embeddable":true,"href":"https:\/\/mairsturnstile.com\/de\/wp-json\/wp\/v2\/comments?post=9196"}],"version-history":[{"count":0,"href":"https:\/\/mairsturnstile.com\/de\/wp-json\/wp\/v2\/product\/9196\/revisions"}],"wp:featuredmedia":[{"embeddable":true,"href":"https:\/\/mairsturnstile.com\/de\/wp-json\/wp\/v2\/media\/21213"}],"wp:attachment":[{"href":"https:\/\/mairsturnstile.com\/de\/wp-json\/wp\/v2\/media?parent=9196"}],"wp:term":[{"taxonomy":"product_cat","embeddable":true,"href":"https:\/\/mairsturnstile.com\/de\/wp-json\/wp\/v2\/product_cat?post=9196"},{"taxonomy":"product_tag","embeddable":true,"href":"https:\/\/mairsturnstile.com\/de\/wp-json\/wp\/v2\/product_tag?post=9196"}],"curies":[{"name":"wp","href":"https:\/\/api.w.org\/{rel}","templated":true}]}}