{"id":9197,"date":"2020-09-12T18:17:59","date_gmt":"2020-09-12T10:17:59","guid":{"rendered":"https:\/\/mairsturnstile.com\/product\/ganze-hoehe-fussgaenger-drehkreuze-mt402"},"modified":"2023-11-02T12:34:14","modified_gmt":"2023-11-02T04:34:14","slug":"personen-drehkreuze-in-voller-hohe","status":"publish","type":"product","link":"https:\/\/mairsturnstile.com\/de\/produkt\/personen-drehkreuze-in-voller-hohe","title":{"rendered":"GANZE H\u00d6HE FUSSG\u00c4NGER-DREHKREUZE MT402"},"content":{"rendered":"        <!-- 3D Model html -->\r\n        <div class=\"bp_grand wrapper_19978\">   \r\n        <div class=\"bp_model_parent\">\r\n            <model-viewer class=\"model\" id=\"bp_model_id_19978\" src=\"http:\/\/mairsturnstile.com\/wp-content\/uploads\/2023\/07\/MT402.glb\" alt=\"MT402\" camera-controls  loading=\"auto\" auto-rotate                        >\r\n            <\/model-viewer>\r\n        \r\n            <!-- Button -->\r\n            <svg id=\"openBtn\" width=\"30px\" height=\"30px\" viewBox=\"0 0 16 16\" xmlns=\"http:\/\/www.w3.org\/2000\/svg\" fill=\"#f2f2f2\" class=\"bi bi-arrows-fullscreen model-icon\">\r\n                <path fill-rule=\"evenodd\" d=\"M5.828 10.172a.5.5 0 0 0-.707 0l-4.096 4.096V11.5a.5.5 0 0 0-1 0v3.975a.5.5 0 0 0 .5.5H4.5a.5.5 0 0 0 0-1H1.732l4.096-4.096a.5.5 0 0 0 0-.707zm4.344 0a.5.5 0 0 1 .707 0l4.096 4.096V11.5a.5.5 0 1 1 1 0v3.975a.5.5 0 0 1-.5.5H11.5a.5.5 0 0 1 0-1h2.768l-4.096-4.096a.5.5 0 0 1 0-.707zm0-4.344a.5.5 0 0 0 .707 0l4.096-4.096V4.5a.5.5 0 1 0 1 0V.525a.5.5 0 0 0-.5-.5H11.5a.5.5 0 0 0 0 1h2.768l-4.096 4.096a.5.5 0 0 0 0 .707zm-4.344 0a.5.5 0 0 1-.707 0L1.025 1.732V4.5a.5.5 0 0 1-1 0V.525a.5.5 0 0 1 .5-.5H4.5a.5.5 0 0 1 0 1H1.732l4.096 4.096a.5.5 0 0 1 0 .707z\"\/>\r\n            <\/svg>\r\n        \r\n            <svg id=\"closeBtn\" class=\"model-icon\" width=\"34px\" height=\"34px\" viewBox=\"0 0 24 24\" xmlns=\"http:\/\/www.w3.org\/2000\/svg\">\r\n                <path fill=\"none\" stroke=\"#f2f2f2\" stroke-width=\"2\" d=\"M7,7 L17,17 M7,17 L17,7\"\/>\r\n            <\/svg>\r\n        \r\n        <\/div>\r\n        <\/div> \r\n\r\n        <!-- Model Viewer Style -->\r\n        <style>\r\n            \r\n            .wrapper_19978 .bp_model_parent, #bp_model_id_19978 {\r\n                width: 1150px;\r\n                max-width: 100%;\r\n                                            }\r\n            #bp_model_id_19978 {\r\n                height:700px;\r\n                background-color: #f2f2f2;\r\n            }\r\n            .fullscreen #bp_model_id_19978{\r\n            height: 100%;\r\n            width: 100%;\r\n            }\r\n            .wrapper_19978 .bp_model_parent{\r\n                justify-content: start            }\r\n            model-viewer.model {\r\n                --poster-color: transparent;\r\n            }\r\n        <\/style>\r\n        \r\n        \n<h2>Personendrehkreuze in voller H\u00f6he haben eine Garantie von 2 Jahren und dauerhafte Wartungs- und Reparaturunterst\u00fctzung.<\/h2>\n<p>Wir k\u00f6nnen OEM- und ODM-Dienstleistungen erbringen. Wir bieten auch biometrische Ger\u00e4te wie IC\/ID-Kartenleser, Fingerabdruckscanner, QR-Code-Scanner, Gesichtserkennungskameras und so weiter.<\/p>\n<p><strong>Das Drehkreuz in voller H\u00f6he ist ein verbessertes Produkt herk\u00f6mmlicher Drehkreuztore f\u00fcr Fu\u00dfg\u00e4nger mit der besten Sicherheitsleistung, das viel h\u00f6her und breiter als ein gew\u00f6hnliches Drehkreuztor ist und offensichtliche Sicherheitsvorteile bietet. <\/strong>Ein Drehkreuz in voller H\u00f6he kann einen geschlossenen Durchgangsraum bilden, und das Personal geht geordnet durch, indem es Karten und andere Methoden durchzieht. Drehkreuze in voller H\u00f6he k\u00f6nnen unbeaufsichtigt sein und haben an einigen Orten mit strengen Sicherheitsma\u00dfnahmen einen hohen Anwendungswert. Es besteht aus einem Chassis und 3 oder 4 Reihen rotierender Stangen. Drehkreuze in voller H\u00f6he werden auf der Basis eines <a href=\"https:\/\/mairsturnstile.com\/product\/tripod-security-gate\">Dreibein-Drehkreuztors<\/a> entwickelt. Durch Drehen um jeweils 120\u00b0 bzw. 90\u00b0 kann er abgelenkt oder gel\u00f6st werden.<\/p>\n<p><strong>Fu\u00dfg\u00e4nger-Drehkreuze in voller H\u00f6he wurden entwickelt, um das Ein- und Aussteigen von Fu\u00dfg\u00e4ngern zu kontrollieren und sind f\u00fcr den Innen- und Au\u00dfenbereich geeignet.<\/strong><\/p>\n<p>Im Allgemeinen sind Drehkreuze in voller H\u00f6he einspurig oder zweispurig. Drei Fahrspuren und vier Fahrspuren k\u00f6nnen je nach Kundenwunsch angepasst werden. Fu\u00dfg\u00e4nger-Drehkreuze in voller H\u00f6he k\u00f6nnen in allen Arten von Geb\u00e4udeumgebungen eingesetzt werden und k\u00f6nnen alle Kontrollprobleme von Fu\u00dfg\u00e4ngerein- und -ausg\u00e4ngen l\u00f6sen, jederzeit kontrollieren, ob das Tor verriegelt oder entriegelt ist, und bis zu 20 Signalschnittstellen, um Benutzern die Erweiterung zu erleichtern Funktionen.<\/p>\n<p>Drehkreuze in voller H\u00f6he bestehen aus <a class=\"rank-math-link\" href=\"https:\/\/simple.wikipedia.org\/wiki\/Stainless_steel\" target=\"_blank\" rel=\"noopener noreferrer\">Edelstahl<\/a> SUS304 oder Edelstahl 316. Es verwendet die fortschrittlichste Antriebssteuerungstechnologie, die das Design in einem gro\u00dfen Bereich \u00e4ndern kann, um die verschiedenen Anforderungen verschiedener Stile moderner Geb\u00e4ude f\u00fcr intelligente Fu\u00dfg\u00e4ngerzugangskontrollsysteme zu erf\u00fcllen.<\/p>\n<p>Das Drehkreuz in voller H\u00f6he eignet sich f\u00fcr unbeaufsichtigte Anl\u00e4sse mit hohen Sicherheitsanforderungen sowie f\u00fcr einige Anl\u00e4sse im Freien mit rauen Umgebungsbedingungen. Drehkreuze in voller H\u00f6he werden im Allgemeinen in strengeren Kontrollbereichen wie Milit\u00e4rverwaltungsbereichen, Chemiefabriken, Baustellen, Gef\u00e4ngnissen, Banken, Truppen und anderen streng vertraulichen Orten durch Gesichtserkennung und -vergleich, auch elektronisches Erfassungssystem, wirklich und verwendet effektiv eine Aufzeichnung des Fu\u00dfg\u00e4ngerdurchgangs, verbessern den Sicherheitsfaktor.<\/p>\n<p>An bestimmten Orten, wie etwa einigen speziellen Passagen im Bahnhof oder Orten mit strengen Sicherheitsanforderungen, wie Gef\u00e4ngnissen oder Turnhallen, k\u00f6nnen allgemeine Drehkreuztore die Sicherheitsanforderungen nicht erf\u00fcllen. Zu diesem Zeitpunkt werden Fu\u00dfg\u00e4nger-Drehkreuze in voller H\u00f6he f\u00fcr die Verwaltung der Zugangskontrolle verwendet, da Fu\u00dfg\u00e4nger-Drehkreuze in voller H\u00f6he die langlebigsten, robustesten und sichersten Zugangskontrollger\u00e4te sind und sich f\u00fcr unbeaufsichtigte Orte mit hohen Sicherheitsanforderungen eignen sowie einige Orte im Freien mit rauen Umgebungen.<\/p>\n<p>Wir k\u00f6nnen auch innerhalb weniger Minuten ein Rendering f\u00fcr Sie erstellen, das auf Ihrem aktuellen Szenario basiert. Wir liefern auch detaillierte Layouts und Zeichnungen sowie Installationszeichnungen.<\/p>\n\n        \t\n\t<style type=\"text\/css\">\n\t\t.slider-info-19704.bafg-slider-info .bafg-slider-title {\n\t\t\t\t\t\tfont-size: 22px;\n\t\t\t\t\t\t\n\t\t\t\n\t\t\t\t\t}\n\n\t\t.slider-info-19704.bafg-slider-info .bafg-slider-description {\n\t\t\t\n\t\t\t\n\t\t\t\t\t}\n\n\t\t.slider-info-19704.bafg-slider-info .bafg_slider_readmore_button {\n\t\t\t\n\t\t\t\n\t\t\t\n\t\t\t\n\t\t\t\n\t\t\ttext-align: center;\n\n\t\t\t\n\t\t\t\n\t\t\t\n\t\t\t\n\t\t\t\n\t\t\t\n\t\t\t\t\t}\n\n\t\t.slider-info-19704.bafg-slider-info .bafg_slider_readmore_button:hover {\n\n\t\t\t\n\t\t\t\n\t\t\t\t\t}\n\n\t<\/style>\n\t\n        <div class=\"bafg-twentytwenty-container slider-19704 \" bafg-orientation=\"horizontal\" bafg-default-offset=\"0.5\" bafg-before-label=\"Before\" bafg-after-label=\"After\" bafg-overlay=\"yes\" bafg-move-slider-on-hover=\"yes\" bafg-click-to-move=\"yes\">\n              \n            <img decoding=\"async\" class=\"skip-lazy\" src=\"http:\/\/mairsturnstile.com\/wp-content\/uploads\/2023\/07\/full-height-pedestrian-turnstiles_4.jpg\" alt=\"\" data-skip-lazy title=\"\">\n            <img decoding=\"async\" class=\"skip-lazy\" src=\"http:\/\/mairsturnstile.com\/wp-content\/uploads\/2023\/07\/full-height-pedestrian-turnstiles_5.jpg\" alt=\"\" data-skip-lazy title=\"\">\n           \n        <\/div>\n\n        \t<div class=\"bafg-slider-info-wraper\">\n\t\t<div style=\"\" class=\"slider-info-19704 bafg-slider-info\">\n\t\t\t\t\t<\/div>\n\t<\/div>\n\t\n        <style type=\"text\/css\">\n            \n        <\/style>\n        \n<p><span style=\"font-weight: 400;\">Unter Verwendung der elektrischen Standardschnittstelle, kompatibel mit ID\/IC-Karte, Fingerabdruck, <a href=\"https:\/\/en.wikipedia.org\/wiki\/Facial_recognition\" target=\"_blank\" rel=\"noopener\">Gesichtserkennung<\/a>, Infrarotdetektor, Temperaturregler, Barcode\/QR-Code, Telefon-App, ESD-System, Besuchersystem usw. <\/span><\/p>\n<p><span style=\"font-weight: 400;\">Das Drehkreuz in voller H\u00f6he ist in einen Mechanismus, einen elektrischen und einen Mikrocontroller sowie verschiedene Arten von Identifikationstechnologien integriert, die mit IC, ID, Barcode, Fingerabdruckleser usw. kompatibel sind, um eine intelligente Steuerung und Verwaltung der Flusskontrolle bereitzustellen. <\/span><\/p>\n<ul>\n<li style=\"list-style-type: none;\">\n<ul>\n<li>Personendrehkreuze in voller H\u00f6he werden h\u00e4ufig f\u00fcr hochsichere Zugangskontrolll\u00f6sungen verwendet.<\/li>\n<li>Die Fu\u00dfg\u00e4nger-Drehkreuze in voller H\u00f6he bestehen aus Edelstahl 304, der rostfrei, robust und steif ist.<\/li>\n<li>Personen-Drehkreuze in voller H\u00f6he sind ideal f\u00fcr Innen- und Au\u00dfenbereiche.<\/li>\n<li>Sicherheitsdrehkreuze in voller H\u00f6he k\u00f6nnen in jede Art von Zugangskontrollsystem integriert werden (z. B.: RFID-Ger\u00e4t, Fingerabdruck und biometrisches Ger\u00e4t).<\/li>\n<li data-spm-anchor-id=\"a2700.details.pronpeci14.i0.58226f8fLZmm5D\">Das Drehkreuztor \u00f6ffnet sich automatisch, wenn der Strom ausgeschaltet ist. Es ist sehr sicher, um die Anforderungen an den Feuerleitdurchgang zu erf\u00fcllen.<\/li>\n<li>Stoppen Sie mit der Anti-Reverse-Funktion die umgekehrte Richtung.<\/li>\n<li>Der Mechanismus ist mit einer automatisch geregelten hydraulischen Puffervorrichtung ausgestattet. Keine Ger\u00e4usche und St\u00f6\u00dfe beim Laufen.<\/li>\n<li>Selbstwiederherstellungsfunktion, wenn die Stromversorgung eingeschaltet ist, wird das System automatisch neu gestartet.<\/li>\n<li>Zuverl\u00e4ssigkeit des Mechanismus: 5 Millionen, kein Fehler<\/li>\n<li>Doppellagervorrichtungen halten das Tor im Gleichgewicht, wenn eine \u00e4u\u00dfere Kraft einwirkt.<\/li>\n<li>Einseitig oder bidirektional ist optional.<\/li>\n<li>Mit LED-Kontrollleuchte.<\/li>\n<li>Sicherheitsdrehkreuze in voller H\u00f6he k\u00f6nnen an die unterschiedlichen Anforderungen an verschiedenen Orten angepasst werden.<\/li>\n<li>\u00dcber die eingebaute kleine Tastatur der Steuerplatine mit programmierbaren Ger\u00e4ten zur Verwaltung des Betriebsstatus.<\/li>\n<\/ul>\n<\/li>\n<\/ul>\n<p><a href=\"https:\/\/mairsturnstile.com\/full-height-turnstiles.html\">Drehkreuze in voller<\/a> H\u00f6he k\u00f6nnen im Innen- und Au\u00dfenbereich verwendet werden. Es hat eine gute wasserdichte Leistung. Als das beste <strong>Drehkreuz in voller H\u00f6he in Malaysia<\/strong> wird es h\u00e4ufig f\u00fcr Bahnh\u00f6fe, Schulbibliotheken, Regierungseinrichtungen, Vergn\u00fcgungsparks, Gef\u00e4ngnisse, Fu\u00dfballstadien, Wohnungen, Museen und Fabriken usw. verwendet.<\/p>\n<p>Dieses Drehkreuz mit voller H\u00f6he ist ein einzelnes Drehkreuz mit voller H\u00f6he, <strong>Was ist ein einzelnes Drehkreuz in voller H\u00f6he? Im <a href=\"https:\/\/mairsturnstile.com\/product\/full-height-double-turnstile\">Gegensatz zu einem doppelten Drehkreuz<\/a> in voller H\u00f6he besteht ein einzelnes Drehkreuz in voller H\u00f6he aus einem Steuermechanismus und einer Sperrstange aus Edelstahl, die nur einen Kanal hat. <\/strong>Wir k\u00f6nnen die gesamte Sicherheitskontrolll\u00f6sung anbieten, bitte sehen Sie sich das Video an:<\/p>\n<p><iframe title=\"YouTube-Videoplayer\" src=\"https:\/\/www.youtube.com\/embed\/cy4ZzmrIfx0\" width=\"1150\" height=\"650\" frameborder=\"0\" allowfullscreen=\"allowfullscreen\"><span data-mce-type=\"bookmark\" style=\"display: inline-block; width: 0px; overflow: hidden; line-height: 0;\" class=\"mce_SELRES_start\"><\/span><\/iframe><\/p>\n","protected":false},"excerpt":{"rendered":"<p>1. Gr\u00f6\u00dfe: 1630 * 1500 * 2310 mm (kann angepasst werden)<\/p>\n<p>2. Spurbreite: 650 mm (kann angepasst werden)<\/p>\n<p>3. Geh\u00e4usematerial: Edelstahl 304 oder Edelstahl 316<\/p>\n<p>4. Durchgangsgeschwindigkeit: 30 Personen\/min<\/p>\n<p>5. Stromversorgung: 110 V\/220 V 50\/60 Hz<\/p>\n<p>6. Magnetspule f\u00fcr Fu\u00dfg\u00e4nger-Drehkreuze in voller H\u00f6he: DC24V<\/p>\n<p>7. Gate Open-Eingang: Potenzialfreier Kontakt\/Relais<\/p>\n<p>8. Logikspannung: DC24V<\/p>\n<p>9. Antrieb: Halbautomatischer Betrieb<\/p>\n<p><strong><a title=\"Mairs CE-zertifiziertes Drehkreuz in voller H\u00f6he\" href=\"http:\/\/mairsturnstile.com\/wp-content\/uploads\/2022\/09\/Mairs-CE-Certificate-Full-Height-Turnstile.pdf\" target=\"_blank\" rel=\"noopener noreferrer\">CE-zertifiziert,<\/a> <a title=\"Mairs ISO9001-Zertifikat\" href=\"http:\/\/mairsturnstile.com\/wp-content\/uploads\/2022\/09\/Mairs-Registration-Certificate-ISO9001.pdf\" target=\"_blank\" rel=\"noopener noreferrer\">ISO9001-zertifiziert.<\/a><\/strong><\/p>\n<p><a title=\"Brosch\u00fcre zu Fu\u00dfg\u00e4nger-Drehkreuzen in voller H\u00f6he\" href=\"http:\/\/mairsturnstile.com\/wp-content\/uploads\/2022\/09\/MT402-Full-Height-Pedestrian-Turnstiles-Brochure.pdf\" target=\"_blank\" rel=\"noopener noreferrer\"><img decoding=\"async\" class=\"alignnone size-full wp-image-11034\" src=\"http:\/\/mairsturnstile.com\/wp-content\/uploads\/2022\/09\/pdf-MairsTurnstile.png\" alt=\"\" width=\"32\" height=\"32\"><strong><span style=\"color: #0000ff;\">Brosch\u00fcre zu MT402 Fu\u00dfg\u00e4nger-Drehkreuzen in voller H\u00f6he<\/span><\/strong><br \/>\n<\/a><\/p>\n<p><a title=\"Installationshandbuch f\u00fcr Drehkreuze in voller H\u00f6he\" href=\"http:\/\/mairsturnstile.com\/wp-content\/uploads\/2023\/09\/Full-height-turnstile-installation-manual.pdf\" target=\"_blank\" rel=\"noopener noreferrer\"><img decoding=\"async\" class=\"alignnone size-full wp-image-11034\" src=\"http:\/\/mairsturnstile.com\/wp-content\/uploads\/2022\/09\/pdf-MairsTurnstile.png\" alt=\"\" width=\"32\" height=\"32\"><strong><span style=\"color: #0000ff;\"> Benutzer- und Installationshandbuch f\u00fcr Drehkreuze in voller H\u00f6he<\/span><\/strong><\/a><\/p>\n","protected":false},"featured_media":57305,"comment_status":"closed","ping_status":"closed","template":"","meta":{"neve_meta_sidebar":"","neve_meta_container":"","neve_meta_enable_content_width":"off","neve_meta_content_width":0,"neve_meta_title_alignment":"","neve_meta_author_avatar":"","neve_post_elements_order":"","neve_meta_disable_header":"","neve_meta_disable_footer":"","neve_meta_disable_title":"","_ti_tpc_template_sync":false,"_ti_tpc_template_id":""},"product_cat":[433,429],"product_tag":[1480,539,1485,538,1484,1486],"class_list":["post-9197","product","type-product","status-publish","has-post-thumbnail","hentry","product_cat-drehkreuze-in-voller-hohe","product_cat-sicherheits-drehkreuze","product_tag-drehkreuz-in-voller-hohe","product_tag-drehkreuz-in-voller-hohe-malaysia","product_tag-drehkreuz-tor-malaysia","product_tag-fusganger-drehkreuze-in-voller-hohe","product_tag-qr-code-drehkreuz","product_tag-sicherheitsdrehkreuze-in-voller-hohe"],"_links":{"self":[{"href":"https:\/\/mairsturnstile.com\/de\/wp-json\/wp\/v2\/product\/9197","targetHints":{"allow":["GET"]}}],"collection":[{"href":"https:\/\/mairsturnstile.com\/de\/wp-json\/wp\/v2\/product"}],"about":[{"href":"https:\/\/mairsturnstile.com\/de\/wp-json\/wp\/v2\/types\/product"}],"replies":[{"embeddable":true,"href":"https:\/\/mairsturnstile.com\/de\/wp-json\/wp\/v2\/comments?post=9197"}],"version-history":[{"count":0,"href":"https:\/\/mairsturnstile.com\/de\/wp-json\/wp\/v2\/product\/9197\/revisions"}],"wp:featuredmedia":[{"embeddable":true,"href":"https:\/\/mairsturnstile.com\/de\/wp-json\/wp\/v2\/media\/57305"}],"wp:attachment":[{"href":"https:\/\/mairsturnstile.com\/de\/wp-json\/wp\/v2\/media?parent=9197"}],"wp:term":[{"taxonomy":"product_cat","embeddable":true,"href":"https:\/\/mairsturnstile.com\/de\/wp-json\/wp\/v2\/product_cat?post=9197"},{"taxonomy":"product_tag","embeddable":true,"href":"https:\/\/mairsturnstile.com\/de\/wp-json\/wp\/v2\/product_tag?post=9197"}],"curies":[{"name":"wp","href":"https:\/\/api.w.org\/{rel}","templated":true}]}}