{"id":9199,"date":"2021-07-12T00:20:07","date_gmt":"2021-07-11T16:20:07","guid":{"rendered":"https:\/\/mairsturnstile.com\/product\/gross-und-einzelhandel-drehkreuze-speed-gate-drehkreuz-mt328"},"modified":"2024-05-27T20:46:40","modified_gmt":"2024-05-27T12:46:40","slug":"einzelhandel-drehkreuze","status":"publish","type":"product","link":"https:\/\/mairsturnstile.com\/de\/produkt\/einzelhandel-drehkreuze","title":{"rendered":"Gro\u00df- und Einzelhandelsdrehkreuze Speed Gate Drehkreuz MT325"},"content":{"rendered":"        <!-- 3D Model html -->\r\n        <div class=\"bp_grand wrapper_23470\">   \r\n        <div class=\"bp_model_parent\">\r\n            <model-viewer class=\"model\" id=\"bp_model_id_23470\" src=\"http:\/\/mairsturnstile.com\/wp-content\/uploads\/2023\/07\/MT325.glb\" alt=\"MT325\" camera-controls  loading=\"auto\" auto-rotate                        >\r\n            <\/model-viewer>\r\n        \r\n            <!-- Button -->\r\n            <svg id=\"openBtn\" width=\"30px\" height=\"30px\" viewBox=\"0 0 16 16\" xmlns=\"http:\/\/www.w3.org\/2000\/svg\" fill=\"#f2f2f2\" class=\"bi bi-arrows-fullscreen model-icon\">\r\n                <path fill-rule=\"evenodd\" d=\"M5.828 10.172a.5.5 0 0 0-.707 0l-4.096 4.096V11.5a.5.5 0 0 0-1 0v3.975a.5.5 0 0 0 .5.5H4.5a.5.5 0 0 0 0-1H1.732l4.096-4.096a.5.5 0 0 0 0-.707zm4.344 0a.5.5 0 0 1 .707 0l4.096 4.096V11.5a.5.5 0 1 1 1 0v3.975a.5.5 0 0 1-.5.5H11.5a.5.5 0 0 1 0-1h2.768l-4.096-4.096a.5.5 0 0 1 0-.707zm0-4.344a.5.5 0 0 0 .707 0l4.096-4.096V4.5a.5.5 0 1 0 1 0V.525a.5.5 0 0 0-.5-.5H11.5a.5.5 0 0 0 0 1h2.768l-4.096 4.096a.5.5 0 0 0 0 .707zm-4.344 0a.5.5 0 0 1-.707 0L1.025 1.732V4.5a.5.5 0 0 1-1 0V.525a.5.5 0 0 1 .5-.5H4.5a.5.5 0 0 1 0 1H1.732l4.096 4.096a.5.5 0 0 1 0 .707z\"\/>\r\n            <\/svg>\r\n        \r\n            <svg id=\"closeBtn\" class=\"model-icon\" width=\"34px\" height=\"34px\" viewBox=\"0 0 24 24\" xmlns=\"http:\/\/www.w3.org\/2000\/svg\">\r\n                <path fill=\"none\" stroke=\"#f2f2f2\" stroke-width=\"2\" d=\"M7,7 L17,17 M7,17 L17,7\"\/>\r\n            <\/svg>\r\n        \r\n        <\/div>\r\n        <\/div> \r\n\r\n        <!-- Model Viewer Style -->\r\n        <style>\r\n            \r\n            .wrapper_23470 .bp_model_parent, #bp_model_id_23470 {\r\n                width: 1150px;\r\n                max-width: 100%;\r\n                                            }\r\n            #bp_model_id_23470 {\r\n                height:700px;\r\n                background-color: #f2f2f2;\r\n            }\r\n            .fullscreen #bp_model_id_23470{\r\n            height: 100%;\r\n            width: 100%;\r\n            }\r\n            .wrapper_23470 .bp_model_parent{\r\n                justify-content: start            }\r\n            model-viewer.model {\r\n                --poster-color: transparent;\r\n            }\r\n        <\/style>\r\n        \r\n        \n<h4><strong><b>Dieses Gro\u00df- und Einzelhandelsdrehkreuz Speed Gate Turnstile MT328<\/b><\/strong> <strong><b>bietet<\/b><\/strong> <strong><b>2 Jahre Garantie und dauerhafte Wartungs- und Reparaturunterst\u00fctzung.<\/b><\/strong><strong><b> <\/b><\/strong><\/h4>\n<p>Mairs kann optische Fastlane-Drehkreuze an Ihre Anforderungen anpassen. Wir k\u00f6nnen OEM- und ODM-Dienstleistungen erbringen. Wir bieten auch biometrische Ger\u00e4te wie IC\/ID-Kartenleser, Fingerabdruckscanner, QR-Code-Scanner, Gesichtserkennungskameras und so weiter. Wenn Sie diese Ger\u00e4te an der Drehsperre in voller H\u00f6he integrieren m\u00fcssen oder Fragen haben, wenden <a href=\"https:\/\/mairsturnstile.com\/contact\">Sie sich bitte an uns<\/a><\/p>\n<p><strong>Drehkreuze f\u00fcr den Einzelhandel Speed Gate MT328<\/strong> <strong><b>Automatic Slim Fast <a href=\"https:\/\/mairsturnstile.com\/speed-gates.html\">Speed Gates<\/a><\/b><\/strong> <strong><b>Sicherheitsdrehkreuze f\u00fcr Lobbys.<\/b><\/strong><\/p>\n<p><strong><b>Das Retail Turnstiles Speed Gate Turnstile MT328 ist ein intelligentes High-End-Hochgeschwindigkeits-Drehkreuz-Drehkreuzprodukt von Mairs, das die Durchgangssituation des menschlichen K\u00f6rpers vollst\u00e4ndig erkennen kann.<\/b><\/strong><\/p>\n<p>Das K\u00f6rpermaterial dieses optischen Drehkreuzes von Fastlane f\u00fcr den Einzelhandel besteht aus Edelstahl 304, der rostfrei und langlebig ist und eine hohe Widerstandsf\u00e4higkeit aufweist.<\/p>\n<p>Wir verkaufen direkt ab Werk. Wir setzen uns auch daf\u00fcr ein, Kosten f\u00fcr unsere Kunden zu sparen. Wir bieten garantiert den besten Preis f\u00fcr Drehkreuztore online an, optimiert f\u00fcr niedrige Kosten. Daher bieten wir nicht nur die besten Gro\u00dfhandelspreise f\u00fcr Drehkreuze, sondern auch wettbewerbsf\u00e4hige Einzelhandelspreise f\u00fcr Drehkreuze. Gleichzeitig bieten alle unsere Drehkreuztore 2 Jahre Garantie. Bieten Sie hochwertige und kosteng\u00fcnstige Drehkreuzausr\u00fcstung f\u00fcr die Sicherheitszugangskontrolle, um unsere Welt zu einem besseren Ort zu machen.<\/p>\n<p>Ob Sie ein Unternehmen oder eine Einzelperson sind, ob Sie mehr als ein Drehkreuztor oder nur eines w\u00fcnschen, wir bieten Ihnen den besten Service und den besten Einzelhandelspreis f\u00fcr Drehkreuze.<\/p>\n<p>Wir k\u00f6nnen auch innerhalb weniger Minuten ein Rendering f\u00fcr Sie erstellen, das auf Ihrem aktuellen Szenario basiert. Wir liefern auch detaillierte Layouts und Zeichnungen sowie Installationszeichnungen.<\/p>\n\n        \t\n\t<style type=\"text\/css\">\n\t\t.slider-info-23484.bafg-slider-info .bafg-slider-title {\n\t\t\t\t\t\tfont-size: 22px;\n\t\t\t\t\t\t\n\t\t\t\n\t\t\t\t\t}\n\n\t\t.slider-info-23484.bafg-slider-info .bafg-slider-description {\n\t\t\t\n\t\t\t\n\t\t\t\t\t}\n\n\t\t.slider-info-23484.bafg-slider-info .bafg_slider_readmore_button {\n\t\t\t\n\t\t\t\n\t\t\t\n\t\t\t\n\t\t\t\n\t\t\ttext-align: center;\n\n\t\t\t\n\t\t\t\n\t\t\t\n\t\t\t\n\t\t\t\n\t\t\t\n\t\t\t\t\t}\n\n\t\t.slider-info-23484.bafg-slider-info .bafg_slider_readmore_button:hover {\n\n\t\t\t\n\t\t\t\n\t\t\t\t\t}\n\n\t<\/style>\n\t\n        <div class=\"bafg-twentytwenty-container slider-23484 \" bafg-orientation=\"horizontal\" bafg-default-offset=\"0.5\" bafg-before-label=\"Before\" bafg-after-label=\"After\" bafg-overlay=\"yes\" bafg-move-slider-on-hover=\"yes\" bafg-click-to-move=\"no\">\n              \n            <img decoding=\"async\" class=\"skip-lazy\" src=\"http:\/\/mairsturnstile.com\/wp-content\/uploads\/2023\/07\/retail-turnstiles_6.jpg\" alt=\"\" data-skip-lazy title=\"\">\n            <img decoding=\"async\" class=\"skip-lazy\" src=\"http:\/\/mairsturnstile.com\/wp-content\/uploads\/2023\/07\/retail-turnstiles_7.jpg\" alt=\"\" data-skip-lazy title=\"\">\n           \n        <\/div>\n\n        \t<div class=\"bafg-slider-info-wraper\">\n\t\t<div style=\"\" class=\"slider-info-23484 bafg-slider-info\">\n\t\t\t\t\t<\/div>\n\t<\/div>\n\t\n        <style type=\"text\/css\">\n            \n        <\/style>\n        \n<p><strong><b>Anti-Tag nach, Anti-Hit gegen, RS485-Kommunikation, b\u00fcrstenloser DC-Motor,<\/b><\/strong> Dieses Speed Gates-Drehkreuz, <strong><b>kompatibel mit allen Arten von <a href=\"https:\/\/en.wikipedia.org\/wiki\/Access_control\" target=\"_blank\" rel=\"noopener noreferrer\">Zugangskontroll<\/a>systemen<\/b><\/strong><strong><b>.<\/b><\/strong><\/p>\n<p>Diese Sicherheitsdrehkreuze f\u00fcr Einzelhandelsdrehkreuze werden h\u00e4ufig in Bushaltestellen, H\u00e4fen, U-Bahnen, Fabriken, Villen, Wohngebieten, Hotels, Unternehmen usw. \u00fcberall dort eingesetzt, wo eine intelligente Flusskontrolle erforderlich ist.<\/p>\n<p>Es hat die Funktion der Fehlerselbstpr\u00fcfung und der Alarmaufforderung, die f\u00fcr Benutzer bequem zu warten und zu verwenden ist.<\/p>\n<p>Es kann mit jedem Steuersignal oder Taster verbunden werden und kann von jedem Steuerger\u00e4t ausgegeben werden, um eine Einweg- und Zweiwegsteuerung zu realisieren.<\/p>\n<p>Der freie Durchgang in eine Richtung und in beide Richtungen kann beliebig eingestellt werden.<\/p>\n<p>Wenn das Ger\u00e4t eingeschaltet oder neu gestartet wird, verf\u00fcgt es \u00fcber die Funktion der Fehlerselbstpr\u00fcfung, die f\u00fcr Benutzer bequem zu warten und zu verwenden ist.<\/p>\n<p>Ampelstatusanzeige mit hoher Intensit\u00e4t. Wenn jemand folgt, beginnt das Tor automatisch mit der R\u00fcckw\u00e4rtsschubverriegelung und gibt einen Alarm aus. Schlie\u00dfen Sie das Feueralarmsignal an.<\/p>\n<p><strong>Technische Parameter:<\/strong><\/p>\n<p>1. Gr\u00f6\u00dfe: 1200*185*980mm<br \/>\n2. Material: 1,0 mm SUS 304 Haarlinie 400 # + obere Abdeckung 1,5 mm SUS304<br \/>\n3. Armmaterial: Acrylplatte<br \/>\n4. Durchgangsbreite: Standard600 mm Behinderte 900 mm<br \/>\n5. Durchgangsrichtung Einseitig gerichtet\/bidirektional<br \/>\n6. Durchgangsrate: 30-35 Personen\/Minute<br \/>\n7. Betriebszeit: 0,2 Sekunden<br \/>\n8. Leistungsaufnahme: AC100-240V, 50\/60HZ<br \/>\n9. Arbeitsspannung 24V<br \/>\n10. Arbeitsfeuchtigkeit: 30% ~ 95%<br \/>\n11. Arbeitstemperatur: -10\u2103~+70\u2103<br \/>\n12. Arbeitsumgebung: Innen und au\u00dfen<br \/>\n13. Eingangsschnittstelle: RS485, Trockenkontaktrelais<br \/>\n14. Mechanismus: Anti-Hit-Mechanismus mit b\u00fcrstenlosem DC-Motor<br \/>\n15. Infrarotsensor: 4 Paare<br \/>\n16. MCBF: 3.000.000 Zyklen<br \/>\n17. Anwendung: Busbahnh\u00f6fe, Bibliotheken, Regierungshallen, Fabriken, Schulen usw<\/p>\n<p>Wir k\u00f6nnen die gesamte L\u00f6sung f\u00fcr die Sicherheitskontrolle anbieten. Wenn Sie ein eigenes Zugangskontrollsystem haben, k\u00f6nnen Sie unser Drehkreuz direkt verwenden. Falls Sie noch keine haben, bieten wir auch eine komplette L\u00f6sung f\u00fcr die Zugangskontrolle an. Einzelheiten entnehmen Sie bitte dem unten stehenden Video.<\/p>\n<p><iframe title=\"Glasdrehkreuze, Drehkreuze aus geh\u00e4rtetem Glas, Drehkreuze aus Glas zu verkaufen - MairsTurnstile\" src=\"https:\/\/www.youtube.com\/embed\/n6MbKy14gAk\" width=\"1150\" height=\"650\" frameborder=\"0\" allowfullscreen=\"allowfullscreen\"><\/iframe><\/p>\n","protected":false},"excerpt":{"rendered":"<p>1. Gr\u00f6\u00dfe: 1200 * 185 * 980 mm (kann angepasst werden)<\/p>\n<p>2. Material: 1,0 mm SUS 304 Haarlinie 400 # + obere Abdeckung 1,5 mm SUS304<\/p>\n<p>3. Armmaterial: Acrylplatte<\/p>\n<p>4. Durchgangsbreite: Standard 600 mm Behinderte 900 mm<\/p>\n<p>5. Durchgangsrichtung Einseitig gerichtet\/bidirektional<\/p>\n<p>6. Durchgangsrate: 30-35 Personen\/Minute<\/p>\n<p>7. Betriebszeit: 0,2 Sekunden<\/p>\n<p>8. Leistungsaufnahme: AC100-240V, 50\/60HZ<\/p>\n<p>9. Eingangsschnittstelle: RS485, Trockenkontaktrelais<\/p>\n<p><strong><a title=\"Mairs CE-zertifiziertes Drehkreuztor mit Drehkreuz\" href=\"http:\/\/mairsturnstile.com\/wp-content\/uploads\/2022\/09\/Mairs-CE-Certificate-Swing-Turnstile-Gate.pdf\" target=\"_blank\" rel=\"noopener noreferrer\">CE-zertifiziert,<\/a> <a title=\"Mairs ISO9001-Zertifikat\" href=\"http:\/\/mairsturnstile.com\/wp-content\/uploads\/2022\/09\/Mairs-Registration-Certificate-ISO9001.pdf\" target=\"_blank\" rel=\"noopener noreferrer\">ISO9001-zertifiziert.<\/a><\/strong><\/p>\n<p><a title=\"Brosch\u00fcre Drehkreuze\" href=\"http:\/\/mairsturnstile.com\/wp-content\/uploads\/2023\/12\/MT325-brochure.pdf\" target=\"_blank\" rel=\"noopener noreferrer\" data-wp-editing=\"1\"><img decoding=\"async\" class=\"alignnone size-full wp-image-11034\" src=\"http:\/\/mairsturnstile.com\/wp-content\/uploads\/2022\/09\/pdf-MairsTurnstile.png\" alt=\"\" width=\"32\" height=\"32\"><strong><span style=\"color: #0000ff;\">MT325 Schwenkdrehkreuz Brosch\u00fcre<\/span><\/strong><\/a><\/p>\n","protected":false},"featured_media":26845,"comment_status":"closed","ping_status":"closed","template":"","meta":{"neve_meta_sidebar":"","neve_meta_container":"","neve_meta_enable_content_width":"off","neve_meta_content_width":0,"neve_meta_title_alignment":"","neve_meta_author_avatar":"","neve_post_elements_order":"","neve_meta_disable_header":"","neve_meta_disable_footer":"","neve_meta_disable_title":"","_ti_tpc_template_sync":false,"_ti_tpc_template_id":""},"product_cat":[427,429],"product_tag":[1479,1519,542,1520,1478],"class_list":["post-9199","product","type-product","status-publish","has-post-thumbnail","hentry","product_cat-schwenkbares-drehkreuztor","product_cat-sicherheits-drehkreuze","product_tag-drehkreuz-kosten","product_tag-drehkreuz-tor-preis","product_tag-drehkreuze-fur-den-einzelhandel","product_tag-groshandel-drehkreuz","product_tag-was-kostet-ein-drehkreuz"],"_links":{"self":[{"href":"https:\/\/mairsturnstile.com\/de\/wp-json\/wp\/v2\/product\/9199","targetHints":{"allow":["GET"]}}],"collection":[{"href":"https:\/\/mairsturnstile.com\/de\/wp-json\/wp\/v2\/product"}],"about":[{"href":"https:\/\/mairsturnstile.com\/de\/wp-json\/wp\/v2\/types\/product"}],"replies":[{"embeddable":true,"href":"https:\/\/mairsturnstile.com\/de\/wp-json\/wp\/v2\/comments?post=9199"}],"version-history":[{"count":0,"href":"https:\/\/mairsturnstile.com\/de\/wp-json\/wp\/v2\/product\/9199\/revisions"}],"wp:featuredmedia":[{"embeddable":true,"href":"https:\/\/mairsturnstile.com\/de\/wp-json\/wp\/v2\/media\/26845"}],"wp:attachment":[{"href":"https:\/\/mairsturnstile.com\/de\/wp-json\/wp\/v2\/media?parent=9199"}],"wp:term":[{"taxonomy":"product_cat","embeddable":true,"href":"https:\/\/mairsturnstile.com\/de\/wp-json\/wp\/v2\/product_cat?post=9199"},{"taxonomy":"product_tag","embeddable":true,"href":"https:\/\/mairsturnstile.com\/de\/wp-json\/wp\/v2\/product_tag?post=9199"}],"curies":[{"name":"wp","href":"https:\/\/api.w.org\/{rel}","templated":true}]}}