{"id":9200,"date":"2021-07-12T00:18:10","date_gmt":"2021-07-11T16:18:10","guid":{"rendered":"https:\/\/mairsturnstile.com\/product\/fingerabdruck-drehkreuz-speed-gate-drehkreuz-mt-a306"},"modified":"2023-11-01T10:39:54","modified_gmt":"2023-11-01T02:39:54","slug":"fingerabdruck-drehkreuz","status":"publish","type":"product","link":"https:\/\/mairsturnstile.com\/de\/produkt\/fingerabdruck-drehkreuz","title":{"rendered":"Fingerabdruck-Drehkreuz Speed Gate Drehkreuz MT-E316"},"content":{"rendered":"        <!-- 3D Model html -->\r\n        <div class=\"bp_grand wrapper_26319\">   \r\n        <div class=\"bp_model_parent\">\r\n            <model-viewer class=\"model\" id=\"bp_model_id_26319\" src=\"http:\/\/mairsturnstile.com\/wp-content\/uploads\/2024\/01\/MT-EE316.glb\" alt=\"MT-EE316\" camera-controls  loading=\"auto\" auto-rotate                        >\r\n            <\/model-viewer>\r\n        \r\n            <!-- Button -->\r\n            <svg id=\"openBtn\" width=\"30px\" height=\"30px\" viewBox=\"0 0 16 16\" xmlns=\"http:\/\/www.w3.org\/2000\/svg\" fill=\"#f2f2f2\" class=\"bi bi-arrows-fullscreen model-icon\">\r\n                <path fill-rule=\"evenodd\" d=\"M5.828 10.172a.5.5 0 0 0-.707 0l-4.096 4.096V11.5a.5.5 0 0 0-1 0v3.975a.5.5 0 0 0 .5.5H4.5a.5.5 0 0 0 0-1H1.732l4.096-4.096a.5.5 0 0 0 0-.707zm4.344 0a.5.5 0 0 1 .707 0l4.096 4.096V11.5a.5.5 0 1 1 1 0v3.975a.5.5 0 0 1-.5.5H11.5a.5.5 0 0 1 0-1h2.768l-4.096-4.096a.5.5 0 0 1 0-.707zm0-4.344a.5.5 0 0 0 .707 0l4.096-4.096V4.5a.5.5 0 1 0 1 0V.525a.5.5 0 0 0-.5-.5H11.5a.5.5 0 0 0 0 1h2.768l-4.096 4.096a.5.5 0 0 0 0 .707zm-4.344 0a.5.5 0 0 1-.707 0L1.025 1.732V4.5a.5.5 0 0 1-1 0V.525a.5.5 0 0 1 .5-.5H4.5a.5.5 0 0 1 0 1H1.732l4.096 4.096a.5.5 0 0 1 0 .707z\"\/>\r\n            <\/svg>\r\n        \r\n            <svg id=\"closeBtn\" class=\"model-icon\" width=\"34px\" height=\"34px\" viewBox=\"0 0 24 24\" xmlns=\"http:\/\/www.w3.org\/2000\/svg\">\r\n                <path fill=\"none\" stroke=\"#f2f2f2\" stroke-width=\"2\" d=\"M7,7 L17,17 M7,17 L17,7\"\/>\r\n            <\/svg>\r\n        \r\n        <\/div>\r\n        <\/div> \r\n\r\n        <!-- Model Viewer Style -->\r\n        <style>\r\n            \r\n            .wrapper_26319 .bp_model_parent, #bp_model_id_26319 {\r\n                width: 1150px;\r\n                max-width: 100%;\r\n                                            }\r\n            #bp_model_id_26319 {\r\n                height:700px;\r\n                background-color: #f9f9f9;\r\n            }\r\n            .fullscreen #bp_model_id_26319{\r\n            height: 100%;\r\n            width: 100%;\r\n            }\r\n            .wrapper_26319 .bp_model_parent{\r\n                justify-content: start            }\r\n            model-viewer.model {\r\n                --poster-color: transparent;\r\n            }\r\n        <\/style>\r\n        \r\n        \n<h2>Dieses Fingerprint Turnstile Servo Motor Speed Gate MT-E316 hat eine 2-j\u00e4hrige Garantie und dauerhafte Wartungs- und Reparaturunterst\u00fctzung.<\/h2>\n<p>Wir k\u00f6nnen OEM- und ODM-Dienstleistungen erbringen. Wir haben erfahrene Designer, die eine tiefgreifende Anpassung an Ihre Bed\u00fcrfnisse vornehmen k\u00f6nnen. Wir werden so bald wie m\u00f6glich eine Reihe von Materialien wie 3D-Renderings, Ma\u00dfzeichnungen usw. zur Verf\u00fcgung stellen.<\/p>\n<p><strong>Fingerprint Turnstile ist eine Art intelligentes Drehkreuz f\u00fcr Fu\u00dfg\u00e4nger, das in einen biometrischen Fingerabdruckscanner oder Fingerabdruckleser integriert ist, um das Sicherheitsmanagement der Fu\u00dfg\u00e4ngerzugangskontrolle durch <a class=\"rank-math-link\" href=\"https:\/\/en.wikipedia.org\/wiki\/Fingerprint\" target=\"_blank\" rel=\"noopener noreferrer\">Fingerabdruck\u00fcberpr\u00fcfung<\/a> zu realisieren. <\/strong>Nat\u00fcrlich k\u00f6nnen wir diese biometrischen Fingerabdruckscanner oder Fingerabdruckleser problemlos in unser Drehkreuztor integrieren. Wir bieten auch biometrische Ger\u00e4te wie IC\/ID-Kartenleser, Fingerabdruckscanner, QR-Code-Scanner, Gesichtserkennungskameras und so weiter. <strong>Mairs kann das Speed Gate f\u00fcr Fingerabdruck-Drehkreuze an Ihre Anforderungen anpassen<\/strong>. Wenn Sie diese Ger\u00e4te in das Drehkreuztor integrieren m\u00fcssen oder Fragen haben, wenden <a href=\"https:\/\/mairsturnstile.com\/contact\">Sie sich bitte an uns<\/a>, wenn Sie diese Fingerabdruck-Drehkreuze ben\u00f6tigen<\/p>\n<p>Die Fingerabdruckerkennungsmaschine ist auch ein Erkennungsverfahren. Genau wie das Kartenleseger\u00e4t auf dem Produktbild kann ein Fingerabdruck-Drehkreuz gebildet werden, indem ein Fingerabdruckerkennungsger\u00e4t eines Drittanbieters hinzugef\u00fcgt oder das Kartenleseger\u00e4t durch ein Fingerabdruckger\u00e4t ersetzt wird.<\/p>\n<p>Das biometrische Fingerabdruckverfahren dient dazu, die Biometrie der vorbeigehenden Personen zu identifizieren, und seine Zuverl\u00e4ssigkeit ist relativ hoch. Im Vergleich zur RFID-Karten-\/QR-Code-Identifikation erspart es das Mitf\u00fchren dieser externen Medien. Fingerabdr\u00fccke sind jedoch leicht zu sammeln und werden eher getarnt, daher gibt es bestimmte Schwachstellen. Dar\u00fcber hinaus erfordert die Passage die aktive Mitarbeit von Fu\u00dfg\u00e4ngern, um sie zu \u00fcberpr\u00fcfen.<\/p>\n<h3>Warum ein Fingerabdruck-Drehkreuz verwenden?<\/h3>\n<p>Die Fingerabdruckidentifikation ist eine Art biometrischer Technologie, die fr\u00fcher entwickelt und angewendet wurde. Als biometrische Technologie mit der l\u00e4ngsten Forschungs- und Entwicklungsgeschichte hat sie folgende Vorteile:<\/p>\n<p>1. Der Fingerabdruck ist ein einzigartiges Merkmal des menschlichen K\u00f6rpers, und seine Komplexit\u00e4t reicht aus, um ausreichende Merkmale zur Identifizierung bereitzustellen.<br \/>\n2. Jedermanns Fingerabdr\u00fccke sind ziemlich fest und schwer zu \u00e4ndern;<br \/>\n3. Leicht zu erhaltende Fingerabdruckproben, leicht zu entwickelndes Identifizierungssystem und starke Praktikabilit\u00e4t;<br \/>\n4. Die Zehn-Finger-Fingerabdr\u00fccke einer Person sind unterschiedlich, was die Sicherheit des Systems verbessern kann;<br \/>\n5. Die Speicherung von Fingerabdruckvorlagen ist viel geringer als die von Fingerabdruckbildern;<br \/>\n6. Der Fingerabdruckerfassungskopf kann miniaturisierter und billiger sein.<\/p>\n<p>Wir k\u00f6nnen auch innerhalb weniger Minuten ein Rendering f\u00fcr Sie erstellen, das auf Ihrem aktuellen Szenario basiert. Wir liefern auch detaillierte Layouts und Zeichnungen sowie Installationszeichnungen.<\/p>\n\n        \t\n\t<style type=\"text\/css\">\n\t\t.slider-info-26322.bafg-slider-info .bafg-slider-title {\n\t\t\t\t\t\tfont-size: 22px;\n\t\t\t\t\t\t\n\t\t\t\n\t\t\t\t\t}\n\n\t\t.slider-info-26322.bafg-slider-info .bafg-slider-description {\n\t\t\t\n\t\t\t\n\t\t\t\t\t}\n\n\t\t.slider-info-26322.bafg-slider-info .bafg_slider_readmore_button {\n\t\t\t\n\t\t\t\n\t\t\t\n\t\t\t\n\t\t\t\n\t\t\ttext-align: center;\n\n\t\t\t\n\t\t\t\n\t\t\t\n\t\t\t\n\t\t\t\n\t\t\t\n\t\t\t\t\t}\n\n\t\t.slider-info-26322.bafg-slider-info .bafg_slider_readmore_button:hover {\n\n\t\t\t\n\t\t\t\n\t\t\t\t\t}\n\n\t<\/style>\n\t\n        <div class=\"bafg-twentytwenty-container slider-26322 \" bafg-orientation=\"horizontal\" bafg-default-offset=\"0.5\" bafg-before-label=\"Before\" bafg-after-label=\"After\" bafg-overlay=\"yes\" bafg-move-slider-on-hover=\"yes\" bafg-click-to-move=\"no\">\n              \n            <img decoding=\"async\" class=\"skip-lazy\" src=\"http:\/\/mairsturnstile.com\/wp-content\/uploads\/2021\/07\/fingerprint-turnstile-5.jpg\" alt=\"fingerprint turnstile\" data-skip-lazy title=\"\">\n            <img decoding=\"async\" class=\"skip-lazy\" src=\"http:\/\/mairsturnstile.com\/wp-content\/uploads\/2021\/07\/fingerprint-turnstile-6.jpg\" alt=\"fingerprint turnstile\" data-skip-lazy title=\"\">\n           \n        <\/div>\n\n        \t<div class=\"bafg-slider-info-wraper\">\n\t\t<div style=\"\" class=\"slider-info-26322 bafg-slider-info\">\n\t\t\t\t\t<\/div>\n\t<\/div>\n\t\n        <style type=\"text\/css\">\n            \n        <\/style>\n        \n<p>Beim Lesen von Fingerabdr\u00fccken m\u00fcssen Benutzer ihre Finger mit dem Fingerabdruck-Erfassungskopf in Kontakt bringen. Der direkte Kontakt mit dem Fingerabdruck-Erfassungskopf ist die zuverl\u00e4ssigste Methode zum Lesen menschlicher Biometrie. Dies ist auch ein Hauptgrund, warum die Fingerabdruck-Identifikationstechnologie den gr\u00f6\u00dften Teil des Marktes einnehmen kann; Es ist ersichtlich, dass die Fingerabdruck-Identifikationstechnologie derzeit die bequemste, zuverl\u00e4ssigste, nicht-invasive und billigste biometrische Technologiel\u00f6sung ist und ein gro\u00dfes Potenzial f\u00fcr gro\u00df angelegte Anwendungen hat.<\/p>\n<p>Fingerabdruck-Drehkreuz-Servomotor-Geschwindigkeits-Tor-automatische d\u00fcnne <a href=\"https:\/\/mairsturnstile.com\/speed-gates.html\">schnelle Ge<\/a>schwindigkeits-Tor-Sicherheits-Drehkreuze f\u00fcr Lobbys.<\/p>\n<p>Das Fingerprint Turnstile Servo Motor Speed Gate MT-E316 ist ein intelligentes High-End-Drehkreuz-Drehkreuzprodukt von Mairs, das die Durchgangssituation des menschlichen K\u00f6rpers vollst\u00e4ndig erkennen kann.<\/p>\n<p>Das K\u00f6rpermaterial dieses Fingerabdruck-Drehkreuzes besteht aus Edelstahl 304, der rostfrei, langlebig und hochbest\u00e4ndig ist.<\/p>\n<p>Anti-Tag nach, Anti-Hit gegen, RS485-Kommunikation, b\u00fcrstenloser DC-Motor, Dieses Drehkreuz f\u00fcr Fingerabdruck-Drehkreuze ist mit allen Arten von <a href=\"https:\/\/en.wikipedia.org\/wiki\/Access_control\" target=\"_blank\" rel=\"noopener noreferrer\">Zugangskontroll<\/a>systemen kompatibel.<\/p>\n<p>Diese Fingerabdruck-Drehkreuzschleusen werden h\u00e4ufig in Bushaltestellen, H\u00e4fen, U-Bahnen, Fabriken, Villen, Wohngebieten, Hotels, Unternehmen usw. \u00fcberall dort eingesetzt, wo eine intelligente Flusskontrolle erforderlich ist.<\/p>\n<p>Es hat die Funktion der Fehlerselbstpr\u00fcfung und der Alarmaufforderung, die f\u00fcr Benutzer bequem zu warten und zu verwenden ist.<\/p>\n<p>Es kann mit jedem Steuersignal oder Taster verbunden werden und kann von jedem Steuerger\u00e4t ausgegeben werden, um eine Einweg- und Zweiwegsteuerung zu realisieren.<\/p>\n<p>Der freie Durchgang in eine Richtung und in beide Richtungen kann beliebig eingestellt werden.<\/p>\n<p>Wenn das Ger\u00e4t eingeschaltet oder neu gestartet wird, verf\u00fcgt es \u00fcber die Funktion der Fehlerselbstpr\u00fcfung, die f\u00fcr Benutzer bequem zu warten und zu verwenden ist.<\/p>\n<p>Ampelstatusanzeige mit hoher Intensit\u00e4t. Wenn jemand folgt, beginnt das Tor automatisch mit der R\u00fcckw\u00e4rtsschubverriegelung und gibt einen Alarm aus. Schlie\u00dfen Sie das Feueralarmsignal an.<\/p>\n<p><strong>Technische Parameter:<\/strong><\/p>\n<p>Durchgangsbreite: Standard 600 mm max. 1200 mm (Arm mehr als 900 mm ausgeh\u00f6hlt)<br \/>\nArbeitsfeuchtigkeit: 30% ~ 95%<br \/>\nArbeitstemperatur: -40\u2103~+70\u2103<br \/>\nArbeitsumgebung: Innen<br \/>\nEingangsschnittstelle: RS485, Trockenkontakt<br \/>\nMechanismus: B\u00fcrstenloser Servomotor 120W<br \/>\nInfrarotsensor: 6 Paare<br \/>\nMCBF: 5.000.000 Zyklen<br \/>\nAnwendung: B\u00fcrogeb\u00e4ude, Hotels, Regierungshallen usw<\/p>\n<p>Wir k\u00f6nnen die gesamte L\u00f6sung f\u00fcr die Sicherheitskontrolle anbieten. Wenn Sie ein eigenes Zugangskontrollsystem haben, k\u00f6nnen Sie unser Drehkreuz direkt verwenden. Falls Sie noch keine haben, bieten wir auch eine komplette L\u00f6sung f\u00fcr die Zugangskontrolle an. Einzelheiten entnehmen Sie bitte dem unten stehenden Video.<\/p>\n<p><iframe title=\"Flughafen-Drehkreuz, Speed-Gate-Drehkreuz f\u00fcr Flugh\u00e4fen, U-Bahn-Stationen \u2013 MairsTurnstile.com\" src=\"https:\/\/www.youtube.com\/embed\/rR_US2dIKU8\" width=\"1150\" height=\"650\" frameborder=\"0\" allowfullscreen=\"allowfullscreen\"><\/iframe><\/p>\n","protected":false},"excerpt":{"rendered":"<p>1. Gr\u00f6\u00dfe: 1500 * 150 * 980 mm (kann angepasst werden)<\/p>\n<p>2. Material: 1,2 mm geb\u00fcrsteter SUS 304<\/p>\n<p>3. Armmaterial: 10 mm Acryl (Option aus geh\u00e4rtetem Glas)<\/p>\n<p>4. Armh\u00f6he: max. 1300 mm (innerhalb einer Breite von 600 mm).<\/p>\n<p>5. Durchgangsrichtung Einseitig gerichtet\/bidirektional<\/p>\n<p>6. Durchgangsrate: 30-35 Personen\/Minute<\/p>\n<p>7. Betriebszeit: 0,2 Sekunden<\/p>\n<p>8. Leistungsaufnahme: AC100-240V, 50\/60HZ<\/p>\n<p>9. Betriebsspannung: 24V<\/p>\n<p><span style=\"color: #0000ff;\"><strong><a style=\"color: #0000ff;\" title=\"Mairs CE-zertifiziertes Speed Gate-Drehkreuz\" href=\"http:\/\/mairsturnstile.com\/wp-content\/uploads\/2022\/09\/Mairs-CE-Certificate-Speed-Gate-Turnstile.pdf\" target=\"_blank\" rel=\"noopener noreferrer\">CE-zertifiziert,<\/a> <a style=\"color: #0000ff;\" title=\"Mairs ISO9001-Zertifikat\" href=\"http:\/\/mairsturnstile.com\/wp-content\/uploads\/2022\/09\/Mairs-Registration-Certificate-ISO9001.pdf\" target=\"_blank\" rel=\"noopener noreferrer\">ISO9001-zertifiziert.<\/a><\/strong><\/span><\/p>\n","protected":false},"featured_media":44338,"comment_status":"closed","ping_status":"closed","template":"","meta":{"neve_meta_sidebar":"","neve_meta_container":"","neve_meta_enable_content_width":"off","neve_meta_content_width":0,"neve_meta_title_alignment":"","neve_meta_author_avatar":"","neve_post_elements_order":"","neve_meta_disable_header":"","neve_meta_disable_footer":"","neve_meta_disable_title":"","_ti_tpc_template_sync":false,"_ti_tpc_template_id":""},"product_cat":[428,429],"product_tag":[543,1491,1495,544],"class_list":["post-9200","product","type-product","status-publish","has-post-thumbnail","hentry","product_cat-geschwindigkeitstore-2","product_cat-sicherheits-drehkreuze","product_tag-drehkreuz-fur-fingerabdrucke","product_tag-sicherheits-drehkreuztor","product_tag-speed-gate-drehkreuz","product_tag-speedgates-zu-verkaufen"],"_links":{"self":[{"href":"https:\/\/mairsturnstile.com\/de\/wp-json\/wp\/v2\/product\/9200","targetHints":{"allow":["GET"]}}],"collection":[{"href":"https:\/\/mairsturnstile.com\/de\/wp-json\/wp\/v2\/product"}],"about":[{"href":"https:\/\/mairsturnstile.com\/de\/wp-json\/wp\/v2\/types\/product"}],"replies":[{"embeddable":true,"href":"https:\/\/mairsturnstile.com\/de\/wp-json\/wp\/v2\/comments?post=9200"}],"version-history":[{"count":0,"href":"https:\/\/mairsturnstile.com\/de\/wp-json\/wp\/v2\/product\/9200\/revisions"}],"wp:featuredmedia":[{"embeddable":true,"href":"https:\/\/mairsturnstile.com\/de\/wp-json\/wp\/v2\/media\/44338"}],"wp:attachment":[{"href":"https:\/\/mairsturnstile.com\/de\/wp-json\/wp\/v2\/media?parent=9200"}],"wp:term":[{"taxonomy":"product_cat","embeddable":true,"href":"https:\/\/mairsturnstile.com\/de\/wp-json\/wp\/v2\/product_cat?post=9200"},{"taxonomy":"product_tag","embeddable":true,"href":"https:\/\/mairsturnstile.com\/de\/wp-json\/wp\/v2\/product_tag?post=9200"}],"curies":[{"name":"wp","href":"https:\/\/api.w.org\/{rel}","templated":true}]}}