{"id":9201,"date":"2021-07-12T00:15:01","date_gmt":"2021-07-11T16:15:01","guid":{"rendered":"https:\/\/mairsturnstile.com\/product\/servomotor-security-speed-gates-drehkreuz-mt-a309"},"modified":"2023-11-01T10:40:35","modified_gmt":"2023-11-01T02:40:35","slug":"sicherheitsschleusen","status":"publish","type":"product","link":"https:\/\/mairsturnstile.com\/de\/produkt\/sicherheitsschleusen","title":{"rendered":"Servomotor Security Speed Gates Drehkreuz MT-A304"},"content":{"rendered":"<h2><strong>Dieses hochwertige Servomotor-Sicherheits-Drehkreuz MT-A304 von Speed Gates bietet eine 2-j\u00e4hrige Garantie und dauerhafte Wartungs- und Reparaturunterst\u00fctzung. <\/strong><\/h2>\n<h4><strong><b>Mairs kann Speed-Gate-Drehkreuze und Sicherheits-Drehkreuze entsprechend Ihren Anforderungen anpassen.<\/b><\/strong><\/h4>\n<p>Wir k\u00f6nnen OEM- und ODM-Dienstleistungen erbringen. Wir haben erfahrene Designer, die eine tiefgreifende Anpassung an Ihre Bed\u00fcrfnisse vornehmen k\u00f6nnen. Wir werden so bald wie m\u00f6glich eine Reihe von Materialien wie 3D-Renderings, Ma\u00dfzeichnungen usw. zur Verf\u00fcgung stellen. Wir bieten auch biometrische Ger\u00e4te wie IC\/ID-Kartenleser, Fingerabdruckscanner, QR-Code-Scanner, Gesichtserkennungskameras und so weiter.<\/p>\n<h4><strong><b>Servo Motor Security Speed Gates Drehkreuz Automatisches Slim Swing Barrier Gate<\/b><\/strong><strong><b>,<\/b><\/strong><strong><b>Servo Motor Security Speed Gates Drehkreuz f\u00fcr Lobbys.<\/b><\/strong><\/h4>\n<p><strong><b>Security Speed Gates Turnstile ist ein intelligentes High-End-Drehkreuz-Sicherheits-Speed-Gate-Produkt von Mairs, das die Durchgangssituation des menschlichen K\u00f6rpers vollst\u00e4ndig erkennen kann.<\/b><\/strong><strong><b> <\/b><\/strong>Das Geh\u00e4usematerial dieses Speed Gates besteht aus Edelstahl 304, der rostfrei, langlebig und \u00e4u\u00dferst widerstandsf\u00e4hig ist.<\/p>\n<p>Wir k\u00f6nnen auch innerhalb weniger Minuten ein Rendering f\u00fcr Sie erstellen, das auf Ihrem aktuellen Szenario basiert. Wir liefern auch detaillierte Layouts und Zeichnungen sowie Installationszeichnungen.<\/p>\n<p>Diese Sicherheitsschleusen mit Servomotor k\u00f6nnen mit IC-Karten, ID-Karten, Barcodekarten, Fingerabdruckkartenlesern, Gesichtserkennungskameras und anderen biometrischen Ger\u00e4ten kompatibel sein und bieten dem Personal einen zivilisierten und geordneten Zugang; Verwalten Sie effektiv die Zugriffsrechte von Mitarbeitern. Es kann in Lobbys von Geb\u00e4uden, Bahnh\u00f6fen, Kais, U-Bahnen, Fabriken, B\u00fcrogeb\u00e4uden, Hotels, Clubs, intelligenten Gemeinschaften, Unternehmen und anderen Orten eingesetzt werden, die eine intelligente Verwaltung der <a href=\"https:\/\/en.wikipedia.org\/wiki\/Access_control\" target=\"_blank\" rel=\"noopener\">Zugangskontrolle<\/a> ben\u00f6tigen.<\/p>\n<p><strong>Technische Parameter:<\/strong><\/p>\n<p>1. Gr\u00f6\u00dfe: 1500*120*980mm<br \/>\n2. Material: Kappe 1,5 mm + K\u00f6rper 1,2 mm geb\u00fcrsteter SUS 304<br \/>\n3. Armmaterial: 10 mm Acryl (Option aus geh\u00e4rtetem Glas)<br \/>\n4. Durchgangsbreite: Standard 600 mm max. 1200 mm (Arm mehr als 900 mm ausgeh\u00f6hlt)<br \/>\n5. Armh\u00f6he: max. 1500 mm (innerhalb einer Breite von 900 mm)<br \/>\n6. Durchgangsrichtung Einseitig gerichtet\/bidirektional<br \/>\n7. Durchgangsrate: 30-35 Personen\/Minute<br \/>\n8. Betriebszeit: 0,2 Sekunden<br \/>\n9. Leistungsaufnahme: AC100-240V, 50\/60HZ<br \/>\n10. Arbeitsspannung: 24V<br \/>\n11. Arbeitsfeuchtigkeit: 30% ~ 95%<br \/>\n12. Arbeitstemperatur: -40\u2103~+70\u2103<br \/>\n13. Arbeitsumgebung: Innen<br \/>\n14. Eingangsschnittstelle: RS485, Trockenkontakt<br \/>\n15. Mechanismus: B\u00fcrstenloser Servomotor 120W<br \/>\n16. Infrarotsensor: 6 Paare<br \/>\n17. MCBF: 5.000.000 Zyklen<br \/>\n18. Anwendung: B\u00fcrogeb\u00e4ude, Hotels, Regierungshallen usw<\/p>\n<p>Wir k\u00f6nnen die gesamte L\u00f6sung f\u00fcr die Sicherheitskontrolle anbieten. Wenn Sie ein eigenes Zugangskontrollsystem haben, k\u00f6nnen Sie unser Drehkreuz direkt verwenden. Falls Sie noch keine haben, bieten wir auch eine komplette L\u00f6sung f\u00fcr die Zugangskontrolle an. Einzelheiten entnehmen Sie bitte dem unten stehenden Video.<\/p>\n<p><iframe title=\"Flughafen-Drehkreuz, Speed-Gate-Drehkreuz f\u00fcr Flugh\u00e4fen, U-Bahn-Stationen \u2013 MairsTurnstile.com\" src=\"https:\/\/www.youtube.com\/embed\/rR_US2dIKU8\" width=\"1150\" height=\"650\" frameborder=\"0\" allowfullscreen=\"allowfullscreen\"><\/iframe><\/p>\n","protected":false},"excerpt":{"rendered":"<p>1. Gr\u00f6\u00dfe: 1500*150*980mm<\/p>\n<p>2. Material: Kappe 1,5 mm + K\u00f6rper 1,2 mm geb\u00fcrsteter SUS 304<\/p>\n<p>3. Armmaterial: 10 mm Acryl (Option aus geh\u00e4rtetem Glas)<\/p>\n<p>4. Durchgangsbreite: Standard 600 mm max. 1200 mm (Arm mehr als 900 mm ausgeh\u00f6hlt)<\/p>\n<p>5. Armh\u00f6he: max. 1500 mm (innerhalb einer Breite von 900 mm)<\/p>\n<p>6. Durchgangsrichtung Einseitig gerichtet\/bidirektional<\/p>\n<p>7. Durchgangsrate: 30-35 Personen\/Minute<\/p>\n<p>8. Betriebszeit: 0,2 Sekunden<\/p>\n<p>9. Leistungsaufnahme: AC100-240V, 50\/60HZ<\/p>\n<p><span style=\"color: #0000ff;\"><strong><a style=\"color: #0000ff;\" title=\"Mairs CE-zertifiziertes Speed Gate-Drehkreuz\" href=\"http:\/\/mairsturnstile.com\/wp-content\/uploads\/2022\/09\/Mairs-CE-Certificate-Speed-Gate-Turnstile.pdf\" target=\"_blank\" rel=\"noopener noreferrer\">CE-zertifiziert,<\/a> <a style=\"color: #0000ff;\" title=\"Mairs ISO9001-Zertifikat\" href=\"http:\/\/mairsturnstile.com\/wp-content\/uploads\/2022\/09\/Mairs-Registration-Certificate-ISO9001.pdf\" target=\"_blank\" rel=\"noopener noreferrer\">ISO9001-zertifiziert.<\/a><\/strong><\/span><\/p>\n","protected":false},"featured_media":62387,"comment_status":"closed","ping_status":"closed","template":"","meta":{"neve_meta_sidebar":"","neve_meta_container":"","neve_meta_enable_content_width":"off","neve_meta_content_width":0,"neve_meta_title_alignment":"","neve_meta_author_avatar":"","neve_post_elements_order":"","neve_meta_disable_header":"","neve_meta_disable_footer":"","neve_meta_disable_title":"","_ti_tpc_template_sync":false,"_ti_tpc_template_id":""},"product_cat":[428,429],"product_tag":[1489,545,463,1500],"class_list":["post-9201","product","type-product","status-publish","has-post-thumbnail","hentry","product_cat-geschwindigkeitstore-2","product_cat-sicherheits-drehkreuze","product_tag-drehkreuz-zutrittskontrollsystem","product_tag-sicherheitsschleusen","product_tag-speed-gates-de","product_tag-was-sind-speedgates"],"_links":{"self":[{"href":"https:\/\/mairsturnstile.com\/de\/wp-json\/wp\/v2\/product\/9201","targetHints":{"allow":["GET"]}}],"collection":[{"href":"https:\/\/mairsturnstile.com\/de\/wp-json\/wp\/v2\/product"}],"about":[{"href":"https:\/\/mairsturnstile.com\/de\/wp-json\/wp\/v2\/types\/product"}],"replies":[{"embeddable":true,"href":"https:\/\/mairsturnstile.com\/de\/wp-json\/wp\/v2\/comments?post=9201"}],"version-history":[{"count":0,"href":"https:\/\/mairsturnstile.com\/de\/wp-json\/wp\/v2\/product\/9201\/revisions"}],"wp:featuredmedia":[{"embeddable":true,"href":"https:\/\/mairsturnstile.com\/de\/wp-json\/wp\/v2\/media\/62387"}],"wp:attachment":[{"href":"https:\/\/mairsturnstile.com\/de\/wp-json\/wp\/v2\/media?parent=9201"}],"wp:term":[{"taxonomy":"product_cat","embeddable":true,"href":"https:\/\/mairsturnstile.com\/de\/wp-json\/wp\/v2\/product_cat?post=9201"},{"taxonomy":"product_tag","embeddable":true,"href":"https:\/\/mairsturnstile.com\/de\/wp-json\/wp\/v2\/product_tag?post=9201"}],"curies":[{"name":"wp","href":"https:\/\/api.w.org\/{rel}","templated":true}]}}