{"id":9202,"date":"2021-05-12T18:25:53","date_gmt":"2021-05-12T10:25:53","guid":{"rendered":"https:\/\/mairsturnstile.com\/product\/outdoor-security-drehkreuze-speed-gates-zum-verkauf-mt-359w"},"modified":"2023-11-01T10:41:04","modified_gmt":"2023-11-01T02:41:04","slug":"speed-gates-preis","status":"publish","type":"product","link":"https:\/\/mairsturnstile.com\/de\/produkt\/speed-gates-preis","title":{"rendered":"Outdoor Security Drehkreuze Speed Gates zum Verkauf MT-359W"},"content":{"rendered":"        <!-- 3D Model html -->\r\n        <div class=\"bp_grand wrapper_26318\">   \r\n        <div class=\"bp_model_parent\">\r\n            <model-viewer class=\"model\" id=\"bp_model_id_26318\" src=\"http:\/\/mairsturnstile.com\/wp-content\/uploads\/2021\/05\/MT-359W.glb\" alt=\"MT-359W\" camera-controls  loading=\"auto\" auto-rotate                        >\r\n            <\/model-viewer>\r\n        \r\n            <!-- Button -->\r\n            <svg id=\"openBtn\" width=\"30px\" height=\"30px\" viewBox=\"0 0 16 16\" xmlns=\"http:\/\/www.w3.org\/2000\/svg\" fill=\"#f2f2f2\" class=\"bi bi-arrows-fullscreen model-icon\">\r\n                <path fill-rule=\"evenodd\" d=\"M5.828 10.172a.5.5 0 0 0-.707 0l-4.096 4.096V11.5a.5.5 0 0 0-1 0v3.975a.5.5 0 0 0 .5.5H4.5a.5.5 0 0 0 0-1H1.732l4.096-4.096a.5.5 0 0 0 0-.707zm4.344 0a.5.5 0 0 1 .707 0l4.096 4.096V11.5a.5.5 0 1 1 1 0v3.975a.5.5 0 0 1-.5.5H11.5a.5.5 0 0 1 0-1h2.768l-4.096-4.096a.5.5 0 0 1 0-.707zm0-4.344a.5.5 0 0 0 .707 0l4.096-4.096V4.5a.5.5 0 1 0 1 0V.525a.5.5 0 0 0-.5-.5H11.5a.5.5 0 0 0 0 1h2.768l-4.096 4.096a.5.5 0 0 0 0 .707zm-4.344 0a.5.5 0 0 1-.707 0L1.025 1.732V4.5a.5.5 0 0 1-1 0V.525a.5.5 0 0 1 .5-.5H4.5a.5.5 0 0 1 0 1H1.732l4.096 4.096a.5.5 0 0 1 0 .707z\"\/>\r\n            <\/svg>\r\n        \r\n            <svg id=\"closeBtn\" class=\"model-icon\" width=\"34px\" height=\"34px\" viewBox=\"0 0 24 24\" xmlns=\"http:\/\/www.w3.org\/2000\/svg\">\r\n                <path fill=\"none\" stroke=\"#f2f2f2\" stroke-width=\"2\" d=\"M7,7 L17,17 M7,17 L17,7\"\/>\r\n            <\/svg>\r\n        \r\n        <\/div>\r\n        <\/div> \r\n\r\n        <!-- Model Viewer Style -->\r\n        <style>\r\n            \r\n            .wrapper_26318 .bp_model_parent, #bp_model_id_26318 {\r\n                width: 1150px;\r\n                max-width: 100%;\r\n                                            }\r\n            #bp_model_id_26318 {\r\n                height:700px;\r\n                background-color: #f9f9f9;\r\n            }\r\n            .fullscreen #bp_model_id_26318{\r\n            height: 100%;\r\n            width: 100%;\r\n            }\r\n            .wrapper_26318 .bp_model_parent{\r\n                justify-content: start            }\r\n            model-viewer.model {\r\n                --poster-color: transparent;\r\n            }\r\n        <\/style>\r\n        \r\n        \n<h4><strong><b>BESTER SPEED GATES-PREIS von Mairs, diese Fastlane<\/b><\/strong><strong><b>Speed Gates<\/b><\/strong><strong><b>Speed Lanes<\/b><\/strong> <strong><b>bieten<\/b><\/strong> <strong><b>2 Jahre Garantie und dauerhafte Wartungs- und Reparaturunterst\u00fctzung.<\/b><\/strong><\/h4>\n<p>Mairs kann Speedgates nach Ihren Anforderungen anpassen. Wir haben erfahrene Designer, die eine tiefgreifende Anpassung an Ihre Bed\u00fcrfnisse vornehmen k\u00f6nnen. Wir werden so bald wie m\u00f6glich eine Reihe von Materialien wie 3D-Renderings, Ma\u00dfzeichnungen usw. zur Verf\u00fcgung stellen. Wir bieten auch biometrische Ger\u00e4te wie IC\/ID-Kartenleser, Fingerabdruckscanner, QR-Code-Scanner, Gesichtserkennungskameras und so weiter.<\/p>\n<p>Fastlane Speed Gates Preis Sicherheitsdrehkreuze f\u00fcr den Au\u00dfenbereich <strong><b>Automatische Slim Fast Speed Gates<\/b><\/strong><strong><b>Sicherheitsdrehkreuze.<\/b><\/strong><\/p>\n<h4><strong><b> Arbeitsumgebung: Innen und au\u00dfen.<\/b><\/strong><\/h4>\n<p><strong><b>Die Speed Gates Preis Speed Lanes<\/b><\/strong> <strong><b>ist<\/b><\/strong> <strong><b>ein intelligentes High-End-Drehkreuz von Mairs, das die Durchgangssituation des Menschen vollst\u00e4ndig erfassen kann.<\/b><\/strong> <\/p>\n<p>Dieses Speed Gate-K\u00f6rpermaterial besteht aus Edelstahl 304, der rostfrei, langlebig und hochbest\u00e4ndig ist.<\/p>\n<p><strong><b>Anti-Tag nach, Anti-Hit gegen, RS485 Kommunikation, DC Brushless Motor, <\/b><\/strong>Dieses <a href=\"https:\/\/mairsturnstile.com\/product\/security-speed-gates\">Sicherheitsdrehkreuz f\u00fcr Schnelllauftore<\/a> ist <strong><b>Kompatibel mit allen Arten von Zugangskontrollsystemen<\/b><\/strong><strong><b>.<\/b><\/strong><\/p>\n<p>DIESE SPEED GATES PRICE SPEED lane ist eines der neuen High-End-Hot-Sale-Produkte von MairsTurnstile.<\/p>\n<p>Wir k\u00f6nnen auch innerhalb weniger Minuten ein Rendering f\u00fcr Sie erstellen, das auf Ihrem aktuellen Szenario basiert. Wir liefern auch detaillierte Layouts und Zeichnungen sowie Installationszeichnungen.<\/p>\n\n        \t\n\t<style type=\"text\/css\">\n\t\t.slider-info-24285.bafg-slider-info .bafg-slider-title {\n\t\t\t\t\t\tfont-size: 22px;\n\t\t\t\t\t\t\n\t\t\t\n\t\t\t\t\t}\n\n\t\t.slider-info-24285.bafg-slider-info .bafg-slider-description {\n\t\t\t\n\t\t\t\n\t\t\t\t\t}\n\n\t\t.slider-info-24285.bafg-slider-info .bafg_slider_readmore_button {\n\t\t\t\n\t\t\t\n\t\t\t\n\t\t\t\n\t\t\t\n\t\t\ttext-align: center;\n\n\t\t\t\n\t\t\t\n\t\t\t\n\t\t\t\n\t\t\t\n\t\t\t\n\t\t\t\t\t}\n\n\t\t.slider-info-24285.bafg-slider-info .bafg_slider_readmore_button:hover {\n\n\t\t\t\n\t\t\t\n\t\t\t\t\t}\n\n\t<\/style>\n\t\n        <div class=\"bafg-twentytwenty-container slider-24285 \" bafg-orientation=\"horizontal\" bafg-default-offset=\"0.5\" bafg-before-label=\"Before\" bafg-after-label=\"After\" bafg-overlay=\"yes\" bafg-move-slider-on-hover=\"yes\" bafg-click-to-move=\"no\">\n              \n            <img decoding=\"async\" class=\"skip-lazy\" src=\"http:\/\/mairsturnstile.com\/wp-content\/uploads\/2021\/05\/speed-gate-price-7.jpg\" alt=\"speed gate price\" data-skip-lazy title=\"\">\n            <img decoding=\"async\" class=\"skip-lazy\" src=\"http:\/\/mairsturnstile.com\/wp-content\/uploads\/2021\/05\/speed-gate-price-8.jpg\" alt=\"speed gate price\" data-skip-lazy title=\"\">\n           \n        <\/div>\n\n        \t<div class=\"bafg-slider-info-wraper\">\n\t\t<div style=\"\" class=\"slider-info-24285 bafg-slider-info\">\n\t\t\t\t\t<\/div>\n\t<\/div>\n\t\n        <style type=\"text\/css\">\n            \n        <\/style>\n        \n<p>Mit feiner Technologie, umfassenden Funktionen und hoher Zuverl\u00e4ssigkeit kann es an hochrangigen Veranstaltungsorten wie High-End-Gemeinden, intelligenten Geb\u00e4uden, Hotels, U-Bahn-Stationen und Fitnessstudios eingesetzt werden.<\/p>\n<p>Unser Schwenkgel\u00e4nder kann in ein modernes intelligentes Verwaltungssystem integriert werden, um eine intelligente Verwaltung der <a href=\"https:\/\/en.wikipedia.org\/wiki\/Access_control\" target=\"_blank\" rel=\"noopener\">Zugangskontrolle<\/a> zu realisieren.<\/p>\n<p>Schaukelgel\u00e4nder k\u00f6nnen in zylindrische Schaukelgel\u00e4nder und Br\u00fccken-Schaukelgel\u00e4nder unterteilt werden.<\/p>\n<p>Kompaktes mechanisches und elektrisches Design, einzigartiger Antrieb und Selbsthemmung<\/p>\n<p>Automatische Fehlererkennung. Erschwingliche Speed-Gate-Preise online.<\/p>\n<p>Die Eingangsschnittstelle kann f\u00fcr Trockenkontakt- und Schaltsignalverbindungen verwendet werden<\/p>\n<p>Einstellbare automatische Schlie\u00dfverz\u00f6gerung<\/p>\n<p>Infrarot-Fotozelle f\u00fcr sicheren Durchgang<\/p>\n<p>Alarme bei unbefugtem Zutritt und bei Nichtzutritt<\/p>\n<p>Automatisch ein- und ausschalten<\/p>\n<p>Freier Zugriff bei ausgeschaltetem Ger\u00e4t<\/p>\n<p>Einstellbare Eintrittsrichtung<\/p>\n<p>Stellen Sie eine Notfallschnittstelle bereit<\/p>\n<p>Ampeln f\u00fcr Passagiere zum Einsteigen<\/p>\n<p>Arbeitstemperatur: \uff0d25\u2103 \uff5e 70\u2103<\/p>\n<p>Erfolgsquote: 35p\/min<\/p>\n<p>Maximaler Stromverbrauch: 120 W<\/p>\n<p>Armh\u00f6he: Vom Boden 1300 mm angepasst<\/p>\n<p>Kommunikationsschnittstelle: RS485\/Relaissignal<\/p>\n<p>MCBF: 5.000.000 Zyklen<\/p>\n<p>Anwendung: Flugh\u00e4fen, Hotels, Regierungshallen usw<\/p>\n<p>Wir k\u00f6nnen die gesamte L\u00f6sung f\u00fcr die Sicherheitskontrolle anbieten. Wenn Sie ein eigenes Zugangskontrollsystem haben, k\u00f6nnen Sie unser Drehkreuz direkt verwenden. Falls Sie noch keine haben, bieten wir auch eine komplette L\u00f6sung f\u00fcr die Zugangskontrolle an. Einzelheiten entnehmen Sie bitte dem unten stehenden Video.<\/p>\n<p><iframe title=\"Neues Design Speed Gate-Drehkreuz, Lobby-Drehkreuze, B\u00fcro-Drehkreuz - MairsTurnstile.com\" src=\"https:\/\/www.youtube.com\/embed\/izk8WuYn4no\" width=\"1150\" height=\"650\" frameborder=\"0\" allowfullscreen=\"allowfullscreen\"><\/iframe><\/p>\n","protected":false},"excerpt":{"rendered":"<p>1. Gr\u00f6\u00dfe: 1500 x 150 x 980 mm (kann angepasst werden)<\/p>\n<p>2. Versorgungsspannung: 110 V-240 V, 50 Hz\/60 Hz<\/p>\n<p>3. Betriebsspannung: DC24V<\/p>\n<p>4. Relative Luftfeuchtigkeit: \u226495 %, keine Kondensation<\/p>\n<p>5. Entsperrzeit: 0,2 s<\/p>\n<p>6. Material: Edelstahl 304<\/p>\n<p>7. Armmaterial: 10 mm Acryl<\/p>\n<p>8. Motor: B\u00fcrstenloser Servomotor<\/p>\n<p>9. Durchgangsbreite: 600 mm Standard 900 mm Behinderte<\/p>\n<p><span style=\"color: #0000ff;\"><strong><a style=\"color: #0000ff;\" title=\"Mairs CE-zertifiziertes Speed Gate-Drehkreuz\" href=\"http:\/\/mairsturnstile.com\/wp-content\/uploads\/2022\/09\/Mairs-CE-Certificate-Speed-Gate-Turnstile.pdf\" target=\"_blank\" rel=\"noopener noreferrer\">CE-zertifiziert,<\/a> <a style=\"color: #0000ff;\" title=\"Mairs ISO9001-Zertifikat\" href=\"http:\/\/mairsturnstile.com\/wp-content\/uploads\/2022\/09\/Mairs-Registration-Certificate-ISO9001.pdf\" target=\"_blank\" rel=\"noopener noreferrer\">ISO9001-zertifiziert.<\/a><\/strong><\/span><\/p>\n","protected":false},"featured_media":65886,"comment_status":"closed","ping_status":"closed","template":"","meta":{"neve_meta_sidebar":"","neve_meta_container":"","neve_meta_enable_content_width":"off","neve_meta_content_width":0,"neve_meta_title_alignment":"","neve_meta_author_avatar":"","neve_post_elements_order":"","neve_meta_disable_header":"","neve_meta_disable_footer":"","neve_meta_disable_title":"","_ti_tpc_template_sync":false,"_ti_tpc_template_id":""},"product_cat":[428,429],"product_tag":[1479,1498,546,463,547,548,544,1478],"class_list":["post-9202","product","type-product","status-publish","has-post-thumbnail","hentry","product_cat-geschwindigkeitstore-2","product_cat-sicherheits-drehkreuze","product_tag-drehkreuz-kosten","product_tag-geschwindigkeitsspuren","product_tag-speed-gates-preis","product_tag-speed-gates-de","product_tag-speedgate-zu-verkaufen","product_tag-speedgate-preis","product_tag-speedgates-zu-verkaufen","product_tag-was-kostet-ein-drehkreuz"],"_links":{"self":[{"href":"https:\/\/mairsturnstile.com\/de\/wp-json\/wp\/v2\/product\/9202","targetHints":{"allow":["GET"]}}],"collection":[{"href":"https:\/\/mairsturnstile.com\/de\/wp-json\/wp\/v2\/product"}],"about":[{"href":"https:\/\/mairsturnstile.com\/de\/wp-json\/wp\/v2\/types\/product"}],"replies":[{"embeddable":true,"href":"https:\/\/mairsturnstile.com\/de\/wp-json\/wp\/v2\/comments?post=9202"}],"version-history":[{"count":0,"href":"https:\/\/mairsturnstile.com\/de\/wp-json\/wp\/v2\/product\/9202\/revisions"}],"wp:featuredmedia":[{"embeddable":true,"href":"https:\/\/mairsturnstile.com\/de\/wp-json\/wp\/v2\/media\/65886"}],"wp:attachment":[{"href":"https:\/\/mairsturnstile.com\/de\/wp-json\/wp\/v2\/media?parent=9202"}],"wp:term":[{"taxonomy":"product_cat","embeddable":true,"href":"https:\/\/mairsturnstile.com\/de\/wp-json\/wp\/v2\/product_cat?post=9202"},{"taxonomy":"product_tag","embeddable":true,"href":"https:\/\/mairsturnstile.com\/de\/wp-json\/wp\/v2\/product_tag?post=9202"}],"curies":[{"name":"wp","href":"https:\/\/api.w.org\/{rel}","templated":true}]}}