{"id":9203,"date":"2021-05-12T17:48:31","date_gmt":"2021-05-12T09:48:31","guid":{"rendered":"https:\/\/mairsturnstile.com\/product\/super-slim-brushless-motor-speed-gates-fuer-lobby-mt-h318"},"modified":"2023-11-01T10:41:37","modified_gmt":"2023-11-01T02:41:37","slug":"speed-gates-australien","status":"publish","type":"product","link":"https:\/\/mairsturnstile.com\/de\/produkt\/speed-gates-australien","title":{"rendered":"B\u00fcrstenloser Motor Speed Gates f\u00fcr Lobby MT382"},"content":{"rendered":"        <!-- 3D Model html -->\r\n        <div class=\"bp_grand wrapper_25607\">   \r\n        <div class=\"bp_model_parent\">\r\n            <model-viewer class=\"model\" id=\"bp_model_id_25607\" src=\"http:\/\/mairsturnstile.com\/wp-content\/uploads\/2024\/11\/MT381.glb\" alt=\"MT381\" camera-controls  loading=\"auto\" auto-rotate                        >\r\n            <\/model-viewer>\r\n        \r\n            <!-- Button -->\r\n            <svg id=\"openBtn\" width=\"30px\" height=\"30px\" viewBox=\"0 0 16 16\" xmlns=\"http:\/\/www.w3.org\/2000\/svg\" fill=\"#f2f2f2\" class=\"bi bi-arrows-fullscreen model-icon\">\r\n                <path fill-rule=\"evenodd\" d=\"M5.828 10.172a.5.5 0 0 0-.707 0l-4.096 4.096V11.5a.5.5 0 0 0-1 0v3.975a.5.5 0 0 0 .5.5H4.5a.5.5 0 0 0 0-1H1.732l4.096-4.096a.5.5 0 0 0 0-.707zm4.344 0a.5.5 0 0 1 .707 0l4.096 4.096V11.5a.5.5 0 1 1 1 0v3.975a.5.5 0 0 1-.5.5H11.5a.5.5 0 0 1 0-1h2.768l-4.096-4.096a.5.5 0 0 1 0-.707zm0-4.344a.5.5 0 0 0 .707 0l4.096-4.096V4.5a.5.5 0 1 0 1 0V.525a.5.5 0 0 0-.5-.5H11.5a.5.5 0 0 0 0 1h2.768l-4.096 4.096a.5.5 0 0 0 0 .707zm-4.344 0a.5.5 0 0 1-.707 0L1.025 1.732V4.5a.5.5 0 0 1-1 0V.525a.5.5 0 0 1 .5-.5H4.5a.5.5 0 0 1 0 1H1.732l4.096 4.096a.5.5 0 0 1 0 .707z\"\/>\r\n            <\/svg>\r\n        \r\n            <svg id=\"closeBtn\" class=\"model-icon\" width=\"34px\" height=\"34px\" viewBox=\"0 0 24 24\" xmlns=\"http:\/\/www.w3.org\/2000\/svg\">\r\n                <path fill=\"none\" stroke=\"#f2f2f2\" stroke-width=\"2\" d=\"M7,7 L17,17 M7,17 L17,7\"\/>\r\n            <\/svg>\r\n        \r\n        <\/div>\r\n        <\/div> \r\n\r\n        <!-- Model Viewer Style -->\r\n        <style>\r\n            \r\n            .wrapper_25607 .bp_model_parent, #bp_model_id_25607 {\r\n                width: 1150px;\r\n                max-width: 100%;\r\n                                            }\r\n            #bp_model_id_25607 {\r\n                height:700px;\r\n                background-color: #f9f9f9;\r\n            }\r\n            .fullscreen #bp_model_id_25607{\r\n            height: 100%;\r\n            width: 100%;\r\n            }\r\n            .wrapper_25607 .bp_model_parent{\r\n                justify-content: start            }\r\n            model-viewer.model {\r\n                --poster-color: transparent;\r\n            }\r\n        <\/style>\r\n        \r\n        \n<h4><strong><b>DIESES SPEED GATES AUSTRALIA<\/b><\/strong> <strong><b>bietet<\/b><\/strong> <strong><b>2 Jahre Garantie und dauerhafte Wartungs- und Reparaturunterst\u00fctzung.<\/b><\/strong><strong><b> <\/b><\/strong><\/h4>\n<h4><strong><b>Mairs kann Speed Gates Australien nach Ihren W\u00fcnschen anpassen. Wir bieten auch biometrische Ger\u00e4te wie IC\/ID-Kartenleser, Fingerabdruckscanner, QR-Code-Scanner, Gesichtserkennungskameras und so weiter.<\/b><\/strong><\/h4>\n<p>SPEED GATES AUSTRALIA <strong><b>Automatische Slim Fast <a href=\"https:\/\/mairsturnstile.com\/speed-gates.html\">Speed Gates<\/a><\/b><\/strong> <strong><b>Sicherheitsdrehkreuze, wir exportieren Speed Gates f\u00fcr Lobbys nach Australien.<\/b><\/strong><\/p>\n<p><strong><b>Die Speed Gates Australia sind ein intelligentes High-End-Drehkreuzprodukt mit Drehsperre von Mairs, das die Durchgangssituation des menschlichen K\u00f6rpers vollst\u00e4ndig erkennen kann. <\/b><\/strong><\/p>\n<p>Diese Geschwindigkeit Tore Australien K\u00f6rper Material ist 304 Edelstahl, die Anti-Rost und langlebig und hohe Best\u00e4ndigkeit ist.<\/p>\n<p><strong><b>Anti-Tag nach, Anti-Hit gegen, RS485 Kommunikation, DC Brushless Motor, <\/b><\/strong>Diese Geschwindigkeit Tore Drehkreuz ist <strong><b>Kompatibel mit allen Arten von <a href=\"https:\/\/en.wikipedia.org\/wiki\/Access_control\" target=\"_blank\" rel=\"noopener\">Zugangskontrollsystemen<\/a><\/b><\/strong><strong><b>.<\/b><\/strong><\/p>\n<p>Diese Sicherheitsdrehkreuze f\u00fcr Speed Gates werden h\u00e4ufig in Bushaltestellen, H\u00e4fen, U-Bahnen, Fabriken, Villen, Wohngebieten, Hotels, Unternehmen usw. \u00fcberall dort eingesetzt, wo eine intelligente Flusskontrolle erforderlich ist.<\/p>\n<p>Wir k\u00f6nnen auch innerhalb weniger Minuten ein Rendering f\u00fcr Sie erstellen, das auf Ihrem aktuellen Szenario basiert. Wir liefern auch detaillierte Layouts und Zeichnungen sowie Installationszeichnungen.<\/p>\n\n        \t\n\t<style type=\"text\/css\">\n\t\t.slider-info-25628.bafg-slider-info .bafg-slider-title {\n\t\t\t\t\t\tfont-size: 22px;\n\t\t\t\t\t\t\n\t\t\t\n\t\t\t\t\t}\n\n\t\t.slider-info-25628.bafg-slider-info .bafg-slider-description {\n\t\t\t\n\t\t\t\n\t\t\t\t\t}\n\n\t\t.slider-info-25628.bafg-slider-info .bafg_slider_readmore_button {\n\t\t\t\n\t\t\t\n\t\t\t\n\t\t\t\n\t\t\t\n\t\t\ttext-align: center;\n\n\t\t\t\n\t\t\t\n\t\t\t\n\t\t\t\n\t\t\t\n\t\t\t\n\t\t\t\t\t}\n\n\t\t.slider-info-25628.bafg-slider-info .bafg_slider_readmore_button:hover {\n\n\t\t\t\n\t\t\t\n\t\t\t\t\t}\n\n\t<\/style>\n\t\n        <div class=\"bafg-twentytwenty-container slider-25628 \" bafg-orientation=\"horizontal\" bafg-default-offset=\"0.5\" bafg-before-label=\"Before\" bafg-after-label=\"After\" bafg-overlay=\"yes\" bafg-move-slider-on-hover=\"yes\" bafg-click-to-move=\"no\">\n              \n            <img decoding=\"async\" class=\"skip-lazy\" src=\"http:\/\/mairsturnstile.com\/wp-content\/uploads\/2023\/07\/speed-gates-australia_4.jpg\" alt=\"\" data-skip-lazy title=\"\">\n            <img decoding=\"async\" class=\"skip-lazy\" src=\"http:\/\/mairsturnstile.com\/wp-content\/uploads\/2021\/05\/turnstile-gate-australia-6.jpg\" alt=\"turnstile gate australia\" data-skip-lazy title=\"\">\n           \n        <\/div>\n\n        \t<div class=\"bafg-slider-info-wraper\">\n\t\t<div style=\"\" class=\"slider-info-25628 bafg-slider-info\">\n\t\t\t\t\t<\/div>\n\t<\/div>\n\t\n        <style type=\"text\/css\">\n            \n        <\/style>\n        \n<p>Es hat die Funktion der Fehlerselbstpr\u00fcfung und der Alarmaufforderung, die f\u00fcr Benutzer bequem zu warten und zu verwenden ist.<\/p>\n<p>Es kann mit jedem Steuersignal oder Taster verbunden werden und kann von jedem Steuerger\u00e4t ausgegeben werden, um eine Einweg- und Zweiwegsteuerung zu realisieren.<\/p>\n<p>Der freie Durchgang in eine Richtung und in beide Richtungen kann beliebig eingestellt werden.<\/p>\n<p>Wenn das Ger\u00e4t eingeschaltet oder neu gestartet wird, verf\u00fcgt es \u00fcber die Funktion der Fehlerselbstpr\u00fcfung, die f\u00fcr Benutzer bequem zu warten und zu verwenden ist.<\/p>\n<p>Ampelstatusanzeige mit hoher Intensit\u00e4t. Wenn jemand folgt, beginnt das Tor automatisch mit der R\u00fcckw\u00e4rtsschubverriegelung und gibt einen Alarm aus. Schlie\u00dfen Sie das Feueralarmsignal an.<\/p>\n<h4><strong>Technische Parameter:<\/strong><\/h4>\n<ol>\n<li>Gr\u00f6\u00dfe: 1500*<em>160*<\/em>1000mm<\/li>\n<li>Leistungsaufnahme: AC100-240V, 50\/60HZ<\/li>\n<li>Material: 1,2 mm SUS 304 mit 400 # Haaransatz<\/li>\n<li>Armmaterial: 10 mm Acryl<\/li>\n<li>Durchgangsbreite: 600 mm-1100 mm<\/li>\n<li>Durchgangsrichtung: Single-directional\/Bi-directional<\/li>\n<li>Durchgangsrate: 35-40 Personen\/Minute<\/li>\n<li>Betriebszeit: 0,2 Sekunden<\/li>\n<li>Arbeitsspannung: 24V<\/li>\n<li>Arbeitsfeuchtigkeit: 30% ~ 95%<\/li>\n<li>Arbeitstemperatur: -40\u2103~+70\u2103<\/li>\n<li>Arbeitsumgebung: Innen<\/li>\n<li>Eingangsschnittstelle: RS485 Trockenkontakt<\/li>\n<li>Mechanismus: B\u00fcrstenloser DC-Motor<\/li>\n<li>Infrarotsensor: 6 Paare<\/li>\n<li>MCBF: 5.000.000 Zyklen<\/li>\n<li>Anwendung: Flugh\u00e4fen, Hotels, Regierungshallen usw<\/li>\n<\/ol>\n<p>Wir k\u00f6nnen die gesamte L\u00f6sung f\u00fcr die Sicherheitskontrolle anbieten. Wenn Sie ein eigenes Zugangskontrollsystem haben, k\u00f6nnen Sie unser Drehkreuz direkt verwenden. Falls Sie noch keine haben, bieten wir auch eine komplette L\u00f6sung f\u00fcr die Zugangskontrolle an. Einzelheiten entnehmen Sie bitte dem unten stehenden Video.<\/p>\n<p><iframe title=\"Flughafen-Drehkreuz, Speed-Gate-Drehkreuz f\u00fcr Flugh\u00e4fen, U-Bahn-Stationen \u2013 MairsTurnstile.com\" src=\"https:\/\/www.youtube.com\/embed\/rR_US2dIKU8\" width=\"1150\" height=\"650\" frameborder=\"0\" allowfullscreen=\"allowfullscreen\"><\/iframe><\/p>\n","protected":false},"excerpt":{"rendered":"<p>1. Gr\u00f6\u00dfe: 1500 * 120 * 980 mm (kann angepasst werden)<\/p>\n<p>2. Leistungsaufnahme: AC100-240V, 50\/60HZ<\/p>\n<p>3. Material: 1,2 mm SUS 304 mit 400 # Haaransatz<\/p>\n<p>4. Armmaterial: 10 mm Acryl<\/p>\n<p>5. Durchgangsbreite: 600 mm-1100 mm (kann angepasst werden)<\/p>\n<p>6. Durchgangsrichtung: Einseitig gerichtet\/bidirektional<\/p>\n<p>7. Durchgangsrate: 35-40 Personen\/Minute<\/p>\n<p>8. Betriebszeit: 0,2 Sekunden<\/p>\n<p>9. Arbeitsumgebung: Innen<\/p>\n<p><span style=\"color: #0000ff;\"><strong><a style=\"color: #0000ff;\" title=\"Mairs CE-zertifiziertes Speed Gate-Drehkreuz\" href=\"http:\/\/mairsturnstile.com\/wp-content\/uploads\/2022\/09\/Mairs-CE-Certificate-Speed-Gate-Turnstile.pdf\" target=\"_blank\" rel=\"noopener noreferrer\">CE-zertifiziert,<\/a> <a style=\"color: #0000ff;\" title=\"Mairs ISO9001-Zertifikat\" href=\"http:\/\/mairsturnstile.com\/wp-content\/uploads\/2022\/09\/Mairs-Registration-Certificate-ISO9001.pdf\" target=\"_blank\" rel=\"noopener noreferrer\">ISO9001-zertifiziert.<\/a><\/strong><\/span><\/p>\n","protected":false},"featured_media":59473,"comment_status":"closed","ping_status":"closed","template":"","meta":{"neve_meta_sidebar":"","neve_meta_container":"","neve_meta_enable_content_width":"off","neve_meta_content_width":0,"neve_meta_title_alignment":"","neve_meta_author_avatar":"","neve_post_elements_order":"","neve_meta_disable_header":"","neve_meta_disable_footer":"","neve_meta_disable_title":"","_ti_tpc_template_sync":false,"_ti_tpc_template_id":""},"product_cat":[428,429],"product_tag":[1495,549,463,1500],"class_list":["post-9203","product","type-product","status-publish","has-post-thumbnail","hentry","product_cat-geschwindigkeitstore-2","product_cat-sicherheits-drehkreuze","product_tag-speed-gate-drehkreuz","product_tag-speed-gates-australien","product_tag-speed-gates-de","product_tag-was-sind-speedgates"],"_links":{"self":[{"href":"https:\/\/mairsturnstile.com\/de\/wp-json\/wp\/v2\/product\/9203","targetHints":{"allow":["GET"]}}],"collection":[{"href":"https:\/\/mairsturnstile.com\/de\/wp-json\/wp\/v2\/product"}],"about":[{"href":"https:\/\/mairsturnstile.com\/de\/wp-json\/wp\/v2\/types\/product"}],"replies":[{"embeddable":true,"href":"https:\/\/mairsturnstile.com\/de\/wp-json\/wp\/v2\/comments?post=9203"}],"version-history":[{"count":0,"href":"https:\/\/mairsturnstile.com\/de\/wp-json\/wp\/v2\/product\/9203\/revisions"}],"wp:featuredmedia":[{"embeddable":true,"href":"https:\/\/mairsturnstile.com\/de\/wp-json\/wp\/v2\/media\/59473"}],"wp:attachment":[{"href":"https:\/\/mairsturnstile.com\/de\/wp-json\/wp\/v2\/media?parent=9203"}],"wp:term":[{"taxonomy":"product_cat","embeddable":true,"href":"https:\/\/mairsturnstile.com\/de\/wp-json\/wp\/v2\/product_cat?post=9203"},{"taxonomy":"product_tag","embeddable":true,"href":"https:\/\/mairsturnstile.com\/de\/wp-json\/wp\/v2\/product_tag?post=9203"}],"curies":[{"name":"wp","href":"https:\/\/api.w.org\/{rel}","templated":true}]}}