{"id":9204,"date":"2021-05-12T17:21:20","date_gmt":"2021-05-12T09:21:20","guid":{"rendered":"https:\/\/mairsturnstile.com\/product\/servomotor-speed-lanes-speed-gates-mt-a307"},"modified":"2023-11-01T10:42:19","modified_gmt":"2023-11-01T02:42:19","slug":"speed-gates-uk","status":"publish","type":"product","link":"https:\/\/mairsturnstile.com\/de\/produkt\/speed-gates-uk","title":{"rendered":"Servomotor Speed Lanes Speed Gates MT364"},"content":{"rendered":"        <!-- 3D Model html -->\r\n        <div class=\"bp_grand wrapper_24273\">   \r\n        <div class=\"bp_model_parent\">\r\n            <model-viewer class=\"model\" id=\"bp_model_id_24273\" src=\"http:\/\/mairsturnstile.com\/wp-content\/uploads\/2023\/06\/MT364.glb\" alt=\"MT364\" camera-controls  loading=\"auto\" auto-rotate                        >\r\n            <\/model-viewer>\r\n        \r\n            <!-- Button -->\r\n            <svg id=\"openBtn\" width=\"30px\" height=\"30px\" viewBox=\"0 0 16 16\" xmlns=\"http:\/\/www.w3.org\/2000\/svg\" fill=\"#f2f2f2\" class=\"bi bi-arrows-fullscreen model-icon\">\r\n                <path fill-rule=\"evenodd\" d=\"M5.828 10.172a.5.5 0 0 0-.707 0l-4.096 4.096V11.5a.5.5 0 0 0-1 0v3.975a.5.5 0 0 0 .5.5H4.5a.5.5 0 0 0 0-1H1.732l4.096-4.096a.5.5 0 0 0 0-.707zm4.344 0a.5.5 0 0 1 .707 0l4.096 4.096V11.5a.5.5 0 1 1 1 0v3.975a.5.5 0 0 1-.5.5H11.5a.5.5 0 0 1 0-1h2.768l-4.096-4.096a.5.5 0 0 1 0-.707zm0-4.344a.5.5 0 0 0 .707 0l4.096-4.096V4.5a.5.5 0 1 0 1 0V.525a.5.5 0 0 0-.5-.5H11.5a.5.5 0 0 0 0 1h2.768l-4.096 4.096a.5.5 0 0 0 0 .707zm-4.344 0a.5.5 0 0 1-.707 0L1.025 1.732V4.5a.5.5 0 0 1-1 0V.525a.5.5 0 0 1 .5-.5H4.5a.5.5 0 0 1 0 1H1.732l4.096 4.096a.5.5 0 0 1 0 .707z\"\/>\r\n            <\/svg>\r\n        \r\n            <svg id=\"closeBtn\" class=\"model-icon\" width=\"34px\" height=\"34px\" viewBox=\"0 0 24 24\" xmlns=\"http:\/\/www.w3.org\/2000\/svg\">\r\n                <path fill=\"none\" stroke=\"#f2f2f2\" stroke-width=\"2\" d=\"M7,7 L17,17 M7,17 L17,7\"\/>\r\n            <\/svg>\r\n        \r\n        <\/div>\r\n        <\/div> \r\n\r\n        <!-- Model Viewer Style -->\r\n        <style>\r\n            \r\n            .wrapper_24273 .bp_model_parent, #bp_model_id_24273 {\r\n                width: 1150px;\r\n                max-width: 100%;\r\n                                            }\r\n            #bp_model_id_24273 {\r\n                height:700px;\r\n                background-color: #f2f2f2;\r\n            }\r\n            .fullscreen #bp_model_id_24273{\r\n            height: 100%;\r\n            width: 100%;\r\n            }\r\n            .wrapper_24273 .bp_model_parent{\r\n                justify-content: start            }\r\n            model-viewer.model {\r\n                --poster-color: transparent;\r\n            }\r\n        <\/style>\r\n        \r\n        \n<h4><strong><b>SPEED GATES UK, SPEED LANES UK bietet<\/b><\/strong> <strong><b>2 Jahre Garantie und dauerhafte Wartungs- und Reparaturunterst\u00fctzung.<\/b><\/strong><strong><b> <\/b><\/strong><\/h4>\n<p>Wir k\u00f6nnen OEM- und ODM-Dienstleistungen erbringen. Wir haben erfahrene Designer, die eine tiefgreifende Anpassung an Ihre Bed\u00fcrfnisse vornehmen k\u00f6nnen. Wir werden so bald wie m\u00f6glich eine Reihe von Materialien wie 3D-Renderings, Ma\u00dfzeichnungen usw. zur Verf\u00fcgung stellen.<\/p>\n<h4><strong><b>Mairs kann SPEED GATES UK nach Ihren W\u00fcnschen anpassen. Wir bieten auch biometrische Ger\u00e4te wie IC\/ID-Kartenleser, Fingerabdruckscanner, QR-Code-Scanner, Gesichtserkennungskameras und so weiter.<\/b><\/strong><\/h4>\n<p><strong><b>SPEED GATES UK<\/b><\/strong> <strong><b>Automatische Slim Fast <a href=\"https:\/\/mairsturnstile.com\/speed-gates.html\">Speed Gates<\/a> Speed Lanes<\/b><\/strong> <strong><b>Sicherheitsdrehkreuze, wir exportieren SPEED GAETS SPEED LANES nach Gro\u00dfbritannien f\u00fcr Lobbys.<\/b><\/strong><\/p>\n<p><strong><b>DIESES SPEED GATES UK MT-A307 ist ein hochwertiges intelligentes Drehkreuz-Sicherheitstorprodukt von Mairs, das die Passiersituation des menschlichen K\u00f6rpers vollst\u00e4ndig erkennen kann. <\/b><\/strong><\/p>\n<p>Dieses Speed Gate-K\u00f6rpermaterial besteht aus <a href=\"https:\/\/en.wikipedia.org\/wiki\/Stainless_steel\" target=\"_blank\" rel=\"noopener\">Edelstahl<\/a> 304, der rostfrei, langlebig und hochbest\u00e4ndig ist. Armh\u00f6he kann angepasst werden<\/p>\n<p>Dieses Speed Gate-Drehkreuz kann mit IC-Karten, ID-Karten, Barcode-Karten, Fingerabdruck-Kartenlesern, Gesichtserkennungskameras und anderen biometrischen Ger\u00e4ten kompatibel sein und bietet dem Personal einen zivilisierten und geordneten Zugang. Effektive Verwaltung der Zugriffsrechte von Mitarbeitern. Es kann in Lobbys von Geb\u00e4uden, U-Bahnen, Flugh\u00e4fen, Zoll, Ausstellungshallen, Regierungsgeb\u00e4uden, Finanzinstituten, Clubs und anderen High-End-Innenanwendungen eingesetzt werden.<\/p>\n<p>Wir k\u00f6nnen auch innerhalb weniger Minuten ein Rendering f\u00fcr Sie erstellen, das auf Ihrem aktuellen Szenario basiert. Wir liefern auch detaillierte Layouts und Zeichnungen sowie Installationszeichnungen.<\/p>\n\n        \t\n\t<style type=\"text\/css\">\n\t\t.slider-info-24293.bafg-slider-info .bafg-slider-title {\n\t\t\t\t\t\tfont-size: 22px;\n\t\t\t\t\t\t\n\t\t\t\n\t\t\t\t\t}\n\n\t\t.slider-info-24293.bafg-slider-info .bafg-slider-description {\n\t\t\t\n\t\t\t\n\t\t\t\t\t}\n\n\t\t.slider-info-24293.bafg-slider-info .bafg_slider_readmore_button {\n\t\t\t\n\t\t\t\n\t\t\t\n\t\t\t\n\t\t\t\n\t\t\ttext-align: center;\n\n\t\t\t\n\t\t\t\n\t\t\t\n\t\t\t\n\t\t\t\n\t\t\t\n\t\t\t\t\t}\n\n\t\t.slider-info-24293.bafg-slider-info .bafg_slider_readmore_button:hover {\n\n\t\t\t\n\t\t\t\n\t\t\t\t\t}\n\n\t<\/style>\n\t\n        <div class=\"bafg-twentytwenty-container slider-24293 \" bafg-orientation=\"horizontal\" bafg-default-offset=\"0.5\" bafg-before-label=\"Before\" bafg-after-label=\"After\" bafg-overlay=\"yes\" bafg-move-slider-on-hover=\"yes\" bafg-click-to-move=\"no\">\n              \n            <img decoding=\"async\" class=\"skip-lazy\" src=\"http:\/\/mairsturnstile.com\/wp-content\/uploads\/2023\/07\/speed-gates-uk_4.jpg\" alt=\"speed gates uk\" data-skip-lazy title=\"\">\n            <img decoding=\"async\" class=\"skip-lazy\" src=\"http:\/\/mairsturnstile.com\/wp-content\/uploads\/2023\/07\/speed-gates-uk_5.jpg\" alt=\"speed gates uk\" data-skip-lazy title=\"\">\n           \n        <\/div>\n\n        \t<div class=\"bafg-slider-info-wraper\">\n\t\t<div style=\"\" class=\"slider-info-24293 bafg-slider-info\">\n\t\t\t\t\t<\/div>\n\t<\/div>\n\t\n        <style type=\"text\/css\">\n            \n        <\/style>\n        \n<ol>\n<li>Gr\u00f6\u00dfe: 1500*100*980mm<\/li>\n<li>Material: 1,5 mm importiertes SUS304; Polnische 400 # Schneelinie<\/li>\n<li>Armmaterial: 10 mm Acryl<\/li>\n<li>Durchgangsbreite: 600 mm &#8211; 900 mm<\/li>\n<li>Durchgangsrichtung: Single-directional\/Bi-directional<\/li>\n<li>Durchgangsrate: 30-35 Personen\/Minute<\/li>\n<li>Betriebszeit: 0,2 Sekunden<\/li>\n<li>Leistungsaufnahme: AC100-240V, 50\/60HZ<\/li>\n<li>Speed Gates UK Betriebsspannung: 24V<\/li>\n<li>Arbeitsfeuchtigkeit: 30% ~ 95%<\/li>\n<li>Arbeitstemperatur: -40\u2103~+70\u2103<\/li>\n<li>Arbeitsumgebung: Innen<\/li>\n<li>Eingangsschnittstelle: RS485, Trockenkontakt<\/li>\n<li>Mechanismus: B\u00fcrstenloser Servomotor + Kupplung<\/li>\n<li>Infrarotsensor: 6 Paare<\/li>\n<li>MCBF: 5.000.000 Zyklen<\/li>\n<li>Feature: Armh\u00f6he kann angepasst werden<\/li>\n<li>Anwendung: Flugh\u00e4fen, Hotels, Regierungshallen usw<\/li>\n<\/ol>\n<p>Wir k\u00f6nnen die gesamte L\u00f6sung f\u00fcr die Sicherheitskontrolle anbieten. Wenn Sie ein eigenes Zugangskontrollsystem haben, k\u00f6nnen Sie unser Drehkreuz direkt verwenden. Falls Sie noch keine haben, bieten wir auch eine komplette L\u00f6sung f\u00fcr die Zugangskontrolle an. Einzelheiten entnehmen Sie bitte dem unten stehenden Video.<\/p>\n<p><iframe title=\"Flughafen-Drehkreuz, Speed-Gate-Drehkreuz f\u00fcr Flugh\u00e4fen, U-Bahn-Stationen \u2013 MairsTurnstile.com\" src=\"https:\/\/www.youtube.com\/embed\/rR_US2dIKU8\" width=\"1150\" height=\"650\" frameborder=\"0\" allowfullscreen=\"allowfullscreen\"><\/iframe><\/p>\n","protected":false},"excerpt":{"rendered":"<p>1. Gr\u00f6\u00dfe: 1400*130*980 mm (kann angepasst werden)<\/p>\n<p>2. Material: 1,5 mm importiertes SUS304; Polnische 400 # Schneelinie<\/p>\n<p>3. Armmaterial: 10 mm Acryl<\/p>\n<p>4. Durchgangsbreite: 600 mm &#8211; 900 mm<\/p>\n<p>5. Durchgangsrichtung: Einseitig gerichtet\/bidirektional<\/p>\n<p>6. Durchgangsrate: 30-35 Personen\/Minute<\/p>\n<p>7. Betriebszeit: 0,2 Sekunden<\/p>\n<p>8. Leistungsaufnahme: AC100-240V, 50\/60HZ<\/p>\n<p>9. Eingangsschnittstelle: RS485, Trockenkontakt<\/p>\n<p><span style=\"color: #0000ff;\"><strong><a style=\"color: #0000ff;\" title=\"Mairs CE-zertifiziertes Speed Gate-Drehkreuz\" href=\"http:\/\/mairsturnstile.com\/wp-content\/uploads\/2022\/09\/Mairs-CE-Certificate-Speed-Gate-Turnstile.pdf\" target=\"_blank\" rel=\"noopener noreferrer\">CE-zertifiziert,<\/a> <a style=\"color: #0000ff;\" title=\"Mairs ISO9001-Zertifikat\" href=\"http:\/\/mairsturnstile.com\/wp-content\/uploads\/2022\/09\/Mairs-Registration-Certificate-ISO9001.pdf\" target=\"_blank\" rel=\"noopener noreferrer\">ISO9001-zertifiziert.<\/a><\/strong><\/span><\/p>\n","protected":false},"featured_media":26249,"comment_status":"closed","ping_status":"closed","template":"","meta":{"neve_meta_sidebar":"","neve_meta_container":"","neve_meta_enable_content_width":"off","neve_meta_content_width":0,"neve_meta_title_alignment":"","neve_meta_author_avatar":"","neve_post_elements_order":"","neve_meta_disable_header":"","neve_meta_disable_footer":"","neve_meta_disable_title":"","_ti_tpc_template_sync":false,"_ti_tpc_template_id":""},"product_cat":[428,429],"product_tag":[1518,550,463,544,1500],"class_list":["post-9204","product","type-product","status-publish","has-post-thumbnail","hentry","product_cat-geschwindigkeitstore-2","product_cat-sicherheits-drehkreuze","product_tag-drehkreuztor-mit-barcodeleser","product_tag-geschwindigkeitstore-uk","product_tag-speed-gates-de","product_tag-speedgates-zu-verkaufen","product_tag-was-sind-speedgates"],"_links":{"self":[{"href":"https:\/\/mairsturnstile.com\/de\/wp-json\/wp\/v2\/product\/9204","targetHints":{"allow":["GET"]}}],"collection":[{"href":"https:\/\/mairsturnstile.com\/de\/wp-json\/wp\/v2\/product"}],"about":[{"href":"https:\/\/mairsturnstile.com\/de\/wp-json\/wp\/v2\/types\/product"}],"replies":[{"embeddable":true,"href":"https:\/\/mairsturnstile.com\/de\/wp-json\/wp\/v2\/comments?post=9204"}],"version-history":[{"count":0,"href":"https:\/\/mairsturnstile.com\/de\/wp-json\/wp\/v2\/product\/9204\/revisions"}],"wp:featuredmedia":[{"embeddable":true,"href":"https:\/\/mairsturnstile.com\/de\/wp-json\/wp\/v2\/media\/26249"}],"wp:attachment":[{"href":"https:\/\/mairsturnstile.com\/de\/wp-json\/wp\/v2\/media?parent=9204"}],"wp:term":[{"taxonomy":"product_cat","embeddable":true,"href":"https:\/\/mairsturnstile.com\/de\/wp-json\/wp\/v2\/product_cat?post=9204"},{"taxonomy":"product_tag","embeddable":true,"href":"https:\/\/mairsturnstile.com\/de\/wp-json\/wp\/v2\/product_tag?post=9204"}],"curies":[{"name":"wp","href":"https:\/\/api.w.org\/{rel}","templated":true}]}}