{"id":9206,"date":"2021-05-12T15:34:29","date_gmt":"2021-05-12T07:34:29","guid":{"rendered":"https:\/\/mairsturnstile.com\/product\/speed-gates-drehkreuze-fuer-die-lobby-mt-a305"},"modified":"2023-11-01T10:43:31","modified_gmt":"2023-11-01T02:43:31","slug":"speed-gates-nz","status":"publish","type":"product","link":"https:\/\/mairsturnstile.com\/de\/produkt\/speed-gates-nz","title":{"rendered":"Speed Gates Drehkreuze f\u00fcr die Lobby MT-A305"},"content":{"rendered":"        <!-- 3D Model html -->\r\n        <div class=\"bp_grand wrapper_24281\">   \r\n        <div class=\"bp_model_parent\">\r\n            <model-viewer class=\"model\" id=\"bp_model_id_24281\" src=\"http:\/\/mairsturnstile.com\/wp-content\/uploads\/2023\/06\/MT-A305.glb\" alt=\"MT-A305\" camera-controls  loading=\"auto\" auto-rotate                        >\r\n            <\/model-viewer>\r\n        \r\n            <!-- Button -->\r\n            <svg id=\"openBtn\" width=\"30px\" height=\"30px\" viewBox=\"0 0 16 16\" xmlns=\"http:\/\/www.w3.org\/2000\/svg\" fill=\"#f2f2f2\" class=\"bi bi-arrows-fullscreen model-icon\">\r\n                <path fill-rule=\"evenodd\" d=\"M5.828 10.172a.5.5 0 0 0-.707 0l-4.096 4.096V11.5a.5.5 0 0 0-1 0v3.975a.5.5 0 0 0 .5.5H4.5a.5.5 0 0 0 0-1H1.732l4.096-4.096a.5.5 0 0 0 0-.707zm4.344 0a.5.5 0 0 1 .707 0l4.096 4.096V11.5a.5.5 0 1 1 1 0v3.975a.5.5 0 0 1-.5.5H11.5a.5.5 0 0 1 0-1h2.768l-4.096-4.096a.5.5 0 0 1 0-.707zm0-4.344a.5.5 0 0 0 .707 0l4.096-4.096V4.5a.5.5 0 1 0 1 0V.525a.5.5 0 0 0-.5-.5H11.5a.5.5 0 0 0 0 1h2.768l-4.096 4.096a.5.5 0 0 0 0 .707zm-4.344 0a.5.5 0 0 1-.707 0L1.025 1.732V4.5a.5.5 0 0 1-1 0V.525a.5.5 0 0 1 .5-.5H4.5a.5.5 0 0 1 0 1H1.732l4.096 4.096a.5.5 0 0 1 0 .707z\"\/>\r\n            <\/svg>\r\n        \r\n            <svg id=\"closeBtn\" class=\"model-icon\" width=\"34px\" height=\"34px\" viewBox=\"0 0 24 24\" xmlns=\"http:\/\/www.w3.org\/2000\/svg\">\r\n                <path fill=\"none\" stroke=\"#f2f2f2\" stroke-width=\"2\" d=\"M7,7 L17,17 M7,17 L17,7\"\/>\r\n            <\/svg>\r\n        \r\n        <\/div>\r\n        <\/div> \r\n\r\n        <!-- Model Viewer Style -->\r\n        <style>\r\n            \r\n            .wrapper_24281 .bp_model_parent, #bp_model_id_24281 {\r\n                width: 1150px;\r\n                max-width: 100%;\r\n                                            }\r\n            #bp_model_id_24281 {\r\n                height:700px;\r\n                background-color: #f2f2f2;\r\n            }\r\n            .fullscreen #bp_model_id_24281{\r\n            height: 100%;\r\n            width: 100%;\r\n            }\r\n            .wrapper_24281 .bp_model_parent{\r\n                justify-content: start            }\r\n            model-viewer.model {\r\n                --poster-color: transparent;\r\n            }\r\n        <\/style>\r\n        \r\n        \n<h4><strong>DIESES HOCHWERTIGE SPEED GATES NZ f\u00fcr die Lobby bietet eine 2-j\u00e4hrige Garantie und dauerhafte Wartungs- und Reparaturunterst\u00fctzung. <\/strong><\/h4>\n<p>Wir k\u00f6nnen OEM- und ODM-Dienstleistungen erbringen. Wir haben erfahrene Designer, die eine tiefgreifende Anpassung an Ihre Bed\u00fcrfnisse vornehmen k\u00f6nnen. Wir werden so bald wie m\u00f6glich eine Reihe von Materialien wie 3D-Renderings, Ma\u00dfzeichnungen usw. zur Verf\u00fcgung stellen. Wir bieten auch biometrische Ger\u00e4te wie IC\/ID-Kartenleser, Fingerabdruckscanner, QR-Code-Scanner, Gesichtserkennungskameras und so weiter.<\/p>\n<h4><strong><b>Mairs kann <a href=\"https:\/\/mairsturnstile.com\/speed-gates.html\">Speed Gates<\/a> Speed Lanes Drehkreuze nach Ihren Anforderungen anpassen. Wir bieten auch biometrische Ger\u00e4te wie IC\/ID-Kartenleser, Fingerabdruckscanner, QR-Code-Scanner, Gesichtserkennungskameras und so weiter.<\/b><\/strong><\/h4>\n<h4><strong><b>SPEED GATES NZ<\/b><\/strong> <strong><b>automatische schlanke Schnelllauftore Schwenkschrankentor<\/b><\/strong><strong><b>, wir exportieren<\/b><\/strong> <strong><b>Sicherheitsdrehkreuze f\u00fcr Speed Gates nach Neuseeland f\u00fcr Lobbys.<\/b><\/strong><\/h4>\n<h4><strong><b>THE SPEED GATES NZ MT-A305 ist ein intelligentes High-End-Drehkreuztorprodukt von Mairs, das die Durchgangssituation des menschlichen K\u00f6rpers vollst\u00e4ndig erkennen kann.<\/b><\/strong><strong><b> <\/b><\/strong><\/h4>\n<p>Wir k\u00f6nnen auch innerhalb weniger Minuten ein Rendering f\u00fcr Sie erstellen, das auf Ihrem aktuellen Szenario basiert. Wir liefern auch detaillierte Layouts und Zeichnungen sowie Installationszeichnungen.<\/p>\n\n        \t\n\t<style type=\"text\/css\">\n\t\t.slider-info-24287.bafg-slider-info .bafg-slider-title {\n\t\t\t\t\t\tfont-size: 22px;\n\t\t\t\t\t\t\n\t\t\t\n\t\t\t\t\t}\n\n\t\t.slider-info-24287.bafg-slider-info .bafg-slider-description {\n\t\t\t\n\t\t\t\n\t\t\t\t\t}\n\n\t\t.slider-info-24287.bafg-slider-info .bafg_slider_readmore_button {\n\t\t\t\n\t\t\t\n\t\t\t\n\t\t\t\n\t\t\t\n\t\t\ttext-align: center;\n\n\t\t\t\n\t\t\t\n\t\t\t\n\t\t\t\n\t\t\t\n\t\t\t\n\t\t\t\t\t}\n\n\t\t.slider-info-24287.bafg-slider-info .bafg_slider_readmore_button:hover {\n\n\t\t\t\n\t\t\t\n\t\t\t\t\t}\n\n\t<\/style>\n\t\n        <div class=\"bafg-twentytwenty-container slider-24287 \" bafg-orientation=\"horizontal\" bafg-default-offset=\"0.5\" bafg-before-label=\"Before\" bafg-after-label=\"After\" bafg-overlay=\"yes\" bafg-move-slider-on-hover=\"yes\" bafg-click-to-move=\"no\">\n              \n            <img decoding=\"async\" class=\"skip-lazy\" src=\"http:\/\/mairsturnstile.com\/wp-content\/uploads\/2023\/06\/lobby-turnstiles_4.jpg\" alt=\"\" data-skip-lazy title=\"\">\n            <img decoding=\"async\" class=\"skip-lazy\" src=\"http:\/\/mairsturnstile.com\/wp-content\/uploads\/2023\/06\/speed-gates-nz_7.jpg\" alt=\"speed gates nz\" data-skip-lazy title=\"\">\n           \n        <\/div>\n\n        \t<div class=\"bafg-slider-info-wraper\">\n\t\t<div style=\"\" class=\"slider-info-24287 bafg-slider-info\">\n\t\t\t\t\t<\/div>\n\t<\/div>\n\t\n        <style type=\"text\/css\">\n            \n        <\/style>\n        \n<p>Dieses Speed Gate-K\u00f6rpermaterial besteht aus Edelstahl 304, der rostfrei, langlebig und hochbest\u00e4ndig ist.<\/p>\n<p>Dieses Speed Gates NZ-<a href=\"https:\/\/en.wikipedia.org\/wiki\/Turnstile\" target=\"_blank\" rel=\"noopener\">Drehkreuz<\/a> kann mit IC-Karten, ID-Karten, Barcode-Karten und Fingerabdruckkartenlesern, Gesichtserkennungskameras und anderen biometrischen Ger\u00e4ten kompatibel sein und bietet dem Personal einen zivilisierten und geordneten Zugang. Verwalten Sie effektiv die Zugriffsrechte von Mitarbeitern. Es kann in Lobbys von Geb\u00e4uden, Bahnh\u00f6fen, Kais, U-Bahnen, Fabriken, B\u00fcrogeb\u00e4uden, Hotels, Clubs, intelligenten Gemeinschaften, Unternehmen und anderen Orten eingesetzt werden, die eine intelligente Verwaltung der Zugangskontrolle ben\u00f6tigen.<\/p>\n<h4><strong>Technische Parameter:<\/strong><\/h4>\n<ol>\n<li>Gr\u00f6\u00dfe: 1500 x 120 x 980 mm (kann angepasst werden)<\/li>\n<li>Material: 1,2 mm SUS 304 Hairline 400 # + Obere Abdeckung 12 mm schwarzes Acryl<\/li>\n<li>Armmaterial: 10 mm Acryl<\/li>\n<li>Durchgangsbreite: Standard 600 mm max. 1300 mm (Arm ausgeh\u00f6hlt)<\/li>\n<li>Durchgangsrichtung: Single-directional\/Bi-directional<\/li>\n<li>Durchgangsrate: 30-35 Personen\/Minute<\/li>\n<li>Betriebszeit: 0,2 Sekunden<\/li>\n<li>Leistungsaufnahme: AC100-240V, 50\/60HZ<\/li>\n<li>Arbeitsspannung: 24V<\/li>\n<li>Arbeitsfeuchtigkeit: 30% ~ 95%<\/li>\n<li>Arbeitstemperatur: -40\u2103~+70\u2103<\/li>\n<li>Arbeitsumgebung: Innen<\/li>\n<li>Eingangsschnittstelle: RS485, Trockenkontakt<\/li>\n<li>Mechanismus: Servo Brushless-Motor<\/li>\n<li>Speed Gates nz Infrarot-Sensor: 6 Paare<\/li>\n<li>MCBF: 5.000.000 Zyklen<\/li>\n<li>Feature: Armh\u00f6he kann angepasst werden<\/li>\n<li>Anwendung: B\u00fcrogeb\u00e4ude, Hotels, Regierungshallen usw<\/li>\n<\/ol>\n<p>Wir k\u00f6nnen die gesamte L\u00f6sung f\u00fcr die Sicherheitskontrolle anbieten. Wenn Sie ein eigenes Zugangskontrollsystem haben, k\u00f6nnen Sie unser Drehkreuz direkt verwenden. Falls Sie noch keine haben, bieten wir auch eine komplette L\u00f6sung f\u00fcr die Zugangskontrolle an. Einzelheiten entnehmen Sie bitte dem unten stehenden Video.<\/p>\n<p><iframe title=\"YouTube-Videoplayer\" src=\"https:\/\/www.youtube.com\/embed\/YtM3u6fUNIM?si=Gv-uz-Qa9vqlsN5P\" width=\"1150\" height=\"650\" frameborder=\"0\" allowfullscreen=\"allowfullscreen\"><span data-mce-type=\"bookmark\" style=\"display: inline-block; width: 0px; overflow: hidden; line-height: 0;\" class=\"mce_SELRES_start\"><\/span><\/iframe><\/p>\n","protected":false},"excerpt":{"rendered":"<p>1. Gr\u00f6\u00dfe: 1500 * 120 * 980 mm (kann angepasst werden)<\/p>\n<p>2. Material: 1,2 mm SUS 304 Hairline 400 # + Obere Abdeckung 12 mm schwarzes Acryl<\/p>\n<p>3. Waffenmaterial: 10 mm Acryl<\/p>\n<p>4. Durchgangsbreite: Standard 600 mm max. 1300 mm (Arm ausgeh\u00f6hlt)<\/p>\n<p>5. Durchgangsrichtung: Einseitig gerichtet\/bidirektional<\/p>\n<p>6. Durchgangsrate: 30-35 Personen\/Minute<\/p>\n<p>7. Betriebszeit: 0,2 Sekunden<\/p>\n<p>8. Leistungsaufnahme: AC100-240V, 50\/60HZ<\/p>\n<p>9. Eingangsschnittstelle: RS485, Trockenkontakt<\/p>\n<p><span style=\"color: #0000ff;\"><strong><a style=\"color: #0000ff;\" title=\"Mairs CE-zertifiziertes Speed Gate-Drehkreuz\" href=\"http:\/\/mairsturnstile.com\/wp-content\/uploads\/2022\/09\/Mairs-CE-Certificate-Speed-Gate-Turnstile.pdf\" target=\"_blank\" rel=\"noopener noreferrer\">CE-zertifiziert,<\/a> <a style=\"color: #0000ff;\" title=\"Mairs ISO9001-Zertifikat\" href=\"http:\/\/mairsturnstile.com\/wp-content\/uploads\/2022\/09\/Mairs-Registration-Certificate-ISO9001.pdf\" target=\"_blank\" rel=\"noopener noreferrer\">ISO9001-zertifiziert.<\/a><\/strong><\/span><\/p>\n","protected":false},"featured_media":24462,"comment_status":"closed","ping_status":"closed","template":"","meta":{"neve_meta_sidebar":"","neve_meta_container":"","neve_meta_enable_content_width":"off","neve_meta_content_width":0,"neve_meta_title_alignment":"","neve_meta_author_avatar":"","neve_post_elements_order":"","neve_meta_disable_header":"","neve_meta_disable_footer":"","neve_meta_disable_title":"","_ti_tpc_template_sync":false,"_ti_tpc_template_id":""},"product_cat":[428,429],"product_tag":[1479,1505,1498,461,552,463,544],"class_list":["post-9206","product","type-product","status-publish","has-post-thumbnail","hentry","product_cat-geschwindigkeitstore-2","product_cat-sicherheits-drehkreuze","product_tag-drehkreuz-kosten","product_tag-drehkreuze-im-fitnessstudio","product_tag-geschwindigkeitsspuren","product_tag-sicherheitsdrehkreuze","product_tag-speed-gates-nz-de","product_tag-speed-gates-de","product_tag-speedgates-zu-verkaufen"],"_links":{"self":[{"href":"https:\/\/mairsturnstile.com\/de\/wp-json\/wp\/v2\/product\/9206","targetHints":{"allow":["GET"]}}],"collection":[{"href":"https:\/\/mairsturnstile.com\/de\/wp-json\/wp\/v2\/product"}],"about":[{"href":"https:\/\/mairsturnstile.com\/de\/wp-json\/wp\/v2\/types\/product"}],"replies":[{"embeddable":true,"href":"https:\/\/mairsturnstile.com\/de\/wp-json\/wp\/v2\/comments?post=9206"}],"version-history":[{"count":0,"href":"https:\/\/mairsturnstile.com\/de\/wp-json\/wp\/v2\/product\/9206\/revisions"}],"wp:featuredmedia":[{"embeddable":true,"href":"https:\/\/mairsturnstile.com\/de\/wp-json\/wp\/v2\/media\/24462"}],"wp:attachment":[{"href":"https:\/\/mairsturnstile.com\/de\/wp-json\/wp\/v2\/media?parent=9206"}],"wp:term":[{"taxonomy":"product_cat","embeddable":true,"href":"https:\/\/mairsturnstile.com\/de\/wp-json\/wp\/v2\/product_cat?post=9206"},{"taxonomy":"product_tag","embeddable":true,"href":"https:\/\/mairsturnstile.com\/de\/wp-json\/wp\/v2\/product_tag?post=9206"}],"curies":[{"name":"wp","href":"https:\/\/api.w.org\/{rel}","templated":true}]}}