{"id":9262,"date":"2021-07-12T00:12:32","date_gmt":"2021-07-11T16:12:32","guid":{"rendered":"https:\/\/mairsturnstile.com\/product\/biometrisches-hochgeschwindigkeits-klappensperren-drehkreuz-mt226"},"modified":"2023-11-01T22:04:54","modified_gmt":"2023-11-01T14:04:54","slug":"biometrisches-drehkreuz","status":"publish","type":"product","link":"https:\/\/mairsturnstile.com\/de\/produkt\/biometrisches-drehkreuz","title":{"rendered":"Hochgeschwindigkeits-Klappenschranke Biometrisches Drehkreuz MT252"},"content":{"rendered":"        <!-- 3D Model html -->\r\n        <div class=\"bp_grand wrapper_22548\">   \r\n        <div class=\"bp_model_parent\">\r\n            <model-viewer class=\"model\" id=\"bp_model_id_22548\" src=\"http:\/\/mairsturnstile.com\/wp-content\/uploads\/2023\/06\/MT252.glb\" alt=\"MT252\" camera-controls  loading=\"auto\" auto-rotate                        >\r\n            <\/model-viewer>\r\n        \r\n            <!-- Button -->\r\n            <svg id=\"openBtn\" width=\"30px\" height=\"30px\" viewBox=\"0 0 16 16\" xmlns=\"http:\/\/www.w3.org\/2000\/svg\" fill=\"#f2f2f2\" class=\"bi bi-arrows-fullscreen model-icon\">\r\n                <path fill-rule=\"evenodd\" d=\"M5.828 10.172a.5.5 0 0 0-.707 0l-4.096 4.096V11.5a.5.5 0 0 0-1 0v3.975a.5.5 0 0 0 .5.5H4.5a.5.5 0 0 0 0-1H1.732l4.096-4.096a.5.5 0 0 0 0-.707zm4.344 0a.5.5 0 0 1 .707 0l4.096 4.096V11.5a.5.5 0 1 1 1 0v3.975a.5.5 0 0 1-.5.5H11.5a.5.5 0 0 1 0-1h2.768l-4.096-4.096a.5.5 0 0 1 0-.707zm0-4.344a.5.5 0 0 0 .707 0l4.096-4.096V4.5a.5.5 0 1 0 1 0V.525a.5.5 0 0 0-.5-.5H11.5a.5.5 0 0 0 0 1h2.768l-4.096 4.096a.5.5 0 0 0 0 .707zm-4.344 0a.5.5 0 0 1-.707 0L1.025 1.732V4.5a.5.5 0 0 1-1 0V.525a.5.5 0 0 1 .5-.5H4.5a.5.5 0 0 1 0 1H1.732l4.096 4.096a.5.5 0 0 1 0 .707z\"\/>\r\n            <\/svg>\r\n        \r\n            <svg id=\"closeBtn\" class=\"model-icon\" width=\"34px\" height=\"34px\" viewBox=\"0 0 24 24\" xmlns=\"http:\/\/www.w3.org\/2000\/svg\">\r\n                <path fill=\"none\" stroke=\"#f2f2f2\" stroke-width=\"2\" d=\"M7,7 L17,17 M7,17 L17,7\"\/>\r\n            <\/svg>\r\n        \r\n        <\/div>\r\n        <\/div> \r\n\r\n        <!-- Model Viewer Style -->\r\n        <style>\r\n            \r\n            .wrapper_22548 .bp_model_parent, #bp_model_id_22548 {\r\n                width: 1150px;\r\n                max-width: 100%;\r\n                                            }\r\n            #bp_model_id_22548 {\r\n                height:700px;\r\n                background-color: #f2f2f2;\r\n            }\r\n            .fullscreen #bp_model_id_22548{\r\n            height: 100%;\r\n            width: 100%;\r\n            }\r\n            .wrapper_22548 .bp_model_parent{\r\n                justify-content: start            }\r\n            model-viewer.model {\r\n                --poster-color: transparent;\r\n            }\r\n        <\/style>\r\n        \r\n        \n<h4>Das biometrische Drehkreuz mit Flap Barrier bietet eine zweij\u00e4hrige Garantie und dauerhafte Wartungs- und Reparaturunterst\u00fctzung.<\/h4>\n<p>Wir k\u00f6nnen OEM- und ODM-Dienstleistungen erbringen. Wir haben erfahrene Designer, die eine tiefgreifende Anpassung an Ihre Bed\u00fcrfnisse vornehmen k\u00f6nnen. Wir werden so bald wie m\u00f6glich eine Reihe von Materialien wie 3D-Renderings, Ma\u00dfzeichnungen usw. zur Verf\u00fcgung stellen. Wir bieten auch biometrische Ger\u00e4te wie IC\/ID-Kartenleser, Fingerabdruckscanner, QR-Code-Scanner, Gesichtserkennungskameras und so weiter. Wenn Sie diese Ger\u00e4te in das Drehkreuz integrieren m\u00fcssen oder Fragen haben, <a href=\"https:\/\/mairsturnstile.com\/contact\">kontaktieren Sie uns<\/a> bitte<\/p>\n<p><strong>Das biometrische Drehkreuz<\/strong> mit Klappbarriere bietet eine effiziente und zuverl\u00e4ssige M\u00f6glichkeit, um sicherzustellen, dass nur autorisierte Personen Zugang zu jedem Bereich eines Geb\u00e4udes haben. Dies ist ein biometrisches Hochgeschwindigkeits-Drehkreuz mit Klappenbarriere, das in der Lage ist, Zugang mit hohem Volumen und missbr\u00e4uchliche Bedingungen zu bew\u00e4ltigen.<\/p>\n<p>Das biometrische Drehkreuz mit <a href=\"https:\/\/mairsturnstile.com\/what-is-flap-barrier.html\">Klappbarriere<\/a> verf\u00fcgt \u00fcber eine elektrische Standardschnittstelle, die das g\u00e4ngige Zutrittskontrollsystem von Drittanbietern, <a href=\"https:\/\/en.wikipedia.org\/wiki\/Biometrics\" target=\"_blank\" rel=\"noopener noreferrer\">wie z<\/a>. , ESD-System und Fahrgeldsystem usw. Es ist eines der am h\u00e4ufigsten verwendeten Sicherheitsdrehkreuze.<\/p>\n<p>Wir k\u00f6nnen auch innerhalb weniger Minuten ein Rendering f\u00fcr Sie erstellen, das auf Ihrem aktuellen Szenario basiert. Wir liefern auch detaillierte Layouts und Zeichnungen sowie Installationszeichnungen.<\/p>\n\n        \t\n\t<style type=\"text\/css\">\n\t\t.slider-info-22566.bafg-slider-info .bafg-slider-title {\n\t\t\t\t\t\tfont-size: 22px;\n\t\t\t\t\t\t\n\t\t\t\n\t\t\t\t\t}\n\n\t\t.slider-info-22566.bafg-slider-info .bafg-slider-description {\n\t\t\t\n\t\t\t\n\t\t\t\t\t}\n\n\t\t.slider-info-22566.bafg-slider-info .bafg_slider_readmore_button {\n\t\t\t\n\t\t\t\n\t\t\t\n\t\t\t\n\t\t\t\n\t\t\ttext-align: center;\n\n\t\t\t\n\t\t\t\n\t\t\t\n\t\t\t\n\t\t\t\n\t\t\t\n\t\t\t\t\t}\n\n\t\t.slider-info-22566.bafg-slider-info .bafg_slider_readmore_button:hover {\n\n\t\t\t\n\t\t\t\n\t\t\t\t\t}\n\n\t<\/style>\n\t\n        <div class=\"bafg-twentytwenty-container slider-22566 \" bafg-orientation=\"horizontal\" bafg-default-offset=\"0.5\" bafg-before-label=\"Before\" bafg-after-label=\"After\" bafg-overlay=\"yes\" bafg-move-slider-on-hover=\"yes\" bafg-click-to-move=\"no\">\n              \n            <img decoding=\"async\" class=\"skip-lazy\" src=\"http:\/\/mairsturnstile.com\/wp-content\/uploads\/2023\/06\/biometric-turnstile_4.jpg\" alt=\"\" data-skip-lazy title=\"\">\n            <img decoding=\"async\" class=\"skip-lazy\" src=\"http:\/\/mairsturnstile.com\/wp-content\/uploads\/2023\/06\/biometric-turnstile_5.jpg\" alt=\"\" data-skip-lazy title=\"\">\n           \n        <\/div>\n\n        \t<div class=\"bafg-slider-info-wraper\">\n\t\t<div style=\"\" class=\"slider-info-22566 bafg-slider-info\">\n\t\t\t\t\t<\/div>\n\t<\/div>\n\t\n        <style type=\"text\/css\">\n            \n        <\/style>\n        \n<ul>\n<li>Das <strong>biometrische Drehkreuz mit Klappenschranke<\/strong> dient der Kontrolle von Personen beim Betreten oder Verlassen von Sperrbereichen und wird in der Regel an Orten mit hohem Fu\u00dfg\u00e4ngeraufkommen in beiden Richtungen eingesetzt.<\/li>\n<li>Das Geh\u00e4use der Klappenbarriere besteht aus geb\u00fcrstetem Edelstahl 304, wodurch ein nahtloses und sch\u00f6nes Eingangssystem entsteht, das sich in die meisten Innenr\u00e4ume einf\u00fcgt.<\/li>\n<li>Es kann in alle Zutrittskontrollsysteme von Drittanbietern integriert werden (z. B.: RFID-Zutrittssystem, Push the Button, Fingerabdruck- und Gesichtserkennung mit Temperaturpr\u00fcfung).<\/li>\n<li>Im Notfall \u00f6ffnet sich der FlapTurnstile-Arm automatisch und verbindet sich mit der Batterie oder dem Kondensator, um freien Durchgang zu erm\u00f6glichen.<\/li>\n<li>Optische Klappendrehkreuze eignen sich f\u00fcr luxuri\u00f6se und elegante Eingangsl\u00f6sungen.<\/li>\n<li>Das Klappendrehkreuz zeichnet sich durch hohe Geschwindigkeit, lange Lebensdauer, hohe Leistung und hohe Betriebssicherheit aus<\/li>\n<li>Alarmfunktion f\u00fcr den Fall eines illegalen Eindringens und eines umgekehrten Eindringens.<\/li>\n<li>Der Infrarotsensor l\u00f6st einen Alarm aus und das LED-Licht blinkt, um zu verhindern, dass Fu\u00dfg\u00e4nger eingeklemmt werden.<\/li>\n<li>Automatische Reset-Funktion: Klappenarme schlie\u00dfen automatisch innerhalb von 5 Sekunden (einstellbar), wenn ein Passagier zu sp\u00e4t kommt<\/li>\n<li>Das Klappendrehkreuz bleibt im Schloss, wenn jemand hereinst\u00fcrmen m\u00f6chte, ohne die RFID-Karte zu ziehen.<\/li>\n<li>Die LED-Richtungsanzeige am oberen und vorderen Pfosten<\/li>\n<li>R\u00fcckfahrsperre, das biometrische Drehkreuz alarmiert, wenn jemand in umgekehrter Richtung eintreten m\u00f6chte.<\/li>\n<li>Bi-Richtungs- oder Einzelrichtungslauf sind Optionen<\/li>\n<\/ul>\n<p><strong>Technische Parameter:<\/strong><\/p>\n<p>1. Gr\u00f6\u00dfe: 1400*300*980mm<br \/>\n2. Material: 1.0mm SUS 304 Hairline 400#+Top Cover 1.2mm SUS304<br \/>\n3. Material des Arms: PC-Platte<br \/>\n4. Durchlassbreite: Standard 550mm<br \/>\n5. Durchgangsrichtung Einseitig gerichtet\/bidirektional<br \/>\n6. Durchgangsrate: 30-35 Personen\/Minute<br \/>\n7. Betriebszeit: 0,2 Sekunden<br \/>\n8. Leistungsaufnahme: AC100-240V, 50\/60HZ<br \/>\n9. Betriebsspannung: 24V<br \/>\n10. Arbeitsfeuchtigkeit: 30% ~ 95%<br \/>\n11. Arbeitstemperatur: -40\u2103~+70\u2103<br \/>\n12. Arbeitsumgebung: Innenbereich<br \/>\n13. Eingangsschnittstelle: RS485, Trockenkontaktrelais<br \/>\n14. Mechanismus: DC-B\u00fcrstenmotor 30W<br \/>\n15. Infrarotsensor: 4 Paare<br \/>\n16. MCBF: 3.000.000 Zyklen<br \/>\n17. Anwendung: Busbahnh\u00f6fe, Bibliotheken, Regierungshallen, Fabriken, Schulen usw<\/p>\n<p>Wir k\u00f6nnen die gesamte L\u00f6sung f\u00fcr die Sicherheitskontrolle anbieten. Wenn Sie ein eigenes Zugangskontrollsystem haben, k\u00f6nnen Sie unser Drehkreuz direkt verwenden. Falls Sie noch keine haben, bieten wir auch eine komplette L\u00f6sung f\u00fcr die Zugangskontrolle an. Einzelheiten entnehmen Sie bitte dem unten stehenden Video.<\/p>\n<p><iframe title=\"Drehkreuz mit Klappensperre, Drehkreuz mit Klappensperre, Drehkreuz mit optischer Klappe - MairsTurnstile\" src=\"https:\/\/www.youtube.com\/embed\/nK1a72Ax-jQ\" width=\"1150\" height=\"650\" frameborder=\"0\" allowfullscreen=\"allowfullscreen\"><\/iframe><\/p>\n","protected":false},"excerpt":{"rendered":"<p>1. Gr\u00f6\u00dfe: 1200*280*980mm (kann angepasst werden)<\/p>\n<p>2. Material: 1.0mm SUS 304 Hairline 400#+Top Cover 1.2mm SUS304<\/p>\n<p>3. Material des Arms: PC-Platte<\/p>\n<p>4. Durchlassbreite: Standard 550mm<\/p>\n<p>5. Durchgangsrichtung Einseitig gerichtet\/bidirektional<\/p>\n<p>6. Durchgangsrate: 30-35 Personen\/Minute<\/p>\n<p>7. Betriebszeit: 0,2 Sekunden<\/p>\n<p>8. Leistungsaufnahme: AC100-240V, 50\/60HZ<\/p>\n<p>9. Betriebsspannung: 24V<\/p>\n<p><span style=\"color: #0000ff;\"><strong><a style=\"color: #0000ff;\" title=\"Mairs CE-zertifiziertes Drehkreuz mit Klappsperre\" href=\"http:\/\/mairsturnstile.com\/wp-content\/uploads\/2022\/09\/Mairs-CE-Certificate-Flap-Barrier-Turnstile.pdf\" target=\"_blank\" rel=\"noopener noreferrer\">CE-zertifiziert,<\/a> <a style=\"color: #0000ff;\" title=\"Mairs ISO9001-Zertifikat\" href=\"http:\/\/mairsturnstile.com\/wp-content\/uploads\/2022\/09\/Mairs-Registration-Certificate-ISO9001.pdf\" target=\"_blank\" rel=\"noopener noreferrer\">ISO9001-zertifiziert.<\/a><\/strong><\/span><\/p>\n","protected":false},"featured_media":36889,"comment_status":"closed","ping_status":"closed","template":"","meta":{"neve_meta_sidebar":"","neve_meta_container":"","neve_meta_enable_content_width":"off","neve_meta_content_width":0,"neve_meta_title_alignment":"","neve_meta_author_avatar":"","neve_post_elements_order":"","neve_meta_disable_header":"","neve_meta_disable_footer":"","neve_meta_disable_title":"","_ti_tpc_template_sync":false,"_ti_tpc_template_id":""},"product_cat":[434,429],"product_tag":[1372,555,1466,1470,1465,560,554,1503],"class_list":["post-9262","product","type-product","status-publish","has-post-thumbnail","hentry","product_cat-klappe-barriere","product_cat-sicherheits-drehkreuze","product_tag-ausgangsdrehkreuz","product_tag-biometrisches-drehkreuz","product_tag-drehkreuz-schrankenanlage","product_tag-klappbarrieresystem","product_tag-klappe-drehkreuz-tor","product_tag-klappe-schranke","product_tag-klappenbarriere","product_tag-klappschranken-drehkreuz"],"_links":{"self":[{"href":"https:\/\/mairsturnstile.com\/de\/wp-json\/wp\/v2\/product\/9262","targetHints":{"allow":["GET"]}}],"collection":[{"href":"https:\/\/mairsturnstile.com\/de\/wp-json\/wp\/v2\/product"}],"about":[{"href":"https:\/\/mairsturnstile.com\/de\/wp-json\/wp\/v2\/types\/product"}],"replies":[{"embeddable":true,"href":"https:\/\/mairsturnstile.com\/de\/wp-json\/wp\/v2\/comments?post=9262"}],"version-history":[{"count":0,"href":"https:\/\/mairsturnstile.com\/de\/wp-json\/wp\/v2\/product\/9262\/revisions"}],"wp:featuredmedia":[{"embeddable":true,"href":"https:\/\/mairsturnstile.com\/de\/wp-json\/wp\/v2\/media\/36889"}],"wp:attachment":[{"href":"https:\/\/mairsturnstile.com\/de\/wp-json\/wp\/v2\/media?parent=9262"}],"wp:term":[{"taxonomy":"product_cat","embeddable":true,"href":"https:\/\/mairsturnstile.com\/de\/wp-json\/wp\/v2\/product_cat?post=9262"},{"taxonomy":"product_tag","embeddable":true,"href":"https:\/\/mairsturnstile.com\/de\/wp-json\/wp\/v2\/product_tag?post=9262"}],"curies":[{"name":"wp","href":"https:\/\/api.w.org\/{rel}","templated":true}]}}