{"id":9263,"date":"2021-07-12T00:09:36","date_gmt":"2021-07-11T16:09:36","guid":{"rendered":"https:\/\/mairsturnstile.com\/product\/u-bahn-drehkreuz-klappensperre-drehkreuz-mt225"},"modified":"2023-11-01T22:04:56","modified_gmt":"2023-11-01T14:04:56","slug":"u-bahn-drehkreuz","status":"publish","type":"product","link":"https:\/\/mairsturnstile.com\/de\/produkt\/u-bahn-drehkreuz","title":{"rendered":"U-Bahn-Drehkreuz Klappensperre Drehkreuz MT225"},"content":{"rendered":"<p><iframe title=\"Drehkreuz mit Klappensperre, Drehkreuz mit Klappensperre, Drehkreuz mit optischer Klappe - MairsTurnstile\" src=\"https:\/\/www.youtube.com\/embed\/nK1a72Ax-jQ\" width=\"560\" height=\"315\" frameborder=\"0\" allowfullscreen=\"allowfullscreen\"><span data-mce-type=\"bookmark\" style=\"display: inline-block; width: 0px; overflow: hidden; line-height: 0;\" class=\"mce_SELRES_start\"><\/span><\/iframe><\/p>\n<h4>Das U-Bahn-Drehkreuzklappen-Sperrdrehkreuz MT225 bietet eine zweij\u00e4hrige Garantie und dauerhafte Wartungs- und Reparaturunterst\u00fctzung.<\/h4>\n<p>Wir k\u00f6nnen OEM- und ODM-Dienstleistungen erbringen. Wir haben erfahrene Designer, die eine tiefgreifende Anpassung an Ihre Bed\u00fcrfnisse vornehmen k\u00f6nnen. Wir werden so bald wie m\u00f6glich eine Reihe von Materialien wie 3D-Renderings, Ma\u00dfzeichnungen usw. zur Verf\u00fcgung stellen. Wir bieten auch biometrische Ger\u00e4te wie IC\/ID-Kartenleser, Fingerabdruckscanner, QR-Code-Scanner, Gesichtserkennungskameras und so weiter. Wenn Sie diese Ger\u00e4te in das Drehkreuz in voller H\u00f6he integrieren m\u00fcssen oder Fragen haben, <a href=\"https:\/\/mairsturnstile.com\/contact\">kontaktieren Sie uns<\/a> bitte<\/p>\n<p><strong>Das U-Bahn-Drehkreuz ist eine Art Drehkreuz f\u00fcr die Verwaltung des Fu\u00dfg\u00e4ngerzugangs, das am Ein- und Ausgang der U-Bahnstation verwendet wird, um Fahrg\u00e4ste in Kombination mit einem U-Bahn-Ticketpr\u00fcfsystem ein- und auszusteigen.<\/strong> Im Allgemeinen wird das Drehkreuz mit Klappsperre f\u00fcr das Drehkreuz der U-Bahn ausgew\u00e4hlt, da die U-Bahnstation ein Ort mit engem Personal ist, der Passagierstrom relativ gro\u00df ist und die Verkehrsgeschwindigkeit des Drehkreuzes mit Klappsperre ebenfalls relativ schnell ist.<\/p>\n<p>Warum passiert das U-Bahn-Drehkreuz schneller, weil der Sensor, der normalerweise vom U-Bahn-Drehkreuz verwendet wird, ein gegen\u00fcberliegender photoelektrischer Sensor ist, der den menschlichen K\u00f6rper genauer erfassen kann. Ein U-Bahn-Drehkreuztor ist mit mehreren Gruppen von Strahlungssensoren ausgestattet, um das Ein- und Aussteigen von Personen zu realisieren. Es ist haupts\u00e4chlich an der Toreinfahrt, der Tormitte und der Torausfahrt. F\u00fcr eine genaue Erfassung installieren einige U-Bahn-Drehkreuztore Sensoren in unterschiedlichen H\u00f6hen jedes Teils.<\/p>\n<p>Wir k\u00f6nnen auch innerhalb weniger Minuten ein Rendering f\u00fcr Sie erstellen, das auf Ihrem aktuellen Szenario basiert. Wir liefern auch detaillierte Layouts und Zeichnungen sowie Installationszeichnungen.<\/p>\n<h4>Prinzip des Metro-Drehkreuzes:<\/h4>\n<p>Der am Toreingang installierte Sensor wird verwendet, um zu erkennen, ob Personen das Tor betreten. Ziehen Sie die Karte au\u00dferhalb der gelben Linie, es befindet sich kein Objekt am Toreingang, das Sensorsignal ist normal und die Drehkreuzt\u00fcr \u00f6ffnet sich. Betritt die Person die gelbe Linie, \u00e4ndert sich das Sensorsignal am Toreingang, und selbst wenn Sie die Karte durchziehen, \u00f6ffnet sich die Drehkreuzt\u00fcr nicht. Der Zweck dieser Konstruktion besteht darin, zu verhindern, dass das \u00d6ffnen und Schlie\u00dfen des Drehkreuzes beim Durchziehen der Karte aus kurzer Entfernung potenzielle Sicherheitsrisiken verursacht und eine Ticketumgehung verhindert wird.<\/p>\n<p>Nachdem die Drehkreuzt\u00fcr ge\u00f6ffnet wurde, passiert der menschliche K\u00f6rper den Sensor am zweiten Teil der T\u00fcr. Wenn eine Person an der T\u00fcr steht, erkennt der Sensor die Person und die T\u00fcr bleibt immer offen, um Verletzungen zu vermeiden.<\/p>\n<p>Nachdem die Person die T\u00fcr passiert hat, gehen Sie zum Torausgangssensor im dritten Teil. Zu diesem Zeitpunkt erfasst der Sensor die Person durch das reflektierte Signal, und das Signal wird zur T\u00fcr zur\u00fcckgef\u00fchrt, und die T\u00fcr wird geschlossen. Wenn zwei Personen gewaltsam das Tor \u00fcberqueren und die erste Person zuerst hinausgeht, f\u00fchrt dies zu einer Quetschverletzung.<\/p>\n<p>Die Technologie des U-Bahn-Drehkreuzsensors kann zusammen mit dem Z\u00e4hlsystem f\u00fcr die Statistik der Anzahl der Personen verwendet werden, die den U-Bahn-Eingang passieren. Diese Anwendung ist ein sehr wichtiger technologischer Durchbruch. Daher stellt das Metro-Drehkreuz sehr hohe Anforderungen an die Stabilit\u00e4t und Zuverl\u00e4ssigkeit des Sensors.<\/p>\n<p>Das U-Bahn-Drehkreuz MT225 mit Klappensperre bietet eine zuverl\u00e4ssige und effiziente Methode, um sicherzustellen, dass nur autorisierten Benutzern der Zugang zu jedem Bereich eines Geb\u00e4udes gestattet wird. Ein Richtungsanzeiger zeigte, dass Fu\u00dfg\u00e4nger Zugriff auf den aktuellen Status hatten, und f\u00fchrte Fu\u00dfg\u00e4nger durch eine korrekte und reibungslose Passage. Diese <a href=\"https:\/\/mairsturnstile.com\/category\/security-turnstiles\/\">Sicherheitsdrehkreuze<\/a> sind hochintegriert f\u00fcr jedes Zugangskontrollsystem, wie Gesichtserkennungsger\u00e4te, Fingerabdr\u00fccke, QR-Leseger\u00e4te, RFID-Systeme usw.<\/p>\n<ul>\n<li style=\"list-style-type: none;\">\n<ul>\n<li>Das U-Bahn-Drehkreuz mit Klappensperre ist so konstruiert, dass es Personen kontrolliert, die den Sperrbereich betreten oder verlassen. Es wird normalerweise an Orten mit hohem Fu\u00dfg\u00e4ngerverkehr in beide Richtungen verwendet.<\/li>\n<li>Das Geh\u00e4use der Klappenbarriere besteht aus geb\u00fcrstetem <a href=\"https:\/\/en.wikipedia.org\/wiki\/Stainless_steel\" target=\"_blank\" rel=\"noopener\">Edelstahl<\/a> 304, wodurch ein nahtloses und sch\u00f6nes Eingangssystem entsteht, das sich in die meisten Innenr\u00e4ume einf\u00fcgt.<\/li>\n<li>Es kann in alle Zutrittskontrollsysteme von Drittanbietern integriert werden (z. B.: RFID-Zutrittssystem, Push the Button, Fingerabdruck- und Gesichtserkennung mit Temperaturpr\u00fcfung).<\/li>\n<li>Im Notfall \u00f6ffnet sich der FlapTurnstile-Arm automatisch und verbindet sich mit der Batterie oder dem Kondensator, um freien Durchgang zu erm\u00f6glichen.<\/li>\n<li>Optische Klappendrehkreuze eignen sich f\u00fcr luxuri\u00f6se und elegante Eingangsl\u00f6sungen.<\/li>\n<li>Das Klappendrehkreuz zeichnet sich durch hohe Geschwindigkeit, lange Lebensdauer, hohe Leistung und hohe Betriebszuverl\u00e4ssigkeit aus.<\/li>\n<li> Alarmfunktion bei illegalem Eindringen und umgekehrtem Eindringen.<\/li>\n<li>Der Infrarotsensor l\u00f6st einen Alarm aus und das LED-Licht blinkt, um zu verhindern, dass Fu\u00dfg\u00e4nger eingeklemmt werden.<\/li>\n<li>Automatische Reset-Funktion: Klappenarme schlie\u00dfen automatisch innerhalb von 5 Sekunden (einstellbar), wenn ein Passagier zu sp\u00e4t kommt<\/li>\n<li>Das Klappendrehkreuz bleibt im Schloss, wenn jemand hereinst\u00fcrmen m\u00f6chte, ohne die RFID-Karte zu ziehen.<\/li>\n<li>Die LED-Richtungsanzeige am oberen und vorderen Pfosten<\/li>\n<li>R\u00fcckfahrsperre, das Drehkreuz alarmiert, wenn jemand in umgekehrter Richtung eintreten m\u00f6chte.<\/li>\n<li>Bi-Richtungs- oder Einzelrichtungslauf sind Optionen<\/li>\n<li>Arbeitstemperatur: -40\u2103~+70\u2103<\/li>\n<li>Arbeitsfeuchtigkeit: 30% ~ 95%<\/li>\n<li>Arbeitsumgebung: Innen<\/li>\n<li>Eingangsschnittstelle: RS485, Trockenkontaktrelais<\/li>\n<li>Mechanismus: B\u00fcrstenmotor 35W<\/li>\n<li>Infrarotsensor: 4 Paare<\/li>\n<li>MCBF: 5.000.000 Zyklen<\/li>\n<li>Anwendung: Bushaltestellen, Hotels, Regierungshallen, Schulen usw<\/li>\n<\/ul>\n<\/li>\n<\/ul>\n<p>Wir k\u00f6nnen die gesamte L\u00f6sung f\u00fcr die Sicherheitskontrolle anbieten. Wenn Sie ein eigenes Zugangskontrollsystem haben, k\u00f6nnen Sie unser Drehkreuz direkt verwenden. Falls Sie noch keine haben, bieten wir auch eine komplette L\u00f6sung f\u00fcr die Zugangskontrolle an. Einzelheiten entnehmen Sie bitte dem unten stehenden Video.<\/p>\n","protected":false},"excerpt":{"rendered":"<p>1. Gr\u00f6\u00dfe: 1200*300*980mm (kann angepasst werden)<\/p>\n<p>2. Material: 1.0mm SUS 304 Hairline 400#+Top Cover 1.2mm SUS304<\/p>\n<p>3. Material des Arms: PC-Platte<\/p>\n<p>4. Durchgangsbreite: Standard 550 mm (kann angepasst werden)<\/p>\n<p>5. Durchgangsrichtung Einseitig gerichtet\/bidirektional<\/p>\n<p>6. Durchgangsrate: 30-35 Personen\/Minute<\/p>\n<p>7. Betriebszeit: 0,2 Sekunden<\/p>\n<p>8. Leistungsaufnahme: AC100-240V, 50\/60HZ<\/p>\n<p>9. Betriebsspannung: 24V<\/p>\n<p><span style=\"color: #0000ff;\"><strong><a style=\"color: #0000ff;\" title=\"Mairs CE-zertifiziertes Drehkreuz mit Klappsperre\" href=\"http:\/\/mairsturnstile.com\/wp-content\/uploads\/2022\/09\/Mairs-CE-Certificate-Flap-Barrier-Turnstile.pdf\" target=\"_blank\" rel=\"noopener noreferrer\">CE-zertifiziert,<\/a> <a style=\"color: #0000ff;\" title=\"Mairs ISO9001-Zertifikat\" href=\"http:\/\/mairsturnstile.com\/wp-content\/uploads\/2022\/09\/Mairs-Registration-Certificate-ISO9001.pdf\" target=\"_blank\" rel=\"noopener noreferrer\">ISO9001-zertifiziert.<\/a><\/strong><\/span><\/p>\n","protected":false},"featured_media":62491,"comment_status":"closed","ping_status":"closed","template":"","meta":{"neve_meta_sidebar":"","neve_meta_container":"","neve_meta_enable_content_width":"off","neve_meta_content_width":0,"neve_meta_title_alignment":"","neve_meta_author_avatar":"","neve_post_elements_order":"","neve_meta_disable_header":"","neve_meta_disable_footer":"","neve_meta_disable_title":"","_ti_tpc_template_sync":false,"_ti_tpc_template_id":""},"product_cat":[434,429],"product_tag":[556,1470,560,554,1469,1503,557],"class_list":["post-9263","product","type-product","status-publish","has-post-thumbnail","hentry","product_cat-klappe-barriere","product_cat-sicherheits-drehkreuze","product_tag-drehkreuz-der-u-bahn","product_tag-klappbarrieresystem","product_tag-klappe-schranke","product_tag-klappenbarriere","product_tag-klappensperre-drehkreuztor","product_tag-klappschranken-drehkreuz","product_tag-u-bahn-drehkreuz-zu-verkaufen"],"_links":{"self":[{"href":"https:\/\/mairsturnstile.com\/de\/wp-json\/wp\/v2\/product\/9263","targetHints":{"allow":["GET"]}}],"collection":[{"href":"https:\/\/mairsturnstile.com\/de\/wp-json\/wp\/v2\/product"}],"about":[{"href":"https:\/\/mairsturnstile.com\/de\/wp-json\/wp\/v2\/types\/product"}],"replies":[{"embeddable":true,"href":"https:\/\/mairsturnstile.com\/de\/wp-json\/wp\/v2\/comments?post=9263"}],"version-history":[{"count":0,"href":"https:\/\/mairsturnstile.com\/de\/wp-json\/wp\/v2\/product\/9263\/revisions"}],"wp:featuredmedia":[{"embeddable":true,"href":"https:\/\/mairsturnstile.com\/de\/wp-json\/wp\/v2\/media\/62491"}],"wp:attachment":[{"href":"https:\/\/mairsturnstile.com\/de\/wp-json\/wp\/v2\/media?parent=9263"}],"wp:term":[{"taxonomy":"product_cat","embeddable":true,"href":"https:\/\/mairsturnstile.com\/de\/wp-json\/wp\/v2\/product_cat?post=9263"},{"taxonomy":"product_tag","embeddable":true,"href":"https:\/\/mairsturnstile.com\/de\/wp-json\/wp\/v2\/product_tag?post=9263"}],"curies":[{"name":"wp","href":"https:\/\/api.w.org\/{rel}","templated":true}]}}