{"id":9264,"date":"2021-04-27T18:38:38","date_gmt":"2021-04-27T10:38:38","guid":{"rendered":"https:\/\/mairsturnstile.com\/product\/klappensperrmechanismus-zu-verkaufen-mt252"},"modified":"2023-11-14T08:59:54","modified_gmt":"2023-11-14T00:59:54","slug":"klappen-barriere-mechanismus","status":"publish","type":"product","link":"https:\/\/mairsturnstile.com\/de\/produkt\/klappen-barriere-mechanismus","title":{"rendered":"KLAPPENSCHRANKENMECHANISMUS ZUM VERKAUF MT250"},"content":{"rendered":"<h2>Klappensperrmechanismus, Automatischer Klappensperrmechanismus zu verkaufen.<\/h2>\n<h3>Mairs bietet den besten Qualit\u00e4tsmechanismus f\u00fcr Drehkreuze mit Klappensperre. Bester Design-Klappensperrmechanismus.<\/h3>\n<p>Ein speziell entwickelter Klappensperrmechanismus und ein kompaktes elektrisches und mechanisches Design mit einzigartigem Antrieb gew\u00e4hrleisten die Langlebigkeit und den leisen Betrieb des Produkts. Sein selbstverriegelnder Mechanismus kann auch die Sicherheit der Zugangskontrolle sch\u00fctzen. Der Klappensperrmechanismus von Mairs verf\u00fcgt \u00fcber eine automatische Erkennung, eine automatische Fehlererkennung und ist bequem f\u00fcr die Wartung und den Betrieb durch den Benutzer. Dieser Klappen-<a href=\"https:\/\/mairsturnstile.com\/turnstile-mechanism.html\" target=\"_blank\" rel=\"noopener\">Drehkreuzmechanismus<\/a> kann auf alle <a href=\"https:\/\/en.wikipedia.org\/wiki\/Access_control\" target=\"_blank\" rel=\"noopener\">Zugangskontroll<\/a>systeme, Eingangsschnittstellen f\u00fcr Trockenkontakte und Schaltsignalverbindungen angewendet werden. Daher k\u00f6nnen Kunden verschiedene Systeme wie Kartenleser, Ticketsysteme, Wertmarkensysteme usw. integrieren. Nat\u00fcrlich mit Notfallfunktionen. Es kann mit Brandschutzeinrichtungen zur sicheren Ausl\u00f6sung im Notfall integriert werden.<\/p>\n<h4>Der Klappensperrmechanismus ist eine der Kernkomponenten des Klappensperren-Drehkreuztors, und der Klappensperrmechanismus steuert das Drehkreuztor, indem er die Schwingung des Fl\u00fcgelarms steuert.<\/h4>\n<p>Der Klappensperrmechanismus des Klappendrehkreuzes ist das Herzst\u00fcck des gesamten Drehkreuzes. Die Betriebsqualit\u00e4t des Klappensperrmechanismus bestimmt die Qualit\u00e4t des Klappensperr-Drehkreuztors, aber der Ausfall des Klappensperr-Drehkreuztors h\u00e4ngt auch mit dem Mechanismus zusammen. Nur die richtige Verwendungsweise und ordnungsgem\u00e4\u00dfe Wartung sind der Schl\u00fcssel zur Gew\u00e4hrleistung der Lebensdauer des Klappensperr-Drehkreuzes. Es ist auch ein Verfahren zur Verbesserung der Gesamtlebensdauer der <a href=\"https:\/\/mairsturnstile.com\/what-is-flap-barrier.html\">Klappenbarriere.<\/a><\/p>\n<p><strong>Merkmale:<\/strong><\/p>\n<ol>\n<li>Ein kompaktes CNC-Design mit einzigartigem Antrieb und Selbsthemmung.<\/li>\n<li>Automatische Fehlererkennung.<\/li>\n<li>Die Eingangsschnittstelle kann f\u00fcr Trockenkontakt- und Schaltsignalverbindungen verwendet werden.<\/li>\n<li>Einstellbare \u00d6ffnungs- und Schlie\u00dfautomatik.<\/li>\n<li>Infrarot-Fotozelle f\u00fcr sicheren Durchgang.<\/li>\n<li>Alarm f\u00fcr unbefugten und verbotenen Personenfluss.<\/li>\n<li>Passen Sie stattdessen den Ball.<\/li>\n<li>Automatisch ein- und ausschalten.<\/li>\n<li>Automatisches \u00d6ffnen und freier Zugriff beim Herunterfahren.<\/li>\n<li>Einstellbare Eintrittsrichtung.<\/li>\n<li>Stellen Sie eine Notfallschnittstelle bereit.<\/li>\n<li>Ampeln f\u00fcr Passagiere zum Einsteigen.<\/li>\n<li>Eingangsanschluss: +12-V-Pegelsignal oder Impulsbreite&gt;100 ms Impulssignal, Strom&gt;100 ms<\/li>\n<\/ol>\n","protected":false},"excerpt":{"rendered":"<p>1. Leistung: AC220V \u00b1 10V, 50\/60HZ;<\/p>\n<p>2. Betriebstemperatur: -45\u2103-60\u2103<\/p>\n<p>3. Relative Luftfeuchtigkeit: \u226495 %, keine Kondensation<\/p>\n<p>4. Durchgangsbreite: 550 mm (kundenspezifisch)<\/p>\n<p>5. Motor: B\u00fcrstenloser Gleichstrommotor, 140 W\/24 V<\/p>\n<p>6. \u00d6ffnungs- und Schlie\u00dfzeit des Tors: \u2264 0,4 s<\/p>\n<p>7. Infrarotsensoren: 9 oder 10 Paare<\/p>\n<p>8. Motorbetriebsgeschwindigkeit: 1600 U \/ min<\/p>\n<p>9. Kommunikationsverbindung: RS485-Kommunikation<\/p>\n<p>10. Schutzstufe: IP54<\/p>\n","protected":false},"featured_media":35561,"comment_status":"closed","ping_status":"closed","template":"","meta":{"neve_meta_sidebar":"","neve_meta_container":"","neve_meta_enable_content_width":"off","neve_meta_content_width":0,"neve_meta_title_alignment":"","neve_meta_author_avatar":"","neve_post_elements_order":"","neve_meta_disable_header":"","neve_meta_disable_footer":"","neve_meta_disable_title":"","_ti_tpc_template_sync":false,"_ti_tpc_template_id":""},"product_cat":[434,429],"product_tag":[1507,514,1506,558],"class_list":["post-9264","product","type-product","status-publish","has-post-thumbnail","hentry","product_cat-klappe-barriere","product_cat-sicherheits-drehkreuze","product_tag-drehkreuzkomponenten","product_tag-drehkreuzmechanismus","product_tag-drehkreuzmechanismus-de","product_tag-klappensperrmechanismus"],"_links":{"self":[{"href":"https:\/\/mairsturnstile.com\/de\/wp-json\/wp\/v2\/product\/9264","targetHints":{"allow":["GET"]}}],"collection":[{"href":"https:\/\/mairsturnstile.com\/de\/wp-json\/wp\/v2\/product"}],"about":[{"href":"https:\/\/mairsturnstile.com\/de\/wp-json\/wp\/v2\/types\/product"}],"replies":[{"embeddable":true,"href":"https:\/\/mairsturnstile.com\/de\/wp-json\/wp\/v2\/comments?post=9264"}],"version-history":[{"count":0,"href":"https:\/\/mairsturnstile.com\/de\/wp-json\/wp\/v2\/product\/9264\/revisions"}],"wp:featuredmedia":[{"embeddable":true,"href":"https:\/\/mairsturnstile.com\/de\/wp-json\/wp\/v2\/media\/35561"}],"wp:attachment":[{"href":"https:\/\/mairsturnstile.com\/de\/wp-json\/wp\/v2\/media?parent=9264"}],"wp:term":[{"taxonomy":"product_cat","embeddable":true,"href":"https:\/\/mairsturnstile.com\/de\/wp-json\/wp\/v2\/product_cat?post=9264"},{"taxonomy":"product_tag","embeddable":true,"href":"https:\/\/mairsturnstile.com\/de\/wp-json\/wp\/v2\/product_tag?post=9264"}],"curies":[{"name":"wp","href":"https:\/\/api.w.org\/{rel}","templated":true}]}}