{"id":9265,"date":"2020-09-13T00:48:49","date_gmt":"2020-09-12T16:48:49","guid":{"rendered":"https:\/\/mairsturnstile.com\/product\/super-stummes-drehkreuz-in-voller-hoehe-mt247"},"modified":"2024-10-31T17:00:24","modified_gmt":"2024-10-31T09:00:24","slug":"schiebe-drehkreuz","status":"publish","type":"product","link":"https:\/\/mairsturnstile.com\/de\/produkt\/schiebe-drehkreuz","title":{"rendered":"NEUES DESIGN-SCHIEBEDREHkreuz MT237-P IN VOLLST\u00c4NDIGER H\u00d6HE"},"content":{"rendered":"        <!-- 3D Model html -->\r\n        <div class=\"bp_grand wrapper_37634\">   \r\n        <div class=\"bp_model_parent\">\r\n            <model-viewer class=\"model\" id=\"bp_model_id_37634\" src=\"http:\/\/mairsturnstile.com\/wp-content\/uploads\/2023\/11\/MT237-p.glb\" alt=\"MT237-p\" camera-controls  loading=\"auto\" auto-rotate                        >\r\n            <\/model-viewer>\r\n        \r\n            <!-- Button -->\r\n            <svg id=\"openBtn\" width=\"30px\" height=\"30px\" viewBox=\"0 0 16 16\" xmlns=\"http:\/\/www.w3.org\/2000\/svg\" fill=\"#f2f2f2\" class=\"bi bi-arrows-fullscreen model-icon\">\r\n                <path fill-rule=\"evenodd\" d=\"M5.828 10.172a.5.5 0 0 0-.707 0l-4.096 4.096V11.5a.5.5 0 0 0-1 0v3.975a.5.5 0 0 0 .5.5H4.5a.5.5 0 0 0 0-1H1.732l4.096-4.096a.5.5 0 0 0 0-.707zm4.344 0a.5.5 0 0 1 .707 0l4.096 4.096V11.5a.5.5 0 1 1 1 0v3.975a.5.5 0 0 1-.5.5H11.5a.5.5 0 0 1 0-1h2.768l-4.096-4.096a.5.5 0 0 1 0-.707zm0-4.344a.5.5 0 0 0 .707 0l4.096-4.096V4.5a.5.5 0 1 0 1 0V.525a.5.5 0 0 0-.5-.5H11.5a.5.5 0 0 0 0 1h2.768l-4.096 4.096a.5.5 0 0 0 0 .707zm-4.344 0a.5.5 0 0 1-.707 0L1.025 1.732V4.5a.5.5 0 0 1-1 0V.525a.5.5 0 0 1 .5-.5H4.5a.5.5 0 0 1 0 1H1.732l4.096 4.096a.5.5 0 0 1 0 .707z\"\/>\r\n            <\/svg>\r\n        \r\n            <svg id=\"closeBtn\" class=\"model-icon\" width=\"34px\" height=\"34px\" viewBox=\"0 0 24 24\" xmlns=\"http:\/\/www.w3.org\/2000\/svg\">\r\n                <path fill=\"none\" stroke=\"#f2f2f2\" stroke-width=\"2\" d=\"M7,7 L17,17 M7,17 L17,7\"\/>\r\n            <\/svg>\r\n        \r\n        <\/div>\r\n        <\/div> \r\n\r\n        <!-- Model Viewer Style -->\r\n        <style>\r\n            \r\n            .wrapper_37634 .bp_model_parent, #bp_model_id_37634 {\r\n                width: 1150px;\r\n                max-width: 100%;\r\n                                            }\r\n            #bp_model_id_37634 {\r\n                height:700px;\r\n                background-color: #f9f9f9;\r\n            }\r\n            .fullscreen #bp_model_id_37634{\r\n            height: 100%;\r\n            width: 100%;\r\n            }\r\n            .wrapper_37634 .bp_model_parent{\r\n                justify-content: start            }\r\n            model-viewer.model {\r\n                --poster-color: transparent;\r\n            }\r\n        <\/style>\r\n        \r\n        \n<h2>Superleises Drehkreuz in voller H\u00f6he, Schiebet\u00fcr mit Drehkreuz, Drehkreuz-Schiebet\u00fcr zum Verkauf.<\/h2>\n<h4>F\u00fcr das Drehkreuz mit Schiebetor in voller H\u00f6he gibt es eine 2-Jahres-Garantie sowie dauerhaften Wartungs- und Reparatursupport.<\/h4>\n<p><strong>Das Schiebedrehkreuz ist eine Art Drehkreuz f\u00fcr die Zugangskontrolle von Fu\u00dfg\u00e4ngern, das auf der parallelen linearen Bewegung von zwei Leitblechen in die gleiche oder in verschiedene Richtungen basiert, um die T\u00fcr zu \u00f6ffnen und zu schlie\u00dfen. <\/strong>Das Schiebedrehkreuz ist ein elektrisch gesteuertes <a href=\"https:\/\/mairsturnstile.com\/product\/automated-turnstiles\" target=\"_blank\" rel=\"noopener\">automatisches Drehkreuz<\/a>, das manuell \u00fcber Tasten, Kartenleser und Fernbedienung oder vollautomatisch durch Gesichtserkennung und Induktion des menschlichen K\u00f6rpers ge\u00f6ffnet und geschlossen werden kann. Derzeit wird es h\u00e4ufig am Eingangstor verschiedener Wohngebiete, Unternehmen, Fabriken und anderer Orte verwendet, das speziell zur Kontrolle des Fu\u00dfg\u00e4ngerzugangs verwendet wird. Das Schiebedrehkreuz besteht aus einem Fahrgestell und zwei beweglichen T\u00fcrfl\u00fcgeln, die zum Abschrecken oder Freigeben aus- und eingefahren werden k\u00f6nnen. Dieses neue Schiebedrehkreuz MT237-P in voller H\u00f6he verf\u00fcgt \u00fcber das neueste Design und die sch\u00f6ne Form. Die Anwendungsauswahl des Schiebetor-Drehkreuzes richtet sich nach Gr\u00f6\u00dfe und Fl\u00e4che des Gel\u00e4ndes. Sein T\u00fcrfl\u00fcgel ist h\u00f6her als das Schwenkdrehkreuz und das Klappensperrdrehkreuz. Es ist in der Regel auf eine H\u00f6he von 1,6 m ausgelegt. Die Kanalbreite ist die gleiche wie die des Drehkreuztorkanals. Die Breite von 0,55 m reicht aus, um den Durchgang einer Person zu erm\u00f6glichen. F\u00fcr einige Regierungsbeh\u00f6rden und Einheiten oder Orte mit strengen Vertraulichkeits- und Hochsicherheitsanforderungen kann das Schiebedrehkreuz als Hauptausr\u00fcstung f\u00fcr die Zugangskontrollverwaltung ausgew\u00e4hlt werden, die eine strengere Zugangsverwaltung und strengere Sicherheitsma\u00dfnahmen aufweist. Die Sicherheitsma\u00dfnahmen spiegeln sich haupts\u00e4chlich in seinem Design wider. Der Gleitarm ist relativ hoch, um Bohren und Klettern zu verhindern, und das Hauptmaterial ist Acrylglas. Die Vision dieses Kanals wird nicht eingeschr\u00e4nkt. Es ist in der Halle des B\u00fcrogeb\u00e4udes platziert, und das Ganze ist immer noch transparent und hell. Das Drehkreuz mit Schiebesperre unterscheidet sich vom Dreibein-Drehkreuztor, Schwenkdrehkreuztor und Klappensperrtor. Es handelt sich um eine Art Drehkreuz f\u00fcr Fu\u00dfg\u00e4nger, die nicht h\u00e4ufig verwendet wird und strikt am Betreten und Verlassen gehindert werden muss. Da die Sperrbarriere auf beiden Seiten vom \u00dcbersetzungstyp ist und eine automatische Steuerung annimmt, werden Personen nicht leicht abgeschnitten. Das Design einer Hochsperrbarriere verhindert die M\u00f6glichkeit des unbefugten \u00dcberquerens und Kletterns, daher ist hohe Sicherheit das wichtigste Zeichen. Die Sperrbarriere ist d\u00fcnn und kann in Form von zwei T\u00fcren hergestellt werden, die aus Sicherheitsgr\u00fcnden verst\u00e4rkt und sicher und flexibel sind. Es wird haupts\u00e4chlich in Szenen verwendet, in denen die Sicherheitseffizienz verbessert werden muss, wie z. B. in hochwertigen B\u00fcrogeb\u00e4uden, Konzernunternehmen, Hallen oder Aufzugshallen von Gesch\u00e4ftsgeb\u00e4uden, Treppenh\u00e4usern usw. Wir k\u00f6nnen auch innerhalb weniger Minuten ein Rendering f\u00fcr Sie erstellen, das auf Ihrem aktuellen Szenario basiert. Wir stellen auch detaillierte Grundrisse und Zeichnungen sowie Installationszeichnungen zur Verf\u00fcgung.\n        \t\n\t<style type=\"text\/css\">\n\t\t.slider-info-37633.bafg-slider-info .bafg-slider-title {\n\t\t\t\t\t\tfont-size: 22px;\n\t\t\t\t\t\t\n\t\t\t\n\t\t\t\t\t}\n\n\t\t.slider-info-37633.bafg-slider-info .bafg-slider-description {\n\t\t\t\n\t\t\t\n\t\t\t\t\t}\n\n\t\t.slider-info-37633.bafg-slider-info .bafg_slider_readmore_button {\n\t\t\t\n\t\t\t\n\t\t\t\n\t\t\t\n\t\t\t\n\t\t\ttext-align: center;\n\n\t\t\t\n\t\t\t\n\t\t\t\n\t\t\t\n\t\t\t\n\t\t\t\n\t\t\t\t\t}\n\n\t\t.slider-info-37633.bafg-slider-info .bafg_slider_readmore_button:hover {\n\n\t\t\t\n\t\t\t\n\t\t\t\t\t}\n\n\t<\/style>\n\t\n        <div class=\"bafg-twentytwenty-container slider-37633 \" bafg-orientation=\"horizontal\" bafg-default-offset=\"0.5\" bafg-before-label=\"Before\" bafg-after-label=\"After\" bafg-overlay=\"yes\" bafg-move-slider-on-hover=\"yes\" bafg-click-to-move=\"no\">\n              \n            <img decoding=\"async\" class=\"skip-lazy\" src=\"http:\/\/mairsturnstile.com\/wp-content\/uploads\/2024\/10\/sliding-turnstile-7.jpg\" alt=\"sliding turnstile\" data-skip-lazy title=\"\">\n            <img decoding=\"async\" class=\"skip-lazy\" src=\"http:\/\/mairsturnstile.com\/wp-content\/uploads\/2020\/09\/sliding-turnstile-5-1.jpg\" alt=\"sliding turnstile\" data-skip-lazy title=\"\">\n           \n        <\/div>\n\n        \t<div class=\"bafg-slider-info-wraper\">\n\t\t<div style=\"\" class=\"slider-info-37633 bafg-slider-info\">\n\t\t\t\t\t<\/div>\n\t<\/div>\n\t\n        <style type=\"text\/css\">\n            \n        <\/style>\n        <strong>Vorsichtsma\u00dfnahmen f\u00fcr die Anwendung:<\/strong> Bei der Benutzung des Drehkreuzes mit Schiebet\u00fcr muss das Personal das Durchgangsprinzip \u201eKarte au\u00dferhalb der gelben Linie durchziehen oder sinnlose Identifikation, kein Hinterherziehen und kein R\u00fcckw\u00e4rtsdurchgang\u201c befolgen. Hinweis: Fu\u00dfg\u00e4nger ziehen ihre Karte au\u00dferhalb der gelben Linie an der Au\u00dfenseite der Passage. Es kann immer nur eine Person eine g\u00fcltige Karte passieren. Es ist verboten, dass nachfolgende Fu\u00dfg\u00e4nger folgen und in entgegengesetzter Richtung \u00fcberholen, ohne ihre Karte zu ziehen. &#8222;. Achten Sie w\u00e4hrend der Nutzung des Gleitschutz-Drehkreuzes auf die t\u00e4gliche Reinigung und Wartung. Eine regelm\u00e4\u00dfige Inspektion kann der Alterung der Ausr\u00fcstung wirksam vorbeugen, und eine rechtzeitige Wartung kann die Lebensdauer der Ausr\u00fcstung effektiv verl\u00e4ngern. In der praktischen Anwendung des Schiebesperren-Drehkreuzes k\u00f6nnen Aussehen und Funktion je nach Bedarf angepasst werden. Wir k\u00f6nnen OEM- und ODM-Dienstleistungen erbringen. Wir bieten auch biometrische Ger\u00e4te wie IC\/ID-Kartenleser, Fingerabdruckscanner, QR-Code-Scanner, Gesichtserkennungskameras und so weiter. Wenn Sie diese Ger\u00e4te in das Drehkreuz integrieren m\u00fcssen oder Fragen haben, <a href=\"https:\/\/mairsturnstile.com\/contact\" target=\"_blank\" rel=\"noopener\">kontaktieren Sie uns<\/a> bitte. Das erste Video zeigt ein gew\u00f6hnliches Schiebedrehkreuz, das extrem leise ist und gut aussieht. Das folgende Video ist ein kundenspezifisches Schiebedrehkreuz. Unabh\u00e4ngig von der Gr\u00f6\u00dfe oder dem Aussehen des Schiebedrehkreuzes wird es an die tats\u00e4chlichen Bed\u00fcrfnisse der Kunden angepasst. Wenn Sie ein \u00e4hnliches Schiebedrehkreuz anpassen m\u00fcssen, k\u00f6nnen Sie sich auch an uns wenden. <strong>Das Schiebedrehkreuz <\/strong>zeichnet sich durch ein elegantes Design, hohe Geschwindigkeit, hohe Sicherheit, ger\u00e4uscharmen Betrieb, reibungslosen Lauf und eine lange Lebensdauer aus. Es ist hochintegriert und kompatibel mit <a href=\"https:\/\/en.wikipedia.org\/wiki\/Facial_recognition\" target=\"_blank\" rel=\"noopener\">Gesichtserkennungs-<\/a>Temperaturscannern, Fingerabdruck-Zugangskontrolle, QR-Systemen, ESD-Zugangskontrolle, RFID usw. Da es <a href=\"https:\/\/mairsturnstile.com\/what-is-flap-barrier.html\" target=\"_blank\" rel=\"noopener\">sich um eine <\/a>Geschwindigkeitsklappenbarriere handelt, \u00f6ffnet sich das Schwenkleitblech automatisch, wenn der Strom abgeschaltet wird, und ist f\u00fcr Feuer-\/Notausgangsanforderungen frei. <\/p>\n<ul>\n<li><strong>Schiebedrehkreuz<\/strong> ist konstruiert, um Personen zu kontrollieren, die den Sperrbereich betreten oder verlassen. Es wird normalerweise an Orten mit hohem Fu\u00dfg\u00e4ngerverkehr in beide Richtungen verwendet.<\/li>\n<li>Das Geh\u00e4use des Drehkreuzes mit Schiebesperre besteht aus geb\u00fcrstetem Edelstahl 304, wodurch ein nahtloses und sch\u00f6nes Eingangssystem entsteht, das sich in die meisten Innenr\u00e4ume einf\u00fcgt.<\/li>\n<li>Es kann in alle Zutrittskontrollsysteme von Drittanbietern integriert werden (z. B.: RFID-Zutrittssystem, Push the Button, Fingerabdruck- und Gesichtserkennung mit Temperaturpr\u00fcfung).<\/li>\n<li>Im Notfall \u00f6ffnet sich der Sliding Turnstile Arm automatisch und verbindet sich mit der Batterie oder dem Kondensator, um freien Durchgang zu erm\u00f6glichen.<\/li>\n<li>Das optische Schiebedrehkreuz eignet sich f\u00fcr luxuri\u00f6se und elegante Eingangsl\u00f6sungen.<\/li>\n<li>Das Drehkreuz mit Schiebetor zeichnet sich durch hohe Geschwindigkeit, lange Lebensdauer, hohe Leistung und hohe Betriebszuverl\u00e4ssigkeit aus.<\/li>\n<li> Alarmfunktion bei illegalem Eindringen und umgekehrtem Eindringen.<\/li>\n<li>Der Infrarotsensor l\u00f6st einen Alarm aus und das LED-Licht blinkt, um zu verhindern, dass Fu\u00dfg\u00e4nger eingeklemmt werden.<\/li>\n<li>Automatische Reset-Funktion: Schiebearme schlie\u00dfen automatisch innerhalb von 5 Sekunden (einstellbar), wenn ein Passagier zu sp\u00e4t kommt<\/li>\n<li>Das Schiebetor-Drehkreuz bleibt im Schloss, wenn jemand hereinst\u00fcrmen m\u00f6chte, ohne die RFID-Karte durchzuziehen.<\/li>\n<li>Eine LED-Richtungsanzeige am oberen und vorderen Pfosten<\/li>\n<li>Geh\u00e4usematerial: Edelstahl 304<\/li>\n<li>R\u00fcckfahrsperre, das Drehkreuz alarmiert, wenn jemand in umgekehrter Richtung eintreten m\u00f6chte.<\/li>\n<li>Bi-Richtungs- oder Einzelrichtungslauf sind Optionen<\/li>\n<\/ul>\n<p> Wir k\u00f6nnen die gesamte L\u00f6sung f\u00fcr die Sicherheitskontrolle anbieten. Wenn Sie ein eigenes Zugangskontrollsystem haben, k\u00f6nnen Sie unser Drehkreuz direkt verwenden. Falls Sie noch keine haben, bieten wir auch eine komplette L\u00f6sung f\u00fcr die Zugangskontrolle an. Einzelheiten entnehmen Sie bitte dem unten stehenden Video. <iframe title=\"Schiebe-Drehkreuz, Schiebe-Drehkreuz, Super-Must-Drehkreuz in voller H\u00f6he \u2013 MairsTurnstile\" src=\"https:\/\/www.youtube.com\/embed\/NWiaz1Su7BI\" width=\"1150\" height=\"650\" frameborder=\"0\" allowfullscreen=\"allowfullscreen\"><\/iframe><\/p>\n","protected":false},"excerpt":{"rendered":"<p>1. Gr\u00f6\u00dfe: 1420 * 340 * 1000 mm (kann angepasst werden) 2. Spurbreite: 600 mm (Standard) 900 mm (behindert) 3. Durchgangsgeschwindigkeit: 40 Personen\/min 4. Stromversorgung: 110 V\/220 V 50\/60 Hz 5. Antriebsmotor: 90 W 6. Eingang: Trockenkontakt  7. Antriebsmotor: DC24V 8. Drehkreuz Schranke Gewicht: 70 kg\/Stk 9. Armh\u00f6he 1800 mm (kann angepasst werden) <span style=\"color: #0000ff;\"><strong><a style=\"color: #0000ff;\" title=\"Mairs CE-zertifiziertes Drehkreuz mit Klappsperre\" href=\"http:\/\/mairsturnstile.com\/wp-content\/uploads\/2022\/09\/Mairs-CE-Certificate-Flap-Barrier-Turnstile.pdf\" target=\"_blank\" rel=\"noopener noreferrer\">CE Certificated,<\/a> <a style=\"color: #0000ff;\" title=\"Mairs ISO9001-Zertifikat\" href=\"http:\/\/mairsturnstile.com\/wp-content\/uploads\/2022\/09\/Mairs-Registration-Certificate-ISO9001.pdf\" target=\"_blank\" rel=\"noopener noreferrer\">ISO9001 Certificated.<\/a><\/strong><\/span><a title=\"Brosch\u00fcre \u00fcber Schiebedrehkreuze\" href=\"http:\/\/mairsturnstile.com\/wp-content\/uploads\/2024\/03\/Sliding-turnstile-MT237-P-brochure.pdf\" target=\" rel=\" rel=\"noopener\"><img decoding=\"async\" class=\"alignnone size-full wp-image-11034\" src=\"http:\/\/mairsturnstile.com\/wp-content\/uploads\/2022\/09\/pdf-MairsTurnstile.png\" alt=\"\" width=\"32\" height=\"32\"><span style=\"color: #0000ff;\"><strong>Sliding Turnstile Gate MT237-P Brochure<\/strong><\/span><\/a><\/p>\n","protected":false},"featured_media":37563,"comment_status":"closed","ping_status":"closed","template":"","meta":{"neve_meta_sidebar":"","neve_meta_container":"","neve_meta_enable_content_width":"off","neve_meta_content_width":0,"neve_meta_title_alignment":"","neve_meta_author_avatar":"","neve_post_elements_order":"","neve_meta_disable_header":"","neve_meta_disable_footer":"","neve_meta_disable_title":"","_ti_tpc_template_sync":false,"_ti_tpc_template_id":""},"product_cat":[1740,429],"product_tag":[1372,598,1250,1505,559,1501,448,447],"class_list":["post-9265","product","type-product","status-publish","has-post-thumbnail","hentry","product_cat-schiebe-drehkreuz","product_cat-sicherheits-drehkreuze","product_tag-ausgangsdrehkreuz","product_tag-drehkreuz-aus-glas","product_tag-drehkreuze-aus-glas","product_tag-drehkreuze-im-fitnessstudio","product_tag-schiebe-drehkreuz-sperrtor","product_tag-schiebedrehkreuz-in-voller-hohe","product_tag-schiebetor-drehkreuz","product_tag-verschiebbares-drehkreuz"],"_links":{"self":[{"href":"https:\/\/mairsturnstile.com\/de\/wp-json\/wp\/v2\/product\/9265","targetHints":{"allow":["GET"]}}],"collection":[{"href":"https:\/\/mairsturnstile.com\/de\/wp-json\/wp\/v2\/product"}],"about":[{"href":"https:\/\/mairsturnstile.com\/de\/wp-json\/wp\/v2\/types\/product"}],"replies":[{"embeddable":true,"href":"https:\/\/mairsturnstile.com\/de\/wp-json\/wp\/v2\/comments?post=9265"}],"version-history":[{"count":0,"href":"https:\/\/mairsturnstile.com\/de\/wp-json\/wp\/v2\/product\/9265\/revisions"}],"wp:featuredmedia":[{"embeddable":true,"href":"https:\/\/mairsturnstile.com\/de\/wp-json\/wp\/v2\/media\/37563"}],"wp:attachment":[{"href":"https:\/\/mairsturnstile.com\/de\/wp-json\/wp\/v2\/media?parent=9265"}],"wp:term":[{"taxonomy":"product_cat","embeddable":true,"href":"https:\/\/mairsturnstile.com\/de\/wp-json\/wp\/v2\/product_cat?post=9265"},{"taxonomy":"product_tag","embeddable":true,"href":"https:\/\/mairsturnstile.com\/de\/wp-json\/wp\/v2\/product_tag?post=9265"}],"curies":[{"name":"wp","href":"https:\/\/api.w.org\/{rel}","templated":true}]}}