{"id":9267,"date":"2020-09-13T00:31:47","date_gmt":"2020-09-12T16:31:47","guid":{"rendered":"https:\/\/mairsturnstile.com\/product\/klappe-schranke-automatisierte-drehkreuze-mt246"},"modified":"2024-10-31T17:04:37","modified_gmt":"2024-10-31T09:04:37","slug":"automatisierte-drehkreuze","status":"publish","type":"product","link":"https:\/\/mairsturnstile.com\/de\/produkt\/automatisierte-drehkreuze","title":{"rendered":"KLAPPE SCHRANKE AUTOMATISIERTE DREHKREUZE MT246"},"content":{"rendered":"        <!-- 3D Model html -->\r\n        <div class=\"bp_grand wrapper_27681\">   \r\n        <div class=\"bp_model_parent\">\r\n            <model-viewer class=\"model\" id=\"bp_model_id_27681\" src=\"http:\/\/mairsturnstile.com\/wp-content\/uploads\/2023\/08\/MT246.glb\" alt=\"MT246\" camera-controls  loading=\"auto\" auto-rotate                        >\r\n            <\/model-viewer>\r\n        \r\n            <!-- Button -->\r\n            <svg id=\"openBtn\" width=\"30px\" height=\"30px\" viewBox=\"0 0 16 16\" xmlns=\"http:\/\/www.w3.org\/2000\/svg\" fill=\"#f2f2f2\" class=\"bi bi-arrows-fullscreen model-icon\">\r\n                <path fill-rule=\"evenodd\" d=\"M5.828 10.172a.5.5 0 0 0-.707 0l-4.096 4.096V11.5a.5.5 0 0 0-1 0v3.975a.5.5 0 0 0 .5.5H4.5a.5.5 0 0 0 0-1H1.732l4.096-4.096a.5.5 0 0 0 0-.707zm4.344 0a.5.5 0 0 1 .707 0l4.096 4.096V11.5a.5.5 0 1 1 1 0v3.975a.5.5 0 0 1-.5.5H11.5a.5.5 0 0 1 0-1h2.768l-4.096-4.096a.5.5 0 0 1 0-.707zm0-4.344a.5.5 0 0 0 .707 0l4.096-4.096V4.5a.5.5 0 1 0 1 0V.525a.5.5 0 0 0-.5-.5H11.5a.5.5 0 0 0 0 1h2.768l-4.096 4.096a.5.5 0 0 0 0 .707zm-4.344 0a.5.5 0 0 1-.707 0L1.025 1.732V4.5a.5.5 0 0 1-1 0V.525a.5.5 0 0 1 .5-.5H4.5a.5.5 0 0 1 0 1H1.732l4.096 4.096a.5.5 0 0 1 0 .707z\"\/>\r\n            <\/svg>\r\n        \r\n            <svg id=\"closeBtn\" class=\"model-icon\" width=\"34px\" height=\"34px\" viewBox=\"0 0 24 24\" xmlns=\"http:\/\/www.w3.org\/2000\/svg\">\r\n                <path fill=\"none\" stroke=\"#f2f2f2\" stroke-width=\"2\" d=\"M7,7 L17,17 M7,17 L17,7\"\/>\r\n            <\/svg>\r\n        \r\n        <\/div>\r\n        <\/div> \r\n\r\n        <!-- Model Viewer Style -->\r\n        <style>\r\n            \r\n            .wrapper_27681 .bp_model_parent, #bp_model_id_27681 {\r\n                width: 1150px;\r\n                max-width: 100%;\r\n                                            }\r\n            #bp_model_id_27681 {\r\n                height:700px;\r\n                background-color: #f9f9f9;\r\n            }\r\n            .fullscreen #bp_model_id_27681{\r\n            height: 100%;\r\n            width: 100%;\r\n            }\r\n            .wrapper_27681 .bp_model_parent{\r\n                justify-content: start            }\r\n            model-viewer.model {\r\n                --poster-color: transparent;\r\n            }\r\n        <\/style>\r\n        \r\n        \n<h2><strong>Automatische Drehkreuze mit Klappensperre<\/strong> haben eine 2-j\u00e4hrige Garantie und dauerhafte Wartungs- und Reparaturunterst\u00fctzung.<\/h2>\n<p>Wir k\u00f6nnen OEM- und ODM-Dienstleistungen erbringen. Wir bieten auch biometrische Ger\u00e4te wie IC\/ID-Kartenleser, Fingerabdruckscanner, QR-Code-Scanner, Gesichtserkennungskameras und so weiter.<\/p>\n<h3>Was sind automatisierte Drehkreuze?<\/h3>\n<p><strong>Automatisierte Drehkreuze (automatische Drehkreuze) sind eine Art Fu\u00dfg\u00e4nger-Drehkreuztorausr\u00fcstung, die von einem Motor angetrieben wird. Es wird auch als elektrisches Drehkreuz bezeichnet. Im Vergleich zum manuellen Drehkreuztor wird der gesamte Betrieb des automatischen Drehkreuztors vom Motor angetrieben, und das automatische Drehkreuztor hat einen h\u00f6heren Sicherheitsfaktor und eine h\u00f6here Glaubw\u00fcrdigkeit.<\/strong> Die automatisierten Drehkreuze haben die Vorteile eines professionellen und gut aussehenden Designs, eines schnellen Durchgangs, illegaler Benutzeralarme und so weiter. Die meisten unserer Drehkreuztore sind vollautomatische Drehkreuze. Wenn Sie Modelle von automatischen Drehkreuzen ben\u00f6tigen, <a href=\"https:\/\/mairsturnstile.com\/contact\">kontaktieren Sie uns<\/a> bitte<\/p>\n<h3>Automatische Drehkreuze Prinzip:<\/h3>\n<p>Selbstverst\u00e4ndlich werden die automatisierten Drehkreuze mit einem Motor ausgestattet. Nachdem der Benutzer die Zugangsberechtigung erhalten hat, treibt der Motor die Bremsstange an, sich zum Entriegeln um etwa 15\u00b0 zu drehen, wodurch der Passant zum Passieren aufgefordert wird. Wenn der Passant die Bremsstange ber\u00fchrt, sp\u00fcrt die Drehkreuzmaschine, dass der Passant passieren m\u00f6chte, sodass die Hauptsteuerung den Motor steuert, um die Bremsstange wieder zum Rotieren zu bringen, wodurch die Wanderer reibungslos entlang der Durchgangsrichtung passieren.<\/p>\n<p>Wenn sich die Torstange um 120\u00b0 dreht, wird das \u00dcbertragungssystem des Drehkreuztors automatisch verriegelt und der Z\u00e4hler in Durchgangsrichtung wird automatisch um 1 erh\u00f6ht. Gleichzeitig kann es den automatischen Stangenabfall nach einem Stromausfall realisieren, und die Stromversorgung des Motors treibt die Torstange an, um sich zu drehen, um das automatische Stangenladen nach dem Einschalten zu realisieren, was f\u00fcr die Verwendung sehr praktisch ist.<\/p>\n<p>Wir k\u00f6nnen auch innerhalb weniger Minuten ein Rendering f\u00fcr Sie erstellen, das auf Ihrem aktuellen Szenario basiert. Wir liefern auch detaillierte Layouts und Zeichnungen sowie Installationszeichnungen.<\/p>\n\n        \t\n\t<style type=\"text\/css\">\n\t\t.slider-info-27682.bafg-slider-info .bafg-slider-title {\n\t\t\t\t\t\tfont-size: 22px;\n\t\t\t\t\t\t\n\t\t\t\n\t\t\t\t\t}\n\n\t\t.slider-info-27682.bafg-slider-info .bafg-slider-description {\n\t\t\t\n\t\t\t\n\t\t\t\t\t}\n\n\t\t.slider-info-27682.bafg-slider-info .bafg_slider_readmore_button {\n\t\t\t\n\t\t\t\n\t\t\t\n\t\t\t\n\t\t\t\n\t\t\ttext-align: center;\n\n\t\t\t\n\t\t\t\n\t\t\t\n\t\t\t\n\t\t\t\n\t\t\t\n\t\t\t\t\t}\n\n\t\t.slider-info-27682.bafg-slider-info .bafg_slider_readmore_button:hover {\n\n\t\t\t\n\t\t\t\n\t\t\t\t\t}\n\n\t<\/style>\n\t\n        <div class=\"bafg-twentytwenty-container slider-27682 \" bafg-orientation=\"horizontal\" bafg-default-offset=\"0.5\" bafg-before-label=\"Before\" bafg-after-label=\"After\" bafg-overlay=\"yes\" bafg-move-slider-on-hover=\"yes\" bafg-click-to-move=\"no\">\n              \n            <img decoding=\"async\" class=\"skip-lazy\" src=\"http:\/\/mairsturnstile.com\/wp-content\/uploads\/2023\/08\/automated-turnstiles_4.jpg\" alt=\"\" data-skip-lazy title=\"\">\n            <img decoding=\"async\" class=\"skip-lazy\" src=\"http:\/\/mairsturnstile.com\/wp-content\/uploads\/2023\/08\/automated-turnstiles_5.jpg\" alt=\"\" data-skip-lazy title=\"\">\n           \n        <\/div>\n\n        \t<div class=\"bafg-slider-info-wraper\">\n\t\t<div style=\"\" class=\"slider-info-27682 bafg-slider-info\">\n\t\t\t\t\t<\/div>\n\t<\/div>\n\t\n        <style type=\"text\/css\">\n            \n        <\/style>\n        \n<p>Automatische Drehkreuztore mit Klappensperre sind eine ideale L\u00f6sung f\u00fcr U-Bahn-Stationen, Stadien, Fabriken oder Gesch\u00e4ftsgeb\u00e4ude. Die K<a href=\"https:\/\/mairsturnstile.com\/what-is-flap-barrier.html\">lappenbarriere<\/a> eignet sich gut f\u00fcr Ein- und Ausg\u00e4nge von Geb\u00e4uden oder Baustellen, um Mitarbeiter und Besucher zu verfolgen. Nur autorisierte Benutzer k\u00f6nnen bestimmte Bereiche durch das automatisierte <strong>Drehkreuztor mit Klappensperre betreten<\/strong>. <a href=\"https:\/\/en.wikipedia.org\/wiki\/Radio-frequency_identification\" target=\"_blank\" rel=\"noopener\">RFID<\/a>, Fingerabdruckverifizierung, Gesichtserkennung mit Temperaturpr\u00fcfung und Venenverifizierungstechnologien sind f\u00fcr Flexibilit\u00e4tsoptionen verf\u00fcgbar.<\/p>\n<ul>\n<li>Automatisierte Drehkreuze mit Klappbarrieren werden konstruiert, um Personen zu kontrollieren, die den eingeschr\u00e4nkten Bereich betreten oder verlassen. Es wird normalerweise an Orten mit hohem Fu\u00dfg\u00e4ngerverkehr in beide Richtungen verwendet.<\/li>\n<li>Das Geh\u00e4use der automatisierten Drehkreuze mit Klappensperre besteht aus geb\u00fcrstetem Edelstahl 304, wodurch ein nahtloses und sch\u00f6nes Eingangssystem entsteht, das sich in die meisten Innenr\u00e4ume einf\u00fcgt.<\/li>\n<li>Es kann in alle Zutrittskontrollsysteme von Drittanbietern integriert werden (z. B.: RFID-Zutrittssystem, Push the Button, Fingerabdruck- und Gesichtserkennung mit Temperaturpr\u00fcfung).<\/li>\n<li>Im Notfall \u00f6ffnet sich der Sliding Turnstile Arm automatisch und verbindet sich mit der Batterie oder dem Kondensator, um freien Durchgang zu erm\u00f6glichen.<\/li>\n<li>Automatische Drehkreuze mit optischer Klappensperre eignen sich f\u00fcr luxuri\u00f6se und elegante Eingangsl\u00f6sungen.<\/li>\n<li>Das verschiebbare Drehkreuz zeichnet sich durch schnelle Geschwindigkeit, Langlebigkeit, hohe Leistung und hohe Betriebszuverl\u00e4ssigkeit aus<\/li>\n<li> Alarmfunktion bei illegalem Eindringen und umgekehrtem Eindringen.<\/li>\n<li>Der Infrarotsensor l\u00f6st einen Alarm aus und das LED-Licht blinkt, um zu verhindern, dass Fu\u00dfg\u00e4nger eingeklemmt werden.<\/li>\n<li>Automatische Reset-Funktion: Schiebearme schlie\u00dfen automatisch innerhalb von 5 Sekunden (einstellbar), wenn ein Passagier zu sp\u00e4t kommt<\/li>\n<li>Die Klappensperrdrehkreuze bleiben im Schloss, wenn jemand hereinst\u00fcrmen m\u00f6chte, ohne die RFID-Karte durchzuziehen.<\/li>\n<li>Eine LED-Richtungsanzeige am oberen und vorderen Pfosten<\/li>\n<li>R\u00fcckfahrsperre, das Drehkreuz alarmiert, wenn jemand in umgekehrter Richtung eintreten m\u00f6chte.<\/li>\n<li>Bi-Richtungs- oder Einzelrichtungslauf sind Optionen<\/li>\n<\/ul>\n<p>Wir k\u00f6nnen die gesamte L\u00f6sung f\u00fcr die Sicherheitskontrolle anbieten. Wenn Sie ein eigenes Zugangskontrollsystem haben, k\u00f6nnen Sie unser Drehkreuz direkt verwenden. Falls Sie noch keine haben, bieten wir auch eine komplette L\u00f6sung f\u00fcr die Zugangskontrolle an. Einzelheiten entnehmen Sie bitte dem unten stehenden Video.<\/p>\n<p><iframe title=\"Schiebe-Drehkreuz, Schiebe-Drehkreuz, Super-Must-Drehkreuz in voller H\u00f6he \u2013 MairsTurnstile\" src=\"https:\/\/www.youtube.com\/embed\/NWiaz1Su7BI\" width=\"1150\" height=\"650\" frameborder=\"0\" allowfullscreen=\"allowfullscreen\"><\/iframe><\/p>\n","protected":false},"excerpt":{"rendered":"<p>1. Gr\u00f6\u00dfe: 1400 * 350 * 1000 mm (kann angepasst werden)<\/p>\n<p>2. Bahnbreite: 600 mm (kann angepasst werden)<\/p>\n<p>3. Durchgangsgeschwindigkeit: 40 Personen\/min<\/p>\n<p>4. Stromversorgung: 110 V\/220 V 50\/60 Hz<\/p>\n<p>5. Antriebsmotor: 30 W\/40 W<\/p>\n<p>6. Tor\u00f6ffnungssignal: Potenzialfreier Kontakt\/Relais<\/p>\n<p>7. Antriebsmotor: DC24V<\/p>\n<p>8. Klappendrehkreuze Gewicht: 70 kg\/Stk<\/p>\n<p>9. Armh\u00f6he: 1200 mm (kann angepasst werden)<\/p>\n<p><span style=\"color: #0000ff;\"><strong><a style=\"color: #0000ff;\" title=\"Mairs CE-zertifiziertes Drehkreuz mit Klappsperre\" href=\"http:\/\/mairsturnstile.com\/wp-content\/uploads\/2022\/09\/Mairs-CE-Certificate-Flap-Barrier-Turnstile.pdf\" target=\"_blank\" rel=\"noopener noreferrer\">CE-zertifiziert,<\/a> <a style=\"color: #0000ff;\" title=\"Mairs ISO9001-Zertifikat\" href=\"http:\/\/mairsturnstile.com\/wp-content\/uploads\/2022\/09\/Mairs-Registration-Certificate-ISO9001.pdf\" target=\"_blank\" rel=\"noopener noreferrer\">ISO9001-zertifiziert.<\/a><\/strong><\/span><\/p>\n","protected":false},"featured_media":27628,"comment_status":"closed","ping_status":"closed","template":"","meta":{"neve_meta_sidebar":"","neve_meta_container":"","neve_meta_enable_content_width":"off","neve_meta_content_width":0,"neve_meta_title_alignment":"","neve_meta_author_avatar":"","neve_post_elements_order":"","neve_meta_disable_header":"","neve_meta_disable_footer":"","neve_meta_disable_title":"","_ti_tpc_template_sync":false,"_ti_tpc_template_id":""},"product_cat":[1740,429],"product_tag":[452,563,1505,1467,560,1469,1503],"class_list":["post-9267","product","type-product","status-publish","has-post-thumbnail","hentry","product_cat-schiebe-drehkreuz","product_cat-sicherheits-drehkreuze","product_tag-automatisches-drehkreuz","product_tag-automatisierte-drehkreuze","product_tag-drehkreuze-im-fitnessstudio","product_tag-eingangstore-mit-drehkreuz","product_tag-klappe-schranke","product_tag-klappensperre-drehkreuztor","product_tag-klappschranken-drehkreuz"],"_links":{"self":[{"href":"https:\/\/mairsturnstile.com\/de\/wp-json\/wp\/v2\/product\/9267","targetHints":{"allow":["GET"]}}],"collection":[{"href":"https:\/\/mairsturnstile.com\/de\/wp-json\/wp\/v2\/product"}],"about":[{"href":"https:\/\/mairsturnstile.com\/de\/wp-json\/wp\/v2\/types\/product"}],"replies":[{"embeddable":true,"href":"https:\/\/mairsturnstile.com\/de\/wp-json\/wp\/v2\/comments?post=9267"}],"version-history":[{"count":0,"href":"https:\/\/mairsturnstile.com\/de\/wp-json\/wp\/v2\/product\/9267\/revisions"}],"wp:featuredmedia":[{"embeddable":true,"href":"https:\/\/mairsturnstile.com\/de\/wp-json\/wp\/v2\/media\/27628"}],"wp:attachment":[{"href":"https:\/\/mairsturnstile.com\/de\/wp-json\/wp\/v2\/media?parent=9267"}],"wp:term":[{"taxonomy":"product_cat","embeddable":true,"href":"https:\/\/mairsturnstile.com\/de\/wp-json\/wp\/v2\/product_cat?post=9267"},{"taxonomy":"product_tag","embeddable":true,"href":"https:\/\/mairsturnstile.com\/de\/wp-json\/wp\/v2\/product_tag?post=9267"}],"curies":[{"name":"wp","href":"https:\/\/api.w.org\/{rel}","templated":true}]}}