{"id":9268,"date":"2020-09-13T00:27:25","date_gmt":"2020-09-12T16:27:25","guid":{"rendered":"https:\/\/mairsturnstile.com\/product\/klappensperren-drehkreuz-mobiles-drehkreuz-mt223-s"},"modified":"2023-11-01T22:06:20","modified_gmt":"2023-11-01T14:06:20","slug":"mobiles-drehkreuz","status":"publish","type":"product","link":"https:\/\/mairsturnstile.com\/de\/produkt\/mobiles-drehkreuz","title":{"rendered":"KLAPPE BARRIERE DREHkreuz MOBILES DREHkreuz MT253"},"content":{"rendered":"<p data-format=\"%title% %sep% %sitename%\" data-empty-title=\"Click to enter custom title\">        <!-- 3D Model html -->\r\n        <div class=\"bp_grand wrapper_22555\">   \r\n        <div class=\"bp_model_parent\">\r\n            <model-viewer class=\"model\" id=\"bp_model_id_22555\" src=\"http:\/\/mairsturnstile.com\/wp-content\/uploads\/2023\/06\/MT259.glb\" alt=\"MT259\" camera-controls  loading=\"auto\" auto-rotate                        >\r\n            <\/model-viewer>\r\n        \r\n            <!-- Button -->\r\n            <svg id=\"openBtn\" width=\"30px\" height=\"30px\" viewBox=\"0 0 16 16\" xmlns=\"http:\/\/www.w3.org\/2000\/svg\" fill=\"#f2f2f2\" class=\"bi bi-arrows-fullscreen model-icon\">\r\n                <path fill-rule=\"evenodd\" d=\"M5.828 10.172a.5.5 0 0 0-.707 0l-4.096 4.096V11.5a.5.5 0 0 0-1 0v3.975a.5.5 0 0 0 .5.5H4.5a.5.5 0 0 0 0-1H1.732l4.096-4.096a.5.5 0 0 0 0-.707zm4.344 0a.5.5 0 0 1 .707 0l4.096 4.096V11.5a.5.5 0 1 1 1 0v3.975a.5.5 0 0 1-.5.5H11.5a.5.5 0 0 1 0-1h2.768l-4.096-4.096a.5.5 0 0 1 0-.707zm0-4.344a.5.5 0 0 0 .707 0l4.096-4.096V4.5a.5.5 0 1 0 1 0V.525a.5.5 0 0 0-.5-.5H11.5a.5.5 0 0 0 0 1h2.768l-4.096 4.096a.5.5 0 0 0 0 .707zm-4.344 0a.5.5 0 0 1-.707 0L1.025 1.732V4.5a.5.5 0 0 1-1 0V.525a.5.5 0 0 1 .5-.5H4.5a.5.5 0 0 1 0 1H1.732l4.096 4.096a.5.5 0 0 1 0 .707z\"\/>\r\n            <\/svg>\r\n        \r\n            <svg id=\"closeBtn\" class=\"model-icon\" width=\"34px\" height=\"34px\" viewBox=\"0 0 24 24\" xmlns=\"http:\/\/www.w3.org\/2000\/svg\">\r\n                <path fill=\"none\" stroke=\"#f2f2f2\" stroke-width=\"2\" d=\"M7,7 L17,17 M7,17 L17,7\"\/>\r\n            <\/svg>\r\n        \r\n        <\/div>\r\n        <\/div> \r\n\r\n        <!-- Model Viewer Style -->\r\n        <style>\r\n            \r\n            .wrapper_22555 .bp_model_parent, #bp_model_id_22555 {\r\n                width: 1150px;\r\n                max-width: 100%;\r\n                                            }\r\n            #bp_model_id_22555 {\r\n                height:700px;\r\n                background-color: #f2f2f2;\r\n            }\r\n            .fullscreen #bp_model_id_22555{\r\n            height: 100%;\r\n            width: 100%;\r\n            }\r\n            .wrapper_22555 .bp_model_parent{\r\n                justify-content: start            }\r\n            model-viewer.model {\r\n                --poster-color: transparent;\r\n            }\r\n        <\/style>\r\n        \r\n        <\/p>\n<h4 class=\"serp-title\" data-format=\"%title% %sep% %sitename%\" data-empty-title=\"Click to enter custom title\">Das mobile Drehkreuz mit Klappensperre hat eine Garantie von 2 Jahren und eine dauerhafte Wartungs- und Reparaturunterst\u00fctzung.<\/h4>\n<p data-format=\"%title% %sep% %sitename%\" data-empty-title=\"Click to enter custom title\">Wir k\u00f6nnen OEM- und ODM-Dienstleistungen erbringen. Wir haben erfahrene Designer, die eine tiefgreifende Anpassung an Ihre Bed\u00fcrfnisse vornehmen k\u00f6nnen. Wir werden so bald wie m\u00f6glich eine Reihe von Materialien wie 3D-Renderings, Ma\u00dfzeichnungen usw. zur Verf\u00fcgung stellen. Unsere mobilen Drehkreuztore k\u00f6nnen an Ihre tats\u00e4chlichen Bed\u00fcrfnisse angepasst werden. Wenn Sie das mobile Drehkreuz und diese Sonderfunktionen anpassen m\u00fcssen, <a href=\"https:\/\/mairsturnstile.com\/contact\">kontaktieren Sie uns<\/a> bitte. Wir bieten auch biometrische Ger\u00e4te wie IC\/ID-Kartenleser, Fingerabdruckscanner, QR-Code-Scanner, Gesichtserkennungskameras und so weiter.<\/p>\n<p><strong>Das mobile Drehkreuz ist eine Art Fu\u00dfg\u00e4nger-Drehkreuztor, das sich auf die NFC-Verbindung des Mobiltelefons mit dem Drehkreuztor verlassen kann, um einige Verwaltungsfunktionen f\u00fcr die Zugangskontrolle zu realisieren. Das Drehkreuztor wird mit dem entsprechenden NFC-System und NFC-Kartenleser zu einem mobilen Drehkreuz kombiniert.<\/strong> Das Fu\u00dfg\u00e4nger-Drehkreuz verbindet die NFC-Funktion des Mobiltelefons, um die T\u00fcr\u00f6ffnung und den Durchgang durch Scannen des Mobiltelefons, die Anwesenheitsfunktion der Mitarbeiter nach dem Durchziehen der Karte und die Funktion zum Durchziehen des Mobiltelefonverbrauchs zu realisieren.<\/p>\n<p>Als bequemstes mobiles Internetprodukt betreibt die Industrie einige praktische Entwicklungen rund um die Funktion von Mobiltelefonen, die mit anderen Produkten gekoppelt sind. Das Fu\u00dfg\u00e4nger-Drehkreuz verbindet die NFC-Funktion von Mobiltelefonen, um die T\u00fcr\u00f6ffnung und den Durchgang des Scannens der Mobiltelefone zu realisieren. Dies ist wirklich ein bequemer und praktischer technischer Durchbruch.<\/p>\n<p>Derzeit wird das Fu\u00dfg\u00e4nger-Drehkreuz in Wohngebieten, auf Baustellen, in B\u00fcrogeb\u00e4uden, an malerischen Orten und an anderen Orten h\u00e4ufig verwendet, aber die IC-Karte wird im Allgemeinen zum \u00d6ffnen des Drehkreuzes oder des Fingerabdruckscanners verwendet. Durch die rasante Entwicklung von NFC ist das mobile Drehkreuz auch weit verbreitet, insbesondere bei Fabrikmitarbeitern und Personen, die Mobiltelefone schon lange nutzen. Einfach das Mobiltelefon mit NFC-Chip herausnehmen und das Kartenleseger\u00e4t dar\u00fcber wischen Drehkreuztor, um zu erkennen, gehen Sie durch.<\/p>\n<h4 style=\"font-weight: 400;\"><span style=\"font-style: inherit; font-weight: inherit;\">Beste Qualit\u00e4t mobiles Drehkreuz Zugangskontrollklappen<\/span>&#8211;<span style=\"font-style: inherit; font-weight: inherit;\">Sperrdrehkreuz f\u00fcr Zugangskontrollsystem.<\/span><\/h4>\n<p>Wir k\u00f6nnen auch innerhalb weniger Minuten ein Rendering f\u00fcr Sie erstellen, das auf Ihrem aktuellen Szenario basiert. Wir liefern auch detaillierte Layouts und Zeichnungen sowie Installationszeichnungen.<\/p>\n\n        \t\n\t<style type=\"text\/css\">\n\t\t.slider-info-22564.bafg-slider-info .bafg-slider-title {\n\t\t\t\t\t\tfont-size: 22px;\n\t\t\t\t\t\t\n\t\t\t\n\t\t\t\t\t}\n\n\t\t.slider-info-22564.bafg-slider-info .bafg-slider-description {\n\t\t\t\n\t\t\t\n\t\t\t\t\t}\n\n\t\t.slider-info-22564.bafg-slider-info .bafg_slider_readmore_button {\n\t\t\t\n\t\t\t\n\t\t\t\n\t\t\t\n\t\t\t\n\t\t\ttext-align: center;\n\n\t\t\t\n\t\t\t\n\t\t\t\n\t\t\t\n\t\t\t\n\t\t\t\n\t\t\t\t\t}\n\n\t\t.slider-info-22564.bafg-slider-info .bafg_slider_readmore_button:hover {\n\n\t\t\t\n\t\t\t\n\t\t\t\t\t}\n\n\t<\/style>\n\t\n        <div class=\"bafg-twentytwenty-container slider-22564 \" bafg-orientation=\"horizontal\" bafg-default-offset=\"0.5\" bafg-before-label=\"Before\" bafg-after-label=\"After\" bafg-overlay=\"yes\" bafg-move-slider-on-hover=\"yes\" bafg-click-to-move=\"no\">\n              \n            <img decoding=\"async\" class=\"skip-lazy\" src=\"http:\/\/mairsturnstile.com\/wp-content\/uploads\/2023\/06\/mobile-turnstile_4.jpg\" alt=\"\" data-skip-lazy title=\"\">\n            <img decoding=\"async\" class=\"skip-lazy\" src=\"http:\/\/mairsturnstile.com\/wp-content\/uploads\/2023\/06\/mobile-turnstile_5.jpg\" alt=\"\" data-skip-lazy title=\"\">\n           \n        <\/div>\n\n        \t<div class=\"bafg-slider-info-wraper\">\n\t\t<div style=\"\" class=\"slider-info-22564 bafg-slider-info\">\n\t\t\t\t\t<\/div>\n\t<\/div>\n\t\n        <style type=\"text\/css\">\n            \n        <\/style>\n        \n<p data-format=\"%title% %sep% %sitename%\" data-empty-title=\"Click to enter custom title\"><span style=\"font-weight: 400;\"><span style=\"font-style: inherit; font-weight: inherit;\">Das mobile Drehkreuzklappen-Sperrtor ist eine Fu\u00dfg\u00e4ngersperre, die in Verbindung mit jedem <a href=\"https:\/\/en.wikipedia.org\/wiki\/Access_control\" target=\"_blank\" rel=\"noopener\">Zugangskontroll<\/a>system installiert wird und dem Sicherheitspersonal an jedem \u00fcberwachten Eingang eine unsch\u00e4tzbare Hilfe bietet. <\/span><\/span><span style=\"font-weight: 400;\"><span style=\"font-style: inherit; font-weight: inherit;\">Zugangskontrollsysteme mit <a href=\"https:\/\/mairsturnstile.com\/what-is-flap-barrier.html\">Klappbarrieren<\/a> stellen ein wirksames Mittel zur Kontrolle des Fu\u00dfg\u00e4ngerverkehrs an Eing\u00e4ngen von hochklassigen Gemeinden, intelligenten Geb\u00e4uden, Lodges, U-Bahn-Stationen und verschiedenen hochrangigen Veranstaltungsorten dar.<\/span><\/span><\/p>\n<ul>\n<li>Die Drehkreuz-Zutrittskontrollklappe ist so konstruiert, dass sie Personen beim Betreten oder Verlassen des eingeschr\u00e4nkten Bereichs kontrolliert. Es wird normalerweise an Orten mit hohem Fu\u00dfg\u00e4ngerverkehr in beide Richtungen verwendet.<\/li>\n<li>Das Geh\u00e4use der Klappenbarriere besteht aus geb\u00fcrstetem Edelstahl 304, wodurch ein nahtloses und sch\u00f6nes Eingangssystem entsteht, das sich in die meisten Innenr\u00e4ume einf\u00fcgt.<\/li>\n<li>Es kann in alle Zutrittskontrollsysteme von Drittanbietern integriert werden (z. B.: RFID-Zutrittssystem, Push the Button, Fingerabdruck- und Gesichtserkennung mit Temperaturpr\u00fcfung).<\/li>\n<li>Im Notfall \u00f6ffnet sich der FlapTurnstile-Arm automatisch und verbindet sich mit der Batterie oder dem Kondensator, um freien Durchgang zu erm\u00f6glichen.<\/li>\n<li>Optische Drehkreuz-Zutrittskontrollklappen eignen sich f\u00fcr luxuri\u00f6se und elegante Eingangsl\u00f6sungen.<\/li>\n<li>Das Klappendrehkreuz zeichnet sich durch hohe Geschwindigkeit, lange Lebensdauer, hohe Leistung und hohe Betriebssicherheit aus<\/li>\n<li> Alarmfunktion bei illegalem Eindringen und umgekehrtem Eindringen.<\/li>\n<li>Der Infrarotsensor l\u00f6st einen Alarm aus und das LED-Licht blinkt, um zu verhindern, dass Fu\u00dfg\u00e4nger eingeklemmt werden.<\/li>\n<li>Automatische Reset-Funktion: Klappenarme schlie\u00dfen automatisch innerhalb von 5 Sekunden (einstellbar), wenn ein Passagier zu sp\u00e4t kommt<\/li>\n<li>Das Klappendrehkreuz bleibt im Schloss, wenn jemand hereinst\u00fcrmen m\u00f6chte, ohne die RFID-Karte zu ziehen.<\/li>\n<li>Die LED-Richtungsanzeige an den oberen und vorderen Pfosten.<\/li>\n<li>R\u00fcckfahrsperre, das Drehkreuz alarmiert, wenn jemand in umgekehrter Richtung eintreten m\u00f6chte.<\/li>\n<li>Bi-Richtungs- oder Einzelrichtungslauf sind Optionen.<\/li>\n<\/ul>\n<p>Wir k\u00f6nnen die gesamte L\u00f6sung f\u00fcr die Sicherheitskontrolle anbieten. Wenn Sie ein eigenes Zugangskontrollsystem haben, k\u00f6nnen Sie unser Drehkreuz direkt verwenden. Falls Sie noch keine haben, bieten wir auch eine komplette L\u00f6sung f\u00fcr die Zugangskontrolle an. Einzelheiten entnehmen Sie bitte dem unten stehenden Video.<\/p>\n<p><iframe title=\"Drehkreuz mit Klappensperre, Drehkreuz mit Klappensperre, Drehkreuz mit optischer Klappe - MairsTurnstile\" src=\"https:\/\/www.youtube.com\/embed\/nK1a72Ax-jQ\" width=\"1150\" height=\"650\" frameborder=\"0\" allowfullscreen=\"allowfullscreen\"><\/iframe><\/p>\n","protected":false},"excerpt":{"rendered":"<p>1. Gr\u00f6\u00dfe: 1400 * 300 * 980 mm (kann angepasst werden)<\/p>\n<p>2. Bahnbreite: 550 mm (kann angepasst werden)<\/p>\n<p>3. Durchgangsgeschwindigkeit: 40 Personen\/min<\/p>\n<p>4. Stromversorgung: 110 V\/220 V 50\/60 Hz<\/p>\n<p>5. Antriebsmotor: 20 W<\/p>\n<p>6. Tor\u00f6ffnungssignal: Potenzialfreier Kontakt\/Relais<\/p>\n<p>7. Antriebsmotor: DC24V<\/p>\n<p>8. Klappt\u00fcr Gewicht: 70 kg\/Stk<\/p>\n<p>9. Zuverl\u00e4ssigkeit des Mechanismus: 3 Millionen, kein Fehler<\/p>\n<p><span style=\"color: #0000ff;\"><strong><a style=\"color: #0000ff;\" title=\"Mairs CE-zertifiziertes Drehkreuz mit Klappsperre\" href=\"http:\/\/mairsturnstile.com\/wp-content\/uploads\/2022\/09\/Mairs-CE-Certificate-Flap-Barrier-Turnstile.pdf\" target=\"_blank\" rel=\"noopener noreferrer\">CE-zertifiziert,<\/a> <a style=\"color: #0000ff;\" title=\"Mairs ISO9001-Zertifikat\" href=\"http:\/\/mairsturnstile.com\/wp-content\/uploads\/2022\/09\/Mairs-Registration-Certificate-ISO9001.pdf\" target=\"_blank\" rel=\"noopener noreferrer\">ISO9001-zertifiziert.<\/a><\/strong><\/span><\/p>\n","protected":false},"featured_media":22019,"comment_status":"closed","ping_status":"closed","template":"","meta":{"neve_meta_sidebar":"","neve_meta_container":"","neve_meta_enable_content_width":"off","neve_meta_content_width":0,"neve_meta_title_alignment":"","neve_meta_author_avatar":"","neve_post_elements_order":"","neve_meta_disable_header":"","neve_meta_disable_footer":"","neve_meta_disable_title":"","_ti_tpc_template_sync":false,"_ti_tpc_template_id":""},"product_cat":[434,429],"product_tag":[1372,1470,449,1465,560,1503,565,564],"class_list":["post-9268","product","type-product","status-publish","has-post-thumbnail","hentry","product_cat-klappe-barriere","product_cat-sicherheits-drehkreuze","product_tag-ausgangsdrehkreuz","product_tag-klappbarrieresystem","product_tag-klappe-drehkreuz","product_tag-klappe-drehkreuz-tor","product_tag-klappe-schranke","product_tag-klappschranken-drehkreuz","product_tag-mobile-drehkreuze","product_tag-mobiles-drehkreuz"],"_links":{"self":[{"href":"https:\/\/mairsturnstile.com\/de\/wp-json\/wp\/v2\/product\/9268","targetHints":{"allow":["GET"]}}],"collection":[{"href":"https:\/\/mairsturnstile.com\/de\/wp-json\/wp\/v2\/product"}],"about":[{"href":"https:\/\/mairsturnstile.com\/de\/wp-json\/wp\/v2\/types\/product"}],"replies":[{"embeddable":true,"href":"https:\/\/mairsturnstile.com\/de\/wp-json\/wp\/v2\/comments?post=9268"}],"version-history":[{"count":0,"href":"https:\/\/mairsturnstile.com\/de\/wp-json\/wp\/v2\/product\/9268\/revisions"}],"wp:featuredmedia":[{"embeddable":true,"href":"https:\/\/mairsturnstile.com\/de\/wp-json\/wp\/v2\/media\/22019"}],"wp:attachment":[{"href":"https:\/\/mairsturnstile.com\/de\/wp-json\/wp\/v2\/media?parent=9268"}],"wp:term":[{"taxonomy":"product_cat","embeddable":true,"href":"https:\/\/mairsturnstile.com\/de\/wp-json\/wp\/v2\/product_cat?post=9268"},{"taxonomy":"product_tag","embeddable":true,"href":"https:\/\/mairsturnstile.com\/de\/wp-json\/wp\/v2\/product_tag?post=9268"}],"curies":[{"name":"wp","href":"https:\/\/api.w.org\/{rel}","templated":true}]}}