{"id":9273,"date":"2020-09-13T00:02:12","date_gmt":"2020-09-12T16:02:12","guid":{"rendered":"https:\/\/mairsturnstile.com\/product\/zugangs-drehkreuz-mit-klappe-in-neuem-design-mt249"},"modified":"2023-11-01T22:08:29","modified_gmt":"2023-11-01T14:08:29","slug":"zutrittsdrehkreuz","status":"publish","type":"product","link":"https:\/\/mairsturnstile.com\/de\/produkt\/zutrittsdrehkreuz","title":{"rendered":"NEUES DESIGN KLAPPE BARRIERE ZUGANG DREHKREUZ MT257"},"content":{"rendered":"        <!-- 3D Model html -->\r\n        <div class=\"bp_grand wrapper_22553\">   \r\n        <div class=\"bp_model_parent\">\r\n            <model-viewer class=\"model\" id=\"bp_model_id_22553\" src=\"http:\/\/mairsturnstile.com\/wp-content\/uploads\/2023\/06\/MT257.glb\" alt=\"MT257\" camera-controls  loading=\"auto\" auto-rotate                        >\r\n            <\/model-viewer>\r\n        \r\n            <!-- Button -->\r\n            <svg id=\"openBtn\" width=\"30px\" height=\"30px\" viewBox=\"0 0 16 16\" xmlns=\"http:\/\/www.w3.org\/2000\/svg\" fill=\"#f2f2f2\" class=\"bi bi-arrows-fullscreen model-icon\">\r\n                <path fill-rule=\"evenodd\" d=\"M5.828 10.172a.5.5 0 0 0-.707 0l-4.096 4.096V11.5a.5.5 0 0 0-1 0v3.975a.5.5 0 0 0 .5.5H4.5a.5.5 0 0 0 0-1H1.732l4.096-4.096a.5.5 0 0 0 0-.707zm4.344 0a.5.5 0 0 1 .707 0l4.096 4.096V11.5a.5.5 0 1 1 1 0v3.975a.5.5 0 0 1-.5.5H11.5a.5.5 0 0 1 0-1h2.768l-4.096-4.096a.5.5 0 0 1 0-.707zm0-4.344a.5.5 0 0 0 .707 0l4.096-4.096V4.5a.5.5 0 1 0 1 0V.525a.5.5 0 0 0-.5-.5H11.5a.5.5 0 0 0 0 1h2.768l-4.096 4.096a.5.5 0 0 0 0 .707zm-4.344 0a.5.5 0 0 1-.707 0L1.025 1.732V4.5a.5.5 0 0 1-1 0V.525a.5.5 0 0 1 .5-.5H4.5a.5.5 0 0 1 0 1H1.732l4.096 4.096a.5.5 0 0 1 0 .707z\"\/>\r\n            <\/svg>\r\n        \r\n            <svg id=\"closeBtn\" class=\"model-icon\" width=\"34px\" height=\"34px\" viewBox=\"0 0 24 24\" xmlns=\"http:\/\/www.w3.org\/2000\/svg\">\r\n                <path fill=\"none\" stroke=\"#f2f2f2\" stroke-width=\"2\" d=\"M7,7 L17,17 M7,17 L17,7\"\/>\r\n            <\/svg>\r\n        \r\n        <\/div>\r\n        <\/div> \r\n\r\n        <!-- Model Viewer Style -->\r\n        <style>\r\n            \r\n            .wrapper_22553 .bp_model_parent, #bp_model_id_22553 {\r\n                width: 1150px;\r\n                max-width: 100%;\r\n                                            }\r\n            #bp_model_id_22553 {\r\n                height:700px;\r\n                background-color: #f2f2f2;\r\n            }\r\n            .fullscreen #bp_model_id_22553{\r\n            height: 100%;\r\n            width: 100%;\r\n            }\r\n            .wrapper_22553 .bp_model_parent{\r\n                justify-content: start            }\r\n            model-viewer.model {\r\n                --poster-color: transparent;\r\n            }\r\n        <\/style>\r\n        \r\n        \n<h4>Zugangsdrehkreuz-Klappensperrdrehkreuz MT249 hat eine 2-Jahres-Garantie und dauerhafte Wartungs- und Reparaturunterst\u00fctzung.<\/h4>\n<p>Wir k\u00f6nnen OEM- und ODM-Dienstleistungen erbringen. Wir haben erfahrene Designer, die eine tiefgreifende Anpassung an Ihre Bed\u00fcrfnisse vornehmen k\u00f6nnen. Wir werden so bald wie m\u00f6glich eine Reihe von Materialien wie 3D-Renderings, Ma\u00dfzeichnungen usw. zur Verf\u00fcgung stellen. Wir bieten auch biometrische Ger\u00e4te wie IC\/ID-Kartenleser, Fingerabdruckscanner, QR-Code-Scanner, Gesichtserkennungskameras und so weiter. <span style=\"font-style: inherit; font-weight: inherit;\">Automatische Drehkreuz-Klappen-Sperren-Tore des Edelstahl-304 f\u00fcr Zugangskontrollsystem.<\/span><\/p>\n<p><strong>Ein Zugangsdrehkreuz ist eine Art von Sicherheitskontrollger\u00e4t, das an verschiedenen Ein- und Ausg\u00e4ngen eingesetzt wird. In Kombination mit verschiedenen biometrischen Ger\u00e4ten kann es die Kontrolle und Verwaltung aller Arten von Zutritten effektiv realisieren.<\/strong> Das Zugangsdrehkreuz kann je nach tats\u00e4chlicher Zugangssituation verschiedene Arten von Drehkreuzen ausw\u00e4hlen. F\u00fcr den Zugang im B\u00fcro k\u00f6nnen Sie beispielsweise <a href=\"https:\/\/mairsturnstile.com\/what-is-flap-barrier.html\">Klappendrehkreuze<\/a> oder <a href=\"https:\/\/mairsturnstile.com\/speed-gate-turnstile.html\">Speedgates<\/a> w\u00e4hlen. F\u00fcr den Zugang im Freien k\u00f6nnen Sie ein <a href=\"https:\/\/mairsturnstile.com\/product\/outdoor-turnstile\">Au\u00dfendrehkreuz w\u00e4hlen<\/a>. F\u00fcr den Zugang mit hohen Sicherheitsanforderungen k\u00f6nnen Sie sich f\u00fcr <a href=\"https:\/\/mairsturnstile.com\/full-height-turnstiles.html\">Drehkreuze in voller<\/a> H\u00f6he entscheiden.<\/p>\n<p>Wenn dieses Drehkreuz f\u00fcr die Zugangskontrolle nicht das ist, was Sie brauchen, k\u00f6nnen Sie auf unsere Seite <a href=\"https:\/\/mairsturnstile.com\/category\/security-turnstiles\">Sicherheitsdrehkreuze<\/a> klicken, um weitere Arten von Zugangsdrehkreuzen auszuw\u00e4hlen. Nat\u00fcrlich haben wir mehr und besser aussehende Drehkreuze f\u00fcr die Zugangskontrolle, die sicherlich Ihren Anforderungen entsprechen k\u00f6nnen. Wir k\u00f6nnen auch Drehkreuztore f\u00fcr Fu\u00dfg\u00e4nger mit speziellen Gr\u00f6\u00dfen und Aussehen an Ihre tats\u00e4chlichen Bed\u00fcrfnisse anpassen.<\/p>\n<p>Das Zugangsdrehkreuz kann auch an die tats\u00e4chliche Situation und Breite Ihres Baustellenkanals angepasst werden. Wenn Ihr Standortkanal ein solches spezielles, ma\u00dfgeschneidertes Drehkreuz f\u00fcr die Zugangskontrolle ben\u00f6tigt oder Sie nicht wissen, wie Sie ein Drehkreuz f\u00fcr die Zugangskontrolle ausw\u00e4hlen sollen, z\u00f6gern Sie bitte nicht, uns zu <a href=\"https:\/\/mairsturnstile.com\/contact\">kontaktieren<\/a>. Wir werden Ihnen ein hochwertiges Drehkreuz f\u00fcr die Zugangskontrolle und die am besten geeignete L\u00f6sung f\u00fcr die Sicherheit anbieten, um Ihre Kosten zu sparen.<\/p>\n<p>Zugangsdrehkreuz ist f\u00fcr den Einsatz in Bereichen mit hohem Fu\u00dfg\u00e4ngeraufkommen konzipiert, die einen schnellen Zugang erfordern. Sicherheit hat immer Vorrang, egal in welcher Situation. Das <a href=\"https:\/\/mairsturnstile.com\/what-is-flap-barrier.html\">Klappen-Schranken<\/a>-Drehkreuz ist ein vollautomatisches Tor. Die Bewegung des Personals wird durch mehrere im Geh\u00e4use eingebaute Sicherheitssensoren \u00fcberwacht. Die Schlie\u00dfkraft der Klappe wird durch den Einklemmsensor gesteuert, um Verletzungen von Fu\u00dfg\u00e4ngern zu vermeiden. Mairs bietet die besten Drehkreuz-Klappenschranken f\u00fcr den Zugang.<\/p>\n<p>Wir k\u00f6nnen auch innerhalb weniger Minuten ein Rendering f\u00fcr Sie erstellen, das auf Ihrem aktuellen Szenario basiert. Wir liefern auch detaillierte Layouts und Zeichnungen sowie Installationszeichnungen.<\/p>\n\n        \t\n\t<style type=\"text\/css\">\n\t\t.slider-info-22567.bafg-slider-info .bafg-slider-title {\n\t\t\t\t\t\tfont-size: 22px;\n\t\t\t\t\t\t\n\t\t\t\n\t\t\t\t\t}\n\n\t\t.slider-info-22567.bafg-slider-info .bafg-slider-description {\n\t\t\t\n\t\t\t\n\t\t\t\t\t}\n\n\t\t.slider-info-22567.bafg-slider-info .bafg_slider_readmore_button {\n\t\t\t\n\t\t\t\n\t\t\t\n\t\t\t\n\t\t\t\n\t\t\ttext-align: center;\n\n\t\t\t\n\t\t\t\n\t\t\t\n\t\t\t\n\t\t\t\n\t\t\t\n\t\t\t\t\t}\n\n\t\t.slider-info-22567.bafg-slider-info .bafg_slider_readmore_button:hover {\n\n\t\t\t\n\t\t\t\n\t\t\t\t\t}\n\n\t<\/style>\n\t\n        <div class=\"bafg-twentytwenty-container slider-22567 \" bafg-orientation=\"horizontal\" bafg-default-offset=\"0.5\" bafg-before-label=\"Before\" bafg-after-label=\"After\" bafg-overlay=\"yes\" bafg-move-slider-on-hover=\"yes\" bafg-click-to-move=\"no\">\n              \n            <img decoding=\"async\" class=\"skip-lazy\" src=\"http:\/\/mairsturnstile.com\/wp-content\/uploads\/2023\/06\/access-turnstile_4.jpg\" alt=\"\" data-skip-lazy title=\"\">\n            <img decoding=\"async\" class=\"skip-lazy\" src=\"http:\/\/mairsturnstile.com\/wp-content\/uploads\/2023\/06\/access-turnstile_5.jpg\" alt=\"\" data-skip-lazy title=\"\">\n           \n        <\/div>\n\n        \t<div class=\"bafg-slider-info-wraper\">\n\t\t<div style=\"\" class=\"slider-info-22567 bafg-slider-info\">\n\t\t\t\t\t<\/div>\n\t<\/div>\n\t\n        <style type=\"text\/css\">\n            \n        <\/style>\n        \n<ul>\n<li>Ein Drehkreuz mit Klappenschranke wird gebaut, um Personen zu kontrollieren, die den Sperrbereich betreten oder verlassen. Es wird normalerweise an Orten mit hohem Fu\u00dfg\u00e4ngerverkehr in beide Richtungen verwendet.<\/li>\n<li>Das Geh\u00e4use der Klappenbarriere besteht aus geb\u00fcrstetem Edelstahl 304, wodurch ein nahtloses und sch\u00f6nes Eingangssystem entsteht, das sich in die meisten Innenr\u00e4ume einf\u00fcgt.<\/li>\n<li>Es kann in alle Zutrittskontrollsysteme von Drittanbietern integriert werden (z. B.: RFID-Zutrittssystem, Push the Button, <a href=\"https:\/\/en.wikipedia.org\/wiki\/Fingerprint\" target=\"_blank\" rel=\"noopener\">Fingerabdruck<\/a>&#8211; und Gesichtserkennung mit Temperaturpr\u00fcfung).<\/li>\n<li>Im Notfall \u00f6ffnet sich der FlapTurnstile-Arm automatisch und verbindet sich mit der Batterie oder dem Kondensator, um freien Durchgang zu erm\u00f6glichen.<\/li>\n<li>Das Klappschranken-Drehkreuz ist f\u00fcr luxuri\u00f6se und elegante Eingangsl\u00f6sungen geeignet.<\/li>\n<li>Das Klappendrehkreuz zeichnet sich durch hohe Geschwindigkeit, lange Lebensdauer, hohe Leistung und hohe Betriebssicherheit aus.<\/li>\n<li>Alarmfunktion f\u00fcr den Fall eines illegalen Eindringens und eines umgekehrten Eindringens.<\/li>\n<li>Der Infrarotsensor l\u00f6st einen Alarm aus und das LED-Licht blinkt, um zu verhindern, dass Fu\u00dfg\u00e4nger eingeklemmt werden.<\/li>\n<li>Automatische Reset-Funktion: Klappenarme schlie\u00dfen automatisch innerhalb von 5 Sekunden (einstellbar), wenn ein Passagier zu sp\u00e4t kommt<\/li>\n<li>Das Klappendrehkreuz bleibt im Schloss, wenn jemand hereinst\u00fcrmen m\u00f6chte, ohne die RFID-Karte zu ziehen.<\/li>\n<li>Die LED-Richtungsanzeige an den oberen und vorderen Pfosten.<\/li>\n<li>Lieferant von Drehkreuztoren in den Vereinigten Arabischen Emiraten.<\/li>\n<li>R\u00fcckfahrsperre, das Drehkreuz alarmiert, wenn jemand in umgekehrter Richtung eintreten m\u00f6chte.<\/li>\n<li>Bi-Richtungs- oder Einzelrichtungslauf sind Optionen<\/li>\n<\/ul>\n<p>Wir k\u00f6nnen die gesamte L\u00f6sung f\u00fcr die Sicherheitskontrolle anbieten. Wenn Sie ein eigenes Zugangskontrollsystem haben, k\u00f6nnen Sie unser Drehkreuz direkt verwenden. Falls Sie noch keine haben, bieten wir auch eine komplette L\u00f6sung f\u00fcr die Zugangskontrolle an. Einzelheiten entnehmen Sie bitte dem unten stehenden Video.<\/p>\n<p><iframe title=\"Drehkreuz mit Klappensperre, Drehkreuz mit Klappensperre, Drehkreuz mit optischer Klappe - MairsTurnstile\" src=\"https:\/\/www.youtube.com\/embed\/nK1a72Ax-jQ\" width=\"1150\" height=\"650\" frameborder=\"0\" allowfullscreen=\"allowfullscreen\"><\/iframe><\/p>\n","protected":false},"excerpt":{"rendered":"<p>1. Gr\u00f6\u00dfe: 1400 * 300 * 980 mm (kann angepasst werden)<\/p>\n<p>2. Bahnbreite: 550 mm (kann angepasst werden)<\/p>\n<p>3. Durchgangsgeschwindigkeit: 40 Personen\/min<\/p>\n<p>4. Stromversorgung: 110 V\/220 V 50\/60 Hz<\/p>\n<p>5. Antriebsmotor: 20 W<\/p>\n<p>6. Tor\u00f6ffnungssignal: Potenzialfreier Kontakt\/Relais<\/p>\n<p>7. Antriebsmotor: DC24V<\/p>\n<p>8. Gewicht: 70 kg\/Stk<\/p>\n<p>9. Klappenarmmaterial: Acryl<\/p>\n<p>10. Geh\u00e4usematerial: Edelstahl 304<\/p>\n","protected":false},"featured_media":21875,"comment_status":"closed","ping_status":"closed","template":"","meta":{"neve_meta_sidebar":"","neve_meta_container":"","neve_meta_enable_content_width":"off","neve_meta_content_width":0,"neve_meta_title_alignment":"","neve_meta_author_avatar":"","neve_post_elements_order":"","neve_meta_disable_header":"","neve_meta_disable_footer":"","neve_meta_disable_title":"","_ti_tpc_template_sync":false,"_ti_tpc_template_id":""},"product_cat":[434,429],"product_tag":[1466,1469,1504,570,571],"class_list":["post-9273","product","type-product","status-publish","has-post-thumbnail","hentry","product_cat-klappe-barriere","product_cat-sicherheits-drehkreuze","product_tag-drehkreuz-schrankenanlage","product_tag-klappensperre-drehkreuztor","product_tag-sicherheitslosungen-fur-drehkreuze","product_tag-zugang-drehkreuz","product_tag-zugangskontrolle-drehkreuz"],"_links":{"self":[{"href":"https:\/\/mairsturnstile.com\/de\/wp-json\/wp\/v2\/product\/9273","targetHints":{"allow":["GET"]}}],"collection":[{"href":"https:\/\/mairsturnstile.com\/de\/wp-json\/wp\/v2\/product"}],"about":[{"href":"https:\/\/mairsturnstile.com\/de\/wp-json\/wp\/v2\/types\/product"}],"replies":[{"embeddable":true,"href":"https:\/\/mairsturnstile.com\/de\/wp-json\/wp\/v2\/comments?post=9273"}],"version-history":[{"count":0,"href":"https:\/\/mairsturnstile.com\/de\/wp-json\/wp\/v2\/product\/9273\/revisions"}],"wp:featuredmedia":[{"embeddable":true,"href":"https:\/\/mairsturnstile.com\/de\/wp-json\/wp\/v2\/media\/21875"}],"wp:attachment":[{"href":"https:\/\/mairsturnstile.com\/de\/wp-json\/wp\/v2\/media?parent=9273"}],"wp:term":[{"taxonomy":"product_cat","embeddable":true,"href":"https:\/\/mairsturnstile.com\/de\/wp-json\/wp\/v2\/product_cat?post=9273"},{"taxonomy":"product_tag","embeddable":true,"href":"https:\/\/mairsturnstile.com\/de\/wp-json\/wp\/v2\/product_tag?post=9273"}],"curies":[{"name":"wp","href":"https:\/\/api.w.org\/{rel}","templated":true}]}}