{"id":9280,"date":"2021-11-25T18:20:16","date_gmt":"2021-11-25T10:20:16","guid":{"rendered":"https:\/\/mairsturnstile.com\/product\/supermarkt-eingangsdrehkreuz-schwenkdrehkreuz-mt313"},"modified":"2025-04-07T17:37:31","modified_gmt":"2025-04-07T09:37:31","slug":"supermarkt-eingangs-drehkreuz","status":"publish","type":"product","link":"https:\/\/mairsturnstile.com\/de\/produkt\/supermarkt-eingangs-drehkreuz","title":{"rendered":"Supermarkt-Eingangsdrehkreuz Schwenkdrehkreuz MT313"},"content":{"rendered":"        <!-- 3D Model html -->\r\n        <div class=\"bp_grand wrapper_23461\">   \r\n        <div class=\"bp_model_parent\">\r\n            <model-viewer class=\"model\" id=\"bp_model_id_23461\" src=\"http:\/\/mairsturnstile.com\/wp-content\/uploads\/2024\/11\/mt313.glb\" alt=\"mt313\" camera-controls  loading=\"auto\" auto-rotate                        >\r\n            <\/model-viewer>\r\n        \r\n            <!-- Button -->\r\n            <svg id=\"openBtn\" width=\"30px\" height=\"30px\" viewBox=\"0 0 16 16\" xmlns=\"http:\/\/www.w3.org\/2000\/svg\" fill=\"#f2f2f2\" class=\"bi bi-arrows-fullscreen model-icon\">\r\n                <path fill-rule=\"evenodd\" d=\"M5.828 10.172a.5.5 0 0 0-.707 0l-4.096 4.096V11.5a.5.5 0 0 0-1 0v3.975a.5.5 0 0 0 .5.5H4.5a.5.5 0 0 0 0-1H1.732l4.096-4.096a.5.5 0 0 0 0-.707zm4.344 0a.5.5 0 0 1 .707 0l4.096 4.096V11.5a.5.5 0 1 1 1 0v3.975a.5.5 0 0 1-.5.5H11.5a.5.5 0 0 1 0-1h2.768l-4.096-4.096a.5.5 0 0 1 0-.707zm0-4.344a.5.5 0 0 0 .707 0l4.096-4.096V4.5a.5.5 0 1 0 1 0V.525a.5.5 0 0 0-.5-.5H11.5a.5.5 0 0 0 0 1h2.768l-4.096 4.096a.5.5 0 0 0 0 .707zm-4.344 0a.5.5 0 0 1-.707 0L1.025 1.732V4.5a.5.5 0 0 1-1 0V.525a.5.5 0 0 1 .5-.5H4.5a.5.5 0 0 1 0 1H1.732l4.096 4.096a.5.5 0 0 1 0 .707z\"\/>\r\n            <\/svg>\r\n        \r\n            <svg id=\"closeBtn\" class=\"model-icon\" width=\"34px\" height=\"34px\" viewBox=\"0 0 24 24\" xmlns=\"http:\/\/www.w3.org\/2000\/svg\">\r\n                <path fill=\"none\" stroke=\"#f2f2f2\" stroke-width=\"2\" d=\"M7,7 L17,17 M7,17 L17,7\"\/>\r\n            <\/svg>\r\n        \r\n        <\/div>\r\n        <\/div> \r\n\r\n        <!-- Model Viewer Style -->\r\n        <style>\r\n            \r\n            .wrapper_23461 .bp_model_parent, #bp_model_id_23461 {\r\n                width: 1150px;\r\n                max-width: 100%;\r\n                                            }\r\n            #bp_model_id_23461 {\r\n                height:700px;\r\n                background-color: #f2f2f2;\r\n            }\r\n            .fullscreen #bp_model_id_23461{\r\n            height: 100%;\r\n            width: 100%;\r\n            }\r\n            .wrapper_23461 .bp_model_parent{\r\n                justify-content: start            }\r\n            model-viewer.model {\r\n                --poster-color: transparent;\r\n            }\r\n        <\/style>\r\n        \r\n        \n<h4>Supermarkt-Eingangsdrehkreuze haben eine 2-Jahres-Garantie und einen dauerhaften Wartungs- und Reparaturservice.<\/h4>\n<p>Wir k\u00f6nnen OEM- und ODM-Dienstleistungen erbringen. Wir haben erfahrene Designer, die eine tiefgreifende Anpassung an Ihre Bed\u00fcrfnisse vornehmen k\u00f6nnen. Wir werden so bald wie m\u00f6glich eine Reihe von Materialien wie 3D-Renderings, Ma\u00dfzeichnungen usw. zur Verf\u00fcgung stellen. Wir bieten auch biometrische Ger\u00e4te wie IC\/ID-Kartenleser, Fingerabdruckscanner, QR-Code-Scanner, Gesichtserkennungskameras und so weiter. Wenn Sie diese Ger\u00e4te in das Drehkreuz in voller H\u00f6he integrieren m\u00fcssen oder Fragen haben, <a href=\"https:\/\/mairsturnstile.com\/contact\" target=\"_blank\" rel=\"noopener\">kontaktieren Sie uns<\/a> bitte<\/p>\n<p><strong>Supermarkt-Eingangsdrehkreuz ist eine Art Fu\u00dfg\u00e4nger-Drehkreuz, das speziell f\u00fcr den Ein- und Ausgang von gro\u00dfen Superm\u00e4rkten und unbemannten Superm\u00e4rkten verwendet wird.<\/strong> Die L\u00e4nge der Fl\u00fcgelstange des Supermarkt-Drehkreuzes kann je nach Breite des Supermarkteingangs angepasst werden. Nat\u00fcrlich kann dieses Supermarkt-Eingangsdrehkreuz auch in Bekleidungsgesch\u00e4ften, Superm\u00e4rkten, Juweliergesch\u00e4ften, Einkaufszentren, Kosmetikgesch\u00e4ften, Buchhandlungen usw. verwendet werden.<\/p>\n<p>Der Hauptzweck von Drehkreuzen am Supermarkteingang ist die <a href=\"https:\/\/en.wikipedia.org\/wiki\/Access_control\" target=\"_blank\" rel=\"noopener\">Zugangskontrolle<\/a> f\u00fcr das Personal, die Sicherheitskontrolle und die Selbstbedienungskasse. Ein Supermarkt ist ein \u00f6ffentlicher Ort, in den jeder zum Konsumieren geht. Als normaler Kunde ist es unwahrscheinlich, dass er eine Zugangskarte mit sich f\u00fchrt. Das Eingangsdrehkreuz des Supermarktes \u00f6ffnet die T\u00fcr automatisch mit Hilfe eines Infrarotsensors. Nat\u00fcrlich k\u00f6nnen einige zus\u00e4tzliche Funktionen wie Gesichtserkennung oder QR-Code-Scannen an die tats\u00e4chlichen Bed\u00fcrfnisse angepasst werden.<\/p>\n<p>Dieses Supermarkt-Eingangsdrehkreuz hat die Vorteile, dass es nicht manuell erkannt werden muss, hocheffizient, schnell und sicher ist und einen guten Service bietet.<\/p>\n<p>Das Supermarkt-Eingangsdrehkreuz mit Gel\u00e4nder eignet sich zur Kontrolle des Personenstroms beim Betreten des Supermarkts und zur Aufrechterhaltung eines standardisierten und geordneten Zugangs zum Supermarkt. Wenn kein Personal den Supermarkt betritt, <a href=\"https:\/\/mairsturnstile.com\/swing-turnstile-gate.html\" target=\"_blank\" rel=\"noopener\">wird das Drehkreuz<\/a> des Supermarkts automatisch verriegelt.<\/p>\n<p>Wir k\u00f6nnen auch innerhalb weniger Minuten ein Rendering f\u00fcr Sie erstellen, das auf Ihrem aktuellen Szenario basiert. Wir liefern auch detaillierte Layouts und Zeichnungen sowie Installationszeichnungen.<\/p>\n\n        \t\n\t<style type=\"text\/css\">\n\t\t.slider-info-23483.bafg-slider-info .bafg-slider-title {\n\t\t\t\t\t\tfont-size: 22px;\n\t\t\t\t\t\t\n\t\t\t\n\t\t\t\t\t}\n\n\t\t.slider-info-23483.bafg-slider-info .bafg-slider-description {\n\t\t\t\n\t\t\t\n\t\t\t\t\t}\n\n\t\t.slider-info-23483.bafg-slider-info .bafg_slider_readmore_button {\n\t\t\t\n\t\t\t\n\t\t\t\n\t\t\t\n\t\t\t\n\t\t\ttext-align: center;\n\n\t\t\t\n\t\t\t\n\t\t\t\n\t\t\t\n\t\t\t\n\t\t\t\n\t\t\t\t\t}\n\n\t\t.slider-info-23483.bafg-slider-info .bafg_slider_readmore_button:hover {\n\n\t\t\t\n\t\t\t\n\t\t\t\t\t}\n\n\t<\/style>\n\t\n        <div class=\"bafg-twentytwenty-container slider-23483 \" bafg-orientation=\"horizontal\" bafg-default-offset=\"0.5\" bafg-before-label=\"Before\" bafg-after-label=\"After\" bafg-overlay=\"yes\" bafg-move-slider-on-hover=\"yes\" bafg-click-to-move=\"no\">\n              \n            <img decoding=\"async\" class=\"skip-lazy\" src=\"http:\/\/mairsturnstile.com\/wp-content\/uploads\/2023\/07\/supermarket-swing-gate_8.jpg\" alt=\"supermarket swing gate\" data-skip-lazy title=\"\">\n            <img decoding=\"async\" class=\"skip-lazy\" src=\"http:\/\/mairsturnstile.com\/wp-content\/uploads\/2021\/11\/supermarket-entrance-turnstile-4.jpg\" alt=\"supermarket entrance turnstile\" data-skip-lazy title=\"\">\n           \n        <\/div>\n\n        \t<div class=\"bafg-slider-info-wraper\">\n\t\t<div style=\"\" class=\"slider-info-23483 bafg-slider-info\">\n\t\t\t\t\t<\/div>\n\t<\/div>\n\t\n        <style type=\"text\/css\">\n            \n        <\/style>\n        \n<p>Das Eingangsdrehkreuz f\u00fcr Superm\u00e4rkte unterscheidet sich von allgemeinen Konsumg\u00fctern. Je nach Ort, an dem viele Menschen str\u00f6men, sind sie besonders einzigartig, wie z. Zeit, so dass je nach den unterschiedlichen Bed\u00fcrfnissen, dem Aussehen und den Funktionen der verschiedenen Orte die spezifischen Sicherheitsl\u00f6sungen f\u00fcr Supermarkt-Drehkreuze unterschiedlich sind.<\/p>\n<p>Das Eingangsdrehkreuz f\u00fcr den Supermarkt ist mit exquisitem Edelstahl poliert und hat einen neuartigen Stil und ein elegantes Erscheinungsbild. Es kann den Personenfluss effektiv kontrollieren und einen wirksamen Sicherheitsschutz f\u00fcr den eingeschr\u00e4nkten Bereich bieten.<\/p>\n<p>Zuverl\u00e4ssigkeit des Mechanismus: 3 Millionen, ohne Fehler<br \/>\nEin Acrylarm ist verf\u00fcgbar<br \/>\nLED-Anzeigeleuchte auf der oberen Abdeckung<br \/>\nEinzelne oder zwei St\u00fcck pro Spur sind verf\u00fcgbar<br \/>\nArbeitsrichtung: Bidirektional\/einfach gerichtet<br \/>\nNotfall: \u00d6ffnet sich automatisch, wenn der Strom ausf\u00e4llt. Backup-Batterie selbst bereitgestellt<br \/>\nLuftfeuchtigkeit: \u226490 %<br \/>\nGeh\u00e4usematerial: Edelstahl 304<br \/>\nBetriebstemperatur: -20\u2103~60\u2103<br \/>\nKommunikationsreichweite: \u22641200 m<br \/>\nKommunikationsschnittstelle: RS485<br \/>\nMerkmal: IC\/ID-Leser, Barcode-Leser, Gesichtserkennung, Fingerabdruck, andere Zugangskontrollger\u00e4te, USV usw.<br \/>\nDie zum \u00d6ffnen ben\u00f6tigte Zeit: 0,2 s<br \/>\nArbeitsumgebung: Innen- oder Au\u00dfenbereich (Au\u00dfenbereich optional)<br \/>\nAnwendungsbereich: Gemeinde, Fabrik, Baustelle, Schule, Ferienort usw. <\/p>\n<p>Wir k\u00f6nnen die gesamte L\u00f6sung f\u00fcr die Sicherheitskontrolle anbieten. Wenn Sie ein eigenes Zugangskontrollsystem haben, k\u00f6nnen Sie unser Drehkreuz direkt verwenden. Falls Sie noch keine haben, bieten wir auch eine komplette L\u00f6sung f\u00fcr die Zugangskontrolle an. Einzelheiten entnehmen Sie bitte dem unten stehenden Video.<\/p>\n<p><iframe title=\"YouTube-Videoplayer\" src=\"https:\/\/www.youtube.com\/embed\/pHbTZ6CR_E8?si=lDw7vp4FUibCYOOb\" width=\"1150\" height=\"650\" frameborder=\"0\" allowfullscreen=\"allowfullscreen\"><span data-mce-type=\"bookmark\" style=\"display: inline-block; width: 0px; overflow: hidden; line-height: 0;\" class=\"mce_SELRES_start\"><\/span><\/iframe><\/p>\n","protected":false},"excerpt":{"rendered":"<p>1. Gr\u00f6\u00dfe: 250 * 190 * 980 mm (kann angepasst werden)<\/p>\n<p>2. Max. Durchgangsbreite: 1000 mm (kann angepasst werden)<\/p>\n<p>3. Durchgangsgeschwindigkeit: 40 Personen\/min<\/p>\n<p>4. Stromversorgung: 110 V\/220 V 50\/60 Hz<\/p>\n<p>5. Fahrverbrauch: 20W<\/p>\n<p>6. Signal \u201eTor offen\u201c: Potenzialfreier Kontakt\/Relais<\/p>\n<p>7. B\u00fcrstenloser Antriebsmotor: 24V<\/p>\n<p>8. Gewicht: 30 kg\/Stk<\/p>\n<p>9. Weit verbreitet f\u00fcr den freien Ausgang<\/p>\n<p><span style=\"color: #0000ff;\"><strong><a style=\"color: #0000ff;\" title=\"Mairs CE-zertifiziertes Drehkreuztor mit Drehkreuz\" href=\"http:\/\/mairsturnstile.com\/wp-content\/uploads\/2022\/09\/Mairs-CE-Certificate-Swing-Turnstile-Gate.pdf\" target=\"_blank\" rel=\"noopener noreferrer\">CE-zertifiziert,<\/a> <a style=\"color: #0000ff;\" title=\"Mairs ISO9001-Zertifikat\" href=\"http:\/\/mairsturnstile.com\/wp-content\/uploads\/2022\/09\/Mairs-Registration-Certificate-ISO9001.pdf\" target=\"_blank\" rel=\"noopener noreferrer\">ISO9001-zertifiziert.<\/a><\/strong><\/span><\/p>\n<p><a title=\"Brosch\u00fcre \u00fcber Supermarkt-Drehkreuze\" href=\"http:\/\/mairsturnstile.com\/wp-content\/uploads\/2023\/12\/MT313-brochure.pdf\" target=\"_blank\" rel=\"noopener noreferrer\" data-wp-editing=\"1\"><img decoding=\"async\" class=\"alignnone size-full wp-image-11034\" src=\"http:\/\/mairsturnstile.com\/wp-content\/uploads\/2022\/09\/pdf-MairsTurnstile.png\" alt=\"\" width=\"32\" height=\"32\"><strong><span style=\"color: #0000ff;\">MT313 Supermarkt-Drehkreuz Brosch\u00fcre<\/span><\/strong><\/a><\/p>\n","protected":false},"featured_media":58004,"comment_status":"closed","ping_status":"closed","template":"","meta":{"neve_meta_sidebar":"","neve_meta_container":"","neve_meta_enable_content_width":"off","neve_meta_content_width":0,"neve_meta_title_alignment":"","neve_meta_author_avatar":"","neve_post_elements_order":"","neve_meta_disable_header":"","neve_meta_disable_footer":"","neve_meta_disable_title":"","_ti_tpc_template_sync":false,"_ti_tpc_template_id":""},"product_cat":[427,429],"product_tag":[1372,583,1479,1476,459,582,1478],"class_list":["post-9280","product","type-product","status-publish","has-post-thumbnail","hentry","product_cat-schwenkbares-drehkreuztor","product_cat-sicherheits-drehkreuze","product_tag-ausgangsdrehkreuz","product_tag-drehkreuz-am-supermarkteingang","product_tag-drehkreuz-kosten","product_tag-drehkreuz-tor","product_tag-schwenkdrehkreuz","product_tag-supermarkt-drehkreuz","product_tag-was-kostet-ein-drehkreuz"],"_links":{"self":[{"href":"https:\/\/mairsturnstile.com\/de\/wp-json\/wp\/v2\/product\/9280","targetHints":{"allow":["GET"]}}],"collection":[{"href":"https:\/\/mairsturnstile.com\/de\/wp-json\/wp\/v2\/product"}],"about":[{"href":"https:\/\/mairsturnstile.com\/de\/wp-json\/wp\/v2\/types\/product"}],"replies":[{"embeddable":true,"href":"https:\/\/mairsturnstile.com\/de\/wp-json\/wp\/v2\/comments?post=9280"}],"version-history":[{"count":0,"href":"https:\/\/mairsturnstile.com\/de\/wp-json\/wp\/v2\/product\/9280\/revisions"}],"wp:featuredmedia":[{"embeddable":true,"href":"https:\/\/mairsturnstile.com\/de\/wp-json\/wp\/v2\/media\/58004"}],"wp:attachment":[{"href":"https:\/\/mairsturnstile.com\/de\/wp-json\/wp\/v2\/media?parent=9280"}],"wp:term":[{"taxonomy":"product_cat","embeddable":true,"href":"https:\/\/mairsturnstile.com\/de\/wp-json\/wp\/v2\/product_cat?post=9280"},{"taxonomy":"product_tag","embeddable":true,"href":"https:\/\/mairsturnstile.com\/de\/wp-json\/wp\/v2\/product_tag?post=9280"}],"curies":[{"name":"wp","href":"https:\/\/api.w.org\/{rel}","templated":true}]}}