{"id":9281,"date":"2020-09-13T17:27:42","date_gmt":"2020-09-13T09:27:42","guid":{"rendered":"https:\/\/mairsturnstile.com\/product\/optische-schwenkglas-drehkreuze-mt345"},"modified":"2024-11-01T11:29:59","modified_gmt":"2024-11-01T03:29:59","slug":"optische-drehkreuze","status":"publish","type":"product","link":"https:\/\/mairsturnstile.com\/de\/produkt\/optische-drehkreuze","title":{"rendered":"OPTISCHE SCHWENKGLAS-DREHKREUZE MT345"},"content":{"rendered":"        <!-- 3D Model html -->\r\n        <div class=\"bp_grand wrapper_23475\">   \r\n        <div class=\"bp_model_parent\">\r\n            <model-viewer class=\"model\" id=\"bp_model_id_23475\" src=\"http:\/\/mairsturnstile.com\/wp-content\/uploads\/2023\/06\/MT345.glb\" alt=\"MT345\" camera-controls  loading=\"auto\" auto-rotate                        >\r\n            <\/model-viewer>\r\n        \r\n            <!-- Button -->\r\n            <svg id=\"openBtn\" width=\"30px\" height=\"30px\" viewBox=\"0 0 16 16\" xmlns=\"http:\/\/www.w3.org\/2000\/svg\" fill=\"#f2f2f2\" class=\"bi bi-arrows-fullscreen model-icon\">\r\n                <path fill-rule=\"evenodd\" d=\"M5.828 10.172a.5.5 0 0 0-.707 0l-4.096 4.096V11.5a.5.5 0 0 0-1 0v3.975a.5.5 0 0 0 .5.5H4.5a.5.5 0 0 0 0-1H1.732l4.096-4.096a.5.5 0 0 0 0-.707zm4.344 0a.5.5 0 0 1 .707 0l4.096 4.096V11.5a.5.5 0 1 1 1 0v3.975a.5.5 0 0 1-.5.5H11.5a.5.5 0 0 1 0-1h2.768l-4.096-4.096a.5.5 0 0 1 0-.707zm0-4.344a.5.5 0 0 0 .707 0l4.096-4.096V4.5a.5.5 0 1 0 1 0V.525a.5.5 0 0 0-.5-.5H11.5a.5.5 0 0 0 0 1h2.768l-4.096 4.096a.5.5 0 0 0 0 .707zm-4.344 0a.5.5 0 0 1-.707 0L1.025 1.732V4.5a.5.5 0 0 1-1 0V.525a.5.5 0 0 1 .5-.5H4.5a.5.5 0 0 1 0 1H1.732l4.096 4.096a.5.5 0 0 1 0 .707z\"\/>\r\n            <\/svg>\r\n        \r\n            <svg id=\"closeBtn\" class=\"model-icon\" width=\"34px\" height=\"34px\" viewBox=\"0 0 24 24\" xmlns=\"http:\/\/www.w3.org\/2000\/svg\">\r\n                <path fill=\"none\" stroke=\"#f2f2f2\" stroke-width=\"2\" d=\"M7,7 L17,17 M7,17 L17,7\"\/>\r\n            <\/svg>\r\n        \r\n        <\/div>\r\n        <\/div> \r\n\r\n        <!-- Model Viewer Style -->\r\n        <style>\r\n            \r\n            .wrapper_23475 .bp_model_parent, #bp_model_id_23475 {\r\n                width: 1150px;\r\n                max-width: 100%;\r\n                                            }\r\n            #bp_model_id_23475 {\r\n                height:700px;\r\n                background-color: #f2f2f2;\r\n            }\r\n            .fullscreen #bp_model_id_23475{\r\n            height: 100%;\r\n            width: 100%;\r\n            }\r\n            .wrapper_23475 .bp_model_parent{\r\n                justify-content: start            }\r\n            model-viewer.model {\r\n                --poster-color: transparent;\r\n            }\r\n        <\/style>\r\n        \r\n        \n<h2>OPTISCHE DREHKREUZE haben eine 2-j\u00e4hrige Garantie und dauerhafte Wartungs- und Reparaturunterst\u00fctzung.<\/h2>\n<p>Wir k\u00f6nnen OEM- und ODM-Dienstleistungen erbringen. Wir haben erfahrene Designer, die eine tiefgreifende Anpassung an Ihre Bed\u00fcrfnisse vornehmen k\u00f6nnen. Wir werden so bald wie m\u00f6glich eine Reihe von Materialien wie 3D-Renderings, Ma\u00dfzeichnungen usw. zur Verf\u00fcgung stellen. Wir bieten auch biometrische Ger\u00e4te wie IC\/ID-Kartenleser, Fingerabdruckscanner, QR-Code-Scanner, Gesichtserkennungskameras und so weiter. Wenn Sie diese Ger\u00e4te in das Drehkreuz in voller H\u00f6he integrieren m\u00fcssen oder Fragen haben, <a href=\"https:\/\/mairsturnstile.com\/contact\">kontaktieren Sie uns<\/a> bitte<\/p>\n<p><strong>Das optische Drehkreuz ist eine Art Sicherheitsdrehkreuz, das von Sensoren gesteuert wird, die eine Reihe von Sensoren umfassen, die eine Matrix von Erfassungsstrahlen enthalten.<\/strong> Die Durchgangsspur wird durch die Logik der Sensoren gesteuert. Erst wenn das optische Drehkreuz das \u00d6ffnungssignal erh\u00e4lt, ist der Durchgang frei. Wenn nicht, l\u00f6st der Sensor den Alarm aus. Ein optisches Drehkreuz kann Tailgating effektiv verhindern. Wenn jemand mit einer g\u00fcltigen Karte zugreift, alarmiert der Alarm die Sicherheitsleute. Optische Drehkreuze sind perfekte Optionen, wenn Sie m\u00f6chten, dass Ihr Raum offen aussieht. Es kann den Eingabeprozess beschleunigen. Sie k\u00f6nnen in beide Richtungen ausgef\u00fchrt werden.<\/p>\n<p>Der \u00fcblicherweise von den optischen Drehkreuzen verwendete Sensor ist ein gegen\u00fcberliegender photoelektrischer Sensor, der den menschlichen K\u00f6rper genauer erfassen kann. Ein optisches Drehkreuztor ist mit mehreren Gruppen von Strahlungssensoren ausgestattet, um die Ein- und Ausgangserkennung von Personen zu realisieren. Es handelt sich haupts\u00e4chlich um die Toreinfahrt, den Sektor der Fl\u00fcgelstange und die Torausfahrt. F\u00fcr eine genaue Erfassung installieren einige optische Drehkreuztore Sensoren in unterschiedlichen H\u00f6hen jedes Teils.<\/p>\n<p>Dieses <strong>optische Drehkreuz<\/strong> ist ein schlankes Schwenktor mit Drehkreuz. Das Standardrelais und die RS485-Schnittstelle machen es kompatibel mit allen Zugangskontrollsystemen, wie dem RFID-Kartensystem, der <a href=\"https:\/\/en.wikipedia.org\/wiki\/Facial_recognition\" target=\"_blank\" rel=\"noopener\">Gesichtserkennung<\/a>, dem Temperaturkontrollsystem, dem m\u00fcnzbetriebenen System, dem Barcode-System und der ESD-Tester-Zugangskontrolle. <a href=\"https:\/\/mairsturnstile.com\/category\/swing-turnstile-gate\">Swing Drehkreuz<\/a> Tor ist eine kompakte und kosteng\u00fcnstige Eingangsl\u00f6sung.<\/p>\n<p>Wir k\u00f6nnen auch innerhalb weniger Minuten ein Rendering f\u00fcr Sie erstellen, das auf Ihrem aktuellen Szenario basiert. Wir liefern auch detaillierte Layouts und Zeichnungen sowie Installationszeichnungen.<\/p>\n\n        \t\n\t<style type=\"text\/css\">\n\t\t.slider-info-23486.bafg-slider-info .bafg-slider-title {\n\t\t\t\t\t\tfont-size: 22px;\n\t\t\t\t\t\t\n\t\t\t\n\t\t\t\t\t}\n\n\t\t.slider-info-23486.bafg-slider-info .bafg-slider-description {\n\t\t\t\n\t\t\t\n\t\t\t\t\t}\n\n\t\t.slider-info-23486.bafg-slider-info .bafg_slider_readmore_button {\n\t\t\t\n\t\t\t\n\t\t\t\n\t\t\t\n\t\t\t\n\t\t\ttext-align: center;\n\n\t\t\t\n\t\t\t\n\t\t\t\n\t\t\t\n\t\t\t\n\t\t\t\n\t\t\t\t\t}\n\n\t\t.slider-info-23486.bafg-slider-info .bafg_slider_readmore_button:hover {\n\n\t\t\t\n\t\t\t\n\t\t\t\t\t}\n\n\t<\/style>\n\t\n        <div class=\"bafg-twentytwenty-container slider-23486 \" bafg-orientation=\"horizontal\" bafg-default-offset=\"0.5\" bafg-before-label=\"Before\" bafg-after-label=\"After\" bafg-overlay=\"yes\" bafg-move-slider-on-hover=\"yes\" bafg-click-to-move=\"no\">\n              \n            <img decoding=\"async\" class=\"skip-lazy\" src=\"http:\/\/mairsturnstile.com\/wp-content\/uploads\/2023\/06\/optical-turnstiles_4.jpg\" alt=\"\" data-skip-lazy title=\"\">\n            <img decoding=\"async\" class=\"skip-lazy\" src=\"http:\/\/mairsturnstile.com\/wp-content\/uploads\/2023\/06\/optical-turnstiles_5.jpg\" alt=\"\" data-skip-lazy title=\"\">\n           \n        <\/div>\n\n        \t<div class=\"bafg-slider-info-wraper\">\n\t\t<div style=\"\" class=\"slider-info-23486 bafg-slider-info\">\n\t\t\t\t\t<\/div>\n\t<\/div>\n\t\n        <style type=\"text\/css\">\n            \n        <\/style>\n        \n<p>Alle Modelle von optischen Drehkreuzen und Geschwindigkeitsschleusen k\u00f6nnen entsprechend Ihren tats\u00e4chlichen Anforderungen angepasst werden. Einige Modelle von Drehkreuzen und <a href=\"https:\/\/mairsturnstile.com\/product\/sliding-turnstile\">Schiebetoren k\u00f6nnen<\/a> auch eine Durchgangsbreite von 900 mm haben. <span style=\"font-style: inherit; font-weight: inherit;\">Zugangskontrolle Fu\u00dfg\u00e4nger Sicherheit Drehkreuz Gates Glas Optische Drehkreuze Speed Gate.<\/span><\/p>\n<ul>\n<li>Im Notfall, wenn der Strom abgeschaltet wird, \u00f6ffnen sich die optischen Slim-Drehkreuze aus Glas automatisch, um einen freien Durchgang zu erm\u00f6glichen, der den Brandschutzanforderungen entspricht. Aber es muss ein Akku dabei sein. Da beim Export die Batterie empfindlich ist, k\u00f6nnen wir den Kondensator ersetzen<\/li>\n<li>Optische Drehkreuze eignen sich f\u00fcr Luxus- und High-End-Eingangsl\u00f6sungen.<\/li>\n<li>Das gesamte System l\u00e4uft reibungslos, ger\u00e4uscharm und mit hoher Geschwindigkeit.<\/li>\n<li>Alarmfunktion, wenn es ein illegales Eindringen und ein umgekehrtes Eindringen gibt, alarmiert das Tor und die T\u00fcr wird verriegelt.<\/li>\n<li>Es gibt insgesamt 5 Paar Infrarotsensoren. Der mittlere Sensor soll verhindern, dass Fu\u00dfg\u00e4nger eingeklemmt werden.<\/li>\n<li>Anti-Tailing-Funktion, eine Person kann gleichzeitig passieren. Wenn jemand den Vorderleuten hinterherl\u00e4uft, schl\u00e4gt das Tor Alarm<\/li>\n<li>LED-Anzeige. Rotes Kreuz und gr\u00fcner Pfeil. Es gibt auch LED-Anzeigen am vorderen Pfosten. Das LED-Licht kann den Armen hinzugef\u00fcgt werden.<\/li>\n<li>Der bidirektionale Zugriff reduziert den Bedarf an weiteren Gates. Es ist rollstuhlgerecht, Einkaufskinderwagen erh\u00f6ht die \u00dcberholeffizienz.<\/li>\n<li>Automatische Reset-Funktion. Wenn die Personen nicht innerhalb der voreingestellten Zeit (Standardzeit ist 5 Sekunden) vorbeigekommen sind, wird das System die Berechtigung des Benutzers aufheben und automatisch schlie\u00dfen<\/li>\n<li>Anti-Bump, Anti-Clamp, Die optischen Drehkreuze sind mit einem b\u00fcrstenlosen Motor ausgestattet. Wenn w\u00e4hrend des Betriebs jemand auf den Arm schl\u00e4gt, wird das Tor automatisch zur\u00fcckgesetzt. Diese Funktion verhindert effektiv, dass Fu\u00dfg\u00e4nger, insbesondere Kinder, ansto\u00dfen, kollidieren, schlagen usw.<\/li>\n<\/ul>\n<p>Wir k\u00f6nnen die gesamte L\u00f6sung f\u00fcr die Sicherheitskontrolle anbieten. Wenn Sie ein eigenes Zugangskontrollsystem haben, k\u00f6nnen Sie unser Drehkreuz direkt verwenden. Falls Sie noch keine haben, bieten wir auch eine komplette L\u00f6sung f\u00fcr die Zugangskontrolle an. Einzelheiten entnehmen Sie bitte dem unten stehenden Video.<\/p>\n<p><iframe title=\"Optisches Drehkreuz, Drehkreuz, Drehkreuz - MairsTurnstile\" src=\"https:\/\/www.youtube.com\/embed\/hdoBSoM85u4\" width=\"1150\" height=\"650\" frameborder=\"0\" allowfullscreen=\"allowfullscreen\"><\/iframe><\/p>\n","protected":false},"excerpt":{"rendered":"<p>1. Gr\u00f6\u00dfe: 1400*180*980 mm (kann angepasst werden)<\/p>\n<p>2. Spurbreite: 600 mm (Standard) 900 mm (behindert)<\/p>\n<p>3. Waffenmaterial: Acryl<\/p>\n<p>4. Durchgangsgeschwindigkeit: 40 Personen\/min<\/p>\n<p>5. Stromversorgung: 110 V\/220 V 50\/60 Hz<\/p>\n<p>6. B\u00fcrstenloser Motor<\/p>\n<p>7. Tor-offen-Signal: Potentialfreier Kontakt\/Relais<\/p>\n<p>8. Glasdrehkreuz Antriebsmotor: 24 V<\/p>\n<p>9. Gr\u00f6\u00dfe und Materialst\u00e4rke k\u00f6nnen angepasst werden<\/p>\n<p><strong><a title=\"Mairs CE-zertifiziertes Drehkreuztor mit Drehkreuz\" href=\"http:\/\/mairsturnstile.com\/wp-content\/uploads\/2022\/09\/Mairs-CE-Certificate-Swing-Turnstile-Gate.pdf\" target=\"_blank\" rel=\"noopener noreferrer\">CE-zertifiziert,<\/a> <a title=\"Mairs ISO9001-Zertifikat\" href=\"http:\/\/mairsturnstile.com\/wp-content\/uploads\/2022\/09\/Mairs-Registration-Certificate-ISO9001.pdf\" target=\"_blank\" rel=\"noopener noreferrer\">ISO9001-zertifiziert.<\/a><\/strong><\/p>\n<p><a title=\"Brosch\u00fcre zu optischen Drehkreuzen\" href=\"http:\/\/mairsturnstile.com\/wp-content\/uploads\/2023\/12\/MT345-brochure.pdf\" target=\"_blank\" rel=\"noopener noreferrer\"><img decoding=\"async\" class=\"alignnone size-full wp-image-11034\" src=\"http:\/\/mairsturnstile.com\/wp-content\/uploads\/2022\/09\/pdf-MairsTurnstile.png\" alt=\"\" width=\"32\" height=\"32\"><span style=\"color: #0000ff;\"><strong>Brosch\u00fcre zu optischen Drehkreuzen MT345<\/strong><\/span><\/a><\/p>\n","protected":false},"featured_media":62356,"comment_status":"closed","ping_status":"closed","template":"","meta":{"neve_meta_sidebar":"","neve_meta_container":"","neve_meta_enable_content_width":"off","neve_meta_content_width":0,"neve_meta_title_alignment":"","neve_meta_author_avatar":"","neve_post_elements_order":"","neve_meta_disable_header":"","neve_meta_disable_footer":"","neve_meta_disable_title":"","_ti_tpc_template_sync":false,"_ti_tpc_template_id":""},"product_cat":[427,429],"product_tag":[1479,444,443,459,1478],"class_list":["post-9281","product","type-product","status-publish","has-post-thumbnail","hentry","product_cat-schwenkbares-drehkreuztor","product_cat-sicherheits-drehkreuze","product_tag-drehkreuz-kosten","product_tag-optische-drehkreuze","product_tag-optisches-drehkreuz","product_tag-schwenkdrehkreuz","product_tag-was-kostet-ein-drehkreuz"],"_links":{"self":[{"href":"https:\/\/mairsturnstile.com\/de\/wp-json\/wp\/v2\/product\/9281","targetHints":{"allow":["GET"]}}],"collection":[{"href":"https:\/\/mairsturnstile.com\/de\/wp-json\/wp\/v2\/product"}],"about":[{"href":"https:\/\/mairsturnstile.com\/de\/wp-json\/wp\/v2\/types\/product"}],"replies":[{"embeddable":true,"href":"https:\/\/mairsturnstile.com\/de\/wp-json\/wp\/v2\/comments?post=9281"}],"version-history":[{"count":0,"href":"https:\/\/mairsturnstile.com\/de\/wp-json\/wp\/v2\/product\/9281\/revisions"}],"wp:featuredmedia":[{"embeddable":true,"href":"https:\/\/mairsturnstile.com\/de\/wp-json\/wp\/v2\/media\/62356"}],"wp:attachment":[{"href":"https:\/\/mairsturnstile.com\/de\/wp-json\/wp\/v2\/media?parent=9281"}],"wp:term":[{"taxonomy":"product_cat","embeddable":true,"href":"https:\/\/mairsturnstile.com\/de\/wp-json\/wp\/v2\/product_cat?post=9281"},{"taxonomy":"product_tag","embeddable":true,"href":"https:\/\/mairsturnstile.com\/de\/wp-json\/wp\/v2\/product_tag?post=9281"}],"curies":[{"name":"wp","href":"https:\/\/api.w.org\/{rel}","templated":true}]}}