{"id":9282,"date":"2020-09-13T17:20:49","date_gmt":"2020-09-13T09:20:49","guid":{"rendered":"https:\/\/mairsturnstile.com\/product\/schwenkbare-drehkreuztor-zu-verkaufen-mt322-s"},"modified":"2024-11-01T11:29:22","modified_gmt":"2024-11-01T03:29:22","slug":"drehkreuz-tore-zu-verkaufen-durban","status":"publish","type":"product","link":"https:\/\/mairsturnstile.com\/de\/produkt\/drehkreuz-tore-zu-verkaufen-durban","title":{"rendered":"SWING BARRIERE DREHKREUZ TOR ZU VERKAUFEN MT323"},"content":{"rendered":"        <!-- 3D Model html -->\r\n        <div class=\"bp_grand wrapper_23467\">   \r\n        <div class=\"bp_model_parent\">\r\n            <model-viewer class=\"model\" id=\"bp_model_id_23467\" src=\"http:\/\/mairsturnstile.com\/wp-content\/uploads\/2023\/06\/MT323.glb\" alt=\"MT323\" camera-controls  loading=\"auto\" auto-rotate                        >\r\n            <\/model-viewer>\r\n        \r\n            <!-- Button -->\r\n            <svg id=\"openBtn\" width=\"30px\" height=\"30px\" viewBox=\"0 0 16 16\" xmlns=\"http:\/\/www.w3.org\/2000\/svg\" fill=\"#f2f2f2\" class=\"bi bi-arrows-fullscreen model-icon\">\r\n                <path fill-rule=\"evenodd\" d=\"M5.828 10.172a.5.5 0 0 0-.707 0l-4.096 4.096V11.5a.5.5 0 0 0-1 0v3.975a.5.5 0 0 0 .5.5H4.5a.5.5 0 0 0 0-1H1.732l4.096-4.096a.5.5 0 0 0 0-.707zm4.344 0a.5.5 0 0 1 .707 0l4.096 4.096V11.5a.5.5 0 1 1 1 0v3.975a.5.5 0 0 1-.5.5H11.5a.5.5 0 0 1 0-1h2.768l-4.096-4.096a.5.5 0 0 1 0-.707zm0-4.344a.5.5 0 0 0 .707 0l4.096-4.096V4.5a.5.5 0 1 0 1 0V.525a.5.5 0 0 0-.5-.5H11.5a.5.5 0 0 0 0 1h2.768l-4.096 4.096a.5.5 0 0 0 0 .707zm-4.344 0a.5.5 0 0 1-.707 0L1.025 1.732V4.5a.5.5 0 0 1-1 0V.525a.5.5 0 0 1 .5-.5H4.5a.5.5 0 0 1 0 1H1.732l4.096 4.096a.5.5 0 0 1 0 .707z\"\/>\r\n            <\/svg>\r\n        \r\n            <svg id=\"closeBtn\" class=\"model-icon\" width=\"34px\" height=\"34px\" viewBox=\"0 0 24 24\" xmlns=\"http:\/\/www.w3.org\/2000\/svg\">\r\n                <path fill=\"none\" stroke=\"#f2f2f2\" stroke-width=\"2\" d=\"M7,7 L17,17 M7,17 L17,7\"\/>\r\n            <\/svg>\r\n        \r\n        <\/div>\r\n        <\/div> \r\n\r\n        <!-- Model Viewer Style -->\r\n        <style>\r\n            \r\n            .wrapper_23467 .bp_model_parent, #bp_model_id_23467 {\r\n                width: 1150px;\r\n                max-width: 100%;\r\n                                            }\r\n            #bp_model_id_23467 {\r\n                height:700px;\r\n                background-color: #f2f2f2;\r\n            }\r\n            .fullscreen #bp_model_id_23467{\r\n            height: 100%;\r\n            width: 100%;\r\n            }\r\n            .wrapper_23467 .bp_model_parent{\r\n                justify-content: start            }\r\n            model-viewer.model {\r\n                --poster-color: transparent;\r\n            }\r\n        <\/style>\r\n        \r\n        \n<h4>DREHKREUZTORE ZUM VERKAUF DURBAN bietet 2 Jahre Garantie und dauerhafte Wartungs- und Reparaturunterst\u00fctzung.<\/h4>\n<p>Wir k\u00f6nnen OEM- und ODM-Dienstleistungen erbringen. Wir haben erfahrene Designer, die eine tiefgreifende Anpassung an Ihre Bed\u00fcrfnisse vornehmen k\u00f6nnen. Wir werden so bald wie m\u00f6glich eine Reihe von Materialien wie 3D-Renderings, Ma\u00dfzeichnungen usw. zur Verf\u00fcgung stellen. Wir bieten auch biometrische Ger\u00e4te wie IC\/ID-Kartenleser, Fingerabdruckscanner, QR-Code-Scanner, Gesichtserkennungskameras und so weiter.<\/p>\n<p>Drehkreuztore zum Verkauf in Durban k\u00f6nnen mit allen verwendeten Zugangskontrollsystemen wie RFID-Karten, Barcodes oder <a href=\"https:\/\/en.wikipedia.org\/wiki\/QR_code\" target=\"_blank\" rel=\"noopener\">QR-Code<\/a>-Systemen, Fingerabdruck-Lesesystemen und Gesichtserkennungsger\u00e4ten kompatibel sein.<\/p>\n<p>Es bietet zivilisierte, geordnete Zugangsmethoden. Es verwaltet effektiv den Zugriff von Mitarbeitern. Die vordere Pfostenabdeckung ist ein offenes Formdesign.<\/p>\n<p>Es ist pr\u00e4ziser und haltbarer. Da der Arm lang ist, wird das <a href=\"https:\/\/mairsturnstile.com\/category\/swing-turnstile-gate\">Schwingtor typischerweise<\/a> f\u00fcr behinderte Benutzer an verschiedenen Orten verwendet.<\/p>\n<p>Die Kosten f\u00fcr diese Drehkreuztore zum Verkauf in Durban sind erschwinglich, was ideal f\u00fcr Standorte mit geringem Verkehr und leichter Beanspruchung ist, die eine kosteng\u00fcnstigere L\u00f6sung erfordern.<\/p>\n<p>Es kann weit verbreitet in Bahnh\u00f6fen, Fabriken, Wohngemeinschaften, B\u00fcrogeb\u00e4uden, Baustellen und Institutionen eingesetzt werden, die eine intelligente Zugangsverwaltung ben\u00f6tigen.<\/p>\n<p>Wir k\u00f6nnen auch innerhalb weniger Minuten ein Rendering f\u00fcr Sie erstellen, das auf Ihrem aktuellen Szenario basiert. Wir liefern auch detaillierte Layouts und Zeichnungen sowie Installationszeichnungen.<\/p>\n\n        \t\n\t<style type=\"text\/css\">\n\t\t.slider-info-23479.bafg-slider-info .bafg-slider-title {\n\t\t\t\t\t\tfont-size: 22px;\n\t\t\t\t\t\t\n\t\t\t\n\t\t\t\t\t}\n\n\t\t.slider-info-23479.bafg-slider-info .bafg-slider-description {\n\t\t\t\n\t\t\t\n\t\t\t\t\t}\n\n\t\t.slider-info-23479.bafg-slider-info .bafg_slider_readmore_button {\n\t\t\t\n\t\t\t\n\t\t\t\n\t\t\t\n\t\t\t\n\t\t\ttext-align: center;\n\n\t\t\t\n\t\t\t\n\t\t\t\n\t\t\t\n\t\t\t\n\t\t\t\n\t\t\t\t\t}\n\n\t\t.slider-info-23479.bafg-slider-info .bafg_slider_readmore_button:hover {\n\n\t\t\t\n\t\t\t\n\t\t\t\t\t}\n\n\t<\/style>\n\t\n        <div class=\"bafg-twentytwenty-container slider-23479 \" bafg-orientation=\"horizontal\" bafg-default-offset=\"0.5\" bafg-before-label=\"Before\" bafg-after-label=\"After\" bafg-overlay=\"yes\" bafg-move-slider-on-hover=\"yes\" bafg-click-to-move=\"no\">\n              \n            <img decoding=\"async\" class=\"skip-lazy\" src=\"http:\/\/mairsturnstile.com\/wp-content\/uploads\/2023\/06\/turnstile-gates-for-sale-durban_4.jpg\" alt=\"\" data-skip-lazy title=\"\">\n            <img decoding=\"async\" class=\"skip-lazy\" src=\"http:\/\/mairsturnstile.com\/wp-content\/uploads\/2023\/06\/turnstile-gates-for-sale-durban_5.jpg\" alt=\"\" data-skip-lazy title=\"\">\n           \n        <\/div>\n\n        \t<div class=\"bafg-slider-info-wraper\">\n\t\t<div style=\"\" class=\"slider-info-23479 bafg-slider-info\">\n\t\t\t\t\t<\/div>\n\t<\/div>\n\t\n        <style type=\"text\/css\">\n            \n        <\/style>\n        \n<ul>\n<li>Im Notfall schalten Sie bitte den Strom ab, das Drehkreuz mit Drehsperre \u00f6ffnet sich automatisch, um freien Durchgang zu erm\u00f6glichen, was den Brandschutzanforderungen entspricht.<\/li>\n<li>Die Schwenkdrehkreuze eignen sich f\u00fcr verschiedene Eingangsl\u00f6sungen.<\/li>\n<li>Das gesamte System l\u00e4uft reibungslos und ger\u00e4uscharm.<\/li>\n<li>Die besten Drehkreuztore zum Verkauf in Durban.<\/li>\n<li>Alarmfunktion, wenn es ein illegales Eindringen und ein umgekehrtes Eindringen gibt, alarmiert das Tor und die T\u00fcr wird verriegelt.<\/li>\n<li>Es gibt insgesamt 4 Paar Infrarotsensoren. Der mittlere Sensor soll verhindern, dass Fu\u00dfg\u00e4nger eingeklemmt werden.<\/li>\n<li>Anti-Tailing-Funktion, eine Person kann gleichzeitig passieren. Wenn jemand den Vorderleuten hinterherl\u00e4uft, schl\u00e4gt das Tor Alarm.<\/li>\n<li>LED-Anzeige. Rotes Kreuz und gr\u00fcner Pfeil.<\/li>\n<li>Der bidirektionale Zugriff reduziert den Bedarf an weiteren Gates. Es ist rollstuhlgerecht, Einkaufskinderwagen erh\u00f6ht die \u00dcberholeffizienz.<\/li>\n<li>Automatische Reset-Funktion. Wenn die Personen nicht innerhalb der voreingestellten Zeit (Standardzeit ist 5 Sekunden) vorbeigekommen sind, wird das System die Berechtigung des Benutzers aufheben und automatisch schlie\u00dfen.<\/li>\n<li>Es ist ein Edelstahlarm. Die Fahrbahnbreite kann 1600 mm erreichen, was f\u00fcr den Fahrrad- oder Motorradzugang genutzt werden kann.<\/li>\n<\/ul>\n<p>Wir k\u00f6nnen die gesamte L\u00f6sung f\u00fcr die Sicherheitskontrolle anbieten. Wenn Sie ein eigenes Zugangskontrollsystem haben, k\u00f6nnen Sie unser Drehkreuz direkt verwenden. Falls Sie noch keine haben, bieten wir auch eine komplette L\u00f6sung f\u00fcr die Zugangskontrolle an. Einzelheiten entnehmen Sie bitte dem unten stehenden Video.<\/p>\n<p><iframe title=\"Optisches Drehkreuz, Drehkreuz, Drehkreuz - MairsTurnstile\" src=\"https:\/\/www.youtube.com\/embed\/hdoBSoM85u4\" width=\"1150\" height=\"650\" frameborder=\"0\" allowfullscreen=\"allowfullscreen\"><\/iframe><\/p>\n","protected":false},"excerpt":{"rendered":"<p>1. Gr\u00f6\u00dfe: 1200 * 180 * 980 mm (kann angepasst werden)<\/p>\n<p>2. Maximale Arml\u00e4nge: 800 mm (kann angepasst werden)<\/p>\n<p>3. Armmaterial: Edelstahl 304<\/p>\n<p>4. Durchgangsgeschwindigkeit: 40 Personen\/min<\/p>\n<p>5. Stromversorgung: 110 V\/220 V 50\/60 Hz<\/p>\n<p>6. Fahrverbrauch: 20 W<\/p>\n<p>7. Tor-offen-Signal: Potentialfreier Kontakt\/Relais<\/p>\n<p>8. Schwenktor-Drehkreuz Antriebsmotor: 24 V<\/p>\n<p>9. Acrylarm ist verf\u00fcgbar<\/p>\n<p><strong><a title=\"Mairs CE-zertifiziertes Drehkreuztor mit Drehkreuz\" href=\"http:\/\/mairsturnstile.com\/wp-content\/uploads\/2022\/09\/Mairs-CE-Certificate-Swing-Turnstile-Gate.pdf\" target=\"_blank\" rel=\"noopener noreferrer\">CE-zertifiziert,<\/a> <a title=\"Mairs ISO9001-Zertifikat\" href=\"http:\/\/mairsturnstile.com\/wp-content\/uploads\/2022\/09\/Mairs-Registration-Certificate-ISO9001.pdf\" target=\"_blank\" rel=\"noopener noreferrer\">ISO9001-zertifiziert.<\/a><\/strong><\/p>\n<p><a title=\"Brosch\u00fcre Drehkreuze\" href=\"http:\/\/mairsturnstile.com\/wp-content\/uploads\/2023\/12\/MT323-brochure.pdf\" target=\"_blank\" rel=\"noopener noreferrer\" data-wp-editing=\"1\"><img decoding=\"async\" class=\"alignnone size-full wp-image-11034\" src=\"http:\/\/mairsturnstile.com\/wp-content\/uploads\/2022\/09\/pdf-MairsTurnstile.png\" alt=\"\" width=\"32\" height=\"32\"><strong><span style=\"color: #0000ff;\">MT323 Swing-Drehkreuz-Brosch\u00fcre<\/span><\/strong><\/a><\/p>\n","protected":false},"featured_media":23200,"comment_status":"closed","ping_status":"closed","template":"","meta":{"neve_meta_sidebar":"","neve_meta_container":"","neve_meta_enable_content_width":"off","neve_meta_content_width":0,"neve_meta_title_alignment":"","neve_meta_author_avatar":"","neve_post_elements_order":"","neve_meta_disable_header":"","neve_meta_disable_footer":"","neve_meta_disable_title":"","_ti_tpc_template_sync":false,"_ti_tpc_template_id":""},"product_cat":[427,429],"product_tag":[585,584],"class_list":["post-9282","product","type-product","status-publish","has-post-thumbnail","hentry","product_cat-schwenkbares-drehkreuztor","product_cat-sicherheits-drehkreuze","product_tag-drehkreuztore-zu-verkaufen-durban","product_tag-schwenkbarriere-drehkreuz"],"_links":{"self":[{"href":"https:\/\/mairsturnstile.com\/de\/wp-json\/wp\/v2\/product\/9282","targetHints":{"allow":["GET"]}}],"collection":[{"href":"https:\/\/mairsturnstile.com\/de\/wp-json\/wp\/v2\/product"}],"about":[{"href":"https:\/\/mairsturnstile.com\/de\/wp-json\/wp\/v2\/types\/product"}],"replies":[{"embeddable":true,"href":"https:\/\/mairsturnstile.com\/de\/wp-json\/wp\/v2\/comments?post=9282"}],"version-history":[{"count":0,"href":"https:\/\/mairsturnstile.com\/de\/wp-json\/wp\/v2\/product\/9282\/revisions"}],"wp:featuredmedia":[{"embeddable":true,"href":"https:\/\/mairsturnstile.com\/de\/wp-json\/wp\/v2\/media\/23200"}],"wp:attachment":[{"href":"https:\/\/mairsturnstile.com\/de\/wp-json\/wp\/v2\/media?parent=9282"}],"wp:term":[{"taxonomy":"product_cat","embeddable":true,"href":"https:\/\/mairsturnstile.com\/de\/wp-json\/wp\/v2\/product_cat?post=9282"},{"taxonomy":"product_tag","embeddable":true,"href":"https:\/\/mairsturnstile.com\/de\/wp-json\/wp\/v2\/product_tag?post=9282"}],"curies":[{"name":"wp","href":"https:\/\/api.w.org\/{rel}","templated":true}]}}