{"id":9284,"date":"2020-09-13T17:16:32","date_gmt":"2020-09-13T09:16:32","guid":{"rendered":"https:\/\/mairsturnstile.com\/product\/supermarkt-drehkreuz-mt311"},"modified":"2025-04-07T17:54:51","modified_gmt":"2025-04-07T09:54:51","slug":"supermarkt-schwing-tor","status":"publish","type":"product","link":"https:\/\/mairsturnstile.com\/de\/produkt\/supermarkt-schwing-tor","title":{"rendered":"SUPERMARKT-DREHKREUZ MT311"},"content":{"rendered":"        <!-- 3D Model html -->\r\n        <div class=\"bp_grand wrapper_25604\">   \r\n        <div class=\"bp_model_parent\">\r\n            <model-viewer class=\"model\" id=\"bp_model_id_25604\" src=\"http:\/\/mairsturnstile.com\/wp-content\/uploads\/2023\/07\/MT311.glb\" alt=\"MT311\" camera-controls  loading=\"auto\" auto-rotate                        >\r\n            <\/model-viewer>\r\n        \r\n            <!-- Button -->\r\n            <svg id=\"openBtn\" width=\"30px\" height=\"30px\" viewBox=\"0 0 16 16\" xmlns=\"http:\/\/www.w3.org\/2000\/svg\" fill=\"#f2f2f2\" class=\"bi bi-arrows-fullscreen model-icon\">\r\n                <path fill-rule=\"evenodd\" d=\"M5.828 10.172a.5.5 0 0 0-.707 0l-4.096 4.096V11.5a.5.5 0 0 0-1 0v3.975a.5.5 0 0 0 .5.5H4.5a.5.5 0 0 0 0-1H1.732l4.096-4.096a.5.5 0 0 0 0-.707zm4.344 0a.5.5 0 0 1 .707 0l4.096 4.096V11.5a.5.5 0 1 1 1 0v3.975a.5.5 0 0 1-.5.5H11.5a.5.5 0 0 1 0-1h2.768l-4.096-4.096a.5.5 0 0 1 0-.707zm0-4.344a.5.5 0 0 0 .707 0l4.096-4.096V4.5a.5.5 0 1 0 1 0V.525a.5.5 0 0 0-.5-.5H11.5a.5.5 0 0 0 0 1h2.768l-4.096 4.096a.5.5 0 0 0 0 .707zm-4.344 0a.5.5 0 0 1-.707 0L1.025 1.732V4.5a.5.5 0 0 1-1 0V.525a.5.5 0 0 1 .5-.5H4.5a.5.5 0 0 1 0 1H1.732l4.096 4.096a.5.5 0 0 1 0 .707z\"\/>\r\n            <\/svg>\r\n        \r\n            <svg id=\"closeBtn\" class=\"model-icon\" width=\"34px\" height=\"34px\" viewBox=\"0 0 24 24\" xmlns=\"http:\/\/www.w3.org\/2000\/svg\">\r\n                <path fill=\"none\" stroke=\"#f2f2f2\" stroke-width=\"2\" d=\"M7,7 L17,17 M7,17 L17,7\"\/>\r\n            <\/svg>\r\n        \r\n        <\/div>\r\n        <\/div> \r\n\r\n        <!-- Model Viewer Style -->\r\n        <style>\r\n            \r\n            .wrapper_25604 .bp_model_parent, #bp_model_id_25604 {\r\n                width: 1150px;\r\n                max-width: 100%;\r\n                                            }\r\n            #bp_model_id_25604 {\r\n                height:700px;\r\n                background-color: transparent;\r\n            }\r\n            .fullscreen #bp_model_id_25604{\r\n            height: 100%;\r\n            width: 100%;\r\n            }\r\n            .wrapper_25604 .bp_model_parent{\r\n                justify-content: start            }\r\n            model-viewer.model {\r\n                --poster-color: transparent;\r\n            }\r\n        <\/style>\r\n        \r\n        \n<h4>Supermarkt-Fl\u00fcgeltor hat eine 2-j\u00e4hrige Garantie und dauerhafte Wartungs- und Reparaturunterst\u00fctzung.<\/h4>\n<p>Wir k\u00f6nnen OEM- und ODM-Dienstleistungen erbringen. Wir bieten auch biometrische Ger\u00e4te wie IC\/ID-Kartenleser, Fingerabdruckscanner, QR-Code-Scanner, Gesichtserkennungskameras und so weiter.<\/p>\n<p>Das Schwenktor f\u00fcr Superm\u00e4rkte ist eine Art zylindrisches Drehkreuztor mit automatischer Infrarot- oder Radarinduktion, das speziell f\u00fcr den Ein- und Ausgang von gro\u00dfen Superm\u00e4rkten und unbemannten Superm\u00e4rkten verwendet wird. Die L\u00e4nge der Fl\u00fcgelstange des Supermarkt-Drehkreuzes kann an die Breite des Supermarkteingangs angepasst werden. Nat\u00fcrlich kann dieses Supermarkt-Fl\u00fcgeltor auch in Lagerh\u00e4usern, Bekleidungsgesch\u00e4ften, Superm\u00e4rkten, Juweliergesch\u00e4ften, Einkaufszentren, Kosmetikgesch\u00e4ften, Buchhandlungen usw. verwendet werden. Das Supermarkt-Fl\u00fcgeltor hat die Vorteile, dass es keine manuelle Erkennung, hohe Effizienz, schnelle, sichere und gute Serviceleistungen gibt.<\/p>\n<p>Das Supermarkt-Drehtor kann mit der Kanalbreite an Ihre tats\u00e4chlichen Bed\u00fcrfnisse angepasst werden. Zum Beispiel haben unsere Kunden im obigen Video ma\u00dfgeschneiderte Supermarkt-Schwenkschranken mit ultrabreiten Kan\u00e4len. Nat\u00fcrlich haben wir auch ein anderes Drehkreuz-Drehkreuz f\u00fcr den Supermarkteingang, das f\u00fcr Superm\u00e4rkte geeignet ist. Wenn Sie der Meinung sind, dass dieses Supermarkt-Schrankentor nicht f\u00fcr Sie geeignet ist, sehen Sie sich bitte unser anderes Produkt an: <a href=\"https:\/\/mairsturnstile.com\/product\/supermarket-entrance-turnstile\">Supermarkt-Drehkreuze<\/a><\/p>\n<p>Wir k\u00f6nnen auch innerhalb weniger Minuten ein Rendering f\u00fcr Sie erstellen, das auf Ihrem aktuellen Szenario basiert. Wir liefern auch detaillierte Layouts und Zeichnungen sowie Installationszeichnungen.<\/p>\n\n        \t\n\t<style type=\"text\/css\">\n\t\t.slider-info-25611.bafg-slider-info .bafg-slider-title {\n\t\t\t\t\t\tfont-size: 22px;\n\t\t\t\t\t\t\n\t\t\t\n\t\t\t\t\t}\n\n\t\t.slider-info-25611.bafg-slider-info .bafg-slider-description {\n\t\t\t\n\t\t\t\n\t\t\t\t\t}\n\n\t\t.slider-info-25611.bafg-slider-info .bafg_slider_readmore_button {\n\t\t\t\n\t\t\t\n\t\t\t\n\t\t\t\n\t\t\t\n\t\t\ttext-align: center;\n\n\t\t\t\n\t\t\t\n\t\t\t\n\t\t\t\n\t\t\t\n\t\t\t\n\t\t\t\t\t}\n\n\t\t.slider-info-25611.bafg-slider-info .bafg_slider_readmore_button:hover {\n\n\t\t\t\n\t\t\t\n\t\t\t\t\t}\n\n\t<\/style>\n\t\n        <div class=\"bafg-twentytwenty-container slider-25611 \" bafg-orientation=\"horizontal\" bafg-default-offset=\"0.5\" bafg-before-label=\"Before\" bafg-after-label=\"After\" bafg-overlay=\"yes\" bafg-move-slider-on-hover=\"yes\" bafg-click-to-move=\"no\">\n              \n            <img decoding=\"async\" class=\"skip-lazy\" src=\"http:\/\/mairsturnstile.com\/wp-content\/uploads\/2023\/07\/supermarket-swing-gate_8.jpg\" alt=\"\" data-skip-lazy title=\"\">\n            <img decoding=\"async\" class=\"skip-lazy\" src=\"http:\/\/mairsturnstile.com\/wp-content\/uploads\/2023\/07\/supermarket-swing-gate_9.jpg\" alt=\"\" data-skip-lazy title=\"\">\n           \n        <\/div>\n\n        \t<div class=\"bafg-slider-info-wraper\">\n\t\t<div style=\"\" class=\"slider-info-25611 bafg-slider-info\">\n\t\t\t\t\t<\/div>\n\t<\/div>\n\t\n        <style type=\"text\/css\">\n            \n        <\/style>\n        \n<p>Wenn jemand den Supermarkt betritt, \u00f6ffnet sich das Supermarkt-Fl\u00fcgeltor automatisch. People will enter the supermarket in an orderly manner. Sie k\u00f6nnen nicht ausgehen. Sie k\u00f6nnen in eine Richtung passieren. Sie k\u00f6nnen auch an der Eingangst\u00fcr einiger Krankenh\u00e4user oder Lagerhallen verwendet werden. Das Supermarkt-Eingangsdrehkreuz mit Gel\u00e4nder eignet sich zur Kontrolle des Personenstroms beim Betreten des Supermarkts und zur Aufrechterhaltung eines standardisierten und geordneten Zugangs zum Supermarkt. Wenn kein Personal den Supermarkt betritt, wird das Schwenktor des Supermarkts automatisch verriegelt.<\/p>\n<p>Im Allgemeinen erkennt der eingebaute Radar- oder Infrarotsensor die Person, wenn Personen die Drehkreuzt\u00fcr betreten, und das Drehkreuz \u00f6ffnet die T\u00fcr automatisch. Nachdem die Person durchgegangen ist, wird das Infrarot oder Radar ebenfalls automatisch erfasst, und dann schlie\u00dft sich das Drehkreuztor des Supermarkts automatisch. Manchmal sind es nur zwei Spalten, um Kosten zu sparen. Eine solche Supermarkt-Schranke muss entsprechend der eingestellten Zeit geschlossen werden.<\/p>\n<p>Das Supermarkt-Fl\u00fcgeltor wird h\u00e4ufig f\u00fcr die Fu\u00dfg\u00e4ngerzugangskontrolle von Supermarktlagern verwendet. Der Zaun kann auf beiden Seiten hinzugef\u00fcgt werden, um einen freien Zugang zu erm\u00f6glichen. Es ist in der Gr\u00f6\u00dfe, die Platz sparen kann. Es kann auch als Notausgang verwendet werden. Mairsturnstile bietet die beste Qualit\u00e4t <a href=\"https:\/\/mairsturnstile.com\/swing-turnstile-gate.html\">Swing Drehkreuz Tor<\/a> zum g\u00fcnstigsten Preis online. Der professionelle Drehkreuzhersteller Mairs bietet das g\u00fcnstigste Supermarkt-Drehkreuz-Schrankentor an.<\/p>\n<ul>\n<li>Im Notfall schalten Sie bitte die Stromversorgung ab. Das Zugangsdrehkreuz \u00f6ffnet sich automatisch, um einen freien Durchgang zu erm\u00f6glichen, der den Brandschutzanforderungen entspricht.<\/li>\n<li>Das Zugangsdrehkreuz ist f\u00fcr die <a href=\"https:\/\/en.wikipedia.org\/wiki\/Access_control\" target=\"_blank\" rel=\"noopener\">Zugangskontrolle<\/a> in Superm\u00e4rkten geeignet.<\/li>\n<li>Das gesamte System l\u00e4uft reibungslos und ger\u00e4uscharm.<\/li>\n<li>Maximale Arml\u00e4nge: 800 mm<\/li>\n<li>Weit verbreitet f\u00fcr Supermarkt<\/li>\n<li>Alarmfunktion, wenn ein illegales Eindringen oder ein umgekehrtes Eindringen vorliegt, alarmiert das Tor und die T\u00fcr wird verriegelt.<\/li>\n<li>Wenn es mit einem Zaun ausgestattet ist, kann der Sensor hinzugef\u00fcgt werden, um einen freien Zugang zu erm\u00f6glichen. Der mittlere Sensor soll das Einklemmen von Fu\u00dfg\u00e4ngern verhindern.<\/li>\n<li>Anti-Tailing-Funktion, eine Person kann gleichzeitig passieren. Wenn jemand den Vorderleuten hinterherl\u00e4uft, schl\u00e4gt das Tor Alarm<\/li>\n<li>Der bidirektionale Zugriff reduziert den Bedarf an weiteren Gates. Es ist f\u00fcr Rollst\u00fchle und Einkaufskinderwagen geeignet, wodurch die Effizienz des Passierens erh\u00f6ht wird. Es kann auch als eine einzige Richtung, die weithin in den Supermarkt f\u00fcr nur Eingang gesehen wird arbeiten.<\/li>\n<li>Automatische Reset-Funktion. Wenn die Personen nicht innerhalb der voreingestellten Zeit (Standardzeit ist 5 Sekunden) vorbeigekommen sind, wird das System die Berechtigung des Benutzers aufheben und automatisch schlie\u00dfen.<\/li>\n<li>Es ist ein Edelstahlarm. Die Fahrbahnbreite kann 1600 mm erreichen, was f\u00fcr den Fahrrad- oder Motorradzugang genutzt werden kann.<\/li>\n<\/ul>\n<p>Wir k\u00f6nnen die gesamte L\u00f6sung f\u00fcr die Sicherheitskontrolle anbieten. Wenn Sie ein eigenes Zugangskontrollsystem haben, k\u00f6nnen Sie unser Drehkreuz direkt verwenden. Falls Sie noch keine haben, bieten wir auch eine komplette L\u00f6sung f\u00fcr die Zugangskontrolle an. Einzelheiten entnehmen Sie bitte dem unten stehenden Video.<\/p>\n<p><iframe title=\"Fu\u00dfg\u00e4nger-Drehtor, motorisiertes Drehtor, zylindrisches Drehkreuz - MairsTurnstile.com\" src=\"https:\/\/www.youtube.com\/embed\/Z69v4_4BlEA\" width=\"1150\" height=\"650\" frameborder=\"0\" allowfullscreen=\"allowfullscreen\"><\/iframe><\/p>\n","protected":false},"excerpt":{"rendered":"<p>1. Gr\u00f6\u00dfe: 168*1000 mm (kann angepasst werden)<\/p>\n<p>2. Material des Arms: 304 rostfreier Stahl<\/p>\n<p>3. Durchgangsgeschwindigkeit: 40 Personen\/min<\/p>\n<p>4. Stromversorgung: 110 V\/220 V 50\/60 Hz<\/p>\n<p>5. Fahrverbrauch: 20 W<\/p>\n<p>6. Tor\u00f6ffnungssignal: Potenzialfreier Kontakt\/Relais<\/p>\n<p>7. Antriebsmotor: 24 V<\/p>\n<p>8. Zugangsdrehkreuz Gewicht: 30 kg\/St\u00fcck<\/p>\n<p>9. Manuell ist verf\u00fcgbar<\/p>\n<p><span style=\"color: #0000ff;\"><strong><a style=\"color: #0000ff;\" title=\"Mairs CE-zertifiziertes Drehkreuztor mit Drehkreuz\" href=\"http:\/\/mairsturnstile.com\/wp-content\/uploads\/2022\/09\/Mairs-CE-Certificate-Swing-Turnstile-Gate.pdf\" target=\"_blank\" rel=\"noopener noreferrer\">CE-zertifiziert,<\/a> <a style=\"color: #0000ff;\" title=\"Mairs ISO9001-Zertifikat\" href=\"http:\/\/mairsturnstile.com\/wp-content\/uploads\/2022\/09\/Mairs-Registration-Certificate-ISO9001.pdf\" target=\"_blank\" rel=\"noopener noreferrer\">ISO9001-zertifiziert.<\/a><\/strong><\/span><\/p>\n<p><a title=\"Brosch\u00fcre f\u00fcr Drehtore f\u00fcr Superm\u00e4rkte\" href=\"http:\/\/mairsturnstile.com\/wp-content\/uploads\/2023\/12\/MT311-brochure.pdf\" target=\"_blank\" rel=\"noopener noreferrer\" data-wp-editing=\"1\"><img decoding=\"async\" class=\"alignnone size-full wp-image-11034\" src=\"http:\/\/mairsturnstile.com\/wp-content\/uploads\/2022\/09\/pdf-MairsTurnstile.png\" alt=\"\" width=\"32\" height=\"32\"><strong><span style=\"color: #0000ff;\">MT311 Brosch\u00fcre f\u00fcr Drehtore f\u00fcr Superm\u00e4rkte<\/span><\/strong><\/a><\/p>\n","protected":false},"featured_media":57957,"comment_status":"closed","ping_status":"closed","template":"","meta":{"neve_meta_sidebar":"","neve_meta_container":"","neve_meta_enable_content_width":"off","neve_meta_content_width":0,"neve_meta_title_alignment":"","neve_meta_author_avatar":"","neve_post_elements_order":"","neve_meta_disable_header":"","neve_meta_disable_footer":"","neve_meta_disable_title":"","_ti_tpc_template_sync":false,"_ti_tpc_template_id":""},"product_cat":[427,429],"product_tag":[1372,584,459,588],"class_list":["post-9284","product","type-product","status-publish","has-post-thumbnail","hentry","product_cat-schwenkbares-drehkreuztor","product_cat-sicherheits-drehkreuze","product_tag-ausgangsdrehkreuz","product_tag-schwenkbarriere-drehkreuz","product_tag-schwenkdrehkreuz","product_tag-supermarkt-drehtor"],"_links":{"self":[{"href":"https:\/\/mairsturnstile.com\/de\/wp-json\/wp\/v2\/product\/9284","targetHints":{"allow":["GET"]}}],"collection":[{"href":"https:\/\/mairsturnstile.com\/de\/wp-json\/wp\/v2\/product"}],"about":[{"href":"https:\/\/mairsturnstile.com\/de\/wp-json\/wp\/v2\/types\/product"}],"replies":[{"embeddable":true,"href":"https:\/\/mairsturnstile.com\/de\/wp-json\/wp\/v2\/comments?post=9284"}],"version-history":[{"count":0,"href":"https:\/\/mairsturnstile.com\/de\/wp-json\/wp\/v2\/product\/9284\/revisions"}],"wp:featuredmedia":[{"embeddable":true,"href":"https:\/\/mairsturnstile.com\/de\/wp-json\/wp\/v2\/media\/57957"}],"wp:attachment":[{"href":"https:\/\/mairsturnstile.com\/de\/wp-json\/wp\/v2\/media?parent=9284"}],"wp:term":[{"taxonomy":"product_cat","embeddable":true,"href":"https:\/\/mairsturnstile.com\/de\/wp-json\/wp\/v2\/product_cat?post=9284"},{"taxonomy":"product_tag","embeddable":true,"href":"https:\/\/mairsturnstile.com\/de\/wp-json\/wp\/v2\/product_tag?post=9284"}],"curies":[{"name":"wp","href":"https:\/\/api.w.org\/{rel}","templated":true}]}}