{"id":9285,"date":"2020-09-13T17:14:29","date_gmt":"2020-09-13T09:14:29","guid":{"rendered":"https:\/\/mairsturnstile.com\/product\/servomotor-fussgaenger-drehtor-mt310"},"modified":"2025-04-07T17:56:03","modified_gmt":"2025-04-07T09:56:03","slug":"fusganger-flugeltor","status":"publish","type":"product","link":"https:\/\/mairsturnstile.com\/de\/produkt\/fusganger-flugeltor","title":{"rendered":"Servomotor FU\u00dfG\u00c4NGER-DREHTOR MT310"},"content":{"rendered":"        <!-- 3D Model html -->\r\n        <div class=\"bp_grand wrapper_25053\">   \r\n        <div class=\"bp_model_parent\">\r\n            <model-viewer class=\"model\" id=\"bp_model_id_25053\" src=\"http:\/\/mairsturnstile.com\/wp-content\/uploads\/2024\/05\/MT310-B-\u706f\u5e26\u52a0\u9ad8\u52a0\u4eba\u8138.glb\" alt=\"MT310-B \u706f\u5e26\u52a0\u9ad8\u52a0\u4eba\u8138\" camera-controls  loading=\"auto\" auto-rotate                        >\r\n            <\/model-viewer>\r\n        \r\n            <!-- Button -->\r\n            <svg id=\"openBtn\" width=\"30px\" height=\"30px\" viewBox=\"0 0 16 16\" xmlns=\"http:\/\/www.w3.org\/2000\/svg\" fill=\"#f2f2f2\" class=\"bi bi-arrows-fullscreen model-icon\">\r\n                <path fill-rule=\"evenodd\" d=\"M5.828 10.172a.5.5 0 0 0-.707 0l-4.096 4.096V11.5a.5.5 0 0 0-1 0v3.975a.5.5 0 0 0 .5.5H4.5a.5.5 0 0 0 0-1H1.732l4.096-4.096a.5.5 0 0 0 0-.707zm4.344 0a.5.5 0 0 1 .707 0l4.096 4.096V11.5a.5.5 0 1 1 1 0v3.975a.5.5 0 0 1-.5.5H11.5a.5.5 0 0 1 0-1h2.768l-4.096-4.096a.5.5 0 0 1 0-.707zm0-4.344a.5.5 0 0 0 .707 0l4.096-4.096V4.5a.5.5 0 1 0 1 0V.525a.5.5 0 0 0-.5-.5H11.5a.5.5 0 0 0 0 1h2.768l-4.096 4.096a.5.5 0 0 0 0 .707zm-4.344 0a.5.5 0 0 1-.707 0L1.025 1.732V4.5a.5.5 0 0 1-1 0V.525a.5.5 0 0 1 .5-.5H4.5a.5.5 0 0 1 0 1H1.732l4.096 4.096a.5.5 0 0 1 0 .707z\"\/>\r\n            <\/svg>\r\n        \r\n            <svg id=\"closeBtn\" class=\"model-icon\" width=\"34px\" height=\"34px\" viewBox=\"0 0 24 24\" xmlns=\"http:\/\/www.w3.org\/2000\/svg\">\r\n                <path fill=\"none\" stroke=\"#f2f2f2\" stroke-width=\"2\" d=\"M7,7 L17,17 M7,17 L17,7\"\/>\r\n            <\/svg>\r\n        \r\n        <\/div>\r\n        <\/div> \r\n\r\n        <!-- Model Viewer Style -->\r\n        <style>\r\n            \r\n            .wrapper_25053 .bp_model_parent, #bp_model_id_25053 {\r\n                width: 1150px;\r\n                max-width: 100%;\r\n                                            }\r\n            #bp_model_id_25053 {\r\n                height:700px;\r\n                background-color: #f9f9f9;\r\n            }\r\n            .fullscreen #bp_model_id_25053{\r\n            height: 100%;\r\n            width: 100%;\r\n            }\r\n            .wrapper_25053 .bp_model_parent{\r\n                justify-content: start            }\r\n            model-viewer.model {\r\n                --poster-color: transparent;\r\n            }\r\n        <\/style>\r\n        \r\n        \n<h4>Servomotor-Zylinder-Schnelllauftore MT310 haben eine 2-j\u00e4hrige Garantie und bieten dauerhaften Wartungs- und Reparatursupport.<\/h4>\n<p>Wir k\u00f6nnen OEM- und ODM-Dienstleistungen erbringen. Wir k\u00f6nnen diese Ausgangsdrehkreuze auch nach Ihren Anforderungen anpassen. Beispielsweise k\u00f6nnen wir die spezielle Kanalbreite anpassen. Wir bieten auch biometrische Ger\u00e4te wie IC\/ID-Kartenleser, Fingerabdruckscanner, QR-Code-Scanner, Gesichtserkennungskameras und so weiter. Wenn Sie diese Ger\u00e4te an der Drehsperre in voller H\u00f6he integrieren m\u00fcssen oder Fragen haben, wenden <a href=\"https:\/\/mairsturnstile.com\/contact\" target=\"_blank\" rel=\"noopener\">Sie sich bitte an uns<\/a><\/p>\n<p><strong><b>Die Zylinder-Speedgates sind eine Art kleines und exquisit gestaltetes Speedgate-Drehkreuz, das normalerweise in Notausg\u00e4ngen oder Durchg\u00e4ngen f\u00fcr Menschen mit Behinderung verwendet wird.<\/b><\/strong><strong> An einigen Stellen herrscht ein hoher Verkehrsfluss. Um Verkehrsblockaden zu vermeiden, k\u00f6nnen Sie die Einfahrtsspur und die Ausfahrtsspur separat festlegen. So kann dieses Drehkreuz mit Dreht\u00fcr f\u00fcr Fu\u00dfg\u00e4nger in eine Richtung laufen. Es kann auch f\u00fcr behinderte Rollst\u00fchle und Zugangskontrollen f\u00fcr behinderte Fu\u00dfg\u00e4nger verwendet werden.<\/strong><\/p>\n<p>SERVO-MOTOR-Zylindergeschwindigkeitstore sind sehr beliebte Drehkreuze f\u00fcr Fu\u00dfg\u00e4nger. Viele Kunden m\u00f6gen sie sehr und sie sind weit verbreitet, da sie ein sch\u00f6nes, einfaches und gro\u00dfz\u00fcgiges Erscheinungsbild haben und ein sehr gutes Preis-Leistungs-Verh\u00e4ltnis bieten. Die Zylindergeschwindigkeitstore f\u00fcr Fu\u00dfg\u00e4nger verwenden einen einzigartigen Servomotor, der seine Leistung voll ausspielen kann.   Wir k\u00f6nnen diese Drehkreuztore auch an die Anforderungen der Kunden anpassen. Beispielsweise k\u00f6nnen wir die spezielle Kanalbreite anpassen. Diese sch\u00f6nen elektronischen Drehkreuztore von Mairs k\u00f6nnen haupts\u00e4chlich in Superm\u00e4rkten, Lagern, Geb\u00e4udelobbys und anderen B\u00fcrogeb\u00e4uden eingesetzt werden.<\/p>\n<p><a href=\"https:\/\/mairsturnstile.com\/category\/security-turnstiles\/\" target=\"_blank\" rel=\"noopener\">Sicherheits-Drehkreuztor<\/a>von Drehkreuzherstellern &#8211; Mairs ist ein ideales Produkt f\u00fcr die Verwaltung des Fu\u00dfg\u00e4ngerzugangs. Zylindrisches Speedgate bietet Fastlane f\u00fcr Passagiere, insbesondere f\u00fcr Passagiere mit Gep\u00e4ck und f\u00fcr Menschen mit Behinderung. Es wird haupts\u00e4chlich in hochwertigen Wohngeb\u00e4uden, Gesch\u00e4ften, Superm\u00e4rkten, Lagern usw. verwendet. Da es mit einem Servomotor ausgestattet ist, ist der zylindrische Speedgate-Arm viel l\u00e4nger als bei anderen Speedgates.<\/p>\n<p>Wir k\u00f6nnen auch innerhalb weniger Minuten ein Rendering f\u00fcr Sie erstellen, das auf Ihrem aktuellen Szenario basiert. Wir liefern auch detaillierte Layouts und Zeichnungen sowie Installationszeichnungen.<\/p>\n\n        \t\n\t<style type=\"text\/css\">\n\t\t.slider-info-25609.bafg-slider-info .bafg-slider-title {\n\t\t\t\t\t\tfont-size: 22px;\n\t\t\t\t\t\t\n\t\t\t\n\t\t\t\t\t}\n\n\t\t.slider-info-25609.bafg-slider-info .bafg-slider-description {\n\t\t\t\n\t\t\t\n\t\t\t\t\t}\n\n\t\t.slider-info-25609.bafg-slider-info .bafg_slider_readmore_button {\n\t\t\t\n\t\t\t\n\t\t\t\n\t\t\t\n\t\t\t\n\t\t\ttext-align: center;\n\n\t\t\t\n\t\t\t\n\t\t\t\n\t\t\t\n\t\t\t\n\t\t\t\n\t\t\t\t\t}\n\n\t\t.slider-info-25609.bafg-slider-info .bafg_slider_readmore_button:hover {\n\n\t\t\t\n\t\t\t\n\t\t\t\t\t}\n\n\t<\/style>\n\t\n        <div class=\"bafg-twentytwenty-container slider-25609 \" bafg-orientation=\"horizontal\" bafg-default-offset=\"0.5\" bafg-before-label=\"Before\" bafg-after-label=\"After\" bafg-overlay=\"yes\" bafg-move-slider-on-hover=\"yes\" bafg-click-to-move=\"no\">\n              \n            <img decoding=\"async\" class=\"skip-lazy\" src=\"http:\/\/mairsturnstile.com\/wp-content\/uploads\/2023\/07\/pedestrian-swing-gate_4.jpg\" alt=\"\" data-skip-lazy title=\"\">\n            <img decoding=\"async\" class=\"skip-lazy\" src=\"http:\/\/mairsturnstile.com\/wp-content\/uploads\/2023\/07\/pedestrian-swing-gate_5.jpg\" alt=\"\" data-skip-lazy title=\"\">\n           \n        <\/div>\n\n        \t<div class=\"bafg-slider-info-wraper\">\n\t\t<div style=\"\" class=\"slider-info-25609 bafg-slider-info\">\n\t\t\t\t\t<\/div>\n\t<\/div>\n\t\n        <style type=\"text\/css\">\n            \n        <\/style>\n        \n<p>Diese Fu\u00dfg\u00e4ngertore mit Zylindergeschwindigkeit sind ein beliebtes Schwenk-Drehkreuz, das haupts\u00e4chlich in Superm\u00e4rkten, Lagerh\u00e4usern, Fu\u00dfg\u00e4ngerpassagen, Geb\u00e4udehallen, B\u00fcros und an anderen Orten eingesetzt wird. \u00dcber das Video werden haupts\u00e4chlich zwei verschiedene Arten von kundenspezifischen Drehsperren f\u00fcr Fu\u00dfg\u00e4nger gezeigt, die sich haupts\u00e4chlich in der Gr\u00f6\u00dfe und dem Schwenkarm dieses Drehkreuzes widerspiegeln. Es ist ersichtlich, dass die Schwenkarme der beiden Produkte unterschiedlich sind, die in Form von Acryl- oder Metallsperrstangen vorliegen k\u00f6nnen.<\/p>\n<p>Viele unserer Kunden berichteten auch, dass dieses zylindrische Speedgate langlebig, sch\u00f6n und kosteng\u00fcnstig ist. Wenn Sie ein \u00e4hnliches Fl\u00fcgeltor f\u00fcr Fu\u00dfg\u00e4nger anpassen m\u00fcssen, z\u00f6gern Sie bitte nicht, uns zu kontaktieren. Wenn Sie dieses Schwenkdrehkreuz mit Acrylblockierstangen \u00fcberpr\u00fcfen m\u00f6chten, sehen Sie sich bitte das folgende Video an:<\/p>\n<ul>\n<li>Im Notfall schalten Sie bitte den Strom ab. Die Zylindertore \u00f6ffnen sich automatisch und erm\u00f6glichen einen freien Durchgang, der den Brandschutzanforderungen entspricht.<\/li>\n<li>Das <a href=\"https:\/\/en.wikipedia.org\/wiki\/Optical_turnstile\" target=\"_blank\" rel=\"noopener\">optische Drehkreuz<\/a>wird h\u00e4ufig f\u00fcr Notausg\u00e4nge verwendet.<\/li>\n<li>Das gesamte System l\u00e4uft reibungslos und ger\u00e4uscharm.<\/li>\n<li>Es verf\u00fcgt \u00fcber einen leistungsstarken Servomotor, der reibungslos und mit hoher Leistung arbeitet.<\/li>\n<li>Der Arm der Zylindergeschwindigkeitsschleuse kann aus 500 mm geh\u00e4rtetem Glas oder aus 800 mm Acryl bestehen.<\/li>\n<li>LED-Leuchten an den Armen sind verf\u00fcgbar, wenn der Acrylarm verwendet wird.<\/li>\n<li>Signal f\u00fcr die \u00d6ffnung der Zylindergeschwindigkeitstore: Trockenkontakt\/Relais<\/li>\n<li>Das Design ist klein und exquisit und wird h\u00e4ufig f\u00fcr Lobbys in B\u00fcrogeb\u00e4uden verwendet.<\/li>\n<li>Das LED-Licht kann dem Arm hinzugef\u00fcgt werden, um den Spurstatus anzuzeigen.<\/li>\n<li>Der bidirektionale Zugriff reduziert den Bedarf an weiteren Gates. Es ist f\u00fcr Rollst\u00fchle und Einkaufskinderwagen geeignet, wodurch die Effizienz des Passierens erh\u00f6ht wird.<\/li>\n<li>Automatische Reset-Funktion. Wenn die Personen nicht innerhalb der voreingestellten Zeit (Standardzeit ist 5 Sekunden) vorbeigekommen sind, hebt das System die Berechtigung des Benutzers auf und schlie\u00dft sich automatisch.<\/li>\n<\/ul>\n<p>Wir k\u00f6nnen die gesamte L\u00f6sung f\u00fcr die Sicherheitskontrolle anbieten. Wenn Sie ein eigenes Zugangskontrollsystem haben, k\u00f6nnen Sie unser Drehkreuz direkt verwenden. Falls Sie noch keine haben, bieten wir auch eine komplette L\u00f6sung f\u00fcr die Zugangskontrolle an. Einzelheiten entnehmen Sie bitte dem unten stehenden Video.<\/p>\n<p><iframe title=\"YouTube-Videoplayer\" src=\"https:\/\/www.youtube.com\/embed\/Z69v4_4BlEA?si=IwoZ07dF4lXe-bmN\" width=\"1150\" height=\"650\" frameborder=\"0\" allowfullscreen=\"allowfullscreen\"><span data-mce-type=\"bookmark\" style=\"display: inline-block; width: 0px; overflow: hidden; line-height: 0;\" class=\"mce_SELRES_start\"><\/span><\/iframe><\/p>\n","protected":false},"excerpt":{"rendered":"<p>1. Gr\u00f6\u00dfe: 168 * 1000 mm (kann angepasst werden)<\/p>\n<p>2. Standard-Spurbreite: 600 mm (kann angepasst werden)<\/p>\n<p>3. Servomotor<\/p>\n<p>4. Stromversorgung: 110 V\/220 V 50\/60 Hz<\/p>\n<p>5. Waffenmaterial: Acryl oder geh\u00e4rtetes Glas<\/p>\n<p>6. Arml\u00e4nge: Acryl-800 mm oder geh\u00e4rtetes Glas-500 mm<\/p>\n<p>7. Antriebsmotor: 24 V<\/p>\n<p>8. Eingangstore mit Drehkreuz Gewicht: 30 kg\/Stk<\/p>\n<p>9. Material des Geh\u00e4uses: 304 rostfreier Stahl<\/p>\n<p><span style=\"color: #0000ff;\"><strong><a style=\"color: #0000ff;\" title=\"Mairs CE-zertifiziertes Drehtor f\u00fcr Fu\u00dfg\u00e4nger\" href=\"http:\/\/mairsturnstile.com\/wp-content\/uploads\/2022\/09\/Mairs-CE-Certificate-MT310.pdf\" target=\"_blank\" rel=\"noopener noreferrer\">CE-zertifiziert,<\/a> <a style=\"color: #0000ff;\" title=\"Mairs ISO9001-Zertifikat\" href=\"http:\/\/mairsturnstile.com\/wp-content\/uploads\/2022\/09\/Mairs-Registration-Certificate-ISO9001.pdf\" target=\"_blank\" rel=\"noopener noreferrer\">ISO9001-zertifiziert.<\/a><\/strong><\/span><\/p>\n<p><a title=\"Fu\u00dfg\u00e4nger-Drehtor mit Servomotor\" href=\"http:\/\/mairsturnstile.com\/wp-content\/uploads\/2023\/12\/MT310-brochure.pdf\" target=\"_blank\" rel=\"noopener noreferrer\" data-wp-editing=\"1\"><img decoding=\"async\" class=\"alignnone size-full wp-image-11034\" src=\"http:\/\/mairsturnstile.com\/wp-content\/uploads\/2022\/09\/pdf-MairsTurnstile.png\" alt=\"\" width=\"32\" height=\"32\"><strong><span style=\"color: #0000ff;\">MT310 Brosch\u00fcre f\u00fcr Fu\u00dfg\u00e4nger-Drehtore mit Servomotor<\/span><\/strong><\/a><\/p>\n","protected":false},"featured_media":58078,"comment_status":"closed","ping_status":"closed","template":"","meta":{"neve_meta_sidebar":"","neve_meta_container":"","neve_meta_enable_content_width":"off","neve_meta_content_width":0,"neve_meta_title_alignment":"","neve_meta_author_avatar":"","neve_post_elements_order":"","neve_meta_disable_header":"","neve_meta_disable_footer":"","neve_meta_disable_title":"","_ti_tpc_template_sync":false,"_ti_tpc_template_id":""},"product_cat":[427,429],"product_tag":[1372,1476,589,443,1517,586,459,3280,3281],"class_list":["post-9285","product","type-product","status-publish","has-post-thumbnail","hentry","product_cat-schwenkbares-drehkreuztor","product_cat-sicherheits-drehkreuze","product_tag-ausgangsdrehkreuz","product_tag-drehkreuz-tor","product_tag-fusganger-flugeltor","product_tag-optisches-drehkreuz","product_tag-optisches-drehkreuztor","product_tag-schwenkbares-drehkreuztor","product_tag-schwenkdrehkreuz","product_tag-zylindergeschwindigkeitsschranken","product_tag-zylindergeschwindigkeitstor"],"_links":{"self":[{"href":"https:\/\/mairsturnstile.com\/de\/wp-json\/wp\/v2\/product\/9285","targetHints":{"allow":["GET"]}}],"collection":[{"href":"https:\/\/mairsturnstile.com\/de\/wp-json\/wp\/v2\/product"}],"about":[{"href":"https:\/\/mairsturnstile.com\/de\/wp-json\/wp\/v2\/types\/product"}],"replies":[{"embeddable":true,"href":"https:\/\/mairsturnstile.com\/de\/wp-json\/wp\/v2\/comments?post=9285"}],"version-history":[{"count":0,"href":"https:\/\/mairsturnstile.com\/de\/wp-json\/wp\/v2\/product\/9285\/revisions"}],"wp:featuredmedia":[{"embeddable":true,"href":"https:\/\/mairsturnstile.com\/de\/wp-json\/wp\/v2\/media\/58078"}],"wp:attachment":[{"href":"https:\/\/mairsturnstile.com\/de\/wp-json\/wp\/v2\/media?parent=9285"}],"wp:term":[{"taxonomy":"product_cat","embeddable":true,"href":"https:\/\/mairsturnstile.com\/de\/wp-json\/wp\/v2\/product_cat?post=9285"},{"taxonomy":"product_tag","embeddable":true,"href":"https:\/\/mairsturnstile.com\/de\/wp-json\/wp\/v2\/product_tag?post=9285"}],"curies":[{"name":"wp","href":"https:\/\/api.w.org\/{rel}","templated":true}]}}