{"id":9287,"date":"2020-09-13T17:11:37","date_gmt":"2020-09-13T09:11:37","guid":{"rendered":"https:\/\/mairsturnstile.com\/product\/schwenk-drehkreuz-mit-kartenleser-mt346"},"modified":"2024-11-01T11:12:08","modified_gmt":"2024-11-01T03:12:08","slug":"drehkreuz-tor-mit-kartenleser-preis","status":"publish","type":"product","link":"https:\/\/mairsturnstile.com\/de\/produkt\/drehkreuz-tor-mit-kartenleser-preis","title":{"rendered":"SCHWENK-DREHKREUZ MIT KARTENLESER MT346"},"content":{"rendered":"        <!-- 3D Model html -->\r\n        <div class=\"bp_grand wrapper_25605\">   \r\n        <div class=\"bp_model_parent\">\r\n            <model-viewer class=\"model\" id=\"bp_model_id_25605\" src=\"http:\/\/mairsturnstile.com\/wp-content\/uploads\/2023\/07\/MT346.glb\" alt=\"MT346\" camera-controls  loading=\"auto\" auto-rotate                        >\r\n            <\/model-viewer>\r\n        \r\n            <!-- Button -->\r\n            <svg id=\"openBtn\" width=\"30px\" height=\"30px\" viewBox=\"0 0 16 16\" xmlns=\"http:\/\/www.w3.org\/2000\/svg\" fill=\"#f2f2f2\" class=\"bi bi-arrows-fullscreen model-icon\">\r\n                <path fill-rule=\"evenodd\" d=\"M5.828 10.172a.5.5 0 0 0-.707 0l-4.096 4.096V11.5a.5.5 0 0 0-1 0v3.975a.5.5 0 0 0 .5.5H4.5a.5.5 0 0 0 0-1H1.732l4.096-4.096a.5.5 0 0 0 0-.707zm4.344 0a.5.5 0 0 1 .707 0l4.096 4.096V11.5a.5.5 0 1 1 1 0v3.975a.5.5 0 0 1-.5.5H11.5a.5.5 0 0 1 0-1h2.768l-4.096-4.096a.5.5 0 0 1 0-.707zm0-4.344a.5.5 0 0 0 .707 0l4.096-4.096V4.5a.5.5 0 1 0 1 0V.525a.5.5 0 0 0-.5-.5H11.5a.5.5 0 0 0 0 1h2.768l-4.096 4.096a.5.5 0 0 0 0 .707zm-4.344 0a.5.5 0 0 1-.707 0L1.025 1.732V4.5a.5.5 0 0 1-1 0V.525a.5.5 0 0 1 .5-.5H4.5a.5.5 0 0 1 0 1H1.732l4.096 4.096a.5.5 0 0 1 0 .707z\"\/>\r\n            <\/svg>\r\n        \r\n            <svg id=\"closeBtn\" class=\"model-icon\" width=\"34px\" height=\"34px\" viewBox=\"0 0 24 24\" xmlns=\"http:\/\/www.w3.org\/2000\/svg\">\r\n                <path fill=\"none\" stroke=\"#f2f2f2\" stroke-width=\"2\" d=\"M7,7 L17,17 M7,17 L17,7\"\/>\r\n            <\/svg>\r\n        \r\n        <\/div>\r\n        <\/div> \r\n\r\n        <!-- Model Viewer Style -->\r\n        <style>\r\n            \r\n            .wrapper_25605 .bp_model_parent, #bp_model_id_25605 {\r\n                width: 1150px;\r\n                max-width: 100%;\r\n                                            }\r\n            #bp_model_id_25605 {\r\n                height:700px;\r\n                background-color: #f9f9f9;\r\n            }\r\n            .fullscreen #bp_model_id_25605{\r\n            height: 100%;\r\n            width: 100%;\r\n            }\r\n            .wrapper_25605 .bp_model_parent{\r\n                justify-content: start            }\r\n            model-viewer.model {\r\n                --poster-color: transparent;\r\n            }\r\n        <\/style>\r\n        \r\n        \n<h4>Das Drehkreuztor mit Kartenleser beinhaltet eine 2-Jahres-Garantie und dauerhafte Wartungs- und Reparaturunterst\u00fctzung.<\/h4>\n<p>Wir k\u00f6nnen OEM- und ODM-Dienstleistungen erbringen. Wir bieten auch biometrische Ger\u00e4te wie IC\/ID-Kartenleser, Fingerabdruckscanner, QR-Code-Scanner, Gesichtserkennungskameras und so weiter.<\/p>\n<p>Das Sicherheitsdrehkreuz-<a href=\"https:\/\/mairsturnstile.com\/swing-turnstile-gate.html\">Drehkreuztor ist<\/a> ein schlankes automatisches Drehkreuz mit Drehkreuz, das mit einem Edelstahlarm ausgestattet ist, der unter missbr\u00e4uchlichen Bedingungen verwendet werden kann. Die Fahrspurbreite kann 1100 mm erreichen, was f\u00fcr die Fahrradzugangskontrolle verwendet werden kann. Der Mechanismus ist ein Anti-Hit-Mechanismus. Wenn jemand auf den Arm schl\u00e4gt, kann er sich manuell an die urspr\u00fcngliche Position zur\u00fcckbewegen. Mairs bietet das beste Drehkreuz mit Kartenleseger\u00e4t zum Preis an.<\/p>\n<p>Wir k\u00f6nnen auch innerhalb weniger Minuten ein Rendering f\u00fcr Sie erstellen, das auf Ihrem aktuellen Szenario basiert. Wir liefern auch detaillierte Layouts und Zeichnungen sowie Installationszeichnungen.<\/p>\n\n        \t\n\t<style type=\"text\/css\">\n\t\t.slider-info-25612.bafg-slider-info .bafg-slider-title {\n\t\t\t\t\t\tfont-size: 22px;\n\t\t\t\t\t\t\n\t\t\t\n\t\t\t\t\t}\n\n\t\t.slider-info-25612.bafg-slider-info .bafg-slider-description {\n\t\t\t\n\t\t\t\n\t\t\t\t\t}\n\n\t\t.slider-info-25612.bafg-slider-info .bafg_slider_readmore_button {\n\t\t\t\n\t\t\t\n\t\t\t\n\t\t\t\n\t\t\t\n\t\t\ttext-align: center;\n\n\t\t\t\n\t\t\t\n\t\t\t\n\t\t\t\n\t\t\t\n\t\t\t\n\t\t\t\t\t}\n\n\t\t.slider-info-25612.bafg-slider-info .bafg_slider_readmore_button:hover {\n\n\t\t\t\n\t\t\t\n\t\t\t\t\t}\n\n\t<\/style>\n\t\n        <div class=\"bafg-twentytwenty-container slider-25612 \" bafg-orientation=\"horizontal\" bafg-default-offset=\"0.5\" bafg-before-label=\"Before\" bafg-after-label=\"After\" bafg-overlay=\"yes\" bafg-move-slider-on-hover=\"yes\" bafg-click-to-move=\"no\">\n              \n            <img decoding=\"async\" class=\"skip-lazy\" src=\"http:\/\/mairsturnstile.com\/wp-content\/uploads\/2023\/07\/turnstile-gate-with-card-reader-price_4.jpg\" alt=\"\" data-skip-lazy title=\"\">\n            <img decoding=\"async\" class=\"skip-lazy\" src=\"http:\/\/mairsturnstile.com\/wp-content\/uploads\/2023\/07\/turnstile-gate-with-card-reader-price_5.jpg\" alt=\"\" data-skip-lazy title=\"\">\n           \n        <\/div>\n\n        \t<div class=\"bafg-slider-info-wraper\">\n\t\t<div style=\"\" class=\"slider-info-25612 bafg-slider-info\">\n\t\t\t\t\t<\/div>\n\t<\/div>\n\t\n        <style type=\"text\/css\">\n            \n        <\/style>\n        \n<ul>\n<li>Das Drehkreuztor mit Kartenleserpreis ist ein Hochgeschwindigkeits-Sicherheitsdrehkreuztor, das normalerweise an Orten mit hohem Verkehrsfluss in zwei Richtungen eingesetzt wird.<\/li>\n<li>Das Geh\u00e4use besteht aus <a href=\"https:\/\/en.wikipedia.org\/wiki\/Stainless_steel\" target=\"_blank\" rel=\"noopener\">Edelstahl<\/a> 304 mit Haarstruktur, der einen nahtlosen und eleganten Zugangspunkt schafft, der zu den meisten Innenumgebungen passt.<\/li>\n<li>Dieses drehbare Drehkreuztor mit Kartenlesepreis ist mit dem internationalen Standard RS485 und Relais ausgestattet, wodurch es weitgehend kompatibel mit der gesamten in der Branche vorhandenen Software und fast allen Zugangskontrollen wie RFID-Systemen, Barcode-Systemen, Gesichtserkennungssystemen, Fingerabdrucksystemen usw. ist.<\/li>\n<li>Unterbrechen Sie im Notfall die Stromversorgung, und das Drehkreuz des B\u00fcros \u00f6ffnet sich automatisch, um einen freien Durchgang zu erm\u00f6glichen, der den Brandschutzanforderungen entspricht. Aber es muss ein Akku dabei sein. Was den Export betrifft, so ist die Batterie empfindlich, wir k\u00f6nnen den Kondensator verwenden, um sie zu ersetzen.<\/li>\n<li>Das B\u00fcrodrehkreuz eignet sich f\u00fcr Luxus- und High-End-Eingangsl\u00f6sungen.<\/li>\n<li>Das gesamte System l\u00e4uft reibungslos, ger\u00e4uscharm und mit hoher Geschwindigkeit.<\/li>\n<li>Bestes Drehkreuztor mit Kartenleserpreis.<\/li>\n<li>Kommunikationsschnittstelle: RS485<\/li>\n<li>Alarmfunktion, wenn ein illegales Eindringen oder ein umgekehrtes Eindringen vorliegt, alarmiert das Tor und die T\u00fcr wird verriegelt.<\/li>\n<li>Es gibt insgesamt 5 Paare von Infrarotsensoren. Die mittleren Sensoren sollen verhindern, dass Fu\u00dfg\u00e4nger eingeklemmt werden.<\/li>\n<li>Anti-Tailing-Funktion, eine Person kann gleichzeitig passieren. Wenn jemand den Vorderleuten hinterherl\u00e4uft, alarmiert das Drehkreuztor<\/li>\n<li>LED-Anzeige. Rotes Kreuz und gr\u00fcner Pfeil. Es gibt auch LED-Anzeigen am vorderen Pfosten. Das LED-Licht kann den Armen hinzugef\u00fcgt werden.<\/li>\n<li>Der bidirektionale Zugriff reduziert den Bedarf an weiteren Gates. Es ist f\u00fcr Rollst\u00fchle und Einkaufskinderwagen geeignet, wodurch die Effizienz des Passierens erh\u00f6ht wird.<\/li>\n<li>Automatische Reset-Funktion. Wenn die Personen innerhalb der voreingestellten Zeit (die Standardzeit ist 5 Sekunden) vorbeigegangen sind, hebt das System die Berechtigung des Benutzers auf und schlie\u00dft sich automatisch<\/li>\n<li>Anti-Bump, Anti-Clamp, Die Tore sind b\u00fcrstenlos. Wenn w\u00e4hrend des Betriebs jemand auf den Arm schl\u00e4gt, wird das Tor automatisch zur\u00fcckgesetzt. Diese Funktion verhindert effektiv, dass Fu\u00dfg\u00e4nger, insbesondere Kinder, ansto\u00dfen, klemmen, aufschlagen usw. Erschwingliches Drehkreuztor mit Kartenleserpreis, um Ihre Kosten zu sparen.<\/li>\n<\/ul>\n<p>Wir k\u00f6nnen die gesamte L\u00f6sung f\u00fcr die Sicherheitskontrolle anbieten. Wenn Sie ein eigenes Zugangskontrollsystem haben, k\u00f6nnen Sie unser Drehkreuz direkt verwenden. Falls Sie noch keine haben, bieten wir auch eine komplette L\u00f6sung f\u00fcr die Zugangskontrolle an. Einzelheiten entnehmen Sie bitte dem unten stehenden Video.<\/p>\n<p><iframe title=\"Optisches Drehkreuz, Drehkreuz, Drehkreuz - MairsTurnstile\" src=\"https:\/\/www.youtube.com\/embed\/hdoBSoM85u4\" width=\"1150\" height=\"650\" frameborder=\"0\" allowfullscreen=\"allowfullscreen\"><\/iframe><\/p>\n","protected":false},"excerpt":{"rendered":"<p>1. Gr\u00f6\u00dfe: 1400*180*1000 mm (kann angepasst werden)<\/p>\n<p>2. Spurbreite: 600 mm (Standard) 900 mm (behindert)<\/p>\n<p>3. Armmaterial: Edelstahl 304<\/p>\n<p>4. Durchgangsgeschwindigkeit: 40 Personen\/min<\/p>\n<p>5. Stromversorgung: 110 V\/220 V 50\/60 Hz<\/p>\n<p>6. B\u00fcrstenloser Motor: 40 W<\/p>\n<p>7. Tor-offen-Signal: Potentialfreier Kontakt\/Relais<\/p>\n<p>8. B\u00fcrodrehkreuz Antriebsmotor: 24 V<\/p>\n<p>9. Maximale Bahnbreite: 1600 mm<\/p>\n<p><strong><a title=\"Mairs CE-zertifiziertes Drehkreuztor mit Drehkreuz\" href=\"http:\/\/mairsturnstile.com\/wp-content\/uploads\/2022\/09\/Mairs-CE-Certificate-Swing-Turnstile-Gate.pdf\" target=\"_blank\" rel=\"noopener noreferrer\">CE-zertifiziert,<\/a> <a title=\"Mairs ISO9001-Zertifikat\" href=\"http:\/\/mairsturnstile.com\/wp-content\/uploads\/2022\/09\/Mairs-Registration-Certificate-ISO9001.pdf\" target=\"_blank\" rel=\"noopener noreferrer\">ISO9001-zertifiziert.<\/a><\/strong><\/p>\n<p><a title=\"Optische Drehkreuz-Brosch\u00fcre\" href=\"http:\/\/mairsturnstile.com\/wp-content\/uploads\/2023\/12\/MT346-brochure.pdf\" target=\"_blank\" rel=\"noopener noreferrer\"><img decoding=\"async\" class=\"alignnone size-full wp-image-11034\" src=\"http:\/\/mairsturnstile.com\/wp-content\/uploads\/2022\/09\/pdf-MairsTurnstile.png\" alt=\"\" width=\"32\" height=\"32\"><span style=\"color: #0000ff;\"><strong>MT346 Optische Schwenkt\u00fcr-Brosch\u00fcre<\/strong><\/span><\/a><\/p>\n","protected":false},"featured_media":25500,"comment_status":"closed","ping_status":"closed","template":"","meta":{"neve_meta_sidebar":"","neve_meta_container":"","neve_meta_enable_content_width":"off","neve_meta_content_width":0,"neve_meta_title_alignment":"","neve_meta_author_avatar":"","neve_post_elements_order":"","neve_meta_disable_header":"","neve_meta_disable_footer":"","neve_meta_disable_title":"","_ti_tpc_template_sync":false,"_ti_tpc_template_id":""},"product_cat":[427,429],"product_tag":[1372,592,593,586,459],"class_list":["post-9287","product","type-product","status-publish","has-post-thumbnail","hentry","product_cat-schwenkbares-drehkreuztor","product_cat-sicherheits-drehkreuze","product_tag-ausgangsdrehkreuz","product_tag-drehkreuztor-mit-kartenleser","product_tag-drehkreuztor-mit-kartenleserpreis","product_tag-schwenkbares-drehkreuztor","product_tag-schwenkdrehkreuz"],"_links":{"self":[{"href":"https:\/\/mairsturnstile.com\/de\/wp-json\/wp\/v2\/product\/9287","targetHints":{"allow":["GET"]}}],"collection":[{"href":"https:\/\/mairsturnstile.com\/de\/wp-json\/wp\/v2\/product"}],"about":[{"href":"https:\/\/mairsturnstile.com\/de\/wp-json\/wp\/v2\/types\/product"}],"replies":[{"embeddable":true,"href":"https:\/\/mairsturnstile.com\/de\/wp-json\/wp\/v2\/comments?post=9287"}],"version-history":[{"count":0,"href":"https:\/\/mairsturnstile.com\/de\/wp-json\/wp\/v2\/product\/9287\/revisions"}],"wp:featuredmedia":[{"embeddable":true,"href":"https:\/\/mairsturnstile.com\/de\/wp-json\/wp\/v2\/media\/25500"}],"wp:attachment":[{"href":"https:\/\/mairsturnstile.com\/de\/wp-json\/wp\/v2\/media?parent=9287"}],"wp:term":[{"taxonomy":"product_cat","embeddable":true,"href":"https:\/\/mairsturnstile.com\/de\/wp-json\/wp\/v2\/product_cat?post=9287"},{"taxonomy":"product_tag","embeddable":true,"href":"https:\/\/mairsturnstile.com\/de\/wp-json\/wp\/v2\/product_tag?post=9287"}],"curies":[{"name":"wp","href":"https:\/\/api.w.org\/{rel}","templated":true}]}}