{"id":9290,"date":"2020-09-13T17:05:10","date_gmt":"2020-09-13T09:05:10","guid":{"rendered":"https:\/\/mairsturnstile.com\/product\/fastlane-speed-gates-schwenkdrehkreuz-mt355"},"modified":"2023-11-23T15:04:04","modified_gmt":"2023-11-23T07:04:04","slug":"drehkreuz-lieferant-in-malaysia","status":"publish","type":"product","link":"https:\/\/mairsturnstile.com\/de\/produkt\/drehkreuz-lieferant-in-malaysia","title":{"rendered":"fastlane speed Drehkreuztor MT368"},"content":{"rendered":"        <!-- 3D Model html -->\r\n        <div class=\"bp_grand wrapper_24277\">   \r\n        <div class=\"bp_model_parent\">\r\n            <model-viewer class=\"model\" id=\"bp_model_id_24277\" src=\"http:\/\/mairsturnstile.com\/wp-content\/uploads\/2023\/06\/MT368.glb\" alt=\"MT368\" camera-controls  loading=\"auto\" auto-rotate                        >\r\n            <\/model-viewer>\r\n        \r\n            <!-- Button -->\r\n            <svg id=\"openBtn\" width=\"30px\" height=\"30px\" viewBox=\"0 0 16 16\" xmlns=\"http:\/\/www.w3.org\/2000\/svg\" fill=\"#f2f2f2\" class=\"bi bi-arrows-fullscreen model-icon\">\r\n                <path fill-rule=\"evenodd\" d=\"M5.828 10.172a.5.5 0 0 0-.707 0l-4.096 4.096V11.5a.5.5 0 0 0-1 0v3.975a.5.5 0 0 0 .5.5H4.5a.5.5 0 0 0 0-1H1.732l4.096-4.096a.5.5 0 0 0 0-.707zm4.344 0a.5.5 0 0 1 .707 0l4.096 4.096V11.5a.5.5 0 1 1 1 0v3.975a.5.5 0 0 1-.5.5H11.5a.5.5 0 0 1 0-1h2.768l-4.096-4.096a.5.5 0 0 1 0-.707zm0-4.344a.5.5 0 0 0 .707 0l4.096-4.096V4.5a.5.5 0 1 0 1 0V.525a.5.5 0 0 0-.5-.5H11.5a.5.5 0 0 0 0 1h2.768l-4.096 4.096a.5.5 0 0 0 0 .707zm-4.344 0a.5.5 0 0 1-.707 0L1.025 1.732V4.5a.5.5 0 0 1-1 0V.525a.5.5 0 0 1 .5-.5H4.5a.5.5 0 0 1 0 1H1.732l4.096 4.096a.5.5 0 0 1 0 .707z\"\/>\r\n            <\/svg>\r\n        \r\n            <svg id=\"closeBtn\" class=\"model-icon\" width=\"34px\" height=\"34px\" viewBox=\"0 0 24 24\" xmlns=\"http:\/\/www.w3.org\/2000\/svg\">\r\n                <path fill=\"none\" stroke=\"#f2f2f2\" stroke-width=\"2\" d=\"M7,7 L17,17 M7,17 L17,7\"\/>\r\n            <\/svg>\r\n        \r\n        <\/div>\r\n        <\/div> \r\n\r\n        <!-- Model Viewer Style -->\r\n        <style>\r\n            \r\n            .wrapper_24277 .bp_model_parent, #bp_model_id_24277 {\r\n                width: 1150px;\r\n                max-width: 100%;\r\n                                            }\r\n            #bp_model_id_24277 {\r\n                height:700px;\r\n                background-color: #f2f2f2;\r\n            }\r\n            .fullscreen #bp_model_id_24277{\r\n            height: 100%;\r\n            width: 100%;\r\n            }\r\n            .wrapper_24277 .bp_model_parent{\r\n                justify-content: start            }\r\n            model-viewer.model {\r\n                --poster-color: transparent;\r\n            }\r\n        <\/style>\r\n        \r\n        \n<h4>DREHKREUZLIEFERANT IN MALAYSIA ANGEBOT Drehkreuze von FASTLANE bieten eine 2-j\u00e4hrige Garantie und dauerhafte Wartungs- und Reparaturunterst\u00fctzung.<\/h4>\n<p>Wir k\u00f6nnen OEM- und ODM-Dienstleistungen erbringen. Wir haben erfahrene Designer, die eine tiefgreifende Anpassung an Ihre Bed\u00fcrfnisse vornehmen k\u00f6nnen. Wir werden so bald wie m\u00f6glich eine Reihe von Materialien wie 3D-Renderings, Ma\u00dfzeichnungen usw. zur Verf\u00fcgung stellen. Wir bieten auch biometrische Ger\u00e4te wie IC\/ID-Kartenleser, Fingerabdruckscanner, QR-Code-Scanner, Gesichtserkennungskameras und so weiter. Wenn Sie diese Ger\u00e4te in das Drehkreuz in voller H\u00f6he integrieren m\u00fcssen oder Fragen haben, <a href=\"https:\/\/mairsturnstile.com\/contact\">kontaktieren Sie uns<\/a> bitte<\/p>\n<h4><strong><b>Taillenh\u00f6he Fastlane Turnstile Automatisches Swing Barrier Gate RFID-System Biometrisch vom Turnstile-Lieferanten in Malaysia.<\/b><\/strong><\/h4>\n<p>fastlane Drehkreuztor von Drehkreuzlieferant in Malaysia ist ein intelligentes Zugangskontrollsicherheitssystem. Es kann in jede Art von Zugangskontrollsystem wie Gesichtsfingerabdruckerkennung, RFID-Systeme, Fingerabdr\u00fccke, <a href=\"https:\/\/en.wikipedia.org\/wiki\/QR_code\" target=\"_blank\" rel=\"noopener\">QR-Code<\/a> usw. integriert werden.<\/p>\n<p>Der Hochgeschwindigkeitsmechanismus und das elegante Erscheinungsbild machen es zur idealen Wahl f\u00fcr ein B\u00fcrogeb\u00e4ude, eine Universit\u00e4t, einen Vergn\u00fcgungspark usw. Ein <a href=\"https:\/\/mairsturnstile.com\/category\/swing-turnstile-gate\">Drehkreuztor mit Drehkreuz<\/a> ist ein hocheffizientes Drehkreuztor, das problemlos mit hohem Volumen und missbr\u00e4uchlichen Bedingungen umgehen kann.<\/p>\n<p>Wir k\u00f6nnen auch innerhalb weniger Minuten ein Rendering f\u00fcr Sie erstellen, das auf Ihrem aktuellen Szenario basiert. Wir liefern auch detaillierte Layouts und Zeichnungen sowie Installationszeichnungen.<\/p>\n\n        \t\n\t<style type=\"text\/css\">\n\t\t.slider-info-24289.bafg-slider-info .bafg-slider-title {\n\t\t\t\t\t\tfont-size: 22px;\n\t\t\t\t\t\t\n\t\t\t\n\t\t\t\t\t}\n\n\t\t.slider-info-24289.bafg-slider-info .bafg-slider-description {\n\t\t\t\n\t\t\t\n\t\t\t\t\t}\n\n\t\t.slider-info-24289.bafg-slider-info .bafg_slider_readmore_button {\n\t\t\t\n\t\t\t\n\t\t\t\n\t\t\t\n\t\t\t\n\t\t\ttext-align: center;\n\n\t\t\t\n\t\t\t\n\t\t\t\n\t\t\t\n\t\t\t\n\t\t\t\n\t\t\t\t\t}\n\n\t\t.slider-info-24289.bafg-slider-info .bafg_slider_readmore_button:hover {\n\n\t\t\t\n\t\t\t\n\t\t\t\t\t}\n\n\t<\/style>\n\t\n        <div class=\"bafg-twentytwenty-container slider-24289 \" bafg-orientation=\"horizontal\" bafg-default-offset=\"0.5\" bafg-before-label=\"Before\" bafg-after-label=\"After\" bafg-overlay=\"yes\" bafg-move-slider-on-hover=\"yes\" bafg-click-to-move=\"no\">\n              \n            <img decoding=\"async\" class=\"skip-lazy\" src=\"http:\/\/mairsturnstile.com\/wp-content\/uploads\/2023\/06\/turnstile-supplier-in-malaysia_4.jpg\" alt=\"\" data-skip-lazy title=\"\">\n            <img decoding=\"async\" class=\"skip-lazy\" src=\"http:\/\/mairsturnstile.com\/wp-content\/uploads\/2023\/06\/turnstile-supplier-in-malaysia_5.jpg\" alt=\"\" data-skip-lazy title=\"\">\n           \n        <\/div>\n\n        \t<div class=\"bafg-slider-info-wraper\">\n\t\t<div style=\"\" class=\"slider-info-24289 bafg-slider-info\">\n\t\t\t\t\t<\/div>\n\t<\/div>\n\t\n        <style type=\"text\/css\">\n            \n        <\/style>\n        \n<ul>\n<li>Unterbrechen Sie im Notfall die Stromversorgung, die Fastlane-Drehkreuze \u00f6ffnen sich automatisch, um freien Durchgang zu erm\u00f6glichen, was den Brandschutzanforderungen entspricht. Aber es muss ein Akku dabei sein. Da beim Export die Batterie empfindlich ist, k\u00f6nnen wir den Kondensator ersetzen<\/li>\n<li>Optische Drehkreuze eignen sich f\u00fcr Luxus- und High-End-Eingangsl\u00f6sungen.<\/li>\n<li>Das gesamte System l\u00e4uft reibungslos, ger\u00e4uscharm und mit hoher Geschwindigkeit.<\/li>\n<li>Anbieter von Drehkreuzen in Malaysia bietet den besten Preis f\u00fcr Drehkreuze.<\/li>\n<li>LED-Leuchten an den Armen sind verf\u00fcgbar<\/li>\n<li>Ros\u00e9gold pulverbeschichtet ist erh\u00e4ltlich<\/li>\n<li>Alarmfunktion, wenn ein illegales Eindringen oder ein umgekehrtes Eindringen vorliegt, alarmiert das Tor und die T\u00fcr wird verriegelt.<\/li>\n<li>Es gibt insgesamt 6 Paare von Infrarotsensoren. Der mittlere Sensor soll verhindern, dass Fu\u00dfg\u00e4nger eingeklemmt werden.<\/li>\n<li>Professioneller Anbieter von Drehkreuzen in Malaysia.<\/li>\n<li>Anti-Tailing-Funktion, eine Person kann gleichzeitig passieren. Wenn jemand den Vorderleuten hinterherl\u00e4uft, schl\u00e4gt das Tor Alarm<\/li>\n<li>LED-Anzeige. Rotes Kreuz und gr\u00fcner Pfeil. Es gibt auch LED-Anzeigen am vorderen Pfosten. Das LED-Licht kann den Armen hinzugef\u00fcgt werden.<\/li>\n<li>Der bidirektionale Zugriff reduziert den Bedarf an weiteren Gates. Es ist rollstuhlgerecht, Einkaufskinderwagen erh\u00f6ht die \u00dcberholeffizienz.<\/li>\n<li>Automatische Reset-Funktion. Wenn die Personen nicht innerhalb der voreingestellten Zeit (Standardzeit ist 5 Sekunden) vorbeigekommen sind, wird das System die Berechtigung des Benutzers aufheben und automatisch schlie\u00dfen<\/li>\n<li>Anti-Bump, Anti-Clamp, Die Tore sind mit einem b\u00fcrstenlosen Motor ausgestattet. Wenn w\u00e4hrend des Betriebs jemand auf den Arm schl\u00e4gt, wird das Tor automatisch zur\u00fcckgesetzt. Diese Funktion verhindert effektiv, dass Fu\u00dfg\u00e4nger, insbesondere Kinder, ansto\u00dfen, klemmen, aufschlagen usw.<\/li>\n<\/ul>\n<p>Wir k\u00f6nnen die gesamte L\u00f6sung f\u00fcr die Sicherheitskontrolle anbieten. Wenn Sie ein eigenes Zugangskontrollsystem haben, k\u00f6nnen Sie unser Drehkreuz direkt verwenden. Falls Sie noch keine haben, bieten wir auch eine komplette L\u00f6sung f\u00fcr die Zugangskontrolle an. Einzelheiten entnehmen Sie bitte dem unten stehenden Video.<\/p>\n<p><iframe title=\"YouTube-Videoplayer\" src=\"https:\/\/www.youtube.com\/embed\/zk0nMM7Qcd8?si=uuCPuuZifBEnZhDj\" width=\"1150\" height=\"650\" frameborder=\"0\" allowfullscreen=\"allowfullscreen\"><span data-mce-type=\"bookmark\" style=\"display: inline-block; width: 0px; overflow: hidden; line-height: 0;\" class=\"mce_SELRES_start\"><\/span><\/iframe><\/p>\n","protected":false},"excerpt":{"rendered":"<p>1. Gr\u00f6\u00dfe: 1400 * 150 * 980 mm (kann angepasst werden)<\/p>\n<p>2. Spurbreite: 600 mm (Standard) 900 mm (behindert)<\/p>\n<p>3. Material Arm: Geh\u00e4rtetes Glas<\/p>\n<p>4. Durchgangsgeschwindigkeit: 40 Personen\/min<\/p>\n<p>5. Stromversorgung: 110 V\/220 V 50\/60 Hz<\/p>\n<p>6. B\u00fcrstenloser Motor: 40 W<\/p>\n<p>7. Tor-offen-Signal: Potentialfreier Kontakt\/Relais<\/p>\n<p>8. Fastlane-Drehkreuze Antriebsmotor: 24 V<\/p>\n<p>9. Material des Geh\u00e4uses: 304 rostfreier Stahl<\/p>\n<p><strong><a title=\"Mairs CE-zertifiziertes Drehkreuztor mit Drehkreuz\" href=\"http:\/\/mairsturnstile.com\/wp-content\/uploads\/2022\/09\/Mairs-CE-Certificate-Swing-Turnstile-Gate.pdf\" target=\"_blank\" rel=\"noopener noreferrer\">CE-zertifiziert,<\/a> <a title=\"Mairs ISO9001-Zertifikat\" href=\"http:\/\/mairsturnstile.com\/wp-content\/uploads\/2022\/09\/Mairs-Registration-Certificate-ISO9001.pdf\" target=\"_blank\" rel=\"noopener noreferrer\">ISO9001-zertifiziert.<\/a><\/strong><\/p>\n","protected":false},"featured_media":59668,"comment_status":"closed","ping_status":"closed","template":"","meta":{"neve_meta_sidebar":"","neve_meta_container":"","neve_meta_enable_content_width":"off","neve_meta_content_width":0,"neve_meta_title_alignment":"","neve_meta_author_avatar":"","neve_post_elements_order":"","neve_meta_disable_header":"","neve_meta_disable_footer":"","neve_meta_disable_title":"","_ti_tpc_template_sync":false,"_ti_tpc_template_id":""},"product_cat":[428,429],"product_tag":[1490,600,1496,459,1495],"class_list":["post-9290","product","type-product","status-publish","has-post-thumbnail","hentry","product_cat-geschwindigkeitstore-2","product_cat-sicherheits-drehkreuze","product_tag-drehkreuze-bauen","product_tag-drehkreuzlieferant-in-malaysia","product_tag-fastlane-drehkreuz","product_tag-schwenkdrehkreuz","product_tag-speed-gate-drehkreuz"],"_links":{"self":[{"href":"https:\/\/mairsturnstile.com\/de\/wp-json\/wp\/v2\/product\/9290","targetHints":{"allow":["GET"]}}],"collection":[{"href":"https:\/\/mairsturnstile.com\/de\/wp-json\/wp\/v2\/product"}],"about":[{"href":"https:\/\/mairsturnstile.com\/de\/wp-json\/wp\/v2\/types\/product"}],"replies":[{"embeddable":true,"href":"https:\/\/mairsturnstile.com\/de\/wp-json\/wp\/v2\/comments?post=9290"}],"version-history":[{"count":0,"href":"https:\/\/mairsturnstile.com\/de\/wp-json\/wp\/v2\/product\/9290\/revisions"}],"wp:featuredmedia":[{"embeddable":true,"href":"https:\/\/mairsturnstile.com\/de\/wp-json\/wp\/v2\/media\/59668"}],"wp:attachment":[{"href":"https:\/\/mairsturnstile.com\/de\/wp-json\/wp\/v2\/media?parent=9290"}],"wp:term":[{"taxonomy":"product_cat","embeddable":true,"href":"https:\/\/mairsturnstile.com\/de\/wp-json\/wp\/v2\/product_cat?post=9290"},{"taxonomy":"product_tag","embeddable":true,"href":"https:\/\/mairsturnstile.com\/de\/wp-json\/wp\/v2\/product_tag?post=9290"}],"curies":[{"name":"wp","href":"https:\/\/api.w.org\/{rel}","templated":true}]}}